{"id":59989,"date":"2026-03-20T13:24:44","date_gmt":"2026-03-20T12:24:44","guid":{"rendered":"https:\/\/saintbody.com\/?post_type=product&#038;p=59989"},"modified":"2026-04-30T12:32:45","modified_gmt":"2026-04-30T10:32:45","slug":"welniane-szorty-z-zamkiem-czarne","status":"publish","type":"product","link":"https:\/\/saintbody.com\/ukr\/welniane-szorty-z-zamkiem-czarne\/","title":{"rendered":"We\u0142niane szorty z zamkiem czarne"},"content":{"rendered":"<p>&nbsp;<\/p>\n<p>\u0422\u0430\u043a\u043e\u0436 \u043e\u0437\u043d\u0430\u0439\u043e\u043c\u0442\u0435\u0441\u044f \u0437 \u043d\u0430\u0448\u0438\u043c\u0438 \u0431\u0435\u0441\u0442\u0441\u0435\u043b\u0435\u0440\u0430\u043c\u0438 -\u00a0<a href=\"https:\/\/saintbody.com\/ukr\/kategoria\/spodnie\/\">\u0448\u0442\u0430\u043d\u0438<\/a> !<br \/>\n\u0417\u0430\u0432\u0456\u0442\u0430\u0439\u0442\u0435 \u043d\u0430 \u043d\u0430\u0448 <a href=\"https:\/\/www.instagram.com\/saintbodyofficial\/\">\u0456\u043d\u0441\u0442\u0430\u0433\u0440\u0430\u043c<\/a>.<\/p>","protected":false},"excerpt":{"rendered":"<p>We\u0142niane szorty o klasycznym kroju to elegancka i ponadczasowa propozycja do wielu stylizacji. Wykonane w 100% z naturalnej we\u0142ny, zapewniaj\u0105 przewiewno\u015b\u0107, oraz wysok\u0105 trwa\u0142o\u015b\u0107 materia\u0142u. Wyposa\u017cone w zapi\u0119cie na zamek z przodu oraz praktyczne kieszenie, \u0142\u0105cz\u0105 funkcjonalno\u015b\u0107 z minimalistycznym designem. Starannie skrojone, gwarantuj\u0105 wygod\u0119 noszenia i \u015bwietne dopasowanie. Idealne zar\u00f3wno do codziennych stylizacji, jak i bardziej eleganckich look\u00f3w.<\/p>","protected":false},"featured_media":60340,"template":"","meta":[],"product_brand":[],"product_cat":[186,35,20],"product_tag":[46,36],"class_list":{"0":"post-59989","1":"product","2":"type-product","3":"status-publish","4":"has-post-thumbnail","6":"product_cat-newin","7":"product_cat-spodnie","8":"product_cat-wszystko","9":"product_tag-spodnice","10":"product_tag-spodnie","12":"first","13":"instock","14":"taxable","15":"shipping-taxable","16":"purchasable","17":"product-type-variable","18":"has-default-attributes"},"yoast_head":"<!-- This site is optimized with the Yoast SEO plugin v27.0 - https:\/\/yoast.com\/product\/yoast-seo-wordpress\/ -->\n<title>We\u0142niane szorty z zamkiem czarne - Sklep SAINTBODY<\/title>\n<meta name=\"description\" content=\"We\u0142niana sp\u00f3dniczka mini w kolorze szarym. Wykonana w 100% z we\u0142ny najwy\u017cszej jako\u015bci na podszewce wiskozowej.\" \/>\n<meta name=\"robots\" content=\"index, follow, max-snippet:-1, max-image-preview:large, max-video-preview:-1\" \/>\n<link rel=\"canonical\" href=\"https:\/\/saintbody.com\/ukr\/welniane-szorty-z-zamkiem-czarne\/\" \/>\n<meta property=\"og:locale\" content=\"uk_UA\" \/>\n<meta property=\"og:type\" content=\"article\" \/>\n<meta property=\"og:title\" content=\"We\u0142niane szorty z zamkiem czarne - Sklep SAINTBODY\" \/>\n<meta property=\"og:description\" content=\"We\u0142niana sp\u00f3dniczka mini w kolorze szarym. Wykonana w 100% z we\u0142ny najwy\u017cszej jako\u015bci na podszewce wiskozowej.\" \/>\n<meta property=\"og:url\" content=\"https:\/\/saintbody.com\/ukr\/welniane-szorty-z-zamkiem-czarne\/\" \/>\n<meta property=\"og:site_name\" content=\"Sklep SAINTBODY\" \/>\n<meta property=\"article:publisher\" content=\"https:\/\/facebook.com\/saintbody\/\" \/>\n<meta property=\"article:modified_time\" content=\"2026-04-30T10:32:45+00:00\" \/>\n<meta property=\"og:image\" content=\"https:\/\/saintbody.com\/wp-content\/uploads\/2026\/03\/SKU708-Agata-Studio-e1777545155815.jpeg\" \/>\n\t<meta property=\"og:image:width\" content=\"1062\" \/>\n\t<meta property=\"og:image:height\" content=\"1720\" \/>\n\t<meta property=\"og:image:type\" content=\"image\/jpeg\" \/>\n<meta name=\"twitter:card\" content=\"summary_large_image\" \/>\n<meta name=\"twitter:label1\" content=\"\u041f\u0440\u0438\u0431\u043b. \u0447\u0430\u0441 \u0447\u0438\u0442\u0430\u043d\u043d\u044f\" \/>\n\t<meta name=\"twitter:data1\" content=\"1 \u0445\u0432\u0438\u043b\u0438\u043d\u0430\" \/>\n<script type=\"application\/ld+json\" class=\"yoast-schema-graph\">{\"@context\":\"https:\/\/schema.org\",\"@graph\":[{\"@type\":\"WebPage\",\"@id\":\"https:\/\/saintbody.com\/welniane-szorty-z-zamkiem-czarne\/\",\"url\":\"https:\/\/saintbody.com\/welniane-szorty-z-zamkiem-czarne\/\",\"name\":\"We\u0142niane szorty z zamkiem czarne - Sklep SAINTBODY\",\"isPartOf\":{\"@id\":\"https:\/\/saintbody.com\/#website\"},\"primaryImageOfPage\":{\"@id\":\"https:\/\/saintbody.com\/welniane-szorty-z-zamkiem-czarne\/#primaryimage\"},\"image\":{\"@id\":\"https:\/\/saintbody.com\/welniane-szorty-z-zamkiem-czarne\/#primaryimage\"},\"thumbnailUrl\":\"https:\/\/saintbody.com\/wp-content\/uploads\/2026\/03\/SKU708-Agata-Studio-e1777545155815.jpeg\",\"datePublished\":\"2026-03-20T12:24:44+00:00\",\"dateModified\":\"2026-04-30T10:32:45+00:00\",\"description\":\"We\u0142niana sp\u00f3dniczka mini w kolorze szarym. Wykonana w 100% z we\u0142ny najwy\u017cszej jako\u015bci na podszewce wiskozowej.\",\"breadcrumb\":{\"@id\":\"https:\/\/saintbody.com\/welniane-szorty-z-zamkiem-czarne\/#breadcrumb\"},\"inLanguage\":\"uk\",\"potentialAction\":[{\"@type\":\"ReadAction\",\"target\":[\"https:\/\/saintbody.com\/welniane-szorty-z-zamkiem-czarne\/\"]}]},{\"@type\":\"ImageObject\",\"inLanguage\":\"uk\",\"@id\":\"https:\/\/saintbody.com\/welniane-szorty-z-zamkiem-czarne\/#primaryimage\",\"url\":\"https:\/\/saintbody.com\/wp-content\/uploads\/2026\/03\/SKU708-Agata-Studio-e1777545155815.jpeg\",\"contentUrl\":\"https:\/\/saintbody.com\/wp-content\/uploads\/2026\/03\/SKU708-Agata-Studio-e1777545155815.jpeg\",\"width\":1062,\"height\":1720},{\"@type\":\"BreadcrumbList\",\"@id\":\"https:\/\/saintbody.com\/welniane-szorty-z-zamkiem-czarne\/#breadcrumb\",\"itemListElement\":[{\"@type\":\"ListItem\",\"position\":1,\"name\":\"Strona g\u0142\u00f3wna\",\"item\":\"https:\/\/saintbody.com\/\"},{\"@type\":\"ListItem\",\"position\":2,\"name\":\"Sklep\",\"item\":\"https:\/\/saintbody.com\/sklep\/\"},{\"@type\":\"ListItem\",\"position\":3,\"name\":\"We\u0142niane szorty z zamkiem czarne\"}]},{\"@type\":\"WebSite\",\"@id\":\"https:\/\/saintbody.com\/#website\",\"url\":\"https:\/\/saintbody.com\/\",\"name\":\"Sklep SAINTBODY\",\"description\":\"Premium basic na ka\u00c5\u00bcd\u00c4\u2026 okazje. Ponadczasowe Body, Odzie\u00c5\u00bc damska, Sukienki Damskie\",\"publisher\":{\"@id\":\"https:\/\/saintbody.com\/#organization\"},\"potentialAction\":[{\"@type\":\"SearchAction\",\"target\":{\"@type\":\"EntryPoint\",\"urlTemplate\":\"https:\/\/saintbody.com\/?s={search_term_string}\"},\"query-input\":{\"@type\":\"PropertyValueSpecification\",\"valueRequired\":true,\"valueName\":\"search_term_string\"}}],\"inLanguage\":\"uk\"},{\"@type\":\"Organization\",\"@id\":\"https:\/\/saintbody.com\/#organization\",\"name\":\"Sklep Saint Body\",\"url\":\"https:\/\/saintbody.com\/\",\"logo\":{\"@type\":\"ImageObject\",\"inLanguage\":\"uk\",\"@id\":\"https:\/\/saintbody.com\/#\/schema\/logo\/image\/\",\"url\":\"https:\/\/saintbody.com\/wp-content\/uploads\/2023\/04\/SaintBody_Logo_Typografia-e1691418926919.png\",\"contentUrl\":\"https:\/\/saintbody.com\/wp-content\/uploads\/2023\/04\/SaintBody_Logo_Typografia-e1691418926919.png\",\"width\":1000,\"height\":202,\"caption\":\"Sklep Saint Body\"},\"image\":{\"@id\":\"https:\/\/saintbody.com\/#\/schema\/logo\/image\/\"},\"sameAs\":[\"https:\/\/facebook.com\/saintbody\/\"]}]}<\/script>\n<!-- \/ Yoast SEO plugin. -->","yoast_head_json":{"title":"We\u0142niane szorty z zamkiem czarne - Sklep SAINTBODY","description":"We\u0142niana sp\u00f3dniczka mini w kolorze szarym. Wykonana w 100% z we\u0142ny najwy\u017cszej jako\u015bci na podszewce wiskozowej.","robots":{"index":"index","follow":"follow","max-snippet":"max-snippet:-1","max-image-preview":"max-image-preview:large","max-video-preview":"max-video-preview:-1"},"canonical":"https:\/\/saintbody.com\/ukr\/welniane-szorty-z-zamkiem-czarne\/","og_locale":"uk_UA","og_type":"article","og_title":"We\u0142niane szorty z zamkiem czarne - Sklep SAINTBODY","og_description":"We\u0142niana sp\u00f3dniczka mini w kolorze szarym. Wykonana w 100% z we\u0142ny najwy\u017cszej jako\u015bci na podszewce wiskozowej.","og_url":"https:\/\/saintbody.com\/ukr\/welniane-szorty-z-zamkiem-czarne\/","og_site_name":"Sklep SAINTBODY","article_publisher":"https:\/\/facebook.com\/saintbody\/","article_modified_time":"2026-04-30T10:32:45+00:00","og_image":[{"width":1062,"height":1720,"url":"https:\/\/saintbody.com\/wp-content\/uploads\/2026\/03\/SKU708-Agata-Studio-e1777545155815.jpeg","type":"image\/jpeg"}],"twitter_card":"summary_large_image","twitter_misc":{"\u041f\u0440\u0438\u0431\u043b. \u0447\u0430\u0441 \u0447\u0438\u0442\u0430\u043d\u043d\u044f":"1 \u0445\u0432\u0438\u043b\u0438\u043d\u0430"},"schema":{"@context":"https:\/\/schema.org","@graph":[{"@type":"WebPage","@id":"https:\/\/saintbody.com\/welniane-szorty-z-zamkiem-czarne\/","url":"https:\/\/saintbody.com\/welniane-szorty-z-zamkiem-czarne\/","name":"We\u0142niane szorty z zamkiem czarne - Sklep SAINTBODY","isPartOf":{"@id":"https:\/\/saintbody.com\/#website"},"primaryImageOfPage":{"@id":"https:\/\/saintbody.com\/welniane-szorty-z-zamkiem-czarne\/#primaryimage"},"image":{"@id":"https:\/\/saintbody.com\/welniane-szorty-z-zamkiem-czarne\/#primaryimage"},"thumbnailUrl":"https:\/\/saintbody.com\/wp-content\/uploads\/2026\/03\/SKU708-Agata-Studio-e1777545155815.jpeg","datePublished":"2026-03-20T12:24:44+00:00","dateModified":"2026-04-30T10:32:45+00:00","description":"We\u0142niana sp\u00f3dniczka mini w kolorze szarym. Wykonana w 100% z we\u0142ny najwy\u017cszej jako\u015bci na podszewce wiskozowej.","breadcrumb":{"@id":"https:\/\/saintbody.com\/welniane-szorty-z-zamkiem-czarne\/#breadcrumb"},"inLanguage":"uk","potentialAction":[{"@type":"ReadAction","target":["https:\/\/saintbody.com\/welniane-szorty-z-zamkiem-czarne\/"]}]},{"@type":"ImageObject","inLanguage":"uk","@id":"https:\/\/saintbody.com\/welniane-szorty-z-zamkiem-czarne\/#primaryimage","url":"https:\/\/saintbody.com\/wp-content\/uploads\/2026\/03\/SKU708-Agata-Studio-e1777545155815.jpeg","contentUrl":"https:\/\/saintbody.com\/wp-content\/uploads\/2026\/03\/SKU708-Agata-Studio-e1777545155815.jpeg","width":1062,"height":1720},{"@type":"BreadcrumbList","@id":"https:\/\/saintbody.com\/welniane-szorty-z-zamkiem-czarne\/#breadcrumb","itemListElement":[{"@type":"ListItem","position":1,"name":"Strona g\u0142\u00f3wna","item":"https:\/\/saintbody.com\/"},{"@type":"ListItem","position":2,"name":"Sklep","item":"https:\/\/saintbody.com\/sklep\/"},{"@type":"ListItem","position":3,"name":"We\u0142niane szorty z zamkiem czarne"}]},{"@type":"WebSite","@id":"https:\/\/saintbody.com\/#website","url":"https:\/\/saintbody.com\/","name":"Sklep SAINTBODY","description":"Premium basic na ka\u00c5\u00bcd\u00c4\u2026 okazje. Ponadczasowe Body, Odzie\u00c5\u00bc damska, Sukienki Damskie","publisher":{"@id":"https:\/\/saintbody.com\/#organization"},"potentialAction":[{"@type":"SearchAction","target":{"@type":"EntryPoint","urlTemplate":"https:\/\/saintbody.com\/?s={search_term_string}"},"query-input":{"@type":"PropertyValueSpecification","valueRequired":true,"valueName":"search_term_string"}}],"inLanguage":"uk"},{"@type":"Organization","@id":"https:\/\/saintbody.com\/#organization","name":"Sklep Saint Body","url":"https:\/\/saintbody.com\/","logo":{"@type":"ImageObject","inLanguage":"uk","@id":"https:\/\/saintbody.com\/#\/schema\/logo\/image\/","url":"https:\/\/saintbody.com\/wp-content\/uploads\/2023\/04\/SaintBody_Logo_Typografia-e1691418926919.png","contentUrl":"https:\/\/saintbody.com\/wp-content\/uploads\/2023\/04\/SaintBody_Logo_Typografia-e1691418926919.png","width":1000,"height":202,"caption":"Sklep Saint Body"},"image":{"@id":"https:\/\/saintbody.com\/#\/schema\/logo\/image\/"},"sameAs":["https:\/\/facebook.com\/saintbody\/"]}]}},"_links":{"self":[{"href":"https:\/\/saintbody.com\/ukr\/wp-json\/wp\/v2\/product\/59989","targetHints":{"allow":["GET"]}}],"collection":[{"href":"https:\/\/saintbody.com\/ukr\/wp-json\/wp\/v2\/product"}],"about":[{"href":"https:\/\/saintbody.com\/ukr\/wp-json\/wp\/v2\/types\/product"}],"wp:featuredmedia":[{"embeddable":true,"href":"https:\/\/saintbody.com\/ukr\/wp-json\/wp\/v2\/media\/60340"}],"wp:attachment":[{"href":"https:\/\/saintbody.com\/ukr\/wp-json\/wp\/v2\/media?parent=59989"}],"wp:term":[{"taxonomy":"product_brand","embeddable":true,"href":"https:\/\/saintbody.com\/ukr\/wp-json\/wp\/v2\/product_brand?post=59989"},{"taxonomy":"product_cat","embeddable":true,"href":"https:\/\/saintbody.com\/ukr\/wp-json\/wp\/v2\/product_cat?post=59989"},{"taxonomy":"product_tag","embeddable":true,"href":"https:\/\/saintbody.com\/ukr\/wp-json\/wp\/v2\/product_tag?post=59989"}],"curies":[{"name":"wp","href":"https:\/\/api.w.org\/{rel}","templated":true}]}}