{"id":59049,"date":"2025-12-10T21:48:55","date_gmt":"2025-12-10T20:48:55","guid":{"rendered":"https:\/\/saintbody.com\/?post_type=product&#038;p=59049"},"modified":"2026-04-30T11:26:53","modified_gmt":"2026-04-30T09:26:53","slug":"spodnie-z-szeroka-nogawka-na-gumce-brazowe","status":"publish","type":"product","link":"https:\/\/saintbody.com\/ukr\/spodnie-z-szeroka-nogawka-na-gumce-brazowe\/","title":{"rendered":"\u0428\u0438\u0440\u043e\u043a\u0456 \u0448\u0442\u0430\u043d\u0438 \u043d\u0430 \u0440\u0435\u0437\u0438\u043d\u0446\u0456 \u043a\u043e\u0440\u0438\u0447\u043d\u0435\u0432\u0456"},"content":{"rendered":"<p>\u0416\u0456\u043d\u043e\u0447\u0456 \u0434\u043e\u0432\u0433\u0456 \u0431\u0440\u044e\u043a\u0438 \u0437 \u0432\u0438\u043d\u044f\u0442\u043a\u043e\u0432\u0438\u043c \u043a\u043e\u043c\u0444\u043e\u0440\u0442\u043e\u043c \u0432 \u043d\u043e\u0441\u0456\u043d\u043d\u0456, \u0432\u0438\u0433\u043e\u0442\u043e\u0432\u043b\u0435\u043d\u0456 \u0437 \u0441\u0435\u0440\u0442\u0438\u0444\u0456\u043a\u043e\u0432\u0430\u043d\u043e\u0433\u043e \u0442\u0440\u0438\u043a\u043e\u0442\u0430\u0436\u043d\u043e\u0433\u043e \u043f\u043e\u043b\u043e\u0442\u043d\u0430 \u0432\u0438\u0441\u043e\u043a\u043e\u0457 \u044f\u043a\u043e\u0441\u0442\u0456. \u0428\u0442\u0430\u043d\u0438 \u0456\u0437 \u0437\u0430\u0432\u0438\u0449\u0435\u043d\u043e\u044e \u0442\u0430\u043b\u0456\u0454\u044e \u043e\u0437\u0434\u043e\u0431\u043b\u0435\u043d\u0456 \u0435\u043b\u0430\u0441\u0442\u0438\u0447\u043d\u043e\u044e \u0440\u0435\u0437\u0438\u043d\u043a\u043e\u044e, \u043e\u0437\u0434\u043e\u0431\u043b\u0435\u043d\u043e\u044e \u0442\u0456\u0454\u044e \u0436 \u0442\u043a\u0430\u043d\u0438\u043d\u043e\u044e, \u0442\u0430 \u0432\u0438\u0442\u043e\u043d\u0447\u0435\u043d\u043e\u044e \u0432\u043d\u0443\u0442\u0440\u0456\u0448\u043d\u044c\u043e\u044e \u0430\u0442\u043b\u0430\u0441\u043d\u043e\u044e \u043e\u0431\u0440\u043e\u0431\u043a\u043e\u044e, \u0449\u043e \u043f\u0456\u0434\u043a\u0440\u0435\u0441\u043b\u044e\u0454 \u0440\u043e\u0437\u043a\u0456\u0448\u043d\u0438\u0439 \u0445\u0430\u0440\u0430\u043a\u0442\u0435\u0440 \u043c\u043e\u0434\u0435\u043b\u0456. \u0428\u0438\u0440\u043e\u043a\u0438\u0439, \u0435\u043b\u0435\u0433\u0430\u043d\u0442\u043d\u0438\u0439 \u043a\u0440\u0456\u0439 \u0433\u0430\u0440\u043d\u043e \u0441\u0438\u0434\u0438\u0442\u044c \u043d\u0430 \u0444\u0456\u0433\u0443\u0440\u0456 \u0442\u0430 \u0456\u0434\u0435\u0430\u043b\u044c\u043d\u043e \u043f\u043e\u0454\u0434\u043d\u0443\u0454\u0442\u044c\u0441\u044f \u044f\u043a \u0437\u0456 \u0441\u043f\u043e\u0440\u0442\u0438\u0432\u043d\u0438\u043c \u0432\u0437\u0443\u0442\u0442\u044f\u043c, \u0442\u0430\u043a \u0456 \u0437 \u0431\u0456\u043b\u044c\u0448 \u0444\u043e\u0440\u043c\u0430\u043b\u044c\u043d\u0438\u043c \u0441\u0442\u0438\u043b\u0435\u043c. \u0412\u0438\u0440\u0456\u0431 \u043f\u0440\u0435\u043c\u0456\u0443\u043c-\u043a\u043b\u0430\u0441\u0443, \u0432\u0438\u0433\u043e\u0442\u043e\u0432\u043b\u0435\u043d\u0438\u0439 \u0437 \u0434\u043e\u0431\u0456\u0440\u043d\u043e\u0457 \u0441\u0443\u043c\u0456\u0448\u0456 \u0432\u0456\u0441\u043a\u043e\u0437\u0438 \u0442\u0430 \u0435\u043b\u0430\u0441\u0442\u0430\u043d\u0443 \u0434\u043b\u044f \u043c'\u044f\u043a\u043e\u0441\u0442\u0456, \u0433\u043d\u0443\u0447\u043a\u043e\u0441\u0442\u0456 \u0442\u0430 \u043c\u0456\u0446\u043d\u043e\u0441\u0442\u0456. \u0428\u0442\u0430\u043d\u0438 \u0434\u043e\u0441\u0442\u0443\u043f\u043d\u0456 \u0432 \u0442\u0440\u044c\u043e\u0445 \u0432\u0456\u0447\u043d\u0438\u0445 \u043a\u043e\u043b\u044c\u043e\u0440\u0430\u0445: \u0447\u043e\u0440\u043d\u043e\u043c\u0443, \u0442\u0435\u043c\u043d\u043e-\u043a\u043e\u0440\u0438\u0447\u043d\u0435\u0432\u043e\u043c\u0443 \u0442\u0430 \u0441\u0456\u0440\u043e\u043c\u0443.<\/p>\n<p>\u0422\u0430\u043a\u043e\u0436 \u043e\u0437\u043d\u0430\u0439\u043e\u043c\u0442\u0435\u0441\u044f \u0437 \u043d\u0430\u0448\u0438\u043c\u0438 \u0431\u0435\u0441\u0442\u0441\u0435\u043b\u0435\u0440\u0430\u043c\u0438 - <a href=\"https:\/\/saintbody.com\/ukr\/kategoria\/sukienki\/\">\u0441\u0443\u043a\u043d\u0456<\/a> !<br \/>\n\u0417\u0430\u0432\u0456\u0442\u0430\u0439\u0442\u0435 \u043d\u0430 \u043d\u0430\u0448 <a href=\"https:\/\/www.instagram.com\/saintbodyofficial\/\">\u0456\u043d\u0441\u0442\u0430\u0433\u0440\u0430\u043c<\/a>.<\/p>","protected":false},"excerpt":{"rendered":"<p>D\u0142ugie, damskie spodnie o wyj\u0105tkowym komforcie noszenia, wykonane z certyfikowanej, wysokiej jako\u015bci dzianiny. Spodnie z wysokim stanem, wyko\u0144czony elastyczn\u0105 gum\u0105 obszyt\u0105 t\u0105 sam\u0105 tkanin\u0105 oraz subtelnym, wewn\u0119trznym lamowaniem z satyny, kt\u00f3re podkre\u015bla luksusowy charakter modelu. Szeroki, elegancki kr\u00f3j pi\u0119knie uk\u0142ada si\u0119 na sylwetce i doskonale komponuje si\u0119 zar\u00f3wno ze sportowym obuwiem, jak i bardziej formalnymi [&hellip;]<\/p>","protected":false},"featured_media":59485,"template":"","meta":[],"product_brand":[],"product_cat":[35,20],"product_tag":[36],"class_list":{"0":"post-59049","1":"product","2":"type-product","3":"status-publish","4":"has-post-thumbnail","6":"product_cat-spodnie","7":"product_cat-wszystko","8":"product_tag-spodnie","10":"first","11":"instock","12":"taxable","13":"shipping-taxable","14":"purchasable","15":"product-type-variable","16":"has-default-attributes"},"yoast_head":"<!-- This site is optimized with the Yoast SEO plugin v27.0 - https:\/\/yoast.com\/product\/yoast-seo-wordpress\/ -->\n<title>Br\u0105zowe spodnie z szerok\u0105 nogawk\u0105 na gumce<\/title>\n<meta name=\"description\" content=\"Spodnie z wysokim stanem o wyj\u0105tkowym komforcie noszenia, wyko\u0144czony elastyczn\u0105 gum\u0105 oraz wewn\u0119trznym lamowaniem z satyny.\" \/>\n<meta name=\"robots\" content=\"index, follow, max-snippet:-1, max-image-preview:large, max-video-preview:-1\" \/>\n<link rel=\"canonical\" href=\"https:\/\/saintbody.com\/ukr\/spodnie-z-szeroka-nogawka-na-gumce-brazowe\/\" \/>\n<meta property=\"og:locale\" content=\"uk_UA\" \/>\n<meta property=\"og:type\" content=\"article\" \/>\n<meta property=\"og:title\" content=\"Br\u0105zowe spodnie z szerok\u0105 nogawk\u0105 na gumce\" \/>\n<meta property=\"og:description\" content=\"Spodnie z wysokim stanem o wyj\u0105tkowym komforcie noszenia, wyko\u0144czony elastyczn\u0105 gum\u0105 oraz wewn\u0119trznym lamowaniem z satyny.\" \/>\n<meta property=\"og:url\" content=\"https:\/\/saintbody.com\/ukr\/spodnie-z-szeroka-nogawka-na-gumce-brazowe\/\" \/>\n<meta property=\"og:site_name\" content=\"Sklep SAINTBODY\" \/>\n<meta property=\"article:publisher\" content=\"https:\/\/facebook.com\/saintbody\/\" \/>\n<meta property=\"article:modified_time\" content=\"2026-04-30T09:26:53+00:00\" \/>\n<meta property=\"og:image\" content=\"https:\/\/saintbody.com\/wp-content\/uploads\/2025\/12\/IMG_0986-IMG_0936-women-footwear-3_front-Luci-Studio.jpeg\" \/>\n\t<meta property=\"og:image:width\" content=\"1374\" \/>\n\t<meta property=\"og:image:height\" content=\"2048\" \/>\n\t<meta property=\"og:image:type\" content=\"image\/jpeg\" \/>\n<meta name=\"twitter:card\" content=\"summary_large_image\" \/>\n<meta name=\"twitter:label1\" content=\"\u041f\u0440\u0438\u0431\u043b. \u0447\u0430\u0441 \u0447\u0438\u0442\u0430\u043d\u043d\u044f\" \/>\n\t<meta name=\"twitter:data1\" content=\"1 \u0445\u0432\u0438\u043b\u0438\u043d\u0430\" \/>\n<script type=\"application\/ld+json\" class=\"yoast-schema-graph\">{\"@context\":\"https:\/\/schema.org\",\"@graph\":[{\"@type\":\"WebPage\",\"@id\":\"https:\/\/saintbody.com\/spodnie-z-szeroka-nogawka-na-gumce-brazowe\/\",\"url\":\"https:\/\/saintbody.com\/spodnie-z-szeroka-nogawka-na-gumce-brazowe\/\",\"name\":\"Br\u0105zowe spodnie z szerok\u0105 nogawk\u0105 na gumce\",\"isPartOf\":{\"@id\":\"https:\/\/saintbody.com\/#website\"},\"primaryImageOfPage\":{\"@id\":\"https:\/\/saintbody.com\/spodnie-z-szeroka-nogawka-na-gumce-brazowe\/#primaryimage\"},\"image\":{\"@id\":\"https:\/\/saintbody.com\/spodnie-z-szeroka-nogawka-na-gumce-brazowe\/#primaryimage\"},\"thumbnailUrl\":\"https:\/\/saintbody.com\/wp-content\/uploads\/2025\/12\/IMG_0986-IMG_0936-women-footwear-3_front-Luci-Studio.jpeg\",\"datePublished\":\"2025-12-10T20:48:55+00:00\",\"dateModified\":\"2026-04-30T09:26:53+00:00\",\"description\":\"Spodnie z wysokim stanem o wyj\u0105tkowym komforcie noszenia, wyko\u0144czony elastyczn\u0105 gum\u0105 oraz wewn\u0119trznym lamowaniem z satyny.\",\"breadcrumb\":{\"@id\":\"https:\/\/saintbody.com\/spodnie-z-szeroka-nogawka-na-gumce-brazowe\/#breadcrumb\"},\"inLanguage\":\"uk\",\"potentialAction\":[{\"@type\":\"ReadAction\",\"target\":[\"https:\/\/saintbody.com\/spodnie-z-szeroka-nogawka-na-gumce-brazowe\/\"]}]},{\"@type\":\"ImageObject\",\"inLanguage\":\"uk\",\"@id\":\"https:\/\/saintbody.com\/spodnie-z-szeroka-nogawka-na-gumce-brazowe\/#primaryimage\",\"url\":\"https:\/\/saintbody.com\/wp-content\/uploads\/2025\/12\/IMG_0986-IMG_0936-women-footwear-3_front-Luci-Studio.jpeg\",\"contentUrl\":\"https:\/\/saintbody.com\/wp-content\/uploads\/2025\/12\/IMG_0986-IMG_0936-women-footwear-3_front-Luci-Studio.jpeg\",\"width\":1374,\"height\":2048},{\"@type\":\"BreadcrumbList\",\"@id\":\"https:\/\/saintbody.com\/spodnie-z-szeroka-nogawka-na-gumce-brazowe\/#breadcrumb\",\"itemListElement\":[{\"@type\":\"ListItem\",\"position\":1,\"name\":\"Strona g\u0142\u00f3wna\",\"item\":\"https:\/\/saintbody.com\/\"},{\"@type\":\"ListItem\",\"position\":2,\"name\":\"Sklep\",\"item\":\"https:\/\/saintbody.com\/sklep\/\"},{\"@type\":\"ListItem\",\"position\":3,\"name\":\"Spodnie z szerok\u0105 nogawk\u0105 na gumce br\u0105zowe\"}]},{\"@type\":\"WebSite\",\"@id\":\"https:\/\/saintbody.com\/#website\",\"url\":\"https:\/\/saintbody.com\/\",\"name\":\"Sklep SAINTBODY\",\"description\":\"Premium basic na ka\u00c5\u00bcd\u00c4\u2026 okazje. Ponadczasowe Body, Odzie\u00c5\u00bc damska, Sukienki Damskie\",\"publisher\":{\"@id\":\"https:\/\/saintbody.com\/#organization\"},\"potentialAction\":[{\"@type\":\"SearchAction\",\"target\":{\"@type\":\"EntryPoint\",\"urlTemplate\":\"https:\/\/saintbody.com\/?s={search_term_string}\"},\"query-input\":{\"@type\":\"PropertyValueSpecification\",\"valueRequired\":true,\"valueName\":\"search_term_string\"}}],\"inLanguage\":\"uk\"},{\"@type\":\"Organization\",\"@id\":\"https:\/\/saintbody.com\/#organization\",\"name\":\"Sklep Saint Body\",\"url\":\"https:\/\/saintbody.com\/\",\"logo\":{\"@type\":\"ImageObject\",\"inLanguage\":\"uk\",\"@id\":\"https:\/\/saintbody.com\/#\/schema\/logo\/image\/\",\"url\":\"https:\/\/saintbody.com\/wp-content\/uploads\/2023\/04\/SaintBody_Logo_Typografia-e1691418926919.png\",\"contentUrl\":\"https:\/\/saintbody.com\/wp-content\/uploads\/2023\/04\/SaintBody_Logo_Typografia-e1691418926919.png\",\"width\":1000,\"height\":202,\"caption\":\"Sklep Saint Body\"},\"image\":{\"@id\":\"https:\/\/saintbody.com\/#\/schema\/logo\/image\/\"},\"sameAs\":[\"https:\/\/facebook.com\/saintbody\/\"]}]}<\/script>\n<!-- \/ Yoast SEO plugin. -->","yoast_head_json":{"title":"Br\u0105zowe spodnie z szerok\u0105 nogawk\u0105 na gumce","description":"Spodnie z wysokim stanem o wyj\u0105tkowym komforcie noszenia, wyko\u0144czony elastyczn\u0105 gum\u0105 oraz wewn\u0119trznym lamowaniem z satyny.","robots":{"index":"index","follow":"follow","max-snippet":"max-snippet:-1","max-image-preview":"max-image-preview:large","max-video-preview":"max-video-preview:-1"},"canonical":"https:\/\/saintbody.com\/ukr\/spodnie-z-szeroka-nogawka-na-gumce-brazowe\/","og_locale":"uk_UA","og_type":"article","og_title":"Br\u0105zowe spodnie z szerok\u0105 nogawk\u0105 na gumce","og_description":"Spodnie z wysokim stanem o wyj\u0105tkowym komforcie noszenia, wyko\u0144czony elastyczn\u0105 gum\u0105 oraz wewn\u0119trznym lamowaniem z satyny.","og_url":"https:\/\/saintbody.com\/ukr\/spodnie-z-szeroka-nogawka-na-gumce-brazowe\/","og_site_name":"Sklep SAINTBODY","article_publisher":"https:\/\/facebook.com\/saintbody\/","article_modified_time":"2026-04-30T09:26:53+00:00","og_image":[{"width":1374,"height":2048,"url":"https:\/\/saintbody.com\/wp-content\/uploads\/2025\/12\/IMG_0986-IMG_0936-women-footwear-3_front-Luci-Studio.jpeg","type":"image\/jpeg"}],"twitter_card":"summary_large_image","twitter_misc":{"\u041f\u0440\u0438\u0431\u043b. \u0447\u0430\u0441 \u0447\u0438\u0442\u0430\u043d\u043d\u044f":"1 \u0445\u0432\u0438\u043b\u0438\u043d\u0430"},"schema":{"@context":"https:\/\/schema.org","@graph":[{"@type":"WebPage","@id":"https:\/\/saintbody.com\/spodnie-z-szeroka-nogawka-na-gumce-brazowe\/","url":"https:\/\/saintbody.com\/spodnie-z-szeroka-nogawka-na-gumce-brazowe\/","name":"Br\u0105zowe spodnie z szerok\u0105 nogawk\u0105 na gumce","isPartOf":{"@id":"https:\/\/saintbody.com\/#website"},"primaryImageOfPage":{"@id":"https:\/\/saintbody.com\/spodnie-z-szeroka-nogawka-na-gumce-brazowe\/#primaryimage"},"image":{"@id":"https:\/\/saintbody.com\/spodnie-z-szeroka-nogawka-na-gumce-brazowe\/#primaryimage"},"thumbnailUrl":"https:\/\/saintbody.com\/wp-content\/uploads\/2025\/12\/IMG_0986-IMG_0936-women-footwear-3_front-Luci-Studio.jpeg","datePublished":"2025-12-10T20:48:55+00:00","dateModified":"2026-04-30T09:26:53+00:00","description":"Spodnie z wysokim stanem o wyj\u0105tkowym komforcie noszenia, wyko\u0144czony elastyczn\u0105 gum\u0105 oraz wewn\u0119trznym lamowaniem z satyny.","breadcrumb":{"@id":"https:\/\/saintbody.com\/spodnie-z-szeroka-nogawka-na-gumce-brazowe\/#breadcrumb"},"inLanguage":"uk","potentialAction":[{"@type":"ReadAction","target":["https:\/\/saintbody.com\/spodnie-z-szeroka-nogawka-na-gumce-brazowe\/"]}]},{"@type":"ImageObject","inLanguage":"uk","@id":"https:\/\/saintbody.com\/spodnie-z-szeroka-nogawka-na-gumce-brazowe\/#primaryimage","url":"https:\/\/saintbody.com\/wp-content\/uploads\/2025\/12\/IMG_0986-IMG_0936-women-footwear-3_front-Luci-Studio.jpeg","contentUrl":"https:\/\/saintbody.com\/wp-content\/uploads\/2025\/12\/IMG_0986-IMG_0936-women-footwear-3_front-Luci-Studio.jpeg","width":1374,"height":2048},{"@type":"BreadcrumbList","@id":"https:\/\/saintbody.com\/spodnie-z-szeroka-nogawka-na-gumce-brazowe\/#breadcrumb","itemListElement":[{"@type":"ListItem","position":1,"name":"Strona g\u0142\u00f3wna","item":"https:\/\/saintbody.com\/"},{"@type":"ListItem","position":2,"name":"Sklep","item":"https:\/\/saintbody.com\/sklep\/"},{"@type":"ListItem","position":3,"name":"Spodnie z szerok\u0105 nogawk\u0105 na gumce br\u0105zowe"}]},{"@type":"WebSite","@id":"https:\/\/saintbody.com\/#website","url":"https:\/\/saintbody.com\/","name":"Sklep SAINTBODY","description":"Premium basic na ka\u00c5\u00bcd\u00c4\u2026 okazje. Ponadczasowe Body, Odzie\u00c5\u00bc damska, Sukienki Damskie","publisher":{"@id":"https:\/\/saintbody.com\/#organization"},"potentialAction":[{"@type":"SearchAction","target":{"@type":"EntryPoint","urlTemplate":"https:\/\/saintbody.com\/?s={search_term_string}"},"query-input":{"@type":"PropertyValueSpecification","valueRequired":true,"valueName":"search_term_string"}}],"inLanguage":"uk"},{"@type":"Organization","@id":"https:\/\/saintbody.com\/#organization","name":"Sklep Saint Body","url":"https:\/\/saintbody.com\/","logo":{"@type":"ImageObject","inLanguage":"uk","@id":"https:\/\/saintbody.com\/#\/schema\/logo\/image\/","url":"https:\/\/saintbody.com\/wp-content\/uploads\/2023\/04\/SaintBody_Logo_Typografia-e1691418926919.png","contentUrl":"https:\/\/saintbody.com\/wp-content\/uploads\/2023\/04\/SaintBody_Logo_Typografia-e1691418926919.png","width":1000,"height":202,"caption":"Sklep Saint Body"},"image":{"@id":"https:\/\/saintbody.com\/#\/schema\/logo\/image\/"},"sameAs":["https:\/\/facebook.com\/saintbody\/"]}]}},"_links":{"self":[{"href":"https:\/\/saintbody.com\/ukr\/wp-json\/wp\/v2\/product\/59049","targetHints":{"allow":["GET"]}}],"collection":[{"href":"https:\/\/saintbody.com\/ukr\/wp-json\/wp\/v2\/product"}],"about":[{"href":"https:\/\/saintbody.com\/ukr\/wp-json\/wp\/v2\/types\/product"}],"wp:featuredmedia":[{"embeddable":true,"href":"https:\/\/saintbody.com\/ukr\/wp-json\/wp\/v2\/media\/59485"}],"wp:attachment":[{"href":"https:\/\/saintbody.com\/ukr\/wp-json\/wp\/v2\/media?parent=59049"}],"wp:term":[{"taxonomy":"product_brand","embeddable":true,"href":"https:\/\/saintbody.com\/ukr\/wp-json\/wp\/v2\/product_brand?post=59049"},{"taxonomy":"product_cat","embeddable":true,"href":"https:\/\/saintbody.com\/ukr\/wp-json\/wp\/v2\/product_cat?post=59049"},{"taxonomy":"product_tag","embeddable":true,"href":"https:\/\/saintbody.com\/ukr\/wp-json\/wp\/v2\/product_tag?post=59049"}],"curies":[{"name":"wp","href":"https:\/\/api.w.org\/{rel}","templated":true}]}}