{"id":58326,"date":"2025-10-27T17:14:49","date_gmt":"2025-10-27T16:14:49","guid":{"rendered":"https:\/\/saintbody.com\/?post_type=product&#038;p=58326"},"modified":"2026-03-26T13:37:43","modified_gmt":"2026-03-26T12:37:43","slug":"longsleeve-z-dodatkiem-kaszmiru-classic-dark-brown","status":"publish","type":"product","link":"https:\/\/saintbody.com\/ukr\/longsleeve-z-dodatkiem-kaszmiru-classic-dark-brown\/","title":{"rendered":"\u041a\u043b\u0430\u0441\u0438\u0447\u043d\u0438\u0439 \u0442\u0435\u043c\u043d\u043e-\u043a\u043e\u0440\u0438\u0447\u043d\u0435\u0432\u0438\u0439 \u043b\u043e\u043d\u0433\u0441\u043b\u0456\u0432 \u0437 \u043a\u0430\u0448\u0435\u043c\u0456\u0440\u0443"},"content":{"rendered":"<p data-start=\"0\" data-end=\"261\">\u0426\u0435\u0439 \u0432\u0456\u043b\u044c\u043d\u0438\u0439 \u043b\u043e\u043d\u0433\u0441\u043b\u0456\u0432 \u0442\u0435\u043c\u043d\u043e-\u043a\u043e\u0440\u0438\u0447\u043d\u0435\u0432\u043e\u0433\u043e \u043a\u043e\u043b\u044c\u043e\u0440\u0443 - \u043a\u043b\u0430\u0441\u0438\u043a\u0430, \u0449\u043e \u043f\u043e\u0454\u0434\u043d\u0443\u0454 \u0432 \u0441\u043e\u0431\u0456 \u0432\u0438\u0442\u043e\u043d\u0447\u0435\u043d\u0443 \u0435\u043b\u0435\u0433\u0430\u043d\u0442\u043d\u0456\u0441\u0442\u044c \u0456 \u0432\u0438\u043d\u044f\u0442\u043a\u043e\u0432\u0438\u0439 \u043a\u043e\u043c\u0444\u043e\u0440\u0442 \u043d\u0430 \u043a\u043e\u0436\u0435\u043d \u0434\u0435\u043d\u044c. \u0412\u0438\u0433\u043e\u0442\u043e\u0432\u043b\u0435\u043d\u0438\u0439 \u0437 \u0440\u043e\u0437\u043a\u0456\u0448\u043d\u043e\u0457 \u0441\u0443\u043c\u0456\u0448\u0456 \u043c\u0456\u043a\u0440\u043e\u043c\u043e\u0434\u0430\u043b\u0430, \u043a\u0430\u0448\u0435\u043c\u0456\u0440\u0443 \u0442\u0430 \u043b\u0430\u0439\u043a\u0440\u0438, \u0432\u0456\u043d \u043c'\u044f\u043a\u043e \u043e\u0431\u043b\u044f\u0433\u0430\u0454 \u0444\u0456\u0433\u0443\u0440\u0443, \u0441\u0442\u0432\u043e\u0440\u044e\u044e\u0447\u0438 \u043f\u0440\u0438\u0454\u043c\u043d\u0435 \u0432\u0456\u0434\u0447\u0443\u0442\u0442\u044f \"\u0434\u0440\u0443\u0433\u043e\u0457 \u0448\u043a\u0456\u0440\u0438\".<\/p>\n<p data-start=\"263\" data-end=\"576\">\u041c\u043e\u0434\u0435\u043b\u044c \u0432\u0438\u0440\u0456\u0437\u043d\u044f\u0454\u0442\u044c\u0441\u044f \u043a\u0440\u0443\u0433\u043b\u0438\u043c \u0432\u0438\u0440\u0456\u0437\u043e\u043c \u0433\u043e\u0440\u043b\u043e\u0432\u0438\u043d\u0438, \u044f\u043a\u0438\u0439 \u043f\u0456\u0434\u043a\u0440\u0435\u0441\u043b\u044e\u0454 \u0437\u043e\u043d\u0443 \u0434\u0435\u043a\u043e\u043b\u044c\u0442\u0435 \u0456 \u043d\u0430\u0434\u0430\u0454 \u0437\u0430\u0433\u0430\u043b\u044c\u043d\u043e\u043c\u0443 \u0432\u0438\u0433\u043b\u044f\u0434\u0443 \u0433\u0430\u0440\u043c\u043e\u043d\u0456\u0439\u043d\u043e\u0433\u043e, \u043c\u0456\u043d\u0456\u043c\u0430\u043b\u0456\u0441\u0442\u0438\u0447\u043d\u043e\u0433\u043e \u0445\u0430\u0440\u0430\u043a\u0442\u0435\u0440\u0443. \u041b\u0435\u0433\u043a\u0438\u0439, \u0434\u0438\u0445\u0430\u044e\u0447\u0438\u0439 \u043c\u0430\u0442\u0435\u0440\u0456\u0430\u043b \u0440\u043e\u0431\u0438\u0442\u044c \u043b\u043e\u043d\u0433\u0441\u043b\u0456\u0432 \u0456\u0434\u0435\u0430\u043b\u044c\u043d\u0438\u043c \u0434\u043b\u044f \u0432\u0441\u0456\u0445 \u0441\u0435\u0437\u043e\u043d\u0456\u0432 - \u0439\u043e\u0433\u043e \u043c\u043e\u0436\u043d\u0430 \u043d\u043e\u0441\u0438\u0442\u0438 \u0441\u0430\u043c\u043e\u0441\u0442\u0456\u0439\u043d\u043e \u0430\u0431\u043e \u044f\u043a \u0456\u0434\u0435\u0430\u043b\u044c\u043d\u0438\u0439 \u0431\u0430\u0437\u043e\u0432\u0438\u0439 \u0448\u0430\u0440 \u043f\u0456\u0434 \u043f\u0456\u0434\u0436\u0430\u043a\u0438, \u0434\u0436\u0435\u043c\u043f\u0435\u0440\u0438 \u0442\u0430 \u0432\u0435\u0440\u0445\u043d\u0456\u0439 \u043e\u0434\u044f\u0433.<\/p>\n<p>\u0422\u0430\u043a\u043e\u0436 \u043e\u0437\u043d\u0430\u0439\u043e\u043c\u0442\u0435\u0441\u044f \u0437 \u043d\u0430\u0448\u0438\u043c\u0438 \u0431\u0435\u0441\u0442\u0441\u0435\u043b\u0435\u0440\u0430\u043c\u0438 -\u00a0<a href=\"https:\/\/saintbody.com\/ukr\/kategoria\/sukienki\/\">\u0441\u0443\u043a\u043d\u0456<\/a> !<br \/>\n\u0417\u0430\u0432\u0456\u0442\u0430\u0439\u0442\u0435 \u043d\u0430 \u043d\u0430\u0448 <a href=\"https:\/\/www.instagram.com\/saintbodyofficial\/\">\u0456\u043d\u0441\u0442\u0430\u0433\u0440\u0430\u043c<\/a>.<\/p>","protected":false},"excerpt":{"rendered":"<p>Lu\u017any longsleeve w kolorze g\u0142\u0119bokiego br\u0105zu to klasyk, kt\u00f3ry \u0142\u0105czy subteln\u0105 elegancj\u0119 z wyj\u0105tkow\u0105 wygod\u0105 na ka\u017cdy dzie\u0144. Wykonany z luksusowej mieszanki mikromodalu, kaszmiru i lycry, mi\u0119kko uk\u0142ada si\u0119 na sylwetce, daj\u0105c przyjemne wra\u017cenie \u201edrugiej sk\u00f3ry\u201d. Model wyr\u00f3\u017cnia si\u0119 okr\u0105g\u0142ym dekoltem, kt\u00f3ry podkre\u015bla lini\u0119 szyi i nadaje ca\u0142o\u015bci harmonijny, minimalistyczny charakter. Lekki, oddychaj\u0105cy materia\u0142 sprawia, [&hellip;]<\/p>","protected":false},"featured_media":58669,"template":"","meta":[],"product_brand":[],"product_cat":[20,186,37],"product_tag":[38],"class_list":{"0":"post-58326","1":"product","2":"type-product","3":"status-publish","4":"has-post-thumbnail","6":"product_cat-wszystko","7":"product_cat-newin","8":"product_cat-topy","9":"product_tag-topy","11":"first","12":"instock","13":"taxable","14":"shipping-taxable","15":"purchasable","16":"product-type-variable","17":"has-default-attributes"},"yoast_head":"<!-- This site is optimized with the Yoast SEO plugin v27.0 - https:\/\/yoast.com\/product\/yoast-seo-wordpress\/ -->\n<title>Klasyczny longsleeve z dodatkiem kaszmiru w kolorze dark brown<\/title>\n<meta name=\"description\" content=\"Klasyczny longsleeve wykonany z luksusowej mieszanki mikromodalu, kaszmiru i lycry, mi\u0119kko uk\u0142ada si\u0119 na sylwetce, daj\u0105c wra\u017cenie \u201edrugiej sk\u00f3ry\u201d.\" \/>\n<meta name=\"robots\" content=\"index, follow, max-snippet:-1, max-image-preview:large, max-video-preview:-1\" \/>\n<link rel=\"canonical\" href=\"https:\/\/saintbody.com\/ukr\/longsleeve-z-dodatkiem-kaszmiru-classic-dark-brown\/\" \/>\n<meta property=\"og:locale\" content=\"uk_UA\" \/>\n<meta property=\"og:type\" content=\"article\" \/>\n<meta property=\"og:title\" content=\"Klasyczny longsleeve z dodatkiem kaszmiru w kolorze dark brown\" \/>\n<meta property=\"og:description\" content=\"Klasyczny longsleeve wykonany z luksusowej mieszanki mikromodalu, kaszmiru i lycry, mi\u0119kko uk\u0142ada si\u0119 na sylwetce, daj\u0105c wra\u017cenie \u201edrugiej sk\u00f3ry\u201d.\" \/>\n<meta property=\"og:url\" content=\"https:\/\/saintbody.com\/ukr\/longsleeve-z-dodatkiem-kaszmiru-classic-dark-brown\/\" \/>\n<meta property=\"og:site_name\" content=\"Sklep SAINTBODY\" \/>\n<meta property=\"article:publisher\" content=\"https:\/\/facebook.com\/saintbody\/\" \/>\n<meta property=\"article:modified_time\" content=\"2026-03-26T12:37:43+00:00\" \/>\n<meta property=\"og:image\" content=\"https:\/\/saintbody.com\/wp-content\/uploads\/2025\/10\/DSCF0623-Edit-scaled.jpg\" \/>\n\t<meta property=\"og:image:width\" content=\"1707\" \/>\n\t<meta property=\"og:image:height\" content=\"2560\" \/>\n\t<meta property=\"og:image:type\" content=\"image\/jpeg\" \/>\n<meta name=\"twitter:card\" content=\"summary_large_image\" \/>\n<meta name=\"twitter:label1\" content=\"\u041f\u0440\u0438\u0431\u043b. \u0447\u0430\u0441 \u0447\u0438\u0442\u0430\u043d\u043d\u044f\" \/>\n\t<meta name=\"twitter:data1\" content=\"1 \u0445\u0432\u0438\u043b\u0438\u043d\u0430\" \/>\n<script type=\"application\/ld+json\" class=\"yoast-schema-graph\">{\"@context\":\"https:\/\/schema.org\",\"@graph\":[{\"@type\":\"WebPage\",\"@id\":\"https:\/\/saintbody.com\/longsleeve-z-dodatkiem-kaszmiru-classic-dark-brown\/\",\"url\":\"https:\/\/saintbody.com\/longsleeve-z-dodatkiem-kaszmiru-classic-dark-brown\/\",\"name\":\"Klasyczny longsleeve z dodatkiem kaszmiru w kolorze dark brown\",\"isPartOf\":{\"@id\":\"https:\/\/saintbody.com\/#website\"},\"primaryImageOfPage\":{\"@id\":\"https:\/\/saintbody.com\/longsleeve-z-dodatkiem-kaszmiru-classic-dark-brown\/#primaryimage\"},\"image\":{\"@id\":\"https:\/\/saintbody.com\/longsleeve-z-dodatkiem-kaszmiru-classic-dark-brown\/#primaryimage\"},\"thumbnailUrl\":\"https:\/\/saintbody.com\/wp-content\/uploads\/2025\/10\/DSCF0623-Edit-scaled.jpg\",\"datePublished\":\"2025-10-27T16:14:49+00:00\",\"dateModified\":\"2026-03-26T12:37:43+00:00\",\"description\":\"Klasyczny longsleeve wykonany z luksusowej mieszanki mikromodalu, kaszmiru i lycry, mi\u0119kko uk\u0142ada si\u0119 na sylwetce, daj\u0105c wra\u017cenie \u201edrugiej sk\u00f3ry\u201d.\",\"breadcrumb\":{\"@id\":\"https:\/\/saintbody.com\/longsleeve-z-dodatkiem-kaszmiru-classic-dark-brown\/#breadcrumb\"},\"inLanguage\":\"uk\",\"potentialAction\":[{\"@type\":\"ReadAction\",\"target\":[\"https:\/\/saintbody.com\/longsleeve-z-dodatkiem-kaszmiru-classic-dark-brown\/\"]}]},{\"@type\":\"ImageObject\",\"inLanguage\":\"uk\",\"@id\":\"https:\/\/saintbody.com\/longsleeve-z-dodatkiem-kaszmiru-classic-dark-brown\/#primaryimage\",\"url\":\"https:\/\/saintbody.com\/wp-content\/uploads\/2025\/10\/DSCF0623-Edit-scaled.jpg\",\"contentUrl\":\"https:\/\/saintbody.com\/wp-content\/uploads\/2025\/10\/DSCF0623-Edit-scaled.jpg\",\"width\":1707,\"height\":2560},{\"@type\":\"BreadcrumbList\",\"@id\":\"https:\/\/saintbody.com\/longsleeve-z-dodatkiem-kaszmiru-classic-dark-brown\/#breadcrumb\",\"itemListElement\":[{\"@type\":\"ListItem\",\"position\":1,\"name\":\"Strona g\u0142\u00f3wna\",\"item\":\"https:\/\/saintbody.com\/\"},{\"@type\":\"ListItem\",\"position\":2,\"name\":\"Sklep\",\"item\":\"https:\/\/saintbody.com\/sklep\/\"},{\"@type\":\"ListItem\",\"position\":3,\"name\":\"Longsleeve z dodatkiem kaszmiru classic dark brown\"}]},{\"@type\":\"WebSite\",\"@id\":\"https:\/\/saintbody.com\/#website\",\"url\":\"https:\/\/saintbody.com\/\",\"name\":\"Sklep SAINTBODY\",\"description\":\"Premium basic na ka\u00c5\u00bcd\u00c4\u2026 okazje. Ponadczasowe Body, Odzie\u00c5\u00bc damska, Sukienki Damskie\",\"publisher\":{\"@id\":\"https:\/\/saintbody.com\/#organization\"},\"potentialAction\":[{\"@type\":\"SearchAction\",\"target\":{\"@type\":\"EntryPoint\",\"urlTemplate\":\"https:\/\/saintbody.com\/?s={search_term_string}\"},\"query-input\":{\"@type\":\"PropertyValueSpecification\",\"valueRequired\":true,\"valueName\":\"search_term_string\"}}],\"inLanguage\":\"uk\"},{\"@type\":\"Organization\",\"@id\":\"https:\/\/saintbody.com\/#organization\",\"name\":\"Sklep Saint Body\",\"url\":\"https:\/\/saintbody.com\/\",\"logo\":{\"@type\":\"ImageObject\",\"inLanguage\":\"uk\",\"@id\":\"https:\/\/saintbody.com\/#\/schema\/logo\/image\/\",\"url\":\"https:\/\/saintbody.com\/wp-content\/uploads\/2023\/04\/SaintBody_Logo_Typografia-e1691418926919.png\",\"contentUrl\":\"https:\/\/saintbody.com\/wp-content\/uploads\/2023\/04\/SaintBody_Logo_Typografia-e1691418926919.png\",\"width\":1000,\"height\":202,\"caption\":\"Sklep Saint Body\"},\"image\":{\"@id\":\"https:\/\/saintbody.com\/#\/schema\/logo\/image\/\"},\"sameAs\":[\"https:\/\/facebook.com\/saintbody\/\"]}]}<\/script>\n<!-- \/ Yoast SEO plugin. -->","yoast_head_json":{"title":"Klasyczny longsleeve z dodatkiem kaszmiru w kolorze dark brown","description":"Klasyczny longsleeve wykonany z luksusowej mieszanki mikromodalu, kaszmiru i lycry, mi\u0119kko uk\u0142ada si\u0119 na sylwetce, daj\u0105c wra\u017cenie \u201edrugiej sk\u00f3ry\u201d.","robots":{"index":"index","follow":"follow","max-snippet":"max-snippet:-1","max-image-preview":"max-image-preview:large","max-video-preview":"max-video-preview:-1"},"canonical":"https:\/\/saintbody.com\/ukr\/longsleeve-z-dodatkiem-kaszmiru-classic-dark-brown\/","og_locale":"uk_UA","og_type":"article","og_title":"Klasyczny longsleeve z dodatkiem kaszmiru w kolorze dark brown","og_description":"Klasyczny longsleeve wykonany z luksusowej mieszanki mikromodalu, kaszmiru i lycry, mi\u0119kko uk\u0142ada si\u0119 na sylwetce, daj\u0105c wra\u017cenie \u201edrugiej sk\u00f3ry\u201d.","og_url":"https:\/\/saintbody.com\/ukr\/longsleeve-z-dodatkiem-kaszmiru-classic-dark-brown\/","og_site_name":"Sklep SAINTBODY","article_publisher":"https:\/\/facebook.com\/saintbody\/","article_modified_time":"2026-03-26T12:37:43+00:00","og_image":[{"width":1707,"height":2560,"url":"https:\/\/saintbody.com\/wp-content\/uploads\/2025\/10\/DSCF0623-Edit-scaled.jpg","type":"image\/jpeg"}],"twitter_card":"summary_large_image","twitter_misc":{"\u041f\u0440\u0438\u0431\u043b. \u0447\u0430\u0441 \u0447\u0438\u0442\u0430\u043d\u043d\u044f":"1 \u0445\u0432\u0438\u043b\u0438\u043d\u0430"},"schema":{"@context":"https:\/\/schema.org","@graph":[{"@type":"WebPage","@id":"https:\/\/saintbody.com\/longsleeve-z-dodatkiem-kaszmiru-classic-dark-brown\/","url":"https:\/\/saintbody.com\/longsleeve-z-dodatkiem-kaszmiru-classic-dark-brown\/","name":"Klasyczny longsleeve z dodatkiem kaszmiru w kolorze dark brown","isPartOf":{"@id":"https:\/\/saintbody.com\/#website"},"primaryImageOfPage":{"@id":"https:\/\/saintbody.com\/longsleeve-z-dodatkiem-kaszmiru-classic-dark-brown\/#primaryimage"},"image":{"@id":"https:\/\/saintbody.com\/longsleeve-z-dodatkiem-kaszmiru-classic-dark-brown\/#primaryimage"},"thumbnailUrl":"https:\/\/saintbody.com\/wp-content\/uploads\/2025\/10\/DSCF0623-Edit-scaled.jpg","datePublished":"2025-10-27T16:14:49+00:00","dateModified":"2026-03-26T12:37:43+00:00","description":"Klasyczny longsleeve wykonany z luksusowej mieszanki mikromodalu, kaszmiru i lycry, mi\u0119kko uk\u0142ada si\u0119 na sylwetce, daj\u0105c wra\u017cenie \u201edrugiej sk\u00f3ry\u201d.","breadcrumb":{"@id":"https:\/\/saintbody.com\/longsleeve-z-dodatkiem-kaszmiru-classic-dark-brown\/#breadcrumb"},"inLanguage":"uk","potentialAction":[{"@type":"ReadAction","target":["https:\/\/saintbody.com\/longsleeve-z-dodatkiem-kaszmiru-classic-dark-brown\/"]}]},{"@type":"ImageObject","inLanguage":"uk","@id":"https:\/\/saintbody.com\/longsleeve-z-dodatkiem-kaszmiru-classic-dark-brown\/#primaryimage","url":"https:\/\/saintbody.com\/wp-content\/uploads\/2025\/10\/DSCF0623-Edit-scaled.jpg","contentUrl":"https:\/\/saintbody.com\/wp-content\/uploads\/2025\/10\/DSCF0623-Edit-scaled.jpg","width":1707,"height":2560},{"@type":"BreadcrumbList","@id":"https:\/\/saintbody.com\/longsleeve-z-dodatkiem-kaszmiru-classic-dark-brown\/#breadcrumb","itemListElement":[{"@type":"ListItem","position":1,"name":"Strona g\u0142\u00f3wna","item":"https:\/\/saintbody.com\/"},{"@type":"ListItem","position":2,"name":"Sklep","item":"https:\/\/saintbody.com\/sklep\/"},{"@type":"ListItem","position":3,"name":"Longsleeve z dodatkiem kaszmiru classic dark brown"}]},{"@type":"WebSite","@id":"https:\/\/saintbody.com\/#website","url":"https:\/\/saintbody.com\/","name":"Sklep SAINTBODY","description":"Premium basic na ka\u00c5\u00bcd\u00c4\u2026 okazje. Ponadczasowe Body, Odzie\u00c5\u00bc damska, Sukienki Damskie","publisher":{"@id":"https:\/\/saintbody.com\/#organization"},"potentialAction":[{"@type":"SearchAction","target":{"@type":"EntryPoint","urlTemplate":"https:\/\/saintbody.com\/?s={search_term_string}"},"query-input":{"@type":"PropertyValueSpecification","valueRequired":true,"valueName":"search_term_string"}}],"inLanguage":"uk"},{"@type":"Organization","@id":"https:\/\/saintbody.com\/#organization","name":"Sklep Saint Body","url":"https:\/\/saintbody.com\/","logo":{"@type":"ImageObject","inLanguage":"uk","@id":"https:\/\/saintbody.com\/#\/schema\/logo\/image\/","url":"https:\/\/saintbody.com\/wp-content\/uploads\/2023\/04\/SaintBody_Logo_Typografia-e1691418926919.png","contentUrl":"https:\/\/saintbody.com\/wp-content\/uploads\/2023\/04\/SaintBody_Logo_Typografia-e1691418926919.png","width":1000,"height":202,"caption":"Sklep Saint Body"},"image":{"@id":"https:\/\/saintbody.com\/#\/schema\/logo\/image\/"},"sameAs":["https:\/\/facebook.com\/saintbody\/"]}]}},"_links":{"self":[{"href":"https:\/\/saintbody.com\/ukr\/wp-json\/wp\/v2\/product\/58326","targetHints":{"allow":["GET"]}}],"collection":[{"href":"https:\/\/saintbody.com\/ukr\/wp-json\/wp\/v2\/product"}],"about":[{"href":"https:\/\/saintbody.com\/ukr\/wp-json\/wp\/v2\/types\/product"}],"wp:featuredmedia":[{"embeddable":true,"href":"https:\/\/saintbody.com\/ukr\/wp-json\/wp\/v2\/media\/58669"}],"wp:attachment":[{"href":"https:\/\/saintbody.com\/ukr\/wp-json\/wp\/v2\/media?parent=58326"}],"wp:term":[{"taxonomy":"product_brand","embeddable":true,"href":"https:\/\/saintbody.com\/ukr\/wp-json\/wp\/v2\/product_brand?post=58326"},{"taxonomy":"product_cat","embeddable":true,"href":"https:\/\/saintbody.com\/ukr\/wp-json\/wp\/v2\/product_cat?post=58326"},{"taxonomy":"product_tag","embeddable":true,"href":"https:\/\/saintbody.com\/ukr\/wp-json\/wp\/v2\/product_tag?post=58326"}],"curies":[{"name":"wp","href":"https:\/\/api.w.org\/{rel}","templated":true}]}}