{"id":58188,"date":"2025-10-17T11:19:37","date_gmt":"2025-10-17T09:19:37","guid":{"rendered":"https:\/\/saintbody.com\/?post_type=product&#038;p=58188"},"modified":"2026-04-30T11:54:22","modified_gmt":"2026-04-30T09:54:22","slug":"spodnie-flare-z-siatki-czarne","status":"publish","type":"product","link":"https:\/\/saintbody.com\/ukr\/spodnie-flare-z-siatki-czarne\/","title":{"rendered":"\u0421\u0456\u0442\u0447\u0430\u0441\u0442\u0456 \u0431\u0440\u044e\u043a\u0438-\u043a\u043b\u044c\u043e\u0448 \u0447\u043e\u0440\u043d\u0456"},"content":{"rendered":"<p>\u041f\u0440\u043e\u0437\u043e\u0440\u0456 \u0441\u0456\u0442\u0447\u0430\u0441\u0442\u0456 \u0448\u0442\u0430\u043d\u0438, \u0449\u043e \u043f\u0456\u0434\u043a\u0440\u0435\u0441\u043b\u044e\u044e\u0442\u044c \u0441\u0438\u043b\u0443\u0435\u0442 \u0456 \u0434\u043e\u0434\u0430\u044e\u0442\u044c \u0441\u043c\u0456\u043b\u0438\u0432\u043e\u0433\u043e, \u0436\u0456\u043d\u043e\u0447\u043d\u043e\u0433\u043e \u0448\u0442\u0440\u0438\u0445\u0443 \u0434\u043e \u0431\u0443\u0434\u044c-\u044f\u043a\u043e\u0433\u043e \u043e\u0431\u0440\u0430\u0437\u0443. \u0412\u0438\u0433\u043e\u0442\u043e\u0432\u043b\u0435\u043d\u0456 \u0437 \u043c'\u044f\u043a\u043e\u0457, \u0435\u043b\u0430\u0441\u0442\u0438\u0447\u043d\u043e\u0457 \u0441\u0456\u0442\u043a\u0438 \u0437 \u043f\u0435\u0440\u0435\u0440\u043e\u0431\u043b\u0435\u043d\u043e\u0433\u043e \u043f\u043e\u043b\u0456\u0435\u0441\u0442\u0435\u0440\u0443, \u0432\u043e\u043d\u0438 \u0456\u0434\u0435\u0430\u043b\u044c\u043d\u043e \u043f\u0440\u0438\u043b\u044f\u0433\u0430\u044e\u0442\u044c \u0434\u043e \u0442\u0456\u043b\u0430 \u0442\u0430 \u0434\u0435\u043b\u0456\u043a\u0430\u0442\u043d\u043e \u0432\u0456\u0434\u043a\u0440\u0438\u0432\u0430\u044e\u0442\u044c \u043d\u043e\u0433\u0438. \u0412\u0435\u0440\u0442\u0438\u043a\u0430\u043b\u044c\u043d\u0430 \u043f\u0440\u043e\u0441\u0442\u0440\u043e\u0447\u043a\u0430 \u0432\u0456\u0437\u0443\u0430\u043b\u044c\u043d\u043e \u0441\u0442\u0440\u0443\u043d\u043a\u0456\u0448\u043e\u044e, \u0430 \u0434\u0435\u043b\u0456\u043a\u0430\u0442\u043d\u0438\u0439 \u0435\u043b\u0430\u0441\u0442\u0438\u0447\u043d\u0438\u0439 \u043f\u043e\u044f\u0441 \u0437\u0430\u0431\u0435\u0437\u043f\u0435\u0447\u0443\u0454 \u043a\u043e\u043c\u0444\u043e\u0440\u0442\u043d\u0443 \u043f\u043e\u0441\u0430\u0434\u043a\u0443. \u041c\u043e\u0434\u0435\u043b\u044c \u043c\u0430\u0454 \u043f\u0440\u0438\u0442\u0430\u043b\u0435\u043d\u0438\u0439 \u043a\u0440\u0456\u0439 \u0456 \u043e\u0431\u0440\u043e\u0431\u043b\u0435\u043d\u0430 \u0437 \u043c\u0430\u043a\u0441\u0438\u043c\u0430\u043b\u044c\u043d\u043e\u044e \u0443\u0432\u0430\u0433\u043e\u044e \u0434\u043e \u0434\u0435\u0442\u0430\u043b\u0435\u0439. \u041d\u043e\u0441\u0456\u0442\u044c \u0457\u0445 \u0431\u0430\u0433\u0430\u0442\u043e\u0448\u0430\u0440\u043e\u0432\u043e - \u0448\u0442\u0430\u043d\u0438 \u0454 \u0456\u0434\u0435\u0430\u043b\u044c\u043d\u043e\u044e \u043e\u0441\u043d\u043e\u0432\u043e\u044e \u0434\u043b\u044f \u0431\u0430\u0433\u0430\u0442\u044c\u043e\u0445 \u043e\u0431\u0440\u0430\u0437\u0456\u0432, \u0432\u0434\u044f\u0433\u043d\u0456\u0442\u044c \u0444\u0443\u0442\u0431\u043e\u043b\u043a\u0443\/\u0441\u043e\u0440\u043e\u0447\u043a\u0443 \u043e\u0432\u0435\u0440\u0441\u0430\u0439\u0437, \u0430 \u043f\u043e\u0432\u0435\u0440\u0445 \u043d\u0435\u0457 \u043f\u0456\u0434\u0436\u0430\u043a \u0456 \u043d\u0430\u0441\u043e\u043b\u043e\u0434\u0436\u0443\u0439\u0442\u0435\u0441\u044f \u043f\u043e\u0437\u0430\u0447\u0430\u0441\u043e\u0432\u0438\u043c \u043e\u0431\u0440\u0430\u0437\u043e\u043c - \u0447\u0443\u0442\u0442\u0454\u0432\u0438\u043c, \u0441\u0443\u0447\u0430\u0441\u043d\u0438\u043c, \u0443\u0441\u0432\u0456\u0434\u043e\u043c\u043b\u0435\u043d\u0438\u043c.<\/p>\n<p>\u0417\u0430\u0433\u043b\u044f\u043d\u044c\u0442\u0435 \u0432 \u043d\u0430\u0448\u0456 \u0441\u043e\u0446\u0456\u0430\u043b\u044c\u043d\u0456 \u043c\u0435\u0440\u0435\u0436\u0456, \u0449\u043e\u0431 \u0434\u0456\u0437\u043d\u0430\u0442\u0438\u0441\u044f, \u044f\u043a \u043f\u043e\u0454\u0434\u043d\u0443\u0432\u0430\u0442\u0438 \u0432\u0438\u0440\u043e\u0431\u0438 \u0437 \u043d\u043e\u0432\u0438\u043c\u0438 \u0431\u0440\u044e\u043a\u0430\u043c\u0438.<\/p>\n<p>\u0412\u0438\u0440\u0456\u0431 \u043f\u043e\u0448\u0438\u0442\u0438\u0439 \u0443 \u041f\u043e\u043b\u044c\u0449\u0456.<\/p>\n<p>\u041c\u043e\u0434\u0435\u043b\u044c \u043c\u0430\u0454 \u0437\u0440\u0456\u0441\u0442 177 \u0441\u043c \u0456 \u043d\u043e\u0441\u0438\u0442\u044c \u0440\u043e\u0437\u043c\u0456\u0440 S.<\/p>\n<p>\u0422\u0430\u043a\u043e\u0436 \u043e\u0437\u043d\u0430\u0439\u043e\u043c\u0442\u0435\u0441\u044f \u0437 \u043d\u0430\u0448\u0438\u043c\u0438 \u0431\u0435\u0441\u0442\u0441\u0435\u043b\u0435\u0440\u0430\u043c\u0438 -\u00a0<a href=\"https:\/\/saintbody.com\/ukr\/kategoria\/body\/\">\u0431\u043e\u0434\u0456<\/a> !<br \/>\n\u0417\u0430\u0432\u0456\u0442\u0430\u0439\u0442\u0435 \u043d\u0430 \u043d\u0430\u0448 <a href=\"https:\/\/www.instagram.com\/saintbodyofficial\/\">\u0456\u043d\u0441\u0442\u0430\u0433\u0440\u0430\u043c<\/a>.<\/p>","protected":false},"excerpt":{"rendered":"<p>Przezroczyste spodnie z siateczki, kt\u00f3re podkre\u015blaj\u0105 sylwetk\u0119 i dodaj\u0105 ka\u017cdej stylizacji odwa\u017cnego, kobiecego charakteru. Wykonane z mi\u0119kkiej, elastycznej siatki z recyklingowanego poliestru, idealnie dopasowuj\u0105 si\u0119 do cia\u0142a i subtelnie ods\u0142aniaj\u0105 nogi. Pionowe przeszycia optycznie wysmuklaj\u0105 nogi, a delikatna gumka w pasie zapewnia wygod\u0119 noszenia. Model ma dopasowany kr\u00f3j i wyko\u0144czenie z najwy\u017csz\u0105 dba\u0142o\u015bci\u0105 o detale. [&hellip;]<\/p>","protected":false},"featured_media":58193,"template":"","meta":[],"product_brand":[],"product_cat":[35,20],"product_tag":[36],"class_list":{"0":"post-58188","1":"product","2":"type-product","3":"status-publish","4":"has-post-thumbnail","6":"product_cat-spodnie","7":"product_cat-wszystko","8":"product_tag-spodnie","10":"first","11":"outofstock","12":"taxable","13":"shipping-taxable","14":"purchasable","15":"product-type-variable","16":"has-default-attributes"},"yoast_head":"<!-- This site is optimized with the Yoast SEO plugin v27.0 - https:\/\/yoast.com\/product\/yoast-seo-wordpress\/ -->\n<title>Czarne spodnie z nogawk\u0105 typu flare z siatki - Sklep SAINTBODY<\/title>\n<meta name=\"description\" content=\"Przezroczyste spodnie z siateczki, kt\u00f3re podkre\u015blaj\u0105 sylwetk\u0119 i dodaj\u0105 ka\u017cdej stylizacji odwa\u017cnego, kobiecego charakteru.\" \/>\n<meta name=\"robots\" content=\"index, follow, max-snippet:-1, max-image-preview:large, max-video-preview:-1\" \/>\n<link rel=\"canonical\" href=\"https:\/\/saintbody.com\/ukr\/spodnie-flare-z-siatki-czarne\/\" \/>\n<meta property=\"og:locale\" content=\"uk_UA\" \/>\n<meta property=\"og:type\" content=\"article\" \/>\n<meta property=\"og:title\" content=\"Czarne spodnie z nogawk\u0105 typu flare z siatki - Sklep SAINTBODY\" \/>\n<meta property=\"og:description\" content=\"Przezroczyste spodnie z siateczki, kt\u00f3re podkre\u015blaj\u0105 sylwetk\u0119 i dodaj\u0105 ka\u017cdej stylizacji odwa\u017cnego, kobiecego charakteru.\" \/>\n<meta property=\"og:url\" content=\"https:\/\/saintbody.com\/ukr\/spodnie-flare-z-siatki-czarne\/\" \/>\n<meta property=\"og:site_name\" content=\"Sklep SAINTBODY\" \/>\n<meta property=\"article:publisher\" content=\"https:\/\/facebook.com\/saintbody\/\" \/>\n<meta property=\"article:modified_time\" content=\"2026-04-30T09:54:22+00:00\" \/>\n<meta property=\"og:image\" content=\"https:\/\/saintbody.com\/wp-content\/uploads\/2025\/10\/SAINTBODY.OCT25_img17-scaled.jpeg\" \/>\n\t<meta property=\"og:image:width\" content=\"1829\" \/>\n\t<meta property=\"og:image:height\" content=\"2560\" \/>\n\t<meta property=\"og:image:type\" content=\"image\/jpeg\" \/>\n<meta name=\"twitter:card\" content=\"summary_large_image\" \/>\n<meta name=\"twitter:label1\" content=\"\u041f\u0440\u0438\u0431\u043b. \u0447\u0430\u0441 \u0447\u0438\u0442\u0430\u043d\u043d\u044f\" \/>\n\t<meta name=\"twitter:data1\" content=\"1 \u0445\u0432\u0438\u043b\u0438\u043d\u0430\" \/>\n<script type=\"application\/ld+json\" class=\"yoast-schema-graph\">{\"@context\":\"https:\/\/schema.org\",\"@graph\":[{\"@type\":\"WebPage\",\"@id\":\"https:\/\/saintbody.com\/spodnie-flare-z-siatki-czarne\/\",\"url\":\"https:\/\/saintbody.com\/spodnie-flare-z-siatki-czarne\/\",\"name\":\"Czarne spodnie z nogawk\u0105 typu flare z siatki - Sklep SAINTBODY\",\"isPartOf\":{\"@id\":\"https:\/\/saintbody.com\/#website\"},\"primaryImageOfPage\":{\"@id\":\"https:\/\/saintbody.com\/spodnie-flare-z-siatki-czarne\/#primaryimage\"},\"image\":{\"@id\":\"https:\/\/saintbody.com\/spodnie-flare-z-siatki-czarne\/#primaryimage\"},\"thumbnailUrl\":\"https:\/\/saintbody.com\/wp-content\/uploads\/2025\/10\/SAINTBODY.OCT25_img17-scaled.jpeg\",\"datePublished\":\"2025-10-17T09:19:37+00:00\",\"dateModified\":\"2026-04-30T09:54:22+00:00\",\"description\":\"Przezroczyste spodnie z siateczki, kt\u00f3re podkre\u015blaj\u0105 sylwetk\u0119 i dodaj\u0105 ka\u017cdej stylizacji odwa\u017cnego, kobiecego charakteru.\",\"breadcrumb\":{\"@id\":\"https:\/\/saintbody.com\/spodnie-flare-z-siatki-czarne\/#breadcrumb\"},\"inLanguage\":\"uk\",\"potentialAction\":[{\"@type\":\"ReadAction\",\"target\":[\"https:\/\/saintbody.com\/spodnie-flare-z-siatki-czarne\/\"]}]},{\"@type\":\"ImageObject\",\"inLanguage\":\"uk\",\"@id\":\"https:\/\/saintbody.com\/spodnie-flare-z-siatki-czarne\/#primaryimage\",\"url\":\"https:\/\/saintbody.com\/wp-content\/uploads\/2025\/10\/SAINTBODY.OCT25_img17-scaled.jpeg\",\"contentUrl\":\"https:\/\/saintbody.com\/wp-content\/uploads\/2025\/10\/SAINTBODY.OCT25_img17-scaled.jpeg\",\"width\":1829,\"height\":2560},{\"@type\":\"BreadcrumbList\",\"@id\":\"https:\/\/saintbody.com\/spodnie-flare-z-siatki-czarne\/#breadcrumb\",\"itemListElement\":[{\"@type\":\"ListItem\",\"position\":1,\"name\":\"Strona g\u0142\u00f3wna\",\"item\":\"https:\/\/saintbody.com\/\"},{\"@type\":\"ListItem\",\"position\":2,\"name\":\"Sklep\",\"item\":\"https:\/\/saintbody.com\/sklep\/\"},{\"@type\":\"ListItem\",\"position\":3,\"name\":\"Spodnie flare z siatki czarne\"}]},{\"@type\":\"WebSite\",\"@id\":\"https:\/\/saintbody.com\/#website\",\"url\":\"https:\/\/saintbody.com\/\",\"name\":\"Sklep SAINTBODY\",\"description\":\"Premium basic na ka\u00c5\u00bcd\u00c4\u2026 okazje. Ponadczasowe Body, Odzie\u00c5\u00bc damska, Sukienki Damskie\",\"publisher\":{\"@id\":\"https:\/\/saintbody.com\/#organization\"},\"potentialAction\":[{\"@type\":\"SearchAction\",\"target\":{\"@type\":\"EntryPoint\",\"urlTemplate\":\"https:\/\/saintbody.com\/?s={search_term_string}\"},\"query-input\":{\"@type\":\"PropertyValueSpecification\",\"valueRequired\":true,\"valueName\":\"search_term_string\"}}],\"inLanguage\":\"uk\"},{\"@type\":\"Organization\",\"@id\":\"https:\/\/saintbody.com\/#organization\",\"name\":\"Sklep Saint Body\",\"url\":\"https:\/\/saintbody.com\/\",\"logo\":{\"@type\":\"ImageObject\",\"inLanguage\":\"uk\",\"@id\":\"https:\/\/saintbody.com\/#\/schema\/logo\/image\/\",\"url\":\"https:\/\/saintbody.com\/wp-content\/uploads\/2023\/04\/SaintBody_Logo_Typografia-e1691418926919.png\",\"contentUrl\":\"https:\/\/saintbody.com\/wp-content\/uploads\/2023\/04\/SaintBody_Logo_Typografia-e1691418926919.png\",\"width\":1000,\"height\":202,\"caption\":\"Sklep Saint Body\"},\"image\":{\"@id\":\"https:\/\/saintbody.com\/#\/schema\/logo\/image\/\"},\"sameAs\":[\"https:\/\/facebook.com\/saintbody\/\"]}]}<\/script>\n<!-- \/ Yoast SEO plugin. -->","yoast_head_json":{"title":"Czarne spodnie z nogawk\u0105 typu flare z siatki - Sklep SAINTBODY","description":"Przezroczyste spodnie z siateczki, kt\u00f3re podkre\u015blaj\u0105 sylwetk\u0119 i dodaj\u0105 ka\u017cdej stylizacji odwa\u017cnego, kobiecego charakteru.","robots":{"index":"index","follow":"follow","max-snippet":"max-snippet:-1","max-image-preview":"max-image-preview:large","max-video-preview":"max-video-preview:-1"},"canonical":"https:\/\/saintbody.com\/ukr\/spodnie-flare-z-siatki-czarne\/","og_locale":"uk_UA","og_type":"article","og_title":"Czarne spodnie z nogawk\u0105 typu flare z siatki - Sklep SAINTBODY","og_description":"Przezroczyste spodnie z siateczki, kt\u00f3re podkre\u015blaj\u0105 sylwetk\u0119 i dodaj\u0105 ka\u017cdej stylizacji odwa\u017cnego, kobiecego charakteru.","og_url":"https:\/\/saintbody.com\/ukr\/spodnie-flare-z-siatki-czarne\/","og_site_name":"Sklep SAINTBODY","article_publisher":"https:\/\/facebook.com\/saintbody\/","article_modified_time":"2026-04-30T09:54:22+00:00","og_image":[{"width":1829,"height":2560,"url":"https:\/\/saintbody.com\/wp-content\/uploads\/2025\/10\/SAINTBODY.OCT25_img17-scaled.jpeg","type":"image\/jpeg"}],"twitter_card":"summary_large_image","twitter_misc":{"\u041f\u0440\u0438\u0431\u043b. \u0447\u0430\u0441 \u0447\u0438\u0442\u0430\u043d\u043d\u044f":"1 \u0445\u0432\u0438\u043b\u0438\u043d\u0430"},"schema":{"@context":"https:\/\/schema.org","@graph":[{"@type":"WebPage","@id":"https:\/\/saintbody.com\/spodnie-flare-z-siatki-czarne\/","url":"https:\/\/saintbody.com\/spodnie-flare-z-siatki-czarne\/","name":"Czarne spodnie z nogawk\u0105 typu flare z siatki - Sklep SAINTBODY","isPartOf":{"@id":"https:\/\/saintbody.com\/#website"},"primaryImageOfPage":{"@id":"https:\/\/saintbody.com\/spodnie-flare-z-siatki-czarne\/#primaryimage"},"image":{"@id":"https:\/\/saintbody.com\/spodnie-flare-z-siatki-czarne\/#primaryimage"},"thumbnailUrl":"https:\/\/saintbody.com\/wp-content\/uploads\/2025\/10\/SAINTBODY.OCT25_img17-scaled.jpeg","datePublished":"2025-10-17T09:19:37+00:00","dateModified":"2026-04-30T09:54:22+00:00","description":"Przezroczyste spodnie z siateczki, kt\u00f3re podkre\u015blaj\u0105 sylwetk\u0119 i dodaj\u0105 ka\u017cdej stylizacji odwa\u017cnego, kobiecego charakteru.","breadcrumb":{"@id":"https:\/\/saintbody.com\/spodnie-flare-z-siatki-czarne\/#breadcrumb"},"inLanguage":"uk","potentialAction":[{"@type":"ReadAction","target":["https:\/\/saintbody.com\/spodnie-flare-z-siatki-czarne\/"]}]},{"@type":"ImageObject","inLanguage":"uk","@id":"https:\/\/saintbody.com\/spodnie-flare-z-siatki-czarne\/#primaryimage","url":"https:\/\/saintbody.com\/wp-content\/uploads\/2025\/10\/SAINTBODY.OCT25_img17-scaled.jpeg","contentUrl":"https:\/\/saintbody.com\/wp-content\/uploads\/2025\/10\/SAINTBODY.OCT25_img17-scaled.jpeg","width":1829,"height":2560},{"@type":"BreadcrumbList","@id":"https:\/\/saintbody.com\/spodnie-flare-z-siatki-czarne\/#breadcrumb","itemListElement":[{"@type":"ListItem","position":1,"name":"Strona g\u0142\u00f3wna","item":"https:\/\/saintbody.com\/"},{"@type":"ListItem","position":2,"name":"Sklep","item":"https:\/\/saintbody.com\/sklep\/"},{"@type":"ListItem","position":3,"name":"Spodnie flare z siatki czarne"}]},{"@type":"WebSite","@id":"https:\/\/saintbody.com\/#website","url":"https:\/\/saintbody.com\/","name":"Sklep SAINTBODY","description":"Premium basic na ka\u00c5\u00bcd\u00c4\u2026 okazje. Ponadczasowe Body, Odzie\u00c5\u00bc damska, Sukienki Damskie","publisher":{"@id":"https:\/\/saintbody.com\/#organization"},"potentialAction":[{"@type":"SearchAction","target":{"@type":"EntryPoint","urlTemplate":"https:\/\/saintbody.com\/?s={search_term_string}"},"query-input":{"@type":"PropertyValueSpecification","valueRequired":true,"valueName":"search_term_string"}}],"inLanguage":"uk"},{"@type":"Organization","@id":"https:\/\/saintbody.com\/#organization","name":"Sklep Saint Body","url":"https:\/\/saintbody.com\/","logo":{"@type":"ImageObject","inLanguage":"uk","@id":"https:\/\/saintbody.com\/#\/schema\/logo\/image\/","url":"https:\/\/saintbody.com\/wp-content\/uploads\/2023\/04\/SaintBody_Logo_Typografia-e1691418926919.png","contentUrl":"https:\/\/saintbody.com\/wp-content\/uploads\/2023\/04\/SaintBody_Logo_Typografia-e1691418926919.png","width":1000,"height":202,"caption":"Sklep Saint Body"},"image":{"@id":"https:\/\/saintbody.com\/#\/schema\/logo\/image\/"},"sameAs":["https:\/\/facebook.com\/saintbody\/"]}]}},"_links":{"self":[{"href":"https:\/\/saintbody.com\/ukr\/wp-json\/wp\/v2\/product\/58188","targetHints":{"allow":["GET"]}}],"collection":[{"href":"https:\/\/saintbody.com\/ukr\/wp-json\/wp\/v2\/product"}],"about":[{"href":"https:\/\/saintbody.com\/ukr\/wp-json\/wp\/v2\/types\/product"}],"wp:featuredmedia":[{"embeddable":true,"href":"https:\/\/saintbody.com\/ukr\/wp-json\/wp\/v2\/media\/58193"}],"wp:attachment":[{"href":"https:\/\/saintbody.com\/ukr\/wp-json\/wp\/v2\/media?parent=58188"}],"wp:term":[{"taxonomy":"product_brand","embeddable":true,"href":"https:\/\/saintbody.com\/ukr\/wp-json\/wp\/v2\/product_brand?post=58188"},{"taxonomy":"product_cat","embeddable":true,"href":"https:\/\/saintbody.com\/ukr\/wp-json\/wp\/v2\/product_cat?post=58188"},{"taxonomy":"product_tag","embeddable":true,"href":"https:\/\/saintbody.com\/ukr\/wp-json\/wp\/v2\/product_tag?post=58188"}],"curies":[{"name":"wp","href":"https:\/\/api.w.org\/{rel}","templated":true}]}}