{"id":58148,"date":"2025-10-13T17:16:03","date_gmt":"2025-10-13T15:16:03","guid":{"rendered":"https:\/\/saintbody.com\/?post_type=product&#038;p=58148"},"modified":"2026-03-17T15:27:16","modified_gmt":"2026-03-17T14:27:16","slug":"chustka-z-domieszka-kaszmiru-ecru","status":"publish","type":"product","link":"https:\/\/saintbody.com\/ukr\/chustka-z-domieszka-kaszmiru-ecru\/","title":{"rendered":"\u0425\u0443\u0441\u0442\u043a\u0430 \u0437 \u043a\u0430\u0448\u0435\u043c\u0456\u0440\u0443 \u0435\u043a\u0440\u044e \u0432\u0435\u043b\u0438\u043a\u043e\u0433\u043e \u0440\u043e\u0437\u043c\u0456\u0440\u0443"},"content":{"rendered":"<p>\u041e\u0433\u043e\u0440\u043d\u0456\u0442\u044c \u0441\u0435\u0431\u0435 \u043c'\u044f\u043a\u0456\u0441\u0442\u044e \u0440\u043e\u0437\u043a\u043e\u0448\u0456. \u041d\u0430\u0448 \u0442\u0440\u0438\u043a\u0443\u0442\u043d\u0438\u0439 \u0448\u0430\u0440\u0444 \u0432\u0438\u0433\u043e\u0442\u043e\u0432\u043b\u0435\u043d\u0438\u0439 \u0437 \u0442\u0440\u0438\u043a\u043e\u0442\u0430\u0436\u0443 \u043d\u0430\u0439\u0432\u0438\u0449\u043e\u0457 \u044f\u043a\u043e\u0441\u0442\u0456, \u0434\u0435 \u043c'\u044f\u043a\u0456\u0441\u0442\u044c \u043c\u0456\u043a\u0440\u043e\u043c\u043e\u0434\u0430\u043b\u0430 \u043f\u043e\u0454\u0434\u043d\u0443\u0454\u0442\u044c\u0441\u044f \u0437 \u0442\u043e\u043d\u043a\u0438\u043c \u0442\u0435\u043f\u043b\u043e\u043c \u043a\u0430\u0448\u0435\u043c\u0456\u0440\u0443. \u041d\u0435\u0432\u0435\u043b\u0438\u043a\u0435 \u0434\u043e\u0434\u0430\u0432\u0430\u043d\u043d\u044f \u043b\u0430\u0439\u043a\u0440\u0438 \u043d\u0430\u0434\u0430\u0454 \u0439\u043e\u043c\u0443 \u0435\u043b\u0430\u0441\u0442\u0438\u0447\u043d\u043e\u0441\u0442\u0456 \u0442\u0430 \u0440\u043e\u0431\u0438\u0442\u044c \u0439\u043e\u0433\u043e \u0456\u0434\u0435\u0430\u043b\u044c\u043d\u043e \u043e\u0431\u043b\u044f\u0433\u0430\u044e\u0447\u0438\u043c.\u00a0<br data-start=\"1131\" data-end=\"1134\" \/>\u0426\u0435 \u043f\u043e\u0437\u0430\u0447\u0430\u0441\u043e\u0432\u0438\u0439 \u0430\u043a\u0441\u0435\u0441\u0443\u0430\u0440, \u044f\u043a\u0438\u0439 \u0434\u043e\u043f\u043e\u0432\u043d\u0438\u0442\u044c \u0431\u0443\u0434\u044c-\u044f\u043a\u0438\u0439 \u043e\u0431\u0440\u0430\u0437, \u0432\u0456\u0434 \u043f\u043e\u0432\u0441\u044f\u043a\u0434\u0435\u043d\u043d\u043e\u0433\u043e \u0434\u043e \u0435\u043b\u0435\u0433\u0430\u043d\u0442\u043d\u043e\u0433\u043e.<\/p>\n<p>\u0414\u043e\u0441\u0442\u0443\u043f\u043d\u0438\u0439 \u0443 \u0434\u0432\u043e\u0445 \u043a\u043e\u043b\u044c\u043e\u0440\u0430\u0445: \u0435\u043a\u0440\u044e \u0442\u0430 \u0442\u0435\u043c\u043d\u043e-\u043a\u043e\u0440\u0438\u0447\u043d\u0435\u0432\u0438\u0439.<\/p>\n<p>\u041e\u0441\u043d\u043e\u0432\u0430 115 \u0441\u043c \u0437\u0430\u0432\u0434\u043e\u0432\u0436\u043a\u0438 \u0456 55 \u0441\u043c \u0437\u0430\u0432\u0432\u0438\u0448\u043a\u0438.<\/p>\n<p>\u0412\u0438\u0440\u043e\u0431\u043b\u0435\u043d\u043e \u0432 \u041f\u043e\u043b\u044c\u0449\u0456.<\/p>\n<p>\u0422\u0430\u043a\u043e\u0436 \u043e\u0437\u043d\u0430\u0439\u043e\u043c\u0442\u0435\u0441\u044f \u0437 \u043d\u0430\u0448\u0438\u043c\u0438 \u0431\u0435\u0441\u0442\u0441\u0435\u043b\u0435\u0440\u0430\u043c\u0438 -\u00a0<a href=\"https:\/\/saintbody.com\/ukr\/kategoria\/body\/\">\u0431\u043e\u0434\u0456<\/a> !<br \/>\n\u0417\u0430\u0432\u0456\u0442\u0430\u0439\u0442\u0435 \u043d\u0430 \u043d\u0430\u0448 <a href=\"https:\/\/www.instagram.com\/saintbodyofficial\/\">\u0456\u043d\u0441\u0442\u0430\u0433\u0440\u0430\u043c<\/a>.<\/p>","protected":false},"excerpt":{"rendered":"<p>Otul si\u0119 mi\u0119kko\u015bci\u0105 luksusu. Nasza chustka o tr\u00f3jk\u0105tnym kroju zosta\u0142a uszyta z najwy\u017cszej jako\u015bci dzianiny, w kt\u00f3rej delikatno\u015b\u0107 Micro Modalu \u0142\u0105czy si\u0119 z subtelnym ciep\u0142em kaszmiru. Niewielki dodatek lycry nadaje jej elastyczno\u015b\u0107 i sprawia, \u017ce idealnie dopasowuje si\u0119 do kszta\u0142tu.\u00a0To ponadczasowy dodatek, kt\u00f3ry dope\u0142ni ka\u017cd\u0105 stylizacj\u0119 &#8211; od codziennej po eleganck\u0105. Dost\u0119pne w dw\u00f3ch kolorach [&hellip;]<\/p>","protected":false},"featured_media":58211,"template":"","meta":[],"product_brand":[],"product_cat":[20,187,183],"product_tag":[],"class_list":{"0":"post-58148","1":"product","2":"type-product","3":"status-publish","4":"has-post-thumbnail","6":"product_cat-wszystko","7":"product_cat-akcesoria-saint-body","8":"product_cat-sale","10":"first","11":"instock","12":"sale","13":"taxable","14":"shipping-taxable","15":"purchasable","16":"product-type-variable","17":"has-default-attributes"},"yoast_head":"<!-- This site is optimized with the Yoast SEO plugin v27.0 - https:\/\/yoast.com\/product\/yoast-seo-wordpress\/ -->\n<title>Chustka z domieszk\u0105 kaszmiru ecru du\u017ca - Sklep SAINTBODY<\/title>\n<meta name=\"description\" content=\"Otul si\u0119 mi\u0119kko\u015bci\u0105 luksusu. Nasza chustka o tr\u00f3jk\u0105tnym kroju zosta\u0142a uszyta z najwy\u017cszej jako\u015bci dzianiny, w kt\u00f3rej delikatno\u015b\u0107 Micro Modalu \u0142\u0105czy si\u0119 z subtelnym ciep\u0142em kaszmiru.\" \/>\n<meta name=\"robots\" content=\"index, follow, max-snippet:-1, max-image-preview:large, max-video-preview:-1\" \/>\n<link rel=\"canonical\" href=\"https:\/\/saintbody.com\/ukr\/chustka-z-domieszka-kaszmiru-ecru\/\" \/>\n<meta property=\"og:locale\" content=\"uk_UA\" \/>\n<meta property=\"og:type\" content=\"article\" \/>\n<meta property=\"og:title\" content=\"Chustka z domieszk\u0105 kaszmiru ecru du\u017ca - Sklep SAINTBODY\" \/>\n<meta property=\"og:description\" content=\"Otul si\u0119 mi\u0119kko\u015bci\u0105 luksusu. Nasza chustka o tr\u00f3jk\u0105tnym kroju zosta\u0142a uszyta z najwy\u017cszej jako\u015bci dzianiny, w kt\u00f3rej delikatno\u015b\u0107 Micro Modalu \u0142\u0105czy si\u0119 z subtelnym ciep\u0142em kaszmiru.\" \/>\n<meta property=\"og:url\" content=\"https:\/\/saintbody.com\/ukr\/chustka-z-domieszka-kaszmiru-ecru\/\" \/>\n<meta property=\"og:site_name\" content=\"Sklep SAINTBODY\" \/>\n<meta property=\"article:publisher\" content=\"https:\/\/facebook.com\/saintbody\/\" \/>\n<meta property=\"article:modified_time\" content=\"2026-03-17T14:27:16+00:00\" \/>\n<meta property=\"og:image\" content=\"https:\/\/saintbody.com\/wp-content\/uploads\/2025\/10\/SAINTBODY.OCT25_img25-scaled.jpeg\" \/>\n\t<meta property=\"og:image:width\" content=\"1828\" \/>\n\t<meta property=\"og:image:height\" content=\"2560\" \/>\n\t<meta property=\"og:image:type\" content=\"image\/jpeg\" \/>\n<meta name=\"twitter:card\" content=\"summary_large_image\" \/>\n<meta name=\"twitter:label1\" content=\"\u041f\u0440\u0438\u0431\u043b. \u0447\u0430\u0441 \u0447\u0438\u0442\u0430\u043d\u043d\u044f\" \/>\n\t<meta name=\"twitter:data1\" content=\"1 \u0445\u0432\u0438\u043b\u0438\u043d\u0430\" \/>\n<script type=\"application\/ld+json\" class=\"yoast-schema-graph\">{\"@context\":\"https:\/\/schema.org\",\"@graph\":[{\"@type\":\"WebPage\",\"@id\":\"https:\/\/saintbody.com\/chustka-z-domieszka-kaszmiru-ecru\/\",\"url\":\"https:\/\/saintbody.com\/chustka-z-domieszka-kaszmiru-ecru\/\",\"name\":\"Chustka z domieszk\u0105 kaszmiru ecru du\u017ca - Sklep SAINTBODY\",\"isPartOf\":{\"@id\":\"https:\/\/saintbody.com\/#website\"},\"primaryImageOfPage\":{\"@id\":\"https:\/\/saintbody.com\/chustka-z-domieszka-kaszmiru-ecru\/#primaryimage\"},\"image\":{\"@id\":\"https:\/\/saintbody.com\/chustka-z-domieszka-kaszmiru-ecru\/#primaryimage\"},\"thumbnailUrl\":\"https:\/\/saintbody.com\/wp-content\/uploads\/2025\/10\/SAINTBODY.OCT25_img25-scaled.jpeg\",\"datePublished\":\"2025-10-13T15:16:03+00:00\",\"dateModified\":\"2026-03-17T14:27:16+00:00\",\"description\":\"Otul si\u0119 mi\u0119kko\u015bci\u0105 luksusu. Nasza chustka o tr\u00f3jk\u0105tnym kroju zosta\u0142a uszyta z najwy\u017cszej jako\u015bci dzianiny, w kt\u00f3rej delikatno\u015b\u0107 Micro Modalu \u0142\u0105czy si\u0119 z subtelnym ciep\u0142em kaszmiru.\",\"breadcrumb\":{\"@id\":\"https:\/\/saintbody.com\/chustka-z-domieszka-kaszmiru-ecru\/#breadcrumb\"},\"inLanguage\":\"uk\",\"potentialAction\":[{\"@type\":\"ReadAction\",\"target\":[\"https:\/\/saintbody.com\/chustka-z-domieszka-kaszmiru-ecru\/\"]}]},{\"@type\":\"ImageObject\",\"inLanguage\":\"uk\",\"@id\":\"https:\/\/saintbody.com\/chustka-z-domieszka-kaszmiru-ecru\/#primaryimage\",\"url\":\"https:\/\/saintbody.com\/wp-content\/uploads\/2025\/10\/SAINTBODY.OCT25_img25-scaled.jpeg\",\"contentUrl\":\"https:\/\/saintbody.com\/wp-content\/uploads\/2025\/10\/SAINTBODY.OCT25_img25-scaled.jpeg\",\"width\":1828,\"height\":2560},{\"@type\":\"BreadcrumbList\",\"@id\":\"https:\/\/saintbody.com\/chustka-z-domieszka-kaszmiru-ecru\/#breadcrumb\",\"itemListElement\":[{\"@type\":\"ListItem\",\"position\":1,\"name\":\"Strona g\u0142\u00f3wna\",\"item\":\"https:\/\/saintbody.com\/\"},{\"@type\":\"ListItem\",\"position\":2,\"name\":\"Sklep\",\"item\":\"https:\/\/saintbody.com\/sklep\/\"},{\"@type\":\"ListItem\",\"position\":3,\"name\":\"Chustka z domieszk\u0105 kaszmiru ecru du\u017ca\"}]},{\"@type\":\"WebSite\",\"@id\":\"https:\/\/saintbody.com\/#website\",\"url\":\"https:\/\/saintbody.com\/\",\"name\":\"Sklep SAINTBODY\",\"description\":\"Premium basic na ka\u00c5\u00bcd\u00c4\u2026 okazje. Ponadczasowe Body, Odzie\u00c5\u00bc damska, Sukienki Damskie\",\"publisher\":{\"@id\":\"https:\/\/saintbody.com\/#organization\"},\"potentialAction\":[{\"@type\":\"SearchAction\",\"target\":{\"@type\":\"EntryPoint\",\"urlTemplate\":\"https:\/\/saintbody.com\/?s={search_term_string}\"},\"query-input\":{\"@type\":\"PropertyValueSpecification\",\"valueRequired\":true,\"valueName\":\"search_term_string\"}}],\"inLanguage\":\"uk\"},{\"@type\":\"Organization\",\"@id\":\"https:\/\/saintbody.com\/#organization\",\"name\":\"Sklep Saint Body\",\"url\":\"https:\/\/saintbody.com\/\",\"logo\":{\"@type\":\"ImageObject\",\"inLanguage\":\"uk\",\"@id\":\"https:\/\/saintbody.com\/#\/schema\/logo\/image\/\",\"url\":\"https:\/\/saintbody.com\/wp-content\/uploads\/2023\/04\/SaintBody_Logo_Typografia-e1691418926919.png\",\"contentUrl\":\"https:\/\/saintbody.com\/wp-content\/uploads\/2023\/04\/SaintBody_Logo_Typografia-e1691418926919.png\",\"width\":1000,\"height\":202,\"caption\":\"Sklep Saint Body\"},\"image\":{\"@id\":\"https:\/\/saintbody.com\/#\/schema\/logo\/image\/\"},\"sameAs\":[\"https:\/\/facebook.com\/saintbody\/\"]}]}<\/script>\n<!-- \/ Yoast SEO plugin. -->","yoast_head_json":{"title":"Chustka z domieszk\u0105 kaszmiru ecru du\u017ca - Sklep SAINTBODY","description":"Otul si\u0119 mi\u0119kko\u015bci\u0105 luksusu. Nasza chustka o tr\u00f3jk\u0105tnym kroju zosta\u0142a uszyta z najwy\u017cszej jako\u015bci dzianiny, w kt\u00f3rej delikatno\u015b\u0107 Micro Modalu \u0142\u0105czy si\u0119 z subtelnym ciep\u0142em kaszmiru.","robots":{"index":"index","follow":"follow","max-snippet":"max-snippet:-1","max-image-preview":"max-image-preview:large","max-video-preview":"max-video-preview:-1"},"canonical":"https:\/\/saintbody.com\/ukr\/chustka-z-domieszka-kaszmiru-ecru\/","og_locale":"uk_UA","og_type":"article","og_title":"Chustka z domieszk\u0105 kaszmiru ecru du\u017ca - Sklep SAINTBODY","og_description":"Otul si\u0119 mi\u0119kko\u015bci\u0105 luksusu. Nasza chustka o tr\u00f3jk\u0105tnym kroju zosta\u0142a uszyta z najwy\u017cszej jako\u015bci dzianiny, w kt\u00f3rej delikatno\u015b\u0107 Micro Modalu \u0142\u0105czy si\u0119 z subtelnym ciep\u0142em kaszmiru.","og_url":"https:\/\/saintbody.com\/ukr\/chustka-z-domieszka-kaszmiru-ecru\/","og_site_name":"Sklep SAINTBODY","article_publisher":"https:\/\/facebook.com\/saintbody\/","article_modified_time":"2026-03-17T14:27:16+00:00","og_image":[{"width":1828,"height":2560,"url":"https:\/\/saintbody.com\/wp-content\/uploads\/2025\/10\/SAINTBODY.OCT25_img25-scaled.jpeg","type":"image\/jpeg"}],"twitter_card":"summary_large_image","twitter_misc":{"\u041f\u0440\u0438\u0431\u043b. \u0447\u0430\u0441 \u0447\u0438\u0442\u0430\u043d\u043d\u044f":"1 \u0445\u0432\u0438\u043b\u0438\u043d\u0430"},"schema":{"@context":"https:\/\/schema.org","@graph":[{"@type":"WebPage","@id":"https:\/\/saintbody.com\/chustka-z-domieszka-kaszmiru-ecru\/","url":"https:\/\/saintbody.com\/chustka-z-domieszka-kaszmiru-ecru\/","name":"Chustka z domieszk\u0105 kaszmiru ecru du\u017ca - Sklep SAINTBODY","isPartOf":{"@id":"https:\/\/saintbody.com\/#website"},"primaryImageOfPage":{"@id":"https:\/\/saintbody.com\/chustka-z-domieszka-kaszmiru-ecru\/#primaryimage"},"image":{"@id":"https:\/\/saintbody.com\/chustka-z-domieszka-kaszmiru-ecru\/#primaryimage"},"thumbnailUrl":"https:\/\/saintbody.com\/wp-content\/uploads\/2025\/10\/SAINTBODY.OCT25_img25-scaled.jpeg","datePublished":"2025-10-13T15:16:03+00:00","dateModified":"2026-03-17T14:27:16+00:00","description":"Otul si\u0119 mi\u0119kko\u015bci\u0105 luksusu. Nasza chustka o tr\u00f3jk\u0105tnym kroju zosta\u0142a uszyta z najwy\u017cszej jako\u015bci dzianiny, w kt\u00f3rej delikatno\u015b\u0107 Micro Modalu \u0142\u0105czy si\u0119 z subtelnym ciep\u0142em kaszmiru.","breadcrumb":{"@id":"https:\/\/saintbody.com\/chustka-z-domieszka-kaszmiru-ecru\/#breadcrumb"},"inLanguage":"uk","potentialAction":[{"@type":"ReadAction","target":["https:\/\/saintbody.com\/chustka-z-domieszka-kaszmiru-ecru\/"]}]},{"@type":"ImageObject","inLanguage":"uk","@id":"https:\/\/saintbody.com\/chustka-z-domieszka-kaszmiru-ecru\/#primaryimage","url":"https:\/\/saintbody.com\/wp-content\/uploads\/2025\/10\/SAINTBODY.OCT25_img25-scaled.jpeg","contentUrl":"https:\/\/saintbody.com\/wp-content\/uploads\/2025\/10\/SAINTBODY.OCT25_img25-scaled.jpeg","width":1828,"height":2560},{"@type":"BreadcrumbList","@id":"https:\/\/saintbody.com\/chustka-z-domieszka-kaszmiru-ecru\/#breadcrumb","itemListElement":[{"@type":"ListItem","position":1,"name":"Strona g\u0142\u00f3wna","item":"https:\/\/saintbody.com\/"},{"@type":"ListItem","position":2,"name":"Sklep","item":"https:\/\/saintbody.com\/sklep\/"},{"@type":"ListItem","position":3,"name":"Chustka z domieszk\u0105 kaszmiru ecru du\u017ca"}]},{"@type":"WebSite","@id":"https:\/\/saintbody.com\/#website","url":"https:\/\/saintbody.com\/","name":"Sklep SAINTBODY","description":"Premium basic na ka\u00c5\u00bcd\u00c4\u2026 okazje. Ponadczasowe Body, Odzie\u00c5\u00bc damska, Sukienki Damskie","publisher":{"@id":"https:\/\/saintbody.com\/#organization"},"potentialAction":[{"@type":"SearchAction","target":{"@type":"EntryPoint","urlTemplate":"https:\/\/saintbody.com\/?s={search_term_string}"},"query-input":{"@type":"PropertyValueSpecification","valueRequired":true,"valueName":"search_term_string"}}],"inLanguage":"uk"},{"@type":"Organization","@id":"https:\/\/saintbody.com\/#organization","name":"Sklep Saint Body","url":"https:\/\/saintbody.com\/","logo":{"@type":"ImageObject","inLanguage":"uk","@id":"https:\/\/saintbody.com\/#\/schema\/logo\/image\/","url":"https:\/\/saintbody.com\/wp-content\/uploads\/2023\/04\/SaintBody_Logo_Typografia-e1691418926919.png","contentUrl":"https:\/\/saintbody.com\/wp-content\/uploads\/2023\/04\/SaintBody_Logo_Typografia-e1691418926919.png","width":1000,"height":202,"caption":"Sklep Saint Body"},"image":{"@id":"https:\/\/saintbody.com\/#\/schema\/logo\/image\/"},"sameAs":["https:\/\/facebook.com\/saintbody\/"]}]}},"_links":{"self":[{"href":"https:\/\/saintbody.com\/ukr\/wp-json\/wp\/v2\/product\/58148","targetHints":{"allow":["GET"]}}],"collection":[{"href":"https:\/\/saintbody.com\/ukr\/wp-json\/wp\/v2\/product"}],"about":[{"href":"https:\/\/saintbody.com\/ukr\/wp-json\/wp\/v2\/types\/product"}],"wp:featuredmedia":[{"embeddable":true,"href":"https:\/\/saintbody.com\/ukr\/wp-json\/wp\/v2\/media\/58211"}],"wp:attachment":[{"href":"https:\/\/saintbody.com\/ukr\/wp-json\/wp\/v2\/media?parent=58148"}],"wp:term":[{"taxonomy":"product_brand","embeddable":true,"href":"https:\/\/saintbody.com\/ukr\/wp-json\/wp\/v2\/product_brand?post=58148"},{"taxonomy":"product_cat","embeddable":true,"href":"https:\/\/saintbody.com\/ukr\/wp-json\/wp\/v2\/product_cat?post=58148"},{"taxonomy":"product_tag","embeddable":true,"href":"https:\/\/saintbody.com\/ukr\/wp-json\/wp\/v2\/product_tag?post=58148"}],"curies":[{"name":"wp","href":"https:\/\/api.w.org\/{rel}","templated":true}]}}