{"id":56420,"date":"2025-06-24T15:42:08","date_gmt":"2025-06-24T13:42:08","guid":{"rendered":"https:\/\/saintbody.com\/?post_type=product&#038;p=56420"},"modified":"2026-03-26T13:34:11","modified_gmt":"2026-03-26T12:34:11","slug":"gora-od-bikini-olive","status":"publish","type":"product","link":"https:\/\/saintbody.com\/ukr\/gora-od-bikini-olive\/","title":{"rendered":"\u0411\u0456\u043a\u0456\u043d\u0456 \u0442\u043e\u043f \u043e\u043b\u0438\u0432\u043a\u043e\u0432\u0438\u0439"},"content":{"rendered":"<p><span style=\"font-weight: 400;\">\u0412\u0435\u0440\u0445 \u043a\u0443\u043f\u0430\u043b\u044c\u043d\u043e\u0433\u043e \u043a\u043e\u0441\u0442\u044e\u043c\u0430 \u0443 \u0444\u043e\u0440\u043c\u0456 \u043a\u043b\u0430\u0441\u0438\u0447\u043d\u043e\u0433\u043e \u0442\u0440\u0438\u043a\u0443\u0442\u043d\u0438\u043a\u0430 - \u0446\u0435 \u043a\u0438\u0432\u043e\u043a \u043c\u0456\u043d\u0456\u043c\u0430\u043b\u0456\u0441\u0442\u0438\u0447\u043d\u0456\u0439 \u0435\u0441\u0442\u0435\u0442\u0438\u0446\u0456 \u0442\u0430 \u0446\u0456\u043b\u043a\u043e\u0432\u0438\u0442\u0456\u0439 \u0441\u0432\u043e\u0431\u043e\u0434\u0456. \u0412\u0438\u0433\u043e\u0442\u043e\u0432\u043b\u0435\u043d\u0438\u0439 \u0437 \u0435\u043b\u0430\u0441\u0442\u0438\u0447\u043d\u043e\u0457 \u0442\u043a\u0430\u043d\u0438\u043d\u0438, \u0449\u043e \u0448\u0432\u0438\u0434\u043a\u043e \u0441\u043e\u0445\u043d\u0435, \u0432\u0456\u043d \u0442\u043e\u043d\u043a\u043e \u043f\u0456\u0434\u043a\u0440\u0435\u0441\u043b\u044e\u0454 \u0431\u044e\u0441\u0442, \u0430 \u0442\u043e\u043d\u043a\u0456 \u0440\u0435\u0433\u0443\u043b\u044c\u043e\u0432\u0430\u043d\u0456 \u0431\u0440\u0435\u0442\u0435\u043b\u0456 \u0437\u0430\u0431\u0435\u0437\u043f\u0435\u0447\u0443\u044e\u0442\u044c \u0456\u0434\u0435\u0430\u043b\u044c\u043d\u0443 \u043f\u043e\u0441\u0430\u0434\u043a\u0443. \u0422\u043e\u043d\u043a\u0430 \u0431\u0440\u0435\u0442\u0435\u043b\u044c \u0437\u0437\u0430\u0434\u0443 \u0434\u043e\u0434\u0430\u0454 \u0432\u0438\u0440\u043e\u0431\u0443 \u043b\u0435\u0433\u043a\u043e\u0441\u0442\u0456 \u0442\u0430 \u0434\u0435\u043b\u0456\u043a\u0430\u0442\u043d\u043e\u0441\u0442\u0456, \u0437\u0430\u043b\u0438\u0448\u0430\u044e\u0447\u0438 \u0441\u043f\u0438\u043d\u0443 \u0447\u0443\u0442\u0442\u0454\u0432\u043e \u043e\u0433\u043e\u043b\u0435\u043d\u043e\u044e.<\/span><\/p>\n<p><span style=\"font-weight: 400;\">\u0414\u043e\u0441\u0442\u0443\u043f\u043d\u0438\u0439 \u0443 \u0434\u0432\u043e\u0445 \u0443\u043d\u0456\u0432\u0435\u0440\u0441\u0430\u043b\u044c\u043d\u0438\u0445 \u043a\u043e\u043b\u044c\u043e\u0440\u0430\u0445 - \u0433\u043b\u0438\u0431\u043e\u043a\u043e\u043c\u0443 \u0447\u043e\u0440\u043d\u043e\u043c\u0443 \u0442\u0430 \u043e\u043b\u0438\u0432\u043a\u043e\u0432\u043e\u043c\u0443 - \u0432\u0456\u043d \u0431\u0443\u0434\u0435 \u0434\u043e\u0431\u0440\u0435 \u0432\u0438\u0433\u043b\u044f\u0434\u0430\u0442\u0438 \u044f\u043a \u0441\u043e\u043b\u043e, \u0442\u0430\u043a \u0456 \u0432 \u043f\u0430\u0440\u0456 \u0437 \u0432\u0456\u0434\u043f\u043e\u0432\u0456\u0434\u043d\u0438\u043c \u0434\u043d\u043e\u043c. \u0426\u0435 \u0456\u0434\u0435\u0430\u043b\u044c\u043d\u0438\u0439 \u0432\u0438\u0431\u0456\u0440 \u0434\u043b\u044f \u043b\u0456\u0442\u043d\u0456\u0445 \u0434\u043d\u0456\u0432, \u0441\u043f\u043e\u0432\u043d\u0435\u043d\u0438\u0445 \u0441\u043e\u043d\u0446\u044f, \u043c\u043e\u0440\u044f \u0442\u0430 \u043d\u0435\u0432\u0438\u043c\u0443\u0448\u0435\u043d\u043e\u0441\u0442\u0456.<\/span><\/p>\n<p>\u0422\u0430\u043a\u043e\u0436 \u043e\u0437\u043d\u0430\u0439\u043e\u043c\u0442\u0435\u0441\u044f \u0437 \u043d\u0430\u0448\u0438\u043c\u0438 \u0431\u0435\u0441\u0442\u0441\u0435\u043b\u0435\u0440\u0430\u043c\u0438 -\u00a0<a href=\"https:\/\/saintbody.com\/ukr\/kategoria\/body\/\">\u0431\u043e\u0434\u0456<\/a> !<br \/>\n\u0417\u0430\u0432\u0456\u0442\u0430\u0439\u0442\u0435 \u043d\u0430 \u043d\u0430\u0448 <a href=\"https:\/\/www.instagram.com\/saintbodyofficial\/\">\u0456\u043d\u0441\u0442\u0430\u0433\u0440\u0430\u043c<\/a>.<\/p>","protected":false},"excerpt":{"rendered":"<p><span data-sheets-root=\"1\">80% \u041f\u043e\u043b\u0456\u0430\u043c\u0456\u0434, 20% \u0415\u043b\u0430\u0441\u0442\u0430\u043d<\/span><br \/>\n\u041c\u043e\u0434\u0435\u043b\u044c \u043c\u0430\u0454 \u0437\u0440\u0456\u0441\u0442 173 \u0441\u043c, \u043e\u0434\u044f\u0433 \u043d\u0430 \u043c\u043e\u0434\u0435\u043b\u0456 \u043f\u0440e\u0434\u0441\u0442\u0430\u0432\u043b\u0435\u043d\u0438\u0439 \u0443 \u0440\u043e\u0437\u043c\u0456\u0440\u0456 XS.<\/p>\n<p>\u0422\u0430\u043a\u043e\u0436 \u043e\u0437\u043d\u0430\u0439\u043e\u043c\u0442\u0435\u0441\u044f \u0437 \u043d\u0430\u0448\u0438\u043c\u0438 \u0431\u0435\u0441\u0442\u0441\u0435\u043b\u0435\u0440\u0430\u043c\u0438 -\u00a0<a href=\"https:\/\/saintbody.com\/ukr\/kategoria\/body\/\">\u0431\u043e\u0434\u0456<\/a> !<br \/>\n\u0417\u0430\u0432\u0456\u0442\u0430\u0439\u0442\u0435 \u043d\u0430 \u043d\u0430\u0448 <a href=\"https:\/\/www.instagram.com\/saintbodyofficial\/\">\u0456\u043d\u0441\u0442\u0430\u0433\u0440\u0430\u043c<\/a>.<\/p>","protected":false},"featured_media":57294,"template":"","meta":[],"product_brand":[],"product_cat":[187,37,20],"product_tag":[23],"class_list":{"0":"post-56420","1":"product","2":"type-product","3":"status-publish","4":"has-post-thumbnail","6":"product_cat-akcesoria-saint-body","7":"product_cat-topy","8":"product_cat-wszystko","9":"product_tag-body","11":"first","12":"instock","13":"taxable","14":"shipping-taxable","15":"purchasable","16":"product-type-variable"},"yoast_head":"<!-- This site is optimized with the Yoast SEO plugin v27.0 - https:\/\/yoast.com\/product\/yoast-seo-wordpress\/ -->\n<title>G\u00f3ra od bikini olive - Sklep SAINTBODY<\/title>\n<meta name=\"description\" content=\"Niezwykle wygodne body z szerokim dekoltem w kszta\u0142cie litery U i kr\u00f3tkim r\u0119kawkiem. Idealne w codziennej stylizacji do jeans\u00f3w...\" \/>\n<meta name=\"robots\" content=\"index, follow, max-snippet:-1, max-image-preview:large, max-video-preview:-1\" \/>\n<link rel=\"canonical\" href=\"https:\/\/saintbody.com\/ukr\/gora-od-bikini-olive\/\" \/>\n<meta property=\"og:locale\" content=\"uk_UA\" \/>\n<meta property=\"og:type\" content=\"article\" \/>\n<meta property=\"og:title\" content=\"G\u00f3ra od bikini olive - Sklep SAINTBODY\" \/>\n<meta property=\"og:description\" content=\"Niezwykle wygodne body z szerokim dekoltem w kszta\u0142cie litery U i kr\u00f3tkim r\u0119kawkiem. Idealne w codziennej stylizacji do jeans\u00f3w...\" \/>\n<meta property=\"og:url\" content=\"https:\/\/saintbody.com\/ukr\/gora-od-bikini-olive\/\" \/>\n<meta property=\"og:site_name\" content=\"Sklep SAINTBODY\" \/>\n<meta property=\"article:publisher\" content=\"https:\/\/facebook.com\/saintbody\/\" \/>\n<meta property=\"article:modified_time\" content=\"2026-03-26T12:34:11+00:00\" \/>\n<meta property=\"og:image\" content=\"https:\/\/saintbody.com\/wp-content\/uploads\/2025\/06\/IMG_3269.jpg\" \/>\n\t<meta property=\"og:image:width\" content=\"1536\" \/>\n\t<meta property=\"og:image:height\" content=\"2048\" \/>\n\t<meta property=\"og:image:type\" content=\"image\/jpeg\" \/>\n<meta name=\"twitter:card\" content=\"summary_large_image\" \/>\n<meta name=\"twitter:label1\" content=\"\u041f\u0440\u0438\u0431\u043b. \u0447\u0430\u0441 \u0447\u0438\u0442\u0430\u043d\u043d\u044f\" \/>\n\t<meta name=\"twitter:data1\" content=\"1 \u0445\u0432\u0438\u043b\u0438\u043d\u0430\" \/>\n<script type=\"application\/ld+json\" class=\"yoast-schema-graph\">{\"@context\":\"https:\/\/schema.org\",\"@graph\":[{\"@type\":\"WebPage\",\"@id\":\"https:\/\/saintbody.com\/gora-od-bikini-olive\/\",\"url\":\"https:\/\/saintbody.com\/gora-od-bikini-olive\/\",\"name\":\"G\u00f3ra od bikini olive - Sklep SAINTBODY\",\"isPartOf\":{\"@id\":\"https:\/\/saintbody.com\/#website\"},\"primaryImageOfPage\":{\"@id\":\"https:\/\/saintbody.com\/gora-od-bikini-olive\/#primaryimage\"},\"image\":{\"@id\":\"https:\/\/saintbody.com\/gora-od-bikini-olive\/#primaryimage\"},\"thumbnailUrl\":\"https:\/\/saintbody.com\/wp-content\/uploads\/2025\/06\/IMG_3269.jpg\",\"datePublished\":\"2025-06-24T13:42:08+00:00\",\"dateModified\":\"2026-03-26T12:34:11+00:00\",\"description\":\"Niezwykle wygodne body z szerokim dekoltem w kszta\u0142cie litery U i kr\u00f3tkim r\u0119kawkiem. Idealne w codziennej stylizacji do jeans\u00f3w...\",\"breadcrumb\":{\"@id\":\"https:\/\/saintbody.com\/gora-od-bikini-olive\/#breadcrumb\"},\"inLanguage\":\"uk\",\"potentialAction\":[{\"@type\":\"ReadAction\",\"target\":[\"https:\/\/saintbody.com\/gora-od-bikini-olive\/\"]}]},{\"@type\":\"ImageObject\",\"inLanguage\":\"uk\",\"@id\":\"https:\/\/saintbody.com\/gora-od-bikini-olive\/#primaryimage\",\"url\":\"https:\/\/saintbody.com\/wp-content\/uploads\/2025\/06\/IMG_3269.jpg\",\"contentUrl\":\"https:\/\/saintbody.com\/wp-content\/uploads\/2025\/06\/IMG_3269.jpg\",\"width\":1536,\"height\":2048},{\"@type\":\"BreadcrumbList\",\"@id\":\"https:\/\/saintbody.com\/gora-od-bikini-olive\/#breadcrumb\",\"itemListElement\":[{\"@type\":\"ListItem\",\"position\":1,\"name\":\"Strona g\u0142\u00f3wna\",\"item\":\"https:\/\/saintbody.com\/\"},{\"@type\":\"ListItem\",\"position\":2,\"name\":\"Sklep\",\"item\":\"https:\/\/saintbody.com\/sklep\/\"},{\"@type\":\"ListItem\",\"position\":3,\"name\":\"G\u00f3ra od bikini olive\"}]},{\"@type\":\"WebSite\",\"@id\":\"https:\/\/saintbody.com\/#website\",\"url\":\"https:\/\/saintbody.com\/\",\"name\":\"Sklep SAINTBODY\",\"description\":\"Premium basic na ka\u00c5\u00bcd\u00c4\u2026 okazje. Ponadczasowe Body, Odzie\u00c5\u00bc damska, Sukienki Damskie\",\"publisher\":{\"@id\":\"https:\/\/saintbody.com\/#organization\"},\"potentialAction\":[{\"@type\":\"SearchAction\",\"target\":{\"@type\":\"EntryPoint\",\"urlTemplate\":\"https:\/\/saintbody.com\/?s={search_term_string}\"},\"query-input\":{\"@type\":\"PropertyValueSpecification\",\"valueRequired\":true,\"valueName\":\"search_term_string\"}}],\"inLanguage\":\"uk\"},{\"@type\":\"Organization\",\"@id\":\"https:\/\/saintbody.com\/#organization\",\"name\":\"Sklep Saint Body\",\"url\":\"https:\/\/saintbody.com\/\",\"logo\":{\"@type\":\"ImageObject\",\"inLanguage\":\"uk\",\"@id\":\"https:\/\/saintbody.com\/#\/schema\/logo\/image\/\",\"url\":\"https:\/\/saintbody.com\/wp-content\/uploads\/2023\/04\/SaintBody_Logo_Typografia-e1691418926919.png\",\"contentUrl\":\"https:\/\/saintbody.com\/wp-content\/uploads\/2023\/04\/SaintBody_Logo_Typografia-e1691418926919.png\",\"width\":1000,\"height\":202,\"caption\":\"Sklep Saint Body\"},\"image\":{\"@id\":\"https:\/\/saintbody.com\/#\/schema\/logo\/image\/\"},\"sameAs\":[\"https:\/\/facebook.com\/saintbody\/\"]}]}<\/script>\n<!-- \/ Yoast SEO plugin. -->","yoast_head_json":{"title":"G\u00f3ra od bikini olive - Sklep SAINTBODY","description":"Niezwykle wygodne body z szerokim dekoltem w kszta\u0142cie litery U i kr\u00f3tkim r\u0119kawkiem. Idealne w codziennej stylizacji do jeans\u00f3w...","robots":{"index":"index","follow":"follow","max-snippet":"max-snippet:-1","max-image-preview":"max-image-preview:large","max-video-preview":"max-video-preview:-1"},"canonical":"https:\/\/saintbody.com\/ukr\/gora-od-bikini-olive\/","og_locale":"uk_UA","og_type":"article","og_title":"G\u00f3ra od bikini olive - Sklep SAINTBODY","og_description":"Niezwykle wygodne body z szerokim dekoltem w kszta\u0142cie litery U i kr\u00f3tkim r\u0119kawkiem. Idealne w codziennej stylizacji do jeans\u00f3w...","og_url":"https:\/\/saintbody.com\/ukr\/gora-od-bikini-olive\/","og_site_name":"Sklep SAINTBODY","article_publisher":"https:\/\/facebook.com\/saintbody\/","article_modified_time":"2026-03-26T12:34:11+00:00","og_image":[{"width":1536,"height":2048,"url":"https:\/\/saintbody.com\/wp-content\/uploads\/2025\/06\/IMG_3269.jpg","type":"image\/jpeg"}],"twitter_card":"summary_large_image","twitter_misc":{"\u041f\u0440\u0438\u0431\u043b. \u0447\u0430\u0441 \u0447\u0438\u0442\u0430\u043d\u043d\u044f":"1 \u0445\u0432\u0438\u043b\u0438\u043d\u0430"},"schema":{"@context":"https:\/\/schema.org","@graph":[{"@type":"WebPage","@id":"https:\/\/saintbody.com\/gora-od-bikini-olive\/","url":"https:\/\/saintbody.com\/gora-od-bikini-olive\/","name":"G\u00f3ra od bikini olive - Sklep SAINTBODY","isPartOf":{"@id":"https:\/\/saintbody.com\/#website"},"primaryImageOfPage":{"@id":"https:\/\/saintbody.com\/gora-od-bikini-olive\/#primaryimage"},"image":{"@id":"https:\/\/saintbody.com\/gora-od-bikini-olive\/#primaryimage"},"thumbnailUrl":"https:\/\/saintbody.com\/wp-content\/uploads\/2025\/06\/IMG_3269.jpg","datePublished":"2025-06-24T13:42:08+00:00","dateModified":"2026-03-26T12:34:11+00:00","description":"Niezwykle wygodne body z szerokim dekoltem w kszta\u0142cie litery U i kr\u00f3tkim r\u0119kawkiem. Idealne w codziennej stylizacji do jeans\u00f3w...","breadcrumb":{"@id":"https:\/\/saintbody.com\/gora-od-bikini-olive\/#breadcrumb"},"inLanguage":"uk","potentialAction":[{"@type":"ReadAction","target":["https:\/\/saintbody.com\/gora-od-bikini-olive\/"]}]},{"@type":"ImageObject","inLanguage":"uk","@id":"https:\/\/saintbody.com\/gora-od-bikini-olive\/#primaryimage","url":"https:\/\/saintbody.com\/wp-content\/uploads\/2025\/06\/IMG_3269.jpg","contentUrl":"https:\/\/saintbody.com\/wp-content\/uploads\/2025\/06\/IMG_3269.jpg","width":1536,"height":2048},{"@type":"BreadcrumbList","@id":"https:\/\/saintbody.com\/gora-od-bikini-olive\/#breadcrumb","itemListElement":[{"@type":"ListItem","position":1,"name":"Strona g\u0142\u00f3wna","item":"https:\/\/saintbody.com\/"},{"@type":"ListItem","position":2,"name":"Sklep","item":"https:\/\/saintbody.com\/sklep\/"},{"@type":"ListItem","position":3,"name":"G\u00f3ra od bikini olive"}]},{"@type":"WebSite","@id":"https:\/\/saintbody.com\/#website","url":"https:\/\/saintbody.com\/","name":"Sklep SAINTBODY","description":"Premium basic na ka\u00c5\u00bcd\u00c4\u2026 okazje. Ponadczasowe Body, Odzie\u00c5\u00bc damska, Sukienki Damskie","publisher":{"@id":"https:\/\/saintbody.com\/#organization"},"potentialAction":[{"@type":"SearchAction","target":{"@type":"EntryPoint","urlTemplate":"https:\/\/saintbody.com\/?s={search_term_string}"},"query-input":{"@type":"PropertyValueSpecification","valueRequired":true,"valueName":"search_term_string"}}],"inLanguage":"uk"},{"@type":"Organization","@id":"https:\/\/saintbody.com\/#organization","name":"Sklep Saint Body","url":"https:\/\/saintbody.com\/","logo":{"@type":"ImageObject","inLanguage":"uk","@id":"https:\/\/saintbody.com\/#\/schema\/logo\/image\/","url":"https:\/\/saintbody.com\/wp-content\/uploads\/2023\/04\/SaintBody_Logo_Typografia-e1691418926919.png","contentUrl":"https:\/\/saintbody.com\/wp-content\/uploads\/2023\/04\/SaintBody_Logo_Typografia-e1691418926919.png","width":1000,"height":202,"caption":"Sklep Saint Body"},"image":{"@id":"https:\/\/saintbody.com\/#\/schema\/logo\/image\/"},"sameAs":["https:\/\/facebook.com\/saintbody\/"]}]}},"_links":{"self":[{"href":"https:\/\/saintbody.com\/ukr\/wp-json\/wp\/v2\/product\/56420","targetHints":{"allow":["GET"]}}],"collection":[{"href":"https:\/\/saintbody.com\/ukr\/wp-json\/wp\/v2\/product"}],"about":[{"href":"https:\/\/saintbody.com\/ukr\/wp-json\/wp\/v2\/types\/product"}],"wp:featuredmedia":[{"embeddable":true,"href":"https:\/\/saintbody.com\/ukr\/wp-json\/wp\/v2\/media\/57294"}],"wp:attachment":[{"href":"https:\/\/saintbody.com\/ukr\/wp-json\/wp\/v2\/media?parent=56420"}],"wp:term":[{"taxonomy":"product_brand","embeddable":true,"href":"https:\/\/saintbody.com\/ukr\/wp-json\/wp\/v2\/product_brand?post=56420"},{"taxonomy":"product_cat","embeddable":true,"href":"https:\/\/saintbody.com\/ukr\/wp-json\/wp\/v2\/product_cat?post=56420"},{"taxonomy":"product_tag","embeddable":true,"href":"https:\/\/saintbody.com\/ukr\/wp-json\/wp\/v2\/product_tag?post=56420"}],"curies":[{"name":"wp","href":"https:\/\/api.w.org\/{rel}","templated":true}]}}