{"id":52851,"date":"2024-11-13T13:06:07","date_gmt":"2024-11-13T12:06:07","guid":{"rendered":"https:\/\/saintbody.com\/?post_type=product&#038;p=52851"},"modified":"2025-07-17T22:43:26","modified_gmt":"2025-07-17T20:43:26","slug":"sukienka-midi-z-ramiaczkami-na-dlugi-rekaw-czarna","status":"publish","type":"product","link":"https:\/\/saintbody.com\/ukr\/sukienka-midi-z-ramiaczkami-na-dlugi-rekaw-czarna\/","title":{"rendered":"\u0421\u0443\u043a\u043d\u044f \u043c\u0456\u0434\u0456 \u0431\u0435\u0437 \u0431\u0440\u0435\u0442\u0435\u043b\u0435\u0439 \u0437 \u0434\u043e\u0432\u0433\u0438\u043c \u0440\u0443\u043a\u0430\u0432\u043e\u043c \u0447\u043e\u0440\u043d\u0430"},"content":{"rendered":"<p>\u0421\u0443\u043a\u043d\u044f \u043c\u0456\u0434\u0456 \u0431\u0435\u0437 \u0431\u0440\u0435\u0442\u0435\u043b\u0435\u0439 \u0437 \u0434\u043e\u0432\u0433\u0438\u043c \u0440\u0443\u043a\u0430\u0432\u043e\u043c \u043f\u043e\u0454\u0434\u043d\u0443\u0454 \u0432 \u0441\u043e\u0431\u0456 \u043f\u0440\u043e\u0441\u0442\u043e\u0442\u0443 \u0442\u0430 \u0436\u0456\u043d\u043e\u0447\u043d\u0438\u0439 \u0441\u0442\u0438\u043b\u044c. \u0412\u043e\u043d\u0430 \u043c\u0430\u0454 \u043a\u043b\u0430\u0441\u0438\u0447\u043d\u0443 \u0434\u043e\u0432\u0436\u0438\u043d\u0443 \u0434\u043e \u0441\u0435\u0440\u0435\u0434\u0438\u043d\u0438 \u0456\u043a\u0440\u0438, \u0430 \u0432\u0456\u0434\u043a\u0440\u0438\u0442\u0438\u0439 \u0432\u0438\u0440\u0456\u0437 \u0433\u043e\u0440\u043b\u043e\u0432\u0438\u043d\u0438 \u0434\u043e\u0434\u0430\u0454 \u043b\u0435\u0433\u043a\u043e\u0441\u0442\u0456. \u0411\u0440\u0435\u0442\u0435\u043b\u0456 \u0437 \u0434\u0435\u043b\u0456\u043a\u0430\u0442\u043d\u0438\u043c\u0438 \u0456\u0442\u0430\u043b\u0456\u0439\u0441\u044c\u043a\u0438\u043c\u0438 \u0440\u0435\u0433\u0443\u043b\u044f\u0442\u043e\u0440\u0430\u043c\u0438 \u0440\u0435\u0433\u0443\u043b\u044e\u044e\u0442\u044c\u0441\u044f, \u0437\u0430\u0431\u0435\u0437\u043f\u0435\u0447\u0443\u044e\u0447\u0438 \u0456\u0434\u0435\u0430\u043b\u044c\u043d\u0443 \u043f\u043e\u0441\u0430\u0434\u043a\u0443. \u0427\u0443\u0434\u043e\u0432\u043e \u043f\u0456\u0434\u0445\u043e\u0434\u0438\u0442\u044c \u0434\u043b\u044f \u0440\u0456\u0437\u043d\u0438\u0445 \u0432\u0438\u043f\u0430\u0434\u043a\u0456\u0432.<\/p>\n<p>\u041c\u043e\u0434\u0435\u043b\u044c \u043c\u0430\u0454 \u0437\u0440\u0456\u0441\u0442 177 \u0441\u043c \u0456 \u043d\u043e\u0441\u0438\u0442\u044c \u0440\u043e\u0437\u043c\u0456\u0440 S.<\/p>\n<p>\u0422\u0430\u043a\u043e\u0436 \u043e\u0437\u043d\u0430\u0439\u043e\u043c\u0442\u0435\u0441\u044f \u0437 \u043d\u0430\u0448\u0438\u043c\u0438 \u0431\u0435\u0441\u0442\u0441\u0435\u043b\u0435\u0440\u0430\u043c\u0438 -\u00a0<a href=\"https:\/\/saintbody.com\/ukr\/kategoria\/spodnie\/\">\u0448\u0442\u0430\u043d\u0438<\/a> !<br \/>\n\u0417\u0430\u0432\u0456\u0442\u0430\u0439\u0442\u0435 \u043d\u0430 \u043d\u0430\u0448 <a href=\"https:\/\/www.instagram.com\/saintbodyofficial\/\">\u0456\u043d\u0441\u0442\u0430\u0433\u0440\u0430\u043c<\/a>.<\/p>","protected":false},"excerpt":{"rendered":"<p>Sukienka midi z rami\u0105czkami na d\u0142ugi r\u0119kaw to po\u0142\u0105czenie prostoty z kobiecym stylem. Ma klasyczn\u0105 d\u0142ugo\u015b\u0107 do po\u0142owy \u0142ydki a odkryty dekolt dodaje jej lekko\u015bci. Rami\u0105czka z delikatnymi, w\u0142oskimi regulatorami s\u0105 regulowane, co pozwala na idealne dopasowanie si\u0119 do sylwetki. \u015awietnie sprawdzi sie na r\u00f3\u017cne okazje. Modelka ma 177 cm wzrostu, nosi rozm. S Sprawd\u017a [&hellip;]<\/p>","protected":false},"featured_media":52906,"template":"","meta":[],"product_brand":[],"product_cat":[20],"product_tag":[27],"class_list":{"0":"post-52851","1":"product","2":"type-product","3":"status-publish","4":"has-post-thumbnail","6":"product_cat-wszystko","7":"product_tag-sukienki","9":"first","10":"outofstock","11":"taxable","12":"shipping-taxable","13":"purchasable","14":"product-type-variable"},"yoast_head":"<!-- This site is optimized with the Yoast SEO plugin v27.0 - https:\/\/yoast.com\/product\/yoast-seo-wordpress\/ -->\n<title>Letnia bia\u0142a sukienka - Sklep SAINTBODY<\/title>\n<meta name=\"description\" content=\"Letnia bia\u0142a sukienka, wykonana w 100% z lekkiego lnu. Jej prosty fason pasuje do ka\u017cdego typu sylwetki. Saintbody\" \/>\n<meta name=\"robots\" content=\"index, follow, max-snippet:-1, max-image-preview:large, max-video-preview:-1\" \/>\n<link rel=\"canonical\" href=\"https:\/\/saintbody.com\/ukr\/sukienka-midi-z-ramiaczkami-na-dlugi-rekaw-czarna\/\" \/>\n<meta property=\"og:locale\" content=\"uk_UA\" \/>\n<meta property=\"og:type\" content=\"article\" \/>\n<meta property=\"og:title\" content=\"Letnia bia\u0142a sukienka - Sklep SAINTBODY\" \/>\n<meta property=\"og:description\" content=\"Letnia bia\u0142a sukienka, wykonana w 100% z lekkiego lnu. Jej prosty fason pasuje do ka\u017cdego typu sylwetki. Saintbody\" \/>\n<meta property=\"og:url\" content=\"https:\/\/saintbody.com\/ukr\/sukienka-midi-z-ramiaczkami-na-dlugi-rekaw-czarna\/\" \/>\n<meta property=\"og:site_name\" content=\"Sklep SAINTBODY\" \/>\n<meta property=\"article:publisher\" content=\"https:\/\/facebook.com\/saintbody\/\" \/>\n<meta property=\"article:modified_time\" content=\"2025-07-17T20:43:26+00:00\" \/>\n<meta property=\"og:image\" content=\"https:\/\/saintbody.com\/wp-content\/uploads\/2024\/11\/SBB_1498-Poprawione-SR-Poprawione-SR-1.jpg\" \/>\n\t<meta property=\"og:image:width\" content=\"1000\" \/>\n\t<meta property=\"og:image:height\" content=\"1500\" \/>\n\t<meta property=\"og:image:type\" content=\"image\/jpeg\" \/>\n<meta name=\"twitter:card\" content=\"summary_large_image\" \/>\n<meta name=\"twitter:label1\" content=\"\u041f\u0440\u0438\u0431\u043b. \u0447\u0430\u0441 \u0447\u0438\u0442\u0430\u043d\u043d\u044f\" \/>\n\t<meta name=\"twitter:data1\" content=\"1 \u0445\u0432\u0438\u043b\u0438\u043d\u0430\" \/>\n<script type=\"application\/ld+json\" class=\"yoast-schema-graph\">{\"@context\":\"https:\/\/schema.org\",\"@graph\":[{\"@type\":\"WebPage\",\"@id\":\"https:\/\/saintbody.com\/sukienka-midi-z-ramiaczkami-na-dlugi-rekaw-czarna\/\",\"url\":\"https:\/\/saintbody.com\/sukienka-midi-z-ramiaczkami-na-dlugi-rekaw-czarna\/\",\"name\":\"Letnia bia\u0142a sukienka - Sklep SAINTBODY\",\"isPartOf\":{\"@id\":\"https:\/\/saintbody.com\/#website\"},\"primaryImageOfPage\":{\"@id\":\"https:\/\/saintbody.com\/sukienka-midi-z-ramiaczkami-na-dlugi-rekaw-czarna\/#primaryimage\"},\"image\":{\"@id\":\"https:\/\/saintbody.com\/sukienka-midi-z-ramiaczkami-na-dlugi-rekaw-czarna\/#primaryimage\"},\"thumbnailUrl\":\"https:\/\/saintbody.com\/wp-content\/uploads\/2024\/11\/SBB_1498-Poprawione-SR-Poprawione-SR-1.jpg\",\"datePublished\":\"2024-11-13T12:06:07+00:00\",\"dateModified\":\"2025-07-17T20:43:26+00:00\",\"description\":\"Letnia bia\u0142a sukienka, wykonana w 100% z lekkiego lnu. Jej prosty fason pasuje do ka\u017cdego typu sylwetki. Saintbody\",\"breadcrumb\":{\"@id\":\"https:\/\/saintbody.com\/sukienka-midi-z-ramiaczkami-na-dlugi-rekaw-czarna\/#breadcrumb\"},\"inLanguage\":\"uk\",\"potentialAction\":[{\"@type\":\"ReadAction\",\"target\":[\"https:\/\/saintbody.com\/sukienka-midi-z-ramiaczkami-na-dlugi-rekaw-czarna\/\"]}]},{\"@type\":\"ImageObject\",\"inLanguage\":\"uk\",\"@id\":\"https:\/\/saintbody.com\/sukienka-midi-z-ramiaczkami-na-dlugi-rekaw-czarna\/#primaryimage\",\"url\":\"https:\/\/saintbody.com\/wp-content\/uploads\/2024\/11\/SBB_1498-Poprawione-SR-Poprawione-SR-1.jpg\",\"contentUrl\":\"https:\/\/saintbody.com\/wp-content\/uploads\/2024\/11\/SBB_1498-Poprawione-SR-Poprawione-SR-1.jpg\",\"width\":1000,\"height\":1500},{\"@type\":\"BreadcrumbList\",\"@id\":\"https:\/\/saintbody.com\/sukienka-midi-z-ramiaczkami-na-dlugi-rekaw-czarna\/#breadcrumb\",\"itemListElement\":[{\"@type\":\"ListItem\",\"position\":1,\"name\":\"Strona g\u0142\u00f3wna\",\"item\":\"https:\/\/saintbody.com\/\"},{\"@type\":\"ListItem\",\"position\":2,\"name\":\"Sklep\",\"item\":\"https:\/\/saintbody.com\/sklep\/\"},{\"@type\":\"ListItem\",\"position\":3,\"name\":\"Sukienka midi z rami\u0105czkami na d\u0142ugi r\u0119kaw czarna\"}]},{\"@type\":\"WebSite\",\"@id\":\"https:\/\/saintbody.com\/#website\",\"url\":\"https:\/\/saintbody.com\/\",\"name\":\"Sklep SAINTBODY\",\"description\":\"Premium basic na ka\u00c5\u00bcd\u00c4\u2026 okazje. Ponadczasowe Body, Odzie\u00c5\u00bc damska, Sukienki Damskie\",\"publisher\":{\"@id\":\"https:\/\/saintbody.com\/#organization\"},\"potentialAction\":[{\"@type\":\"SearchAction\",\"target\":{\"@type\":\"EntryPoint\",\"urlTemplate\":\"https:\/\/saintbody.com\/?s={search_term_string}\"},\"query-input\":{\"@type\":\"PropertyValueSpecification\",\"valueRequired\":true,\"valueName\":\"search_term_string\"}}],\"inLanguage\":\"uk\"},{\"@type\":\"Organization\",\"@id\":\"https:\/\/saintbody.com\/#organization\",\"name\":\"Sklep Saint Body\",\"url\":\"https:\/\/saintbody.com\/\",\"logo\":{\"@type\":\"ImageObject\",\"inLanguage\":\"uk\",\"@id\":\"https:\/\/saintbody.com\/#\/schema\/logo\/image\/\",\"url\":\"https:\/\/saintbody.com\/wp-content\/uploads\/2023\/04\/SaintBody_Logo_Typografia-e1691418926919.png\",\"contentUrl\":\"https:\/\/saintbody.com\/wp-content\/uploads\/2023\/04\/SaintBody_Logo_Typografia-e1691418926919.png\",\"width\":1000,\"height\":202,\"caption\":\"Sklep Saint Body\"},\"image\":{\"@id\":\"https:\/\/saintbody.com\/#\/schema\/logo\/image\/\"},\"sameAs\":[\"https:\/\/facebook.com\/saintbody\/\"]}]}<\/script>\n<!-- \/ Yoast SEO plugin. -->","yoast_head_json":{"title":"Letnia bia\u0142a sukienka - Sklep SAINTBODY","description":"Letnia bia\u0142a sukienka, wykonana w 100% z lekkiego lnu. Jej prosty fason pasuje do ka\u017cdego typu sylwetki. Saintbody","robots":{"index":"index","follow":"follow","max-snippet":"max-snippet:-1","max-image-preview":"max-image-preview:large","max-video-preview":"max-video-preview:-1"},"canonical":"https:\/\/saintbody.com\/ukr\/sukienka-midi-z-ramiaczkami-na-dlugi-rekaw-czarna\/","og_locale":"uk_UA","og_type":"article","og_title":"Letnia bia\u0142a sukienka - Sklep SAINTBODY","og_description":"Letnia bia\u0142a sukienka, wykonana w 100% z lekkiego lnu. Jej prosty fason pasuje do ka\u017cdego typu sylwetki. Saintbody","og_url":"https:\/\/saintbody.com\/ukr\/sukienka-midi-z-ramiaczkami-na-dlugi-rekaw-czarna\/","og_site_name":"Sklep SAINTBODY","article_publisher":"https:\/\/facebook.com\/saintbody\/","article_modified_time":"2025-07-17T20:43:26+00:00","og_image":[{"width":1000,"height":1500,"url":"https:\/\/saintbody.com\/wp-content\/uploads\/2024\/11\/SBB_1498-Poprawione-SR-Poprawione-SR-1.jpg","type":"image\/jpeg"}],"twitter_card":"summary_large_image","twitter_misc":{"\u041f\u0440\u0438\u0431\u043b. \u0447\u0430\u0441 \u0447\u0438\u0442\u0430\u043d\u043d\u044f":"1 \u0445\u0432\u0438\u043b\u0438\u043d\u0430"},"schema":{"@context":"https:\/\/schema.org","@graph":[{"@type":"WebPage","@id":"https:\/\/saintbody.com\/sukienka-midi-z-ramiaczkami-na-dlugi-rekaw-czarna\/","url":"https:\/\/saintbody.com\/sukienka-midi-z-ramiaczkami-na-dlugi-rekaw-czarna\/","name":"Letnia bia\u0142a sukienka - Sklep SAINTBODY","isPartOf":{"@id":"https:\/\/saintbody.com\/#website"},"primaryImageOfPage":{"@id":"https:\/\/saintbody.com\/sukienka-midi-z-ramiaczkami-na-dlugi-rekaw-czarna\/#primaryimage"},"image":{"@id":"https:\/\/saintbody.com\/sukienka-midi-z-ramiaczkami-na-dlugi-rekaw-czarna\/#primaryimage"},"thumbnailUrl":"https:\/\/saintbody.com\/wp-content\/uploads\/2024\/11\/SBB_1498-Poprawione-SR-Poprawione-SR-1.jpg","datePublished":"2024-11-13T12:06:07+00:00","dateModified":"2025-07-17T20:43:26+00:00","description":"Letnia bia\u0142a sukienka, wykonana w 100% z lekkiego lnu. Jej prosty fason pasuje do ka\u017cdego typu sylwetki. Saintbody","breadcrumb":{"@id":"https:\/\/saintbody.com\/sukienka-midi-z-ramiaczkami-na-dlugi-rekaw-czarna\/#breadcrumb"},"inLanguage":"uk","potentialAction":[{"@type":"ReadAction","target":["https:\/\/saintbody.com\/sukienka-midi-z-ramiaczkami-na-dlugi-rekaw-czarna\/"]}]},{"@type":"ImageObject","inLanguage":"uk","@id":"https:\/\/saintbody.com\/sukienka-midi-z-ramiaczkami-na-dlugi-rekaw-czarna\/#primaryimage","url":"https:\/\/saintbody.com\/wp-content\/uploads\/2024\/11\/SBB_1498-Poprawione-SR-Poprawione-SR-1.jpg","contentUrl":"https:\/\/saintbody.com\/wp-content\/uploads\/2024\/11\/SBB_1498-Poprawione-SR-Poprawione-SR-1.jpg","width":1000,"height":1500},{"@type":"BreadcrumbList","@id":"https:\/\/saintbody.com\/sukienka-midi-z-ramiaczkami-na-dlugi-rekaw-czarna\/#breadcrumb","itemListElement":[{"@type":"ListItem","position":1,"name":"Strona g\u0142\u00f3wna","item":"https:\/\/saintbody.com\/"},{"@type":"ListItem","position":2,"name":"Sklep","item":"https:\/\/saintbody.com\/sklep\/"},{"@type":"ListItem","position":3,"name":"Sukienka midi z rami\u0105czkami na d\u0142ugi r\u0119kaw czarna"}]},{"@type":"WebSite","@id":"https:\/\/saintbody.com\/#website","url":"https:\/\/saintbody.com\/","name":"Sklep SAINTBODY","description":"Premium basic na ka\u00c5\u00bcd\u00c4\u2026 okazje. Ponadczasowe Body, Odzie\u00c5\u00bc damska, Sukienki Damskie","publisher":{"@id":"https:\/\/saintbody.com\/#organization"},"potentialAction":[{"@type":"SearchAction","target":{"@type":"EntryPoint","urlTemplate":"https:\/\/saintbody.com\/?s={search_term_string}"},"query-input":{"@type":"PropertyValueSpecification","valueRequired":true,"valueName":"search_term_string"}}],"inLanguage":"uk"},{"@type":"Organization","@id":"https:\/\/saintbody.com\/#organization","name":"Sklep Saint Body","url":"https:\/\/saintbody.com\/","logo":{"@type":"ImageObject","inLanguage":"uk","@id":"https:\/\/saintbody.com\/#\/schema\/logo\/image\/","url":"https:\/\/saintbody.com\/wp-content\/uploads\/2023\/04\/SaintBody_Logo_Typografia-e1691418926919.png","contentUrl":"https:\/\/saintbody.com\/wp-content\/uploads\/2023\/04\/SaintBody_Logo_Typografia-e1691418926919.png","width":1000,"height":202,"caption":"Sklep Saint Body"},"image":{"@id":"https:\/\/saintbody.com\/#\/schema\/logo\/image\/"},"sameAs":["https:\/\/facebook.com\/saintbody\/"]}]}},"_links":{"self":[{"href":"https:\/\/saintbody.com\/ukr\/wp-json\/wp\/v2\/product\/52851","targetHints":{"allow":["GET"]}}],"collection":[{"href":"https:\/\/saintbody.com\/ukr\/wp-json\/wp\/v2\/product"}],"about":[{"href":"https:\/\/saintbody.com\/ukr\/wp-json\/wp\/v2\/types\/product"}],"wp:featuredmedia":[{"embeddable":true,"href":"https:\/\/saintbody.com\/ukr\/wp-json\/wp\/v2\/media\/52906"}],"wp:attachment":[{"href":"https:\/\/saintbody.com\/ukr\/wp-json\/wp\/v2\/media?parent=52851"}],"wp:term":[{"taxonomy":"product_brand","embeddable":true,"href":"https:\/\/saintbody.com\/ukr\/wp-json\/wp\/v2\/product_brand?post=52851"},{"taxonomy":"product_cat","embeddable":true,"href":"https:\/\/saintbody.com\/ukr\/wp-json\/wp\/v2\/product_cat?post=52851"},{"taxonomy":"product_tag","embeddable":true,"href":"https:\/\/saintbody.com\/ukr\/wp-json\/wp\/v2\/product_tag?post=52851"}],"curies":[{"name":"wp","href":"https:\/\/api.w.org\/{rel}","templated":true}]}}