{"id":50096,"date":"2024-06-18T10:43:36","date_gmt":"2024-06-18T08:43:36","guid":{"rendered":"https:\/\/saintbody.com\/?post_type=product&#038;p=50096"},"modified":"2025-09-17T15:03:12","modified_gmt":"2025-09-17T13:03:12","slug":"lniana-koszula-na-krotki-rekaw-biala","status":"publish","type":"product","link":"https:\/\/saintbody.com\/ukr\/lniana-koszula-na-krotki-rekaw-biala\/","title":{"rendered":"\u041b\u043b\u044f\u043d\u0430 \u0441\u043e\u0440\u043e\u0447\u043a\u0430 \u0437 \u043a\u043e\u0440\u043e\u0442\u043a\u0438\u043c \u0440\u0443\u043a\u0430\u0432\u043e\u043c \u0431\u0456\u043b\u0430"},"content":{"rendered":"<p>\u0416\u0456\u043d\u043e\u0447\u0430 \u043b\u0456\u0442\u043d\u044f \u0441\u043e\u0440\u043e\u0447\u043a\u0430 \u0437 \u043a\u043e\u0440\u043e\u0442\u043a\u0438\u043c \u0440\u0443\u043a\u0430\u0432\u043e\u043c, \u0432\u0438\u0433\u043e\u0442\u043e\u0432\u043b\u0435\u043d\u0430 \u0437 \u0441\u0443\u043c\u0456\u0448\u0456 \u043b\u0456\u043e\u0446\u0435\u043b\u044e \u0442\u0430 \u043b\u044c\u043e\u043d\u0443. \u042f\u043a\u0456\u0441\u043d\u0430, \u043f\u043e\u0432\u0456\u0442\u0440\u044f\u043d\u0430 \u0442\u043a\u0430\u043d\u0438\u043d\u0430 \u0437 \u043d\u0456\u0436\u043d\u0438\u043c \u0431\u043b\u0438\u0441\u043a\u043e\u043c. \u041e\u0437\u0434\u043e\u0431\u043b\u0435\u043d\u0430 \u043c\u0430\u043b\u0435\u043d\u044c\u043a\u0438\u043c\u0438 \u0491\u0443\u0434\u0437\u0438\u043a\u0430\u043c\u0438. \u041b\u0435\u0433\u043a\u0438\u0439 \u043a\u0440\u0456\u0439 \u0442\u0430 \u043d\u0430\u0442\u0443\u0440\u0430\u043b\u044c\u043d\u0438\u0439 \u043c\u0430\u0442\u0435\u0440\u0456\u0430\u043b \u0437\u0440\u043e\u0431\u043b\u044f\u0442\u044c \u0457\u0457 \u043d\u0435\u0437\u0430\u043c\u0456\u043d\u043d\u043e\u044e \u0447\u0430\u0441\u0442\u0438\u043d\u043e\u044e \u0432\u0430\u0448\u043e\u0433\u043e \u043b\u0456\u0442\u043d\u044c\u043e\u0433\u043e \u043e\u0431\u0440\u0430\u0437\u0443. \u0427\u0443\u0434\u043e\u0432\u043e \u043f\u0456\u0434\u0445\u043e\u0434\u0438\u0442\u044c \u0434\u043b\u044f \u043f\u043e\u0454\u0434\u043d\u0430\u043d\u043d\u044f \u0437 \u0434\u0436\u0438\u043d\u0441\u0430\u043c\u0438 \u0430\u0431\u043e \u0448\u043e\u0440\u0442\u0430\u043c\u0438.<\/p>\n<p>\u041f\u043e\u0448\u0438\u0442\u043e \u0432 \u041f\u043e\u043b\u044c\u0449\u0456 \u0432 \u043c\u0456\u0441\u0446\u0435\u0432\u043e\u043c\u0443 \u0448\u0432\u0435\u0439\u043d\u043e\u043c\u0443 \u0446\u0435\u0445\u0443.<\/p>\n<p>\u0422\u0430\u043a\u043e\u0436 \u043e\u0437\u043d\u0430\u0439\u043e\u043c\u0442\u0435\u0441\u044f \u0437 \u043d\u0430\u0448\u0438\u043c\u0438 \u0431\u0435\u0441\u0442\u0441\u0435\u043b\u0435\u0440\u0430\u043c\u0438 -\u00a0<a href=\"https:\/\/saintbody.com\/ukr\/kategoria\/sukienki\/\">\u0441\u0443\u043a\u043d\u0456<\/a> !<br \/>\n\u0417\u0430\u0432\u0456\u0442\u0430\u0439\u0442\u0435 \u043d\u0430 \u043d\u0430\u0448 <a href=\"https:\/\/www.instagram.com\/saintbodyofficial\/\">\u0456\u043d\u0441\u0442\u0430\u0433\u0440\u0430\u043c<\/a>.<\/p>","protected":false},"excerpt":{"rendered":"<p>\u0416\u0456\u043d\u043e\u0447\u0430 \u043b\u0456\u0442\u043d\u044f \u0441\u043e\u0440\u043e\u0447\u043a\u0430 \u0437 \u043a\u043e\u0440\u043e\u0442\u043a\u0438\u043c \u0440\u0443\u043a\u0430\u0432\u043e\u043c, \u0432\u0438\u0433\u043e\u0442\u043e\u0432\u043b\u0435\u043d\u0430 \u0437 \u0441\u0443\u043c\u0456\u0448\u0456 \u043b\u0456\u043e\u0446\u0435\u043b\u044e \u0442\u0430 \u043b\u044c\u043e\u043d\u0443. \u042f\u043a\u0456\u0441\u043d\u0430, \u043f\u043e\u0432\u0456\u0442\u0440\u044f\u043d\u0430 \u0442\u043a\u0430\u043d\u0438\u043d\u0430 \u0437 \u043d\u0456\u0436\u043d\u0438\u043c \u0431\u043b\u0438\u0441\u043a\u043e\u043c. \u041e\u0437\u0434\u043e\u0431\u043b\u0435\u043d\u0430 \u043c\u0430\u043b\u0435\u043d\u044c\u043a\u0438\u043c\u0438 \u0491\u0443\u0434\u0437\u0438\u043a\u0430\u043c\u0438. \u041b\u0435\u0433\u043a\u0438\u0439 \u043a\u0440\u0456\u0439 \u0442\u0430 \u043d\u0430\u0442\u0443\u0440\u0430\u043b\u044c\u043d\u0438\u0439 \u043c\u0430\u0442\u0435\u0440\u0456\u0430\u043b \u0437\u0440\u043e\u0431\u043b\u044f\u0442\u044c \u0457\u0457 \u043d\u0435\u0437\u0430\u043c\u0456\u043d\u043d\u043e\u044e \u0447\u0430\u0441\u0442\u0438\u043d\u043e\u044e \u0432\u0430\u0448\u043e\u0433\u043e \u043b\u0456\u0442\u043d\u044c\u043e\u0433\u043e \u043e\u0431\u0440\u0430\u0437\u0443. \u0427\u0443\u0434\u043e\u0432\u043e \u043f\u0456\u0434\u0445\u043e\u0434\u0438\u0442\u044c \u0434\u043b\u044f \u043f\u043e\u0454\u0434\u043d\u0430\u043d\u043d\u044f \u0437 \u0434\u0436\u0438\u043d\u0441\u0430\u043c\u0438 \u0430\u0431\u043e \u0448\u043e\u0440\u0442\u0430\u043c\u0438. \u0417\u0440\u043e\u0431\u043b\u0435\u043d\u043e \u0432 \u041f\u043e\u043b\u044c\u0449\u0456 \u0432 \u043c\u0456\u0441\u0446\u0435\u0432\u0456\u0439 \u0448\u0432\u0435\u0439\u043d\u0456\u0439 \u043c\u0430\u0439\u0441\u0442\u0435\u0440\u043d\u0456. \u0422\u0430\u043a\u043e\u0436 \u043f\u0435\u0440\u0435\u0433\u043b\u044f\u043d\u044c\u0442\u0435 \u043d\u0430\u0448 [...].<\/p>","protected":false},"featured_media":50212,"template":"","meta":[],"product_brand":[],"product_cat":[20,37,183],"product_tag":[38],"class_list":{"0":"post-50096","1":"product","2":"type-product","3":"status-publish","4":"has-post-thumbnail","6":"product_cat-wszystko","7":"product_cat-topy","8":"product_cat-sale","9":"product_tag-topy","11":"first","12":"outofstock","13":"sale","14":"taxable","15":"shipping-taxable","16":"purchasable","17":"product-type-variable","18":"has-default-attributes"},"yoast_head":"<!-- This site is optimized with the Yoast SEO plugin v27.0 - https:\/\/yoast.com\/product\/yoast-seo-wordpress\/ -->\n<title>Damska bia\u0142a koszula lniana - Lniana koszula na kr\u00f3tki r\u0119kaw bia\u0142a - Saintbody<\/title>\n<meta name=\"description\" content=\"Damska bia\u0142a koszula lniana na lato wykonana z materia\u0142u o delikatnym splocie i niezwykle mi\u0119kkim wyko\u0144czeniu. Letnia koszula oversize.\" \/>\n<meta name=\"robots\" content=\"index, follow, max-snippet:-1, max-image-preview:large, max-video-preview:-1\" \/>\n<link rel=\"canonical\" href=\"https:\/\/saintbody.com\/ukr\/lniana-koszula-na-krotki-rekaw-biala\/\" \/>\n<meta property=\"og:locale\" content=\"uk_UA\" \/>\n<meta property=\"og:type\" content=\"article\" \/>\n<meta property=\"og:title\" content=\"Damska bia\u0142a koszula lniana - Lniana koszula na kr\u00f3tki r\u0119kaw bia\u0142a - Saintbody\" \/>\n<meta property=\"og:description\" content=\"Damska bia\u0142a koszula lniana na lato wykonana z materia\u0142u o delikatnym splocie i niezwykle mi\u0119kkim wyko\u0144czeniu. Letnia koszula oversize.\" \/>\n<meta property=\"og:url\" content=\"https:\/\/saintbody.com\/ukr\/lniana-koszula-na-krotki-rekaw-biala\/\" \/>\n<meta property=\"og:site_name\" content=\"Sklep SAINTBODY\" \/>\n<meta property=\"article:publisher\" content=\"https:\/\/facebook.com\/saintbody\/\" \/>\n<meta property=\"article:modified_time\" content=\"2025-09-17T13:03:12+00:00\" \/>\n<meta property=\"og:image\" content=\"http:\/\/saintbody.com\/wp-content\/uploads\/2024\/06\/saint-body-03.jpg\" \/>\n\t<meta property=\"og:image:width\" content=\"1000\" \/>\n\t<meta property=\"og:image:height\" content=\"1500\" \/>\n\t<meta property=\"og:image:type\" content=\"image\/jpeg\" \/>\n<meta name=\"twitter:card\" content=\"summary_large_image\" \/>\n<meta name=\"twitter:label1\" content=\"\u041f\u0440\u0438\u0431\u043b. \u0447\u0430\u0441 \u0447\u0438\u0442\u0430\u043d\u043d\u044f\" \/>\n\t<meta name=\"twitter:data1\" content=\"1 \u0445\u0432\u0438\u043b\u0438\u043d\u0430\" \/>\n<script type=\"application\/ld+json\" class=\"yoast-schema-graph\">{\"@context\":\"https:\/\/schema.org\",\"@graph\":[{\"@type\":\"WebPage\",\"@id\":\"https:\/\/saintbody.com\/lniana-koszula-na-krotki-rekaw-biala\/\",\"url\":\"https:\/\/saintbody.com\/lniana-koszula-na-krotki-rekaw-biala\/\",\"name\":\"Damska bia\u0142a koszula lniana - Lniana koszula na kr\u00f3tki r\u0119kaw bia\u0142a - Saintbody\",\"isPartOf\":{\"@id\":\"https:\/\/saintbody.com\/#website\"},\"primaryImageOfPage\":{\"@id\":\"https:\/\/saintbody.com\/lniana-koszula-na-krotki-rekaw-biala\/#primaryimage\"},\"image\":{\"@id\":\"https:\/\/saintbody.com\/lniana-koszula-na-krotki-rekaw-biala\/#primaryimage\"},\"thumbnailUrl\":\"https:\/\/saintbody.com\/wp-content\/uploads\/2024\/06\/saint-body-03.jpg\",\"datePublished\":\"2024-06-18T08:43:36+00:00\",\"dateModified\":\"2025-09-17T13:03:12+00:00\",\"description\":\"Damska bia\u0142a koszula lniana na lato wykonana z materia\u0142u o delikatnym splocie i niezwykle mi\u0119kkim wyko\u0144czeniu. Letnia koszula oversize.\",\"breadcrumb\":{\"@id\":\"https:\/\/saintbody.com\/lniana-koszula-na-krotki-rekaw-biala\/#breadcrumb\"},\"inLanguage\":\"uk\",\"potentialAction\":[{\"@type\":\"ReadAction\",\"target\":[\"https:\/\/saintbody.com\/lniana-koszula-na-krotki-rekaw-biala\/\"]}]},{\"@type\":\"ImageObject\",\"inLanguage\":\"uk\",\"@id\":\"https:\/\/saintbody.com\/lniana-koszula-na-krotki-rekaw-biala\/#primaryimage\",\"url\":\"https:\/\/saintbody.com\/wp-content\/uploads\/2024\/06\/saint-body-03.jpg\",\"contentUrl\":\"https:\/\/saintbody.com\/wp-content\/uploads\/2024\/06\/saint-body-03.jpg\",\"width\":1000,\"height\":1500},{\"@type\":\"BreadcrumbList\",\"@id\":\"https:\/\/saintbody.com\/lniana-koszula-na-krotki-rekaw-biala\/#breadcrumb\",\"itemListElement\":[{\"@type\":\"ListItem\",\"position\":1,\"name\":\"Strona g\u0142\u00f3wna\",\"item\":\"https:\/\/saintbody.com\/\"},{\"@type\":\"ListItem\",\"position\":2,\"name\":\"Sklep\",\"item\":\"https:\/\/saintbody.com\/sklep\/\"},{\"@type\":\"ListItem\",\"position\":3,\"name\":\"Lniana koszula na kr\u00f3tki r\u0119kaw bia\u0142a\"}]},{\"@type\":\"WebSite\",\"@id\":\"https:\/\/saintbody.com\/#website\",\"url\":\"https:\/\/saintbody.com\/\",\"name\":\"Sklep SAINTBODY\",\"description\":\"Premium basic na ka\u00c5\u00bcd\u00c4\u2026 okazje. Ponadczasowe Body, Odzie\u00c5\u00bc damska, Sukienki Damskie\",\"publisher\":{\"@id\":\"https:\/\/saintbody.com\/#organization\"},\"potentialAction\":[{\"@type\":\"SearchAction\",\"target\":{\"@type\":\"EntryPoint\",\"urlTemplate\":\"https:\/\/saintbody.com\/?s={search_term_string}\"},\"query-input\":{\"@type\":\"PropertyValueSpecification\",\"valueRequired\":true,\"valueName\":\"search_term_string\"}}],\"inLanguage\":\"uk\"},{\"@type\":\"Organization\",\"@id\":\"https:\/\/saintbody.com\/#organization\",\"name\":\"Sklep Saint Body\",\"url\":\"https:\/\/saintbody.com\/\",\"logo\":{\"@type\":\"ImageObject\",\"inLanguage\":\"uk\",\"@id\":\"https:\/\/saintbody.com\/#\/schema\/logo\/image\/\",\"url\":\"https:\/\/saintbody.com\/wp-content\/uploads\/2023\/04\/SaintBody_Logo_Typografia-e1691418926919.png\",\"contentUrl\":\"https:\/\/saintbody.com\/wp-content\/uploads\/2023\/04\/SaintBody_Logo_Typografia-e1691418926919.png\",\"width\":1000,\"height\":202,\"caption\":\"Sklep Saint Body\"},\"image\":{\"@id\":\"https:\/\/saintbody.com\/#\/schema\/logo\/image\/\"},\"sameAs\":[\"https:\/\/facebook.com\/saintbody\/\"]}]}<\/script>\n<!-- \/ Yoast SEO plugin. -->","yoast_head_json":{"title":"Damska bia\u0142a koszula lniana - Lniana koszula na kr\u00f3tki r\u0119kaw bia\u0142a - Saintbody","description":"Damska bia\u0142a koszula lniana na lato wykonana z materia\u0142u o delikatnym splocie i niezwykle mi\u0119kkim wyko\u0144czeniu. Letnia koszula oversize.","robots":{"index":"index","follow":"follow","max-snippet":"max-snippet:-1","max-image-preview":"max-image-preview:large","max-video-preview":"max-video-preview:-1"},"canonical":"https:\/\/saintbody.com\/ukr\/lniana-koszula-na-krotki-rekaw-biala\/","og_locale":"uk_UA","og_type":"article","og_title":"Damska bia\u0142a koszula lniana - Lniana koszula na kr\u00f3tki r\u0119kaw bia\u0142a - Saintbody","og_description":"Damska bia\u0142a koszula lniana na lato wykonana z materia\u0142u o delikatnym splocie i niezwykle mi\u0119kkim wyko\u0144czeniu. Letnia koszula oversize.","og_url":"https:\/\/saintbody.com\/ukr\/lniana-koszula-na-krotki-rekaw-biala\/","og_site_name":"Sklep SAINTBODY","article_publisher":"https:\/\/facebook.com\/saintbody\/","article_modified_time":"2025-09-17T13:03:12+00:00","og_image":[{"width":1000,"height":1500,"url":"http:\/\/saintbody.com\/wp-content\/uploads\/2024\/06\/saint-body-03.jpg","type":"image\/jpeg"}],"twitter_card":"summary_large_image","twitter_misc":{"\u041f\u0440\u0438\u0431\u043b. \u0447\u0430\u0441 \u0447\u0438\u0442\u0430\u043d\u043d\u044f":"1 \u0445\u0432\u0438\u043b\u0438\u043d\u0430"},"schema":{"@context":"https:\/\/schema.org","@graph":[{"@type":"WebPage","@id":"https:\/\/saintbody.com\/lniana-koszula-na-krotki-rekaw-biala\/","url":"https:\/\/saintbody.com\/lniana-koszula-na-krotki-rekaw-biala\/","name":"Damska bia\u0142a koszula lniana - Lniana koszula na kr\u00f3tki r\u0119kaw bia\u0142a - Saintbody","isPartOf":{"@id":"https:\/\/saintbody.com\/#website"},"primaryImageOfPage":{"@id":"https:\/\/saintbody.com\/lniana-koszula-na-krotki-rekaw-biala\/#primaryimage"},"image":{"@id":"https:\/\/saintbody.com\/lniana-koszula-na-krotki-rekaw-biala\/#primaryimage"},"thumbnailUrl":"https:\/\/saintbody.com\/wp-content\/uploads\/2024\/06\/saint-body-03.jpg","datePublished":"2024-06-18T08:43:36+00:00","dateModified":"2025-09-17T13:03:12+00:00","description":"Damska bia\u0142a koszula lniana na lato wykonana z materia\u0142u o delikatnym splocie i niezwykle mi\u0119kkim wyko\u0144czeniu. Letnia koszula oversize.","breadcrumb":{"@id":"https:\/\/saintbody.com\/lniana-koszula-na-krotki-rekaw-biala\/#breadcrumb"},"inLanguage":"uk","potentialAction":[{"@type":"ReadAction","target":["https:\/\/saintbody.com\/lniana-koszula-na-krotki-rekaw-biala\/"]}]},{"@type":"ImageObject","inLanguage":"uk","@id":"https:\/\/saintbody.com\/lniana-koszula-na-krotki-rekaw-biala\/#primaryimage","url":"https:\/\/saintbody.com\/wp-content\/uploads\/2024\/06\/saint-body-03.jpg","contentUrl":"https:\/\/saintbody.com\/wp-content\/uploads\/2024\/06\/saint-body-03.jpg","width":1000,"height":1500},{"@type":"BreadcrumbList","@id":"https:\/\/saintbody.com\/lniana-koszula-na-krotki-rekaw-biala\/#breadcrumb","itemListElement":[{"@type":"ListItem","position":1,"name":"Strona g\u0142\u00f3wna","item":"https:\/\/saintbody.com\/"},{"@type":"ListItem","position":2,"name":"Sklep","item":"https:\/\/saintbody.com\/sklep\/"},{"@type":"ListItem","position":3,"name":"Lniana koszula na kr\u00f3tki r\u0119kaw bia\u0142a"}]},{"@type":"WebSite","@id":"https:\/\/saintbody.com\/#website","url":"https:\/\/saintbody.com\/","name":"Sklep SAINTBODY","description":"Premium basic na ka\u00c5\u00bcd\u00c4\u2026 okazje. Ponadczasowe Body, Odzie\u00c5\u00bc damska, Sukienki Damskie","publisher":{"@id":"https:\/\/saintbody.com\/#organization"},"potentialAction":[{"@type":"SearchAction","target":{"@type":"EntryPoint","urlTemplate":"https:\/\/saintbody.com\/?s={search_term_string}"},"query-input":{"@type":"PropertyValueSpecification","valueRequired":true,"valueName":"search_term_string"}}],"inLanguage":"uk"},{"@type":"Organization","@id":"https:\/\/saintbody.com\/#organization","name":"Sklep Saint Body","url":"https:\/\/saintbody.com\/","logo":{"@type":"ImageObject","inLanguage":"uk","@id":"https:\/\/saintbody.com\/#\/schema\/logo\/image\/","url":"https:\/\/saintbody.com\/wp-content\/uploads\/2023\/04\/SaintBody_Logo_Typografia-e1691418926919.png","contentUrl":"https:\/\/saintbody.com\/wp-content\/uploads\/2023\/04\/SaintBody_Logo_Typografia-e1691418926919.png","width":1000,"height":202,"caption":"Sklep Saint Body"},"image":{"@id":"https:\/\/saintbody.com\/#\/schema\/logo\/image\/"},"sameAs":["https:\/\/facebook.com\/saintbody\/"]}]}},"_links":{"self":[{"href":"https:\/\/saintbody.com\/ukr\/wp-json\/wp\/v2\/product\/50096","targetHints":{"allow":["GET"]}}],"collection":[{"href":"https:\/\/saintbody.com\/ukr\/wp-json\/wp\/v2\/product"}],"about":[{"href":"https:\/\/saintbody.com\/ukr\/wp-json\/wp\/v2\/types\/product"}],"wp:featuredmedia":[{"embeddable":true,"href":"https:\/\/saintbody.com\/ukr\/wp-json\/wp\/v2\/media\/50212"}],"wp:attachment":[{"href":"https:\/\/saintbody.com\/ukr\/wp-json\/wp\/v2\/media?parent=50096"}],"wp:term":[{"taxonomy":"product_brand","embeddable":true,"href":"https:\/\/saintbody.com\/ukr\/wp-json\/wp\/v2\/product_brand?post=50096"},{"taxonomy":"product_cat","embeddable":true,"href":"https:\/\/saintbody.com\/ukr\/wp-json\/wp\/v2\/product_cat?post=50096"},{"taxonomy":"product_tag","embeddable":true,"href":"https:\/\/saintbody.com\/ukr\/wp-json\/wp\/v2\/product_tag?post=50096"}],"curies":[{"name":"wp","href":"https:\/\/api.w.org\/{rel}","templated":true}]}}