{"id":49924,"date":"2024-06-06T21:16:54","date_gmt":"2024-06-06T19:16:54","guid":{"rendered":"https:\/\/saintbody.com\/?post_type=product&#038;p=49924"},"modified":"2026-04-21T16:31:37","modified_gmt":"2026-04-21T14:31:37","slug":"sukienka-mini-satynowa-ecovero-vaniliowa","status":"publish","type":"product","link":"https:\/\/saintbody.com\/ukr\/sukienka-mini-satynowa-ecovero-vaniliowa\/","title":{"rendered":"\u0412\u0430\u043d\u0456\u043b\u044c\u043d\u0430 \u0430\u0442\u043b\u0430\u0441\u043d\u0430 \u043c\u0456\u043d\u0456-\u0441\u0443\u043a\u043d\u044f"},"content":{"rendered":"<p data-start=\"103\" data-end=\"517\">\u0410\u0442\u043b\u0430\u0441\u043d\u0430 \u043c\u0456\u043d\u0456-\u0441\u0443\u043a\u043d\u044f \u0432\u0430\u043d\u0456\u043b\u044c\u043d\u043e\u0433\u043e \u0432\u0456\u0434\u0442\u0456\u043d\u043a\u0443 - \u0446\u0435 \u043f\u043e\u0454\u0434\u043d\u0430\u043d\u043d\u044f \u0442\u043e\u043d\u043a\u043e\u0457 \u0447\u0443\u0442\u0442\u0454\u0432\u043e\u0441\u0442\u0456 \u0442\u0430 \u0441\u0443\u0447\u0430\u0441\u043d\u043e\u0433\u043e \u043c\u0456\u043d\u0456\u043c\u0430\u043b\u0456\u0437\u043c\u0443. \u0412\u0438\u0433\u043e\u0442\u043e\u0432\u043b\u0435\u043d\u0430 \u0437 \u0441\u0435\u0440\u0442\u0438\u0444\u0456\u043a\u043e\u0432\u0430\u043d\u043e\u0457 OEKO-TEX\u00ae \u0432\u0456\u0441\u043a\u043e\u0437\u0438 ECOVERO\u2122 100%, \u0432\u043e\u043d\u0430 \u043d\u0435 \u0442\u0456\u043b\u044c\u043a\u0438 \u043d\u0430\u0434\u0437\u0432\u0438\u0447\u0430\u0439\u043d\u043e \u043c'\u044f\u043a\u0430 \u0442\u0430 \u043f\u0440\u0438\u0454\u043c\u043d\u0430 \u0434\u043e \u0442\u0456\u043b\u0430, \u0430\u043b\u0435 \u0439 \u0435\u043a\u043e\u043b\u043e\u0433\u0456\u0447\u043d\u043e \u0447\u0438\u0441\u0442\u0430. \u0422\u043a\u0430\u043d\u0438\u043d\u0430 \u043c'\u044f\u043a\u043e \u043f\u0435\u0440\u0435\u043b\u0438\u0432\u0430\u0454\u0442\u044c\u0441\u044f \u0456 \u0432\u0456\u043b\u044c\u043d\u043e \u043e\u0431\u043b\u044f\u0433\u0430\u0454 \u0441\u0438\u043b\u0443\u0435\u0442, \u0449\u043e \u0440\u043e\u0431\u0438\u0442\u044c \u0457\u0457 \u043b\u0435\u0433\u043a\u043e\u044e \u0442\u0430 \u0437\u0440\u0443\u0447\u043d\u043e\u044e \u0434\u043b\u044f \u043d\u043e\u0441\u0456\u043d\u043d\u044f \u043f\u0440\u043e\u0442\u044f\u0433\u043e\u043c \u0443\u0441\u044c\u043e\u0433\u043e \u0434\u043d\u044f \u0442\u0430 \u0432\u0435\u0447\u043e\u0440\u0430.<\/p>\n<p data-start=\"519\" data-end=\"797\">\u0421\u0443\u043a\u043d\u044f \u043c\u0430\u0454 \u0432\u0456\u043b\u044c\u043d\u0438\u0439 \u043a\u0440\u0456\u0439 \u0442\u0438\u043f\u0443 \"\u0441\u043f\u0456\u0434\u043d\u0438\u0446\u044f\", \u044f\u043a\u0438\u0439 \u0430\u0434\u0430\u043f\u0442\u0443\u0454\u0442\u044c\u0441\u044f \u0434\u043e \u0440\u0456\u0437\u043d\u0438\u0445 \u0442\u0438\u043f\u0456\u0432 \u0441\u0438\u043b\u0443\u0435\u0442\u0456\u0432, \u043d\u0435 \u043e\u0431\u0440\u0430\u043c\u043b\u044f\u044e\u0447\u0438, \u0430 \u0442\u043e\u043d\u043a\u043e \u043f\u0456\u0434\u043a\u0440\u0435\u0441\u043b\u044e\u044e\u0447\u0438 \u0444\u043e\u0440\u043c\u0438. \u0420\u0435\u0433\u0443\u043b\u044c\u043e\u0432\u0430\u043d\u0456 \u0442\u043e\u043d\u043a\u0456 \u0431\u0440\u0435\u0442\u0435\u043b\u0456 \u0437 \u0456\u0442\u0430\u043b\u0456\u0439\u0441\u044c\u043a\u0438\u043c\u0438 \u0431\u043b\u0438\u0441\u043a\u0430\u0432\u043a\u0430\u043c\u0438 \u0434\u043e\u0437\u0432\u043e\u043b\u044f\u044e\u0442\u044c \u0442\u043e\u0447\u043d\u043e \u0432\u0456\u0434\u0440\u0435\u0433\u0443\u043b\u044e\u0432\u0430\u0442\u0438 \u0434\u043e\u0432\u0436\u0438\u043d\u0443, \u0430 \u043c\u0456\u043d\u0456\u043c\u0430\u043b\u0456\u0441\u0442\u0438\u0447\u043d\u0430 \u0444\u043e\u0440\u043c\u0430 \u0432\u0456\u0434\u043a\u0440\u0438\u0432\u0430\u0454 \u0431\u0435\u0437\u043b\u0456\u0447 \u043c\u043e\u0436\u043b\u0438\u0432\u043e\u0441\u0442\u0435\u0439 \u0434\u043b\u044f \u0441\u0442\u0438\u043b\u0456\u0437\u0430\u0446\u0456\u0457.<\/p>\n<p data-start=\"799\" data-end=\"1000\">\u041d\u043e\u0441\u0456\u0442\u044c \u0439\u043e\u0433\u043e \u0437 \u0432\u0430\u0436\u043a\u0438\u043c\u0438 \u0447\u0435\u0440\u0435\u0432\u0438\u043a\u0430\u043c\u0438 \u0430\u0431\u043e \u0432\u0438\u0442\u043e\u043d\u0447\u0435\u043d\u0438\u043c\u0438 \u0431\u043e\u0441\u043e\u043d\u0456\u0436\u043a\u0430\u043c\u0438 - \u043f\u043e\u0432\u0441\u044f\u043a\u0434\u0435\u043d\u043d\u0438\u0439, \u0432\u0435\u0447\u0456\u0440\u043d\u0456\u0439 \u0430\u0431\u043e \u0431\u0430\u0433\u0430\u0442\u043e\u0448\u0430\u0440\u043e\u0432\u0438\u0439, \u0437 \u043f\u0456\u0434\u0436\u0430\u043a\u043e\u043c \u0430\u0431\u043e \u0434\u0436\u0435\u043c\u043f\u0435\u0440\u043e\u043c. \u0426\u0435 \u0443\u043d\u0456\u0432\u0435\u0440\u0441\u0430\u043b\u044c\u043d\u0430 \u043e\u0441\u043d\u043e\u0432\u0430, \u044f\u043a\u0430 \u0437\u0430\u0432\u0436\u0434\u0438 \u043c\u0430\u0454 \u0433\u0430\u0440\u043d\u0438\u0439 \u0432\u0438\u0433\u043b\u044f\u0434!<\/p>\n<p>\u041c\u043e\u0434\u0435\u043b\u044c \u043c\u0430\u0454 \u0437\u0440\u0456\u0441\u0442 176 \u0441\u043c, \u043e\u0434\u044f\u0433 \u043d\u0430 \u043c\u043e\u0434\u0435\u043b\u0456 \u043f\u0440e\u0434\u0441\u0442\u0430\u0432\u043b\u0435\u043d\u0438\u0439 \u0443 \u0440\u043e\u0437\u043c\u0456\u0440\u0456 S.<\/p>\n<p>\u0422\u0430\u043a\u043e\u0436 \u043e\u0437\u043d\u0430\u0439\u043e\u043c\u0442\u0435\u0441\u044f \u0437 \u043d\u0430\u0448\u0438\u043c\u0438 \u0431\u0435\u0441\u0442\u0441\u0435\u043b\u0435\u0440\u0430\u043c\u0438 -\u00a0<a href=\"https:\/\/saintbody.com\/ukr\/kategoria\/body\/\">\u0431\u043e\u0434\u0456<\/a>\u00a0!<br \/>\n\u0417\u0430\u0432\u0456\u0442\u0430\u0439\u0442\u0435 \u043d\u0430 \u043d\u0430\u0448\u00a0<a href=\"https:\/\/www.instagram.com\/saintbodyofficial\/\">\u0456\u043d\u0441\u0442\u0430\u0433\u0440\u0430\u043c<\/a>.<\/p>","protected":false},"excerpt":{"rendered":"<p>\u0410\u0442\u043b\u0430\u0441\u043d\u0430 \u043c\u0456\u043d\u0456-\u0441\u0443\u043a\u043d\u044f \u0432\u0430\u043d\u0456\u043b\u044c\u043d\u043e\u0433\u043e \u0432\u0456\u0434\u0442\u0456\u043d\u043a\u0443 - \u0446\u0435 \u043f\u043e\u0454\u0434\u043d\u0430\u043d\u043d\u044f \u0442\u043e\u043d\u043a\u043e\u0457 \u0447\u0443\u0442\u0442\u0454\u0432\u043e\u0441\u0442\u0456 \u0442\u0430 \u0441\u0443\u0447\u0430\u0441\u043d\u043e\u0433\u043e \u043c\u0456\u043d\u0456\u043c\u0430\u043b\u0456\u0437\u043c\u0443. \u0412\u0438\u0433\u043e\u0442\u043e\u0432\u043b\u0435\u043d\u0430 \u0437 \u0441\u0435\u0440\u0442\u0438\u0444\u0456\u043a\u043e\u0432\u0430\u043d\u043e\u0457 OEKO-TEX\u00ae \u0432\u0456\u0441\u043a\u043e\u0437\u0438 ECOVERO\u2122 100%, \u0432\u043e\u043d\u0430 \u043d\u0435 \u0442\u0456\u043b\u044c\u043a\u0438 \u043d\u0430\u0434\u0437\u0432\u0438\u0447\u0430\u0439\u043d\u043e \u043c'\u044f\u043a\u0430 \u0442\u0430 \u043f\u0440\u0438\u0454\u043c\u043d\u0430 \u0434\u043e \u0442\u0456\u043b\u0430, \u0430\u043b\u0435 \u0439 \u0435\u043a\u043e\u043b\u043e\u0433\u0456\u0447\u043d\u043e \u0447\u0438\u0441\u0442\u0430. \u0422\u043a\u0430\u043d\u0438\u043d\u0430 \u043c'\u044f\u043a\u043e \u043f\u0435\u0440\u0435\u043b\u0438\u0432\u0430\u0454\u0442\u044c\u0441\u044f \u0456 \u0432\u0456\u043b\u044c\u043d\u043e \u043e\u0431\u043b\u044f\u0433\u0430\u0454 \u0441\u0438\u043b\u0443\u0435\u0442 \u0434\u043b\u044f \u043b\u0435\u0433\u043a\u043e\u0433\u043e \u0442\u0430 \u043a\u043e\u043c\u0444\u043e\u0440\u0442\u043d\u043e\u0433\u043e \u043d\u043e\u0441\u0456\u043d\u043d\u044f \u043f\u0440\u043e\u0442\u044f\u0433\u043e\u043c \u0443\u0441\u044c\u043e\u0433\u043e \u0434\u043d\u044f - [...].<\/p>","protected":false},"featured_media":50651,"template":"","meta":[],"product_brand":[],"product_cat":[26,20],"product_tag":[27],"class_list":{"0":"post-49924","1":"product","2":"type-product","3":"status-publish","4":"has-post-thumbnail","6":"product_cat-sukienki","7":"product_cat-wszystko","8":"product_tag-sukienki","10":"first","11":"instock","12":"taxable","13":"shipping-taxable","14":"purchasable","15":"product-type-variable"},"yoast_head":"<!-- This site is optimized with the Yoast SEO plugin v27.0 - https:\/\/yoast.com\/product\/yoast-seo-wordpress\/ -->\n<title>Sukienka mini satynowa waniliowa - Sklep SAINTBODY<\/title>\n<meta name=\"description\" content=\"Zjawiskowa czarna sukienka mini ze zmys\u0142owo opadaj\u0105cymi rami\u0105czkami. Zaprojektowana tak aby nie zsuwa\u0142a si\u0119 z sylwetki\" \/>\n<meta name=\"robots\" content=\"index, follow, max-snippet:-1, max-image-preview:large, max-video-preview:-1\" \/>\n<link rel=\"canonical\" href=\"https:\/\/saintbody.com\/ukr\/sukienka-mini-satynowa-ecovero-vaniliowa\/\" \/>\n<meta property=\"og:locale\" content=\"uk_UA\" \/>\n<meta property=\"og:type\" content=\"article\" \/>\n<meta property=\"og:title\" content=\"Sukienka mini satynowa waniliowa - Sklep SAINTBODY\" \/>\n<meta property=\"og:description\" content=\"Zjawiskowa czarna sukienka mini ze zmys\u0142owo opadaj\u0105cymi rami\u0105czkami. Zaprojektowana tak aby nie zsuwa\u0142a si\u0119 z sylwetki\" \/>\n<meta property=\"og:url\" content=\"https:\/\/saintbody.com\/ukr\/sukienka-mini-satynowa-ecovero-vaniliowa\/\" \/>\n<meta property=\"og:site_name\" content=\"Sklep SAINTBODY\" \/>\n<meta property=\"article:publisher\" content=\"https:\/\/facebook.com\/saintbody\/\" \/>\n<meta property=\"article:modified_time\" content=\"2026-04-21T14:31:37+00:00\" \/>\n<meta property=\"og:image\" content=\"https:\/\/saintbody.com\/wp-content\/uploads\/2024\/07\/IMG_1006.jpeg\" \/>\n\t<meta property=\"og:image:width\" content=\"1001\" \/>\n\t<meta property=\"og:image:height\" content=\"1500\" \/>\n\t<meta property=\"og:image:type\" content=\"image\/jpeg\" \/>\n<meta name=\"twitter:card\" content=\"summary_large_image\" \/>\n<meta name=\"twitter:label1\" content=\"\u041f\u0440\u0438\u0431\u043b. \u0447\u0430\u0441 \u0447\u0438\u0442\u0430\u043d\u043d\u044f\" \/>\n\t<meta name=\"twitter:data1\" content=\"2 \u0445\u0432\u0438\u043b\u0438\u043d\u0438\" \/>\n<script type=\"application\/ld+json\" class=\"yoast-schema-graph\">{\"@context\":\"https:\/\/schema.org\",\"@graph\":[{\"@type\":\"WebPage\",\"@id\":\"https:\/\/saintbody.com\/sukienka-mini-satynowa-ecovero-vaniliowa\/\",\"url\":\"https:\/\/saintbody.com\/sukienka-mini-satynowa-ecovero-vaniliowa\/\",\"name\":\"Sukienka mini satynowa waniliowa - Sklep SAINTBODY\",\"isPartOf\":{\"@id\":\"https:\/\/saintbody.com\/#website\"},\"primaryImageOfPage\":{\"@id\":\"https:\/\/saintbody.com\/sukienka-mini-satynowa-ecovero-vaniliowa\/#primaryimage\"},\"image\":{\"@id\":\"https:\/\/saintbody.com\/sukienka-mini-satynowa-ecovero-vaniliowa\/#primaryimage\"},\"thumbnailUrl\":\"https:\/\/saintbody.com\/wp-content\/uploads\/2024\/07\/IMG_1006.jpeg\",\"datePublished\":\"2024-06-06T19:16:54+00:00\",\"dateModified\":\"2026-04-21T14:31:37+00:00\",\"description\":\"Zjawiskowa czarna sukienka mini ze zmys\u0142owo opadaj\u0105cymi rami\u0105czkami. Zaprojektowana tak aby nie zsuwa\u0142a si\u0119 z sylwetki\",\"breadcrumb\":{\"@id\":\"https:\/\/saintbody.com\/sukienka-mini-satynowa-ecovero-vaniliowa\/#breadcrumb\"},\"inLanguage\":\"uk\",\"potentialAction\":[{\"@type\":\"ReadAction\",\"target\":[\"https:\/\/saintbody.com\/sukienka-mini-satynowa-ecovero-vaniliowa\/\"]}]},{\"@type\":\"ImageObject\",\"inLanguage\":\"uk\",\"@id\":\"https:\/\/saintbody.com\/sukienka-mini-satynowa-ecovero-vaniliowa\/#primaryimage\",\"url\":\"https:\/\/saintbody.com\/wp-content\/uploads\/2024\/07\/IMG_1006.jpeg\",\"contentUrl\":\"https:\/\/saintbody.com\/wp-content\/uploads\/2024\/07\/IMG_1006.jpeg\",\"width\":1001,\"height\":1500},{\"@type\":\"BreadcrumbList\",\"@id\":\"https:\/\/saintbody.com\/sukienka-mini-satynowa-ecovero-vaniliowa\/#breadcrumb\",\"itemListElement\":[{\"@type\":\"ListItem\",\"position\":1,\"name\":\"Strona g\u0142\u00f3wna\",\"item\":\"https:\/\/saintbody.com\/\"},{\"@type\":\"ListItem\",\"position\":2,\"name\":\"Sklep\",\"item\":\"https:\/\/saintbody.com\/sklep\/\"},{\"@type\":\"ListItem\",\"position\":3,\"name\":\"Sukienka mini satynowa waniliowa\"}]},{\"@type\":\"WebSite\",\"@id\":\"https:\/\/saintbody.com\/#website\",\"url\":\"https:\/\/saintbody.com\/\",\"name\":\"Sklep SAINTBODY\",\"description\":\"Premium basic na ka\u00c5\u00bcd\u00c4\u2026 okazje. Ponadczasowe Body, Odzie\u00c5\u00bc damska, Sukienki Damskie\",\"publisher\":{\"@id\":\"https:\/\/saintbody.com\/#organization\"},\"potentialAction\":[{\"@type\":\"SearchAction\",\"target\":{\"@type\":\"EntryPoint\",\"urlTemplate\":\"https:\/\/saintbody.com\/?s={search_term_string}\"},\"query-input\":{\"@type\":\"PropertyValueSpecification\",\"valueRequired\":true,\"valueName\":\"search_term_string\"}}],\"inLanguage\":\"uk\"},{\"@type\":\"Organization\",\"@id\":\"https:\/\/saintbody.com\/#organization\",\"name\":\"Sklep Saint Body\",\"url\":\"https:\/\/saintbody.com\/\",\"logo\":{\"@type\":\"ImageObject\",\"inLanguage\":\"uk\",\"@id\":\"https:\/\/saintbody.com\/#\/schema\/logo\/image\/\",\"url\":\"https:\/\/saintbody.com\/wp-content\/uploads\/2023\/04\/SaintBody_Logo_Typografia-e1691418926919.png\",\"contentUrl\":\"https:\/\/saintbody.com\/wp-content\/uploads\/2023\/04\/SaintBody_Logo_Typografia-e1691418926919.png\",\"width\":1000,\"height\":202,\"caption\":\"Sklep Saint Body\"},\"image\":{\"@id\":\"https:\/\/saintbody.com\/#\/schema\/logo\/image\/\"},\"sameAs\":[\"https:\/\/facebook.com\/saintbody\/\"]}]}<\/script>\n<!-- \/ Yoast SEO plugin. -->","yoast_head_json":{"title":"Sukienka mini satynowa waniliowa - Sklep SAINTBODY","description":"Zjawiskowa czarna sukienka mini ze zmys\u0142owo opadaj\u0105cymi rami\u0105czkami. Zaprojektowana tak aby nie zsuwa\u0142a si\u0119 z sylwetki","robots":{"index":"index","follow":"follow","max-snippet":"max-snippet:-1","max-image-preview":"max-image-preview:large","max-video-preview":"max-video-preview:-1"},"canonical":"https:\/\/saintbody.com\/ukr\/sukienka-mini-satynowa-ecovero-vaniliowa\/","og_locale":"uk_UA","og_type":"article","og_title":"Sukienka mini satynowa waniliowa - Sklep SAINTBODY","og_description":"Zjawiskowa czarna sukienka mini ze zmys\u0142owo opadaj\u0105cymi rami\u0105czkami. Zaprojektowana tak aby nie zsuwa\u0142a si\u0119 z sylwetki","og_url":"https:\/\/saintbody.com\/ukr\/sukienka-mini-satynowa-ecovero-vaniliowa\/","og_site_name":"Sklep SAINTBODY","article_publisher":"https:\/\/facebook.com\/saintbody\/","article_modified_time":"2026-04-21T14:31:37+00:00","og_image":[{"width":1001,"height":1500,"url":"https:\/\/saintbody.com\/wp-content\/uploads\/2024\/07\/IMG_1006.jpeg","type":"image\/jpeg"}],"twitter_card":"summary_large_image","twitter_misc":{"\u041f\u0440\u0438\u0431\u043b. \u0447\u0430\u0441 \u0447\u0438\u0442\u0430\u043d\u043d\u044f":"2 \u0445\u0432\u0438\u043b\u0438\u043d\u0438"},"schema":{"@context":"https:\/\/schema.org","@graph":[{"@type":"WebPage","@id":"https:\/\/saintbody.com\/sukienka-mini-satynowa-ecovero-vaniliowa\/","url":"https:\/\/saintbody.com\/sukienka-mini-satynowa-ecovero-vaniliowa\/","name":"Sukienka mini satynowa waniliowa - Sklep SAINTBODY","isPartOf":{"@id":"https:\/\/saintbody.com\/#website"},"primaryImageOfPage":{"@id":"https:\/\/saintbody.com\/sukienka-mini-satynowa-ecovero-vaniliowa\/#primaryimage"},"image":{"@id":"https:\/\/saintbody.com\/sukienka-mini-satynowa-ecovero-vaniliowa\/#primaryimage"},"thumbnailUrl":"https:\/\/saintbody.com\/wp-content\/uploads\/2024\/07\/IMG_1006.jpeg","datePublished":"2024-06-06T19:16:54+00:00","dateModified":"2026-04-21T14:31:37+00:00","description":"Zjawiskowa czarna sukienka mini ze zmys\u0142owo opadaj\u0105cymi rami\u0105czkami. Zaprojektowana tak aby nie zsuwa\u0142a si\u0119 z sylwetki","breadcrumb":{"@id":"https:\/\/saintbody.com\/sukienka-mini-satynowa-ecovero-vaniliowa\/#breadcrumb"},"inLanguage":"uk","potentialAction":[{"@type":"ReadAction","target":["https:\/\/saintbody.com\/sukienka-mini-satynowa-ecovero-vaniliowa\/"]}]},{"@type":"ImageObject","inLanguage":"uk","@id":"https:\/\/saintbody.com\/sukienka-mini-satynowa-ecovero-vaniliowa\/#primaryimage","url":"https:\/\/saintbody.com\/wp-content\/uploads\/2024\/07\/IMG_1006.jpeg","contentUrl":"https:\/\/saintbody.com\/wp-content\/uploads\/2024\/07\/IMG_1006.jpeg","width":1001,"height":1500},{"@type":"BreadcrumbList","@id":"https:\/\/saintbody.com\/sukienka-mini-satynowa-ecovero-vaniliowa\/#breadcrumb","itemListElement":[{"@type":"ListItem","position":1,"name":"Strona g\u0142\u00f3wna","item":"https:\/\/saintbody.com\/"},{"@type":"ListItem","position":2,"name":"Sklep","item":"https:\/\/saintbody.com\/sklep\/"},{"@type":"ListItem","position":3,"name":"Sukienka mini satynowa waniliowa"}]},{"@type":"WebSite","@id":"https:\/\/saintbody.com\/#website","url":"https:\/\/saintbody.com\/","name":"Sklep SAINTBODY","description":"Premium basic na ka\u00c5\u00bcd\u00c4\u2026 okazje. Ponadczasowe Body, Odzie\u00c5\u00bc damska, Sukienki Damskie","publisher":{"@id":"https:\/\/saintbody.com\/#organization"},"potentialAction":[{"@type":"SearchAction","target":{"@type":"EntryPoint","urlTemplate":"https:\/\/saintbody.com\/?s={search_term_string}"},"query-input":{"@type":"PropertyValueSpecification","valueRequired":true,"valueName":"search_term_string"}}],"inLanguage":"uk"},{"@type":"Organization","@id":"https:\/\/saintbody.com\/#organization","name":"Sklep Saint Body","url":"https:\/\/saintbody.com\/","logo":{"@type":"ImageObject","inLanguage":"uk","@id":"https:\/\/saintbody.com\/#\/schema\/logo\/image\/","url":"https:\/\/saintbody.com\/wp-content\/uploads\/2023\/04\/SaintBody_Logo_Typografia-e1691418926919.png","contentUrl":"https:\/\/saintbody.com\/wp-content\/uploads\/2023\/04\/SaintBody_Logo_Typografia-e1691418926919.png","width":1000,"height":202,"caption":"Sklep Saint Body"},"image":{"@id":"https:\/\/saintbody.com\/#\/schema\/logo\/image\/"},"sameAs":["https:\/\/facebook.com\/saintbody\/"]}]}},"_links":{"self":[{"href":"https:\/\/saintbody.com\/ukr\/wp-json\/wp\/v2\/product\/49924","targetHints":{"allow":["GET"]}}],"collection":[{"href":"https:\/\/saintbody.com\/ukr\/wp-json\/wp\/v2\/product"}],"about":[{"href":"https:\/\/saintbody.com\/ukr\/wp-json\/wp\/v2\/types\/product"}],"wp:featuredmedia":[{"embeddable":true,"href":"https:\/\/saintbody.com\/ukr\/wp-json\/wp\/v2\/media\/50651"}],"wp:attachment":[{"href":"https:\/\/saintbody.com\/ukr\/wp-json\/wp\/v2\/media?parent=49924"}],"wp:term":[{"taxonomy":"product_brand","embeddable":true,"href":"https:\/\/saintbody.com\/ukr\/wp-json\/wp\/v2\/product_brand?post=49924"},{"taxonomy":"product_cat","embeddable":true,"href":"https:\/\/saintbody.com\/ukr\/wp-json\/wp\/v2\/product_cat?post=49924"},{"taxonomy":"product_tag","embeddable":true,"href":"https:\/\/saintbody.com\/ukr\/wp-json\/wp\/v2\/product_tag?post=49924"}],"curies":[{"name":"wp","href":"https:\/\/api.w.org\/{rel}","templated":true}]}}