{"id":47422,"date":"2024-02-12T14:54:41","date_gmt":"2024-02-12T13:54:41","guid":{"rendered":"https:\/\/saintbody.com\/?post_type=product&#038;p=47422"},"modified":"2025-09-06T17:40:37","modified_gmt":"2025-09-06T15:40:37","slug":"bardot-body-czarne","status":"publish","type":"product","link":"https:\/\/saintbody.com\/ukr\/bardot-body-czarne\/","title":{"rendered":"\u0411\u043e\u0434\u0456 \u0431\u0430\u0440\u0434\u043e \u0447\u043e\u0440\u043d\u0435"},"content":{"rendered":"<p>\u0411\u043e\u0434\u0456 \u0447\u043e\u0440\u043d\u043e\u0433\u043e \u043a\u043e\u043b\u044c\u043e\u0440\u0443 \u0437 \u043c'\u044f\u043a\u043e \u0441\u043f\u0430\u0434\u0430\u044e\u0447\u0438\u043c\u0438 \u0431\u0440\u0435\u0442\u0435\u043b\u044f\u043c\u0438. \u0421\u043a\u043e\u043d\u0441\u0442\u0440\u0443\u0439\u043e\u0432\u0430\u043d\u0435 \u0442\u0430\u043a, \u0449\u043e \u043d\u0435 \u0441\u043f\u043e\u0432\u0437\u0430\u0454 \u0437 \u0441\u0438\u043b\u0443\u0435\u0442\u0443 \u0456 \u0456\u0434\u0435\u0430\u043b\u044c\u043d\u043e \u043f\u043e\u0454\u0434\u043d\u0443\u0454\u0442\u044c\u0441\u044f \u0437 \u0431\u044e\u0441\u0442\u0433\u0430\u043b\u044c\u0442\u0435\u0440\u043e\u043c \u0442\u0438\u043f\u0443 \u0431\u0430\u0440\u0434\u043e. \u041d\u0435\u0439\u043c\u043e\u0432\u0456\u0440\u043d\u043e \u043f\u043e\u0454\u0434\u043d\u0443\u0454\u0442\u044c\u0441\u044f \u0437 \u0431\u0443\u0434\u044c-\u044f\u043a\u043e\u044e \u0441\u0442\u0438\u043b\u0456\u0437\u0430\u0446\u0456\u0454\u044e. \u0412\u0438\u0433\u043e\u0442\u043e\u0432\u043b\u0435\u043d\u0438\u0439 \u0437 \u043f\u043e\u0434\u0432\u0456\u0439\u043d\u043e\u0433\u043e \u0448\u0430\u0440\u0443 \u0442\u043a\u0430\u043d\u0438\u043d\u0438, \u0437 \u0431\u0435\u0437\u0448\u043e\u0432\u043d\u043e\u044e \u043e\u0431\u0440\u043e\u0431\u043a\u043e\u044e. \u041a\u0440\u0430\u0441\u0438\u0432\u043e \u0432\u0456\u0434\u043a\u0440\u0438\u0432\u0430\u0454 \u043f\u043b\u0435\u0447\u0456 \u0442\u0430 \u0437\u043e\u043d\u0443 \u0434\u0435\u043a\u043e\u043b\u044c\u0442\u0435. \u0415\u043b\u0430\u0441\u0442\u0438\u0447\u043d\u0456 \u043d\u0438\u0442\u043a\u0438 \u0434\u043b\u044f \u043a\u043e\u043c\u0444\u043e\u0440\u0442\u043d\u043e\u0433\u043e \u043d\u043e\u0441\u0456\u043d\u043d\u044f. \u0417\u0430\u0441\u0442\u0456\u0431\u0430\u0454\u0442\u044c\u0441\u044f \u0437\u0430 \u0434\u043e\u043f\u043e\u043c\u043e\u0433\u043e\u044e \u0431\u0435\u0437\u043d\u0456\u043a\u0435\u043b\u0435\u0432\u0438\u0445 \u043a\u043d\u043e\u043f\u043e\u043a.<\/p>\n<p>&nbsp;<\/p>","protected":false},"excerpt":{"rendered":"<p>\u0411\u043e\u0434\u0456 \u0447\u043e\u0440\u043d\u043e\u0433\u043e \u043a\u043e\u043b\u044c\u043e\u0440\u0443 \u0437 \u043c'\u044f\u043a\u043e \u0441\u043f\u0430\u0434\u0430\u044e\u0447\u0438\u043c\u0438 \u0431\u0440\u0435\u0442\u0435\u043b\u044f\u043c\u0438. \u0421\u043a\u043e\u043d\u0441\u0442\u0440\u0443\u0439\u043e\u0432\u0430\u043d\u0435 \u0442\u0430\u043a, \u0449\u043e \u043d\u0435 \u0441\u043f\u043e\u0432\u0437\u0430\u0454 \u0437 \u0441\u0438\u043b\u0443\u0435\u0442\u0443 \u0456 \u0456\u0434\u0435\u0430\u043b\u044c\u043d\u043e \u043f\u043e\u0454\u0434\u043d\u0443\u0454\u0442\u044c\u0441\u044f \u0437 \u0431\u044e\u0441\u0442\u0433\u0430\u043b\u044c\u0442\u0435\u0440\u043e\u043c \u0442\u0438\u043f\u0443 \u0431\u0430\u0440\u0434\u043e. \u041d\u0435\u0439\u043c\u043e\u0432\u0456\u0440\u043d\u043e \u043f\u043e\u0454\u0434\u043d\u0443\u0454\u0442\u044c\u0441\u044f \u0437 \u0431\u0443\u0434\u044c-\u044f\u043a\u043e\u044e \u0441\u0442\u0438\u043b\u0456\u0437\u0430\u0446\u0456\u0454\u044e. \u0412\u0438\u0433\u043e\u0442\u043e\u0432\u043b\u0435\u043d\u0438\u0439 \u0437 \u043f\u043e\u0434\u0432\u0456\u0439\u043d\u043e\u0433\u043e \u0448\u0430\u0440\u0443 \u0442\u043a\u0430\u043d\u0438\u043d\u0438, \u0437 \u0431\u0435\u0437\u0448\u043e\u0432\u043d\u043e\u044e \u043e\u0431\u0440\u043e\u0431\u043a\u043e\u044e. \u041a\u0440\u0430\u0441\u0438\u0432\u043e \u0432\u0456\u0434\u043a\u0440\u0438\u0432\u0430\u0454 \u043f\u043b\u0435\u0447\u0456 \u0442\u0430 \u0437\u043e\u043d\u0443 \u0434\u0435\u043a\u043e\u043b\u044c\u0442\u0435. \u0415\u043b\u0430\u0441\u0442\u0438\u0447\u043d\u0456 \u043d\u0438\u0442\u043a\u0438 \u0434\u043b\u044f \u043a\u043e\u043c\u0444\u043e\u0440\u0442\u043d\u043e\u0433\u043e \u043d\u043e\u0441\u0456\u043d\u043d\u044f. \u0417\u0430\u0441\u0442\u0456\u0431\u0430\u0454\u0442\u044c\u0441\u044f \u0437\u0430 \u0434\u043e\u043f\u043e\u043c\u043e\u0433\u043e\u044e \u0431\u0435\u0437\u043d\u0456\u043a\u0435\u043b\u0435\u0432\u0438\u0445 \u043a\u043d\u043e\u043f\u043e\u043a. &nbsp;<\/p>","protected":false},"featured_media":47496,"template":"","meta":[],"product_brand":[],"product_cat":[20],"product_tag":[23],"class_list":{"0":"post-47422","1":"product","2":"type-product","3":"status-publish","4":"has-post-thumbnail","6":"product_cat-wszystko","7":"product_tag-body","9":"first","10":"outofstock","11":"taxable","12":"shipping-taxable","13":"purchasable","14":"product-type-variable"},"yoast_head":"<!-- This site is optimized with the Yoast SEO plugin v27.0 - https:\/\/yoast.com\/product\/yoast-seo-wordpress\/ -->\n<title>Body bardot czarne - Sklep SAINTBODY<\/title>\n<meta name=\"description\" content=\"Czarne body z delikatnie opadaj\u0105cymi rami\u0105czkami. Zaprojektowane tak aby nie zsuwa\u0142o si\u0119 z sylwetki\" \/>\n<meta name=\"robots\" content=\"index, follow, max-snippet:-1, max-image-preview:large, max-video-preview:-1\" \/>\n<link rel=\"canonical\" href=\"https:\/\/saintbody.com\/ukr\/bardot-body-czarne\/\" \/>\n<meta property=\"og:locale\" content=\"uk_UA\" \/>\n<meta property=\"og:type\" content=\"article\" \/>\n<meta property=\"og:title\" content=\"Body bardot czarne - Sklep SAINTBODY\" \/>\n<meta property=\"og:description\" content=\"Czarne body z delikatnie opadaj\u0105cymi rami\u0105czkami. Zaprojektowane tak aby nie zsuwa\u0142o si\u0119 z sylwetki\" \/>\n<meta property=\"og:url\" content=\"https:\/\/saintbody.com\/ukr\/bardot-body-czarne\/\" \/>\n<meta property=\"og:site_name\" content=\"Sklep SAINTBODY\" \/>\n<meta property=\"article:publisher\" content=\"https:\/\/facebook.com\/saintbody\/\" \/>\n<meta property=\"article:modified_time\" content=\"2025-09-06T15:40:37+00:00\" \/>\n<meta property=\"og:image\" content=\"http:\/\/saintbody.com\/wp-content\/uploads\/2024\/02\/Sesja-bez-nazwy1229-2.jpg\" \/>\n\t<meta property=\"og:image:width\" content=\"1001\" \/>\n\t<meta property=\"og:image:height\" content=\"1500\" \/>\n\t<meta property=\"og:image:type\" content=\"image\/jpeg\" \/>\n<meta name=\"twitter:card\" content=\"summary_large_image\" \/>\n<meta name=\"twitter:label1\" content=\"\u041f\u0440\u0438\u0431\u043b. \u0447\u0430\u0441 \u0447\u0438\u0442\u0430\u043d\u043d\u044f\" \/>\n\t<meta name=\"twitter:data1\" content=\"1 \u0445\u0432\u0438\u043b\u0438\u043d\u0430\" \/>\n<script type=\"application\/ld+json\" class=\"yoast-schema-graph\">{\"@context\":\"https:\/\/schema.org\",\"@graph\":[{\"@type\":\"WebPage\",\"@id\":\"https:\/\/saintbody.com\/bardot-body-czarne\/\",\"url\":\"https:\/\/saintbody.com\/bardot-body-czarne\/\",\"name\":\"Body bardot czarne - Sklep SAINTBODY\",\"isPartOf\":{\"@id\":\"https:\/\/saintbody.com\/#website\"},\"primaryImageOfPage\":{\"@id\":\"https:\/\/saintbody.com\/bardot-body-czarne\/#primaryimage\"},\"image\":{\"@id\":\"https:\/\/saintbody.com\/bardot-body-czarne\/#primaryimage\"},\"thumbnailUrl\":\"https:\/\/saintbody.com\/wp-content\/uploads\/2024\/02\/Sesja-bez-nazwy1229-2.jpg\",\"datePublished\":\"2024-02-12T13:54:41+00:00\",\"dateModified\":\"2025-09-06T15:40:37+00:00\",\"description\":\"Czarne body z delikatnie opadaj\u0105cymi rami\u0105czkami. Zaprojektowane tak aby nie zsuwa\u0142o si\u0119 z sylwetki\",\"breadcrumb\":{\"@id\":\"https:\/\/saintbody.com\/bardot-body-czarne\/#breadcrumb\"},\"inLanguage\":\"uk\",\"potentialAction\":[{\"@type\":\"ReadAction\",\"target\":[\"https:\/\/saintbody.com\/bardot-body-czarne\/\"]}]},{\"@type\":\"ImageObject\",\"inLanguage\":\"uk\",\"@id\":\"https:\/\/saintbody.com\/bardot-body-czarne\/#primaryimage\",\"url\":\"https:\/\/saintbody.com\/wp-content\/uploads\/2024\/02\/Sesja-bez-nazwy1229-2.jpg\",\"contentUrl\":\"https:\/\/saintbody.com\/wp-content\/uploads\/2024\/02\/Sesja-bez-nazwy1229-2.jpg\",\"width\":1001,\"height\":1500,\"caption\":\"Body bardot czarne\"},{\"@type\":\"BreadcrumbList\",\"@id\":\"https:\/\/saintbody.com\/bardot-body-czarne\/#breadcrumb\",\"itemListElement\":[{\"@type\":\"ListItem\",\"position\":1,\"name\":\"Strona g\u0142\u00f3wna\",\"item\":\"https:\/\/saintbody.com\/\"},{\"@type\":\"ListItem\",\"position\":2,\"name\":\"Sklep\",\"item\":\"https:\/\/saintbody.com\/sklep\/\"},{\"@type\":\"ListItem\",\"position\":3,\"name\":\"Body bardot czarne\"}]},{\"@type\":\"WebSite\",\"@id\":\"https:\/\/saintbody.com\/#website\",\"url\":\"https:\/\/saintbody.com\/\",\"name\":\"Sklep SAINTBODY\",\"description\":\"Premium basic na ka\u00c5\u00bcd\u00c4\u2026 okazje. Ponadczasowe Body, Odzie\u00c5\u00bc damska, Sukienki Damskie\",\"publisher\":{\"@id\":\"https:\/\/saintbody.com\/#organization\"},\"potentialAction\":[{\"@type\":\"SearchAction\",\"target\":{\"@type\":\"EntryPoint\",\"urlTemplate\":\"https:\/\/saintbody.com\/?s={search_term_string}\"},\"query-input\":{\"@type\":\"PropertyValueSpecification\",\"valueRequired\":true,\"valueName\":\"search_term_string\"}}],\"inLanguage\":\"uk\"},{\"@type\":\"Organization\",\"@id\":\"https:\/\/saintbody.com\/#organization\",\"name\":\"Sklep Saint Body\",\"url\":\"https:\/\/saintbody.com\/\",\"logo\":{\"@type\":\"ImageObject\",\"inLanguage\":\"uk\",\"@id\":\"https:\/\/saintbody.com\/#\/schema\/logo\/image\/\",\"url\":\"https:\/\/saintbody.com\/wp-content\/uploads\/2023\/04\/SaintBody_Logo_Typografia-e1691418926919.png\",\"contentUrl\":\"https:\/\/saintbody.com\/wp-content\/uploads\/2023\/04\/SaintBody_Logo_Typografia-e1691418926919.png\",\"width\":1000,\"height\":202,\"caption\":\"Sklep Saint Body\"},\"image\":{\"@id\":\"https:\/\/saintbody.com\/#\/schema\/logo\/image\/\"},\"sameAs\":[\"https:\/\/facebook.com\/saintbody\/\"]}]}<\/script>\n<!-- \/ Yoast SEO plugin. -->","yoast_head_json":{"title":"Body bardot czarne - Sklep SAINTBODY","description":"Czarne body z delikatnie opadaj\u0105cymi rami\u0105czkami. Zaprojektowane tak aby nie zsuwa\u0142o si\u0119 z sylwetki","robots":{"index":"index","follow":"follow","max-snippet":"max-snippet:-1","max-image-preview":"max-image-preview:large","max-video-preview":"max-video-preview:-1"},"canonical":"https:\/\/saintbody.com\/ukr\/bardot-body-czarne\/","og_locale":"uk_UA","og_type":"article","og_title":"Body bardot czarne - Sklep SAINTBODY","og_description":"Czarne body z delikatnie opadaj\u0105cymi rami\u0105czkami. Zaprojektowane tak aby nie zsuwa\u0142o si\u0119 z sylwetki","og_url":"https:\/\/saintbody.com\/ukr\/bardot-body-czarne\/","og_site_name":"Sklep SAINTBODY","article_publisher":"https:\/\/facebook.com\/saintbody\/","article_modified_time":"2025-09-06T15:40:37+00:00","og_image":[{"width":1001,"height":1500,"url":"http:\/\/saintbody.com\/wp-content\/uploads\/2024\/02\/Sesja-bez-nazwy1229-2.jpg","type":"image\/jpeg"}],"twitter_card":"summary_large_image","twitter_misc":{"\u041f\u0440\u0438\u0431\u043b. \u0447\u0430\u0441 \u0447\u0438\u0442\u0430\u043d\u043d\u044f":"1 \u0445\u0432\u0438\u043b\u0438\u043d\u0430"},"schema":{"@context":"https:\/\/schema.org","@graph":[{"@type":"WebPage","@id":"https:\/\/saintbody.com\/bardot-body-czarne\/","url":"https:\/\/saintbody.com\/bardot-body-czarne\/","name":"Body bardot czarne - Sklep SAINTBODY","isPartOf":{"@id":"https:\/\/saintbody.com\/#website"},"primaryImageOfPage":{"@id":"https:\/\/saintbody.com\/bardot-body-czarne\/#primaryimage"},"image":{"@id":"https:\/\/saintbody.com\/bardot-body-czarne\/#primaryimage"},"thumbnailUrl":"https:\/\/saintbody.com\/wp-content\/uploads\/2024\/02\/Sesja-bez-nazwy1229-2.jpg","datePublished":"2024-02-12T13:54:41+00:00","dateModified":"2025-09-06T15:40:37+00:00","description":"Czarne body z delikatnie opadaj\u0105cymi rami\u0105czkami. Zaprojektowane tak aby nie zsuwa\u0142o si\u0119 z sylwetki","breadcrumb":{"@id":"https:\/\/saintbody.com\/bardot-body-czarne\/#breadcrumb"},"inLanguage":"uk","potentialAction":[{"@type":"ReadAction","target":["https:\/\/saintbody.com\/bardot-body-czarne\/"]}]},{"@type":"ImageObject","inLanguage":"uk","@id":"https:\/\/saintbody.com\/bardot-body-czarne\/#primaryimage","url":"https:\/\/saintbody.com\/wp-content\/uploads\/2024\/02\/Sesja-bez-nazwy1229-2.jpg","contentUrl":"https:\/\/saintbody.com\/wp-content\/uploads\/2024\/02\/Sesja-bez-nazwy1229-2.jpg","width":1001,"height":1500,"caption":"Body bardot czarne"},{"@type":"BreadcrumbList","@id":"https:\/\/saintbody.com\/bardot-body-czarne\/#breadcrumb","itemListElement":[{"@type":"ListItem","position":1,"name":"Strona g\u0142\u00f3wna","item":"https:\/\/saintbody.com\/"},{"@type":"ListItem","position":2,"name":"Sklep","item":"https:\/\/saintbody.com\/sklep\/"},{"@type":"ListItem","position":3,"name":"Body bardot czarne"}]},{"@type":"WebSite","@id":"https:\/\/saintbody.com\/#website","url":"https:\/\/saintbody.com\/","name":"Sklep SAINTBODY","description":"Premium basic na ka\u00c5\u00bcd\u00c4\u2026 okazje. Ponadczasowe Body, Odzie\u00c5\u00bc damska, Sukienki Damskie","publisher":{"@id":"https:\/\/saintbody.com\/#organization"},"potentialAction":[{"@type":"SearchAction","target":{"@type":"EntryPoint","urlTemplate":"https:\/\/saintbody.com\/?s={search_term_string}"},"query-input":{"@type":"PropertyValueSpecification","valueRequired":true,"valueName":"search_term_string"}}],"inLanguage":"uk"},{"@type":"Organization","@id":"https:\/\/saintbody.com\/#organization","name":"Sklep Saint Body","url":"https:\/\/saintbody.com\/","logo":{"@type":"ImageObject","inLanguage":"uk","@id":"https:\/\/saintbody.com\/#\/schema\/logo\/image\/","url":"https:\/\/saintbody.com\/wp-content\/uploads\/2023\/04\/SaintBody_Logo_Typografia-e1691418926919.png","contentUrl":"https:\/\/saintbody.com\/wp-content\/uploads\/2023\/04\/SaintBody_Logo_Typografia-e1691418926919.png","width":1000,"height":202,"caption":"Sklep Saint Body"},"image":{"@id":"https:\/\/saintbody.com\/#\/schema\/logo\/image\/"},"sameAs":["https:\/\/facebook.com\/saintbody\/"]}]}},"_links":{"self":[{"href":"https:\/\/saintbody.com\/ukr\/wp-json\/wp\/v2\/product\/47422","targetHints":{"allow":["GET"]}}],"collection":[{"href":"https:\/\/saintbody.com\/ukr\/wp-json\/wp\/v2\/product"}],"about":[{"href":"https:\/\/saintbody.com\/ukr\/wp-json\/wp\/v2\/types\/product"}],"wp:featuredmedia":[{"embeddable":true,"href":"https:\/\/saintbody.com\/ukr\/wp-json\/wp\/v2\/media\/47496"}],"wp:attachment":[{"href":"https:\/\/saintbody.com\/ukr\/wp-json\/wp\/v2\/media?parent=47422"}],"wp:term":[{"taxonomy":"product_brand","embeddable":true,"href":"https:\/\/saintbody.com\/ukr\/wp-json\/wp\/v2\/product_brand?post=47422"},{"taxonomy":"product_cat","embeddable":true,"href":"https:\/\/saintbody.com\/ukr\/wp-json\/wp\/v2\/product_cat?post=47422"},{"taxonomy":"product_tag","embeddable":true,"href":"https:\/\/saintbody.com\/ukr\/wp-json\/wp\/v2\/product_tag?post=47422"}],"curies":[{"name":"wp","href":"https:\/\/api.w.org\/{rel}","templated":true}]}}