{"id":211,"date":"2023-03-09T17:36:47","date_gmt":"2023-03-09T16:36:47","guid":{"rendered":"http:\/\/saintbody.com\/?post_type=product&#038;p=211"},"modified":"2025-08-22T16:19:16","modified_gmt":"2025-08-22T14:19:16","slug":"gift-card","status":"publish","type":"product","link":"https:\/\/saintbody.com\/ukr\/gift-card\/","title":{"rendered":"\u041f\u043e\u0434\u0430\u0440\u0443\u043d\u043a\u043e\u0432\u0430 \u043a\u0430\u0440\u0442\u043a\u0430"},"content":{"rendered":"<p>\u0417 \u043f\u043e\u0434\u0430\u0440\u0443\u043d\u043a\u043e\u0432\u043e\u044e \u043a\u0430\u0440\u0442\u043a\u043e\u044e \u0432\u0456\u0434 Saintbody \u0412\u0430\u0448\u0430 \u043a\u043e\u0445\u0430\u043d\u0430 \u043c\u0430\u0442\u0438\u043c\u0435 \u043c\u043e\u0436\u043b\u0438\u0432\u0456\u0441\u0442\u044c \u043f\u0440\u0438\u0434\u0431\u0430\u0442\u0438 \u0441\u0435\u043a\u0441\u0443\u0430\u043b\u044c\u043d\u0456 \u0431\u043e\u0434\u0456, \u0432\u0435\u0447\u0456\u0440\u043d\u0456 \u0441\u0443\u043a\u043d\u0456.<br \/>\n\u0412\u0430\u0443\u0447\u0435\u0440 \u043f\u0440\u043e\u0434\u0430\u0454\u0442\u044c\u0441\u044f \u0443 \u0432\u0438\u0433\u043b\u044f\u0434\u0456 \u043a\u0430\u0440\u0442\u043a\u0438, \u043f\u043e\u043c\u0456\u0449\u0435\u043d\u043e\u0457 \u0432 \u043a\u043e\u043d\u0432\u0435\u0440\u0442, \u043f\u0456\u0434\u043f\u0438\u0441\u0430\u043d\u0438\u0439 \u043b\u043e\u0433\u043e\u0442\u0438\u043f\u043e\u043c Saintbody. \u041f\u043e\u0434\u0430\u0440\u0443\u043d\u043a\u043e\u0432\u0430 \u043a\u0430\u0440\u0442\u043a\u0430 \u0432\u0456\u0434 Saintbody \u0434\u0430\u0454 \u043f\u0440\u0430\u0432\u043e \u043d\u0430 \u043f\u043e\u043a\u0443\u043f\u043a\u0438 \u043d\u0430 \u0441\u0430\u0439\u0442\u0456 \u0437 \u0443\u0441\u044c\u043e\u0433\u043e \u0430\u0441\u043e\u0440\u0442\u0438\u043c\u0435\u043d\u0442\u0443.<\/p>\n<p>\u0412\u0430\u0440\u0442\u0456\u0441\u0442\u044c \u043f\u043e\u043a\u0443\u043f\u043e\u043a \u043c\u043e\u0436\u0435 \u0434\u043e\u0440\u0456\u0432\u043d\u044e\u0432\u0430\u0442\u0438 \u0430\u0431\u043e \u043f\u0435\u0440\u0435\u0432\u0438\u0449\u0443\u0432\u0430\u0442\u0438 \u0441\u0443\u043c\u0443, \u043f\u0440\u0438\u043f\u0438\u0441\u0430\u043d\u0443 \u0434\u043e \u0432\u0430\u0443\u0447\u0435\u0440\u0430, \u0437\u0430 \u0443\u043c\u043e\u0432\u0438, \u0449\u043e \u0440\u0456\u0437\u043d\u0438\u0446\u044e \u0441\u043f\u043b\u0430\u0447\u0443\u0454 \u043a\u043e\u0440\u0438\u0441\u0442\u0443\u0432\u0430\u0447, \u044f\u043a\u0438\u0439 \u0440\u043e\u0431\u0438\u0442\u044c \u0437\u0430\u043c\u043e\u0432\u043b\u0435\u043d\u043d\u044f. \u0412\u0430\u0443\u0447\u0435\u0440 \u0434\u0456\u0439\u0441\u043d\u0438\u0439 \u043f\u0440\u043e\u0442\u044f\u0433\u043e\u043c 12 \u043c\u0456\u0441\u044f\u0446\u0456\u0432 \u0437 \u043c\u043e\u043c\u0435\u043d\u0442\u0443 \u043f\u043e\u043a\u0443\u043f\u043a\u0438.<\/p>\n<p>\u0412\u0430\u0443\u0447\u0435\u0440 \u043c\u043e\u0436\u043d\u0430 \u0432\u0438\u043a\u043e\u0440\u0438\u0441\u0442\u0430\u0442\u0438 \u043b\u0438\u0448\u0435 \u043e\u0434\u0438\u043d \u0440\u0430\u0437. \u041d\u0435\u0432\u0438\u043a\u043e\u0440\u0438\u0441\u0442\u0430\u043d\u0456 \u043a\u043e\u0448\u0442\u0438 \u043d\u0430 \u0412\u0430\u0448\u043e\u043c\u0443 \u0440\u0430\u0445\u0443\u043d\u043a\u0443 \u0430\u043d\u0443\u043b\u044e\u044e\u0442\u044c\u0441\u044f \u0431\u0435\u0437 \u043c\u043e\u0436\u043b\u0438\u0432\u043e\u0441\u0442\u0456 \u043f\u043e\u0432\u0442\u043e\u0440\u043d\u043e\u0433\u043e \u0432\u0438\u043a\u043e\u0440\u0438\u0441\u0442\u0430\u043d\u043d\u044f \u043a\u043e\u0434\u0443.<\/p>\n<p>\u0412\u0430\u0443\u0447\u0435\u0440 \u043d\u0435 \u043f\u0456\u0434\u043b\u044f\u0433\u0430\u0454 \u043f\u043e\u0432\u0435\u0440\u043d\u0435\u043d\u043d\u044e \u0430\u0431\u043e \u043e\u0431\u043c\u0456\u043d\u0443 \u043d\u0430 \u0433\u043e\u0442\u0456\u0432\u043a\u0443.<br \/>\n\u0412\u0430\u0443\u0447\u0435\u0440 \u043d\u0435 \u043f\u043e\u0454\u0434\u043d\u0443\u0454\u0442\u044c\u0441\u044f \u0437 \u0456\u043d\u0448\u0438\u043c\u0438 \u0430\u043a\u0442\u0438\u0432\u043d\u0438\u043c\u0438 \u043a\u043e\u0434\u0430\u043c\u0438 \u043d\u0430 \u0441\u0430\u0439\u0442\u0456.<\/p>\n<p>Saint Body \u043d\u0435 \u043d\u0435\u0441\u0435 \u0432\u0456\u0434\u043f\u043e\u0432\u0456\u0434\u0430\u043b\u044c\u043d\u043e\u0441\u0442\u0456 \u0437\u0430 \u0412\u0430\u0443\u0447\u0435\u0440 \u0437 \u043c\u043e\u043c\u0435\u043d\u0442\u0443 \u0439\u043e\u0433\u043e \u0432\u0438\u0434\u0430\u0447\u0456 \u041f\u043e\u043a\u0443\u043f\u0446\u0435\u0432\u0456. \u0423 \u0432\u0438\u043f\u0430\u0434\u043a\u0443, \u044f\u043a\u0449\u043e \u043f\u043e\u0434\u0430\u0440\u0443\u043d\u043a\u043e\u0432\u0438\u0439 \u0432\u0430\u0443\u0447\u0435\u0440 \u0437\u0430\u0433\u0443\u0431\u043b\u0435\u043d\u0438\u0439, \u0437\u043d\u0438\u0449\u0435\u043d\u0438\u0439 \u0430\u0431\u043e \u0456\u043d\u0448\u0438\u043c \u0447\u0438\u043d\u043e\u043c \u043d\u0435 \u043c\u043e\u0436\u0435 \u0431\u0443\u0442\u0438 \u0432\u0438\u043a\u043e\u0440\u0438\u0441\u0442\u0430\u043d\u0438\u0439 \u0437 \u0432\u0438\u043d\u0438 \u041f\u043e\u043a\u0443\u043f\u0446\u044f \u0430\u0431\u043e \u041a\u043e\u0440\u0438\u0441\u0442\u0443\u0432\u0430\u0447\u0430, Saint Body \u043d\u0435 \u0437\u043e\u0431\u043e\u0432'\u044f\u0437\u0430\u043d\u0438\u0439 \u043f\u0440\u0438\u0439\u043c\u0430\u0442\u0438 \u043f\u0440\u0435\u0442\u0435\u043d\u0437\u0456\u0457.<\/p>\n<p>\u0422\u0430\u043a\u043e\u0436 \u043e\u0437\u043d\u0430\u0439\u043e\u043c\u0442\u0435\u0441\u044f \u0437 \u043d\u0430\u0448\u0438\u043c\u0438 \u0431\u0435\u0441\u0442\u0441\u0435\u043b\u0435\u0440\u0430\u043c\u0438 -\u00a0<a href=\"https:\/\/saintbody.com\/ukr\/kategoria\/body\/\">\u0431\u043e\u0434\u0456<\/a> !<br \/>\n\u0417\u0430\u0432\u0456\u0442\u0430\u0439\u0442\u0435 \u043d\u0430 \u043d\u0430\u0448 <a href=\"https:\/\/www.instagram.com\/saintbodyofficial\/\">\u0456\u043d\u0441\u0442\u0430\u0433\u0440\u0430\u043c<\/a>.<\/p>","protected":false},"excerpt":{"rendered":"<p>\u0417 \u043f\u043e\u0434\u0430\u0440\u0443\u043d\u043a\u043e\u0432\u043e\u044e \u043a\u0430\u0440\u0442\u043a\u043e\u044e \u0432\u0456\u0434 Saintbody \u0432\u0430\u0448\u0430 \u043a\u043e\u0445\u0430\u043d\u0430 \u043c\u0430\u0442\u0438\u043c\u0435 \u043c\u043e\u0436\u043b\u0438\u0432\u0456\u0441\u0442\u044c \u043f\u0440\u0438\u0434\u0431\u0430\u0442\u0438 \u0441\u0435\u043a\u0441\u0443\u0430\u043b\u044c\u043d\u0456 \u0431\u043e\u0434\u0456, \u0432\u0435\u0447\u0456\u0440\u043d\u0456 \u0441\u0443\u043a\u043d\u0456. \u0412\u0430\u0443\u0447\u0435\u0440 \u043f\u0440\u043e\u0434\u0430\u0454\u0442\u044c\u0441\u044f \u0443 \u0432\u0438\u0433\u043b\u044f\u0434\u0456 \u043a\u0430\u0440\u0442\u043a\u0438, \u043f\u043e\u043c\u0456\u0449\u0435\u043d\u043e\u0457 \u0432 \u043a\u043e\u043d\u0432\u0435\u0440\u0442, \u043f\u0456\u0434\u043f\u0438\u0441\u0430\u043d\u0438\u0439 \u043b\u043e\u0433\u043e\u0442\u0438\u043f\u043e\u043c Saintbody. \u041f\u043e\u0434\u0430\u0440\u0443\u043d\u043a\u043e\u0432\u0430 \u043a\u0430\u0440\u0442\u043a\u0430 \u0432\u0456\u0434 Saintbody \u0434\u0430\u0454 \u043f\u0440\u0430\u0432\u043e \u043d\u0430 \u043f\u043e\u043a\u0443\u043f\u043a\u0443 \u043d\u0430 \u0441\u0430\u0439\u0442\u0456 \u0437 \u0443\u0441\u044c\u043e\u0433\u043e \u0430\u0441\u043e\u0440\u0442\u0438\u043c\u0435\u043d\u0442\u0443. \u0412\u0430\u0440\u0442\u0456\u0441\u0442\u044c \u043f\u043e\u043a\u0443\u043f\u043e\u043a \u043c\u043e\u0436\u0435 \u0434\u043e\u0440\u0456\u0432\u043d\u044e\u0432\u0430\u0442\u0438 \u0430\u0431\u043e \u043f\u0435\u0440\u0435\u0432\u0438\u0449\u0443\u0432\u0430\u0442\u0438 \u0441\u0443\u043c\u0443, \u0437\u0430\u0437\u043d\u0430\u0447\u0435\u043d\u0443 \u043d\u0430 \u0432\u0430\u0443\u0447\u0435\u0440\u0456, \u0437\u0430 \u0443\u043c\u043e\u0432\u0438, \u0449\u043e \u0440\u0456\u0437\u043d\u0438\u0446\u044f \u043e\u043f\u043b\u0430\u0447\u0443\u0454\u0442\u044c\u0441\u044f \u0437\u0430 \u0440\u0430\u0445\u0443\u043d\u043e\u043a [...].<\/p>","protected":false},"featured_media":26001,"template":"","meta":[],"product_brand":[],"product_cat":[44,20],"product_tag":[],"class_list":{"0":"post-211","1":"product","2":"type-product","3":"status-publish","4":"has-post-thumbnail","6":"product_cat-karta-podarunkowa","7":"product_cat-wszystko","9":"first","10":"instock","11":"purchasable","12":"product-type-simple"},"yoast_head":"<!-- This site is optimized with the Yoast SEO plugin v27.0 - https:\/\/yoast.com\/product\/yoast-seo-wordpress\/ -->\n<title>Giftcard od Saintbody - Gift Card - Sklep SAINTBODY<\/title>\n<meta name=\"description\" content=\"Z giftcard od Saintbody bliska Ci osoba b\u0119dzie mia\u0142a mo\u017cliwo\u015b\u0107 zakupu seksownego body, wieczorowych sukienek.\" \/>\n<meta name=\"robots\" content=\"index, follow, max-snippet:-1, max-image-preview:large, max-video-preview:-1\" \/>\n<link rel=\"canonical\" href=\"https:\/\/saintbody.com\/ukr\/gift-card\/\" \/>\n<meta property=\"og:locale\" content=\"uk_UA\" \/>\n<meta property=\"og:type\" content=\"article\" \/>\n<meta property=\"og:title\" content=\"Giftcard od Saintbody - Gift Card - Sklep SAINTBODY\" \/>\n<meta property=\"og:description\" content=\"Z giftcard od Saintbody bliska Ci osoba b\u0119dzie mia\u0142a mo\u017cliwo\u015b\u0107 zakupu seksownego body, wieczorowych sukienek.\" \/>\n<meta property=\"og:url\" content=\"https:\/\/saintbody.com\/ukr\/gift-card\/\" \/>\n<meta property=\"og:site_name\" content=\"Sklep SAINTBODY\" \/>\n<meta property=\"article:publisher\" content=\"https:\/\/facebook.com\/saintbody\/\" \/>\n<meta property=\"article:modified_time\" content=\"2025-08-22T14:19:16+00:00\" \/>\n<meta property=\"og:image\" content=\"http:\/\/saintbody.com\/wp-content\/uploads\/2023\/03\/1442-4c1a380c-04b1-4a6d-89d6-5a7bc286d66b.jpeg\" \/>\n\t<meta property=\"og:image:width\" content=\"1365\" \/>\n\t<meta property=\"og:image:height\" content=\"2048\" \/>\n\t<meta property=\"og:image:type\" content=\"image\/jpeg\" \/>\n<meta name=\"twitter:card\" content=\"summary_large_image\" \/>\n<meta name=\"twitter:label1\" content=\"\u041f\u0440\u0438\u0431\u043b. \u0447\u0430\u0441 \u0447\u0438\u0442\u0430\u043d\u043d\u044f\" \/>\n\t<meta name=\"twitter:data1\" content=\"2 \u0445\u0432\u0438\u043b\u0438\u043d\u0438\" \/>\n<script type=\"application\/ld+json\" class=\"yoast-schema-graph\">{\"@context\":\"https:\/\/schema.org\",\"@graph\":[{\"@type\":\"WebPage\",\"@id\":\"https:\/\/saintbody.com\/gift-card\/\",\"url\":\"https:\/\/saintbody.com\/gift-card\/\",\"name\":\"Giftcard od Saintbody - Gift Card - Sklep SAINTBODY\",\"isPartOf\":{\"@id\":\"https:\/\/saintbody.com\/#website\"},\"primaryImageOfPage\":{\"@id\":\"https:\/\/saintbody.com\/gift-card\/#primaryimage\"},\"image\":{\"@id\":\"https:\/\/saintbody.com\/gift-card\/#primaryimage\"},\"thumbnailUrl\":\"https:\/\/saintbody.com\/wp-content\/uploads\/2023\/03\/1442-4c1a380c-04b1-4a6d-89d6-5a7bc286d66b.jpeg\",\"datePublished\":\"2023-03-09T16:36:47+00:00\",\"dateModified\":\"2025-08-22T14:19:16+00:00\",\"description\":\"Z giftcard od Saintbody bliska Ci osoba b\u0119dzie mia\u0142a mo\u017cliwo\u015b\u0107 zakupu seksownego body, wieczorowych sukienek.\",\"breadcrumb\":{\"@id\":\"https:\/\/saintbody.com\/gift-card\/#breadcrumb\"},\"inLanguage\":\"uk\",\"potentialAction\":[{\"@type\":\"ReadAction\",\"target\":[\"https:\/\/saintbody.com\/gift-card\/\"]}]},{\"@type\":\"ImageObject\",\"inLanguage\":\"uk\",\"@id\":\"https:\/\/saintbody.com\/gift-card\/#primaryimage\",\"url\":\"https:\/\/saintbody.com\/wp-content\/uploads\/2023\/03\/1442-4c1a380c-04b1-4a6d-89d6-5a7bc286d66b.jpeg\",\"contentUrl\":\"https:\/\/saintbody.com\/wp-content\/uploads\/2023\/03\/1442-4c1a380c-04b1-4a6d-89d6-5a7bc286d66b.jpeg\",\"width\":1365,\"height\":2048,\"caption\":\"Gift Card\"},{\"@type\":\"BreadcrumbList\",\"@id\":\"https:\/\/saintbody.com\/gift-card\/#breadcrumb\",\"itemListElement\":[{\"@type\":\"ListItem\",\"position\":1,\"name\":\"Strona g\u0142\u00f3wna\",\"item\":\"https:\/\/saintbody.com\/\"},{\"@type\":\"ListItem\",\"position\":2,\"name\":\"Sklep\",\"item\":\"https:\/\/saintbody.com\/sklep\/\"},{\"@type\":\"ListItem\",\"position\":3,\"name\":\"Gift Card\"}]},{\"@type\":\"WebSite\",\"@id\":\"https:\/\/saintbody.com\/#website\",\"url\":\"https:\/\/saintbody.com\/\",\"name\":\"Sklep SAINTBODY\",\"description\":\"Premium basic na ka\u00c5\u00bcd\u00c4\u2026 okazje. Ponadczasowe Body, Odzie\u00c5\u00bc damska, Sukienki Damskie\",\"publisher\":{\"@id\":\"https:\/\/saintbody.com\/#organization\"},\"potentialAction\":[{\"@type\":\"SearchAction\",\"target\":{\"@type\":\"EntryPoint\",\"urlTemplate\":\"https:\/\/saintbody.com\/?s={search_term_string}\"},\"query-input\":{\"@type\":\"PropertyValueSpecification\",\"valueRequired\":true,\"valueName\":\"search_term_string\"}}],\"inLanguage\":\"uk\"},{\"@type\":\"Organization\",\"@id\":\"https:\/\/saintbody.com\/#organization\",\"name\":\"Sklep Saint Body\",\"url\":\"https:\/\/saintbody.com\/\",\"logo\":{\"@type\":\"ImageObject\",\"inLanguage\":\"uk\",\"@id\":\"https:\/\/saintbody.com\/#\/schema\/logo\/image\/\",\"url\":\"https:\/\/saintbody.com\/wp-content\/uploads\/2023\/04\/SaintBody_Logo_Typografia-e1691418926919.png\",\"contentUrl\":\"https:\/\/saintbody.com\/wp-content\/uploads\/2023\/04\/SaintBody_Logo_Typografia-e1691418926919.png\",\"width\":1000,\"height\":202,\"caption\":\"Sklep Saint Body\"},\"image\":{\"@id\":\"https:\/\/saintbody.com\/#\/schema\/logo\/image\/\"},\"sameAs\":[\"https:\/\/facebook.com\/saintbody\/\"]}]}<\/script>\n<!-- \/ Yoast SEO plugin. -->","yoast_head_json":{"title":"Giftcard od Saintbody - Gift Card - Sklep SAINTBODY","description":"Z giftcard od Saintbody bliska Ci osoba b\u0119dzie mia\u0142a mo\u017cliwo\u015b\u0107 zakupu seksownego body, wieczorowych sukienek.","robots":{"index":"index","follow":"follow","max-snippet":"max-snippet:-1","max-image-preview":"max-image-preview:large","max-video-preview":"max-video-preview:-1"},"canonical":"https:\/\/saintbody.com\/ukr\/gift-card\/","og_locale":"uk_UA","og_type":"article","og_title":"Giftcard od Saintbody - Gift Card - Sklep SAINTBODY","og_description":"Z giftcard od Saintbody bliska Ci osoba b\u0119dzie mia\u0142a mo\u017cliwo\u015b\u0107 zakupu seksownego body, wieczorowych sukienek.","og_url":"https:\/\/saintbody.com\/ukr\/gift-card\/","og_site_name":"Sklep SAINTBODY","article_publisher":"https:\/\/facebook.com\/saintbody\/","article_modified_time":"2025-08-22T14:19:16+00:00","og_image":[{"width":1365,"height":2048,"url":"http:\/\/saintbody.com\/wp-content\/uploads\/2023\/03\/1442-4c1a380c-04b1-4a6d-89d6-5a7bc286d66b.jpeg","type":"image\/jpeg"}],"twitter_card":"summary_large_image","twitter_misc":{"\u041f\u0440\u0438\u0431\u043b. \u0447\u0430\u0441 \u0447\u0438\u0442\u0430\u043d\u043d\u044f":"2 \u0445\u0432\u0438\u043b\u0438\u043d\u0438"},"schema":{"@context":"https:\/\/schema.org","@graph":[{"@type":"WebPage","@id":"https:\/\/saintbody.com\/gift-card\/","url":"https:\/\/saintbody.com\/gift-card\/","name":"Giftcard od Saintbody - Gift Card - Sklep SAINTBODY","isPartOf":{"@id":"https:\/\/saintbody.com\/#website"},"primaryImageOfPage":{"@id":"https:\/\/saintbody.com\/gift-card\/#primaryimage"},"image":{"@id":"https:\/\/saintbody.com\/gift-card\/#primaryimage"},"thumbnailUrl":"https:\/\/saintbody.com\/wp-content\/uploads\/2023\/03\/1442-4c1a380c-04b1-4a6d-89d6-5a7bc286d66b.jpeg","datePublished":"2023-03-09T16:36:47+00:00","dateModified":"2025-08-22T14:19:16+00:00","description":"Z giftcard od Saintbody bliska Ci osoba b\u0119dzie mia\u0142a mo\u017cliwo\u015b\u0107 zakupu seksownego body, wieczorowych sukienek.","breadcrumb":{"@id":"https:\/\/saintbody.com\/gift-card\/#breadcrumb"},"inLanguage":"uk","potentialAction":[{"@type":"ReadAction","target":["https:\/\/saintbody.com\/gift-card\/"]}]},{"@type":"ImageObject","inLanguage":"uk","@id":"https:\/\/saintbody.com\/gift-card\/#primaryimage","url":"https:\/\/saintbody.com\/wp-content\/uploads\/2023\/03\/1442-4c1a380c-04b1-4a6d-89d6-5a7bc286d66b.jpeg","contentUrl":"https:\/\/saintbody.com\/wp-content\/uploads\/2023\/03\/1442-4c1a380c-04b1-4a6d-89d6-5a7bc286d66b.jpeg","width":1365,"height":2048,"caption":"Gift Card"},{"@type":"BreadcrumbList","@id":"https:\/\/saintbody.com\/gift-card\/#breadcrumb","itemListElement":[{"@type":"ListItem","position":1,"name":"Strona g\u0142\u00f3wna","item":"https:\/\/saintbody.com\/"},{"@type":"ListItem","position":2,"name":"Sklep","item":"https:\/\/saintbody.com\/sklep\/"},{"@type":"ListItem","position":3,"name":"Gift Card"}]},{"@type":"WebSite","@id":"https:\/\/saintbody.com\/#website","url":"https:\/\/saintbody.com\/","name":"Sklep SAINTBODY","description":"Premium basic na ka\u00c5\u00bcd\u00c4\u2026 okazje. Ponadczasowe Body, Odzie\u00c5\u00bc damska, Sukienki Damskie","publisher":{"@id":"https:\/\/saintbody.com\/#organization"},"potentialAction":[{"@type":"SearchAction","target":{"@type":"EntryPoint","urlTemplate":"https:\/\/saintbody.com\/?s={search_term_string}"},"query-input":{"@type":"PropertyValueSpecification","valueRequired":true,"valueName":"search_term_string"}}],"inLanguage":"uk"},{"@type":"Organization","@id":"https:\/\/saintbody.com\/#organization","name":"Sklep Saint Body","url":"https:\/\/saintbody.com\/","logo":{"@type":"ImageObject","inLanguage":"uk","@id":"https:\/\/saintbody.com\/#\/schema\/logo\/image\/","url":"https:\/\/saintbody.com\/wp-content\/uploads\/2023\/04\/SaintBody_Logo_Typografia-e1691418926919.png","contentUrl":"https:\/\/saintbody.com\/wp-content\/uploads\/2023\/04\/SaintBody_Logo_Typografia-e1691418926919.png","width":1000,"height":202,"caption":"Sklep Saint Body"},"image":{"@id":"https:\/\/saintbody.com\/#\/schema\/logo\/image\/"},"sameAs":["https:\/\/facebook.com\/saintbody\/"]}]}},"_links":{"self":[{"href":"https:\/\/saintbody.com\/ukr\/wp-json\/wp\/v2\/product\/211","targetHints":{"allow":["GET"]}}],"collection":[{"href":"https:\/\/saintbody.com\/ukr\/wp-json\/wp\/v2\/product"}],"about":[{"href":"https:\/\/saintbody.com\/ukr\/wp-json\/wp\/v2\/types\/product"}],"wp:featuredmedia":[{"embeddable":true,"href":"https:\/\/saintbody.com\/ukr\/wp-json\/wp\/v2\/media\/26001"}],"wp:attachment":[{"href":"https:\/\/saintbody.com\/ukr\/wp-json\/wp\/v2\/media?parent=211"}],"wp:term":[{"taxonomy":"product_brand","embeddable":true,"href":"https:\/\/saintbody.com\/ukr\/wp-json\/wp\/v2\/product_brand?post=211"},{"taxonomy":"product_cat","embeddable":true,"href":"https:\/\/saintbody.com\/ukr\/wp-json\/wp\/v2\/product_cat?post=211"},{"taxonomy":"product_tag","embeddable":true,"href":"https:\/\/saintbody.com\/ukr\/wp-json\/wp\/v2\/product_tag?post=211"}],"curies":[{"name":"wp","href":"https:\/\/api.w.org\/{rel}","templated":true}]}}