{"id":11961,"date":"2023-03-15T06:57:03","date_gmt":"2023-03-15T05:57:03","guid":{"rendered":"http:\/\/saintbody.com\/?page_id=11961"},"modified":"2026-04-16T14:45:07","modified_gmt":"2026-04-16T12:45:07","slug":"zwroty","status":"publish","type":"page","link":"https:\/\/saintbody.com\/ukr\/zwroty\/","title":{"rendered":"\u041f\u043e\u0432\u0435\u0440\u043d\u0435\u043d\u043d\u044f"},"content":{"rendered":"<div data-elementor-type=\"wp-page\" data-elementor-id=\"11961\" class=\"elementor elementor-11961\" data-elementor-post-type=\"page\">\n\t\t\t\t\t\t<section class=\"elementor-section elementor-top-section elementor-element elementor-element-9375dc0 elementor-section-boxed elementor-section-height-default elementor-section-height-default\" data-id=\"9375dc0\" data-element_type=\"section\" data-e-type=\"section\">\n\t\t\t\t\t\t<div class=\"elementor-container elementor-column-gap-default\">\n\t\t\t\t\t<div class=\"elementor-column elementor-col-100 elementor-top-column elementor-element elementor-element-69d323c7\" data-id=\"69d323c7\" data-element_type=\"column\" data-e-type=\"column\">\n\t\t\t<div class=\"elementor-widget-wrap elementor-element-populated\">\n\t\t\t\t\t\t<div class=\"elementor-element elementor-element-4007ce8 elementor-widget elementor-widget-text-editor\" data-id=\"4007ce8\" data-element_type=\"widget\" data-e-type=\"widget\" data-widget_type=\"text-editor.default\">\n\t\t\t\t<div class=\"elementor-widget-container\">\n\t\t\t\t\t\t\t\t\t<p><strong>1. \u0427\u0418 \u041c\u041e\u0416\u0423 \u042f \u041f\u041e\u0412\u0415\u0420\u041d\u0423\u0422\u0418 \u0417\u0410\u041c\u041e\u0412\u041b\u0415\u041d\u0406 \u0422\u041e\u0412\u0410\u0420\u0418?<\/strong><\/p><p>\u0417\u0432\u0438\u0447\u0430\u0439\u043d\u043e, \u0412\u0438 \u043c\u043e\u0436\u0435\u0442\u0435 \u043f\u043e\u0432\u0435\u0440\u043d\u0443\u0442\u0438 \u0437\u0430\u043c\u043e\u0432\u043b\u0435\u043d\u0456 \u0412\u0430\u043c\u0438 \u0442\u043e\u0432\u0430\u0440\u0438 \u0431\u0435\u0437 \u043f\u043e\u044f\u0441\u043d\u0435\u043d\u043d\u044f \u043f\u0440\u0438\u0447\u0438\u043d\u0438 \u043f\u0440\u043e\u0442\u044f\u0433\u043e\u043c 14 \u0434\u043d\u0456\u0432 \u0437 \u0434\u043d\u044f \u043e\u0442\u0440\u0438\u043c\u0430\u043d\u043d\u044f \u043f\u043e\u0441\u0438\u043b\u043a\u0438. \u0422\u043e\u0432\u0430\u0440 \u043f\u043e\u0432\u0438\u043d\u0435\u043d \u0431\u0443\u0442\u0438 \u0432 \u043d\u0435\u0437\u043c\u0456\u043d\u043d\u043e\u043c\u0443, \u043d\u0435\u0443\u0436\u0438\u0432\u0430\u043d\u043e\u043c\u0443 \u0456 \u043f\u043e\u0432\u043d\u043e\u043c\u0443 \u0441\u0442\u0430\u043d\u0456 \u0431\u0435\u0437 \u043e\u0437\u043d\u0430\u043a \u0432\u0438\u043a\u043e\u0440\u0438\u0441\u0442\u0430\u043d\u043d\u044f - \u043c\u0430\u0442\u0438 \u043e\u0440\u0438\u0433\u0456\u043d\u0430\u043b\u044c\u043d\u0456 \u0431\u0456\u0440\u043a\u0438. \u041c\u0438 \u0437\u0430\u043b\u0438\u0448\u0430\u0454\u043c\u043e \u0437\u0430 \u0441\u043e\u0431\u043e\u044e \u043f\u0440\u0430\u0432\u043e \u0432\u0456\u0434\u043c\u043e\u0432\u0438\u0442\u0438 \u0443 \u043f\u043e\u0432\u0435\u0440\u043d\u0435\u043d\u043d\u0456, \u044f\u043a\u0449\u043e \u0431\u0443\u0434\u044c-\u044f\u043a\u0430 \u0437 \u0432\u0438\u0449\u0435\u0437\u0430\u0437\u043d\u0430\u0447\u0435\u043d\u0438\u0445 \u0443\u043c\u043e\u0432 \u043d\u0435 \u0434\u043e\u0442\u0440\u0438\u043c\u0430\u043d\u0430.<\/p><p><strong>2. \u042f\u041a \u041f\u041e\u0412\u0415\u0420\u041d\u0423\u0422\u0418\/\u041e\u0411\u041c\u0406\u041d\u042f\u0422\u0418 \u0417\u0410\u041c\u041e\u0412\u041b\u0415\u041d\u0406 \u0422\u041e\u0412\u0410\u0420\u0418?<\/strong><\/p>\t\t\t\t\t\t\t\t<\/div>\n\t\t\t\t<\/div>\n\t\t\t\t<section class=\"elementor-section elementor-inner-section elementor-element elementor-element-55d09ff elementor-section-boxed elementor-section-height-default elementor-section-height-default\" data-id=\"55d09ff\" data-element_type=\"section\" data-e-type=\"section\">\n\t\t\t\t\t\t<div class=\"elementor-container elementor-column-gap-wider\">\n\t\t\t\t\t<div class=\"elementor-column elementor-col-50 elementor-inner-column elementor-element elementor-element-3083a56\" data-id=\"3083a56\" data-element_type=\"column\" data-e-type=\"column\">\n\t\t\t<div class=\"elementor-widget-wrap elementor-element-populated\">\n\t\t\t\t\t\t<div class=\"elementor-element elementor-element-1848267 elementor-widget elementor-widget-text-editor\" data-id=\"1848267\" data-element_type=\"widget\" data-e-type=\"widget\" data-widget_type=\"text-editor.default\">\n\t\t\t\t<div class=\"elementor-widget-container\">\n\t\t\t\t\t\t\t\t\t<p><strong>\u041a\u0420\u041e\u041a 1: \u0417\u0410\u041f\u041e\u0412\u041d\u0406\u0422\u042c \u0424\u041e\u0420\u041c\u0423\u00a0<\/strong><\/p><p>\u0417\u0430\u043f\u043e\u0432\u043d\u0456\u0442\u044c <strong><a href=\"https:\/\/order.baselinker.com\/return\/dfxko3y7wthg\">\u041e\u043d\u043b\u0430\u0439\u043d-\u0444\u043e\u0440\u043c\u0430 \u043f\u043e\u0432\u0435\u0440\u043d\u0435\u043d\u043d\u044f - \u0422\u0423\u0422<\/a><br \/><\/strong><br \/>*Pami\u0119taj, \u017ce wype\u0142nienie formularza nie jest gwarancj\u0105 dokonania wymiany, skontaktuj si\u0119 nami aby potwierdzi\u0107 dost\u0119pno\u015b\u0107 +48 535 672 264\u200b\/\u00a0<a href=\"mailto:kontakt@saintbody.com\">kontakt@saintbody.com<\/a><\/p>\t\t\t\t\t\t\t\t<\/div>\n\t\t\t\t<\/div>\n\t\t\t\t<div class=\"elementor-element elementor-element-bd0da88 elementor-widget elementor-widget-text-editor\" data-id=\"bd0da88\" data-element_type=\"widget\" data-e-type=\"widget\" data-widget_type=\"text-editor.default\">\n\t\t\t\t<div class=\"elementor-widget-container\">\n\t\t\t\t\t\t\t\t\t<p><strong>\u0412\u0418 \u0412\u0406\u0414\u041f\u0420\u0410\u0412\u041b\u042f\u0404\u0422\u0415 \u041a\u0423\u0420'\u0404\u0420\u041e\u041c \u0417\u0410 \u0412\u041b\u0410\u0421\u041d\u0418\u0419 \u0420\u0410\u0425\u0423\u041d\u041e\u041a?<\/strong><\/p><p><strong><a href=\"https:\/\/saintbody.com\/wp-content\/uploads\/2026\/04\/FORMULARZ-ZWROTU-WYMIANY-REKLAMACJI-zaznacz-wlasciwe-Imie-i-nazwisko-Nazwa-firmy\u2026\u2026\u2026\u2026\u2026.\u2026\u2026\u2026\u2026\u2026\u2026\u2026\u2026\u2026\u2026\u2026\u2026\u2026\u2026\u2026\u2026\u2026\u2026\u2026\u2026\u2026\u2026\u2026-Adres-korespondencyjny\u2026\u2026\u2026\u2026\u2026.\u2026.pdf\">Wype\u0142nij formularz zwrotu\/wymiany\/reklamacji, <\/a><\/strong>zapakuj produkty\u00a0i ode\u015blij na adres:<\/p><p>Saint Body Sp. z o.o.<br \/>\u0413\u0443\u0434 42, \u0435\u043b\u0435\u043a\u0442\u0440\u043e\u0441\u0442\u0430\u043d\u0446\u0456\u044f \u041f\u0430\u0443\u0456\u0441\u043b<br \/>00-312 \u0412\u0430\u0440\u0448\u0430\u0432\u0430<\/p>\t\t\t\t\t\t\t\t<\/div>\n\t\t\t\t<\/div>\n\t\t\t\t\t<\/div>\n\t\t<\/div>\n\t\t\t\t<div class=\"elementor-column elementor-col-50 elementor-inner-column elementor-element elementor-element-f3d7b2a\" data-id=\"f3d7b2a\" data-element_type=\"column\" data-e-type=\"column\">\n\t\t\t<div class=\"elementor-widget-wrap elementor-element-populated\">\n\t\t\t\t\t\t<div class=\"elementor-element elementor-element-cf7b7bf elementor-widget elementor-widget-heading\" data-id=\"cf7b7bf\" data-element_type=\"widget\" data-e-type=\"widget\" data-widget_type=\"heading.default\">\n\t\t\t\t<div class=\"elementor-widget-container\">\n\t\t\t\t\t<h2 class=\"elementor-heading-title elementor-size-default\">\u041a\u0420\u041e\u041a 2: \u041f\u041e\u041d\u0410\u0414 - \u0412\u0410\u0420\u0422\u0406\u0421\u0422\u042c 9,90 \u0417\u041b\u041e\u0422\u0418\u0425<\/h2>\t\t\t\t<\/div>\n\t\t\t\t<\/div>\n\t\t\t\t<div class=\"elementor-element elementor-element-114ce94 elementor-widget elementor-widget-text-editor\" data-id=\"114ce94\" data-element_type=\"widget\" data-e-type=\"widget\" data-widget_type=\"text-editor.default\">\n\t\t\t\t<div class=\"elementor-widget-container\">\n\t\t\t\t\t\t\t\t\t<ul><li style=\"list-style-type: none;\"><ol><li>\u041f\u0435\u0440\u0435\u0439\u0434\u0456\u0442\u044c \u0434\u043e <a href=\"https:\/\/szybkiezwroty.pl\/pl\">szybkiezwroty.pl<\/a> \u0456 \u0437\u043d\u0430\u0439\u0434\u0456\u0442\u044c \u0442\u0430\u043c \u043c\u0430\u0433\u0430\u0437\u0438\u043d Saint Body, \u0430 \u043f\u043e\u0442\u0456\u043c \u043d\u0430\u0442\u0438\u0441\u043d\u0456\u0442\u044c Return.<\/li><li>\u0417\u0430\u043f\u043e\u0432\u043d\u0456\u0442\u044c \u043a\u0456\u043b\u044c\u043a\u0430 \u043f\u043e\u043b\u0456\u0432 \u0456 \u0432\u0441\u0435 \u0433\u043e\u0442\u043e\u0432\u043e. \u0414\u043e\u0447\u0435\u043a\u0430\u0439\u0442\u0435\u0441\u044f \u043f\u0456\u0434\u0442\u0432\u0435\u0440\u0434\u0436\u0435\u043d\u043d\u044f \u0442\u0430 \u043a\u043e\u0434\u0443 \u043f\u043e\u0432\u0435\u0440\u043d\u0435\u043d\u043d\u044f, \u044f\u043a\u0438\u0439 \u0432\u0438 \u043e\u0442\u0440\u0438\u043c\u0430\u0454\u0442\u0435 \u043d\u0430 \u0435\u043b\u0435\u043a\u0442\u0440\u043e\u043d\u043d\u0443 \u043f\u043e\u0448\u0442\u0443. <b>\u0420\u043e\u0437\u043c\u0456\u0441\u0442\u0456\u0442\u044c \u043a\u043e\u0434 \u043f\u043e\u0432\u0435\u0440\u043d\u0435\u043d\u043d\u044f \u043d\u0430 \u0437\u0432\u043e\u0440\u043e\u0442\u043d\u043e\u043c\u0443 \u043f\u0430\u043a\u0435\u0442\u0456 (\u043f\u0435\u0440\u0435\u043a\u043e\u043d\u0430\u0439\u0442\u0435\u0441\u044f, \u0449\u043e \u0432\u0456\u043d \u0447\u0456\u0442\u043a\u043e \u043d\u0430\u043f\u0438\u0441\u0430\u043d\u0438\u0439).<\/b><\/li><li>\u0412\u0441\u0435 \u0433\u043e\u0442\u043e\u0432\u043e! \u0412\u0456\u0434\u043f\u0440\u0430\u0432\u0442\u0435 \u043f\u043e\u0441\u0438\u043b\u043a\u0443 \u0432 \u0431\u0430\u043d\u043a\u043e\u043c\u0430\u0442\u0456, \u0432\u0438\u043a\u043e\u0440\u0438\u0441\u0442\u043e\u0432\u0443\u044e\u0447\u0438 \u043a\u043e\u0434, \u044f\u043a\u0438\u0439 \u0432\u0438 \u043e\u0442\u0440\u0438\u043c\u0430\u043b\u0438 \u0440\u0430\u043d\u0456\u0448\u0435.<b>\u00a0<\/b><b>\u00a0<\/b><\/li><li>\u0412\u0430\u0440\u0442\u0456\u0441\u0442\u044c \u043f\u043e\u0441\u0438\u043b\u043a\u0438, \u0449\u043e \u0432\u0456\u0434\u043f\u0440\u0430\u0432\u043b\u044f\u0454\u0442\u044c\u0441\u044f, \u0441\u0442\u0430\u043d\u043e\u0432\u0438\u0442\u044c \u00a39.90 - \u0432\u043e\u043d\u0430 \u0431\u0443\u0434\u0435 \u0432\u0438\u0440\u0430\u0445\u0443\u0432\u0430\u043d\u0430 \u0437 \u0441\u0443\u043c\u0438 \u043f\u043e\u043a\u0443\u043f\u043a\u0438 \u0456 \u0432\u043a\u043b\u044e\u0447\u0435\u043d\u0430 \u0432 \u043a\u043e\u0440\u0438\u0433\u0443\u0432\u0430\u043d\u043d\u044f \u0440\u0430\u0445\u0443\u043d\u043a\u0443-\u0444\u0430\u043a\u0442\u0443\u0440\u0438.\u00a0<\/li><\/ol><\/li><\/ul>\t\t\t\t\t\t\t\t<\/div>\n\t\t\t\t<\/div>\n\t\t\t\t<div class=\"elementor-element elementor-element-f512601 elementor-align-left elementor-mobile-align-center elementor-widget elementor-widget-razzi-button\" data-id=\"f512601\" data-element_type=\"widget\" data-e-type=\"widget\" data-widget_type=\"razzi-button.default\">\n\t\t\t\t<div class=\"elementor-widget-container\">\n\t\t\t\t\t        <a href=\"https:\/\/szybkiezwroty.pl\/pl\" class=\"razzi-button-link razzi-button button-outline\">\n\t\t\t\t\t\t\t\t\t<span class=\"razzi-button-text\">szybkiezwroty.pl<\/span>        <\/a>\n\t\t\t\t\t\t<\/div>\n\t\t\t\t<\/div>\n\t\t\t\t\t<\/div>\n\t\t<\/div>\n\t\t\t\t\t<\/div>\n\t\t<\/section>\n\t\t\t\t\t<\/div>\n\t\t<\/div>\n\t\t\t\t\t<\/div>\n\t\t<\/section>\n\t\t\t\t<\/div>","protected":false},"excerpt":{"rendered":"<p>1. \u0427\u0418 \u041c\u041e\u0416\u0423 \u042f \u041f\u041e\u0412\u0415\u0420\u041d\u0423\u0422\u0418 \u0417\u0410\u041c\u041e\u0412\u041b\u0415\u041d\u0406 \u0422\u041e\u0412\u0410\u0420\u0418? \u0417\u0432\u0438\u0447\u0430\u0439\u043d\u043e, \u0432\u0438 \u043c\u043e\u0436\u0435\u0442\u0435 \u043f\u043e\u0432\u0435\u0440\u043d\u0443\u0442\u0438 \u0437\u0430\u043c\u043e\u0432\u043b\u0435\u043d\u0456 \u0432\u0430\u043c\u0438 \u0442\u043e\u0432\u0430\u0440\u0438 \u0431\u0435\u0437 \u043f\u043e\u044f\u0441\u043d\u0435\u043d\u043d\u044f \u043f\u0440\u0438\u0447\u0438\u043d \u043f\u0440\u043e\u0442\u044f\u0433\u043e\u043c 14 \u0434\u043d\u0456\u0432 \u0437 \u0434\u043d\u044f \u043e\u0442\u0440\u0438\u043c\u0430\u043d\u043d\u044f \u043f\u043e\u0441\u0438\u043b\u043a\u0438. \u0422\u043e\u0432\u0430\u0440 \u043f\u043e\u0432\u0438\u043d\u0435\u043d \u0431\u0443\u0442\u0438 \u0432 \u043d\u0435\u0437\u043c\u0456\u043d\u043d\u043e\u043c\u0443, \u043d\u0435\u0432\u0438\u043a\u043e\u0440\u0438\u0441\u0442\u0430\u043d\u043e\u043c\u0443 \u0456 \u043f\u043e\u0432\u043d\u043e\u043c\u0443 \u0441\u0442\u0430\u043d\u0456, \u0431\u0435\u0437 \u043e\u0437\u043d\u0430\u043a \u0432\u0438\u043a\u043e\u0440\u0438\u0441\u0442\u0430\u043d\u043d\u044f - \u0432\u0456\u043d \u043f\u043e\u0432\u0438\u043d\u0435\u043d \u043c\u0430\u0442\u0438 \u043e\u0440\u0438\u0433\u0456\u043d\u0430\u043b\u044c\u043d\u0456 \u044f\u0440\u043b\u0438\u043a\u0438. \u041c\u0438 \u0437\u0430\u043b\u0438\u0448\u0430\u0454\u043c\u043e \u0437\u0430 \u0441\u043e\u0431\u043e\u044e \u043f\u0440\u0430\u0432\u043e \u0432\u0456\u0434\u043c\u043e\u0432\u0438\u0442\u0438 \u0443 \u043f\u043e\u0432\u0435\u0440\u043d\u0435\u043d\u043d\u0456, \u044f\u043a\u0449\u043e \u0431\u0443\u0434\u044c-\u044f\u043a\u0430 \u0437 \u043f\u0435\u0440\u0435\u0440\u0430\u0445\u043e\u0432\u0430\u043d\u0438\u0445 \u0432\u0438\u0449\u0435 \u0443\u043c\u043e\u0432 [...] \u043d\u0435 \u0434\u043e\u0442\u0440\u0438\u043c\u0430\u043d\u0430.<\/p>","protected":false},"author":1,"featured_media":0,"parent":0,"menu_order":0,"comment_status":"closed","ping_status":"closed","template":"elementor_header_footer","meta":{"footnotes":""},"class_list":["post-11961","page","type-page","status-publish","hentry"],"yoast_head":"<!-- This site is optimized with the Yoast SEO plugin v27.0 - https:\/\/yoast.com\/product\/yoast-seo-wordpress\/ -->\n<title>Zwroty - Sklep SAINTBODY<\/title>\n<meta name=\"robots\" content=\"index, follow, max-snippet:-1, max-image-preview:large, max-video-preview:-1\" \/>\n<link rel=\"canonical\" href=\"https:\/\/saintbody.com\/ukr\/zwroty\/\" \/>\n<meta property=\"og:locale\" content=\"uk_UA\" \/>\n<meta property=\"og:type\" content=\"article\" \/>\n<meta property=\"og:title\" content=\"Zwroty - Sklep SAINTBODY\" \/>\n<meta property=\"og:description\" content=\"1. CZY MOG\u0118 ZWR\u00d3CI\u0106 ZAM\u00d3WIONE PRODUKTY ? Oczywi\u015bcie, mo\u017cesz zwr\u00f3ci\u0107 zam\u00f3wione produkty, bez podawania przyczyny, w terminie 14 dni od dnia otrzymania przez Ciebie przesy\u0142ki. Towar musi by\u0107 w stanie niezmienionym, nieu\u017cywany i kompletny, bez \u015blad\u00f3w u\u017cytkowania \u2013 posiada\u0107 oryginalne metki. Zastrzegamy sobie prawo do odmowy przyj\u0119cia zwrotu w przypadku nie spe\u0142nienia kt\u00f3rego\u015b z powy\u017cszych [&hellip;]\" \/>\n<meta property=\"og:url\" content=\"https:\/\/saintbody.com\/ukr\/zwroty\/\" \/>\n<meta property=\"og:site_name\" content=\"Sklep SAINTBODY\" \/>\n<meta property=\"article:publisher\" content=\"https:\/\/facebook.com\/saintbody\/\" \/>\n<meta property=\"article:modified_time\" content=\"2026-04-16T12:45:07+00:00\" \/>\n<meta name=\"twitter:card\" content=\"summary_large_image\" \/>\n<meta name=\"twitter:label1\" content=\"\u041f\u0440\u0438\u0431\u043b. \u0447\u0430\u0441 \u0447\u0438\u0442\u0430\u043d\u043d\u044f\" \/>\n\t<meta name=\"twitter:data1\" content=\"2 \u0445\u0432\u0438\u043b\u0438\u043d\u0438\" \/>\n<script type=\"application\/ld+json\" class=\"yoast-schema-graph\">{\"@context\":\"https:\/\/schema.org\",\"@graph\":[{\"@type\":\"WebPage\",\"@id\":\"https:\/\/saintbody.com\/zwroty\/\",\"url\":\"https:\/\/saintbody.com\/zwroty\/\",\"name\":\"Zwroty - Sklep SAINTBODY\",\"isPartOf\":{\"@id\":\"https:\/\/saintbody.com\/#website\"},\"datePublished\":\"2023-03-15T05:57:03+00:00\",\"dateModified\":\"2026-04-16T12:45:07+00:00\",\"breadcrumb\":{\"@id\":\"https:\/\/saintbody.com\/zwroty\/#breadcrumb\"},\"inLanguage\":\"uk\",\"potentialAction\":[{\"@type\":\"ReadAction\",\"target\":[\"https:\/\/saintbody.com\/zwroty\/\"]}]},{\"@type\":\"BreadcrumbList\",\"@id\":\"https:\/\/saintbody.com\/zwroty\/#breadcrumb\",\"itemListElement\":[{\"@type\":\"ListItem\",\"position\":1,\"name\":\"Strona g\u0142\u00f3wna\",\"item\":\"https:\/\/saintbody.com\/\"},{\"@type\":\"ListItem\",\"position\":2,\"name\":\"Zwroty\"}]},{\"@type\":\"WebSite\",\"@id\":\"https:\/\/saintbody.com\/#website\",\"url\":\"https:\/\/saintbody.com\/\",\"name\":\"Sklep SAINTBODY\",\"description\":\"Premium basic na ka\u00c5\u00bcd\u00c4\u2026 okazje. Ponadczasowe Body, Odzie\u00c5\u00bc damska, Sukienki Damskie\",\"publisher\":{\"@id\":\"https:\/\/saintbody.com\/#organization\"},\"potentialAction\":[{\"@type\":\"SearchAction\",\"target\":{\"@type\":\"EntryPoint\",\"urlTemplate\":\"https:\/\/saintbody.com\/?s={search_term_string}\"},\"query-input\":{\"@type\":\"PropertyValueSpecification\",\"valueRequired\":true,\"valueName\":\"search_term_string\"}}],\"inLanguage\":\"uk\"},{\"@type\":\"Organization\",\"@id\":\"https:\/\/saintbody.com\/#organization\",\"name\":\"Sklep Saint Body\",\"url\":\"https:\/\/saintbody.com\/\",\"logo\":{\"@type\":\"ImageObject\",\"inLanguage\":\"uk\",\"@id\":\"https:\/\/saintbody.com\/#\/schema\/logo\/image\/\",\"url\":\"https:\/\/saintbody.com\/wp-content\/uploads\/2023\/04\/SaintBody_Logo_Typografia-e1691418926919.png\",\"contentUrl\":\"https:\/\/saintbody.com\/wp-content\/uploads\/2023\/04\/SaintBody_Logo_Typografia-e1691418926919.png\",\"width\":1000,\"height\":202,\"caption\":\"Sklep Saint Body\"},\"image\":{\"@id\":\"https:\/\/saintbody.com\/#\/schema\/logo\/image\/\"},\"sameAs\":[\"https:\/\/facebook.com\/saintbody\/\"]}]}<\/script>\n<!-- \/ Yoast SEO plugin. -->","yoast_head_json":{"title":"Zwroty - Sklep SAINTBODY","robots":{"index":"index","follow":"follow","max-snippet":"max-snippet:-1","max-image-preview":"max-image-preview:large","max-video-preview":"max-video-preview:-1"},"canonical":"https:\/\/saintbody.com\/ukr\/zwroty\/","og_locale":"uk_UA","og_type":"article","og_title":"Zwroty - Sklep SAINTBODY","og_description":"1. CZY MOG\u0118 ZWR\u00d3CI\u0106 ZAM\u00d3WIONE PRODUKTY ? Oczywi\u015bcie, mo\u017cesz zwr\u00f3ci\u0107 zam\u00f3wione produkty, bez podawania przyczyny, w terminie 14 dni od dnia otrzymania przez Ciebie przesy\u0142ki. Towar musi by\u0107 w stanie niezmienionym, nieu\u017cywany i kompletny, bez \u015blad\u00f3w u\u017cytkowania \u2013 posiada\u0107 oryginalne metki. Zastrzegamy sobie prawo do odmowy przyj\u0119cia zwrotu w przypadku nie spe\u0142nienia kt\u00f3rego\u015b z powy\u017cszych [&hellip;]","og_url":"https:\/\/saintbody.com\/ukr\/zwroty\/","og_site_name":"Sklep SAINTBODY","article_publisher":"https:\/\/facebook.com\/saintbody\/","article_modified_time":"2026-04-16T12:45:07+00:00","twitter_card":"summary_large_image","twitter_misc":{"\u041f\u0440\u0438\u0431\u043b. \u0447\u0430\u0441 \u0447\u0438\u0442\u0430\u043d\u043d\u044f":"2 \u0445\u0432\u0438\u043b\u0438\u043d\u0438"},"schema":{"@context":"https:\/\/schema.org","@graph":[{"@type":"WebPage","@id":"https:\/\/saintbody.com\/zwroty\/","url":"https:\/\/saintbody.com\/zwroty\/","name":"Zwroty - Sklep SAINTBODY","isPartOf":{"@id":"https:\/\/saintbody.com\/#website"},"datePublished":"2023-03-15T05:57:03+00:00","dateModified":"2026-04-16T12:45:07+00:00","breadcrumb":{"@id":"https:\/\/saintbody.com\/zwroty\/#breadcrumb"},"inLanguage":"uk","potentialAction":[{"@type":"ReadAction","target":["https:\/\/saintbody.com\/zwroty\/"]}]},{"@type":"BreadcrumbList","@id":"https:\/\/saintbody.com\/zwroty\/#breadcrumb","itemListElement":[{"@type":"ListItem","position":1,"name":"Strona g\u0142\u00f3wna","item":"https:\/\/saintbody.com\/"},{"@type":"ListItem","position":2,"name":"Zwroty"}]},{"@type":"WebSite","@id":"https:\/\/saintbody.com\/#website","url":"https:\/\/saintbody.com\/","name":"Sklep SAINTBODY","description":"Premium basic na ka\u00c5\u00bcd\u00c4\u2026 okazje. Ponadczasowe Body, Odzie\u00c5\u00bc damska, Sukienki Damskie","publisher":{"@id":"https:\/\/saintbody.com\/#organization"},"potentialAction":[{"@type":"SearchAction","target":{"@type":"EntryPoint","urlTemplate":"https:\/\/saintbody.com\/?s={search_term_string}"},"query-input":{"@type":"PropertyValueSpecification","valueRequired":true,"valueName":"search_term_string"}}],"inLanguage":"uk"},{"@type":"Organization","@id":"https:\/\/saintbody.com\/#organization","name":"Sklep Saint Body","url":"https:\/\/saintbody.com\/","logo":{"@type":"ImageObject","inLanguage":"uk","@id":"https:\/\/saintbody.com\/#\/schema\/logo\/image\/","url":"https:\/\/saintbody.com\/wp-content\/uploads\/2023\/04\/SaintBody_Logo_Typografia-e1691418926919.png","contentUrl":"https:\/\/saintbody.com\/wp-content\/uploads\/2023\/04\/SaintBody_Logo_Typografia-e1691418926919.png","width":1000,"height":202,"caption":"Sklep Saint Body"},"image":{"@id":"https:\/\/saintbody.com\/#\/schema\/logo\/image\/"},"sameAs":["https:\/\/facebook.com\/saintbody\/"]}]}},"_links":{"self":[{"href":"https:\/\/saintbody.com\/ukr\/wp-json\/wp\/v2\/pages\/11961","targetHints":{"allow":["GET"]}}],"collection":[{"href":"https:\/\/saintbody.com\/ukr\/wp-json\/wp\/v2\/pages"}],"about":[{"href":"https:\/\/saintbody.com\/ukr\/wp-json\/wp\/v2\/types\/page"}],"author":[{"embeddable":true,"href":"https:\/\/saintbody.com\/ukr\/wp-json\/wp\/v2\/users\/1"}],"replies":[{"embeddable":true,"href":"https:\/\/saintbody.com\/ukr\/wp-json\/wp\/v2\/comments?post=11961"}],"version-history":[{"count":30,"href":"https:\/\/saintbody.com\/ukr\/wp-json\/wp\/v2\/pages\/11961\/revisions"}],"predecessor-version":[{"id":60216,"href":"https:\/\/saintbody.com\/ukr\/wp-json\/wp\/v2\/pages\/11961\/revisions\/60216"}],"wp:attachment":[{"href":"https:\/\/saintbody.com\/ukr\/wp-json\/wp\/v2\/media?parent=11961"}],"curies":[{"name":"wp","href":"https:\/\/api.w.org\/{rel}","templated":true}]}}