{"id":11945,"date":"2023-03-15T06:51:47","date_gmt":"2023-03-15T05:51:47","guid":{"rendered":"http:\/\/saintbody.com\/?page_id=11945"},"modified":"2026-02-16T11:31:42","modified_gmt":"2026-02-16T10:31:42","slug":"cookies","status":"publish","type":"page","link":"https:\/\/saintbody.com\/ukr\/cookies\/","title":{"rendered":"\u0424\u0430\u0439\u043b\u0438 cookie"},"content":{"rendered":"<ol>\n<li>\u0412\u0435\u0431-\u0441\u0430\u0439\u0442 \u0432\u0438\u043a\u043e\u0440\u0438\u0441\u0442\u043e\u0432\u0443\u0454 \u0444\u0430\u0439\u043b\u0438 cookie.<\/li>\n<li>\u0424\u0430\u0439\u043b\u0438 cookie (\u0442\u0430\u043a \u0437\u0432\u0430\u043d\u0456 \"cookies\") - \u0446\u0435 \u0406\u0422-\u0434\u0430\u043d\u0456, \u0437\u043e\u043a\u0440\u0435\u043c\u0430 \u0442\u0435\u043a\u0441\u0442\u043e\u0432\u0456 \u0444\u0430\u0439\u043b\u0438, \u044f\u043a\u0456 \u0437\u0431\u0435\u0440\u0456\u0433\u0430\u044e\u0442\u044c\u0441\u044f \u0432 \u043a\u0456\u043d\u0446\u0435\u0432\u043e\u043c\u0443 \u043e\u0431\u043b\u0430\u0434\u043d\u0430\u043d\u043d\u0456 \u041a\u043e\u0440\u0438\u0441\u0442\u0443\u0432\u0430\u0447\u0430 \u043f\u043e\u0441\u043b\u0443\u0433 \u0456 \u043f\u0440\u0438\u0437\u043d\u0430\u0447\u0435\u043d\u0456 \u0434\u043b\u044f \u0432\u0438\u043a\u043e\u0440\u0438\u0441\u0442\u0430\u043d\u043d\u044f \u043d\u0430 \u0412\u0435\u0431-\u0441\u0430\u0439\u0442\u0456. \u0424\u0430\u0439\u043b\u0438 cookie \u0437\u0430\u0437\u0432\u0438\u0447\u0430\u0439 \u043c\u0456\u0441\u0442\u044f\u0442\u044c \u043d\u0430\u0437\u0432\u0443 \u0432\u0435\u0431-\u0441\u0430\u0439\u0442\u0443, \u0437 \u044f\u043a\u043e\u0433\u043e \u0432\u043e\u043d\u0438 \u043f\u043e\u0445\u043e\u0434\u044f\u0442\u044c, \u0447\u0430\u0441 \u0457\u0445 \u0437\u0431\u0435\u0440\u0456\u0433\u0430\u043d\u043d\u044f \u043d\u0430 \u043a\u0456\u043d\u0446\u0435\u0432\u043e\u043c\u0443 \u043e\u0431\u043b\u0430\u0434\u043d\u0430\u043d\u043d\u0456 \u0442\u0430 \u0443\u043d\u0456\u043a\u0430\u043b\u044c\u043d\u0438\u0439 \u043d\u043e\u043c\u0435\u0440.<\/li>\n<li>\u0421\u0443\u0431'\u0454\u043a\u0442\u043e\u043c, \u044f\u043a\u0438\u0439 \u0440\u043e\u0437\u043c\u0456\u0449\u0443\u0454 \u0444\u0430\u0439\u043b\u0438 cookie \u043d\u0430 \u043a\u0456\u043d\u0446\u0435\u0432\u043e\u043c\u0443 \u043e\u0431\u043b\u0430\u0434\u043d\u0430\u043d\u043d\u0456 \u041a\u043e\u0440\u0438\u0441\u0442\u0443\u0432\u0430\u0447\u0430 \u043f\u043e\u0441\u043b\u0443\u0433\u0438 \u0442\u0430 \u043e\u0442\u0440\u0438\u043c\u0443\u0454 \u0434\u043e\u0441\u0442\u0443\u043f \u0434\u043e \u043d\u0438\u0445, \u0454 \u041e\u043f\u0435\u0440\u0430\u0442\u043e\u0440 \u043f\u043e\u0441\u043b\u0443\u0433\u0438.<\/li>\n<li>\u0424\u0430\u0439\u043b\u0438 cookie \u0432\u0438\u043a\u043e\u0440\u0438\u0441\u0442\u043e\u0432\u0443\u044e\u0442\u044c\u0441\u044f \u0434\u043b\u044f \u043d\u0430\u0441\u0442\u0443\u043f\u043d\u0438\u0445 \u0446\u0456\u043b\u0435\u0439:\n<ol>\n<li>\u0437\u0431\u0456\u0440 \u0441\u0442\u0430\u0442\u0438\u0441\u0442\u0438\u0447\u043d\u0438\u0445 \u0434\u0430\u043d\u0438\u0445, \u044f\u043a\u0456 \u0434\u043e\u043f\u043e\u043c\u0430\u0433\u0430\u044e\u0442\u044c \u043d\u0430\u043c \u0437\u0440\u043e\u0437\u0443\u043c\u0456\u0442\u0438, \u044f\u043a \u043a\u043e\u0440\u0438\u0441\u0442\u0443\u0432\u0430\u0447\u0456 \u0432\u0435\u0431-\u0441\u0430\u0439\u0442\u0456\u0432 \u0432\u0438\u043a\u043e\u0440\u0438\u0441\u0442\u043e\u0432\u0443\u044e\u0442\u044c \u043d\u0430\u0448\u0456 \u0432\u0435\u0431-\u0441\u0430\u0439\u0442\u0438, \u0449\u043e \u0434\u043e\u0437\u0432\u043e\u043b\u044f\u0454 \u043d\u0430\u043c \u043f\u043e\u043a\u0440\u0430\u0449\u0443\u0432\u0430\u0442\u0438 \u0457\u0445\u043d\u044e \u0441\u0442\u0440\u0443\u043a\u0442\u0443\u0440\u0443 \u0442\u0430 \u0437\u043c\u0456\u0441\u0442<\/li>\n<li>\u0437\u0431\u0435\u0440\u0435\u0436\u0435\u043d\u043d\u044f \u0441\u0435\u0441\u0456\u0457 \u041a\u043e\u0440\u0438\u0441\u0442\u0443\u0432\u0430\u0447\u0430 \u0421\u0435\u0440\u0432\u0456\u0441\u0443 (\u043f\u0456\u0441\u043b\u044f \u0432\u0445\u043e\u0434\u0443 \u0432 \u0441\u0438\u0441\u0442\u0435\u043c\u0443), \u0437\u0430\u0432\u0434\u044f\u043a\u0438 \u0447\u043e\u043c\u0443 \u041a\u043e\u0440\u0438\u0441\u0442\u0443\u0432\u0430\u0447\u0435\u0432\u0456 \u043d\u0435 \u043f\u043e\u0442\u0440\u0456\u0431\u043d\u043e \u043f\u043e\u0432\u0442\u043e\u0440\u043d\u043e \u0432\u0432\u043e\u0434\u0438\u0442\u0438 \u043b\u043e\u0433\u0456\u043d \u0456 \u043f\u0430\u0440\u043e\u043b\u044c \u043d\u0430 \u043a\u043e\u0436\u043d\u0456\u0439 \u043f\u0456\u0434\u0441\u0442\u043e\u0440\u0456\u043d\u0446\u0456 \u0421\u0435\u0440\u0432\u0456\u0441\u0443<\/li>\n<li>\u0434\u043b\u044f \u0432\u0438\u0437\u043d\u0430\u0447\u0435\u043d\u043d\u044f \u0432\u0430\u0448\u043e\u0433\u043e \u043f\u0440\u043e\u0444\u0456\u043b\u044e \u0437 \u043c\u0435\u0442\u043e\u044e \u043f\u043e\u043a\u0430\u0437\u0443 \u0430\u0434\u0430\u043f\u0442\u043e\u0432\u0430\u043d\u0438\u0445 \u0434\u043b\u044f \u0432\u0430\u0441 \u043c\u0430\u0442\u0435\u0440\u0456\u0430\u043b\u0456\u0432 \u0443 \u0440\u0435\u043a\u043b\u0430\u043c\u043d\u0438\u0445 \u043c\u0435\u0440\u0435\u0436\u0430\u0445, \u0437\u043e\u043a\u0440\u0435\u043c\u0430 \u0432 \u043c\u0435\u0440\u0435\u0436\u0456 Google.<\/li>\n<\/ol>\n<\/li>\n<li>\u0412\u0435\u0431-\u0441\u0430\u0439\u0442 \u0432\u0438\u043a\u043e\u0440\u0438\u0441\u0442\u043e\u0432\u0443\u0454 \u0434\u0432\u0430 \u043e\u0441\u043d\u043e\u0432\u043d\u0438\u0445 \u0442\u0438\u043f\u0438 \u0444\u0430\u0439\u043b\u0456\u0432 cookie: \"\u0441\u0435\u0441\u0456\u0439\u043d\u0456\" (\u0441\u0435\u0441\u0456\u0439\u043d\u0456 \u0444\u0430\u0439\u043b\u0438 cookie) \u0442\u0430 \"\u043f\u043e\u0441\u0442\u0456\u0439\u043d\u0456\" (\u043f\u043e\u0441\u0442\u0456\u0439\u043d\u0456 \u0444\u0430\u0439\u043b\u0438 cookie). \"\u0421\u0435\u0441\u0456\u0439\u043d\u0456\" \u0444\u0430\u0439\u043b\u0438 cookie - \u0446\u0435 \u0442\u0438\u043c\u0447\u0430\u0441\u043e\u0432\u0456 \u0444\u0430\u0439\u043b\u0438, \u044f\u043a\u0456 \u0437\u0431\u0435\u0440\u0456\u0433\u0430\u044e\u0442\u044c\u0441\u044f \u043d\u0430 \u043a\u0456\u043d\u0446\u0435\u0432\u043e\u043c\u0443 \u043e\u0431\u043b\u0430\u0434\u043d\u0430\u043d\u043d\u0456 \u041a\u043e\u0440\u0438\u0441\u0442\u0443\u0432\u0430\u0447\u0430 \u0434\u043e \u043c\u043e\u043c\u0435\u043d\u0442\u0443 \u0439\u043e\u0433\u043e \u0432\u0438\u0445\u043e\u0434\u0443 \u0437 \u0441\u0438\u0441\u0442\u0435\u043c\u0438, \u0437\u0430\u043b\u0438\u0448\u0435\u043d\u043d\u044f \u0432\u0435\u0431-\u0441\u0430\u0439\u0442\u0443 \u0430\u0431\u043e \u0432\u0438\u043c\u043a\u043d\u0435\u043d\u043d\u044f \u043f\u0440\u043e\u0433\u0440\u0430\u043c\u043d\u043e\u0433\u043e \u0437\u0430\u0431\u0435\u0437\u043f\u0435\u0447\u0435\u043d\u043d\u044f (\u0432\u0435\u0431-\u0431\u0440\u0430\u0443\u0437\u0435\u0440\u0430). \"\u041f\u043e\u0441\u0442\u0456\u0439\u043d\u0456\" \u0444\u0430\u0439\u043b\u0438 cookie \u0437\u0431\u0435\u0440\u0456\u0433\u0430\u044e\u0442\u044c\u0441\u044f \u043d\u0430 \u043a\u0456\u043d\u0446\u0435\u0432\u043e\u043c\u0443 \u043e\u0431\u043b\u0430\u0434\u043d\u0430\u043d\u043d\u0456 \u041a\u043e\u0440\u0438\u0441\u0442\u0443\u0432\u0430\u0447\u0430 \u043f\u0440\u043e\u0442\u044f\u0433\u043e\u043c \u0447\u0430\u0441\u0443, \u0437\u0430\u0437\u043d\u0430\u0447\u0435\u043d\u043e\u0433\u043e \u0432 \u043f\u0430\u0440\u0430\u043c\u0435\u0442\u0440\u0430\u0445 \u0444\u0430\u0439\u043b\u0456\u0432 cookie, \u0430\u0431\u043e \u0434\u043e \u0457\u0445 \u0432\u0438\u0434\u0430\u043b\u0435\u043d\u043d\u044f \u041a\u043e\u0440\u0438\u0441\u0442\u0443\u0432\u0430\u0447\u0435\u043c.<\/li>\n<li>\u041f\u0440\u043e\u0433\u0440\u0430\u043c\u043d\u0435 \u0437\u0430\u0431\u0435\u0437\u043f\u0435\u0447\u0435\u043d\u043d\u044f \u0434\u043b\u044f \u043f\u0435\u0440\u0435\u0433\u043b\u044f\u0434\u0443 \u0432\u0435\u0431-\u0441\u0442\u043e\u0440\u0456\u043d\u043e\u043a (\u0432\u0435\u0431-\u0431\u0440\u0430\u0443\u0437\u0435\u0440) \u0437\u0430\u0437\u0432\u0438\u0447\u0430\u0439 \u0437\u0430 \u0437\u0430\u043c\u043e\u0432\u0447\u0443\u0432\u0430\u043d\u043d\u044f\u043c \u0434\u043e\u0437\u0432\u043e\u043b\u044f\u0454 \u0437\u0431\u0435\u0440\u0456\u0433\u0430\u0442\u0438 \u0444\u0430\u0439\u043b\u0438 cookie \u043d\u0430 \u0442\u0435\u0440\u043c\u0456\u043d\u0430\u043b\u044c\u043d\u043e\u043c\u0443 \u043f\u0440\u0438\u0441\u0442\u0440\u043e\u0457 \u041a\u043e\u0440\u0438\u0441\u0442\u0443\u0432\u0430\u0447\u0430. \u041a\u043e\u0440\u0438\u0441\u0442\u0443\u0432\u0430\u0447\u0456 \u0412\u0435\u0431-\u0441\u0430\u0439\u0442\u0443 \u043c\u043e\u0436\u0443\u0442\u044c \u0437\u043c\u0456\u043d\u044e\u0432\u0430\u0442\u0438 \u0441\u0432\u043e\u0457 \u043d\u0430\u043b\u0430\u0448\u0442\u0443\u0432\u0430\u043d\u043d\u044f \u0432 \u0446\u044c\u043e\u043c\u0443 \u0432\u0456\u0434\u043d\u043e\u0448\u0435\u043d\u043d\u0456. \u0412\u0430\u0448 \u0432\u0435\u0431-\u0431\u0440\u0430\u0443\u0437\u0435\u0440 \u0434\u043e\u0437\u0432\u043e\u043b\u044f\u0454 \u0432\u0438\u0434\u0430\u043b\u044f\u0442\u0438 \u0444\u0430\u0439\u043b\u0438 cookie. \u0422\u0430\u043a\u043e\u0436 \u0456\u0441\u043d\u0443\u0454 \u043c\u043e\u0436\u043b\u0438\u0432\u0456\u0441\u0442\u044c \u0430\u0432\u0442\u043e\u043c\u0430\u0442\u0438\u0447\u043d\u043e\u0433\u043e \u0431\u043b\u043e\u043a\u0443\u0432\u0430\u043d\u043d\u044f \u0444\u0430\u0439\u043b\u0456\u0432 cookie. \u0414\u043b\u044f \u043e\u0442\u0440\u0438\u043c\u0430\u043d\u043d\u044f \u0431\u0456\u043b\u044c\u0448 \u0434\u0435\u0442\u0430\u043b\u044c\u043d\u043e\u0457 \u0456\u043d\u0444\u043e\u0440\u043c\u0430\u0446\u0456\u0457, \u0431\u0443\u0434\u044c \u043b\u0430\u0441\u043a\u0430, \u0437\u0432\u0435\u0440\u043d\u0456\u0442\u044c\u0441\u044f \u0434\u043e \u0434\u043e\u0432\u0456\u0434\u043a\u0438 \u0430\u0431\u043e \u0434\u043e\u043a\u0443\u043c\u0435\u043d\u0442\u0430\u0446\u0456\u0457 \u0432\u0430\u0448\u043e\u0433\u043e \u0456\u043d\u0442\u0435\u0440\u043d\u0435\u0442-\u0431\u0440\u0430\u0443\u0437\u0435\u0440\u0430.<\/li>\n<li>\u041e\u0431\u043c\u0435\u0436\u0435\u043d\u043d\u044f \u043d\u0430 \u0432\u0438\u043a\u043e\u0440\u0438\u0441\u0442\u0430\u043d\u043d\u044f \u0444\u0430\u0439\u043b\u0456\u0432 cookie \u043c\u043e\u0436\u0443\u0442\u044c \u0432\u043f\u043b\u0438\u043d\u0443\u0442\u0438 \u043d\u0430 \u0434\u0435\u044f\u043a\u0456 \u0444\u0443\u043d\u043a\u0446\u0456\u0457, \u0434\u043e\u0441\u0442\u0443\u043f\u043d\u0456 \u043d\u0430 \u0412\u0435\u0431-\u0441\u0430\u0439\u0442\u0456.<\/li>\n<li>\u0424\u0430\u0439\u043b\u0438 cookie \u0440\u043e\u0437\u043c\u0456\u0449\u0443\u044e\u0442\u044c\u0441\u044f \u0432 \u0442\u0435\u0440\u043c\u0456\u043d\u0430\u043b\u044c\u043d\u043e\u043c\u0443 \u043e\u0431\u043b\u0430\u0434\u043d\u0430\u043d\u043d\u0456 \u041a\u043e\u0440\u0438\u0441\u0442\u0443\u0432\u0430\u0447\u0430 \u0421\u0435\u0440\u0432\u0456\u0441\u0443, \u0430 \u0442\u0430\u043a\u043e\u0436 \u043c\u043e\u0436\u0443\u0442\u044c \u0432\u0438\u043a\u043e\u0440\u0438\u0441\u0442\u043e\u0432\u0443\u0432\u0430\u0442\u0438\u0441\u044f \u0440\u0435\u043a\u043b\u0430\u043c\u043e\u0434\u0430\u0432\u0446\u044f\u043c\u0438 \u0442\u0430 \u043f\u0430\u0440\u0442\u043d\u0435\u0440\u0430\u043c\u0438, \u044f\u043a\u0456 \u0441\u043f\u0456\u0432\u043f\u0440\u0430\u0446\u044e\u044e\u0442\u044c \u0437 \u041e\u043f\u0435\u0440\u0430\u0442\u043e\u0440\u043e\u043c \u0421\u0435\u0440\u0432\u0456\u0441\u0443.<\/li>\n<li>\u041c\u0438 \u0440\u0435\u043a\u043e\u043c\u0435\u043d\u0434\u0443\u0454\u043c\u043e \u043e\u0437\u043d\u0430\u0439\u043e\u043c\u0438\u0442\u0438\u0441\u044f \u0437 \u043f\u043e\u043b\u0456\u0442\u0438\u043a\u043e\u044e \u043a\u043e\u043d\u0444\u0456\u0434\u0435\u043d\u0446\u0456\u0439\u043d\u043e\u0441\u0442\u0456 \u0446\u0438\u0445 \u043a\u043e\u043c\u043f\u0430\u043d\u0456\u0439, \u0449\u043e\u0431 \u0437\u0440\u043e\u0437\u0443\u043c\u0456\u0442\u0438, \u044f\u043a \u0432\u0438\u043a\u043e\u0440\u0438\u0441\u0442\u043e\u0432\u0443\u044e\u0442\u044c\u0441\u044f \u0444\u0430\u0439\u043b\u0438 cookie \u0434\u043b\u044f \u0441\u0442\u0430\u0442\u0438\u0441\u0442\u0438\u043a\u0438: \u041f\u043e\u043b\u0456\u0442\u0438\u043a\u0430 \u043a\u043e\u043d\u0444\u0456\u0434\u0435\u043d\u0446\u0456\u0439\u043d\u043e\u0441\u0442\u0456 Google Analytics<\/li>\n<li>\u0424\u0430\u0439\u043b\u0438 cookie \u043c\u043e\u0436\u0443\u0442\u044c \u0432\u0438\u043a\u043e\u0440\u0438\u0441\u0442\u043e\u0432\u0443\u0432\u0430\u0442\u0438\u0441\u044f \u0440\u0435\u043a\u043b\u0430\u043c\u043d\u0438\u043c\u0438 \u043c\u0435\u0440\u0435\u0436\u0430\u043c\u0438, \u0437\u043e\u043a\u0440\u0435\u043c\u0430 \u043c\u0435\u0440\u0435\u0436\u0435\u044e Google, \u0434\u043b\u044f \u043f\u043e\u043a\u0430\u0437\u0443 \u0440\u0435\u043a\u043b\u0430\u043c\u0438, \u0430\u0434\u0430\u043f\u0442\u043e\u0432\u0430\u043d\u043e\u0457 \u0434\u043e \u0442\u043e\u0433\u043e, \u044f\u043a \u043a\u043e\u0440\u0438\u0441\u0442\u0443\u0432\u0430\u0447 \u0432\u0438\u043a\u043e\u0440\u0438\u0441\u0442\u043e\u0432\u0443\u0454 \u0412\u0435\u0431-\u0441\u0430\u0439\u0442. \u0417 \u0446\u0456\u0454\u044e \u043c\u0435\u0442\u043e\u044e \u0432\u043e\u043d\u0438 \u043c\u043e\u0436\u0443\u0442\u044c \u0437\u0431\u0435\u0440\u0456\u0433\u0430\u0442\u0438 \u0456\u043d\u0444\u043e\u0440\u043c\u0430\u0446\u0456\u044e \u043f\u0440\u043e \u043d\u0430\u0432\u0456\u0433\u0430\u0446\u0456\u0439\u043d\u0438\u0439 \u0448\u043b\u044f\u0445 \u043a\u043e\u0440\u0438\u0441\u0442\u0443\u0432\u0430\u0447\u0430 \u0430\u0431\u043e \u0447\u0430\u0441, \u043f\u0440\u043e\u0432\u0435\u0434\u0435\u043d\u0438\u0439 \u043d\u0430 \u043f\u0435\u0432\u043d\u0456\u0439 \u0441\u0442\u043e\u0440\u0456\u043d\u0446\u0456.<\/li>\n<li>\u0429\u043e \u0441\u0442\u043e\u0441\u0443\u0454\u0442\u044c\u0441\u044f \u0456\u043d\u0444\u043e\u0440\u043c\u0430\u0446\u0456\u0457 \u043f\u0440\u043e \u0443\u043f\u043e\u0434\u043e\u0431\u0430\u043d\u043d\u044f \u043a\u043e\u0440\u0438\u0441\u0442\u0443\u0432\u0430\u0447\u0430, \u0437\u0456\u0431\u0440\u0430\u043d\u043e\u0457 \u0440\u0435\u043a\u043b\u0430\u043c\u043d\u043e\u044e \u043c\u0435\u0440\u0435\u0436\u0435\u044e Google, \u0442\u043e \u043a\u043e\u0440\u0438\u0441\u0442\u0443\u0432\u0430\u0447 \u043c\u043e\u0436\u0435 \u043f\u0435\u0440\u0435\u0433\u043b\u044f\u0434\u0430\u0442\u0438 \u0456 \u0440\u0435\u0434\u0430\u0433\u0443\u0432\u0430\u0442\u0438 \u0456\u043d\u0444\u043e\u0440\u043c\u0430\u0446\u0456\u044e, \u043e\u0442\u0440\u0438\u043c\u0430\u043d\u0443 \u0437\u0430 \u0434\u043e\u043f\u043e\u043c\u043e\u0433\u043e\u044e \u0444\u0430\u0439\u043b\u0456\u0432 cookie, \u0437\u0430 \u0434\u043e\u043f\u043e\u043c\u043e\u0433\u043e\u044e \u0432\u0456\u0434\u043f\u043e\u0432\u0456\u0434\u043d\u043e\u0433\u043e \u0456\u043d\u0441\u0442\u0440\u0443\u043c\u0435\u043d\u0442\u0443:\u00a0<a href=\"https:\/\/www.google.com\/ads\/preferences\/\">https:\/\/www.google.com\/ads\/preferences\/<\/a><\/li>\n<\/ol>","protected":false},"excerpt":{"rendered":"<p>\u0412\u0435\u0431-\u0441\u0430\u0439\u0442 \u0432\u0438\u043a\u043e\u0440\u0438\u0441\u0442\u043e\u0432\u0443\u0454 \u0444\u0430\u0439\u043b\u0438 cookie. \u0424\u0430\u0439\u043b\u0438 cookie (\u0442\u0430\u043a \u0437\u0432\u0430\u043d\u0456 \"cookies\") - \u0446\u0435 \u0406\u0422-\u0434\u0430\u043d\u0456, \u0437\u043e\u043a\u0440\u0435\u043c\u0430 \u0442\u0435\u043a\u0441\u0442\u043e\u0432\u0456 \u0444\u0430\u0439\u043b\u0438, \u044f\u043a\u0456 \u0437\u0431\u0435\u0440\u0456\u0433\u0430\u044e\u0442\u044c\u0441\u044f \u0432 \u043a\u0456\u043d\u0446\u0435\u0432\u043e\u043c\u0443 \u043e\u0431\u043b\u0430\u0434\u043d\u0430\u043d\u043d\u0456 \u041a\u043e\u0440\u0438\u0441\u0442\u0443\u0432\u0430\u0447\u0430 \u043f\u043e\u0441\u043b\u0443\u0433 \u0456 \u043f\u0440\u0438\u0437\u043d\u0430\u0447\u0435\u043d\u0456 \u0434\u043b\u044f \u0432\u0438\u043a\u043e\u0440\u0438\u0441\u0442\u0430\u043d\u043d\u044f \u043d\u0430 \u0412\u0435\u0431-\u0441\u0430\u0439\u0442\u0456. \u0424\u0430\u0439\u043b\u0438 cookie \u0437\u0430\u0437\u0432\u0438\u0447\u0430\u0439 \u043c\u0456\u0441\u0442\u044f\u0442\u044c \u043d\u0430\u0437\u0432\u0443 \u0432\u0435\u0431-\u0441\u0430\u0439\u0442\u0443, \u0437 \u044f\u043a\u043e\u0433\u043e \u0432\u043e\u043d\u0438 \u043f\u043e\u0445\u043e\u0434\u044f\u0442\u044c, \u0447\u0430\u0441 \u0457\u0445 \u0437\u0431\u0435\u0440\u0456\u0433\u0430\u043d\u043d\u044f \u043d\u0430 \u043a\u0456\u043d\u0446\u0435\u0432\u043e\u043c\u0443 \u043e\u0431\u043b\u0430\u0434\u043d\u0430\u043d\u043d\u0456 \u0442\u0430 \u0443\u043d\u0456\u043a\u0430\u043b\u044c\u043d\u0438\u0439 \u043d\u043e\u043c\u0435\u0440. \u0421\u0443\u0431'\u0454\u043a\u0442, \u0449\u043e \u0440\u043e\u0437\u043c\u0456\u0449\u0443\u0454 \u043d\u0430 \u043f\u0440\u0438\u0441\u0442\u0440\u043e\u0457 [...].<\/p>","protected":false},"author":1,"featured_media":0,"parent":0,"menu_order":0,"comment_status":"closed","ping_status":"closed","template":"elementor_header_footer","meta":{"footnotes":""},"class_list":["post-11945","page","type-page","status-publish","hentry"],"yoast_head":"<!-- This site is optimized with the Yoast SEO plugin v27.0 - https:\/\/yoast.com\/product\/yoast-seo-wordpress\/ -->\n<title>Cookies - Sklep SAINTBODY<\/title>\n<meta name=\"robots\" content=\"index, follow, max-snippet:-1, max-image-preview:large, max-video-preview:-1\" \/>\n<link rel=\"canonical\" href=\"https:\/\/saintbody.com\/ukr\/cookies\/\" \/>\n<meta property=\"og:locale\" content=\"uk_UA\" \/>\n<meta property=\"og:type\" content=\"article\" \/>\n<meta property=\"og:title\" content=\"Cookies - Sklep SAINTBODY\" \/>\n<meta property=\"og:description\" content=\"Serwis korzysta z plik\u00f3w cookies. Pliki cookies (tzw. \u201eciasteczka\u201d) stanowi\u0105 dane informatyczne, w szczeg\u00f3lno\u015bci pliki tekstowe, kt\u00f3re przechowywane s\u0105 w urz\u0105dzeniu ko\u0144cowym U\u017cytkownika Serwisu i przeznaczone s\u0105 do korzystania ze stron internetowych Serwisu. Cookies zazwyczaj zawieraj\u0105 nazw\u0119 strony internetowej, z kt\u00f3rej pochodz\u0105, czas przechowywania ich na urz\u0105dzeniu ko\u0144cowym oraz unikalny numer. Podmiotem zamieszczaj\u0105cym na urz\u0105dzeniu [&hellip;]\" \/>\n<meta property=\"og:url\" content=\"https:\/\/saintbody.com\/ukr\/cookies\/\" \/>\n<meta property=\"og:site_name\" content=\"Sklep SAINTBODY\" \/>\n<meta property=\"article:publisher\" content=\"https:\/\/facebook.com\/saintbody\/\" \/>\n<meta property=\"article:modified_time\" content=\"2026-02-16T10:31:42+00:00\" \/>\n<meta name=\"twitter:card\" content=\"summary_large_image\" \/>\n<meta name=\"twitter:label1\" content=\"\u041f\u0440\u0438\u0431\u043b. \u0447\u0430\u0441 \u0447\u0438\u0442\u0430\u043d\u043d\u044f\" \/>\n\t<meta name=\"twitter:data1\" content=\"3 \u0445\u0432\u0438\u043b\u0438\u043d\u0438\" \/>\n<script type=\"application\/ld+json\" class=\"yoast-schema-graph\">{\"@context\":\"https:\/\/schema.org\",\"@graph\":[{\"@type\":\"WebPage\",\"@id\":\"https:\/\/saintbody.com\/cookies\/\",\"url\":\"https:\/\/saintbody.com\/cookies\/\",\"name\":\"Cookies - Sklep SAINTBODY\",\"isPartOf\":{\"@id\":\"https:\/\/saintbody.com\/#website\"},\"datePublished\":\"2023-03-15T05:51:47+00:00\",\"dateModified\":\"2026-02-16T10:31:42+00:00\",\"breadcrumb\":{\"@id\":\"https:\/\/saintbody.com\/cookies\/#breadcrumb\"},\"inLanguage\":\"uk\",\"potentialAction\":[{\"@type\":\"ReadAction\",\"target\":[\"https:\/\/saintbody.com\/cookies\/\"]}]},{\"@type\":\"BreadcrumbList\",\"@id\":\"https:\/\/saintbody.com\/cookies\/#breadcrumb\",\"itemListElement\":[{\"@type\":\"ListItem\",\"position\":1,\"name\":\"Strona g\u0142\u00f3wna\",\"item\":\"https:\/\/saintbody.com\/\"},{\"@type\":\"ListItem\",\"position\":2,\"name\":\"Cookies\"}]},{\"@type\":\"WebSite\",\"@id\":\"https:\/\/saintbody.com\/#website\",\"url\":\"https:\/\/saintbody.com\/\",\"name\":\"Sklep SAINTBODY\",\"description\":\"Premium basic na ka\u00c5\u00bcd\u00c4\u2026 okazje. Ponadczasowe Body, Odzie\u00c5\u00bc damska, Sukienki Damskie\",\"publisher\":{\"@id\":\"https:\/\/saintbody.com\/#organization\"},\"potentialAction\":[{\"@type\":\"SearchAction\",\"target\":{\"@type\":\"EntryPoint\",\"urlTemplate\":\"https:\/\/saintbody.com\/?s={search_term_string}\"},\"query-input\":{\"@type\":\"PropertyValueSpecification\",\"valueRequired\":true,\"valueName\":\"search_term_string\"}}],\"inLanguage\":\"uk\"},{\"@type\":\"Organization\",\"@id\":\"https:\/\/saintbody.com\/#organization\",\"name\":\"Sklep Saint Body\",\"url\":\"https:\/\/saintbody.com\/\",\"logo\":{\"@type\":\"ImageObject\",\"inLanguage\":\"uk\",\"@id\":\"https:\/\/saintbody.com\/#\/schema\/logo\/image\/\",\"url\":\"https:\/\/saintbody.com\/wp-content\/uploads\/2023\/04\/SaintBody_Logo_Typografia-e1691418926919.png\",\"contentUrl\":\"https:\/\/saintbody.com\/wp-content\/uploads\/2023\/04\/SaintBody_Logo_Typografia-e1691418926919.png\",\"width\":1000,\"height\":202,\"caption\":\"Sklep Saint Body\"},\"image\":{\"@id\":\"https:\/\/saintbody.com\/#\/schema\/logo\/image\/\"},\"sameAs\":[\"https:\/\/facebook.com\/saintbody\/\"]}]}<\/script>\n<!-- \/ Yoast SEO plugin. -->","yoast_head_json":{"title":"Cookies - Sklep SAINTBODY","robots":{"index":"index","follow":"follow","max-snippet":"max-snippet:-1","max-image-preview":"max-image-preview:large","max-video-preview":"max-video-preview:-1"},"canonical":"https:\/\/saintbody.com\/ukr\/cookies\/","og_locale":"uk_UA","og_type":"article","og_title":"Cookies - Sklep SAINTBODY","og_description":"Serwis korzysta z plik\u00f3w cookies. Pliki cookies (tzw. \u201eciasteczka\u201d) stanowi\u0105 dane informatyczne, w szczeg\u00f3lno\u015bci pliki tekstowe, kt\u00f3re przechowywane s\u0105 w urz\u0105dzeniu ko\u0144cowym U\u017cytkownika Serwisu i przeznaczone s\u0105 do korzystania ze stron internetowych Serwisu. Cookies zazwyczaj zawieraj\u0105 nazw\u0119 strony internetowej, z kt\u00f3rej pochodz\u0105, czas przechowywania ich na urz\u0105dzeniu ko\u0144cowym oraz unikalny numer. Podmiotem zamieszczaj\u0105cym na urz\u0105dzeniu [&hellip;]","og_url":"https:\/\/saintbody.com\/ukr\/cookies\/","og_site_name":"Sklep SAINTBODY","article_publisher":"https:\/\/facebook.com\/saintbody\/","article_modified_time":"2026-02-16T10:31:42+00:00","twitter_card":"summary_large_image","twitter_misc":{"\u041f\u0440\u0438\u0431\u043b. \u0447\u0430\u0441 \u0447\u0438\u0442\u0430\u043d\u043d\u044f":"3 \u0445\u0432\u0438\u043b\u0438\u043d\u0438"},"schema":{"@context":"https:\/\/schema.org","@graph":[{"@type":"WebPage","@id":"https:\/\/saintbody.com\/cookies\/","url":"https:\/\/saintbody.com\/cookies\/","name":"Cookies - Sklep SAINTBODY","isPartOf":{"@id":"https:\/\/saintbody.com\/#website"},"datePublished":"2023-03-15T05:51:47+00:00","dateModified":"2026-02-16T10:31:42+00:00","breadcrumb":{"@id":"https:\/\/saintbody.com\/cookies\/#breadcrumb"},"inLanguage":"uk","potentialAction":[{"@type":"ReadAction","target":["https:\/\/saintbody.com\/cookies\/"]}]},{"@type":"BreadcrumbList","@id":"https:\/\/saintbody.com\/cookies\/#breadcrumb","itemListElement":[{"@type":"ListItem","position":1,"name":"Strona g\u0142\u00f3wna","item":"https:\/\/saintbody.com\/"},{"@type":"ListItem","position":2,"name":"Cookies"}]},{"@type":"WebSite","@id":"https:\/\/saintbody.com\/#website","url":"https:\/\/saintbody.com\/","name":"Sklep SAINTBODY","description":"Premium basic na ka\u00c5\u00bcd\u00c4\u2026 okazje. Ponadczasowe Body, Odzie\u00c5\u00bc damska, Sukienki Damskie","publisher":{"@id":"https:\/\/saintbody.com\/#organization"},"potentialAction":[{"@type":"SearchAction","target":{"@type":"EntryPoint","urlTemplate":"https:\/\/saintbody.com\/?s={search_term_string}"},"query-input":{"@type":"PropertyValueSpecification","valueRequired":true,"valueName":"search_term_string"}}],"inLanguage":"uk"},{"@type":"Organization","@id":"https:\/\/saintbody.com\/#organization","name":"Sklep Saint Body","url":"https:\/\/saintbody.com\/","logo":{"@type":"ImageObject","inLanguage":"uk","@id":"https:\/\/saintbody.com\/#\/schema\/logo\/image\/","url":"https:\/\/saintbody.com\/wp-content\/uploads\/2023\/04\/SaintBody_Logo_Typografia-e1691418926919.png","contentUrl":"https:\/\/saintbody.com\/wp-content\/uploads\/2023\/04\/SaintBody_Logo_Typografia-e1691418926919.png","width":1000,"height":202,"caption":"Sklep Saint Body"},"image":{"@id":"https:\/\/saintbody.com\/#\/schema\/logo\/image\/"},"sameAs":["https:\/\/facebook.com\/saintbody\/"]}]}},"_links":{"self":[{"href":"https:\/\/saintbody.com\/ukr\/wp-json\/wp\/v2\/pages\/11945","targetHints":{"allow":["GET"]}}],"collection":[{"href":"https:\/\/saintbody.com\/ukr\/wp-json\/wp\/v2\/pages"}],"about":[{"href":"https:\/\/saintbody.com\/ukr\/wp-json\/wp\/v2\/types\/page"}],"author":[{"embeddable":true,"href":"https:\/\/saintbody.com\/ukr\/wp-json\/wp\/v2\/users\/1"}],"replies":[{"embeddable":true,"href":"https:\/\/saintbody.com\/ukr\/wp-json\/wp\/v2\/comments?post=11945"}],"version-history":[{"count":1,"href":"https:\/\/saintbody.com\/ukr\/wp-json\/wp\/v2\/pages\/11945\/revisions"}],"predecessor-version":[{"id":59666,"href":"https:\/\/saintbody.com\/ukr\/wp-json\/wp\/v2\/pages\/11945\/revisions\/59666"}],"wp:attachment":[{"href":"https:\/\/saintbody.com\/ukr\/wp-json\/wp\/v2\/media?parent=11945"}],"curies":[{"name":"wp","href":"https:\/\/api.w.org\/{rel}","templated":true}]}}