{"id":11873,"date":"2020-10-13T09:00:26","date_gmt":"2020-10-13T09:00:26","guid":{"rendered":"http:\/\/localhost\/razzi\/?page_id=633"},"modified":"2024-01-03T17:49:57","modified_gmt":"2024-01-03T16:49:57","slug":"o-nas","status":"publish","type":"page","link":"https:\/\/saintbody.com\/ukr\/o-nas\/","title":{"rendered":"\u041f\u0440\u043e \u043d\u0430\u0441"},"content":{"rendered":"<div data-elementor-type=\"wp-page\" data-elementor-id=\"11873\" class=\"elementor elementor-11873\" data-elementor-post-type=\"page\">\n\t\t\t\t\t\t<section class=\"elementor-section elementor-top-section elementor-element elementor-element-9186005 elementor-section-full_width elementor-section-height-default elementor-section-height-default\" data-id=\"9186005\" data-element_type=\"section\" data-e-type=\"section\">\n\t\t\t\t\t\t<div class=\"elementor-container elementor-column-gap-default\">\n\t\t\t\t\t<div class=\"elementor-column elementor-col-100 elementor-top-column elementor-element elementor-element-5ae2c7c\" data-id=\"5ae2c7c\" data-element_type=\"column\" data-e-type=\"column\">\n\t\t\t<div class=\"elementor-widget-wrap elementor-element-populated\">\n\t\t\t\t\t\t<div class=\"elementor-element elementor-element-ca7730a elementor-widget elementor-widget-heading\" data-id=\"ca7730a\" data-element_type=\"widget\" data-e-type=\"widget\" data-widget_type=\"heading.default\">\n\t\t\t\t<div class=\"elementor-widget-container\">\n\t\t\t\t\t<h1 class=\"elementor-heading-title elementor-size-default\">\u041f\u0420\u041e \u041d\u0410\u0421<\/h1>\t\t\t\t<\/div>\n\t\t\t\t<\/div>\n\t\t\t\t<div class=\"elementor-element elementor-element-e479f0c elementor-widget elementor-widget-image\" data-id=\"e479f0c\" data-element_type=\"widget\" data-e-type=\"widget\" data-widget_type=\"image.default\">\n\t\t\t\t<div class=\"elementor-widget-container\">\n\t\t\t\t\t\t\t\t\t\t\t\t\t\t\t<img decoding=\"async\" src=\"https:\/\/saintbody.com\/wp-content\/uploads\/2023\/03\/about_us-2.jpg\" title=\"\" alt=\"\" loading=\"lazy\" \/>\t\t\t\t\t\t\t\t\t\t\t\t\t\t\t<\/div>\n\t\t\t\t<\/div>\n\t\t\t\t<div class=\"elementor-element elementor-element-b511d6c elementor-widget elementor-widget-heading\" data-id=\"b511d6c\" data-element_type=\"widget\" data-e-type=\"widget\" data-widget_type=\"heading.default\">\n\t\t\t\t<div class=\"elementor-widget-container\">\n\t\t\t\t\t<h1 class=\"elementor-heading-title elementor-size-default\">\u041a\u0410\u0421\u042f \u0422\u0410 \u041c\u0410\u041d\u0423\u0415\u041b\u0410<\/h1>\t\t\t\t<\/div>\n\t\t\t\t<\/div>\n\t\t\t\t<div class=\"elementor-element elementor-element-9f56f25 elementor-widget elementor-widget-text-editor\" data-id=\"9f56f25\" data-element_type=\"widget\" data-e-type=\"widget\" data-widget_type=\"text-editor.default\">\n\t\t\t\t<div class=\"elementor-widget-container\">\n\t\t\t\t\t\t\t\t\t<p>Saint Body \u0431\u0443\u0432 \u0441\u0442\u0432\u043e\u0440\u0435\u043d\u0438\u0439 \u0434\u043b\u044f \u0432\u0441\u0456\u0445 \u0436\u0456\u043d\u043e\u043a, \u044f\u043a\u0456, \u044f\u043a \u0456 \u043c\u0438, \u043e\u0447\u0456\u043a\u0443\u044e\u0442\u044c \u044f\u043a\u043e\u0441\u0442\u0456 \u0442\u0430 \u043a\u043e\u043c\u0444\u043e\u0440\u0442\u0443 \u0456 \u0445\u043e\u0447\u0443\u0442\u044c \u043f\u0456\u043a\u043b\u0443\u0432\u0430\u0442\u0438\u0441\u044f \u043f\u0440\u043e \u0441\u0432\u043e\u0454 \u0442\u0456\u043b\u043e \u0442\u0430\u043a\u043e\u0436 \u0447\u0435\u0440\u0435\u0437 \u043e\u0434\u044f\u0433, \u044f\u043a\u0438\u0439 \u0432\u043e\u043d\u0438 \u043d\u043e\u0441\u044f\u0442\u044c. \u041c\u0438 \u0437\u0430\u0441\u043d\u0443\u0432\u0430\u043b\u0438 \u0439\u043e\u0433\u043e \u0437 \u043f\u043e\u0442\u0440\u0435\u0431\u0438 \u043d\u0430\u0448\u0438\u0445 \u0441\u0435\u0440\u0434\u0435\u0446\u044c - \u0441\u0442\u0432\u043e\u0440\u0438\u0442\u0438 \u0443\u043d\u0456\u0432\u0435\u0440\u0441\u0430\u043b\u044c\u043d\u0435 \u0431\u043e\u0434\u0456, \u044f\u043a\u0435 \u043f\u0456\u0434\u0445\u043e\u0434\u0438\u0442\u044c, \u0437 \u0442\u043e\u0447\u043a\u0438 \u0437\u043e\u0440\u0443 \u0441\u0442\u0438\u043b\u044e \u0456 \u0447\u0430\u0441\u0443 \u0434\u043e\u0431\u0438, \u0434\u043b\u044f \u0431\u0430\u0433\u0430\u0442\u044c\u043e\u0445 \u0440\u0456\u0437\u043d\u0438\u0445 \u0432\u0438\u043f\u0430\u0434\u043a\u0456\u0432, \u0449\u043e\u0431 \u043a\u043e\u0436\u043d\u0430 \u0436\u0456\u043d\u043a\u0430, \u044f\u043a\u0430 \u043b\u044e\u0431\u0438\u0442\u044c \u0441\u0432\u043e\u0454 \u0442\u0456\u043b\u043e, \u0437\u043d\u0430\u0439\u0448\u043b\u0430 \u0449\u043e\u0441\u044c \u0434\u043b\u044f \u0441\u0435\u0431\u0435.<\/p><p>\u041d\u0430\u0448\u0456 \u0431\u043e\u0434\u0456 - \u0446\u0435 \u0432\u0438\u0441\u043e\u043a\u043e\u044f\u043a\u0456\u0441\u043d\u0438\u0439 \u043f\u0440\u043e\u0434\u0443\u043a\u0442 slow fashion , \u044f\u043a\u0438\u0439 \u043f\u0440\u0438\u0454\u043c\u043d\u043e \u043d\u043e\u0441\u0438\u0442\u0438. \u041c\u0438 \u0448\u0438\u0454\u043c\u043e \u0434\u043b\u044f \u0432\u0430\u0441 \u0437 \u0432\u0438\u0441\u043e\u043a\u043e\u044f\u043a\u0456\u0441\u043d\u043e\u0457 \u0432\u0456\u0441\u043a\u043e\u0437\u043d\u043e\u0457 \u0430\u0431\u043e \u043c\u043e\u0434\u0430\u043b\u044c\u043d\u043e\u0457\/\u0435\u043b\u0430\u0441\u0442\u0430\u043d\u043e\u0432\u043e\u0457 \u043f\u0440\u044f\u0436\u0456, \u0449\u043e \u0434\u0430\u0454 \u0437\u043c\u043e\u0433\u0443 \u043e\u0442\u0440\u0438\u043c\u0430\u0442\u0438 \u043d\u0456\u0436\u043d\u0438\u0439 \u0442\u0440\u0438\u043a\u043e\u0442\u0430\u0436, \u043f\u0440\u0438\u0454\u043c\u043d\u0438\u0439 \u0434\u043e \u0442\u0456\u043b\u0430. \u041d\u0430\u0448\u0456 \u043a\u043b\u0456\u0454\u043d\u0442\u043a\u0438 \u043d\u0430\u0437\u0438\u0432\u0430\u044e\u0442\u044c \u0439\u043e\u0433\u043e \"\u0434\u0440\u0443\u0433\u043e\u044e \u0448\u043a\u0456\u0440\u043e\u044e\", \u0432 \u044f\u043a\u0456\u0439 \u0432\u043e\u043d\u0438 \u043c\u043e\u0433\u043b\u0438  \u0431 \u043d\u0430\u0432\u0456\u0442\u044c \u0441\u043f\u0430\u0442\u0438. \u0414\u044f\u043a\u0443\u0454\u043c\u043e \u0437\u0430 \u0434\u043e\u0432\u0456\u0440\u0443. <br \/>\u041c\u0438 \u0440\u043e\u0437\u0432\u0438\u0432\u0430\u0454\u043c\u043e \u043d\u0435 \u0442\u0456\u043b\u044c\u043a\u0438 \u0441\u0435\u0431\u0435, \u0430\u043b\u0435 \u0439 \u043d\u0430\u0448 \u0431\u0440\u0435\u043d\u0434. \u0423 \u0432\u0456\u0434\u043f\u043e\u0432\u0456\u0434\u044c \u043d\u0430 \u0432\u0430\u0448\u0456 \u043f\u043e\u0442\u0440\u0435\u0431\u0438 \u043c\u0438 \u0441\u0442\u0432\u043e\u0440\u0438\u043b\u0438 \u043d\u043e\u0432\u0443 \u0442\u043e\u0432\u0430\u0440\u043d\u0443 \u043a\u0430\u0442\u0435\u0433\u043e\u0440\u0456\u044e - \u0441\u0443\u043a\u043d\u0456, \u043f\u043e\u0442\u0456\u043c \u0437'\u044f\u0432\u0438\u043b\u0438\u0441\u044f \u043a\u0440\u043e\u043f-\u0442\u043e\u043f\u0438 \u0442\u0430 \u0448\u0442\u0430\u043d\u0438. \u0412\u0438 \u0437\u0430\u043a\u043e\u0445\u0430\u043b\u0438\u0441\u044f \u0432 \u0446\u0456 \u0440\u0435\u0447\u0456 \u0442\u0430\u043a \u0441\u0430\u043c\u043e, \u044f\u043a \u0456 \u043c\u0438, \u0456 \u0441\u0430\u043c\u0435 \u0446\u0435 \u043c\u043e\u0442\u0438\u0432\u0443\u0454 \u043d\u0430\u0441 \u0440\u0443\u0445\u0430\u0442\u0438\u0441\u044f \u0432\u043f\u0435\u0440\u0435\u0434.<\/p>\t\t\t\t\t\t\t\t<\/div>\n\t\t\t\t<\/div>\n\t\t\t\t<div class=\"elementor-element elementor-element-107f4ac elementor-widget elementor-widget-video\" data-id=\"107f4ac\" data-element_type=\"widget\" data-e-type=\"widget\" data-settings=\"{&quot;video_type&quot;:&quot;hosted&quot;,&quot;show_image_overlay&quot;:&quot;yes&quot;,&quot;image_overlay&quot;:{&quot;url&quot;:&quot;https:\\\/\\\/saintbody.com\\\/wp-content\\\/uploads\\\/2024\\\/01\\\/Zrzut-ekranu-2024-01-3-o-17.20.36-kopia.png&quot;,&quot;id&quot;:46317,&quot;size&quot;:&quot;&quot;,&quot;alt&quot;:&quot;&quot;,&quot;source&quot;:&quot;library&quot;},&quot;controls&quot;:&quot;yes&quot;}\" data-widget_type=\"video.default\">\n\t\t\t\t<div class=\"elementor-widget-container\">\n\t\t\t\t\t\t\t<div class=\"e-hosted-video elementor-wrapper elementor-open-inline\">\n\t\t\t\t\t<video class=\"elementor-video\" src=\"https:\/\/saintbody.com\/wp-content\/uploads\/2024\/01\/Kasia-Poopt2.mp4\" controls=\"\" preload=\"metadata\" controlslist=\"nodownload\" poster=\"https:\/\/saintbody.com\/wp-content\/uploads\/2024\/01\/Zrzut-ekranu-2024-01-3-o-17.20.36.png\"><\/video>\n\t\t\t\t\t\t<div class=\"elementor-custom-embed-image-overlay\" style=\"background-image: url();\">\n\t\t\t\t\t\t\t\t\t\t\t\t\t\t\t\t<div class=\"elementor-custom-embed-play\" role=\"button\" aria-label=\"\u0412\u0456\u0434\u0442\u0432\u043e\u0440\u0438\u0442\u0438 \u0432\u0456\u0434\u0435\u043e\" tabindex=\"0\">\n\t\t\t\t\t\t\t<i aria-hidden=\"true\" class=\"eicon-play\"><\/i>\t\t\t\t\t\t<\/div>\n\t\t\t\t\t\t\t\t\t<\/div>\n\t\t\t\t\t<\/div>\n\t\t\t\t\t\t<\/div>\n\t\t\t\t<\/div>\n\t\t\t\t\t<\/div>\n\t\t<\/div>\n\t\t\t\t\t<\/div>\n\t\t<\/section>\n\t\t\t\t<\/div>","protected":false},"excerpt":{"rendered":"<p>\u041f\u0420\u041e \u041d\u0410\u0421 KASIA &amp; MANUELA Saint Body \u0441\u0442\u0432\u043e\u0440\u0435\u043d\u0430 \u0434\u043b\u044f \u0432\u0441\u0456\u0445 \u0436\u0456\u043d\u043e\u043a, \u044f\u043a\u0456, \u044f\u043a \u0456 \u043c\u0438, \u043e\u0447\u0456\u043a\u0443\u044e\u0442\u044c \u044f\u043a\u043e\u0441\u0442\u0456 \u0442\u0430 \u043a\u043e\u043c\u0444\u043e\u0440\u0442\u0443 \u0456 \u0445\u043e\u0447\u0443\u0442\u044c \u043f\u0456\u043a\u043b\u0443\u0432\u0430\u0442\u0438\u0441\u044f \u043f\u0440\u043e \u0441\u0432\u043e\u0454 \u0442\u0456\u043b\u043e \u0442\u0430\u043a\u043e\u0436 \u0447\u0435\u0440\u0435\u0437 \u043e\u0434\u044f\u0433, \u044f\u043a\u0438\u0439 \u0432\u043e\u043d\u0438 \u043d\u043e\u0441\u044f\u0442\u044c. \u041c\u0438 \u0441\u0442\u0432\u043e\u0440\u0438\u043b\u0438 \u0457\u0445 \u0437 \u043f\u043e\u0442\u0440\u0435\u0431\u0438 \u0432 \u043d\u0430\u0448\u0438\u0445 \u0441\u0435\u0440\u0446\u044f\u0445 \u0437\u0430\u0431\u0435\u0437\u043f\u0435\u0447\u0438\u0442\u0438 \u0443\u043d\u0456\u0432\u0435\u0440\u0441\u0430\u043b\u044c\u043d\u0435 \u0442\u0456\u043b\u043e, \u044f\u043a\u0435 \u043f\u0456\u0434\u0445\u043e\u0434\u0438\u0442\u044c, \u0437 \u0442\u043e\u0447\u043a\u0438 \u0437\u043e\u0440\u0443 \u0441\u0442\u0438\u043b\u044e \u0442\u0430 \u0447\u0430\u0441\u0443 \u0434\u043e\u0431\u0438, \u0434\u043b\u044f \u0431\u0430\u0433\u0430\u0442\u044c\u043e\u0445 \u0440\u0456\u0437\u043d\u0438\u0445 \u0432\u0438\u043f\u0430\u0434\u043a\u0456\u0432, \u0449\u043e\u0431 \u043a\u043e\u0436\u043d\u0430 \u0436\u0456\u043d\u043a\u0430 \u043c\u043e\u0433\u043b\u0430 [...].<\/p>","protected":false},"author":1,"featured_media":0,"parent":0,"menu_order":0,"comment_status":"closed","ping_status":"closed","template":"","meta":{"footnotes":""},"class_list":["post-11873","page","type-page","status-publish","hentry"],"yoast_head":"<!-- This site is optimized with the Yoast SEO plugin v27.0 - https:\/\/yoast.com\/product\/yoast-seo-wordpress\/ -->\n<title>Poznaj mark\u0119 Saintbody - Sklep SAINTBODY<\/title>\n<meta name=\"description\" content=\"Saint Body powsta\u0142o z my\u015bl\u0105 o wszystkich kobietach, kt\u00f3re tak jak my, oczekuj\u0105 jako\u015bci i komfortu oraz chc\u0105 zadba\u0107 o swoje cia\u0142o r\u00f3wnie\u017c poprzez odzie\u017c, kt\u00f3r\u0105 nosz\u0105.\" \/>\n<meta name=\"robots\" content=\"index, follow, max-snippet:-1, max-image-preview:large, max-video-preview:-1\" \/>\n<link rel=\"canonical\" href=\"https:\/\/saintbody.com\/ukr\/o-nas\/\" \/>\n<meta property=\"og:locale\" content=\"uk_UA\" \/>\n<meta property=\"og:type\" content=\"article\" \/>\n<meta property=\"og:title\" content=\"Poznaj mark\u0119 Saintbody - Sklep SAINTBODY\" \/>\n<meta property=\"og:description\" content=\"Saint Body powsta\u0142o z my\u015bl\u0105 o wszystkich kobietach, kt\u00f3re tak jak my, oczekuj\u0105 jako\u015bci i komfortu oraz chc\u0105 zadba\u0107 o swoje cia\u0142o r\u00f3wnie\u017c poprzez odzie\u017c, kt\u00f3r\u0105 nosz\u0105.\" \/>\n<meta property=\"og:url\" content=\"https:\/\/saintbody.com\/ukr\/o-nas\/\" \/>\n<meta property=\"og:site_name\" content=\"Sklep SAINTBODY\" \/>\n<meta property=\"article:publisher\" content=\"https:\/\/facebook.com\/saintbody\/\" \/>\n<meta property=\"article:modified_time\" content=\"2024-01-03T16:49:57+00:00\" \/>\n<meta property=\"og:image\" content=\"https:\/\/saintbody.com\/wp-content\/uploads\/2023\/03\/about_us-2-1024x682.jpg\" \/>\n<meta name=\"twitter:card\" content=\"summary_large_image\" \/>\n<meta name=\"twitter:label1\" content=\"\u041f\u0440\u0438\u0431\u043b. \u0447\u0430\u0441 \u0447\u0438\u0442\u0430\u043d\u043d\u044f\" \/>\n\t<meta name=\"twitter:data1\" content=\"1 \u0445\u0432\u0438\u043b\u0438\u043d\u0430\" \/>\n<script type=\"application\/ld+json\" class=\"yoast-schema-graph\">{\"@context\":\"https:\/\/schema.org\",\"@graph\":[{\"@type\":\"WebPage\",\"@id\":\"https:\/\/saintbody.com\/o-nas\/\",\"url\":\"https:\/\/saintbody.com\/o-nas\/\",\"name\":\"Poznaj mark\u0119 Saintbody - Sklep SAINTBODY\",\"isPartOf\":{\"@id\":\"https:\/\/saintbody.com\/#website\"},\"primaryImageOfPage\":{\"@id\":\"https:\/\/saintbody.com\/o-nas\/#primaryimage\"},\"image\":{\"@id\":\"https:\/\/saintbody.com\/o-nas\/#primaryimage\"},\"thumbnailUrl\":\"https:\/\/saintbody.com\/wp-content\/uploads\/2023\/03\/about_us-2-1024x682.jpg\",\"datePublished\":\"2020-10-13T09:00:26+00:00\",\"dateModified\":\"2024-01-03T16:49:57+00:00\",\"description\":\"Saint Body powsta\u0142o z my\u015bl\u0105 o wszystkich kobietach, kt\u00f3re tak jak my, oczekuj\u0105 jako\u015bci i komfortu oraz chc\u0105 zadba\u0107 o swoje cia\u0142o r\u00f3wnie\u017c poprzez odzie\u017c, kt\u00f3r\u0105 nosz\u0105.\",\"breadcrumb\":{\"@id\":\"https:\/\/saintbody.com\/o-nas\/#breadcrumb\"},\"inLanguage\":\"uk\",\"potentialAction\":[{\"@type\":\"ReadAction\",\"target\":[\"https:\/\/saintbody.com\/o-nas\/\"]}]},{\"@type\":\"ImageObject\",\"inLanguage\":\"uk\",\"@id\":\"https:\/\/saintbody.com\/o-nas\/#primaryimage\",\"url\":\"https:\/\/saintbody.com\/wp-content\/uploads\/2023\/03\/about_us-2-1024x682.jpg\",\"contentUrl\":\"https:\/\/saintbody.com\/wp-content\/uploads\/2023\/03\/about_us-2-1024x682.jpg\"},{\"@type\":\"BreadcrumbList\",\"@id\":\"https:\/\/saintbody.com\/o-nas\/#breadcrumb\",\"itemListElement\":[{\"@type\":\"ListItem\",\"position\":1,\"name\":\"Strona g\u0142\u00f3wna\",\"item\":\"https:\/\/saintbody.com\/\"},{\"@type\":\"ListItem\",\"position\":2,\"name\":\"O nas\"}]},{\"@type\":\"WebSite\",\"@id\":\"https:\/\/saintbody.com\/#website\",\"url\":\"https:\/\/saintbody.com\/\",\"name\":\"Sklep SAINTBODY\",\"description\":\"Premium basic na ka\u00c5\u00bcd\u00c4\u2026 okazje. Ponadczasowe Body, Odzie\u00c5\u00bc damska, Sukienki Damskie\",\"publisher\":{\"@id\":\"https:\/\/saintbody.com\/#organization\"},\"potentialAction\":[{\"@type\":\"SearchAction\",\"target\":{\"@type\":\"EntryPoint\",\"urlTemplate\":\"https:\/\/saintbody.com\/?s={search_term_string}\"},\"query-input\":{\"@type\":\"PropertyValueSpecification\",\"valueRequired\":true,\"valueName\":\"search_term_string\"}}],\"inLanguage\":\"uk\"},{\"@type\":\"Organization\",\"@id\":\"https:\/\/saintbody.com\/#organization\",\"name\":\"Sklep Saint Body\",\"url\":\"https:\/\/saintbody.com\/\",\"logo\":{\"@type\":\"ImageObject\",\"inLanguage\":\"uk\",\"@id\":\"https:\/\/saintbody.com\/#\/schema\/logo\/image\/\",\"url\":\"https:\/\/saintbody.com\/wp-content\/uploads\/2023\/04\/SaintBody_Logo_Typografia-e1691418926919.png\",\"contentUrl\":\"https:\/\/saintbody.com\/wp-content\/uploads\/2023\/04\/SaintBody_Logo_Typografia-e1691418926919.png\",\"width\":1000,\"height\":202,\"caption\":\"Sklep Saint Body\"},\"image\":{\"@id\":\"https:\/\/saintbody.com\/#\/schema\/logo\/image\/\"},\"sameAs\":[\"https:\/\/facebook.com\/saintbody\/\"]}]}<\/script>\n<!-- \/ Yoast SEO plugin. -->","yoast_head_json":{"title":"Poznaj mark\u0119 Saintbody - Sklep SAINTBODY","description":"Saint Body powsta\u0142o z my\u015bl\u0105 o wszystkich kobietach, kt\u00f3re tak jak my, oczekuj\u0105 jako\u015bci i komfortu oraz chc\u0105 zadba\u0107 o swoje cia\u0142o r\u00f3wnie\u017c poprzez odzie\u017c, kt\u00f3r\u0105 nosz\u0105.","robots":{"index":"index","follow":"follow","max-snippet":"max-snippet:-1","max-image-preview":"max-image-preview:large","max-video-preview":"max-video-preview:-1"},"canonical":"https:\/\/saintbody.com\/ukr\/o-nas\/","og_locale":"uk_UA","og_type":"article","og_title":"Poznaj mark\u0119 Saintbody - Sklep SAINTBODY","og_description":"Saint Body powsta\u0142o z my\u015bl\u0105 o wszystkich kobietach, kt\u00f3re tak jak my, oczekuj\u0105 jako\u015bci i komfortu oraz chc\u0105 zadba\u0107 o swoje cia\u0142o r\u00f3wnie\u017c poprzez odzie\u017c, kt\u00f3r\u0105 nosz\u0105.","og_url":"https:\/\/saintbody.com\/ukr\/o-nas\/","og_site_name":"Sklep SAINTBODY","article_publisher":"https:\/\/facebook.com\/saintbody\/","article_modified_time":"2024-01-03T16:49:57+00:00","og_image":[{"url":"https:\/\/saintbody.com\/wp-content\/uploads\/2023\/03\/about_us-2-1024x682.jpg","type":"","width":"","height":""}],"twitter_card":"summary_large_image","twitter_misc":{"\u041f\u0440\u0438\u0431\u043b. \u0447\u0430\u0441 \u0447\u0438\u0442\u0430\u043d\u043d\u044f":"1 \u0445\u0432\u0438\u043b\u0438\u043d\u0430"},"schema":{"@context":"https:\/\/schema.org","@graph":[{"@type":"WebPage","@id":"https:\/\/saintbody.com\/o-nas\/","url":"https:\/\/saintbody.com\/o-nas\/","name":"Poznaj mark\u0119 Saintbody - Sklep SAINTBODY","isPartOf":{"@id":"https:\/\/saintbody.com\/#website"},"primaryImageOfPage":{"@id":"https:\/\/saintbody.com\/o-nas\/#primaryimage"},"image":{"@id":"https:\/\/saintbody.com\/o-nas\/#primaryimage"},"thumbnailUrl":"https:\/\/saintbody.com\/wp-content\/uploads\/2023\/03\/about_us-2-1024x682.jpg","datePublished":"2020-10-13T09:00:26+00:00","dateModified":"2024-01-03T16:49:57+00:00","description":"Saint Body powsta\u0142o z my\u015bl\u0105 o wszystkich kobietach, kt\u00f3re tak jak my, oczekuj\u0105 jako\u015bci i komfortu oraz chc\u0105 zadba\u0107 o swoje cia\u0142o r\u00f3wnie\u017c poprzez odzie\u017c, kt\u00f3r\u0105 nosz\u0105.","breadcrumb":{"@id":"https:\/\/saintbody.com\/o-nas\/#breadcrumb"},"inLanguage":"uk","potentialAction":[{"@type":"ReadAction","target":["https:\/\/saintbody.com\/o-nas\/"]}]},{"@type":"ImageObject","inLanguage":"uk","@id":"https:\/\/saintbody.com\/o-nas\/#primaryimage","url":"https:\/\/saintbody.com\/wp-content\/uploads\/2023\/03\/about_us-2-1024x682.jpg","contentUrl":"https:\/\/saintbody.com\/wp-content\/uploads\/2023\/03\/about_us-2-1024x682.jpg"},{"@type":"BreadcrumbList","@id":"https:\/\/saintbody.com\/o-nas\/#breadcrumb","itemListElement":[{"@type":"ListItem","position":1,"name":"Strona g\u0142\u00f3wna","item":"https:\/\/saintbody.com\/"},{"@type":"ListItem","position":2,"name":"O nas"}]},{"@type":"WebSite","@id":"https:\/\/saintbody.com\/#website","url":"https:\/\/saintbody.com\/","name":"Sklep SAINTBODY","description":"Premium basic na ka\u00c5\u00bcd\u00c4\u2026 okazje. Ponadczasowe Body, Odzie\u00c5\u00bc damska, Sukienki Damskie","publisher":{"@id":"https:\/\/saintbody.com\/#organization"},"potentialAction":[{"@type":"SearchAction","target":{"@type":"EntryPoint","urlTemplate":"https:\/\/saintbody.com\/?s={search_term_string}"},"query-input":{"@type":"PropertyValueSpecification","valueRequired":true,"valueName":"search_term_string"}}],"inLanguage":"uk"},{"@type":"Organization","@id":"https:\/\/saintbody.com\/#organization","name":"Sklep Saint Body","url":"https:\/\/saintbody.com\/","logo":{"@type":"ImageObject","inLanguage":"uk","@id":"https:\/\/saintbody.com\/#\/schema\/logo\/image\/","url":"https:\/\/saintbody.com\/wp-content\/uploads\/2023\/04\/SaintBody_Logo_Typografia-e1691418926919.png","contentUrl":"https:\/\/saintbody.com\/wp-content\/uploads\/2023\/04\/SaintBody_Logo_Typografia-e1691418926919.png","width":1000,"height":202,"caption":"Sklep Saint Body"},"image":{"@id":"https:\/\/saintbody.com\/#\/schema\/logo\/image\/"},"sameAs":["https:\/\/facebook.com\/saintbody\/"]}]}},"_links":{"self":[{"href":"https:\/\/saintbody.com\/ukr\/wp-json\/wp\/v2\/pages\/11873","targetHints":{"allow":["GET"]}}],"collection":[{"href":"https:\/\/saintbody.com\/ukr\/wp-json\/wp\/v2\/pages"}],"about":[{"href":"https:\/\/saintbody.com\/ukr\/wp-json\/wp\/v2\/types\/page"}],"author":[{"embeddable":true,"href":"https:\/\/saintbody.com\/ukr\/wp-json\/wp\/v2\/users\/1"}],"replies":[{"embeddable":true,"href":"https:\/\/saintbody.com\/ukr\/wp-json\/wp\/v2\/comments?post=11873"}],"version-history":[{"count":3,"href":"https:\/\/saintbody.com\/ukr\/wp-json\/wp\/v2\/pages\/11873\/revisions"}],"predecessor-version":[{"id":39640,"href":"https:\/\/saintbody.com\/ukr\/wp-json\/wp\/v2\/pages\/11873\/revisions\/39640"}],"wp:attachment":[{"href":"https:\/\/saintbody.com\/ukr\/wp-json\/wp\/v2\/media?parent=11873"}],"curies":[{"name":"wp","href":"https:\/\/api.w.org\/{rel}","templated":true}]}}