{"id":99,"date":"2023-03-09T17:36:35","date_gmt":"2023-03-09T16:36:35","guid":{"rendered":"http:\/\/saintbody.com\/?post_type=product&#038;p=99"},"modified":"2025-07-17T22:42:42","modified_gmt":"2025-07-17T20:42:42","slug":"jedwabna-gumka-do-wlosow-czerwona","status":"publish","type":"product","link":"https:\/\/saintbody.com\/en_gb\/jedwabna-gumka-do-wlosow-czerwona\/","title":{"rendered":"Silk hair elastic red"},"content":{"rendered":"<p>Red silk hair elastic with delicate creases. Sewn into the centre of the product is a wide 1.5 cm elastic band that holds perfectly in the hair. A delicate accessory that will enrich any hairstyle. Suitable for all hair types.<\/p>\n<p>Composition: 100% natural silk<br \/>\nManufactured in Poland.<\/p>\n<p>Also check out our bestselling\u00a0<a href=\"https:\/\/saintbody.com\/en_gb\/kategoria\/body\/\">body<\/a> !<br \/>\nVisit us at <a href=\"https:\/\/www.instagram.com\/saintbodyofficial\/\">instagram<\/a>.<\/p>","protected":false},"excerpt":{"rendered":"<p>Jedwabna, czerwona gumka do w\u0142os\u00f3w z delikatnymi marszczeniami. W \u015brodku wyrobu wszyta szeroka 1,5 cm gumka, kt\u00f3ra doskonale utrzymuje si\u0119 na w\u0142osach. Delikatny dodatek, kt\u00f3ry wzbogaci ka\u017cd\u0105 stylizacj\u0119. Nadaje si\u0119 do ka\u017cdego rodzaju w\u0142os\u00f3w. Sk\u0142ad: 100% jedwab naturalny Wyprodukowana w Polsce. Sprawd\u017a r\u00f3wnie\u017c nasze bestsellerowe\u00a0body ! Odwied\u017a nas na instagramie.<\/p>","protected":false},"featured_media":53135,"template":"","meta":[],"product_brand":[],"product_cat":[20],"product_tag":[],"class_list":{"0":"post-99","1":"product","2":"type-product","3":"status-publish","4":"has-post-thumbnail","6":"product_cat-wszystko","8":"first","9":"outofstock","10":"taxable","11":"shipping-taxable","12":"purchasable","13":"product-type-variable","14":"has-default-attributes"},"yoast_head":"<!-- This site is optimized with the Yoast SEO plugin v27.0 - https:\/\/yoast.com\/product\/yoast-seo-wordpress\/ -->\n<title>Jedwabna czerwona gumka do w\u0142os\u00f3w Jedwabna gumka do w\u0142os\u00f3w czerwona - Sklep SAINTBODY<\/title>\n<meta name=\"description\" content=\"Jedwabna, czerwona gumka do w\u0142os\u00f3w z delikatnymi marszczeniami. Doskonale utrzymuje si\u0119 na w\u0142osach. Gumka wzbogaci ka\u017cd\u0105 stylizacj\u0119.\" \/>\n<meta name=\"robots\" content=\"index, follow, max-snippet:-1, max-image-preview:large, max-video-preview:-1\" \/>\n<link rel=\"canonical\" href=\"https:\/\/saintbody.com\/en_gb\/jedwabna-gumka-do-wlosow-czerwona\/\" \/>\n<meta property=\"og:locale\" content=\"en_GB\" \/>\n<meta property=\"og:type\" content=\"article\" \/>\n<meta property=\"og:title\" content=\"Jedwabna czerwona gumka do w\u0142os\u00f3w Jedwabna gumka do w\u0142os\u00f3w czerwona - Sklep SAINTBODY\" \/>\n<meta property=\"og:description\" content=\"Jedwabna, czerwona gumka do w\u0142os\u00f3w z delikatnymi marszczeniami. Doskonale utrzymuje si\u0119 na w\u0142osach. Gumka wzbogaci ka\u017cd\u0105 stylizacj\u0119.\" \/>\n<meta property=\"og:url\" content=\"https:\/\/saintbody.com\/en_gb\/jedwabna-gumka-do-wlosow-czerwona\/\" \/>\n<meta property=\"og:site_name\" content=\"Sklep SAINTBODY\" \/>\n<meta property=\"article:publisher\" content=\"https:\/\/facebook.com\/saintbody\/\" \/>\n<meta property=\"article:modified_time\" content=\"2025-07-17T20:42:42+00:00\" \/>\n<meta property=\"og:image\" content=\"https:\/\/saintbody.com\/wp-content\/uploads\/2023\/03\/IMG_6719-scaled.jpg\" \/>\n\t<meta property=\"og:image:width\" content=\"1920\" \/>\n\t<meta property=\"og:image:height\" content=\"2560\" \/>\n\t<meta property=\"og:image:type\" content=\"image\/jpeg\" \/>\n<meta name=\"twitter:card\" content=\"summary_large_image\" \/>\n<meta name=\"twitter:label1\" content=\"Estimated reading time\" \/>\n\t<meta name=\"twitter:data1\" content=\"1 minute\" \/>\n<script type=\"application\/ld+json\" class=\"yoast-schema-graph\">{\"@context\":\"https:\/\/schema.org\",\"@graph\":[{\"@type\":\"WebPage\",\"@id\":\"https:\/\/saintbody.com\/jedwabna-gumka-do-wlosow-czerwona\/\",\"url\":\"https:\/\/saintbody.com\/jedwabna-gumka-do-wlosow-czerwona\/\",\"name\":\"Jedwabna czerwona gumka do w\u0142os\u00f3w Jedwabna gumka do w\u0142os\u00f3w czerwona - Sklep SAINTBODY\",\"isPartOf\":{\"@id\":\"https:\/\/saintbody.com\/#website\"},\"primaryImageOfPage\":{\"@id\":\"https:\/\/saintbody.com\/jedwabna-gumka-do-wlosow-czerwona\/#primaryimage\"},\"image\":{\"@id\":\"https:\/\/saintbody.com\/jedwabna-gumka-do-wlosow-czerwona\/#primaryimage\"},\"thumbnailUrl\":\"https:\/\/saintbody.com\/wp-content\/uploads\/2023\/03\/IMG_6719-scaled.jpg\",\"datePublished\":\"2023-03-09T16:36:35+00:00\",\"dateModified\":\"2025-07-17T20:42:42+00:00\",\"description\":\"Jedwabna, czerwona gumka do w\u0142os\u00f3w z delikatnymi marszczeniami. Doskonale utrzymuje si\u0119 na w\u0142osach. Gumka wzbogaci ka\u017cd\u0105 stylizacj\u0119.\",\"breadcrumb\":{\"@id\":\"https:\/\/saintbody.com\/jedwabna-gumka-do-wlosow-czerwona\/#breadcrumb\"},\"inLanguage\":\"en-GB\",\"potentialAction\":[{\"@type\":\"ReadAction\",\"target\":[\"https:\/\/saintbody.com\/jedwabna-gumka-do-wlosow-czerwona\/\"]}]},{\"@type\":\"ImageObject\",\"inLanguage\":\"en-GB\",\"@id\":\"https:\/\/saintbody.com\/jedwabna-gumka-do-wlosow-czerwona\/#primaryimage\",\"url\":\"https:\/\/saintbody.com\/wp-content\/uploads\/2023\/03\/IMG_6719-scaled.jpg\",\"contentUrl\":\"https:\/\/saintbody.com\/wp-content\/uploads\/2023\/03\/IMG_6719-scaled.jpg\",\"width\":1920,\"height\":2560},{\"@type\":\"BreadcrumbList\",\"@id\":\"https:\/\/saintbody.com\/jedwabna-gumka-do-wlosow-czerwona\/#breadcrumb\",\"itemListElement\":[{\"@type\":\"ListItem\",\"position\":1,\"name\":\"Strona g\u0142\u00f3wna\",\"item\":\"https:\/\/saintbody.com\/\"},{\"@type\":\"ListItem\",\"position\":2,\"name\":\"Sklep\",\"item\":\"https:\/\/saintbody.com\/sklep\/\"},{\"@type\":\"ListItem\",\"position\":3,\"name\":\"Jedwabna gumka do w\u0142os\u00f3w czerwona\"}]},{\"@type\":\"WebSite\",\"@id\":\"https:\/\/saintbody.com\/#website\",\"url\":\"https:\/\/saintbody.com\/\",\"name\":\"Sklep SAINTBODY\",\"description\":\"Premium basic na ka\u00c5\u00bcd\u00c4\u2026 okazje. Ponadczasowe Body, Odzie\u00c5\u00bc damska, Sukienki Damskie\",\"publisher\":{\"@id\":\"https:\/\/saintbody.com\/#organization\"},\"potentialAction\":[{\"@type\":\"SearchAction\",\"target\":{\"@type\":\"EntryPoint\",\"urlTemplate\":\"https:\/\/saintbody.com\/?s={search_term_string}\"},\"query-input\":{\"@type\":\"PropertyValueSpecification\",\"valueRequired\":true,\"valueName\":\"search_term_string\"}}],\"inLanguage\":\"en-GB\"},{\"@type\":\"Organization\",\"@id\":\"https:\/\/saintbody.com\/#organization\",\"name\":\"Sklep Saint Body\",\"url\":\"https:\/\/saintbody.com\/\",\"logo\":{\"@type\":\"ImageObject\",\"inLanguage\":\"en-GB\",\"@id\":\"https:\/\/saintbody.com\/#\/schema\/logo\/image\/\",\"url\":\"https:\/\/saintbody.com\/wp-content\/uploads\/2023\/04\/SaintBody_Logo_Typografia-e1691418926919.png\",\"contentUrl\":\"https:\/\/saintbody.com\/wp-content\/uploads\/2023\/04\/SaintBody_Logo_Typografia-e1691418926919.png\",\"width\":1000,\"height\":202,\"caption\":\"Sklep Saint Body\"},\"image\":{\"@id\":\"https:\/\/saintbody.com\/#\/schema\/logo\/image\/\"},\"sameAs\":[\"https:\/\/facebook.com\/saintbody\/\"]}]}<\/script>\n<!-- \/ Yoast SEO plugin. -->","yoast_head_json":{"title":"Jedwabna czerwona gumka do w\u0142os\u00f3w Jedwabna gumka do w\u0142os\u00f3w czerwona - Sklep SAINTBODY","description":"Jedwabna, czerwona gumka do w\u0142os\u00f3w z delikatnymi marszczeniami. Doskonale utrzymuje si\u0119 na w\u0142osach. Gumka wzbogaci ka\u017cd\u0105 stylizacj\u0119.","robots":{"index":"index","follow":"follow","max-snippet":"max-snippet:-1","max-image-preview":"max-image-preview:large","max-video-preview":"max-video-preview:-1"},"canonical":"https:\/\/saintbody.com\/en_gb\/jedwabna-gumka-do-wlosow-czerwona\/","og_locale":"en_GB","og_type":"article","og_title":"Jedwabna czerwona gumka do w\u0142os\u00f3w Jedwabna gumka do w\u0142os\u00f3w czerwona - Sklep SAINTBODY","og_description":"Jedwabna, czerwona gumka do w\u0142os\u00f3w z delikatnymi marszczeniami. Doskonale utrzymuje si\u0119 na w\u0142osach. Gumka wzbogaci ka\u017cd\u0105 stylizacj\u0119.","og_url":"https:\/\/saintbody.com\/en_gb\/jedwabna-gumka-do-wlosow-czerwona\/","og_site_name":"Sklep SAINTBODY","article_publisher":"https:\/\/facebook.com\/saintbody\/","article_modified_time":"2025-07-17T20:42:42+00:00","og_image":[{"width":1920,"height":2560,"url":"https:\/\/saintbody.com\/wp-content\/uploads\/2023\/03\/IMG_6719-scaled.jpg","type":"image\/jpeg"}],"twitter_card":"summary_large_image","twitter_misc":{"Estimated reading time":"1 minute"},"schema":{"@context":"https:\/\/schema.org","@graph":[{"@type":"WebPage","@id":"https:\/\/saintbody.com\/jedwabna-gumka-do-wlosow-czerwona\/","url":"https:\/\/saintbody.com\/jedwabna-gumka-do-wlosow-czerwona\/","name":"Jedwabna czerwona gumka do w\u0142os\u00f3w Jedwabna gumka do w\u0142os\u00f3w czerwona - Sklep SAINTBODY","isPartOf":{"@id":"https:\/\/saintbody.com\/#website"},"primaryImageOfPage":{"@id":"https:\/\/saintbody.com\/jedwabna-gumka-do-wlosow-czerwona\/#primaryimage"},"image":{"@id":"https:\/\/saintbody.com\/jedwabna-gumka-do-wlosow-czerwona\/#primaryimage"},"thumbnailUrl":"https:\/\/saintbody.com\/wp-content\/uploads\/2023\/03\/IMG_6719-scaled.jpg","datePublished":"2023-03-09T16:36:35+00:00","dateModified":"2025-07-17T20:42:42+00:00","description":"Jedwabna, czerwona gumka do w\u0142os\u00f3w z delikatnymi marszczeniami. Doskonale utrzymuje si\u0119 na w\u0142osach. Gumka wzbogaci ka\u017cd\u0105 stylizacj\u0119.","breadcrumb":{"@id":"https:\/\/saintbody.com\/jedwabna-gumka-do-wlosow-czerwona\/#breadcrumb"},"inLanguage":"en-GB","potentialAction":[{"@type":"ReadAction","target":["https:\/\/saintbody.com\/jedwabna-gumka-do-wlosow-czerwona\/"]}]},{"@type":"ImageObject","inLanguage":"en-GB","@id":"https:\/\/saintbody.com\/jedwabna-gumka-do-wlosow-czerwona\/#primaryimage","url":"https:\/\/saintbody.com\/wp-content\/uploads\/2023\/03\/IMG_6719-scaled.jpg","contentUrl":"https:\/\/saintbody.com\/wp-content\/uploads\/2023\/03\/IMG_6719-scaled.jpg","width":1920,"height":2560},{"@type":"BreadcrumbList","@id":"https:\/\/saintbody.com\/jedwabna-gumka-do-wlosow-czerwona\/#breadcrumb","itemListElement":[{"@type":"ListItem","position":1,"name":"Strona g\u0142\u00f3wna","item":"https:\/\/saintbody.com\/"},{"@type":"ListItem","position":2,"name":"Sklep","item":"https:\/\/saintbody.com\/sklep\/"},{"@type":"ListItem","position":3,"name":"Jedwabna gumka do w\u0142os\u00f3w czerwona"}]},{"@type":"WebSite","@id":"https:\/\/saintbody.com\/#website","url":"https:\/\/saintbody.com\/","name":"Sklep SAINTBODY","description":"Premium basic na ka\u00c5\u00bcd\u00c4\u2026 okazje. Ponadczasowe Body, Odzie\u00c5\u00bc damska, Sukienki Damskie","publisher":{"@id":"https:\/\/saintbody.com\/#organization"},"potentialAction":[{"@type":"SearchAction","target":{"@type":"EntryPoint","urlTemplate":"https:\/\/saintbody.com\/?s={search_term_string}"},"query-input":{"@type":"PropertyValueSpecification","valueRequired":true,"valueName":"search_term_string"}}],"inLanguage":"en-GB"},{"@type":"Organization","@id":"https:\/\/saintbody.com\/#organization","name":"Sklep Saint Body","url":"https:\/\/saintbody.com\/","logo":{"@type":"ImageObject","inLanguage":"en-GB","@id":"https:\/\/saintbody.com\/#\/schema\/logo\/image\/","url":"https:\/\/saintbody.com\/wp-content\/uploads\/2023\/04\/SaintBody_Logo_Typografia-e1691418926919.png","contentUrl":"https:\/\/saintbody.com\/wp-content\/uploads\/2023\/04\/SaintBody_Logo_Typografia-e1691418926919.png","width":1000,"height":202,"caption":"Sklep Saint Body"},"image":{"@id":"https:\/\/saintbody.com\/#\/schema\/logo\/image\/"},"sameAs":["https:\/\/facebook.com\/saintbody\/"]}]}},"_links":{"self":[{"href":"https:\/\/saintbody.com\/en_gb\/wp-json\/wp\/v2\/product\/99","targetHints":{"allow":["GET"]}}],"collection":[{"href":"https:\/\/saintbody.com\/en_gb\/wp-json\/wp\/v2\/product"}],"about":[{"href":"https:\/\/saintbody.com\/en_gb\/wp-json\/wp\/v2\/types\/product"}],"wp:featuredmedia":[{"embeddable":true,"href":"https:\/\/saintbody.com\/en_gb\/wp-json\/wp\/v2\/media\/53135"}],"wp:attachment":[{"href":"https:\/\/saintbody.com\/en_gb\/wp-json\/wp\/v2\/media?parent=99"}],"wp:term":[{"taxonomy":"product_brand","embeddable":true,"href":"https:\/\/saintbody.com\/en_gb\/wp-json\/wp\/v2\/product_brand?post=99"},{"taxonomy":"product_cat","embeddable":true,"href":"https:\/\/saintbody.com\/en_gb\/wp-json\/wp\/v2\/product_cat?post=99"},{"taxonomy":"product_tag","embeddable":true,"href":"https:\/\/saintbody.com\/en_gb\/wp-json\/wp\/v2\/product_tag?post=99"}],"curies":[{"name":"wp","href":"https:\/\/api.w.org\/{rel}","templated":true}]}}