{"id":71,"date":"2023-03-09T17:36:32","date_gmt":"2023-03-09T16:36:32","guid":{"rendered":"http:\/\/saintbody.com\/?post_type=product&#038;p=71"},"modified":"2026-04-03T15:25:58","modified_gmt":"2026-04-03T13:25:58","slug":"body-na-jeden-rekaw-czarne","status":"publish","type":"product","link":"https:\/\/saintbody.com\/en_gb\/body-na-jeden-rekaw-czarne\/","title":{"rendered":"One-sleeve bodysuit black"},"content":{"rendered":"<p>Black bodysuit with an asymmetrical cut-out on one long sleeve. An original cut that will be the basis of any styling. Double layer of knitwear, seamless finish, elastic threads ensure high wearing comfort. Fastened with delicate springs. Nickel-free.<\/p>\n<p>The model is 178 cm tall and wears a size S.<br \/>\nProduct sewn in Poland from fabric produced in a Polish knitting mill.<\/p>\n<p>Also check out our bestselling\u00a0<a href=\"https:\/\/saintbody.com\/en_gb\/kategoria\/sukienki\/\">dresses<\/a> !<br \/>\nVisit us at <a href=\"https:\/\/www.instagram.com\/saintbodyofficial\/\">instagram<\/a>.<\/p>","protected":false},"excerpt":{"rendered":"<p>Black bodysuit with an asymmetrical cut-out on one long sleeve. An original cut that will be the basis of any styling. Double layer of knitwear, seamless finish, elastic threads ensure high wearing comfort. Fastened with delicate springs. Nickel-free. The model is 178 cm tall, wears size S. The product is sewn in Poland from the fabric produced in a Polish knitting mill. Check also our [...]<\/p>","protected":false},"featured_media":58097,"template":"","meta":[],"product_brand":[],"product_cat":[20,21,183],"product_tag":[23],"class_list":{"0":"post-71","1":"product","2":"type-product","3":"status-publish","4":"has-post-thumbnail","6":"product_cat-wszystko","7":"product_cat-body-damskie","8":"product_cat-sale","9":"product_tag-body","11":"first","12":"instock","13":"sale","14":"taxable","15":"shipping-taxable","16":"purchasable","17":"product-type-variable","18":"has-default-attributes"},"yoast_head":"<!-- This site is optimized with the Yoast SEO plugin v27.0 - https:\/\/yoast.com\/product\/yoast-seo-wordpress\/ -->\n<title>Body na jeden r\u0119kaw - Sklep SAINTBODY<\/title>\n<meta name=\"description\" content=\"Damskie body z asymetrycznym wyci\u0119ciem na jeden d\u0142ugi r\u0119kaw. Oryginalny kr\u00f3j body, kt\u00f3ry b\u0119dzie podstaw\u0105 ka\u017cdej stylizacji.\" \/>\n<meta name=\"robots\" content=\"index, follow, max-snippet:-1, max-image-preview:large, max-video-preview:-1\" \/>\n<link rel=\"canonical\" href=\"https:\/\/saintbody.com\/en_gb\/body-na-jeden-rekaw-czarne\/\" \/>\n<meta property=\"og:locale\" content=\"en_GB\" \/>\n<meta property=\"og:type\" content=\"article\" \/>\n<meta property=\"og:title\" content=\"Body na jeden r\u0119kaw - Sklep SAINTBODY\" \/>\n<meta property=\"og:description\" content=\"Damskie body z asymetrycznym wyci\u0119ciem na jeden d\u0142ugi r\u0119kaw. Oryginalny kr\u00f3j body, kt\u00f3ry b\u0119dzie podstaw\u0105 ka\u017cdej stylizacji.\" \/>\n<meta property=\"og:url\" content=\"https:\/\/saintbody.com\/en_gb\/body-na-jeden-rekaw-czarne\/\" \/>\n<meta property=\"og:site_name\" content=\"Sklep SAINTBODY\" \/>\n<meta property=\"article:publisher\" content=\"https:\/\/facebook.com\/saintbody\/\" \/>\n<meta property=\"article:modified_time\" content=\"2026-04-03T13:25:58+00:00\" \/>\n<meta property=\"og:image\" content=\"https:\/\/saintbody.com\/wp-content\/uploads\/2023\/03\/IMG_6505-scaled-e1760112467997.jpg\" \/>\n\t<meta property=\"og:image:width\" content=\"1829\" \/>\n\t<meta property=\"og:image:height\" content=\"2480\" \/>\n\t<meta property=\"og:image:type\" content=\"image\/jpeg\" \/>\n<meta name=\"twitter:card\" content=\"summary_large_image\" \/>\n<meta name=\"twitter:label1\" content=\"Estimated reading time\" \/>\n\t<meta name=\"twitter:data1\" content=\"1 minute\" \/>\n<script type=\"application\/ld+json\" class=\"yoast-schema-graph\">{\"@context\":\"https:\/\/schema.org\",\"@graph\":[{\"@type\":\"WebPage\",\"@id\":\"https:\/\/saintbody.com\/body-na-jeden-rekaw-czarne\/\",\"url\":\"https:\/\/saintbody.com\/body-na-jeden-rekaw-czarne\/\",\"name\":\"Body na jeden r\u0119kaw - Sklep SAINTBODY\",\"isPartOf\":{\"@id\":\"https:\/\/saintbody.com\/#website\"},\"primaryImageOfPage\":{\"@id\":\"https:\/\/saintbody.com\/body-na-jeden-rekaw-czarne\/#primaryimage\"},\"image\":{\"@id\":\"https:\/\/saintbody.com\/body-na-jeden-rekaw-czarne\/#primaryimage\"},\"thumbnailUrl\":\"https:\/\/saintbody.com\/wp-content\/uploads\/2023\/03\/IMG_6505-scaled-e1760112467997.jpg\",\"datePublished\":\"2023-03-09T16:36:32+00:00\",\"dateModified\":\"2026-04-03T13:25:58+00:00\",\"description\":\"Damskie body z asymetrycznym wyci\u0119ciem na jeden d\u0142ugi r\u0119kaw. Oryginalny kr\u00f3j body, kt\u00f3ry b\u0119dzie podstaw\u0105 ka\u017cdej stylizacji.\",\"breadcrumb\":{\"@id\":\"https:\/\/saintbody.com\/body-na-jeden-rekaw-czarne\/#breadcrumb\"},\"inLanguage\":\"en-GB\",\"potentialAction\":[{\"@type\":\"ReadAction\",\"target\":[\"https:\/\/saintbody.com\/body-na-jeden-rekaw-czarne\/\"]}]},{\"@type\":\"ImageObject\",\"inLanguage\":\"en-GB\",\"@id\":\"https:\/\/saintbody.com\/body-na-jeden-rekaw-czarne\/#primaryimage\",\"url\":\"https:\/\/saintbody.com\/wp-content\/uploads\/2023\/03\/IMG_6505-scaled-e1760112467997.jpg\",\"contentUrl\":\"https:\/\/saintbody.com\/wp-content\/uploads\/2023\/03\/IMG_6505-scaled-e1760112467997.jpg\",\"width\":1829,\"height\":2480},{\"@type\":\"BreadcrumbList\",\"@id\":\"https:\/\/saintbody.com\/body-na-jeden-rekaw-czarne\/#breadcrumb\",\"itemListElement\":[{\"@type\":\"ListItem\",\"position\":1,\"name\":\"Strona g\u0142\u00f3wna\",\"item\":\"https:\/\/saintbody.com\/\"},{\"@type\":\"ListItem\",\"position\":2,\"name\":\"Sklep\",\"item\":\"https:\/\/saintbody.com\/sklep\/\"},{\"@type\":\"ListItem\",\"position\":3,\"name\":\"Body na jeden r\u0119kaw czarne\"}]},{\"@type\":\"WebSite\",\"@id\":\"https:\/\/saintbody.com\/#website\",\"url\":\"https:\/\/saintbody.com\/\",\"name\":\"Sklep SAINTBODY\",\"description\":\"Premium basic na ka\u00c5\u00bcd\u00c4\u2026 okazje. Ponadczasowe Body, Odzie\u00c5\u00bc damska, Sukienki Damskie\",\"publisher\":{\"@id\":\"https:\/\/saintbody.com\/#organization\"},\"potentialAction\":[{\"@type\":\"SearchAction\",\"target\":{\"@type\":\"EntryPoint\",\"urlTemplate\":\"https:\/\/saintbody.com\/?s={search_term_string}\"},\"query-input\":{\"@type\":\"PropertyValueSpecification\",\"valueRequired\":true,\"valueName\":\"search_term_string\"}}],\"inLanguage\":\"en-GB\"},{\"@type\":\"Organization\",\"@id\":\"https:\/\/saintbody.com\/#organization\",\"name\":\"Sklep Saint Body\",\"url\":\"https:\/\/saintbody.com\/\",\"logo\":{\"@type\":\"ImageObject\",\"inLanguage\":\"en-GB\",\"@id\":\"https:\/\/saintbody.com\/#\/schema\/logo\/image\/\",\"url\":\"https:\/\/saintbody.com\/wp-content\/uploads\/2023\/04\/SaintBody_Logo_Typografia-e1691418926919.png\",\"contentUrl\":\"https:\/\/saintbody.com\/wp-content\/uploads\/2023\/04\/SaintBody_Logo_Typografia-e1691418926919.png\",\"width\":1000,\"height\":202,\"caption\":\"Sklep Saint Body\"},\"image\":{\"@id\":\"https:\/\/saintbody.com\/#\/schema\/logo\/image\/\"},\"sameAs\":[\"https:\/\/facebook.com\/saintbody\/\"]}]}<\/script>\n<!-- \/ Yoast SEO plugin. -->","yoast_head_json":{"title":"Body na jeden r\u0119kaw - Sklep SAINTBODY","description":"Damskie body z asymetrycznym wyci\u0119ciem na jeden d\u0142ugi r\u0119kaw. Oryginalny kr\u00f3j body, kt\u00f3ry b\u0119dzie podstaw\u0105 ka\u017cdej stylizacji.","robots":{"index":"index","follow":"follow","max-snippet":"max-snippet:-1","max-image-preview":"max-image-preview:large","max-video-preview":"max-video-preview:-1"},"canonical":"https:\/\/saintbody.com\/en_gb\/body-na-jeden-rekaw-czarne\/","og_locale":"en_GB","og_type":"article","og_title":"Body na jeden r\u0119kaw - Sklep SAINTBODY","og_description":"Damskie body z asymetrycznym wyci\u0119ciem na jeden d\u0142ugi r\u0119kaw. Oryginalny kr\u00f3j body, kt\u00f3ry b\u0119dzie podstaw\u0105 ka\u017cdej stylizacji.","og_url":"https:\/\/saintbody.com\/en_gb\/body-na-jeden-rekaw-czarne\/","og_site_name":"Sklep SAINTBODY","article_publisher":"https:\/\/facebook.com\/saintbody\/","article_modified_time":"2026-04-03T13:25:58+00:00","og_image":[{"width":1829,"height":2480,"url":"https:\/\/saintbody.com\/wp-content\/uploads\/2023\/03\/IMG_6505-scaled-e1760112467997.jpg","type":"image\/jpeg"}],"twitter_card":"summary_large_image","twitter_misc":{"Estimated reading time":"1 minute"},"schema":{"@context":"https:\/\/schema.org","@graph":[{"@type":"WebPage","@id":"https:\/\/saintbody.com\/body-na-jeden-rekaw-czarne\/","url":"https:\/\/saintbody.com\/body-na-jeden-rekaw-czarne\/","name":"Body na jeden r\u0119kaw - Sklep SAINTBODY","isPartOf":{"@id":"https:\/\/saintbody.com\/#website"},"primaryImageOfPage":{"@id":"https:\/\/saintbody.com\/body-na-jeden-rekaw-czarne\/#primaryimage"},"image":{"@id":"https:\/\/saintbody.com\/body-na-jeden-rekaw-czarne\/#primaryimage"},"thumbnailUrl":"https:\/\/saintbody.com\/wp-content\/uploads\/2023\/03\/IMG_6505-scaled-e1760112467997.jpg","datePublished":"2023-03-09T16:36:32+00:00","dateModified":"2026-04-03T13:25:58+00:00","description":"Damskie body z asymetrycznym wyci\u0119ciem na jeden d\u0142ugi r\u0119kaw. Oryginalny kr\u00f3j body, kt\u00f3ry b\u0119dzie podstaw\u0105 ka\u017cdej stylizacji.","breadcrumb":{"@id":"https:\/\/saintbody.com\/body-na-jeden-rekaw-czarne\/#breadcrumb"},"inLanguage":"en-GB","potentialAction":[{"@type":"ReadAction","target":["https:\/\/saintbody.com\/body-na-jeden-rekaw-czarne\/"]}]},{"@type":"ImageObject","inLanguage":"en-GB","@id":"https:\/\/saintbody.com\/body-na-jeden-rekaw-czarne\/#primaryimage","url":"https:\/\/saintbody.com\/wp-content\/uploads\/2023\/03\/IMG_6505-scaled-e1760112467997.jpg","contentUrl":"https:\/\/saintbody.com\/wp-content\/uploads\/2023\/03\/IMG_6505-scaled-e1760112467997.jpg","width":1829,"height":2480},{"@type":"BreadcrumbList","@id":"https:\/\/saintbody.com\/body-na-jeden-rekaw-czarne\/#breadcrumb","itemListElement":[{"@type":"ListItem","position":1,"name":"Strona g\u0142\u00f3wna","item":"https:\/\/saintbody.com\/"},{"@type":"ListItem","position":2,"name":"Sklep","item":"https:\/\/saintbody.com\/sklep\/"},{"@type":"ListItem","position":3,"name":"Body na jeden r\u0119kaw czarne"}]},{"@type":"WebSite","@id":"https:\/\/saintbody.com\/#website","url":"https:\/\/saintbody.com\/","name":"Sklep SAINTBODY","description":"Premium basic na ka\u00c5\u00bcd\u00c4\u2026 okazje. Ponadczasowe Body, Odzie\u00c5\u00bc damska, Sukienki Damskie","publisher":{"@id":"https:\/\/saintbody.com\/#organization"},"potentialAction":[{"@type":"SearchAction","target":{"@type":"EntryPoint","urlTemplate":"https:\/\/saintbody.com\/?s={search_term_string}"},"query-input":{"@type":"PropertyValueSpecification","valueRequired":true,"valueName":"search_term_string"}}],"inLanguage":"en-GB"},{"@type":"Organization","@id":"https:\/\/saintbody.com\/#organization","name":"Sklep Saint Body","url":"https:\/\/saintbody.com\/","logo":{"@type":"ImageObject","inLanguage":"en-GB","@id":"https:\/\/saintbody.com\/#\/schema\/logo\/image\/","url":"https:\/\/saintbody.com\/wp-content\/uploads\/2023\/04\/SaintBody_Logo_Typografia-e1691418926919.png","contentUrl":"https:\/\/saintbody.com\/wp-content\/uploads\/2023\/04\/SaintBody_Logo_Typografia-e1691418926919.png","width":1000,"height":202,"caption":"Sklep Saint Body"},"image":{"@id":"https:\/\/saintbody.com\/#\/schema\/logo\/image\/"},"sameAs":["https:\/\/facebook.com\/saintbody\/"]}]}},"_links":{"self":[{"href":"https:\/\/saintbody.com\/en_gb\/wp-json\/wp\/v2\/product\/71","targetHints":{"allow":["GET"]}}],"collection":[{"href":"https:\/\/saintbody.com\/en_gb\/wp-json\/wp\/v2\/product"}],"about":[{"href":"https:\/\/saintbody.com\/en_gb\/wp-json\/wp\/v2\/types\/product"}],"wp:featuredmedia":[{"embeddable":true,"href":"https:\/\/saintbody.com\/en_gb\/wp-json\/wp\/v2\/media\/58097"}],"wp:attachment":[{"href":"https:\/\/saintbody.com\/en_gb\/wp-json\/wp\/v2\/media?parent=71"}],"wp:term":[{"taxonomy":"product_brand","embeddable":true,"href":"https:\/\/saintbody.com\/en_gb\/wp-json\/wp\/v2\/product_brand?post=71"},{"taxonomy":"product_cat","embeddable":true,"href":"https:\/\/saintbody.com\/en_gb\/wp-json\/wp\/v2\/product_cat?post=71"},{"taxonomy":"product_tag","embeddable":true,"href":"https:\/\/saintbody.com\/en_gb\/wp-json\/wp\/v2\/product_tag?post=71"}],"curies":[{"name":"wp","href":"https:\/\/api.w.org\/{rel}","templated":true}]}}