{"id":67,"date":"2023-03-09T17:36:32","date_gmt":"2023-03-09T16:36:32","guid":{"rendered":"http:\/\/saintbody.com\/?post_type=product&#038;p=67"},"modified":"2025-09-06T17:15:45","modified_gmt":"2025-09-06T15:15:45","slug":"body-z-asymetrycznym-wycieciem-na-plecach-czarne","status":"publish","type":"product","link":"https:\/\/saintbody.com\/en_gb\/body-z-asymetrycznym-wycieciem-na-plecach-czarne\/","title":{"rendered":"Body with asymmetrical cut-out on the back black"},"content":{"rendered":"<p>A sensual bodysuit with an asymmetrical cut-out on the back. An original cut that will be the basis of any styling. Double layer of knitwear, seamless finish, elastic threads ensure high wearing comfort. Fastened with delicate springs. Nickel-free.<\/p>\n<p>The model is 176 cm tall and wears a size S.<br \/>\nProduct sewn in Poland from fabric produced in a Polish knitting mill.<\/p>\n<p>Also check out our bestselling\u00a0<a href=\"https:\/\/saintbody.com\/en_gb\/kategoria\/spodnie\/\">trousers<\/a> !<br \/>\nVisit us at <a href=\"https:\/\/www.instagram.com\/saintbodyofficial\/\">instagram<\/a>.<\/p>","protected":false},"excerpt":{"rendered":"<p>A sensual bodysuit with an asymmetrical cut-out on the back. An original cut that will be the basis of any styling. Double layer of knitwear, seamless finish, elastic threads ensure high wearing comfort. Fastened with delicate springs. Nickel-free. The model is 176 cm tall, wears size S. Product sewn in Poland from material produced in a Polish knitting mill. Check also our bestselling trousers ! [...]<\/p>","protected":false},"featured_media":0,"template":"","meta":[],"product_brand":[],"product_cat":[20],"product_tag":[23],"class_list":{"0":"post-67","1":"product","2":"type-product","3":"status-publish","5":"product_cat-wszystko","6":"product_tag-body","8":"first","9":"outofstock","10":"taxable","11":"shipping-taxable","12":"purchasable","13":"product-type-variable","14":"has-default-attributes"},"yoast_head":"<!-- This site is optimized with the Yoast SEO plugin v27.0 - https:\/\/yoast.com\/product\/yoast-seo-wordpress\/ -->\n<title>Body z asymetrycznym wyci\u0119ciem na plecach czarne - Sklep SAINTBODY<\/title>\n<meta name=\"description\" content=\"Seksowne, czarne body z asymetrycznym wyci\u0119ciem na plecach. To klasyczne body damskie b\u0119dzie podstaw\u0105 ka\u017cdej stylizacji.\" \/>\n<meta name=\"robots\" content=\"index, follow, max-snippet:-1, max-image-preview:large, max-video-preview:-1\" \/>\n<link rel=\"canonical\" href=\"https:\/\/saintbody.com\/en_gb\/body-z-asymetrycznym-wycieciem-na-plecach-czarne\/\" \/>\n<meta property=\"og:locale\" content=\"en_GB\" \/>\n<meta property=\"og:type\" content=\"article\" \/>\n<meta property=\"og:title\" content=\"Body z asymetrycznym wyci\u0119ciem na plecach czarne - Sklep SAINTBODY\" \/>\n<meta property=\"og:description\" content=\"Seksowne, czarne body z asymetrycznym wyci\u0119ciem na plecach. To klasyczne body damskie b\u0119dzie podstaw\u0105 ka\u017cdej stylizacji.\" \/>\n<meta property=\"og:url\" content=\"https:\/\/saintbody.com\/en_gb\/body-z-asymetrycznym-wycieciem-na-plecach-czarne\/\" \/>\n<meta property=\"og:site_name\" content=\"Sklep SAINTBODY\" \/>\n<meta property=\"article:publisher\" content=\"https:\/\/facebook.com\/saintbody\/\" \/>\n<meta property=\"article:modified_time\" content=\"2025-09-06T15:15:45+00:00\" \/>\n<meta name=\"twitter:card\" content=\"summary_large_image\" \/>\n<meta name=\"twitter:label1\" content=\"Estimated reading time\" \/>\n\t<meta name=\"twitter:data1\" content=\"1 minute\" \/>\n<script type=\"application\/ld+json\" class=\"yoast-schema-graph\">{\"@context\":\"https:\/\/schema.org\",\"@graph\":[{\"@type\":\"WebPage\",\"@id\":\"https:\/\/saintbody.com\/body-z-asymetrycznym-wycieciem-na-plecach-czarne\/\",\"url\":\"https:\/\/saintbody.com\/body-z-asymetrycznym-wycieciem-na-plecach-czarne\/\",\"name\":\"Body z asymetrycznym wyci\u0119ciem na plecach czarne - Sklep SAINTBODY\",\"isPartOf\":{\"@id\":\"https:\/\/saintbody.com\/#website\"},\"datePublished\":\"2023-03-09T16:36:32+00:00\",\"dateModified\":\"2025-09-06T15:15:45+00:00\",\"description\":\"Seksowne, czarne body z asymetrycznym wyci\u0119ciem na plecach. To klasyczne body damskie b\u0119dzie podstaw\u0105 ka\u017cdej stylizacji.\",\"breadcrumb\":{\"@id\":\"https:\/\/saintbody.com\/body-z-asymetrycznym-wycieciem-na-plecach-czarne\/#breadcrumb\"},\"inLanguage\":\"en-GB\",\"potentialAction\":[{\"@type\":\"ReadAction\",\"target\":[\"https:\/\/saintbody.com\/body-z-asymetrycznym-wycieciem-na-plecach-czarne\/\"]}]},{\"@type\":\"BreadcrumbList\",\"@id\":\"https:\/\/saintbody.com\/body-z-asymetrycznym-wycieciem-na-plecach-czarne\/#breadcrumb\",\"itemListElement\":[{\"@type\":\"ListItem\",\"position\":1,\"name\":\"Strona g\u0142\u00f3wna\",\"item\":\"https:\/\/saintbody.com\/\"},{\"@type\":\"ListItem\",\"position\":2,\"name\":\"Sklep\",\"item\":\"https:\/\/saintbody.com\/sklep\/\"},{\"@type\":\"ListItem\",\"position\":3,\"name\":\"Body z asymetrycznym wyci\u0119ciem na plecach czarne\"}]},{\"@type\":\"WebSite\",\"@id\":\"https:\/\/saintbody.com\/#website\",\"url\":\"https:\/\/saintbody.com\/\",\"name\":\"Sklep SAINTBODY\",\"description\":\"Premium basic na ka\u00c5\u00bcd\u00c4\u2026 okazje. Ponadczasowe Body, Odzie\u00c5\u00bc damska, Sukienki Damskie\",\"publisher\":{\"@id\":\"https:\/\/saintbody.com\/#organization\"},\"potentialAction\":[{\"@type\":\"SearchAction\",\"target\":{\"@type\":\"EntryPoint\",\"urlTemplate\":\"https:\/\/saintbody.com\/?s={search_term_string}\"},\"query-input\":{\"@type\":\"PropertyValueSpecification\",\"valueRequired\":true,\"valueName\":\"search_term_string\"}}],\"inLanguage\":\"en-GB\"},{\"@type\":\"Organization\",\"@id\":\"https:\/\/saintbody.com\/#organization\",\"name\":\"Sklep Saint Body\",\"url\":\"https:\/\/saintbody.com\/\",\"logo\":{\"@type\":\"ImageObject\",\"inLanguage\":\"en-GB\",\"@id\":\"https:\/\/saintbody.com\/#\/schema\/logo\/image\/\",\"url\":\"https:\/\/saintbody.com\/wp-content\/uploads\/2023\/04\/SaintBody_Logo_Typografia-e1691418926919.png\",\"contentUrl\":\"https:\/\/saintbody.com\/wp-content\/uploads\/2023\/04\/SaintBody_Logo_Typografia-e1691418926919.png\",\"width\":1000,\"height\":202,\"caption\":\"Sklep Saint Body\"},\"image\":{\"@id\":\"https:\/\/saintbody.com\/#\/schema\/logo\/image\/\"},\"sameAs\":[\"https:\/\/facebook.com\/saintbody\/\"]}]}<\/script>\n<!-- \/ Yoast SEO plugin. -->","yoast_head_json":{"title":"Body z asymetrycznym wyci\u0119ciem na plecach czarne - Sklep SAINTBODY","description":"Seksowne, czarne body z asymetrycznym wyci\u0119ciem na plecach. To klasyczne body damskie b\u0119dzie podstaw\u0105 ka\u017cdej stylizacji.","robots":{"index":"index","follow":"follow","max-snippet":"max-snippet:-1","max-image-preview":"max-image-preview:large","max-video-preview":"max-video-preview:-1"},"canonical":"https:\/\/saintbody.com\/en_gb\/body-z-asymetrycznym-wycieciem-na-plecach-czarne\/","og_locale":"en_GB","og_type":"article","og_title":"Body z asymetrycznym wyci\u0119ciem na plecach czarne - Sklep SAINTBODY","og_description":"Seksowne, czarne body z asymetrycznym wyci\u0119ciem na plecach. To klasyczne body damskie b\u0119dzie podstaw\u0105 ka\u017cdej stylizacji.","og_url":"https:\/\/saintbody.com\/en_gb\/body-z-asymetrycznym-wycieciem-na-plecach-czarne\/","og_site_name":"Sklep SAINTBODY","article_publisher":"https:\/\/facebook.com\/saintbody\/","article_modified_time":"2025-09-06T15:15:45+00:00","twitter_card":"summary_large_image","twitter_misc":{"Estimated reading time":"1 minute"},"schema":{"@context":"https:\/\/schema.org","@graph":[{"@type":"WebPage","@id":"https:\/\/saintbody.com\/body-z-asymetrycznym-wycieciem-na-plecach-czarne\/","url":"https:\/\/saintbody.com\/body-z-asymetrycznym-wycieciem-na-plecach-czarne\/","name":"Body z asymetrycznym wyci\u0119ciem na plecach czarne - Sklep SAINTBODY","isPartOf":{"@id":"https:\/\/saintbody.com\/#website"},"datePublished":"2023-03-09T16:36:32+00:00","dateModified":"2025-09-06T15:15:45+00:00","description":"Seksowne, czarne body z asymetrycznym wyci\u0119ciem na plecach. To klasyczne body damskie b\u0119dzie podstaw\u0105 ka\u017cdej stylizacji.","breadcrumb":{"@id":"https:\/\/saintbody.com\/body-z-asymetrycznym-wycieciem-na-plecach-czarne\/#breadcrumb"},"inLanguage":"en-GB","potentialAction":[{"@type":"ReadAction","target":["https:\/\/saintbody.com\/body-z-asymetrycznym-wycieciem-na-plecach-czarne\/"]}]},{"@type":"BreadcrumbList","@id":"https:\/\/saintbody.com\/body-z-asymetrycznym-wycieciem-na-plecach-czarne\/#breadcrumb","itemListElement":[{"@type":"ListItem","position":1,"name":"Strona g\u0142\u00f3wna","item":"https:\/\/saintbody.com\/"},{"@type":"ListItem","position":2,"name":"Sklep","item":"https:\/\/saintbody.com\/sklep\/"},{"@type":"ListItem","position":3,"name":"Body z asymetrycznym wyci\u0119ciem na plecach czarne"}]},{"@type":"WebSite","@id":"https:\/\/saintbody.com\/#website","url":"https:\/\/saintbody.com\/","name":"Sklep SAINTBODY","description":"Premium basic na ka\u00c5\u00bcd\u00c4\u2026 okazje. Ponadczasowe Body, Odzie\u00c5\u00bc damska, Sukienki Damskie","publisher":{"@id":"https:\/\/saintbody.com\/#organization"},"potentialAction":[{"@type":"SearchAction","target":{"@type":"EntryPoint","urlTemplate":"https:\/\/saintbody.com\/?s={search_term_string}"},"query-input":{"@type":"PropertyValueSpecification","valueRequired":true,"valueName":"search_term_string"}}],"inLanguage":"en-GB"},{"@type":"Organization","@id":"https:\/\/saintbody.com\/#organization","name":"Sklep Saint Body","url":"https:\/\/saintbody.com\/","logo":{"@type":"ImageObject","inLanguage":"en-GB","@id":"https:\/\/saintbody.com\/#\/schema\/logo\/image\/","url":"https:\/\/saintbody.com\/wp-content\/uploads\/2023\/04\/SaintBody_Logo_Typografia-e1691418926919.png","contentUrl":"https:\/\/saintbody.com\/wp-content\/uploads\/2023\/04\/SaintBody_Logo_Typografia-e1691418926919.png","width":1000,"height":202,"caption":"Sklep Saint Body"},"image":{"@id":"https:\/\/saintbody.com\/#\/schema\/logo\/image\/"},"sameAs":["https:\/\/facebook.com\/saintbody\/"]}]}},"_links":{"self":[{"href":"https:\/\/saintbody.com\/en_gb\/wp-json\/wp\/v2\/product\/67","targetHints":{"allow":["GET"]}}],"collection":[{"href":"https:\/\/saintbody.com\/en_gb\/wp-json\/wp\/v2\/product"}],"about":[{"href":"https:\/\/saintbody.com\/en_gb\/wp-json\/wp\/v2\/types\/product"}],"wp:attachment":[{"href":"https:\/\/saintbody.com\/en_gb\/wp-json\/wp\/v2\/media?parent=67"}],"wp:term":[{"taxonomy":"product_brand","embeddable":true,"href":"https:\/\/saintbody.com\/en_gb\/wp-json\/wp\/v2\/product_brand?post=67"},{"taxonomy":"product_cat","embeddable":true,"href":"https:\/\/saintbody.com\/en_gb\/wp-json\/wp\/v2\/product_cat?post=67"},{"taxonomy":"product_tag","embeddable":true,"href":"https:\/\/saintbody.com\/en_gb\/wp-json\/wp\/v2\/product_tag?post=67"}],"curies":[{"name":"wp","href":"https:\/\/api.w.org\/{rel}","templated":true}]}}