{"id":59835,"date":"2026-03-09T10:22:15","date_gmt":"2026-03-09T09:22:15","guid":{"rendered":"https:\/\/saintbody.com\/?post_type=product&#038;p=59835"},"modified":"2026-04-03T17:25:45","modified_gmt":"2026-04-03T15:25:45","slug":"panties-dream-white","status":"publish","type":"product","link":"https:\/\/saintbody.com\/en_gb\/panties-dream-white\/","title":{"rendered":"Panties dream white"},"content":{"rendered":"<p data-start=\"888\" data-end=\"1093\">Spodenki dream white to po\u0142\u0105czenie komfortu, kobiecego kroju i subtelnej elegancji. Lu\u017any fason zapewnia swobod\u0119 ruch\u00f3w, a delikatnie falowane wyko\u0144czenie dodaje im lekko\u015bci i romantycznego charakteru.<\/p>\n<p data-start=\"1095\" data-end=\"1297\">Stworzone jako cz\u0119\u015b\u0107 kompletu pi\u017camy od kobiet dla kobiet, zosta\u0142y zaprojektowane tak, aby podkre\u015bla\u0107 naturalne kszta\u0142ty sylwetki i jednocze\u015bnie zapewnia\u0107 maksymaln\u0105 wygod\u0119 podczas snu i odpoczynku.<\/p>\n<p data-start=\"1299\" data-end=\"1480\">Materia\u0142 pi\u0119knie uk\u0142ada si\u0119 na ciele, jest lekki, oddychaj\u0105cy i niezwykle przyjemny w dotyku. Delikatny po\u0142ysk tkaniny sprawia, \u017ce nawet domowy str\u00f3j nabiera wyj\u0105tkowego charakteru.<\/p>\n<p data-start=\"1482\" data-end=\"1647\">Spodenki zosta\u0142y uszyte w 100% z certyfikowanej wiskozy ECOVERO\u2122 z certyfikatem OEKO-TEX\u00ae, dzi\u0119ki czemu s\u0105 przyjazne zar\u00f3wno dla sk\u00f3ry, jak i dla \u015brodowiska.<\/p>\n<p data-start=\"1649\" data-end=\"1683\">Po\u0142\u0105cz spodenki z topem dream white, aby stworzy\u0107 pe\u0142en, lekki komplet pi\u017camy &#8211; zestaw dost\u0119pny jest r\u00f3wnie\u017c w eleganckim odcieniu vanilla.<\/p>\n<p>Also check out our bestselling\u00a0<a href=\"https:\/\/saintbody.com\/en_gb\/kategoria\/body\/\">body<\/a> !<br \/>\nVisit us at <a href=\"https:\/\/www.instagram.com\/saintbodyofficial\/\">instagram<\/a>.<\/p>","protected":false},"excerpt":{"rendered":"<p>&nbsp;<\/p>\n<p>Also check out our bestselling\u00a0<a href=\"https:\/\/saintbody.com\/en_gb\/kategoria\/body\/\">body<\/a> !<br \/>\nVisit us at <a href=\"https:\/\/www.instagram.com\/saintbodyofficial\/\">instagram<\/a>.<\/p>","protected":false},"featured_media":59854,"template":"","meta":[],"product_brand":[],"product_cat":[20,186,187],"product_tag":[23],"class_list":{"0":"post-59835","1":"product","2":"type-product","3":"status-publish","4":"has-post-thumbnail","6":"product_cat-wszystko","7":"product_cat-newin","8":"product_cat-akcesoria-saint-body","9":"product_tag-body","11":"first","12":"instock","13":"taxable","14":"shipping-taxable","15":"purchasable","16":"product-type-variable"},"yoast_head":"<!-- This site is optimized with the Yoast SEO plugin v27.0 - https:\/\/yoast.com\/product\/yoast-seo-wordpress\/ -->\n<title>Panties dream white - Sklep SAINTBODY<\/title>\n<meta name=\"description\" content=\"Niezwykle wygodne body z szerokim dekoltem w kszta\u0142cie litery U i kr\u00f3tkim r\u0119kawkiem. Idealne w codziennej stylizacji do jeans\u00f3w...\" \/>\n<meta name=\"robots\" content=\"index, follow, max-snippet:-1, max-image-preview:large, max-video-preview:-1\" \/>\n<link rel=\"canonical\" href=\"https:\/\/saintbody.com\/en_gb\/panties-dream-white\/\" \/>\n<meta property=\"og:locale\" content=\"en_GB\" \/>\n<meta property=\"og:type\" content=\"article\" \/>\n<meta property=\"og:title\" content=\"Panties dream white - Sklep SAINTBODY\" \/>\n<meta property=\"og:description\" content=\"Niezwykle wygodne body z szerokim dekoltem w kszta\u0142cie litery U i kr\u00f3tkim r\u0119kawkiem. Idealne w codziennej stylizacji do jeans\u00f3w...\" \/>\n<meta property=\"og:url\" content=\"https:\/\/saintbody.com\/en_gb\/panties-dream-white\/\" \/>\n<meta property=\"og:site_name\" content=\"Sklep SAINTBODY\" \/>\n<meta property=\"article:publisher\" content=\"https:\/\/facebook.com\/saintbody\/\" \/>\n<meta property=\"article:modified_time\" content=\"2026-04-03T15:25:45+00:00\" \/>\n<meta property=\"og:image\" content=\"https:\/\/saintbody.com\/wp-content\/uploads\/2026\/01\/3F1A1030-scaled.jpg\" \/>\n\t<meta property=\"og:image:width\" content=\"1708\" \/>\n\t<meta property=\"og:image:height\" content=\"2560\" \/>\n\t<meta property=\"og:image:type\" content=\"image\/jpeg\" \/>\n<meta name=\"twitter:card\" content=\"summary_large_image\" \/>\n<meta name=\"twitter:label1\" content=\"Estimated reading time\" \/>\n\t<meta name=\"twitter:data1\" content=\"1 minute\" \/>\n<script type=\"application\/ld+json\" class=\"yoast-schema-graph\">{\"@context\":\"https:\/\/schema.org\",\"@graph\":[{\"@type\":\"WebPage\",\"@id\":\"https:\/\/saintbody.com\/panties-dream-white\/\",\"url\":\"https:\/\/saintbody.com\/panties-dream-white\/\",\"name\":\"Panties dream white - Sklep SAINTBODY\",\"isPartOf\":{\"@id\":\"https:\/\/saintbody.com\/#website\"},\"primaryImageOfPage\":{\"@id\":\"https:\/\/saintbody.com\/panties-dream-white\/#primaryimage\"},\"image\":{\"@id\":\"https:\/\/saintbody.com\/panties-dream-white\/#primaryimage\"},\"thumbnailUrl\":\"https:\/\/saintbody.com\/wp-content\/uploads\/2026\/01\/3F1A1030-scaled.jpg\",\"datePublished\":\"2026-03-09T09:22:15+00:00\",\"dateModified\":\"2026-04-03T15:25:45+00:00\",\"description\":\"Niezwykle wygodne body z szerokim dekoltem w kszta\u0142cie litery U i kr\u00f3tkim r\u0119kawkiem. Idealne w codziennej stylizacji do jeans\u00f3w...\",\"breadcrumb\":{\"@id\":\"https:\/\/saintbody.com\/panties-dream-white\/#breadcrumb\"},\"inLanguage\":\"en-GB\",\"potentialAction\":[{\"@type\":\"ReadAction\",\"target\":[\"https:\/\/saintbody.com\/panties-dream-white\/\"]}]},{\"@type\":\"ImageObject\",\"inLanguage\":\"en-GB\",\"@id\":\"https:\/\/saintbody.com\/panties-dream-white\/#primaryimage\",\"url\":\"https:\/\/saintbody.com\/wp-content\/uploads\/2026\/01\/3F1A1030-scaled.jpg\",\"contentUrl\":\"https:\/\/saintbody.com\/wp-content\/uploads\/2026\/01\/3F1A1030-scaled.jpg\",\"width\":1708,\"height\":2560},{\"@type\":\"BreadcrumbList\",\"@id\":\"https:\/\/saintbody.com\/panties-dream-white\/#breadcrumb\",\"itemListElement\":[{\"@type\":\"ListItem\",\"position\":1,\"name\":\"Strona g\u0142\u00f3wna\",\"item\":\"https:\/\/saintbody.com\/\"},{\"@type\":\"ListItem\",\"position\":2,\"name\":\"Sklep\",\"item\":\"https:\/\/saintbody.com\/sklep\/\"},{\"@type\":\"ListItem\",\"position\":3,\"name\":\"Panties dream white\"}]},{\"@type\":\"WebSite\",\"@id\":\"https:\/\/saintbody.com\/#website\",\"url\":\"https:\/\/saintbody.com\/\",\"name\":\"Sklep SAINTBODY\",\"description\":\"Premium basic na ka\u00c5\u00bcd\u00c4\u2026 okazje. Ponadczasowe Body, Odzie\u00c5\u00bc damska, Sukienki Damskie\",\"publisher\":{\"@id\":\"https:\/\/saintbody.com\/#organization\"},\"potentialAction\":[{\"@type\":\"SearchAction\",\"target\":{\"@type\":\"EntryPoint\",\"urlTemplate\":\"https:\/\/saintbody.com\/?s={search_term_string}\"},\"query-input\":{\"@type\":\"PropertyValueSpecification\",\"valueRequired\":true,\"valueName\":\"search_term_string\"}}],\"inLanguage\":\"en-GB\"},{\"@type\":\"Organization\",\"@id\":\"https:\/\/saintbody.com\/#organization\",\"name\":\"Sklep Saint Body\",\"url\":\"https:\/\/saintbody.com\/\",\"logo\":{\"@type\":\"ImageObject\",\"inLanguage\":\"en-GB\",\"@id\":\"https:\/\/saintbody.com\/#\/schema\/logo\/image\/\",\"url\":\"https:\/\/saintbody.com\/wp-content\/uploads\/2023\/04\/SaintBody_Logo_Typografia-e1691418926919.png\",\"contentUrl\":\"https:\/\/saintbody.com\/wp-content\/uploads\/2023\/04\/SaintBody_Logo_Typografia-e1691418926919.png\",\"width\":1000,\"height\":202,\"caption\":\"Sklep Saint Body\"},\"image\":{\"@id\":\"https:\/\/saintbody.com\/#\/schema\/logo\/image\/\"},\"sameAs\":[\"https:\/\/facebook.com\/saintbody\/\"]}]}<\/script>\n<!-- \/ Yoast SEO plugin. -->","yoast_head_json":{"title":"Panties dream white - Sklep SAINTBODY","description":"Niezwykle wygodne body z szerokim dekoltem w kszta\u0142cie litery U i kr\u00f3tkim r\u0119kawkiem. Idealne w codziennej stylizacji do jeans\u00f3w...","robots":{"index":"index","follow":"follow","max-snippet":"max-snippet:-1","max-image-preview":"max-image-preview:large","max-video-preview":"max-video-preview:-1"},"canonical":"https:\/\/saintbody.com\/en_gb\/panties-dream-white\/","og_locale":"en_GB","og_type":"article","og_title":"Panties dream white - Sklep SAINTBODY","og_description":"Niezwykle wygodne body z szerokim dekoltem w kszta\u0142cie litery U i kr\u00f3tkim r\u0119kawkiem. Idealne w codziennej stylizacji do jeans\u00f3w...","og_url":"https:\/\/saintbody.com\/en_gb\/panties-dream-white\/","og_site_name":"Sklep SAINTBODY","article_publisher":"https:\/\/facebook.com\/saintbody\/","article_modified_time":"2026-04-03T15:25:45+00:00","og_image":[{"width":1708,"height":2560,"url":"https:\/\/saintbody.com\/wp-content\/uploads\/2026\/01\/3F1A1030-scaled.jpg","type":"image\/jpeg"}],"twitter_card":"summary_large_image","twitter_misc":{"Estimated reading time":"1 minute"},"schema":{"@context":"https:\/\/schema.org","@graph":[{"@type":"WebPage","@id":"https:\/\/saintbody.com\/panties-dream-white\/","url":"https:\/\/saintbody.com\/panties-dream-white\/","name":"Panties dream white - Sklep SAINTBODY","isPartOf":{"@id":"https:\/\/saintbody.com\/#website"},"primaryImageOfPage":{"@id":"https:\/\/saintbody.com\/panties-dream-white\/#primaryimage"},"image":{"@id":"https:\/\/saintbody.com\/panties-dream-white\/#primaryimage"},"thumbnailUrl":"https:\/\/saintbody.com\/wp-content\/uploads\/2026\/01\/3F1A1030-scaled.jpg","datePublished":"2026-03-09T09:22:15+00:00","dateModified":"2026-04-03T15:25:45+00:00","description":"Niezwykle wygodne body z szerokim dekoltem w kszta\u0142cie litery U i kr\u00f3tkim r\u0119kawkiem. Idealne w codziennej stylizacji do jeans\u00f3w...","breadcrumb":{"@id":"https:\/\/saintbody.com\/panties-dream-white\/#breadcrumb"},"inLanguage":"en-GB","potentialAction":[{"@type":"ReadAction","target":["https:\/\/saintbody.com\/panties-dream-white\/"]}]},{"@type":"ImageObject","inLanguage":"en-GB","@id":"https:\/\/saintbody.com\/panties-dream-white\/#primaryimage","url":"https:\/\/saintbody.com\/wp-content\/uploads\/2026\/01\/3F1A1030-scaled.jpg","contentUrl":"https:\/\/saintbody.com\/wp-content\/uploads\/2026\/01\/3F1A1030-scaled.jpg","width":1708,"height":2560},{"@type":"BreadcrumbList","@id":"https:\/\/saintbody.com\/panties-dream-white\/#breadcrumb","itemListElement":[{"@type":"ListItem","position":1,"name":"Strona g\u0142\u00f3wna","item":"https:\/\/saintbody.com\/"},{"@type":"ListItem","position":2,"name":"Sklep","item":"https:\/\/saintbody.com\/sklep\/"},{"@type":"ListItem","position":3,"name":"Panties dream white"}]},{"@type":"WebSite","@id":"https:\/\/saintbody.com\/#website","url":"https:\/\/saintbody.com\/","name":"Sklep SAINTBODY","description":"Premium basic na ka\u00c5\u00bcd\u00c4\u2026 okazje. Ponadczasowe Body, Odzie\u00c5\u00bc damska, Sukienki Damskie","publisher":{"@id":"https:\/\/saintbody.com\/#organization"},"potentialAction":[{"@type":"SearchAction","target":{"@type":"EntryPoint","urlTemplate":"https:\/\/saintbody.com\/?s={search_term_string}"},"query-input":{"@type":"PropertyValueSpecification","valueRequired":true,"valueName":"search_term_string"}}],"inLanguage":"en-GB"},{"@type":"Organization","@id":"https:\/\/saintbody.com\/#organization","name":"Sklep Saint Body","url":"https:\/\/saintbody.com\/","logo":{"@type":"ImageObject","inLanguage":"en-GB","@id":"https:\/\/saintbody.com\/#\/schema\/logo\/image\/","url":"https:\/\/saintbody.com\/wp-content\/uploads\/2023\/04\/SaintBody_Logo_Typografia-e1691418926919.png","contentUrl":"https:\/\/saintbody.com\/wp-content\/uploads\/2023\/04\/SaintBody_Logo_Typografia-e1691418926919.png","width":1000,"height":202,"caption":"Sklep Saint Body"},"image":{"@id":"https:\/\/saintbody.com\/#\/schema\/logo\/image\/"},"sameAs":["https:\/\/facebook.com\/saintbody\/"]}]}},"_links":{"self":[{"href":"https:\/\/saintbody.com\/en_gb\/wp-json\/wp\/v2\/product\/59835","targetHints":{"allow":["GET"]}}],"collection":[{"href":"https:\/\/saintbody.com\/en_gb\/wp-json\/wp\/v2\/product"}],"about":[{"href":"https:\/\/saintbody.com\/en_gb\/wp-json\/wp\/v2\/types\/product"}],"wp:featuredmedia":[{"embeddable":true,"href":"https:\/\/saintbody.com\/en_gb\/wp-json\/wp\/v2\/media\/59854"}],"wp:attachment":[{"href":"https:\/\/saintbody.com\/en_gb\/wp-json\/wp\/v2\/media?parent=59835"}],"wp:term":[{"taxonomy":"product_brand","embeddable":true,"href":"https:\/\/saintbody.com\/en_gb\/wp-json\/wp\/v2\/product_brand?post=59835"},{"taxonomy":"product_cat","embeddable":true,"href":"https:\/\/saintbody.com\/en_gb\/wp-json\/wp\/v2\/product_cat?post=59835"},{"taxonomy":"product_tag","embeddable":true,"href":"https:\/\/saintbody.com\/en_gb\/wp-json\/wp\/v2\/product_tag?post=59835"}],"curies":[{"name":"wp","href":"https:\/\/api.w.org\/{rel}","templated":true}]}}