{"id":59022,"date":"2025-12-10T20:31:39","date_gmt":"2025-12-10T19:31:39","guid":{"rendered":"https:\/\/saintbody.com\/?post_type=product&#038;p=59022"},"modified":"2026-04-30T08:30:30","modified_gmt":"2026-04-30T06:30:30","slug":"body-na-szerokie-ramiaczka-coffee","status":"publish","type":"product","link":"https:\/\/saintbody.com\/en_gb\/body-na-szerokie-ramiaczka-coffee\/","title":{"rendered":"Wide-strap coffee body"},"content":{"rendered":"<p>Our iconic bodysuit, sewn in a double layer of knit with a square neckline, now available in new earthy shades. The bodysuit accentuates the silhouette beautifully, subtly enhances the neckline and the extended straps ensure comfort and excellent support all day long. The bodysuit is available in two extremely versatile colours: our iconic olive and the new shade coffee. It's the perfect base for any outfit - whatever the season.<\/p>\n<p>Product sewn in Poland from fabric produced in a Polish knitting mill.<\/p>\n<p>Also check out our bestselling\u00a0<a href=\"https:\/\/saintbody.com\/en_gb\/kategoria\/sukienki\/\">dresses<\/a> !<br \/>\nVisit us at <a href=\"https:\/\/www.instagram.com\/saintbodyofficial\/\">instagram<\/a>.<\/p>","protected":false},"excerpt":{"rendered":"<p>Nasze kultowe body, szyte z podw\u00f3jnej warstwy dzianiny z kwadratowym dekoltem, dost\u0119pne teraz w nowych, ziemistych odcieniach. Body pi\u0119knie podkre\u015bla sylwetk\u0119, subtelnie uwydatnia dekolt, a poszerzone rami\u0105czka gwarantuj\u0105 wygod\u0119 i doskona\u0142e podtrzymanie przez ca\u0142y dzie\u0144. Body dost\u0119pne jest w dw\u00f3ch wyj\u0105tkowo uniwersalnych kolorach: naszej kultowej oliwce oraz nowego odcieniu coffee. To idealna baza do ka\u017cdej [&hellip;]<\/p>","protected":false},"featured_media":60256,"template":"","meta":[],"product_brand":[],"product_cat":[20,186,21],"product_tag":[38],"class_list":{"0":"post-59022","1":"product","2":"type-product","3":"status-publish","4":"has-post-thumbnail","6":"product_cat-wszystko","7":"product_cat-newin","8":"product_cat-body-damskie","9":"product_tag-topy","11":"first","12":"instock","13":"taxable","14":"shipping-taxable","15":"purchasable","16":"product-type-variable","17":"has-default-attributes"},"yoast_head":"<!-- This site is optimized with the Yoast SEO plugin v27.0 - https:\/\/yoast.com\/product\/yoast-seo-wordpress\/ -->\n<title>Body na szerokie rami\u0105czka coffee - Sklep SAINTBODY<\/title>\n<meta name=\"description\" content=\"Klasyczny, kr\u00f3tki, szary crop top pod szyj\u0119 z okr\u0105g\u0142ym dekoltem. Ponadczasowy i prosty kr\u00f3j. Crop top o ponadczasowym kroju. Saintbody\" \/>\n<meta name=\"robots\" content=\"index, follow, max-snippet:-1, max-image-preview:large, max-video-preview:-1\" \/>\n<link rel=\"canonical\" href=\"https:\/\/saintbody.com\/en_gb\/body-na-szerokie-ramiaczka-coffee\/\" \/>\n<meta property=\"og:locale\" content=\"en_GB\" \/>\n<meta property=\"og:type\" content=\"article\" \/>\n<meta property=\"og:title\" content=\"Body na szerokie rami\u0105czka coffee - Sklep SAINTBODY\" \/>\n<meta property=\"og:description\" content=\"Klasyczny, kr\u00f3tki, szary crop top pod szyj\u0119 z okr\u0105g\u0142ym dekoltem. Ponadczasowy i prosty kr\u00f3j. Crop top o ponadczasowym kroju. Saintbody\" \/>\n<meta property=\"og:url\" content=\"https:\/\/saintbody.com\/en_gb\/body-na-szerokie-ramiaczka-coffee\/\" \/>\n<meta property=\"og:site_name\" content=\"Sklep SAINTBODY\" \/>\n<meta property=\"article:publisher\" content=\"https:\/\/facebook.com\/saintbody\/\" \/>\n<meta property=\"article:modified_time\" content=\"2026-04-30T06:30:30+00:00\" \/>\n<meta property=\"og:image\" content=\"https:\/\/saintbody.com\/wp-content\/uploads\/2025\/12\/698-2Agata-Studio.jpg\" \/>\n\t<meta property=\"og:image:width\" content=\"1328\" \/>\n\t<meta property=\"og:image:height\" content=\"2048\" \/>\n\t<meta property=\"og:image:type\" content=\"image\/jpeg\" \/>\n<meta name=\"twitter:card\" content=\"summary_large_image\" \/>\n<meta name=\"twitter:label1\" content=\"Estimated reading time\" \/>\n\t<meta name=\"twitter:data1\" content=\"1 minute\" \/>\n<script type=\"application\/ld+json\" class=\"yoast-schema-graph\">{\"@context\":\"https:\/\/schema.org\",\"@graph\":[{\"@type\":\"WebPage\",\"@id\":\"https:\/\/saintbody.com\/body-na-szerokie-ramiaczka-coffee\/\",\"url\":\"https:\/\/saintbody.com\/body-na-szerokie-ramiaczka-coffee\/\",\"name\":\"Body na szerokie rami\u0105czka coffee - Sklep SAINTBODY\",\"isPartOf\":{\"@id\":\"https:\/\/saintbody.com\/#website\"},\"primaryImageOfPage\":{\"@id\":\"https:\/\/saintbody.com\/body-na-szerokie-ramiaczka-coffee\/#primaryimage\"},\"image\":{\"@id\":\"https:\/\/saintbody.com\/body-na-szerokie-ramiaczka-coffee\/#primaryimage\"},\"thumbnailUrl\":\"https:\/\/saintbody.com\/wp-content\/uploads\/2025\/12\/698-2Agata-Studio.jpg\",\"datePublished\":\"2025-12-10T19:31:39+00:00\",\"dateModified\":\"2026-04-30T06:30:30+00:00\",\"description\":\"Klasyczny, kr\u00f3tki, szary crop top pod szyj\u0119 z okr\u0105g\u0142ym dekoltem. Ponadczasowy i prosty kr\u00f3j. Crop top o ponadczasowym kroju. Saintbody\",\"breadcrumb\":{\"@id\":\"https:\/\/saintbody.com\/body-na-szerokie-ramiaczka-coffee\/#breadcrumb\"},\"inLanguage\":\"en-GB\",\"potentialAction\":[{\"@type\":\"ReadAction\",\"target\":[\"https:\/\/saintbody.com\/body-na-szerokie-ramiaczka-coffee\/\"]}]},{\"@type\":\"ImageObject\",\"inLanguage\":\"en-GB\",\"@id\":\"https:\/\/saintbody.com\/body-na-szerokie-ramiaczka-coffee\/#primaryimage\",\"url\":\"https:\/\/saintbody.com\/wp-content\/uploads\/2025\/12\/698-2Agata-Studio.jpg\",\"contentUrl\":\"https:\/\/saintbody.com\/wp-content\/uploads\/2025\/12\/698-2Agata-Studio.jpg\",\"width\":1328,\"height\":2048},{\"@type\":\"BreadcrumbList\",\"@id\":\"https:\/\/saintbody.com\/body-na-szerokie-ramiaczka-coffee\/#breadcrumb\",\"itemListElement\":[{\"@type\":\"ListItem\",\"position\":1,\"name\":\"Strona g\u0142\u00f3wna\",\"item\":\"https:\/\/saintbody.com\/\"},{\"@type\":\"ListItem\",\"position\":2,\"name\":\"Sklep\",\"item\":\"https:\/\/saintbody.com\/sklep\/\"},{\"@type\":\"ListItem\",\"position\":3,\"name\":\"Body na szerokie rami\u0105czka coffee\"}]},{\"@type\":\"WebSite\",\"@id\":\"https:\/\/saintbody.com\/#website\",\"url\":\"https:\/\/saintbody.com\/\",\"name\":\"Sklep SAINTBODY\",\"description\":\"Premium basic na ka\u00c5\u00bcd\u00c4\u2026 okazje. Ponadczasowe Body, Odzie\u00c5\u00bc damska, Sukienki Damskie\",\"publisher\":{\"@id\":\"https:\/\/saintbody.com\/#organization\"},\"potentialAction\":[{\"@type\":\"SearchAction\",\"target\":{\"@type\":\"EntryPoint\",\"urlTemplate\":\"https:\/\/saintbody.com\/?s={search_term_string}\"},\"query-input\":{\"@type\":\"PropertyValueSpecification\",\"valueRequired\":true,\"valueName\":\"search_term_string\"}}],\"inLanguage\":\"en-GB\"},{\"@type\":\"Organization\",\"@id\":\"https:\/\/saintbody.com\/#organization\",\"name\":\"Sklep Saint Body\",\"url\":\"https:\/\/saintbody.com\/\",\"logo\":{\"@type\":\"ImageObject\",\"inLanguage\":\"en-GB\",\"@id\":\"https:\/\/saintbody.com\/#\/schema\/logo\/image\/\",\"url\":\"https:\/\/saintbody.com\/wp-content\/uploads\/2023\/04\/SaintBody_Logo_Typografia-e1691418926919.png\",\"contentUrl\":\"https:\/\/saintbody.com\/wp-content\/uploads\/2023\/04\/SaintBody_Logo_Typografia-e1691418926919.png\",\"width\":1000,\"height\":202,\"caption\":\"Sklep Saint Body\"},\"image\":{\"@id\":\"https:\/\/saintbody.com\/#\/schema\/logo\/image\/\"},\"sameAs\":[\"https:\/\/facebook.com\/saintbody\/\"]}]}<\/script>\n<!-- \/ Yoast SEO plugin. -->","yoast_head_json":{"title":"Body na szerokie rami\u0105czka coffee - Sklep SAINTBODY","description":"Klasyczny, kr\u00f3tki, szary crop top pod szyj\u0119 z okr\u0105g\u0142ym dekoltem. Ponadczasowy i prosty kr\u00f3j. Crop top o ponadczasowym kroju. Saintbody","robots":{"index":"index","follow":"follow","max-snippet":"max-snippet:-1","max-image-preview":"max-image-preview:large","max-video-preview":"max-video-preview:-1"},"canonical":"https:\/\/saintbody.com\/en_gb\/body-na-szerokie-ramiaczka-coffee\/","og_locale":"en_GB","og_type":"article","og_title":"Body na szerokie rami\u0105czka coffee - Sklep SAINTBODY","og_description":"Klasyczny, kr\u00f3tki, szary crop top pod szyj\u0119 z okr\u0105g\u0142ym dekoltem. Ponadczasowy i prosty kr\u00f3j. Crop top o ponadczasowym kroju. Saintbody","og_url":"https:\/\/saintbody.com\/en_gb\/body-na-szerokie-ramiaczka-coffee\/","og_site_name":"Sklep SAINTBODY","article_publisher":"https:\/\/facebook.com\/saintbody\/","article_modified_time":"2026-04-30T06:30:30+00:00","og_image":[{"width":1328,"height":2048,"url":"https:\/\/saintbody.com\/wp-content\/uploads\/2025\/12\/698-2Agata-Studio.jpg","type":"image\/jpeg"}],"twitter_card":"summary_large_image","twitter_misc":{"Estimated reading time":"1 minute"},"schema":{"@context":"https:\/\/schema.org","@graph":[{"@type":"WebPage","@id":"https:\/\/saintbody.com\/body-na-szerokie-ramiaczka-coffee\/","url":"https:\/\/saintbody.com\/body-na-szerokie-ramiaczka-coffee\/","name":"Body na szerokie rami\u0105czka coffee - Sklep SAINTBODY","isPartOf":{"@id":"https:\/\/saintbody.com\/#website"},"primaryImageOfPage":{"@id":"https:\/\/saintbody.com\/body-na-szerokie-ramiaczka-coffee\/#primaryimage"},"image":{"@id":"https:\/\/saintbody.com\/body-na-szerokie-ramiaczka-coffee\/#primaryimage"},"thumbnailUrl":"https:\/\/saintbody.com\/wp-content\/uploads\/2025\/12\/698-2Agata-Studio.jpg","datePublished":"2025-12-10T19:31:39+00:00","dateModified":"2026-04-30T06:30:30+00:00","description":"Klasyczny, kr\u00f3tki, szary crop top pod szyj\u0119 z okr\u0105g\u0142ym dekoltem. Ponadczasowy i prosty kr\u00f3j. Crop top o ponadczasowym kroju. Saintbody","breadcrumb":{"@id":"https:\/\/saintbody.com\/body-na-szerokie-ramiaczka-coffee\/#breadcrumb"},"inLanguage":"en-GB","potentialAction":[{"@type":"ReadAction","target":["https:\/\/saintbody.com\/body-na-szerokie-ramiaczka-coffee\/"]}]},{"@type":"ImageObject","inLanguage":"en-GB","@id":"https:\/\/saintbody.com\/body-na-szerokie-ramiaczka-coffee\/#primaryimage","url":"https:\/\/saintbody.com\/wp-content\/uploads\/2025\/12\/698-2Agata-Studio.jpg","contentUrl":"https:\/\/saintbody.com\/wp-content\/uploads\/2025\/12\/698-2Agata-Studio.jpg","width":1328,"height":2048},{"@type":"BreadcrumbList","@id":"https:\/\/saintbody.com\/body-na-szerokie-ramiaczka-coffee\/#breadcrumb","itemListElement":[{"@type":"ListItem","position":1,"name":"Strona g\u0142\u00f3wna","item":"https:\/\/saintbody.com\/"},{"@type":"ListItem","position":2,"name":"Sklep","item":"https:\/\/saintbody.com\/sklep\/"},{"@type":"ListItem","position":3,"name":"Body na szerokie rami\u0105czka coffee"}]},{"@type":"WebSite","@id":"https:\/\/saintbody.com\/#website","url":"https:\/\/saintbody.com\/","name":"Sklep SAINTBODY","description":"Premium basic na ka\u00c5\u00bcd\u00c4\u2026 okazje. Ponadczasowe Body, Odzie\u00c5\u00bc damska, Sukienki Damskie","publisher":{"@id":"https:\/\/saintbody.com\/#organization"},"potentialAction":[{"@type":"SearchAction","target":{"@type":"EntryPoint","urlTemplate":"https:\/\/saintbody.com\/?s={search_term_string}"},"query-input":{"@type":"PropertyValueSpecification","valueRequired":true,"valueName":"search_term_string"}}],"inLanguage":"en-GB"},{"@type":"Organization","@id":"https:\/\/saintbody.com\/#organization","name":"Sklep Saint Body","url":"https:\/\/saintbody.com\/","logo":{"@type":"ImageObject","inLanguage":"en-GB","@id":"https:\/\/saintbody.com\/#\/schema\/logo\/image\/","url":"https:\/\/saintbody.com\/wp-content\/uploads\/2023\/04\/SaintBody_Logo_Typografia-e1691418926919.png","contentUrl":"https:\/\/saintbody.com\/wp-content\/uploads\/2023\/04\/SaintBody_Logo_Typografia-e1691418926919.png","width":1000,"height":202,"caption":"Sklep Saint Body"},"image":{"@id":"https:\/\/saintbody.com\/#\/schema\/logo\/image\/"},"sameAs":["https:\/\/facebook.com\/saintbody\/"]}]}},"_links":{"self":[{"href":"https:\/\/saintbody.com\/en_gb\/wp-json\/wp\/v2\/product\/59022","targetHints":{"allow":["GET"]}}],"collection":[{"href":"https:\/\/saintbody.com\/en_gb\/wp-json\/wp\/v2\/product"}],"about":[{"href":"https:\/\/saintbody.com\/en_gb\/wp-json\/wp\/v2\/types\/product"}],"wp:featuredmedia":[{"embeddable":true,"href":"https:\/\/saintbody.com\/en_gb\/wp-json\/wp\/v2\/media\/60256"}],"wp:attachment":[{"href":"https:\/\/saintbody.com\/en_gb\/wp-json\/wp\/v2\/media?parent=59022"}],"wp:term":[{"taxonomy":"product_brand","embeddable":true,"href":"https:\/\/saintbody.com\/en_gb\/wp-json\/wp\/v2\/product_brand?post=59022"},{"taxonomy":"product_cat","embeddable":true,"href":"https:\/\/saintbody.com\/en_gb\/wp-json\/wp\/v2\/product_cat?post=59022"},{"taxonomy":"product_tag","embeddable":true,"href":"https:\/\/saintbody.com\/en_gb\/wp-json\/wp\/v2\/product_tag?post=59022"}],"curies":[{"name":"wp","href":"https:\/\/api.w.org\/{rel}","templated":true}]}}