{"id":58742,"date":"2025-11-25T15:32:42","date_gmt":"2025-11-25T14:32:42","guid":{"rendered":"https:\/\/saintbody.com\/?post_type=product&#038;p=58742"},"modified":"2026-04-27T18:38:06","modified_gmt":"2026-04-27T16:38:06","slug":"bluzka-fly-z-rozcieciami-z-dzianiny-bezowa","status":"publish","type":"product","link":"https:\/\/saintbody.com\/en_gb\/bluzka-fly-z-rozcieciami-z-dzianiny-bezowa\/","title":{"rendered":"Fly blouse with knitted slits beige"},"content":{"rendered":"<p data-start=\"45\" data-end=\"393\">The beige Fly blouse with slits is a combination of subtle elegance and striking cut. Carefully slimmed, it fits the figure perfectly, emphasising its assets and creating a phenomenal hourglass shape. The top with a light, buff cut adds volume to the shoulders, creating a harmonious proportion with the slim waist and shaping the figure beautifully.<\/p>\n<p data-start=\"395\" data-end=\"661\">Made from a pleasant-to-touch stretch knit fabric, it provides a comfortable fit and sits perfectly on the body. The slits add character and lightness, making the blouse perfect for both casual and more elegant styling.<\/p>\n<p data-start=\"663\" data-end=\"779\" data-is-last-node=\"\" data-is-only-node=\"\">Feminine, modern and extremely flattering to the figure - this blouse is a must-have that will highlight your uniqueness. Pair it with trousers for a striking ensemble. Also available in brown.<\/p>\n<p>Also check out our bestselling\u00a0<a href=\"https:\/\/saintbody.com\/en_gb\/kategoria\/sukienki\/\">dresses<\/a> !<br \/>\nVisit us at <a href=\"https:\/\/www.instagram.com\/saintbodyofficial\/\">instagram<\/a>.<\/p>","protected":false},"excerpt":{"rendered":"<p>The beige Fly blouse with slits is a combination of subtle elegance and striking cut. Carefully cut to a slim fit, it fits the figure perfectly, emphasising its assets and creating a phenomenal hourglass shape. The top with a light, buff cut adds volume to the shoulders, creating a harmonious proportion with the slim waist and shaping the figure beautifully. Made from a pleasant-to-touch stretch knit fabric, it provides a comfortable [...]<\/p>","protected":false},"featured_media":59529,"template":"","meta":[],"product_brand":[],"product_cat":[20,37],"product_tag":[38],"class_list":{"0":"post-58742","1":"product","2":"type-product","3":"status-publish","4":"has-post-thumbnail","6":"product_cat-wszystko","7":"product_cat-topy","8":"product_tag-topy","10":"first","11":"instock","12":"taxable","13":"shipping-taxable","14":"purchasable","15":"product-type-variable"},"yoast_head":"<!-- This site is optimized with the Yoast SEO plugin v27.0 - https:\/\/yoast.com\/product\/yoast-seo-wordpress\/ -->\n<title>Be\u017cowa bluzka Fly z rozci\u0119ciami z mi\u0119kkiej dzianiny<\/title>\n<meta name=\"description\" content=\"Be\u017cowa bluzka Fly z rozci\u0119ciami to po\u0142\u0105czenie subtelnej elegancji i efektownego fasonu. Starannie taliowana, idealnie dopasowuje si\u0119 do sylwetki.\" \/>\n<meta name=\"robots\" content=\"index, follow, max-snippet:-1, max-image-preview:large, max-video-preview:-1\" \/>\n<link rel=\"canonical\" href=\"https:\/\/saintbody.com\/en_gb\/bluzka-fly-z-rozcieciami-z-dzianiny-bezowa\/\" \/>\n<meta property=\"og:locale\" content=\"en_GB\" \/>\n<meta property=\"og:type\" content=\"article\" \/>\n<meta property=\"og:title\" content=\"Be\u017cowa bluzka Fly z rozci\u0119ciami z mi\u0119kkiej dzianiny\" \/>\n<meta property=\"og:description\" content=\"Be\u017cowa bluzka Fly z rozci\u0119ciami to po\u0142\u0105czenie subtelnej elegancji i efektownego fasonu. Starannie taliowana, idealnie dopasowuje si\u0119 do sylwetki.\" \/>\n<meta property=\"og:url\" content=\"https:\/\/saintbody.com\/en_gb\/bluzka-fly-z-rozcieciami-z-dzianiny-bezowa\/\" \/>\n<meta property=\"og:site_name\" content=\"Sklep SAINTBODY\" \/>\n<meta property=\"article:publisher\" content=\"https:\/\/facebook.com\/saintbody\/\" \/>\n<meta property=\"article:modified_time\" content=\"2026-04-27T16:38:06+00:00\" \/>\n<meta property=\"og:image\" content=\"https:\/\/saintbody.com\/wp-content\/uploads\/2025\/11\/Projekt-bez-nazwy.jpg\" \/>\n\t<meta property=\"og:image:width\" content=\"1000\" \/>\n\t<meta property=\"og:image:height\" content=\"1500\" \/>\n\t<meta property=\"og:image:type\" content=\"image\/jpeg\" \/>\n<meta name=\"twitter:card\" content=\"summary_large_image\" \/>\n<meta name=\"twitter:label1\" content=\"Estimated reading time\" \/>\n\t<meta name=\"twitter:data1\" content=\"1 minute\" \/>\n<script type=\"application\/ld+json\" class=\"yoast-schema-graph\">{\"@context\":\"https:\/\/schema.org\",\"@graph\":[{\"@type\":\"WebPage\",\"@id\":\"https:\/\/saintbody.com\/bluzka-fly-z-rozcieciami-z-dzianiny-bezowa\/\",\"url\":\"https:\/\/saintbody.com\/bluzka-fly-z-rozcieciami-z-dzianiny-bezowa\/\",\"name\":\"Be\u017cowa bluzka Fly z rozci\u0119ciami z mi\u0119kkiej dzianiny\",\"isPartOf\":{\"@id\":\"https:\/\/saintbody.com\/#website\"},\"primaryImageOfPage\":{\"@id\":\"https:\/\/saintbody.com\/bluzka-fly-z-rozcieciami-z-dzianiny-bezowa\/#primaryimage\"},\"image\":{\"@id\":\"https:\/\/saintbody.com\/bluzka-fly-z-rozcieciami-z-dzianiny-bezowa\/#primaryimage\"},\"thumbnailUrl\":\"https:\/\/saintbody.com\/wp-content\/uploads\/2025\/11\/Projekt-bez-nazwy.jpg\",\"datePublished\":\"2025-11-25T14:32:42+00:00\",\"dateModified\":\"2026-04-27T16:38:06+00:00\",\"description\":\"Be\u017cowa bluzka Fly z rozci\u0119ciami to po\u0142\u0105czenie subtelnej elegancji i efektownego fasonu. Starannie taliowana, idealnie dopasowuje si\u0119 do sylwetki.\",\"breadcrumb\":{\"@id\":\"https:\/\/saintbody.com\/bluzka-fly-z-rozcieciami-z-dzianiny-bezowa\/#breadcrumb\"},\"inLanguage\":\"en-GB\",\"potentialAction\":[{\"@type\":\"ReadAction\",\"target\":[\"https:\/\/saintbody.com\/bluzka-fly-z-rozcieciami-z-dzianiny-bezowa\/\"]}]},{\"@type\":\"ImageObject\",\"inLanguage\":\"en-GB\",\"@id\":\"https:\/\/saintbody.com\/bluzka-fly-z-rozcieciami-z-dzianiny-bezowa\/#primaryimage\",\"url\":\"https:\/\/saintbody.com\/wp-content\/uploads\/2025\/11\/Projekt-bez-nazwy.jpg\",\"contentUrl\":\"https:\/\/saintbody.com\/wp-content\/uploads\/2025\/11\/Projekt-bez-nazwy.jpg\",\"width\":1000,\"height\":1500},{\"@type\":\"BreadcrumbList\",\"@id\":\"https:\/\/saintbody.com\/bluzka-fly-z-rozcieciami-z-dzianiny-bezowa\/#breadcrumb\",\"itemListElement\":[{\"@type\":\"ListItem\",\"position\":1,\"name\":\"Strona g\u0142\u00f3wna\",\"item\":\"https:\/\/saintbody.com\/\"},{\"@type\":\"ListItem\",\"position\":2,\"name\":\"Sklep\",\"item\":\"https:\/\/saintbody.com\/sklep\/\"},{\"@type\":\"ListItem\",\"position\":3,\"name\":\"Bluzka fly z rozci\u0119ciami z dzianiny be\u017cowa\"}]},{\"@type\":\"WebSite\",\"@id\":\"https:\/\/saintbody.com\/#website\",\"url\":\"https:\/\/saintbody.com\/\",\"name\":\"Sklep SAINTBODY\",\"description\":\"Premium basic na ka\u00c5\u00bcd\u00c4\u2026 okazje. Ponadczasowe Body, Odzie\u00c5\u00bc damska, Sukienki Damskie\",\"publisher\":{\"@id\":\"https:\/\/saintbody.com\/#organization\"},\"potentialAction\":[{\"@type\":\"SearchAction\",\"target\":{\"@type\":\"EntryPoint\",\"urlTemplate\":\"https:\/\/saintbody.com\/?s={search_term_string}\"},\"query-input\":{\"@type\":\"PropertyValueSpecification\",\"valueRequired\":true,\"valueName\":\"search_term_string\"}}],\"inLanguage\":\"en-GB\"},{\"@type\":\"Organization\",\"@id\":\"https:\/\/saintbody.com\/#organization\",\"name\":\"Sklep Saint Body\",\"url\":\"https:\/\/saintbody.com\/\",\"logo\":{\"@type\":\"ImageObject\",\"inLanguage\":\"en-GB\",\"@id\":\"https:\/\/saintbody.com\/#\/schema\/logo\/image\/\",\"url\":\"https:\/\/saintbody.com\/wp-content\/uploads\/2023\/04\/SaintBody_Logo_Typografia-e1691418926919.png\",\"contentUrl\":\"https:\/\/saintbody.com\/wp-content\/uploads\/2023\/04\/SaintBody_Logo_Typografia-e1691418926919.png\",\"width\":1000,\"height\":202,\"caption\":\"Sklep Saint Body\"},\"image\":{\"@id\":\"https:\/\/saintbody.com\/#\/schema\/logo\/image\/\"},\"sameAs\":[\"https:\/\/facebook.com\/saintbody\/\"]}]}<\/script>\n<!-- \/ Yoast SEO plugin. -->","yoast_head_json":{"title":"Be\u017cowa bluzka Fly z rozci\u0119ciami z mi\u0119kkiej dzianiny","description":"Be\u017cowa bluzka Fly z rozci\u0119ciami to po\u0142\u0105czenie subtelnej elegancji i efektownego fasonu. Starannie taliowana, idealnie dopasowuje si\u0119 do sylwetki.","robots":{"index":"index","follow":"follow","max-snippet":"max-snippet:-1","max-image-preview":"max-image-preview:large","max-video-preview":"max-video-preview:-1"},"canonical":"https:\/\/saintbody.com\/en_gb\/bluzka-fly-z-rozcieciami-z-dzianiny-bezowa\/","og_locale":"en_GB","og_type":"article","og_title":"Be\u017cowa bluzka Fly z rozci\u0119ciami z mi\u0119kkiej dzianiny","og_description":"Be\u017cowa bluzka Fly z rozci\u0119ciami to po\u0142\u0105czenie subtelnej elegancji i efektownego fasonu. Starannie taliowana, idealnie dopasowuje si\u0119 do sylwetki.","og_url":"https:\/\/saintbody.com\/en_gb\/bluzka-fly-z-rozcieciami-z-dzianiny-bezowa\/","og_site_name":"Sklep SAINTBODY","article_publisher":"https:\/\/facebook.com\/saintbody\/","article_modified_time":"2026-04-27T16:38:06+00:00","og_image":[{"width":1000,"height":1500,"url":"https:\/\/saintbody.com\/wp-content\/uploads\/2025\/11\/Projekt-bez-nazwy.jpg","type":"image\/jpeg"}],"twitter_card":"summary_large_image","twitter_misc":{"Estimated reading time":"1 minute"},"schema":{"@context":"https:\/\/schema.org","@graph":[{"@type":"WebPage","@id":"https:\/\/saintbody.com\/bluzka-fly-z-rozcieciami-z-dzianiny-bezowa\/","url":"https:\/\/saintbody.com\/bluzka-fly-z-rozcieciami-z-dzianiny-bezowa\/","name":"Be\u017cowa bluzka Fly z rozci\u0119ciami z mi\u0119kkiej dzianiny","isPartOf":{"@id":"https:\/\/saintbody.com\/#website"},"primaryImageOfPage":{"@id":"https:\/\/saintbody.com\/bluzka-fly-z-rozcieciami-z-dzianiny-bezowa\/#primaryimage"},"image":{"@id":"https:\/\/saintbody.com\/bluzka-fly-z-rozcieciami-z-dzianiny-bezowa\/#primaryimage"},"thumbnailUrl":"https:\/\/saintbody.com\/wp-content\/uploads\/2025\/11\/Projekt-bez-nazwy.jpg","datePublished":"2025-11-25T14:32:42+00:00","dateModified":"2026-04-27T16:38:06+00:00","description":"Be\u017cowa bluzka Fly z rozci\u0119ciami to po\u0142\u0105czenie subtelnej elegancji i efektownego fasonu. Starannie taliowana, idealnie dopasowuje si\u0119 do sylwetki.","breadcrumb":{"@id":"https:\/\/saintbody.com\/bluzka-fly-z-rozcieciami-z-dzianiny-bezowa\/#breadcrumb"},"inLanguage":"en-GB","potentialAction":[{"@type":"ReadAction","target":["https:\/\/saintbody.com\/bluzka-fly-z-rozcieciami-z-dzianiny-bezowa\/"]}]},{"@type":"ImageObject","inLanguage":"en-GB","@id":"https:\/\/saintbody.com\/bluzka-fly-z-rozcieciami-z-dzianiny-bezowa\/#primaryimage","url":"https:\/\/saintbody.com\/wp-content\/uploads\/2025\/11\/Projekt-bez-nazwy.jpg","contentUrl":"https:\/\/saintbody.com\/wp-content\/uploads\/2025\/11\/Projekt-bez-nazwy.jpg","width":1000,"height":1500},{"@type":"BreadcrumbList","@id":"https:\/\/saintbody.com\/bluzka-fly-z-rozcieciami-z-dzianiny-bezowa\/#breadcrumb","itemListElement":[{"@type":"ListItem","position":1,"name":"Strona g\u0142\u00f3wna","item":"https:\/\/saintbody.com\/"},{"@type":"ListItem","position":2,"name":"Sklep","item":"https:\/\/saintbody.com\/sklep\/"},{"@type":"ListItem","position":3,"name":"Bluzka fly z rozci\u0119ciami z dzianiny be\u017cowa"}]},{"@type":"WebSite","@id":"https:\/\/saintbody.com\/#website","url":"https:\/\/saintbody.com\/","name":"Sklep SAINTBODY","description":"Premium basic na ka\u00c5\u00bcd\u00c4\u2026 okazje. Ponadczasowe Body, Odzie\u00c5\u00bc damska, Sukienki Damskie","publisher":{"@id":"https:\/\/saintbody.com\/#organization"},"potentialAction":[{"@type":"SearchAction","target":{"@type":"EntryPoint","urlTemplate":"https:\/\/saintbody.com\/?s={search_term_string}"},"query-input":{"@type":"PropertyValueSpecification","valueRequired":true,"valueName":"search_term_string"}}],"inLanguage":"en-GB"},{"@type":"Organization","@id":"https:\/\/saintbody.com\/#organization","name":"Sklep Saint Body","url":"https:\/\/saintbody.com\/","logo":{"@type":"ImageObject","inLanguage":"en-GB","@id":"https:\/\/saintbody.com\/#\/schema\/logo\/image\/","url":"https:\/\/saintbody.com\/wp-content\/uploads\/2023\/04\/SaintBody_Logo_Typografia-e1691418926919.png","contentUrl":"https:\/\/saintbody.com\/wp-content\/uploads\/2023\/04\/SaintBody_Logo_Typografia-e1691418926919.png","width":1000,"height":202,"caption":"Sklep Saint Body"},"image":{"@id":"https:\/\/saintbody.com\/#\/schema\/logo\/image\/"},"sameAs":["https:\/\/facebook.com\/saintbody\/"]}]}},"_links":{"self":[{"href":"https:\/\/saintbody.com\/en_gb\/wp-json\/wp\/v2\/product\/58742","targetHints":{"allow":["GET"]}}],"collection":[{"href":"https:\/\/saintbody.com\/en_gb\/wp-json\/wp\/v2\/product"}],"about":[{"href":"https:\/\/saintbody.com\/en_gb\/wp-json\/wp\/v2\/types\/product"}],"wp:featuredmedia":[{"embeddable":true,"href":"https:\/\/saintbody.com\/en_gb\/wp-json\/wp\/v2\/media\/59529"}],"wp:attachment":[{"href":"https:\/\/saintbody.com\/en_gb\/wp-json\/wp\/v2\/media?parent=58742"}],"wp:term":[{"taxonomy":"product_brand","embeddable":true,"href":"https:\/\/saintbody.com\/en_gb\/wp-json\/wp\/v2\/product_brand?post=58742"},{"taxonomy":"product_cat","embeddable":true,"href":"https:\/\/saintbody.com\/en_gb\/wp-json\/wp\/v2\/product_cat?post=58742"},{"taxonomy":"product_tag","embeddable":true,"href":"https:\/\/saintbody.com\/en_gb\/wp-json\/wp\/v2\/product_tag?post=58742"}],"curies":[{"name":"wp","href":"https:\/\/api.w.org\/{rel}","templated":true}]}}