{"id":58314,"date":"2025-10-27T16:09:27","date_gmt":"2025-10-27T15:09:27","guid":{"rendered":"https:\/\/saintbody.com\/?post_type=product&#038;p=58314"},"modified":"2026-04-28T14:33:36","modified_gmt":"2026-04-28T12:33:36","slug":"sweterek-na-guziki-pod-szyje-rozpinany-wine","status":"publish","type":"product","link":"https:\/\/saintbody.com\/en_gb\/sweterek-na-guziki-pod-szyje-rozpinany-wine\/","title":{"rendered":"Jumper neck unbuttoned wine"},"content":{"rendered":"<p data-start=\"28\" data-end=\"268\">The jumper in the shade of wine is a combination of classic and modern elegance. Its timeless, refined cut makes it perfect for any occasion - from everyday styling to more sophisticated combinations.<\/p>\n<p data-start=\"270\" data-end=\"494\">Fastened at the neck with delicate buttons, it gets a subtle, classic charm, the slits at the ends of the sleeves add lightness and a modern touch, balancing the whole beautifully.<\/p>\n<p>The model is 177 cm tall and wears a size S.<\/p>\n<p>Also check out our bestselling\u00a0<a href=\"https:\/\/saintbody.com\/en_gb\/kategoria\/sukienki\/\">dresses<\/a> !<br \/>\nVisit us at <a href=\"https:\/\/www.instagram.com\/saintbodyofficial\/\">instagram<\/a>.<\/p>","protected":false},"excerpt":{"rendered":"<p>Sweterek w odcieniu wine to po\u0142\u0105czenie klasyki i nowoczesnej elegancji. Jego ponadczasowy, dopracowany kr\u00f3j sprawia, \u017ce doskonale sprawdza si\u0119 na ka\u017cd\u0105 okazj\u0119 &#8211; od codziennych stylizacji po bardziej wyrafinowane zestawienia. Zapinany pod szyj\u0119 na delikatne guziczki, zyskuje subtelny, klasyczny urok, rozci\u0119cia na ko\u0144cach r\u0119kaw\u00f3w dodaj\u0105 lekko\u015bci i nowoczesnego charakteru, pi\u0119knie balansuj\u0105c ca\u0142o\u015b\u0107. Modelka ma 177 [&hellip;]<\/p>","protected":false},"featured_media":59539,"template":"","meta":[],"product_brand":[],"product_cat":[183,37,20],"product_tag":[38],"class_list":{"0":"post-58314","1":"product","2":"type-product","3":"status-publish","4":"has-post-thumbnail","6":"product_cat-sale","7":"product_cat-topy","8":"product_cat-wszystko","9":"product_tag-topy","11":"first","12":"instock","13":"sale","14":"taxable","15":"shipping-taxable","16":"purchasable","17":"product-type-variable","18":"has-default-attributes"},"yoast_head":"<!-- This site is optimized with the Yoast SEO plugin v27.0 - https:\/\/yoast.com\/product\/yoast-seo-wordpress\/ -->\n<title>Sweterek pod szyje rozpinany w kolorze wine - Subtelny Urok - Sklep SAINTBODY<\/title>\n<meta name=\"description\" content=\"Sweterek zapinany pod szyj\u0119 na delikatne guziczki, zyskuje subtelny, klasyczny urok, rozci\u0119cia na ko\u0144cach r\u0119kaw\u00f3w dodaj\u0105 lekko\u015bci i nowoczesnego charakteru.\" \/>\n<meta name=\"robots\" content=\"index, follow, max-snippet:-1, max-image-preview:large, max-video-preview:-1\" \/>\n<link rel=\"canonical\" href=\"https:\/\/saintbody.com\/en_gb\/sweterek-na-guziki-pod-szyje-rozpinany-wine\/\" \/>\n<meta property=\"og:locale\" content=\"en_GB\" \/>\n<meta property=\"og:type\" content=\"article\" \/>\n<meta property=\"og:title\" content=\"Sweterek pod szyje rozpinany w kolorze wine - Subtelny Urok - Sklep SAINTBODY\" \/>\n<meta property=\"og:description\" content=\"Sweterek zapinany pod szyj\u0119 na delikatne guziczki, zyskuje subtelny, klasyczny urok, rozci\u0119cia na ko\u0144cach r\u0119kaw\u00f3w dodaj\u0105 lekko\u015bci i nowoczesnego charakteru.\" \/>\n<meta property=\"og:url\" content=\"https:\/\/saintbody.com\/en_gb\/sweterek-na-guziki-pod-szyje-rozpinany-wine\/\" \/>\n<meta property=\"og:site_name\" content=\"Sklep SAINTBODY\" \/>\n<meta property=\"article:publisher\" content=\"https:\/\/facebook.com\/saintbody\/\" \/>\n<meta property=\"article:modified_time\" content=\"2026-04-28T12:33:36+00:00\" \/>\n<meta property=\"og:image\" content=\"https:\/\/saintbody.com\/wp-content\/uploads\/2025\/10\/DSCF0703-Edit-Edit-4-scaled-Nora-Studio.webp\" \/>\n\t<meta property=\"og:image:width\" content=\"1365\" \/>\n\t<meta property=\"og:image:height\" content=\"2048\" \/>\n\t<meta property=\"og:image:type\" content=\"image\/webp\" \/>\n<meta name=\"twitter:card\" content=\"summary_large_image\" \/>\n<meta name=\"twitter:label1\" content=\"Estimated reading time\" \/>\n\t<meta name=\"twitter:data1\" content=\"1 minute\" \/>\n<script type=\"application\/ld+json\" class=\"yoast-schema-graph\">{\"@context\":\"https:\/\/schema.org\",\"@graph\":[{\"@type\":\"WebPage\",\"@id\":\"https:\/\/saintbody.com\/sweterek-na-guziki-pod-szyje-rozpinany-wine\/\",\"url\":\"https:\/\/saintbody.com\/sweterek-na-guziki-pod-szyje-rozpinany-wine\/\",\"name\":\"Sweterek pod szyje rozpinany w kolorze wine - Subtelny Urok - Sklep SAINTBODY\",\"isPartOf\":{\"@id\":\"https:\/\/saintbody.com\/#website\"},\"primaryImageOfPage\":{\"@id\":\"https:\/\/saintbody.com\/sweterek-na-guziki-pod-szyje-rozpinany-wine\/#primaryimage\"},\"image\":{\"@id\":\"https:\/\/saintbody.com\/sweterek-na-guziki-pod-szyje-rozpinany-wine\/#primaryimage\"},\"thumbnailUrl\":\"https:\/\/saintbody.com\/wp-content\/uploads\/2025\/10\/DSCF0703-Edit-Edit-4-scaled-Nora-Studio.webp\",\"datePublished\":\"2025-10-27T15:09:27+00:00\",\"dateModified\":\"2026-04-28T12:33:36+00:00\",\"description\":\"Sweterek zapinany pod szyj\u0119 na delikatne guziczki, zyskuje subtelny, klasyczny urok, rozci\u0119cia na ko\u0144cach r\u0119kaw\u00f3w dodaj\u0105 lekko\u015bci i nowoczesnego charakteru.\",\"breadcrumb\":{\"@id\":\"https:\/\/saintbody.com\/sweterek-na-guziki-pod-szyje-rozpinany-wine\/#breadcrumb\"},\"inLanguage\":\"en-GB\",\"potentialAction\":[{\"@type\":\"ReadAction\",\"target\":[\"https:\/\/saintbody.com\/sweterek-na-guziki-pod-szyje-rozpinany-wine\/\"]}]},{\"@type\":\"ImageObject\",\"inLanguage\":\"en-GB\",\"@id\":\"https:\/\/saintbody.com\/sweterek-na-guziki-pod-szyje-rozpinany-wine\/#primaryimage\",\"url\":\"https:\/\/saintbody.com\/wp-content\/uploads\/2025\/10\/DSCF0703-Edit-Edit-4-scaled-Nora-Studio.webp\",\"contentUrl\":\"https:\/\/saintbody.com\/wp-content\/uploads\/2025\/10\/DSCF0703-Edit-Edit-4-scaled-Nora-Studio.webp\",\"width\":1365,\"height\":2048},{\"@type\":\"BreadcrumbList\",\"@id\":\"https:\/\/saintbody.com\/sweterek-na-guziki-pod-szyje-rozpinany-wine\/#breadcrumb\",\"itemListElement\":[{\"@type\":\"ListItem\",\"position\":1,\"name\":\"Strona g\u0142\u00f3wna\",\"item\":\"https:\/\/saintbody.com\/\"},{\"@type\":\"ListItem\",\"position\":2,\"name\":\"Sklep\",\"item\":\"https:\/\/saintbody.com\/sklep\/\"},{\"@type\":\"ListItem\",\"position\":3,\"name\":\"Sweterek pod szyje rozpinany wine\"}]},{\"@type\":\"WebSite\",\"@id\":\"https:\/\/saintbody.com\/#website\",\"url\":\"https:\/\/saintbody.com\/\",\"name\":\"Sklep SAINTBODY\",\"description\":\"Premium basic na ka\u00c5\u00bcd\u00c4\u2026 okazje. Ponadczasowe Body, Odzie\u00c5\u00bc damska, Sukienki Damskie\",\"publisher\":{\"@id\":\"https:\/\/saintbody.com\/#organization\"},\"potentialAction\":[{\"@type\":\"SearchAction\",\"target\":{\"@type\":\"EntryPoint\",\"urlTemplate\":\"https:\/\/saintbody.com\/?s={search_term_string}\"},\"query-input\":{\"@type\":\"PropertyValueSpecification\",\"valueRequired\":true,\"valueName\":\"search_term_string\"}}],\"inLanguage\":\"en-GB\"},{\"@type\":\"Organization\",\"@id\":\"https:\/\/saintbody.com\/#organization\",\"name\":\"Sklep Saint Body\",\"url\":\"https:\/\/saintbody.com\/\",\"logo\":{\"@type\":\"ImageObject\",\"inLanguage\":\"en-GB\",\"@id\":\"https:\/\/saintbody.com\/#\/schema\/logo\/image\/\",\"url\":\"https:\/\/saintbody.com\/wp-content\/uploads\/2023\/04\/SaintBody_Logo_Typografia-e1691418926919.png\",\"contentUrl\":\"https:\/\/saintbody.com\/wp-content\/uploads\/2023\/04\/SaintBody_Logo_Typografia-e1691418926919.png\",\"width\":1000,\"height\":202,\"caption\":\"Sklep Saint Body\"},\"image\":{\"@id\":\"https:\/\/saintbody.com\/#\/schema\/logo\/image\/\"},\"sameAs\":[\"https:\/\/facebook.com\/saintbody\/\"]}]}<\/script>\n<!-- \/ Yoast SEO plugin. -->","yoast_head_json":{"title":"Sweterek pod szyje rozpinany w kolorze wine - Subtelny Urok - Sklep SAINTBODY","description":"Sweterek zapinany pod szyj\u0119 na delikatne guziczki, zyskuje subtelny, klasyczny urok, rozci\u0119cia na ko\u0144cach r\u0119kaw\u00f3w dodaj\u0105 lekko\u015bci i nowoczesnego charakteru.","robots":{"index":"index","follow":"follow","max-snippet":"max-snippet:-1","max-image-preview":"max-image-preview:large","max-video-preview":"max-video-preview:-1"},"canonical":"https:\/\/saintbody.com\/en_gb\/sweterek-na-guziki-pod-szyje-rozpinany-wine\/","og_locale":"en_GB","og_type":"article","og_title":"Sweterek pod szyje rozpinany w kolorze wine - Subtelny Urok - Sklep SAINTBODY","og_description":"Sweterek zapinany pod szyj\u0119 na delikatne guziczki, zyskuje subtelny, klasyczny urok, rozci\u0119cia na ko\u0144cach r\u0119kaw\u00f3w dodaj\u0105 lekko\u015bci i nowoczesnego charakteru.","og_url":"https:\/\/saintbody.com\/en_gb\/sweterek-na-guziki-pod-szyje-rozpinany-wine\/","og_site_name":"Sklep SAINTBODY","article_publisher":"https:\/\/facebook.com\/saintbody\/","article_modified_time":"2026-04-28T12:33:36+00:00","og_image":[{"width":1365,"height":2048,"url":"https:\/\/saintbody.com\/wp-content\/uploads\/2025\/10\/DSCF0703-Edit-Edit-4-scaled-Nora-Studio.webp","type":"image\/webp"}],"twitter_card":"summary_large_image","twitter_misc":{"Estimated reading time":"1 minute"},"schema":{"@context":"https:\/\/schema.org","@graph":[{"@type":"WebPage","@id":"https:\/\/saintbody.com\/sweterek-na-guziki-pod-szyje-rozpinany-wine\/","url":"https:\/\/saintbody.com\/sweterek-na-guziki-pod-szyje-rozpinany-wine\/","name":"Sweterek pod szyje rozpinany w kolorze wine - Subtelny Urok - Sklep SAINTBODY","isPartOf":{"@id":"https:\/\/saintbody.com\/#website"},"primaryImageOfPage":{"@id":"https:\/\/saintbody.com\/sweterek-na-guziki-pod-szyje-rozpinany-wine\/#primaryimage"},"image":{"@id":"https:\/\/saintbody.com\/sweterek-na-guziki-pod-szyje-rozpinany-wine\/#primaryimage"},"thumbnailUrl":"https:\/\/saintbody.com\/wp-content\/uploads\/2025\/10\/DSCF0703-Edit-Edit-4-scaled-Nora-Studio.webp","datePublished":"2025-10-27T15:09:27+00:00","dateModified":"2026-04-28T12:33:36+00:00","description":"Sweterek zapinany pod szyj\u0119 na delikatne guziczki, zyskuje subtelny, klasyczny urok, rozci\u0119cia na ko\u0144cach r\u0119kaw\u00f3w dodaj\u0105 lekko\u015bci i nowoczesnego charakteru.","breadcrumb":{"@id":"https:\/\/saintbody.com\/sweterek-na-guziki-pod-szyje-rozpinany-wine\/#breadcrumb"},"inLanguage":"en-GB","potentialAction":[{"@type":"ReadAction","target":["https:\/\/saintbody.com\/sweterek-na-guziki-pod-szyje-rozpinany-wine\/"]}]},{"@type":"ImageObject","inLanguage":"en-GB","@id":"https:\/\/saintbody.com\/sweterek-na-guziki-pod-szyje-rozpinany-wine\/#primaryimage","url":"https:\/\/saintbody.com\/wp-content\/uploads\/2025\/10\/DSCF0703-Edit-Edit-4-scaled-Nora-Studio.webp","contentUrl":"https:\/\/saintbody.com\/wp-content\/uploads\/2025\/10\/DSCF0703-Edit-Edit-4-scaled-Nora-Studio.webp","width":1365,"height":2048},{"@type":"BreadcrumbList","@id":"https:\/\/saintbody.com\/sweterek-na-guziki-pod-szyje-rozpinany-wine\/#breadcrumb","itemListElement":[{"@type":"ListItem","position":1,"name":"Strona g\u0142\u00f3wna","item":"https:\/\/saintbody.com\/"},{"@type":"ListItem","position":2,"name":"Sklep","item":"https:\/\/saintbody.com\/sklep\/"},{"@type":"ListItem","position":3,"name":"Sweterek pod szyje rozpinany wine"}]},{"@type":"WebSite","@id":"https:\/\/saintbody.com\/#website","url":"https:\/\/saintbody.com\/","name":"Sklep SAINTBODY","description":"Premium basic na ka\u00c5\u00bcd\u00c4\u2026 okazje. Ponadczasowe Body, Odzie\u00c5\u00bc damska, Sukienki Damskie","publisher":{"@id":"https:\/\/saintbody.com\/#organization"},"potentialAction":[{"@type":"SearchAction","target":{"@type":"EntryPoint","urlTemplate":"https:\/\/saintbody.com\/?s={search_term_string}"},"query-input":{"@type":"PropertyValueSpecification","valueRequired":true,"valueName":"search_term_string"}}],"inLanguage":"en-GB"},{"@type":"Organization","@id":"https:\/\/saintbody.com\/#organization","name":"Sklep Saint Body","url":"https:\/\/saintbody.com\/","logo":{"@type":"ImageObject","inLanguage":"en-GB","@id":"https:\/\/saintbody.com\/#\/schema\/logo\/image\/","url":"https:\/\/saintbody.com\/wp-content\/uploads\/2023\/04\/SaintBody_Logo_Typografia-e1691418926919.png","contentUrl":"https:\/\/saintbody.com\/wp-content\/uploads\/2023\/04\/SaintBody_Logo_Typografia-e1691418926919.png","width":1000,"height":202,"caption":"Sklep Saint Body"},"image":{"@id":"https:\/\/saintbody.com\/#\/schema\/logo\/image\/"},"sameAs":["https:\/\/facebook.com\/saintbody\/"]}]}},"_links":{"self":[{"href":"https:\/\/saintbody.com\/en_gb\/wp-json\/wp\/v2\/product\/58314","targetHints":{"allow":["GET"]}}],"collection":[{"href":"https:\/\/saintbody.com\/en_gb\/wp-json\/wp\/v2\/product"}],"about":[{"href":"https:\/\/saintbody.com\/en_gb\/wp-json\/wp\/v2\/types\/product"}],"wp:featuredmedia":[{"embeddable":true,"href":"https:\/\/saintbody.com\/en_gb\/wp-json\/wp\/v2\/media\/59539"}],"wp:attachment":[{"href":"https:\/\/saintbody.com\/en_gb\/wp-json\/wp\/v2\/media?parent=58314"}],"wp:term":[{"taxonomy":"product_brand","embeddable":true,"href":"https:\/\/saintbody.com\/en_gb\/wp-json\/wp\/v2\/product_brand?post=58314"},{"taxonomy":"product_cat","embeddable":true,"href":"https:\/\/saintbody.com\/en_gb\/wp-json\/wp\/v2\/product_cat?post=58314"},{"taxonomy":"product_tag","embeddable":true,"href":"https:\/\/saintbody.com\/en_gb\/wp-json\/wp\/v2\/product_tag?post=58314"}],"curies":[{"name":"wp","href":"https:\/\/api.w.org\/{rel}","templated":true}]}}