{"id":58303,"date":"2025-10-27T15:43:41","date_gmt":"2025-10-27T14:43:41","guid":{"rendered":"https:\/\/saintbody.com\/?post_type=product&#038;p=58303"},"modified":"2026-04-27T18:37:43","modified_gmt":"2026-04-27T16:37:43","slug":"sukienka-mini-bardot-wine","status":"publish","type":"product","link":"https:\/\/saintbody.com\/en_gb\/sukienka-mini-bardot-wine\/","title":{"rendered":"Mini bardot wine dress"},"content":{"rendered":"<p data-start=\"68\" data-end=\"394\">Phenomenal mini dress in a shade of wine, delighting with voluptuously falling shoulder straps that subtly expose the shoulders while remaining perfectly in place. Its cut is designed to pair perfectly with a bardot bra and beautifully accentuate the natural contours of the figure.<\/p>\n<p data-start=\"396\" data-end=\"714\">Extremely feminine, soft and classy - it will work for elegant events, romantic getaways and everyday outfits when you want to look special. Made from a premium jumper knit with a premium finish, it guarantees a comfortable fit and an eye-catching effect.<\/p>\n<p data-start=\"332\" data-end=\"587\">","protected":false},"excerpt":{"rendered":"<p>Zjawiskowa sukienka mini w odcieniu wine, zachwycaj\u0105ca zmys\u0142owo opadaj\u0105cymi rami\u0105czkami, kt\u00f3re subtelnie eksponuj\u0105 ramiona, pozostaj\u0105c jednocze\u015bnie perfekcyjnie na swoim miejscu. Jej kr\u00f3j zosta\u0142 zaprojektowany tak, by idealnie wsp\u00f3\u0142gra\u0107 z biustonoszem typu bardotka i pi\u0119knie podkre\u015bla\u0107 naturaln\u0105 lini\u0119 sylwetki. Niezwykle kobieca, mi\u0119kka i pe\u0142na klasy &#8211; sprawdzi si\u0119 zar\u00f3wno na eleganckich eventach, romantycznych wyj\u015bciach, jak i [&hellip;]<\/p>","protected":false},"featured_media":59500,"template":"","meta":[],"product_brand":[],"product_cat":[183,26,20],"product_tag":[27],"class_list":{"0":"post-58303","1":"product","2":"type-product","3":"status-publish","4":"has-post-thumbnail","6":"product_cat-sale","7":"product_cat-sukienki","8":"product_cat-wszystko","9":"product_tag-sukienki","11":"first","12":"instock","13":"sale","14":"taxable","15":"shipping-taxable","16":"purchasable","17":"product-type-variable"},"yoast_head":"<!-- This site is optimized with the Yoast SEO plugin v27.0 - https:\/\/yoast.com\/product\/yoast-seo-wordpress\/ -->\n<title>Sukienka o kroju mini bardot w kolorze wine \u2013 elegancka - Sklep SAINTBODY<\/title>\n<meta name=\"description\" content=\"Zjawiskowa sukienka mini w odcieniu g\u0142\u0119bokiego bordo, zachwycaj\u0105ca zmys\u0142owo opadaj\u0105cymi rami\u0105czkami, kt\u00f3re subtelnie eksponuj\u0105 ramiona.\" \/>\n<meta name=\"robots\" content=\"index, follow, max-snippet:-1, max-image-preview:large, max-video-preview:-1\" \/>\n<link rel=\"canonical\" href=\"https:\/\/saintbody.com\/en_gb\/sukienka-mini-bardot-wine\/\" \/>\n<meta property=\"og:locale\" content=\"en_GB\" \/>\n<meta property=\"og:type\" content=\"article\" \/>\n<meta property=\"og:title\" content=\"Sukienka o kroju mini bardot w kolorze wine \u2013 elegancka - Sklep SAINTBODY\" \/>\n<meta property=\"og:description\" content=\"Zjawiskowa sukienka mini w odcieniu g\u0142\u0119bokiego bordo, zachwycaj\u0105ca zmys\u0142owo opadaj\u0105cymi rami\u0105czkami, kt\u00f3re subtelnie eksponuj\u0105 ramiona.\" \/>\n<meta property=\"og:url\" content=\"https:\/\/saintbody.com\/en_gb\/sukienka-mini-bardot-wine\/\" \/>\n<meta property=\"og:site_name\" content=\"Sklep SAINTBODY\" \/>\n<meta property=\"article:publisher\" content=\"https:\/\/facebook.com\/saintbody\/\" \/>\n<meta property=\"article:modified_time\" content=\"2026-04-27T16:37:43+00:00\" \/>\n<meta property=\"og:image\" content=\"https:\/\/saintbody.com\/wp-content\/uploads\/2025\/10\/IMG_8663-scaled-Luci-Studio.jpeg\" \/>\n\t<meta property=\"og:image:width\" content=\"1152\" \/>\n\t<meta property=\"og:image:height\" content=\"2048\" \/>\n\t<meta property=\"og:image:type\" content=\"image\/jpeg\" \/>\n<meta name=\"twitter:card\" content=\"summary_large_image\" \/>\n<meta name=\"twitter:label1\" content=\"Estimated reading time\" \/>\n\t<meta name=\"twitter:data1\" content=\"1 minute\" \/>\n<script type=\"application\/ld+json\" class=\"yoast-schema-graph\">{\"@context\":\"https:\/\/schema.org\",\"@graph\":[{\"@type\":\"WebPage\",\"@id\":\"https:\/\/saintbody.com\/sukienka-mini-bardot-wine\/\",\"url\":\"https:\/\/saintbody.com\/sukienka-mini-bardot-wine\/\",\"name\":\"Sukienka o kroju mini bardot w kolorze wine \u2013 elegancka - Sklep SAINTBODY\",\"isPartOf\":{\"@id\":\"https:\/\/saintbody.com\/#website\"},\"primaryImageOfPage\":{\"@id\":\"https:\/\/saintbody.com\/sukienka-mini-bardot-wine\/#primaryimage\"},\"image\":{\"@id\":\"https:\/\/saintbody.com\/sukienka-mini-bardot-wine\/#primaryimage\"},\"thumbnailUrl\":\"https:\/\/saintbody.com\/wp-content\/uploads\/2025\/10\/IMG_8663-scaled-Luci-Studio.jpeg\",\"datePublished\":\"2025-10-27T14:43:41+00:00\",\"dateModified\":\"2026-04-27T16:37:43+00:00\",\"description\":\"Zjawiskowa sukienka mini w odcieniu g\u0142\u0119bokiego bordo, zachwycaj\u0105ca zmys\u0142owo opadaj\u0105cymi rami\u0105czkami, kt\u00f3re subtelnie eksponuj\u0105 ramiona.\",\"breadcrumb\":{\"@id\":\"https:\/\/saintbody.com\/sukienka-mini-bardot-wine\/#breadcrumb\"},\"inLanguage\":\"en-GB\",\"potentialAction\":[{\"@type\":\"ReadAction\",\"target\":[\"https:\/\/saintbody.com\/sukienka-mini-bardot-wine\/\"]}]},{\"@type\":\"ImageObject\",\"inLanguage\":\"en-GB\",\"@id\":\"https:\/\/saintbody.com\/sukienka-mini-bardot-wine\/#primaryimage\",\"url\":\"https:\/\/saintbody.com\/wp-content\/uploads\/2025\/10\/IMG_8663-scaled-Luci-Studio.jpeg\",\"contentUrl\":\"https:\/\/saintbody.com\/wp-content\/uploads\/2025\/10\/IMG_8663-scaled-Luci-Studio.jpeg\",\"width\":1152,\"height\":2048},{\"@type\":\"BreadcrumbList\",\"@id\":\"https:\/\/saintbody.com\/sukienka-mini-bardot-wine\/#breadcrumb\",\"itemListElement\":[{\"@type\":\"ListItem\",\"position\":1,\"name\":\"Strona g\u0142\u00f3wna\",\"item\":\"https:\/\/saintbody.com\/\"},{\"@type\":\"ListItem\",\"position\":2,\"name\":\"Sklep\",\"item\":\"https:\/\/saintbody.com\/sklep\/\"},{\"@type\":\"ListItem\",\"position\":3,\"name\":\"Sukienka mini bardot wine\"}]},{\"@type\":\"WebSite\",\"@id\":\"https:\/\/saintbody.com\/#website\",\"url\":\"https:\/\/saintbody.com\/\",\"name\":\"Sklep SAINTBODY\",\"description\":\"Premium basic na ka\u00c5\u00bcd\u00c4\u2026 okazje. Ponadczasowe Body, Odzie\u00c5\u00bc damska, Sukienki Damskie\",\"publisher\":{\"@id\":\"https:\/\/saintbody.com\/#organization\"},\"potentialAction\":[{\"@type\":\"SearchAction\",\"target\":{\"@type\":\"EntryPoint\",\"urlTemplate\":\"https:\/\/saintbody.com\/?s={search_term_string}\"},\"query-input\":{\"@type\":\"PropertyValueSpecification\",\"valueRequired\":true,\"valueName\":\"search_term_string\"}}],\"inLanguage\":\"en-GB\"},{\"@type\":\"Organization\",\"@id\":\"https:\/\/saintbody.com\/#organization\",\"name\":\"Sklep Saint Body\",\"url\":\"https:\/\/saintbody.com\/\",\"logo\":{\"@type\":\"ImageObject\",\"inLanguage\":\"en-GB\",\"@id\":\"https:\/\/saintbody.com\/#\/schema\/logo\/image\/\",\"url\":\"https:\/\/saintbody.com\/wp-content\/uploads\/2023\/04\/SaintBody_Logo_Typografia-e1691418926919.png\",\"contentUrl\":\"https:\/\/saintbody.com\/wp-content\/uploads\/2023\/04\/SaintBody_Logo_Typografia-e1691418926919.png\",\"width\":1000,\"height\":202,\"caption\":\"Sklep Saint Body\"},\"image\":{\"@id\":\"https:\/\/saintbody.com\/#\/schema\/logo\/image\/\"},\"sameAs\":[\"https:\/\/facebook.com\/saintbody\/\"]}]}<\/script>\n<!-- \/ Yoast SEO plugin. -->","yoast_head_json":{"title":"Sukienka o kroju mini bardot w kolorze wine \u2013 elegancka - Sklep SAINTBODY","description":"Zjawiskowa sukienka mini w odcieniu g\u0142\u0119bokiego bordo, zachwycaj\u0105ca zmys\u0142owo opadaj\u0105cymi rami\u0105czkami, kt\u00f3re subtelnie eksponuj\u0105 ramiona.","robots":{"index":"index","follow":"follow","max-snippet":"max-snippet:-1","max-image-preview":"max-image-preview:large","max-video-preview":"max-video-preview:-1"},"canonical":"https:\/\/saintbody.com\/en_gb\/sukienka-mini-bardot-wine\/","og_locale":"en_GB","og_type":"article","og_title":"Sukienka o kroju mini bardot w kolorze wine \u2013 elegancka - Sklep SAINTBODY","og_description":"Zjawiskowa sukienka mini w odcieniu g\u0142\u0119bokiego bordo, zachwycaj\u0105ca zmys\u0142owo opadaj\u0105cymi rami\u0105czkami, kt\u00f3re subtelnie eksponuj\u0105 ramiona.","og_url":"https:\/\/saintbody.com\/en_gb\/sukienka-mini-bardot-wine\/","og_site_name":"Sklep SAINTBODY","article_publisher":"https:\/\/facebook.com\/saintbody\/","article_modified_time":"2026-04-27T16:37:43+00:00","og_image":[{"width":1152,"height":2048,"url":"https:\/\/saintbody.com\/wp-content\/uploads\/2025\/10\/IMG_8663-scaled-Luci-Studio.jpeg","type":"image\/jpeg"}],"twitter_card":"summary_large_image","twitter_misc":{"Estimated reading time":"1 minute"},"schema":{"@context":"https:\/\/schema.org","@graph":[{"@type":"WebPage","@id":"https:\/\/saintbody.com\/sukienka-mini-bardot-wine\/","url":"https:\/\/saintbody.com\/sukienka-mini-bardot-wine\/","name":"Sukienka o kroju mini bardot w kolorze wine \u2013 elegancka - Sklep SAINTBODY","isPartOf":{"@id":"https:\/\/saintbody.com\/#website"},"primaryImageOfPage":{"@id":"https:\/\/saintbody.com\/sukienka-mini-bardot-wine\/#primaryimage"},"image":{"@id":"https:\/\/saintbody.com\/sukienka-mini-bardot-wine\/#primaryimage"},"thumbnailUrl":"https:\/\/saintbody.com\/wp-content\/uploads\/2025\/10\/IMG_8663-scaled-Luci-Studio.jpeg","datePublished":"2025-10-27T14:43:41+00:00","dateModified":"2026-04-27T16:37:43+00:00","description":"Zjawiskowa sukienka mini w odcieniu g\u0142\u0119bokiego bordo, zachwycaj\u0105ca zmys\u0142owo opadaj\u0105cymi rami\u0105czkami, kt\u00f3re subtelnie eksponuj\u0105 ramiona.","breadcrumb":{"@id":"https:\/\/saintbody.com\/sukienka-mini-bardot-wine\/#breadcrumb"},"inLanguage":"en-GB","potentialAction":[{"@type":"ReadAction","target":["https:\/\/saintbody.com\/sukienka-mini-bardot-wine\/"]}]},{"@type":"ImageObject","inLanguage":"en-GB","@id":"https:\/\/saintbody.com\/sukienka-mini-bardot-wine\/#primaryimage","url":"https:\/\/saintbody.com\/wp-content\/uploads\/2025\/10\/IMG_8663-scaled-Luci-Studio.jpeg","contentUrl":"https:\/\/saintbody.com\/wp-content\/uploads\/2025\/10\/IMG_8663-scaled-Luci-Studio.jpeg","width":1152,"height":2048},{"@type":"BreadcrumbList","@id":"https:\/\/saintbody.com\/sukienka-mini-bardot-wine\/#breadcrumb","itemListElement":[{"@type":"ListItem","position":1,"name":"Strona g\u0142\u00f3wna","item":"https:\/\/saintbody.com\/"},{"@type":"ListItem","position":2,"name":"Sklep","item":"https:\/\/saintbody.com\/sklep\/"},{"@type":"ListItem","position":3,"name":"Sukienka mini bardot wine"}]},{"@type":"WebSite","@id":"https:\/\/saintbody.com\/#website","url":"https:\/\/saintbody.com\/","name":"Sklep SAINTBODY","description":"Premium basic na ka\u00c5\u00bcd\u00c4\u2026 okazje. Ponadczasowe Body, Odzie\u00c5\u00bc damska, Sukienki Damskie","publisher":{"@id":"https:\/\/saintbody.com\/#organization"},"potentialAction":[{"@type":"SearchAction","target":{"@type":"EntryPoint","urlTemplate":"https:\/\/saintbody.com\/?s={search_term_string}"},"query-input":{"@type":"PropertyValueSpecification","valueRequired":true,"valueName":"search_term_string"}}],"inLanguage":"en-GB"},{"@type":"Organization","@id":"https:\/\/saintbody.com\/#organization","name":"Sklep Saint Body","url":"https:\/\/saintbody.com\/","logo":{"@type":"ImageObject","inLanguage":"en-GB","@id":"https:\/\/saintbody.com\/#\/schema\/logo\/image\/","url":"https:\/\/saintbody.com\/wp-content\/uploads\/2023\/04\/SaintBody_Logo_Typografia-e1691418926919.png","contentUrl":"https:\/\/saintbody.com\/wp-content\/uploads\/2023\/04\/SaintBody_Logo_Typografia-e1691418926919.png","width":1000,"height":202,"caption":"Sklep Saint Body"},"image":{"@id":"https:\/\/saintbody.com\/#\/schema\/logo\/image\/"},"sameAs":["https:\/\/facebook.com\/saintbody\/"]}]}},"_links":{"self":[{"href":"https:\/\/saintbody.com\/en_gb\/wp-json\/wp\/v2\/product\/58303","targetHints":{"allow":["GET"]}}],"collection":[{"href":"https:\/\/saintbody.com\/en_gb\/wp-json\/wp\/v2\/product"}],"about":[{"href":"https:\/\/saintbody.com\/en_gb\/wp-json\/wp\/v2\/types\/product"}],"wp:featuredmedia":[{"embeddable":true,"href":"https:\/\/saintbody.com\/en_gb\/wp-json\/wp\/v2\/media\/59500"}],"wp:attachment":[{"href":"https:\/\/saintbody.com\/en_gb\/wp-json\/wp\/v2\/media?parent=58303"}],"wp:term":[{"taxonomy":"product_brand","embeddable":true,"href":"https:\/\/saintbody.com\/en_gb\/wp-json\/wp\/v2\/product_brand?post=58303"},{"taxonomy":"product_cat","embeddable":true,"href":"https:\/\/saintbody.com\/en_gb\/wp-json\/wp\/v2\/product_cat?post=58303"},{"taxonomy":"product_tag","embeddable":true,"href":"https:\/\/saintbody.com\/en_gb\/wp-json\/wp\/v2\/product_tag?post=58303"}],"curies":[{"name":"wp","href":"https:\/\/api.w.org\/{rel}","templated":true}]}}