{"id":58291,"date":"2025-10-27T13:08:12","date_gmt":"2025-10-27T12:08:12","guid":{"rendered":"https:\/\/saintbody.com\/?post_type=product&#038;p=58291"},"modified":"2026-04-14T16:31:58","modified_gmt":"2026-04-14T14:31:58","slug":"t-shirt-z-poduszkami-z-koronka-szary","status":"publish","type":"product","link":"https:\/\/saintbody.com\/en_gb\/t-shirt-z-poduszkami-z-koronka-szary\/","title":{"rendered":"Cushion T-shirt with lace grey"},"content":{"rendered":"<p data-start=\"37\" data-end=\"283\">This grey T-shirt with cushion detailing and lace is a modern take on a classic that stands out with its subtle yet statement details. The oversized cut adds a casual and lightweight nonchalance, creating the perfect base for everyday styling.<\/p>\n<p data-start=\"285\" data-end=\"578\">The classic, timeless grey gets a new form thanks to the structure of the shoulders - the cushions gently emphasise their line, giving the silhouette proportion and an elegant finish. The intricately incorporated lace, on the other hand, breaks up the simplicity of the cut, adding a feminine, distinctive touch.<\/p>\n<p>The model is 178 cm tall and wears size S<br \/>\nAt Saint Body, we use certified knitted fabrics from local and European suppliers.<\/p>\n<p>Also check out our bestselling\u00a0<a href=\"https:\/\/saintbody.com\/en_gb\/kategoria\/sukienki\/\">dresses<\/a> !<br \/>\nVisit us at <a href=\"https:\/\/www.instagram.com\/saintbodyofficial\/\">instagram<\/a>.<\/p>","protected":false},"excerpt":{"rendered":"<p>This grey T-shirt with cushion detailing and lace is a modern take on a classic that stands out with its subtle yet statement details. The oversize cut adds a casual and light nonchalance, creating the perfect base for everyday styling. The classic, timeless grey takes on a new form thanks to the structure of the shoulders - the cushions gently accentuate their line, adding proportion and an elegant finish to the silhouette. In turn, the intricately [...]<\/p>","protected":false},"featured_media":58597,"template":"","meta":[],"product_brand":[],"product_cat":[20,37],"product_tag":[23],"class_list":{"0":"post-58291","1":"product","2":"type-product","3":"status-publish","4":"has-post-thumbnail","6":"product_cat-wszystko","7":"product_cat-topy","8":"product_tag-body","10":"first","11":"instock","12":"taxable","13":"shipping-taxable","14":"purchasable","15":"product-type-variable"},"yoast_head":"<!-- This site is optimized with the Yoast SEO plugin v27.0 - https:\/\/yoast.com\/product\/yoast-seo-wordpress\/ -->\n<title>T-shirt z poduszkami z koronk\u0105 szary - Subtelne Detale - Sklep SAINTBODY<\/title>\n<meta name=\"description\" content=\"Szary T-shirt z poduszkami i koronk\u0105 to nowoczesna ods\u0142ona klasyki, kt\u00f3ra wyr\u00f3\u017cnia si\u0119 subtelnymi, a jednocze\u015bnie wyrazistymi detalami.\" \/>\n<meta name=\"robots\" content=\"index, follow, max-snippet:-1, max-image-preview:large, max-video-preview:-1\" \/>\n<link rel=\"canonical\" href=\"https:\/\/saintbody.com\/en_gb\/t-shirt-z-poduszkami-z-koronka-szary\/\" \/>\n<meta property=\"og:locale\" content=\"en_GB\" \/>\n<meta property=\"og:type\" content=\"article\" \/>\n<meta property=\"og:title\" content=\"T-shirt z poduszkami z koronk\u0105 szary - Subtelne Detale - Sklep SAINTBODY\" \/>\n<meta property=\"og:description\" content=\"Szary T-shirt z poduszkami i koronk\u0105 to nowoczesna ods\u0142ona klasyki, kt\u00f3ra wyr\u00f3\u017cnia si\u0119 subtelnymi, a jednocze\u015bnie wyrazistymi detalami.\" \/>\n<meta property=\"og:url\" content=\"https:\/\/saintbody.com\/en_gb\/t-shirt-z-poduszkami-z-koronka-szary\/\" \/>\n<meta property=\"og:site_name\" content=\"Sklep SAINTBODY\" \/>\n<meta property=\"article:publisher\" content=\"https:\/\/facebook.com\/saintbody\/\" \/>\n<meta property=\"article:modified_time\" content=\"2026-04-14T14:31:58+00:00\" \/>\n<meta property=\"og:image\" content=\"https:\/\/saintbody.com\/wp-content\/uploads\/2025\/10\/DSCF0918-Edit-scaled.jpg\" \/>\n\t<meta property=\"og:image:width\" content=\"1707\" \/>\n\t<meta property=\"og:image:height\" content=\"2560\" \/>\n\t<meta property=\"og:image:type\" content=\"image\/jpeg\" \/>\n<meta name=\"twitter:card\" content=\"summary_large_image\" \/>\n<meta name=\"twitter:label1\" content=\"Estimated reading time\" \/>\n\t<meta name=\"twitter:data1\" content=\"1 minute\" \/>\n<script type=\"application\/ld+json\" class=\"yoast-schema-graph\">{\"@context\":\"https:\/\/schema.org\",\"@graph\":[{\"@type\":\"WebPage\",\"@id\":\"https:\/\/saintbody.com\/t-shirt-z-poduszkami-z-koronka-szary\/\",\"url\":\"https:\/\/saintbody.com\/t-shirt-z-poduszkami-z-koronka-szary\/\",\"name\":\"T-shirt z poduszkami z koronk\u0105 szary - Subtelne Detale - Sklep SAINTBODY\",\"isPartOf\":{\"@id\":\"https:\/\/saintbody.com\/#website\"},\"primaryImageOfPage\":{\"@id\":\"https:\/\/saintbody.com\/t-shirt-z-poduszkami-z-koronka-szary\/#primaryimage\"},\"image\":{\"@id\":\"https:\/\/saintbody.com\/t-shirt-z-poduszkami-z-koronka-szary\/#primaryimage\"},\"thumbnailUrl\":\"https:\/\/saintbody.com\/wp-content\/uploads\/2025\/10\/DSCF0918-Edit-scaled.jpg\",\"datePublished\":\"2025-10-27T12:08:12+00:00\",\"dateModified\":\"2026-04-14T14:31:58+00:00\",\"description\":\"Szary T-shirt z poduszkami i koronk\u0105 to nowoczesna ods\u0142ona klasyki, kt\u00f3ra wyr\u00f3\u017cnia si\u0119 subtelnymi, a jednocze\u015bnie wyrazistymi detalami.\",\"breadcrumb\":{\"@id\":\"https:\/\/saintbody.com\/t-shirt-z-poduszkami-z-koronka-szary\/#breadcrumb\"},\"inLanguage\":\"en-GB\",\"potentialAction\":[{\"@type\":\"ReadAction\",\"target\":[\"https:\/\/saintbody.com\/t-shirt-z-poduszkami-z-koronka-szary\/\"]}]},{\"@type\":\"ImageObject\",\"inLanguage\":\"en-GB\",\"@id\":\"https:\/\/saintbody.com\/t-shirt-z-poduszkami-z-koronka-szary\/#primaryimage\",\"url\":\"https:\/\/saintbody.com\/wp-content\/uploads\/2025\/10\/DSCF0918-Edit-scaled.jpg\",\"contentUrl\":\"https:\/\/saintbody.com\/wp-content\/uploads\/2025\/10\/DSCF0918-Edit-scaled.jpg\",\"width\":1707,\"height\":2560},{\"@type\":\"BreadcrumbList\",\"@id\":\"https:\/\/saintbody.com\/t-shirt-z-poduszkami-z-koronka-szary\/#breadcrumb\",\"itemListElement\":[{\"@type\":\"ListItem\",\"position\":1,\"name\":\"Strona g\u0142\u00f3wna\",\"item\":\"https:\/\/saintbody.com\/\"},{\"@type\":\"ListItem\",\"position\":2,\"name\":\"Sklep\",\"item\":\"https:\/\/saintbody.com\/sklep\/\"},{\"@type\":\"ListItem\",\"position\":3,\"name\":\"T-shirt z poduszkami z koronk\u0105 szary\"}]},{\"@type\":\"WebSite\",\"@id\":\"https:\/\/saintbody.com\/#website\",\"url\":\"https:\/\/saintbody.com\/\",\"name\":\"Sklep SAINTBODY\",\"description\":\"Premium basic na ka\u00c5\u00bcd\u00c4\u2026 okazje. Ponadczasowe Body, Odzie\u00c5\u00bc damska, Sukienki Damskie\",\"publisher\":{\"@id\":\"https:\/\/saintbody.com\/#organization\"},\"potentialAction\":[{\"@type\":\"SearchAction\",\"target\":{\"@type\":\"EntryPoint\",\"urlTemplate\":\"https:\/\/saintbody.com\/?s={search_term_string}\"},\"query-input\":{\"@type\":\"PropertyValueSpecification\",\"valueRequired\":true,\"valueName\":\"search_term_string\"}}],\"inLanguage\":\"en-GB\"},{\"@type\":\"Organization\",\"@id\":\"https:\/\/saintbody.com\/#organization\",\"name\":\"Sklep Saint Body\",\"url\":\"https:\/\/saintbody.com\/\",\"logo\":{\"@type\":\"ImageObject\",\"inLanguage\":\"en-GB\",\"@id\":\"https:\/\/saintbody.com\/#\/schema\/logo\/image\/\",\"url\":\"https:\/\/saintbody.com\/wp-content\/uploads\/2023\/04\/SaintBody_Logo_Typografia-e1691418926919.png\",\"contentUrl\":\"https:\/\/saintbody.com\/wp-content\/uploads\/2023\/04\/SaintBody_Logo_Typografia-e1691418926919.png\",\"width\":1000,\"height\":202,\"caption\":\"Sklep Saint Body\"},\"image\":{\"@id\":\"https:\/\/saintbody.com\/#\/schema\/logo\/image\/\"},\"sameAs\":[\"https:\/\/facebook.com\/saintbody\/\"]}]}<\/script>\n<!-- \/ Yoast SEO plugin. -->","yoast_head_json":{"title":"T-shirt z poduszkami z koronk\u0105 szary - Subtelne Detale - Sklep SAINTBODY","description":"Szary T-shirt z poduszkami i koronk\u0105 to nowoczesna ods\u0142ona klasyki, kt\u00f3ra wyr\u00f3\u017cnia si\u0119 subtelnymi, a jednocze\u015bnie wyrazistymi detalami.","robots":{"index":"index","follow":"follow","max-snippet":"max-snippet:-1","max-image-preview":"max-image-preview:large","max-video-preview":"max-video-preview:-1"},"canonical":"https:\/\/saintbody.com\/en_gb\/t-shirt-z-poduszkami-z-koronka-szary\/","og_locale":"en_GB","og_type":"article","og_title":"T-shirt z poduszkami z koronk\u0105 szary - Subtelne Detale - Sklep SAINTBODY","og_description":"Szary T-shirt z poduszkami i koronk\u0105 to nowoczesna ods\u0142ona klasyki, kt\u00f3ra wyr\u00f3\u017cnia si\u0119 subtelnymi, a jednocze\u015bnie wyrazistymi detalami.","og_url":"https:\/\/saintbody.com\/en_gb\/t-shirt-z-poduszkami-z-koronka-szary\/","og_site_name":"Sklep SAINTBODY","article_publisher":"https:\/\/facebook.com\/saintbody\/","article_modified_time":"2026-04-14T14:31:58+00:00","og_image":[{"width":1707,"height":2560,"url":"https:\/\/saintbody.com\/wp-content\/uploads\/2025\/10\/DSCF0918-Edit-scaled.jpg","type":"image\/jpeg"}],"twitter_card":"summary_large_image","twitter_misc":{"Estimated reading time":"1 minute"},"schema":{"@context":"https:\/\/schema.org","@graph":[{"@type":"WebPage","@id":"https:\/\/saintbody.com\/t-shirt-z-poduszkami-z-koronka-szary\/","url":"https:\/\/saintbody.com\/t-shirt-z-poduszkami-z-koronka-szary\/","name":"T-shirt z poduszkami z koronk\u0105 szary - Subtelne Detale - Sklep SAINTBODY","isPartOf":{"@id":"https:\/\/saintbody.com\/#website"},"primaryImageOfPage":{"@id":"https:\/\/saintbody.com\/t-shirt-z-poduszkami-z-koronka-szary\/#primaryimage"},"image":{"@id":"https:\/\/saintbody.com\/t-shirt-z-poduszkami-z-koronka-szary\/#primaryimage"},"thumbnailUrl":"https:\/\/saintbody.com\/wp-content\/uploads\/2025\/10\/DSCF0918-Edit-scaled.jpg","datePublished":"2025-10-27T12:08:12+00:00","dateModified":"2026-04-14T14:31:58+00:00","description":"Szary T-shirt z poduszkami i koronk\u0105 to nowoczesna ods\u0142ona klasyki, kt\u00f3ra wyr\u00f3\u017cnia si\u0119 subtelnymi, a jednocze\u015bnie wyrazistymi detalami.","breadcrumb":{"@id":"https:\/\/saintbody.com\/t-shirt-z-poduszkami-z-koronka-szary\/#breadcrumb"},"inLanguage":"en-GB","potentialAction":[{"@type":"ReadAction","target":["https:\/\/saintbody.com\/t-shirt-z-poduszkami-z-koronka-szary\/"]}]},{"@type":"ImageObject","inLanguage":"en-GB","@id":"https:\/\/saintbody.com\/t-shirt-z-poduszkami-z-koronka-szary\/#primaryimage","url":"https:\/\/saintbody.com\/wp-content\/uploads\/2025\/10\/DSCF0918-Edit-scaled.jpg","contentUrl":"https:\/\/saintbody.com\/wp-content\/uploads\/2025\/10\/DSCF0918-Edit-scaled.jpg","width":1707,"height":2560},{"@type":"BreadcrumbList","@id":"https:\/\/saintbody.com\/t-shirt-z-poduszkami-z-koronka-szary\/#breadcrumb","itemListElement":[{"@type":"ListItem","position":1,"name":"Strona g\u0142\u00f3wna","item":"https:\/\/saintbody.com\/"},{"@type":"ListItem","position":2,"name":"Sklep","item":"https:\/\/saintbody.com\/sklep\/"},{"@type":"ListItem","position":3,"name":"T-shirt z poduszkami z koronk\u0105 szary"}]},{"@type":"WebSite","@id":"https:\/\/saintbody.com\/#website","url":"https:\/\/saintbody.com\/","name":"Sklep SAINTBODY","description":"Premium basic na ka\u00c5\u00bcd\u00c4\u2026 okazje. Ponadczasowe Body, Odzie\u00c5\u00bc damska, Sukienki Damskie","publisher":{"@id":"https:\/\/saintbody.com\/#organization"},"potentialAction":[{"@type":"SearchAction","target":{"@type":"EntryPoint","urlTemplate":"https:\/\/saintbody.com\/?s={search_term_string}"},"query-input":{"@type":"PropertyValueSpecification","valueRequired":true,"valueName":"search_term_string"}}],"inLanguage":"en-GB"},{"@type":"Organization","@id":"https:\/\/saintbody.com\/#organization","name":"Sklep Saint Body","url":"https:\/\/saintbody.com\/","logo":{"@type":"ImageObject","inLanguage":"en-GB","@id":"https:\/\/saintbody.com\/#\/schema\/logo\/image\/","url":"https:\/\/saintbody.com\/wp-content\/uploads\/2023\/04\/SaintBody_Logo_Typografia-e1691418926919.png","contentUrl":"https:\/\/saintbody.com\/wp-content\/uploads\/2023\/04\/SaintBody_Logo_Typografia-e1691418926919.png","width":1000,"height":202,"caption":"Sklep Saint Body"},"image":{"@id":"https:\/\/saintbody.com\/#\/schema\/logo\/image\/"},"sameAs":["https:\/\/facebook.com\/saintbody\/"]}]}},"_links":{"self":[{"href":"https:\/\/saintbody.com\/en_gb\/wp-json\/wp\/v2\/product\/58291","targetHints":{"allow":["GET"]}}],"collection":[{"href":"https:\/\/saintbody.com\/en_gb\/wp-json\/wp\/v2\/product"}],"about":[{"href":"https:\/\/saintbody.com\/en_gb\/wp-json\/wp\/v2\/types\/product"}],"wp:featuredmedia":[{"embeddable":true,"href":"https:\/\/saintbody.com\/en_gb\/wp-json\/wp\/v2\/media\/58597"}],"wp:attachment":[{"href":"https:\/\/saintbody.com\/en_gb\/wp-json\/wp\/v2\/media?parent=58291"}],"wp:term":[{"taxonomy":"product_brand","embeddable":true,"href":"https:\/\/saintbody.com\/en_gb\/wp-json\/wp\/v2\/product_brand?post=58291"},{"taxonomy":"product_cat","embeddable":true,"href":"https:\/\/saintbody.com\/en_gb\/wp-json\/wp\/v2\/product_cat?post=58291"},{"taxonomy":"product_tag","embeddable":true,"href":"https:\/\/saintbody.com\/en_gb\/wp-json\/wp\/v2\/product_tag?post=58291"}],"curies":[{"name":"wp","href":"https:\/\/api.w.org\/{rel}","templated":true}]}}