{"id":58275,"date":"2025-10-24T20:00:45","date_gmt":"2025-10-24T18:00:45","guid":{"rendered":"https:\/\/saintbody.com\/?post_type=product&#038;p=58275"},"modified":"2026-03-11T10:04:27","modified_gmt":"2026-03-11T09:04:27","slug":"spodniczka-z-weganskiej-skory-czarna","status":"publish","type":"product","link":"https:\/\/saintbody.com\/en_gb\/spodniczka-z-weganskiej-skory-czarna\/","title":{"rendered":"Skirt in vegan leather black"},"content":{"rendered":"<p>Vegan leather mini skirt in black. Made in 100% from top quality vegan leather on a viscose lining. The skirt has a patch on the left side. Fastened with a covered zip. It looks perfect paired with our matching corset or turtleneck and high boots.<\/p>\n<p>The model is 177 cm tall and wears a size S.<\/p>\n<p>Also check out our bestselling\u00a0<a href=\"https:\/\/saintbody.com\/en_gb\/kategoria\/body\/\">body<\/a> !<br \/>\nVisit us at <a href=\"https:\/\/www.instagram.com\/saintbodyofficial\/\">instagram<\/a>.<\/p>","protected":false},"excerpt":{"rendered":"<p>Sp\u00f3dniczka z wega\u0144skiej sk\u00f3ry mini w kolorze czarnym. Wykonana w 100% z wega\u0144skiej sk\u00f3ry najwy\u017cszej jako\u015bci na podszewce wiskozowej. Sp\u00f3dniczka posiada patk\u0119 po lewej stronie. Zapinana na kryty zamek. Idealnie prezentuje si\u0119 w zestawie z naszym gorsetem do kompletu lub golfem oraz wysokimi kozakami. Modelka ma 177 cm wzrostu, nosi rozm. S Sprawd\u017a r\u00f3wnie\u017c nasze [&hellip;]<\/p>","protected":false},"featured_media":58280,"template":"","meta":[],"product_brand":[],"product_cat":[186,45,20],"product_tag":[185],"class_list":{"0":"post-58275","1":"product","2":"type-product","3":"status-publish","4":"has-post-thumbnail","6":"product_cat-newin","7":"product_cat-spodnice","8":"product_cat-wszystko","9":"product_tag-top","11":"first","12":"outofstock","13":"taxable","14":"shipping-taxable","15":"purchasable","16":"product-type-variable"},"yoast_head":"<!-- This site is optimized with the Yoast SEO plugin v27.0 - https:\/\/yoast.com\/product\/yoast-seo-wordpress\/ -->\n<title>Czarna sp\u00f3dniczka mini z wega\u0144skiej sk\u00f3ry - Sklep SAINTBODY<\/title>\n<meta name=\"description\" content=\"Sp\u00f3dniczka z wega\u0144skiej sk\u00f3ry mini w kolorze czarnym. Wykonana w 100% z wega\u0144skiej sk\u00f3ry najwy\u017cszej jako\u015bci na podszewce wiskozowej.\" \/>\n<meta name=\"robots\" content=\"index, follow, max-snippet:-1, max-image-preview:large, max-video-preview:-1\" \/>\n<link rel=\"canonical\" href=\"https:\/\/saintbody.com\/en_gb\/spodniczka-z-weganskiej-skory-czarna\/\" \/>\n<meta property=\"og:locale\" content=\"en_GB\" \/>\n<meta property=\"og:type\" content=\"article\" \/>\n<meta property=\"og:title\" content=\"Czarna sp\u00f3dniczka mini z wega\u0144skiej sk\u00f3ry - Sklep SAINTBODY\" \/>\n<meta property=\"og:description\" content=\"Sp\u00f3dniczka z wega\u0144skiej sk\u00f3ry mini w kolorze czarnym. Wykonana w 100% z wega\u0144skiej sk\u00f3ry najwy\u017cszej jako\u015bci na podszewce wiskozowej.\" \/>\n<meta property=\"og:url\" content=\"https:\/\/saintbody.com\/en_gb\/spodniczka-z-weganskiej-skory-czarna\/\" \/>\n<meta property=\"og:site_name\" content=\"Sklep SAINTBODY\" \/>\n<meta property=\"article:publisher\" content=\"https:\/\/facebook.com\/saintbody\/\" \/>\n<meta property=\"article:modified_time\" content=\"2026-03-11T09:04:27+00:00\" \/>\n<meta property=\"og:image\" content=\"https:\/\/saintbody.com\/wp-content\/uploads\/2025\/10\/SAINTBODY.OCT25_img12-scaled.jpeg\" \/>\n\t<meta property=\"og:image:width\" content=\"1829\" \/>\n\t<meta property=\"og:image:height\" content=\"2560\" \/>\n\t<meta property=\"og:image:type\" content=\"image\/jpeg\" \/>\n<meta name=\"twitter:card\" content=\"summary_large_image\" \/>\n<meta name=\"twitter:label1\" content=\"Estimated reading time\" \/>\n\t<meta name=\"twitter:data1\" content=\"1 minute\" \/>\n<script type=\"application\/ld+json\" class=\"yoast-schema-graph\">{\"@context\":\"https:\/\/schema.org\",\"@graph\":[{\"@type\":\"WebPage\",\"@id\":\"https:\/\/saintbody.com\/spodniczka-z-weganskiej-skory-czarna\/\",\"url\":\"https:\/\/saintbody.com\/spodniczka-z-weganskiej-skory-czarna\/\",\"name\":\"Czarna sp\u00f3dniczka mini z wega\u0144skiej sk\u00f3ry - Sklep SAINTBODY\",\"isPartOf\":{\"@id\":\"https:\/\/saintbody.com\/#website\"},\"primaryImageOfPage\":{\"@id\":\"https:\/\/saintbody.com\/spodniczka-z-weganskiej-skory-czarna\/#primaryimage\"},\"image\":{\"@id\":\"https:\/\/saintbody.com\/spodniczka-z-weganskiej-skory-czarna\/#primaryimage\"},\"thumbnailUrl\":\"https:\/\/saintbody.com\/wp-content\/uploads\/2025\/10\/SAINTBODY.OCT25_img12-scaled.jpeg\",\"datePublished\":\"2025-10-24T18:00:45+00:00\",\"dateModified\":\"2026-03-11T09:04:27+00:00\",\"description\":\"Sp\u00f3dniczka z wega\u0144skiej sk\u00f3ry mini w kolorze czarnym. Wykonana w 100% z wega\u0144skiej sk\u00f3ry najwy\u017cszej jako\u015bci na podszewce wiskozowej.\",\"breadcrumb\":{\"@id\":\"https:\/\/saintbody.com\/spodniczka-z-weganskiej-skory-czarna\/#breadcrumb\"},\"inLanguage\":\"en-GB\",\"potentialAction\":[{\"@type\":\"ReadAction\",\"target\":[\"https:\/\/saintbody.com\/spodniczka-z-weganskiej-skory-czarna\/\"]}]},{\"@type\":\"ImageObject\",\"inLanguage\":\"en-GB\",\"@id\":\"https:\/\/saintbody.com\/spodniczka-z-weganskiej-skory-czarna\/#primaryimage\",\"url\":\"https:\/\/saintbody.com\/wp-content\/uploads\/2025\/10\/SAINTBODY.OCT25_img12-scaled.jpeg\",\"contentUrl\":\"https:\/\/saintbody.com\/wp-content\/uploads\/2025\/10\/SAINTBODY.OCT25_img12-scaled.jpeg\",\"width\":1829,\"height\":2560},{\"@type\":\"BreadcrumbList\",\"@id\":\"https:\/\/saintbody.com\/spodniczka-z-weganskiej-skory-czarna\/#breadcrumb\",\"itemListElement\":[{\"@type\":\"ListItem\",\"position\":1,\"name\":\"Strona g\u0142\u00f3wna\",\"item\":\"https:\/\/saintbody.com\/\"},{\"@type\":\"ListItem\",\"position\":2,\"name\":\"Sklep\",\"item\":\"https:\/\/saintbody.com\/sklep\/\"},{\"@type\":\"ListItem\",\"position\":3,\"name\":\"Sp\u00f3dniczka z wega\u0144skiej sk\u00f3ry czarna\"}]},{\"@type\":\"WebSite\",\"@id\":\"https:\/\/saintbody.com\/#website\",\"url\":\"https:\/\/saintbody.com\/\",\"name\":\"Sklep SAINTBODY\",\"description\":\"Premium basic na ka\u00c5\u00bcd\u00c4\u2026 okazje. Ponadczasowe Body, Odzie\u00c5\u00bc damska, Sukienki Damskie\",\"publisher\":{\"@id\":\"https:\/\/saintbody.com\/#organization\"},\"potentialAction\":[{\"@type\":\"SearchAction\",\"target\":{\"@type\":\"EntryPoint\",\"urlTemplate\":\"https:\/\/saintbody.com\/?s={search_term_string}\"},\"query-input\":{\"@type\":\"PropertyValueSpecification\",\"valueRequired\":true,\"valueName\":\"search_term_string\"}}],\"inLanguage\":\"en-GB\"},{\"@type\":\"Organization\",\"@id\":\"https:\/\/saintbody.com\/#organization\",\"name\":\"Sklep Saint Body\",\"url\":\"https:\/\/saintbody.com\/\",\"logo\":{\"@type\":\"ImageObject\",\"inLanguage\":\"en-GB\",\"@id\":\"https:\/\/saintbody.com\/#\/schema\/logo\/image\/\",\"url\":\"https:\/\/saintbody.com\/wp-content\/uploads\/2023\/04\/SaintBody_Logo_Typografia-e1691418926919.png\",\"contentUrl\":\"https:\/\/saintbody.com\/wp-content\/uploads\/2023\/04\/SaintBody_Logo_Typografia-e1691418926919.png\",\"width\":1000,\"height\":202,\"caption\":\"Sklep Saint Body\"},\"image\":{\"@id\":\"https:\/\/saintbody.com\/#\/schema\/logo\/image\/\"},\"sameAs\":[\"https:\/\/facebook.com\/saintbody\/\"]}]}<\/script>\n<!-- \/ Yoast SEO plugin. -->","yoast_head_json":{"title":"Czarna sp\u00f3dniczka mini z wega\u0144skiej sk\u00f3ry - Sklep SAINTBODY","description":"Sp\u00f3dniczka z wega\u0144skiej sk\u00f3ry mini w kolorze czarnym. Wykonana w 100% z wega\u0144skiej sk\u00f3ry najwy\u017cszej jako\u015bci na podszewce wiskozowej.","robots":{"index":"index","follow":"follow","max-snippet":"max-snippet:-1","max-image-preview":"max-image-preview:large","max-video-preview":"max-video-preview:-1"},"canonical":"https:\/\/saintbody.com\/en_gb\/spodniczka-z-weganskiej-skory-czarna\/","og_locale":"en_GB","og_type":"article","og_title":"Czarna sp\u00f3dniczka mini z wega\u0144skiej sk\u00f3ry - Sklep SAINTBODY","og_description":"Sp\u00f3dniczka z wega\u0144skiej sk\u00f3ry mini w kolorze czarnym. Wykonana w 100% z wega\u0144skiej sk\u00f3ry najwy\u017cszej jako\u015bci na podszewce wiskozowej.","og_url":"https:\/\/saintbody.com\/en_gb\/spodniczka-z-weganskiej-skory-czarna\/","og_site_name":"Sklep SAINTBODY","article_publisher":"https:\/\/facebook.com\/saintbody\/","article_modified_time":"2026-03-11T09:04:27+00:00","og_image":[{"width":1829,"height":2560,"url":"https:\/\/saintbody.com\/wp-content\/uploads\/2025\/10\/SAINTBODY.OCT25_img12-scaled.jpeg","type":"image\/jpeg"}],"twitter_card":"summary_large_image","twitter_misc":{"Estimated reading time":"1 minute"},"schema":{"@context":"https:\/\/schema.org","@graph":[{"@type":"WebPage","@id":"https:\/\/saintbody.com\/spodniczka-z-weganskiej-skory-czarna\/","url":"https:\/\/saintbody.com\/spodniczka-z-weganskiej-skory-czarna\/","name":"Czarna sp\u00f3dniczka mini z wega\u0144skiej sk\u00f3ry - Sklep SAINTBODY","isPartOf":{"@id":"https:\/\/saintbody.com\/#website"},"primaryImageOfPage":{"@id":"https:\/\/saintbody.com\/spodniczka-z-weganskiej-skory-czarna\/#primaryimage"},"image":{"@id":"https:\/\/saintbody.com\/spodniczka-z-weganskiej-skory-czarna\/#primaryimage"},"thumbnailUrl":"https:\/\/saintbody.com\/wp-content\/uploads\/2025\/10\/SAINTBODY.OCT25_img12-scaled.jpeg","datePublished":"2025-10-24T18:00:45+00:00","dateModified":"2026-03-11T09:04:27+00:00","description":"Sp\u00f3dniczka z wega\u0144skiej sk\u00f3ry mini w kolorze czarnym. Wykonana w 100% z wega\u0144skiej sk\u00f3ry najwy\u017cszej jako\u015bci na podszewce wiskozowej.","breadcrumb":{"@id":"https:\/\/saintbody.com\/spodniczka-z-weganskiej-skory-czarna\/#breadcrumb"},"inLanguage":"en-GB","potentialAction":[{"@type":"ReadAction","target":["https:\/\/saintbody.com\/spodniczka-z-weganskiej-skory-czarna\/"]}]},{"@type":"ImageObject","inLanguage":"en-GB","@id":"https:\/\/saintbody.com\/spodniczka-z-weganskiej-skory-czarna\/#primaryimage","url":"https:\/\/saintbody.com\/wp-content\/uploads\/2025\/10\/SAINTBODY.OCT25_img12-scaled.jpeg","contentUrl":"https:\/\/saintbody.com\/wp-content\/uploads\/2025\/10\/SAINTBODY.OCT25_img12-scaled.jpeg","width":1829,"height":2560},{"@type":"BreadcrumbList","@id":"https:\/\/saintbody.com\/spodniczka-z-weganskiej-skory-czarna\/#breadcrumb","itemListElement":[{"@type":"ListItem","position":1,"name":"Strona g\u0142\u00f3wna","item":"https:\/\/saintbody.com\/"},{"@type":"ListItem","position":2,"name":"Sklep","item":"https:\/\/saintbody.com\/sklep\/"},{"@type":"ListItem","position":3,"name":"Sp\u00f3dniczka z wega\u0144skiej sk\u00f3ry czarna"}]},{"@type":"WebSite","@id":"https:\/\/saintbody.com\/#website","url":"https:\/\/saintbody.com\/","name":"Sklep SAINTBODY","description":"Premium basic na ka\u00c5\u00bcd\u00c4\u2026 okazje. Ponadczasowe Body, Odzie\u00c5\u00bc damska, Sukienki Damskie","publisher":{"@id":"https:\/\/saintbody.com\/#organization"},"potentialAction":[{"@type":"SearchAction","target":{"@type":"EntryPoint","urlTemplate":"https:\/\/saintbody.com\/?s={search_term_string}"},"query-input":{"@type":"PropertyValueSpecification","valueRequired":true,"valueName":"search_term_string"}}],"inLanguage":"en-GB"},{"@type":"Organization","@id":"https:\/\/saintbody.com\/#organization","name":"Sklep Saint Body","url":"https:\/\/saintbody.com\/","logo":{"@type":"ImageObject","inLanguage":"en-GB","@id":"https:\/\/saintbody.com\/#\/schema\/logo\/image\/","url":"https:\/\/saintbody.com\/wp-content\/uploads\/2023\/04\/SaintBody_Logo_Typografia-e1691418926919.png","contentUrl":"https:\/\/saintbody.com\/wp-content\/uploads\/2023\/04\/SaintBody_Logo_Typografia-e1691418926919.png","width":1000,"height":202,"caption":"Sklep Saint Body"},"image":{"@id":"https:\/\/saintbody.com\/#\/schema\/logo\/image\/"},"sameAs":["https:\/\/facebook.com\/saintbody\/"]}]}},"_links":{"self":[{"href":"https:\/\/saintbody.com\/en_gb\/wp-json\/wp\/v2\/product\/58275","targetHints":{"allow":["GET"]}}],"collection":[{"href":"https:\/\/saintbody.com\/en_gb\/wp-json\/wp\/v2\/product"}],"about":[{"href":"https:\/\/saintbody.com\/en_gb\/wp-json\/wp\/v2\/types\/product"}],"wp:featuredmedia":[{"embeddable":true,"href":"https:\/\/saintbody.com\/en_gb\/wp-json\/wp\/v2\/media\/58280"}],"wp:attachment":[{"href":"https:\/\/saintbody.com\/en_gb\/wp-json\/wp\/v2\/media?parent=58275"}],"wp:term":[{"taxonomy":"product_brand","embeddable":true,"href":"https:\/\/saintbody.com\/en_gb\/wp-json\/wp\/v2\/product_brand?post=58275"},{"taxonomy":"product_cat","embeddable":true,"href":"https:\/\/saintbody.com\/en_gb\/wp-json\/wp\/v2\/product_cat?post=58275"},{"taxonomy":"product_tag","embeddable":true,"href":"https:\/\/saintbody.com\/en_gb\/wp-json\/wp\/v2\/product_tag?post=58275"}],"curies":[{"name":"wp","href":"https:\/\/api.w.org\/{rel}","templated":true}]}}