{"id":58258,"date":"2025-10-24T18:01:48","date_gmt":"2025-10-24T16:01:48","guid":{"rendered":"https:\/\/saintbody.com\/?post_type=product&#038;p=58258"},"modified":"2026-04-05T21:26:04","modified_gmt":"2026-04-05T19:26:04","slug":"body-z-v-na-plecach-coffee","status":"publish","type":"product","link":"https:\/\/saintbody.com\/en_gb\/body-z-v-na-plecach-coffee\/","title":{"rendered":"Body with V on the back coffee"},"content":{"rendered":"<p>Our bestselling bodysuit with a deep V-cut on the back now in a new shade - coffee. A soft and cool shade of brown. Perfect for everyday and special occasions. Great for everyday wear with jeans or in the evening with elegant trousers. The double layer of fine knitwear ensures comfort. Fastened with delicate metal springs. Nickel-free. Also available in other colours: ecru, black, khaki.<\/p>\n<p>Product sewn in Poland from fabric produced in a Polish knitting mill.<br \/>\nThe model is 175 cm tall and wears a size S.<\/p>\n<p>Also check out our bestselling\u00a0<a href=\"https:\/\/saintbody.com\/en_gb\/kategoria\/sukienki\/\">dresses<\/a> !<br \/>\nVisit us at <a href=\"https:\/\/www.instagram.com\/saintbodyofficial\/\">instagram<\/a>.<\/p>","protected":false},"excerpt":{"rendered":"<p>Nasze bestsellerowe body z g\u0142\u0119bokim wyci\u0119ciem V na plecach teraz w nowym odcieniu &#8211; coffee. Delikatnym i ch\u0142odnym odcieniu br\u0105zu. Idealne na codzie\u0144 i na wyj\u0105tkowe okazje. \u015awietne w codziennej stylizacji do jeans\u00f3w, b\u0105d\u017a wieczorem do eleganckich spodni. Podw\u00f3jna warstwa delikatnej dzianiny zapewnia komfort noszenia. Zapinane na delikatne metalowe springi. Wolne od niklu. Dost\u0119pne r\u00f3wnie\u017c [&hellip;]<\/p>","protected":false},"featured_media":58575,"template":"","meta":[],"product_brand":[],"product_cat":[21,183,20],"product_tag":[23],"class_list":{"0":"post-58258","1":"product","2":"type-product","3":"status-publish","4":"has-post-thumbnail","6":"product_cat-body-damskie","7":"product_cat-sale","8":"product_cat-wszystko","9":"product_tag-body","11":"first","12":"instock","13":"sale","14":"taxable","15":"shipping-taxable","16":"purchasable","17":"product-type-variable","18":"has-default-attributes"},"yoast_head":"<!-- This site is optimized with the Yoast SEO plugin v27.0 - https:\/\/yoast.com\/product\/yoast-seo-wordpress\/ -->\n<title>Body z g\u0142\u0119bokim wyci\u0119ciem na plecach czarne - Saintbody<\/title>\n<meta name=\"description\" content=\"Nasze bestsellerowe czarne body z g\u0142\u0119bokim wyci\u0119ciem V na plecach, idealne na randk\u0119. Body seksownie eksponuje plecy. Saintbody\" \/>\n<meta name=\"robots\" content=\"index, follow, max-snippet:-1, max-image-preview:large, max-video-preview:-1\" \/>\n<link rel=\"canonical\" href=\"https:\/\/saintbody.com\/en_gb\/body-z-v-na-plecach-coffee\/\" \/>\n<meta property=\"og:locale\" content=\"en_GB\" \/>\n<meta property=\"og:type\" content=\"article\" \/>\n<meta property=\"og:title\" content=\"Body z g\u0142\u0119bokim wyci\u0119ciem na plecach czarne - Saintbody\" \/>\n<meta property=\"og:description\" content=\"Nasze bestsellerowe czarne body z g\u0142\u0119bokim wyci\u0119ciem V na plecach, idealne na randk\u0119. Body seksownie eksponuje plecy. Saintbody\" \/>\n<meta property=\"og:url\" content=\"https:\/\/saintbody.com\/en_gb\/body-z-v-na-plecach-coffee\/\" \/>\n<meta property=\"og:site_name\" content=\"Sklep SAINTBODY\" \/>\n<meta property=\"article:publisher\" content=\"https:\/\/facebook.com\/saintbody\/\" \/>\n<meta property=\"article:modified_time\" content=\"2026-04-05T19:26:04+00:00\" \/>\n<meta property=\"og:image\" content=\"https:\/\/saintbody.com\/wp-content\/uploads\/2025\/10\/DSCF0578-Edit-scaled-e1763389002715.jpg\" \/>\n\t<meta property=\"og:image:width\" content=\"1500\" \/>\n\t<meta property=\"og:image:height\" content=\"2250\" \/>\n\t<meta property=\"og:image:type\" content=\"image\/jpeg\" \/>\n<meta name=\"twitter:card\" content=\"summary_large_image\" \/>\n<meta name=\"twitter:label1\" content=\"Estimated reading time\" \/>\n\t<meta name=\"twitter:data1\" content=\"1 minute\" \/>\n<script type=\"application\/ld+json\" class=\"yoast-schema-graph\">{\"@context\":\"https:\/\/schema.org\",\"@graph\":[{\"@type\":\"WebPage\",\"@id\":\"https:\/\/saintbody.com\/body-z-v-na-plecach-coffee\/\",\"url\":\"https:\/\/saintbody.com\/body-z-v-na-plecach-coffee\/\",\"name\":\"Body z g\u0142\u0119bokim wyci\u0119ciem na plecach czarne - Saintbody\",\"isPartOf\":{\"@id\":\"https:\/\/saintbody.com\/#website\"},\"primaryImageOfPage\":{\"@id\":\"https:\/\/saintbody.com\/body-z-v-na-plecach-coffee\/#primaryimage\"},\"image\":{\"@id\":\"https:\/\/saintbody.com\/body-z-v-na-plecach-coffee\/#primaryimage\"},\"thumbnailUrl\":\"https:\/\/saintbody.com\/wp-content\/uploads\/2025\/10\/DSCF0578-Edit-scaled-e1763389002715.jpg\",\"datePublished\":\"2025-10-24T16:01:48+00:00\",\"dateModified\":\"2026-04-05T19:26:04+00:00\",\"description\":\"Nasze bestsellerowe czarne body z g\u0142\u0119bokim wyci\u0119ciem V na plecach, idealne na randk\u0119. Body seksownie eksponuje plecy. Saintbody\",\"breadcrumb\":{\"@id\":\"https:\/\/saintbody.com\/body-z-v-na-plecach-coffee\/#breadcrumb\"},\"inLanguage\":\"en-GB\",\"potentialAction\":[{\"@type\":\"ReadAction\",\"target\":[\"https:\/\/saintbody.com\/body-z-v-na-plecach-coffee\/\"]}]},{\"@type\":\"ImageObject\",\"inLanguage\":\"en-GB\",\"@id\":\"https:\/\/saintbody.com\/body-z-v-na-plecach-coffee\/#primaryimage\",\"url\":\"https:\/\/saintbody.com\/wp-content\/uploads\/2025\/10\/DSCF0578-Edit-scaled-e1763389002715.jpg\",\"contentUrl\":\"https:\/\/saintbody.com\/wp-content\/uploads\/2025\/10\/DSCF0578-Edit-scaled-e1763389002715.jpg\",\"width\":1500,\"height\":2250},{\"@type\":\"BreadcrumbList\",\"@id\":\"https:\/\/saintbody.com\/body-z-v-na-plecach-coffee\/#breadcrumb\",\"itemListElement\":[{\"@type\":\"ListItem\",\"position\":1,\"name\":\"Strona g\u0142\u00f3wna\",\"item\":\"https:\/\/saintbody.com\/\"},{\"@type\":\"ListItem\",\"position\":2,\"name\":\"Sklep\",\"item\":\"https:\/\/saintbody.com\/sklep\/\"},{\"@type\":\"ListItem\",\"position\":3,\"name\":\"Body z V na plecach coffee\"}]},{\"@type\":\"WebSite\",\"@id\":\"https:\/\/saintbody.com\/#website\",\"url\":\"https:\/\/saintbody.com\/\",\"name\":\"Sklep SAINTBODY\",\"description\":\"Premium basic na ka\u00c5\u00bcd\u00c4\u2026 okazje. Ponadczasowe Body, Odzie\u00c5\u00bc damska, Sukienki Damskie\",\"publisher\":{\"@id\":\"https:\/\/saintbody.com\/#organization\"},\"potentialAction\":[{\"@type\":\"SearchAction\",\"target\":{\"@type\":\"EntryPoint\",\"urlTemplate\":\"https:\/\/saintbody.com\/?s={search_term_string}\"},\"query-input\":{\"@type\":\"PropertyValueSpecification\",\"valueRequired\":true,\"valueName\":\"search_term_string\"}}],\"inLanguage\":\"en-GB\"},{\"@type\":\"Organization\",\"@id\":\"https:\/\/saintbody.com\/#organization\",\"name\":\"Sklep Saint Body\",\"url\":\"https:\/\/saintbody.com\/\",\"logo\":{\"@type\":\"ImageObject\",\"inLanguage\":\"en-GB\",\"@id\":\"https:\/\/saintbody.com\/#\/schema\/logo\/image\/\",\"url\":\"https:\/\/saintbody.com\/wp-content\/uploads\/2023\/04\/SaintBody_Logo_Typografia-e1691418926919.png\",\"contentUrl\":\"https:\/\/saintbody.com\/wp-content\/uploads\/2023\/04\/SaintBody_Logo_Typografia-e1691418926919.png\",\"width\":1000,\"height\":202,\"caption\":\"Sklep Saint Body\"},\"image\":{\"@id\":\"https:\/\/saintbody.com\/#\/schema\/logo\/image\/\"},\"sameAs\":[\"https:\/\/facebook.com\/saintbody\/\"]}]}<\/script>\n<!-- \/ Yoast SEO plugin. -->","yoast_head_json":{"title":"Body z g\u0142\u0119bokim wyci\u0119ciem na plecach czarne - Saintbody","description":"Nasze bestsellerowe czarne body z g\u0142\u0119bokim wyci\u0119ciem V na plecach, idealne na randk\u0119. Body seksownie eksponuje plecy. Saintbody","robots":{"index":"index","follow":"follow","max-snippet":"max-snippet:-1","max-image-preview":"max-image-preview:large","max-video-preview":"max-video-preview:-1"},"canonical":"https:\/\/saintbody.com\/en_gb\/body-z-v-na-plecach-coffee\/","og_locale":"en_GB","og_type":"article","og_title":"Body z g\u0142\u0119bokim wyci\u0119ciem na plecach czarne - Saintbody","og_description":"Nasze bestsellerowe czarne body z g\u0142\u0119bokim wyci\u0119ciem V na plecach, idealne na randk\u0119. Body seksownie eksponuje plecy. Saintbody","og_url":"https:\/\/saintbody.com\/en_gb\/body-z-v-na-plecach-coffee\/","og_site_name":"Sklep SAINTBODY","article_publisher":"https:\/\/facebook.com\/saintbody\/","article_modified_time":"2026-04-05T19:26:04+00:00","og_image":[{"width":1500,"height":2250,"url":"https:\/\/saintbody.com\/wp-content\/uploads\/2025\/10\/DSCF0578-Edit-scaled-e1763389002715.jpg","type":"image\/jpeg"}],"twitter_card":"summary_large_image","twitter_misc":{"Estimated reading time":"1 minute"},"schema":{"@context":"https:\/\/schema.org","@graph":[{"@type":"WebPage","@id":"https:\/\/saintbody.com\/body-z-v-na-plecach-coffee\/","url":"https:\/\/saintbody.com\/body-z-v-na-plecach-coffee\/","name":"Body z g\u0142\u0119bokim wyci\u0119ciem na plecach czarne - Saintbody","isPartOf":{"@id":"https:\/\/saintbody.com\/#website"},"primaryImageOfPage":{"@id":"https:\/\/saintbody.com\/body-z-v-na-plecach-coffee\/#primaryimage"},"image":{"@id":"https:\/\/saintbody.com\/body-z-v-na-plecach-coffee\/#primaryimage"},"thumbnailUrl":"https:\/\/saintbody.com\/wp-content\/uploads\/2025\/10\/DSCF0578-Edit-scaled-e1763389002715.jpg","datePublished":"2025-10-24T16:01:48+00:00","dateModified":"2026-04-05T19:26:04+00:00","description":"Nasze bestsellerowe czarne body z g\u0142\u0119bokim wyci\u0119ciem V na plecach, idealne na randk\u0119. Body seksownie eksponuje plecy. Saintbody","breadcrumb":{"@id":"https:\/\/saintbody.com\/body-z-v-na-plecach-coffee\/#breadcrumb"},"inLanguage":"en-GB","potentialAction":[{"@type":"ReadAction","target":["https:\/\/saintbody.com\/body-z-v-na-plecach-coffee\/"]}]},{"@type":"ImageObject","inLanguage":"en-GB","@id":"https:\/\/saintbody.com\/body-z-v-na-plecach-coffee\/#primaryimage","url":"https:\/\/saintbody.com\/wp-content\/uploads\/2025\/10\/DSCF0578-Edit-scaled-e1763389002715.jpg","contentUrl":"https:\/\/saintbody.com\/wp-content\/uploads\/2025\/10\/DSCF0578-Edit-scaled-e1763389002715.jpg","width":1500,"height":2250},{"@type":"BreadcrumbList","@id":"https:\/\/saintbody.com\/body-z-v-na-plecach-coffee\/#breadcrumb","itemListElement":[{"@type":"ListItem","position":1,"name":"Strona g\u0142\u00f3wna","item":"https:\/\/saintbody.com\/"},{"@type":"ListItem","position":2,"name":"Sklep","item":"https:\/\/saintbody.com\/sklep\/"},{"@type":"ListItem","position":3,"name":"Body z V na plecach coffee"}]},{"@type":"WebSite","@id":"https:\/\/saintbody.com\/#website","url":"https:\/\/saintbody.com\/","name":"Sklep SAINTBODY","description":"Premium basic na ka\u00c5\u00bcd\u00c4\u2026 okazje. Ponadczasowe Body, Odzie\u00c5\u00bc damska, Sukienki Damskie","publisher":{"@id":"https:\/\/saintbody.com\/#organization"},"potentialAction":[{"@type":"SearchAction","target":{"@type":"EntryPoint","urlTemplate":"https:\/\/saintbody.com\/?s={search_term_string}"},"query-input":{"@type":"PropertyValueSpecification","valueRequired":true,"valueName":"search_term_string"}}],"inLanguage":"en-GB"},{"@type":"Organization","@id":"https:\/\/saintbody.com\/#organization","name":"Sklep Saint Body","url":"https:\/\/saintbody.com\/","logo":{"@type":"ImageObject","inLanguage":"en-GB","@id":"https:\/\/saintbody.com\/#\/schema\/logo\/image\/","url":"https:\/\/saintbody.com\/wp-content\/uploads\/2023\/04\/SaintBody_Logo_Typografia-e1691418926919.png","contentUrl":"https:\/\/saintbody.com\/wp-content\/uploads\/2023\/04\/SaintBody_Logo_Typografia-e1691418926919.png","width":1000,"height":202,"caption":"Sklep Saint Body"},"image":{"@id":"https:\/\/saintbody.com\/#\/schema\/logo\/image\/"},"sameAs":["https:\/\/facebook.com\/saintbody\/"]}]}},"_links":{"self":[{"href":"https:\/\/saintbody.com\/en_gb\/wp-json\/wp\/v2\/product\/58258","targetHints":{"allow":["GET"]}}],"collection":[{"href":"https:\/\/saintbody.com\/en_gb\/wp-json\/wp\/v2\/product"}],"about":[{"href":"https:\/\/saintbody.com\/en_gb\/wp-json\/wp\/v2\/types\/product"}],"wp:featuredmedia":[{"embeddable":true,"href":"https:\/\/saintbody.com\/en_gb\/wp-json\/wp\/v2\/media\/58575"}],"wp:attachment":[{"href":"https:\/\/saintbody.com\/en_gb\/wp-json\/wp\/v2\/media?parent=58258"}],"wp:term":[{"taxonomy":"product_brand","embeddable":true,"href":"https:\/\/saintbody.com\/en_gb\/wp-json\/wp\/v2\/product_brand?post=58258"},{"taxonomy":"product_cat","embeddable":true,"href":"https:\/\/saintbody.com\/en_gb\/wp-json\/wp\/v2\/product_cat?post=58258"},{"taxonomy":"product_tag","embeddable":true,"href":"https:\/\/saintbody.com\/en_gb\/wp-json\/wp\/v2\/product_tag?post=58258"}],"curies":[{"name":"wp","href":"https:\/\/api.w.org\/{rel}","templated":true}]}}