{"id":57801,"date":"2025-09-10T10:01:47","date_gmt":"2025-09-10T08:01:47","guid":{"rendered":"https:\/\/saintbody.com\/?post_type=product&#038;p=57801"},"modified":"2026-04-04T14:29:26","modified_gmt":"2026-04-04T12:29:26","slug":"top-z-krotkim-rekawem-z-dzianiny-khaki","status":"publish","type":"product","link":"https:\/\/saintbody.com\/en_gb\/top-z-krotkim-rekawem-z-dzianiny-khaki\/","title":{"rendered":"Short-sleeved khaki knit top"},"content":{"rendered":"<p>Classic khaki coloured short crew neck top with round neckline. Timeless and simple cut. The double layer of knitwear, seamless finish, elastic threads ensure high wearing comfort. Pairs great with high-waisted trousers and without a doubt this short sleeve top is an absolute must have this summer.<\/p>\n<p>Product sewn in Poland from fabric produced in a Polish knitting mill.<\/p>\n<p>Also check out our bestselling\u00a0<a href=\"https:\/\/saintbody.com\/en_gb\/kategoria\/sukienki\/\">dresses<\/a> !<br \/>\nVisit us at <a href=\"https:\/\/www.instagram.com\/saintbodyofficial\/\">instagram<\/a>.<\/p>","protected":false},"excerpt":{"rendered":"<p>Klasyczny, kr\u00f3tki top pod szyj\u0119 w kolorze khaki z okr\u0105g\u0142ym dekoltem. Ponadczasowy i prosty kr\u00f3j. Podw\u00f3jna warstwa dzianiny, bezszwowe wyko\u0144czenie, elastyczne nici zapewniaj\u0105 wysoki komfort noszenia. \u015awietnie \u0142\u0105czy si\u0119 ze spodniami z wysokim stanem i bez w\u0105tpienia ten top z kr\u00f3tkim r\u0119kawem to absolutny must have tego lata. Produkt szyty w Polsce z materia\u0142u wyprodukowanego [&hellip;]<\/p>","protected":false},"featured_media":57813,"template":"","meta":[],"product_brand":[],"product_cat":[20,37],"product_tag":[38],"class_list":{"0":"post-57801","1":"product","2":"type-product","3":"status-publish","4":"has-post-thumbnail","6":"product_cat-wszystko","7":"product_cat-topy","8":"product_tag-topy","10":"first","11":"instock","12":"taxable","13":"shipping-taxable","14":"purchasable","15":"product-type-variable","16":"has-default-attributes"},"yoast_head":"<!-- This site is optimized with the Yoast SEO plugin v27.0 - https:\/\/yoast.com\/product\/yoast-seo-wordpress\/ -->\n<title>Top z kr\u00f3tkim r\u0119kawem z dzianiny khaki - Sklep SAINTBODY<\/title>\n<meta name=\"description\" content=\"Klasyczny, kr\u00f3tki, szary crop top pod szyj\u0119 z okr\u0105g\u0142ym dekoltem. Ponadczasowy i prosty kr\u00f3j. Crop top o ponadczasowym kroju. Saintbody\" \/>\n<meta name=\"robots\" content=\"index, follow, max-snippet:-1, max-image-preview:large, max-video-preview:-1\" \/>\n<link rel=\"canonical\" href=\"https:\/\/saintbody.com\/en_gb\/top-z-krotkim-rekawem-z-dzianiny-khaki\/\" \/>\n<meta property=\"og:locale\" content=\"en_GB\" \/>\n<meta property=\"og:type\" content=\"article\" \/>\n<meta property=\"og:title\" content=\"Top z kr\u00f3tkim r\u0119kawem z dzianiny khaki - Sklep SAINTBODY\" \/>\n<meta property=\"og:description\" content=\"Klasyczny, kr\u00f3tki, szary crop top pod szyj\u0119 z okr\u0105g\u0142ym dekoltem. Ponadczasowy i prosty kr\u00f3j. Crop top o ponadczasowym kroju. Saintbody\" \/>\n<meta property=\"og:url\" content=\"https:\/\/saintbody.com\/en_gb\/top-z-krotkim-rekawem-z-dzianiny-khaki\/\" \/>\n<meta property=\"og:site_name\" content=\"Sklep SAINTBODY\" \/>\n<meta property=\"article:publisher\" content=\"https:\/\/facebook.com\/saintbody\/\" \/>\n<meta property=\"article:modified_time\" content=\"2026-04-04T12:29:26+00:00\" \/>\n<meta property=\"og:image\" content=\"https:\/\/saintbody.com\/wp-content\/uploads\/2025\/09\/DSCF5313-e1757591469499.png\" \/>\n\t<meta property=\"og:image:width\" content=\"1306\" \/>\n\t<meta property=\"og:image:height\" content=\"2177\" \/>\n\t<meta property=\"og:image:type\" content=\"image\/png\" \/>\n<meta name=\"twitter:card\" content=\"summary_large_image\" \/>\n<meta name=\"twitter:label1\" content=\"Estimated reading time\" \/>\n\t<meta name=\"twitter:data1\" content=\"1 minute\" \/>\n<script type=\"application\/ld+json\" class=\"yoast-schema-graph\">{\"@context\":\"https:\/\/schema.org\",\"@graph\":[{\"@type\":\"WebPage\",\"@id\":\"https:\/\/saintbody.com\/top-z-krotkim-rekawem-z-dzianiny-khaki\/\",\"url\":\"https:\/\/saintbody.com\/top-z-krotkim-rekawem-z-dzianiny-khaki\/\",\"name\":\"Top z kr\u00f3tkim r\u0119kawem z dzianiny khaki - Sklep SAINTBODY\",\"isPartOf\":{\"@id\":\"https:\/\/saintbody.com\/#website\"},\"primaryImageOfPage\":{\"@id\":\"https:\/\/saintbody.com\/top-z-krotkim-rekawem-z-dzianiny-khaki\/#primaryimage\"},\"image\":{\"@id\":\"https:\/\/saintbody.com\/top-z-krotkim-rekawem-z-dzianiny-khaki\/#primaryimage\"},\"thumbnailUrl\":\"https:\/\/saintbody.com\/wp-content\/uploads\/2025\/09\/DSCF5313-e1757591469499.png\",\"datePublished\":\"2025-09-10T08:01:47+00:00\",\"dateModified\":\"2026-04-04T12:29:26+00:00\",\"description\":\"Klasyczny, kr\u00f3tki, szary crop top pod szyj\u0119 z okr\u0105g\u0142ym dekoltem. Ponadczasowy i prosty kr\u00f3j. Crop top o ponadczasowym kroju. Saintbody\",\"breadcrumb\":{\"@id\":\"https:\/\/saintbody.com\/top-z-krotkim-rekawem-z-dzianiny-khaki\/#breadcrumb\"},\"inLanguage\":\"en-GB\",\"potentialAction\":[{\"@type\":\"ReadAction\",\"target\":[\"https:\/\/saintbody.com\/top-z-krotkim-rekawem-z-dzianiny-khaki\/\"]}]},{\"@type\":\"ImageObject\",\"inLanguage\":\"en-GB\",\"@id\":\"https:\/\/saintbody.com\/top-z-krotkim-rekawem-z-dzianiny-khaki\/#primaryimage\",\"url\":\"https:\/\/saintbody.com\/wp-content\/uploads\/2025\/09\/DSCF5313-e1757591469499.png\",\"contentUrl\":\"https:\/\/saintbody.com\/wp-content\/uploads\/2025\/09\/DSCF5313-e1757591469499.png\",\"width\":1306,\"height\":2177},{\"@type\":\"BreadcrumbList\",\"@id\":\"https:\/\/saintbody.com\/top-z-krotkim-rekawem-z-dzianiny-khaki\/#breadcrumb\",\"itemListElement\":[{\"@type\":\"ListItem\",\"position\":1,\"name\":\"Strona g\u0142\u00f3wna\",\"item\":\"https:\/\/saintbody.com\/\"},{\"@type\":\"ListItem\",\"position\":2,\"name\":\"Sklep\",\"item\":\"https:\/\/saintbody.com\/sklep\/\"},{\"@type\":\"ListItem\",\"position\":3,\"name\":\"Top z kr\u00f3tkim r\u0119kawem z dzianiny khaki\"}]},{\"@type\":\"WebSite\",\"@id\":\"https:\/\/saintbody.com\/#website\",\"url\":\"https:\/\/saintbody.com\/\",\"name\":\"Sklep SAINTBODY\",\"description\":\"Premium basic na ka\u00c5\u00bcd\u00c4\u2026 okazje. Ponadczasowe Body, Odzie\u00c5\u00bc damska, Sukienki Damskie\",\"publisher\":{\"@id\":\"https:\/\/saintbody.com\/#organization\"},\"potentialAction\":[{\"@type\":\"SearchAction\",\"target\":{\"@type\":\"EntryPoint\",\"urlTemplate\":\"https:\/\/saintbody.com\/?s={search_term_string}\"},\"query-input\":{\"@type\":\"PropertyValueSpecification\",\"valueRequired\":true,\"valueName\":\"search_term_string\"}}],\"inLanguage\":\"en-GB\"},{\"@type\":\"Organization\",\"@id\":\"https:\/\/saintbody.com\/#organization\",\"name\":\"Sklep Saint Body\",\"url\":\"https:\/\/saintbody.com\/\",\"logo\":{\"@type\":\"ImageObject\",\"inLanguage\":\"en-GB\",\"@id\":\"https:\/\/saintbody.com\/#\/schema\/logo\/image\/\",\"url\":\"https:\/\/saintbody.com\/wp-content\/uploads\/2023\/04\/SaintBody_Logo_Typografia-e1691418926919.png\",\"contentUrl\":\"https:\/\/saintbody.com\/wp-content\/uploads\/2023\/04\/SaintBody_Logo_Typografia-e1691418926919.png\",\"width\":1000,\"height\":202,\"caption\":\"Sklep Saint Body\"},\"image\":{\"@id\":\"https:\/\/saintbody.com\/#\/schema\/logo\/image\/\"},\"sameAs\":[\"https:\/\/facebook.com\/saintbody\/\"]}]}<\/script>\n<!-- \/ Yoast SEO plugin. -->","yoast_head_json":{"title":"Top z kr\u00f3tkim r\u0119kawem z dzianiny khaki - Sklep SAINTBODY","description":"Klasyczny, kr\u00f3tki, szary crop top pod szyj\u0119 z okr\u0105g\u0142ym dekoltem. Ponadczasowy i prosty kr\u00f3j. Crop top o ponadczasowym kroju. Saintbody","robots":{"index":"index","follow":"follow","max-snippet":"max-snippet:-1","max-image-preview":"max-image-preview:large","max-video-preview":"max-video-preview:-1"},"canonical":"https:\/\/saintbody.com\/en_gb\/top-z-krotkim-rekawem-z-dzianiny-khaki\/","og_locale":"en_GB","og_type":"article","og_title":"Top z kr\u00f3tkim r\u0119kawem z dzianiny khaki - Sklep SAINTBODY","og_description":"Klasyczny, kr\u00f3tki, szary crop top pod szyj\u0119 z okr\u0105g\u0142ym dekoltem. Ponadczasowy i prosty kr\u00f3j. Crop top o ponadczasowym kroju. Saintbody","og_url":"https:\/\/saintbody.com\/en_gb\/top-z-krotkim-rekawem-z-dzianiny-khaki\/","og_site_name":"Sklep SAINTBODY","article_publisher":"https:\/\/facebook.com\/saintbody\/","article_modified_time":"2026-04-04T12:29:26+00:00","og_image":[{"width":1306,"height":2177,"url":"https:\/\/saintbody.com\/wp-content\/uploads\/2025\/09\/DSCF5313-e1757591469499.png","type":"image\/png"}],"twitter_card":"summary_large_image","twitter_misc":{"Estimated reading time":"1 minute"},"schema":{"@context":"https:\/\/schema.org","@graph":[{"@type":"WebPage","@id":"https:\/\/saintbody.com\/top-z-krotkim-rekawem-z-dzianiny-khaki\/","url":"https:\/\/saintbody.com\/top-z-krotkim-rekawem-z-dzianiny-khaki\/","name":"Top z kr\u00f3tkim r\u0119kawem z dzianiny khaki - Sklep SAINTBODY","isPartOf":{"@id":"https:\/\/saintbody.com\/#website"},"primaryImageOfPage":{"@id":"https:\/\/saintbody.com\/top-z-krotkim-rekawem-z-dzianiny-khaki\/#primaryimage"},"image":{"@id":"https:\/\/saintbody.com\/top-z-krotkim-rekawem-z-dzianiny-khaki\/#primaryimage"},"thumbnailUrl":"https:\/\/saintbody.com\/wp-content\/uploads\/2025\/09\/DSCF5313-e1757591469499.png","datePublished":"2025-09-10T08:01:47+00:00","dateModified":"2026-04-04T12:29:26+00:00","description":"Klasyczny, kr\u00f3tki, szary crop top pod szyj\u0119 z okr\u0105g\u0142ym dekoltem. Ponadczasowy i prosty kr\u00f3j. Crop top o ponadczasowym kroju. Saintbody","breadcrumb":{"@id":"https:\/\/saintbody.com\/top-z-krotkim-rekawem-z-dzianiny-khaki\/#breadcrumb"},"inLanguage":"en-GB","potentialAction":[{"@type":"ReadAction","target":["https:\/\/saintbody.com\/top-z-krotkim-rekawem-z-dzianiny-khaki\/"]}]},{"@type":"ImageObject","inLanguage":"en-GB","@id":"https:\/\/saintbody.com\/top-z-krotkim-rekawem-z-dzianiny-khaki\/#primaryimage","url":"https:\/\/saintbody.com\/wp-content\/uploads\/2025\/09\/DSCF5313-e1757591469499.png","contentUrl":"https:\/\/saintbody.com\/wp-content\/uploads\/2025\/09\/DSCF5313-e1757591469499.png","width":1306,"height":2177},{"@type":"BreadcrumbList","@id":"https:\/\/saintbody.com\/top-z-krotkim-rekawem-z-dzianiny-khaki\/#breadcrumb","itemListElement":[{"@type":"ListItem","position":1,"name":"Strona g\u0142\u00f3wna","item":"https:\/\/saintbody.com\/"},{"@type":"ListItem","position":2,"name":"Sklep","item":"https:\/\/saintbody.com\/sklep\/"},{"@type":"ListItem","position":3,"name":"Top z kr\u00f3tkim r\u0119kawem z dzianiny khaki"}]},{"@type":"WebSite","@id":"https:\/\/saintbody.com\/#website","url":"https:\/\/saintbody.com\/","name":"Sklep SAINTBODY","description":"Premium basic na ka\u00c5\u00bcd\u00c4\u2026 okazje. Ponadczasowe Body, Odzie\u00c5\u00bc damska, Sukienki Damskie","publisher":{"@id":"https:\/\/saintbody.com\/#organization"},"potentialAction":[{"@type":"SearchAction","target":{"@type":"EntryPoint","urlTemplate":"https:\/\/saintbody.com\/?s={search_term_string}"},"query-input":{"@type":"PropertyValueSpecification","valueRequired":true,"valueName":"search_term_string"}}],"inLanguage":"en-GB"},{"@type":"Organization","@id":"https:\/\/saintbody.com\/#organization","name":"Sklep Saint Body","url":"https:\/\/saintbody.com\/","logo":{"@type":"ImageObject","inLanguage":"en-GB","@id":"https:\/\/saintbody.com\/#\/schema\/logo\/image\/","url":"https:\/\/saintbody.com\/wp-content\/uploads\/2023\/04\/SaintBody_Logo_Typografia-e1691418926919.png","contentUrl":"https:\/\/saintbody.com\/wp-content\/uploads\/2023\/04\/SaintBody_Logo_Typografia-e1691418926919.png","width":1000,"height":202,"caption":"Sklep Saint Body"},"image":{"@id":"https:\/\/saintbody.com\/#\/schema\/logo\/image\/"},"sameAs":["https:\/\/facebook.com\/saintbody\/"]}]}},"_links":{"self":[{"href":"https:\/\/saintbody.com\/en_gb\/wp-json\/wp\/v2\/product\/57801","targetHints":{"allow":["GET"]}}],"collection":[{"href":"https:\/\/saintbody.com\/en_gb\/wp-json\/wp\/v2\/product"}],"about":[{"href":"https:\/\/saintbody.com\/en_gb\/wp-json\/wp\/v2\/types\/product"}],"wp:featuredmedia":[{"embeddable":true,"href":"https:\/\/saintbody.com\/en_gb\/wp-json\/wp\/v2\/media\/57813"}],"wp:attachment":[{"href":"https:\/\/saintbody.com\/en_gb\/wp-json\/wp\/v2\/media?parent=57801"}],"wp:term":[{"taxonomy":"product_brand","embeddable":true,"href":"https:\/\/saintbody.com\/en_gb\/wp-json\/wp\/v2\/product_brand?post=57801"},{"taxonomy":"product_cat","embeddable":true,"href":"https:\/\/saintbody.com\/en_gb\/wp-json\/wp\/v2\/product_cat?post=57801"},{"taxonomy":"product_tag","embeddable":true,"href":"https:\/\/saintbody.com\/en_gb\/wp-json\/wp\/v2\/product_tag?post=57801"}],"curies":[{"name":"wp","href":"https:\/\/api.w.org\/{rel}","templated":true}]}}