{"id":56410,"date":"2025-06-24T15:27:05","date_gmt":"2025-06-24T13:27:05","guid":{"rendered":"https:\/\/saintbody.com\/?post_type=product&#038;p=56410"},"modified":"2026-03-30T18:24:46","modified_gmt":"2026-03-30T16:24:46","slug":"dol-od-bikini-czarny","status":"publish","type":"product","link":"https:\/\/saintbody.com\/en_gb\/dol-od-bikini-czarny\/","title":{"rendered":"Black bikini bottom"},"content":{"rendered":"<p><span style=\"font-weight: 400;\">The cut-out swimsuit bottom available in two classic shades of deep black is a must-have for your summer wardrobe. Made from a stretchy, quick-drying fabric, it fits perfectly to your body, accentuating your silhouette and ensuring complete comfort. The adjustable side ties allow for a customised fit, so you can easily adapt it to your preferences and style.\u00a0<\/span><\/p>\n<p><span style=\"font-weight: 400;\">Available in two colours, black and olive. <\/span><\/p>\n<p>Also check out our bestselling\u00a0<a href=\"https:\/\/saintbody.com\/en_gb\/kategoria\/body\/\">body<\/a> !<br \/>\nVisit us at <a href=\"https:\/\/www.instagram.com\/saintbodyofficial\/\">instagram<\/a>.<\/p>","protected":false},"excerpt":{"rendered":"<p><span data-sheets-root=\"1\">80% Polyamide, 20% Elastane<\/span><br \/>\nThe model is 173 cm tall and wears size XS.<\/p>\n<p>Also check out our bestselling\u00a0<a href=\"https:\/\/saintbody.com\/en_gb\/kategoria\/body\/\">body<\/a> !<br \/>\nVisit us at <a href=\"https:\/\/www.instagram.com\/saintbodyofficial\/\">instagram<\/a>.<\/p>","protected":false},"featured_media":57281,"template":"","meta":[],"product_brand":[],"product_cat":[187,37,20],"product_tag":[23],"class_list":{"0":"post-56410","1":"product","2":"type-product","3":"status-publish","4":"has-post-thumbnail","6":"product_cat-akcesoria-saint-body","7":"product_cat-topy","8":"product_cat-wszystko","9":"product_tag-body","11":"first","12":"instock","13":"taxable","14":"shipping-taxable","15":"purchasable","16":"product-type-variable"},"yoast_head":"<!-- This site is optimized with the Yoast SEO plugin v27.0 - https:\/\/yoast.com\/product\/yoast-seo-wordpress\/ -->\n<title>D\u00f3\u0142 od bikini czarny - Sklep SAINTBODY<\/title>\n<meta name=\"description\" content=\"Niezwykle wygodne body z szerokim dekoltem w kszta\u0142cie litery U i kr\u00f3tkim r\u0119kawkiem. Idealne w codziennej stylizacji do jeans\u00f3w...\" \/>\n<meta name=\"robots\" content=\"index, follow, max-snippet:-1, max-image-preview:large, max-video-preview:-1\" \/>\n<link rel=\"canonical\" href=\"https:\/\/saintbody.com\/en_gb\/dol-od-bikini-czarny\/\" \/>\n<meta property=\"og:locale\" content=\"en_GB\" \/>\n<meta property=\"og:type\" content=\"article\" \/>\n<meta property=\"og:title\" content=\"D\u00f3\u0142 od bikini czarny - Sklep SAINTBODY\" \/>\n<meta property=\"og:description\" content=\"Niezwykle wygodne body z szerokim dekoltem w kszta\u0142cie litery U i kr\u00f3tkim r\u0119kawkiem. Idealne w codziennej stylizacji do jeans\u00f3w...\" \/>\n<meta property=\"og:url\" content=\"https:\/\/saintbody.com\/en_gb\/dol-od-bikini-czarny\/\" \/>\n<meta property=\"og:site_name\" content=\"Sklep SAINTBODY\" \/>\n<meta property=\"article:publisher\" content=\"https:\/\/facebook.com\/saintbody\/\" \/>\n<meta property=\"article:modified_time\" content=\"2026-03-30T16:24:46+00:00\" \/>\n<meta property=\"og:image\" content=\"https:\/\/saintbody.com\/wp-content\/uploads\/2025\/06\/IMG_2739.jpg\" \/>\n\t<meta property=\"og:image:width\" content=\"1536\" \/>\n\t<meta property=\"og:image:height\" content=\"2048\" \/>\n\t<meta property=\"og:image:type\" content=\"image\/jpeg\" \/>\n<meta name=\"twitter:card\" content=\"summary_large_image\" \/>\n<meta name=\"twitter:label1\" content=\"Estimated reading time\" \/>\n\t<meta name=\"twitter:data1\" content=\"1 minute\" \/>\n<script type=\"application\/ld+json\" class=\"yoast-schema-graph\">{\"@context\":\"https:\/\/schema.org\",\"@graph\":[{\"@type\":\"WebPage\",\"@id\":\"https:\/\/saintbody.com\/dol-od-bikini-czarny\/\",\"url\":\"https:\/\/saintbody.com\/dol-od-bikini-czarny\/\",\"name\":\"D\u00f3\u0142 od bikini czarny - Sklep SAINTBODY\",\"isPartOf\":{\"@id\":\"https:\/\/saintbody.com\/#website\"},\"primaryImageOfPage\":{\"@id\":\"https:\/\/saintbody.com\/dol-od-bikini-czarny\/#primaryimage\"},\"image\":{\"@id\":\"https:\/\/saintbody.com\/dol-od-bikini-czarny\/#primaryimage\"},\"thumbnailUrl\":\"https:\/\/saintbody.com\/wp-content\/uploads\/2025\/06\/IMG_2739.jpg\",\"datePublished\":\"2025-06-24T13:27:05+00:00\",\"dateModified\":\"2026-03-30T16:24:46+00:00\",\"description\":\"Niezwykle wygodne body z szerokim dekoltem w kszta\u0142cie litery U i kr\u00f3tkim r\u0119kawkiem. Idealne w codziennej stylizacji do jeans\u00f3w...\",\"breadcrumb\":{\"@id\":\"https:\/\/saintbody.com\/dol-od-bikini-czarny\/#breadcrumb\"},\"inLanguage\":\"en-GB\",\"potentialAction\":[{\"@type\":\"ReadAction\",\"target\":[\"https:\/\/saintbody.com\/dol-od-bikini-czarny\/\"]}]},{\"@type\":\"ImageObject\",\"inLanguage\":\"en-GB\",\"@id\":\"https:\/\/saintbody.com\/dol-od-bikini-czarny\/#primaryimage\",\"url\":\"https:\/\/saintbody.com\/wp-content\/uploads\/2025\/06\/IMG_2739.jpg\",\"contentUrl\":\"https:\/\/saintbody.com\/wp-content\/uploads\/2025\/06\/IMG_2739.jpg\",\"width\":1536,\"height\":2048},{\"@type\":\"BreadcrumbList\",\"@id\":\"https:\/\/saintbody.com\/dol-od-bikini-czarny\/#breadcrumb\",\"itemListElement\":[{\"@type\":\"ListItem\",\"position\":1,\"name\":\"Strona g\u0142\u00f3wna\",\"item\":\"https:\/\/saintbody.com\/\"},{\"@type\":\"ListItem\",\"position\":2,\"name\":\"Sklep\",\"item\":\"https:\/\/saintbody.com\/sklep\/\"},{\"@type\":\"ListItem\",\"position\":3,\"name\":\"D\u00f3\u0142 od bikini czarny\"}]},{\"@type\":\"WebSite\",\"@id\":\"https:\/\/saintbody.com\/#website\",\"url\":\"https:\/\/saintbody.com\/\",\"name\":\"Sklep SAINTBODY\",\"description\":\"Premium basic na ka\u00c5\u00bcd\u00c4\u2026 okazje. Ponadczasowe Body, Odzie\u00c5\u00bc damska, Sukienki Damskie\",\"publisher\":{\"@id\":\"https:\/\/saintbody.com\/#organization\"},\"potentialAction\":[{\"@type\":\"SearchAction\",\"target\":{\"@type\":\"EntryPoint\",\"urlTemplate\":\"https:\/\/saintbody.com\/?s={search_term_string}\"},\"query-input\":{\"@type\":\"PropertyValueSpecification\",\"valueRequired\":true,\"valueName\":\"search_term_string\"}}],\"inLanguage\":\"en-GB\"},{\"@type\":\"Organization\",\"@id\":\"https:\/\/saintbody.com\/#organization\",\"name\":\"Sklep Saint Body\",\"url\":\"https:\/\/saintbody.com\/\",\"logo\":{\"@type\":\"ImageObject\",\"inLanguage\":\"en-GB\",\"@id\":\"https:\/\/saintbody.com\/#\/schema\/logo\/image\/\",\"url\":\"https:\/\/saintbody.com\/wp-content\/uploads\/2023\/04\/SaintBody_Logo_Typografia-e1691418926919.png\",\"contentUrl\":\"https:\/\/saintbody.com\/wp-content\/uploads\/2023\/04\/SaintBody_Logo_Typografia-e1691418926919.png\",\"width\":1000,\"height\":202,\"caption\":\"Sklep Saint Body\"},\"image\":{\"@id\":\"https:\/\/saintbody.com\/#\/schema\/logo\/image\/\"},\"sameAs\":[\"https:\/\/facebook.com\/saintbody\/\"]}]}<\/script>\n<!-- \/ Yoast SEO plugin. -->","yoast_head_json":{"title":"D\u00f3\u0142 od bikini czarny - Sklep SAINTBODY","description":"Niezwykle wygodne body z szerokim dekoltem w kszta\u0142cie litery U i kr\u00f3tkim r\u0119kawkiem. Idealne w codziennej stylizacji do jeans\u00f3w...","robots":{"index":"index","follow":"follow","max-snippet":"max-snippet:-1","max-image-preview":"max-image-preview:large","max-video-preview":"max-video-preview:-1"},"canonical":"https:\/\/saintbody.com\/en_gb\/dol-od-bikini-czarny\/","og_locale":"en_GB","og_type":"article","og_title":"D\u00f3\u0142 od bikini czarny - Sklep SAINTBODY","og_description":"Niezwykle wygodne body z szerokim dekoltem w kszta\u0142cie litery U i kr\u00f3tkim r\u0119kawkiem. Idealne w codziennej stylizacji do jeans\u00f3w...","og_url":"https:\/\/saintbody.com\/en_gb\/dol-od-bikini-czarny\/","og_site_name":"Sklep SAINTBODY","article_publisher":"https:\/\/facebook.com\/saintbody\/","article_modified_time":"2026-03-30T16:24:46+00:00","og_image":[{"width":1536,"height":2048,"url":"https:\/\/saintbody.com\/wp-content\/uploads\/2025\/06\/IMG_2739.jpg","type":"image\/jpeg"}],"twitter_card":"summary_large_image","twitter_misc":{"Estimated reading time":"1 minute"},"schema":{"@context":"https:\/\/schema.org","@graph":[{"@type":"WebPage","@id":"https:\/\/saintbody.com\/dol-od-bikini-czarny\/","url":"https:\/\/saintbody.com\/dol-od-bikini-czarny\/","name":"D\u00f3\u0142 od bikini czarny - Sklep SAINTBODY","isPartOf":{"@id":"https:\/\/saintbody.com\/#website"},"primaryImageOfPage":{"@id":"https:\/\/saintbody.com\/dol-od-bikini-czarny\/#primaryimage"},"image":{"@id":"https:\/\/saintbody.com\/dol-od-bikini-czarny\/#primaryimage"},"thumbnailUrl":"https:\/\/saintbody.com\/wp-content\/uploads\/2025\/06\/IMG_2739.jpg","datePublished":"2025-06-24T13:27:05+00:00","dateModified":"2026-03-30T16:24:46+00:00","description":"Niezwykle wygodne body z szerokim dekoltem w kszta\u0142cie litery U i kr\u00f3tkim r\u0119kawkiem. Idealne w codziennej stylizacji do jeans\u00f3w...","breadcrumb":{"@id":"https:\/\/saintbody.com\/dol-od-bikini-czarny\/#breadcrumb"},"inLanguage":"en-GB","potentialAction":[{"@type":"ReadAction","target":["https:\/\/saintbody.com\/dol-od-bikini-czarny\/"]}]},{"@type":"ImageObject","inLanguage":"en-GB","@id":"https:\/\/saintbody.com\/dol-od-bikini-czarny\/#primaryimage","url":"https:\/\/saintbody.com\/wp-content\/uploads\/2025\/06\/IMG_2739.jpg","contentUrl":"https:\/\/saintbody.com\/wp-content\/uploads\/2025\/06\/IMG_2739.jpg","width":1536,"height":2048},{"@type":"BreadcrumbList","@id":"https:\/\/saintbody.com\/dol-od-bikini-czarny\/#breadcrumb","itemListElement":[{"@type":"ListItem","position":1,"name":"Strona g\u0142\u00f3wna","item":"https:\/\/saintbody.com\/"},{"@type":"ListItem","position":2,"name":"Sklep","item":"https:\/\/saintbody.com\/sklep\/"},{"@type":"ListItem","position":3,"name":"D\u00f3\u0142 od bikini czarny"}]},{"@type":"WebSite","@id":"https:\/\/saintbody.com\/#website","url":"https:\/\/saintbody.com\/","name":"Sklep SAINTBODY","description":"Premium basic na ka\u00c5\u00bcd\u00c4\u2026 okazje. Ponadczasowe Body, Odzie\u00c5\u00bc damska, Sukienki Damskie","publisher":{"@id":"https:\/\/saintbody.com\/#organization"},"potentialAction":[{"@type":"SearchAction","target":{"@type":"EntryPoint","urlTemplate":"https:\/\/saintbody.com\/?s={search_term_string}"},"query-input":{"@type":"PropertyValueSpecification","valueRequired":true,"valueName":"search_term_string"}}],"inLanguage":"en-GB"},{"@type":"Organization","@id":"https:\/\/saintbody.com\/#organization","name":"Sklep Saint Body","url":"https:\/\/saintbody.com\/","logo":{"@type":"ImageObject","inLanguage":"en-GB","@id":"https:\/\/saintbody.com\/#\/schema\/logo\/image\/","url":"https:\/\/saintbody.com\/wp-content\/uploads\/2023\/04\/SaintBody_Logo_Typografia-e1691418926919.png","contentUrl":"https:\/\/saintbody.com\/wp-content\/uploads\/2023\/04\/SaintBody_Logo_Typografia-e1691418926919.png","width":1000,"height":202,"caption":"Sklep Saint Body"},"image":{"@id":"https:\/\/saintbody.com\/#\/schema\/logo\/image\/"},"sameAs":["https:\/\/facebook.com\/saintbody\/"]}]}},"_links":{"self":[{"href":"https:\/\/saintbody.com\/en_gb\/wp-json\/wp\/v2\/product\/56410","targetHints":{"allow":["GET"]}}],"collection":[{"href":"https:\/\/saintbody.com\/en_gb\/wp-json\/wp\/v2\/product"}],"about":[{"href":"https:\/\/saintbody.com\/en_gb\/wp-json\/wp\/v2\/types\/product"}],"wp:featuredmedia":[{"embeddable":true,"href":"https:\/\/saintbody.com\/en_gb\/wp-json\/wp\/v2\/media\/57281"}],"wp:attachment":[{"href":"https:\/\/saintbody.com\/en_gb\/wp-json\/wp\/v2\/media?parent=56410"}],"wp:term":[{"taxonomy":"product_brand","embeddable":true,"href":"https:\/\/saintbody.com\/en_gb\/wp-json\/wp\/v2\/product_brand?post=56410"},{"taxonomy":"product_cat","embeddable":true,"href":"https:\/\/saintbody.com\/en_gb\/wp-json\/wp\/v2\/product_cat?post=56410"},{"taxonomy":"product_tag","embeddable":true,"href":"https:\/\/saintbody.com\/en_gb\/wp-json\/wp\/v2\/product_tag?post=56410"}],"curies":[{"name":"wp","href":"https:\/\/api.w.org\/{rel}","templated":true}]}}