{"id":56279,"date":"2025-06-17T13:50:17","date_gmt":"2025-06-17T11:50:17","guid":{"rendered":"https:\/\/saintbody.com\/?post_type=product&#038;p=56279"},"modified":"2026-03-20T15:26:46","modified_gmt":"2026-03-20T14:26:46","slug":"jednoczesciowy-stroj-kapielowy-czarny","status":"publish","type":"product","link":"https:\/\/saintbody.com\/en_gb\/jednoczesciowy-stroj-kapielowy-czarny\/","title":{"rendered":"One-piece swimsuit black"},"content":{"rendered":"<p data-start=\"357\" data-end=\"714\">This one-piece swimming costume is a contemporary take on our iconic model with its signature square neckline. Inspired by a timeless style, it impresses with elegant lines and refined details that accentuate the silhouette and ensure that it is comfortable to wear in any situation - whether relaxing on the beach or having an active day at the pool.<\/p>\n<p data-start=\"716\" data-end=\"1133\">The reinforced shoulder straps provide secure support, whatever your bust size, making the swimsuit perfect for swimming too. The open back adds to the overall lightness and subtle sensuality, while maintaining a minimalist elegance.<\/p>\n<p>Product sewn in Poland from fabric produced in a Polish knitting mill.<\/p>\n<p>Also check out our bestselling\u00a0<a href=\"https:\/\/saintbody.com\/en_gb\/kategoria\/body\/\">body<\/a> !<br \/>\nVisit us at <a href=\"https:\/\/www.instagram.com\/saintbodyofficial\/\">instagram<\/a>.<\/p>","protected":false},"excerpt":{"rendered":"<p>&nbsp;<\/p>\n<p><span data-sheets-root=\"1\">80% Polyamide, 20% Elastane<\/span><br \/>\nThe model is 173 cm tall and wears size XS.<\/p>\n<p>Also check out our bestselling\u00a0<a href=\"https:\/\/saintbody.com\/en_gb\/kategoria\/body\/\">body<\/a> !<br \/>\nVisit us at <a href=\"https:\/\/www.instagram.com\/saintbodyofficial\/\">instagram<\/a>.<\/p>","protected":false},"featured_media":57426,"template":"","meta":[],"product_brand":[],"product_cat":[20,187,21],"product_tag":[23],"class_list":{"0":"post-56279","1":"product","2":"type-product","3":"status-publish","4":"has-post-thumbnail","6":"product_cat-wszystko","7":"product_cat-akcesoria-saint-body","8":"product_cat-body-damskie","9":"product_tag-body","11":"first","12":"instock","13":"taxable","14":"shipping-taxable","15":"purchasable","16":"product-type-variable"},"yoast_head":"<!-- This site is optimized with the Yoast SEO plugin v27.0 - https:\/\/yoast.com\/product\/yoast-seo-wordpress\/ -->\n<title>Jednocz\u0119\u015bciowy str\u00f3j k\u0105pielowy czarny - Sklep SAINTBODY<\/title>\n<meta name=\"description\" content=\"Niezwykle wygodne body z szerokim dekoltem w kszta\u0142cie litery U i kr\u00f3tkim r\u0119kawkiem. Idealne w codziennej stylizacji do jeans\u00f3w...\" \/>\n<meta name=\"robots\" content=\"index, follow, max-snippet:-1, max-image-preview:large, max-video-preview:-1\" \/>\n<link rel=\"canonical\" href=\"https:\/\/saintbody.com\/en_gb\/jednoczesciowy-stroj-kapielowy-czarny\/\" \/>\n<meta property=\"og:locale\" content=\"en_GB\" \/>\n<meta property=\"og:type\" content=\"article\" \/>\n<meta property=\"og:title\" content=\"Jednocz\u0119\u015bciowy str\u00f3j k\u0105pielowy czarny - Sklep SAINTBODY\" \/>\n<meta property=\"og:description\" content=\"Niezwykle wygodne body z szerokim dekoltem w kszta\u0142cie litery U i kr\u00f3tkim r\u0119kawkiem. Idealne w codziennej stylizacji do jeans\u00f3w...\" \/>\n<meta property=\"og:url\" content=\"https:\/\/saintbody.com\/en_gb\/jednoczesciowy-stroj-kapielowy-czarny\/\" \/>\n<meta property=\"og:site_name\" content=\"Sklep SAINTBODY\" \/>\n<meta property=\"article:publisher\" content=\"https:\/\/facebook.com\/saintbody\/\" \/>\n<meta property=\"article:modified_time\" content=\"2026-03-20T14:26:46+00:00\" \/>\n<meta property=\"og:image\" content=\"https:\/\/saintbody.com\/wp-content\/uploads\/2025\/06\/363A2043.jpg\" \/>\n\t<meta property=\"og:image:width\" content=\"1000\" \/>\n\t<meta property=\"og:image:height\" content=\"1500\" \/>\n\t<meta property=\"og:image:type\" content=\"image\/jpeg\" \/>\n<meta name=\"twitter:card\" content=\"summary_large_image\" \/>\n<meta name=\"twitter:label1\" content=\"Estimated reading time\" \/>\n\t<meta name=\"twitter:data1\" content=\"1 minute\" \/>\n<script type=\"application\/ld+json\" class=\"yoast-schema-graph\">{\"@context\":\"https:\/\/schema.org\",\"@graph\":[{\"@type\":\"WebPage\",\"@id\":\"https:\/\/saintbody.com\/jednoczesciowy-stroj-kapielowy-czarny\/\",\"url\":\"https:\/\/saintbody.com\/jednoczesciowy-stroj-kapielowy-czarny\/\",\"name\":\"Jednocz\u0119\u015bciowy str\u00f3j k\u0105pielowy czarny - Sklep SAINTBODY\",\"isPartOf\":{\"@id\":\"https:\/\/saintbody.com\/#website\"},\"primaryImageOfPage\":{\"@id\":\"https:\/\/saintbody.com\/jednoczesciowy-stroj-kapielowy-czarny\/#primaryimage\"},\"image\":{\"@id\":\"https:\/\/saintbody.com\/jednoczesciowy-stroj-kapielowy-czarny\/#primaryimage\"},\"thumbnailUrl\":\"https:\/\/saintbody.com\/wp-content\/uploads\/2025\/06\/363A2043.jpg\",\"datePublished\":\"2025-06-17T11:50:17+00:00\",\"dateModified\":\"2026-03-20T14:26:46+00:00\",\"description\":\"Niezwykle wygodne body z szerokim dekoltem w kszta\u0142cie litery U i kr\u00f3tkim r\u0119kawkiem. Idealne w codziennej stylizacji do jeans\u00f3w...\",\"breadcrumb\":{\"@id\":\"https:\/\/saintbody.com\/jednoczesciowy-stroj-kapielowy-czarny\/#breadcrumb\"},\"inLanguage\":\"en-GB\",\"potentialAction\":[{\"@type\":\"ReadAction\",\"target\":[\"https:\/\/saintbody.com\/jednoczesciowy-stroj-kapielowy-czarny\/\"]}]},{\"@type\":\"ImageObject\",\"inLanguage\":\"en-GB\",\"@id\":\"https:\/\/saintbody.com\/jednoczesciowy-stroj-kapielowy-czarny\/#primaryimage\",\"url\":\"https:\/\/saintbody.com\/wp-content\/uploads\/2025\/06\/363A2043.jpg\",\"contentUrl\":\"https:\/\/saintbody.com\/wp-content\/uploads\/2025\/06\/363A2043.jpg\",\"width\":1000,\"height\":1500},{\"@type\":\"BreadcrumbList\",\"@id\":\"https:\/\/saintbody.com\/jednoczesciowy-stroj-kapielowy-czarny\/#breadcrumb\",\"itemListElement\":[{\"@type\":\"ListItem\",\"position\":1,\"name\":\"Strona g\u0142\u00f3wna\",\"item\":\"https:\/\/saintbody.com\/\"},{\"@type\":\"ListItem\",\"position\":2,\"name\":\"Sklep\",\"item\":\"https:\/\/saintbody.com\/sklep\/\"},{\"@type\":\"ListItem\",\"position\":3,\"name\":\"Jednocz\u0119\u015bciowy str\u00f3j k\u0105pielowy czarny\"}]},{\"@type\":\"WebSite\",\"@id\":\"https:\/\/saintbody.com\/#website\",\"url\":\"https:\/\/saintbody.com\/\",\"name\":\"Sklep SAINTBODY\",\"description\":\"Premium basic na ka\u00c5\u00bcd\u00c4\u2026 okazje. Ponadczasowe Body, Odzie\u00c5\u00bc damska, Sukienki Damskie\",\"publisher\":{\"@id\":\"https:\/\/saintbody.com\/#organization\"},\"potentialAction\":[{\"@type\":\"SearchAction\",\"target\":{\"@type\":\"EntryPoint\",\"urlTemplate\":\"https:\/\/saintbody.com\/?s={search_term_string}\"},\"query-input\":{\"@type\":\"PropertyValueSpecification\",\"valueRequired\":true,\"valueName\":\"search_term_string\"}}],\"inLanguage\":\"en-GB\"},{\"@type\":\"Organization\",\"@id\":\"https:\/\/saintbody.com\/#organization\",\"name\":\"Sklep Saint Body\",\"url\":\"https:\/\/saintbody.com\/\",\"logo\":{\"@type\":\"ImageObject\",\"inLanguage\":\"en-GB\",\"@id\":\"https:\/\/saintbody.com\/#\/schema\/logo\/image\/\",\"url\":\"https:\/\/saintbody.com\/wp-content\/uploads\/2023\/04\/SaintBody_Logo_Typografia-e1691418926919.png\",\"contentUrl\":\"https:\/\/saintbody.com\/wp-content\/uploads\/2023\/04\/SaintBody_Logo_Typografia-e1691418926919.png\",\"width\":1000,\"height\":202,\"caption\":\"Sklep Saint Body\"},\"image\":{\"@id\":\"https:\/\/saintbody.com\/#\/schema\/logo\/image\/\"},\"sameAs\":[\"https:\/\/facebook.com\/saintbody\/\"]}]}<\/script>\n<!-- \/ Yoast SEO plugin. -->","yoast_head_json":{"title":"Jednocz\u0119\u015bciowy str\u00f3j k\u0105pielowy czarny - Sklep SAINTBODY","description":"Niezwykle wygodne body z szerokim dekoltem w kszta\u0142cie litery U i kr\u00f3tkim r\u0119kawkiem. Idealne w codziennej stylizacji do jeans\u00f3w...","robots":{"index":"index","follow":"follow","max-snippet":"max-snippet:-1","max-image-preview":"max-image-preview:large","max-video-preview":"max-video-preview:-1"},"canonical":"https:\/\/saintbody.com\/en_gb\/jednoczesciowy-stroj-kapielowy-czarny\/","og_locale":"en_GB","og_type":"article","og_title":"Jednocz\u0119\u015bciowy str\u00f3j k\u0105pielowy czarny - Sklep SAINTBODY","og_description":"Niezwykle wygodne body z szerokim dekoltem w kszta\u0142cie litery U i kr\u00f3tkim r\u0119kawkiem. Idealne w codziennej stylizacji do jeans\u00f3w...","og_url":"https:\/\/saintbody.com\/en_gb\/jednoczesciowy-stroj-kapielowy-czarny\/","og_site_name":"Sklep SAINTBODY","article_publisher":"https:\/\/facebook.com\/saintbody\/","article_modified_time":"2026-03-20T14:26:46+00:00","og_image":[{"width":1000,"height":1500,"url":"https:\/\/saintbody.com\/wp-content\/uploads\/2025\/06\/363A2043.jpg","type":"image\/jpeg"}],"twitter_card":"summary_large_image","twitter_misc":{"Estimated reading time":"1 minute"},"schema":{"@context":"https:\/\/schema.org","@graph":[{"@type":"WebPage","@id":"https:\/\/saintbody.com\/jednoczesciowy-stroj-kapielowy-czarny\/","url":"https:\/\/saintbody.com\/jednoczesciowy-stroj-kapielowy-czarny\/","name":"Jednocz\u0119\u015bciowy str\u00f3j k\u0105pielowy czarny - Sklep SAINTBODY","isPartOf":{"@id":"https:\/\/saintbody.com\/#website"},"primaryImageOfPage":{"@id":"https:\/\/saintbody.com\/jednoczesciowy-stroj-kapielowy-czarny\/#primaryimage"},"image":{"@id":"https:\/\/saintbody.com\/jednoczesciowy-stroj-kapielowy-czarny\/#primaryimage"},"thumbnailUrl":"https:\/\/saintbody.com\/wp-content\/uploads\/2025\/06\/363A2043.jpg","datePublished":"2025-06-17T11:50:17+00:00","dateModified":"2026-03-20T14:26:46+00:00","description":"Niezwykle wygodne body z szerokim dekoltem w kszta\u0142cie litery U i kr\u00f3tkim r\u0119kawkiem. Idealne w codziennej stylizacji do jeans\u00f3w...","breadcrumb":{"@id":"https:\/\/saintbody.com\/jednoczesciowy-stroj-kapielowy-czarny\/#breadcrumb"},"inLanguage":"en-GB","potentialAction":[{"@type":"ReadAction","target":["https:\/\/saintbody.com\/jednoczesciowy-stroj-kapielowy-czarny\/"]}]},{"@type":"ImageObject","inLanguage":"en-GB","@id":"https:\/\/saintbody.com\/jednoczesciowy-stroj-kapielowy-czarny\/#primaryimage","url":"https:\/\/saintbody.com\/wp-content\/uploads\/2025\/06\/363A2043.jpg","contentUrl":"https:\/\/saintbody.com\/wp-content\/uploads\/2025\/06\/363A2043.jpg","width":1000,"height":1500},{"@type":"BreadcrumbList","@id":"https:\/\/saintbody.com\/jednoczesciowy-stroj-kapielowy-czarny\/#breadcrumb","itemListElement":[{"@type":"ListItem","position":1,"name":"Strona g\u0142\u00f3wna","item":"https:\/\/saintbody.com\/"},{"@type":"ListItem","position":2,"name":"Sklep","item":"https:\/\/saintbody.com\/sklep\/"},{"@type":"ListItem","position":3,"name":"Jednocz\u0119\u015bciowy str\u00f3j k\u0105pielowy czarny"}]},{"@type":"WebSite","@id":"https:\/\/saintbody.com\/#website","url":"https:\/\/saintbody.com\/","name":"Sklep SAINTBODY","description":"Premium basic na ka\u00c5\u00bcd\u00c4\u2026 okazje. Ponadczasowe Body, Odzie\u00c5\u00bc damska, Sukienki Damskie","publisher":{"@id":"https:\/\/saintbody.com\/#organization"},"potentialAction":[{"@type":"SearchAction","target":{"@type":"EntryPoint","urlTemplate":"https:\/\/saintbody.com\/?s={search_term_string}"},"query-input":{"@type":"PropertyValueSpecification","valueRequired":true,"valueName":"search_term_string"}}],"inLanguage":"en-GB"},{"@type":"Organization","@id":"https:\/\/saintbody.com\/#organization","name":"Sklep Saint Body","url":"https:\/\/saintbody.com\/","logo":{"@type":"ImageObject","inLanguage":"en-GB","@id":"https:\/\/saintbody.com\/#\/schema\/logo\/image\/","url":"https:\/\/saintbody.com\/wp-content\/uploads\/2023\/04\/SaintBody_Logo_Typografia-e1691418926919.png","contentUrl":"https:\/\/saintbody.com\/wp-content\/uploads\/2023\/04\/SaintBody_Logo_Typografia-e1691418926919.png","width":1000,"height":202,"caption":"Sklep Saint Body"},"image":{"@id":"https:\/\/saintbody.com\/#\/schema\/logo\/image\/"},"sameAs":["https:\/\/facebook.com\/saintbody\/"]}]}},"_links":{"self":[{"href":"https:\/\/saintbody.com\/en_gb\/wp-json\/wp\/v2\/product\/56279","targetHints":{"allow":["GET"]}}],"collection":[{"href":"https:\/\/saintbody.com\/en_gb\/wp-json\/wp\/v2\/product"}],"about":[{"href":"https:\/\/saintbody.com\/en_gb\/wp-json\/wp\/v2\/types\/product"}],"wp:featuredmedia":[{"embeddable":true,"href":"https:\/\/saintbody.com\/en_gb\/wp-json\/wp\/v2\/media\/57426"}],"wp:attachment":[{"href":"https:\/\/saintbody.com\/en_gb\/wp-json\/wp\/v2\/media?parent=56279"}],"wp:term":[{"taxonomy":"product_brand","embeddable":true,"href":"https:\/\/saintbody.com\/en_gb\/wp-json\/wp\/v2\/product_brand?post=56279"},{"taxonomy":"product_cat","embeddable":true,"href":"https:\/\/saintbody.com\/en_gb\/wp-json\/wp\/v2\/product_cat?post=56279"},{"taxonomy":"product_tag","embeddable":true,"href":"https:\/\/saintbody.com\/en_gb\/wp-json\/wp\/v2\/product_tag?post=56279"}],"curies":[{"name":"wp","href":"https:\/\/api.w.org\/{rel}","templated":true}]}}