{"id":56202,"date":"2025-06-11T12:53:19","date_gmt":"2025-06-11T10:53:19","guid":{"rendered":"https:\/\/saintbody.com\/?post_type=product&#038;p=56202"},"modified":"2026-03-30T08:30:03","modified_gmt":"2026-03-30T06:30:03","slug":"body-high-cut-ecru","status":"publish","type":"product","link":"https:\/\/saintbody.com\/en_gb\/body-high-cut-ecru\/","title":{"rendered":"Body high cut ecru"},"content":{"rendered":"<p data-start=\"75\" data-end=\"416\">The bodysuit with a classic neckline and shortened sleeves combines minimalist form with subtle sensuality. High-cut armholes, reaching above the hip line, optically lengthen the legs and add lightness to the silhouette. The fitted cut sits beautifully on the body, emphasising the shape, while the shorter sleeve delicately accentuates the shoulders.<\/p>\n<p data-start=\"418\" data-end=\"700\">It is a versatile base that will work in both everyday styling and more sophisticated combinations. Product sewn in Poland from material produced in a Polish knitting mill.<\/p>\n<p>Also check out our bestselling\u00a0<a href=\"https:\/\/saintbody.com\/en_gb\/kategoria\/body\/\">body<\/a> !<br \/>\nVisit us at <a href=\"https:\/\/www.instagram.com\/saintbodyofficial\/\">instagram<\/a>.<\/p>","protected":false},"excerpt":{"rendered":"<p><span data-sheets-root=\"1\">Composition: 94% micro modal, 6% OEKO-TEX\u00ae elastane <\/span><br \/>\nThe model is 173 cm tall and wears size XS.<\/p>\n<p>Also check out our bestselling\u00a0<a href=\"https:\/\/saintbody.com\/en_gb\/kategoria\/body\/\">body<\/a> !<br \/>\nVisit us at <a href=\"https:\/\/www.instagram.com\/saintbodyofficial\/\">instagram<\/a>.<\/p>","protected":false},"featured_media":56344,"template":"","meta":[],"product_brand":[],"product_cat":[20,21,183],"product_tag":[23],"class_list":{"0":"post-56202","1":"product","2":"type-product","3":"status-publish","4":"has-post-thumbnail","6":"product_cat-wszystko","7":"product_cat-body-damskie","8":"product_cat-sale","9":"product_tag-body","11":"first","12":"instock","13":"sale","14":"taxable","15":"shipping-taxable","16":"purchasable","17":"product-type-variable"},"yoast_head":"<!-- This site is optimized with the Yoast SEO plugin v27.0 - https:\/\/yoast.com\/product\/yoast-seo-wordpress\/ -->\n<title>Body high cut ecru - Sklep SAINTBODY<\/title>\n<meta name=\"description\" content=\"Niezwykle wygodne body z szerokim dekoltem w kszta\u0142cie litery U i kr\u00f3tkim r\u0119kawkiem. Idealne w codziennej stylizacji do jeans\u00f3w...\" \/>\n<meta name=\"robots\" content=\"index, follow, max-snippet:-1, max-image-preview:large, max-video-preview:-1\" \/>\n<link rel=\"canonical\" href=\"https:\/\/saintbody.com\/en_gb\/body-high-cut-ecru\/\" \/>\n<meta property=\"og:locale\" content=\"en_GB\" \/>\n<meta property=\"og:type\" content=\"article\" \/>\n<meta property=\"og:title\" content=\"Body high cut ecru - Sklep SAINTBODY\" \/>\n<meta property=\"og:description\" content=\"Niezwykle wygodne body z szerokim dekoltem w kszta\u0142cie litery U i kr\u00f3tkim r\u0119kawkiem. Idealne w codziennej stylizacji do jeans\u00f3w...\" \/>\n<meta property=\"og:url\" content=\"https:\/\/saintbody.com\/en_gb\/body-high-cut-ecru\/\" \/>\n<meta property=\"og:site_name\" content=\"Sklep SAINTBODY\" \/>\n<meta property=\"article:publisher\" content=\"https:\/\/facebook.com\/saintbody\/\" \/>\n<meta property=\"article:modified_time\" content=\"2026-03-30T06:30:03+00:00\" \/>\n<meta property=\"og:image\" content=\"http:\/\/saintbody.com\/wp-content\/uploads\/2025\/06\/DSCF4758-scaled-e1752786719635.jpg\" \/>\n\t<meta property=\"og:image:width\" content=\"1135\" \/>\n\t<meta property=\"og:image:height\" content=\"1476\" \/>\n\t<meta property=\"og:image:type\" content=\"image\/jpeg\" \/>\n<meta name=\"twitter:card\" content=\"summary_large_image\" \/>\n<meta name=\"twitter:label1\" content=\"Estimated reading time\" \/>\n\t<meta name=\"twitter:data1\" content=\"1 minute\" \/>\n<script type=\"application\/ld+json\" class=\"yoast-schema-graph\">{\"@context\":\"https:\/\/schema.org\",\"@graph\":[{\"@type\":\"WebPage\",\"@id\":\"https:\/\/saintbody.com\/body-high-cut-ecru\/\",\"url\":\"https:\/\/saintbody.com\/body-high-cut-ecru\/\",\"name\":\"Body high cut ecru - Sklep SAINTBODY\",\"isPartOf\":{\"@id\":\"https:\/\/saintbody.com\/#website\"},\"primaryImageOfPage\":{\"@id\":\"https:\/\/saintbody.com\/body-high-cut-ecru\/#primaryimage\"},\"image\":{\"@id\":\"https:\/\/saintbody.com\/body-high-cut-ecru\/#primaryimage\"},\"thumbnailUrl\":\"https:\/\/saintbody.com\/wp-content\/uploads\/2025\/06\/DSCF4758-scaled-e1752786719635.jpg\",\"datePublished\":\"2025-06-11T10:53:19+00:00\",\"dateModified\":\"2026-03-30T06:30:03+00:00\",\"description\":\"Niezwykle wygodne body z szerokim dekoltem w kszta\u0142cie litery U i kr\u00f3tkim r\u0119kawkiem. Idealne w codziennej stylizacji do jeans\u00f3w...\",\"breadcrumb\":{\"@id\":\"https:\/\/saintbody.com\/body-high-cut-ecru\/#breadcrumb\"},\"inLanguage\":\"en-GB\",\"potentialAction\":[{\"@type\":\"ReadAction\",\"target\":[\"https:\/\/saintbody.com\/body-high-cut-ecru\/\"]}]},{\"@type\":\"ImageObject\",\"inLanguage\":\"en-GB\",\"@id\":\"https:\/\/saintbody.com\/body-high-cut-ecru\/#primaryimage\",\"url\":\"https:\/\/saintbody.com\/wp-content\/uploads\/2025\/06\/DSCF4758-scaled-e1752786719635.jpg\",\"contentUrl\":\"https:\/\/saintbody.com\/wp-content\/uploads\/2025\/06\/DSCF4758-scaled-e1752786719635.jpg\",\"width\":1135,\"height\":1476},{\"@type\":\"BreadcrumbList\",\"@id\":\"https:\/\/saintbody.com\/body-high-cut-ecru\/#breadcrumb\",\"itemListElement\":[{\"@type\":\"ListItem\",\"position\":1,\"name\":\"Strona g\u0142\u00f3wna\",\"item\":\"https:\/\/saintbody.com\/\"},{\"@type\":\"ListItem\",\"position\":2,\"name\":\"Sklep\",\"item\":\"https:\/\/saintbody.com\/sklep\/\"},{\"@type\":\"ListItem\",\"position\":3,\"name\":\"Body high cut ecru\"}]},{\"@type\":\"WebSite\",\"@id\":\"https:\/\/saintbody.com\/#website\",\"url\":\"https:\/\/saintbody.com\/\",\"name\":\"Sklep SAINTBODY\",\"description\":\"Premium basic na ka\u00c5\u00bcd\u00c4\u2026 okazje. Ponadczasowe Body, Odzie\u00c5\u00bc damska, Sukienki Damskie\",\"publisher\":{\"@id\":\"https:\/\/saintbody.com\/#organization\"},\"potentialAction\":[{\"@type\":\"SearchAction\",\"target\":{\"@type\":\"EntryPoint\",\"urlTemplate\":\"https:\/\/saintbody.com\/?s={search_term_string}\"},\"query-input\":{\"@type\":\"PropertyValueSpecification\",\"valueRequired\":true,\"valueName\":\"search_term_string\"}}],\"inLanguage\":\"en-GB\"},{\"@type\":\"Organization\",\"@id\":\"https:\/\/saintbody.com\/#organization\",\"name\":\"Sklep Saint Body\",\"url\":\"https:\/\/saintbody.com\/\",\"logo\":{\"@type\":\"ImageObject\",\"inLanguage\":\"en-GB\",\"@id\":\"https:\/\/saintbody.com\/#\/schema\/logo\/image\/\",\"url\":\"https:\/\/saintbody.com\/wp-content\/uploads\/2023\/04\/SaintBody_Logo_Typografia-e1691418926919.png\",\"contentUrl\":\"https:\/\/saintbody.com\/wp-content\/uploads\/2023\/04\/SaintBody_Logo_Typografia-e1691418926919.png\",\"width\":1000,\"height\":202,\"caption\":\"Sklep Saint Body\"},\"image\":{\"@id\":\"https:\/\/saintbody.com\/#\/schema\/logo\/image\/\"},\"sameAs\":[\"https:\/\/facebook.com\/saintbody\/\"]}]}<\/script>\n<!-- \/ Yoast SEO plugin. -->","yoast_head_json":{"title":"Body high cut ecru - Sklep SAINTBODY","description":"Niezwykle wygodne body z szerokim dekoltem w kszta\u0142cie litery U i kr\u00f3tkim r\u0119kawkiem. Idealne w codziennej stylizacji do jeans\u00f3w...","robots":{"index":"index","follow":"follow","max-snippet":"max-snippet:-1","max-image-preview":"max-image-preview:large","max-video-preview":"max-video-preview:-1"},"canonical":"https:\/\/saintbody.com\/en_gb\/body-high-cut-ecru\/","og_locale":"en_GB","og_type":"article","og_title":"Body high cut ecru - Sklep SAINTBODY","og_description":"Niezwykle wygodne body z szerokim dekoltem w kszta\u0142cie litery U i kr\u00f3tkim r\u0119kawkiem. Idealne w codziennej stylizacji do jeans\u00f3w...","og_url":"https:\/\/saintbody.com\/en_gb\/body-high-cut-ecru\/","og_site_name":"Sklep SAINTBODY","article_publisher":"https:\/\/facebook.com\/saintbody\/","article_modified_time":"2026-03-30T06:30:03+00:00","og_image":[{"width":1135,"height":1476,"url":"http:\/\/saintbody.com\/wp-content\/uploads\/2025\/06\/DSCF4758-scaled-e1752786719635.jpg","type":"image\/jpeg"}],"twitter_card":"summary_large_image","twitter_misc":{"Estimated reading time":"1 minute"},"schema":{"@context":"https:\/\/schema.org","@graph":[{"@type":"WebPage","@id":"https:\/\/saintbody.com\/body-high-cut-ecru\/","url":"https:\/\/saintbody.com\/body-high-cut-ecru\/","name":"Body high cut ecru - Sklep SAINTBODY","isPartOf":{"@id":"https:\/\/saintbody.com\/#website"},"primaryImageOfPage":{"@id":"https:\/\/saintbody.com\/body-high-cut-ecru\/#primaryimage"},"image":{"@id":"https:\/\/saintbody.com\/body-high-cut-ecru\/#primaryimage"},"thumbnailUrl":"https:\/\/saintbody.com\/wp-content\/uploads\/2025\/06\/DSCF4758-scaled-e1752786719635.jpg","datePublished":"2025-06-11T10:53:19+00:00","dateModified":"2026-03-30T06:30:03+00:00","description":"Niezwykle wygodne body z szerokim dekoltem w kszta\u0142cie litery U i kr\u00f3tkim r\u0119kawkiem. Idealne w codziennej stylizacji do jeans\u00f3w...","breadcrumb":{"@id":"https:\/\/saintbody.com\/body-high-cut-ecru\/#breadcrumb"},"inLanguage":"en-GB","potentialAction":[{"@type":"ReadAction","target":["https:\/\/saintbody.com\/body-high-cut-ecru\/"]}]},{"@type":"ImageObject","inLanguage":"en-GB","@id":"https:\/\/saintbody.com\/body-high-cut-ecru\/#primaryimage","url":"https:\/\/saintbody.com\/wp-content\/uploads\/2025\/06\/DSCF4758-scaled-e1752786719635.jpg","contentUrl":"https:\/\/saintbody.com\/wp-content\/uploads\/2025\/06\/DSCF4758-scaled-e1752786719635.jpg","width":1135,"height":1476},{"@type":"BreadcrumbList","@id":"https:\/\/saintbody.com\/body-high-cut-ecru\/#breadcrumb","itemListElement":[{"@type":"ListItem","position":1,"name":"Strona g\u0142\u00f3wna","item":"https:\/\/saintbody.com\/"},{"@type":"ListItem","position":2,"name":"Sklep","item":"https:\/\/saintbody.com\/sklep\/"},{"@type":"ListItem","position":3,"name":"Body high cut ecru"}]},{"@type":"WebSite","@id":"https:\/\/saintbody.com\/#website","url":"https:\/\/saintbody.com\/","name":"Sklep SAINTBODY","description":"Premium basic na ka\u00c5\u00bcd\u00c4\u2026 okazje. Ponadczasowe Body, Odzie\u00c5\u00bc damska, Sukienki Damskie","publisher":{"@id":"https:\/\/saintbody.com\/#organization"},"potentialAction":[{"@type":"SearchAction","target":{"@type":"EntryPoint","urlTemplate":"https:\/\/saintbody.com\/?s={search_term_string}"},"query-input":{"@type":"PropertyValueSpecification","valueRequired":true,"valueName":"search_term_string"}}],"inLanguage":"en-GB"},{"@type":"Organization","@id":"https:\/\/saintbody.com\/#organization","name":"Sklep Saint Body","url":"https:\/\/saintbody.com\/","logo":{"@type":"ImageObject","inLanguage":"en-GB","@id":"https:\/\/saintbody.com\/#\/schema\/logo\/image\/","url":"https:\/\/saintbody.com\/wp-content\/uploads\/2023\/04\/SaintBody_Logo_Typografia-e1691418926919.png","contentUrl":"https:\/\/saintbody.com\/wp-content\/uploads\/2023\/04\/SaintBody_Logo_Typografia-e1691418926919.png","width":1000,"height":202,"caption":"Sklep Saint Body"},"image":{"@id":"https:\/\/saintbody.com\/#\/schema\/logo\/image\/"},"sameAs":["https:\/\/facebook.com\/saintbody\/"]}]}},"_links":{"self":[{"href":"https:\/\/saintbody.com\/en_gb\/wp-json\/wp\/v2\/product\/56202","targetHints":{"allow":["GET"]}}],"collection":[{"href":"https:\/\/saintbody.com\/en_gb\/wp-json\/wp\/v2\/product"}],"about":[{"href":"https:\/\/saintbody.com\/en_gb\/wp-json\/wp\/v2\/types\/product"}],"wp:featuredmedia":[{"embeddable":true,"href":"https:\/\/saintbody.com\/en_gb\/wp-json\/wp\/v2\/media\/56344"}],"wp:attachment":[{"href":"https:\/\/saintbody.com\/en_gb\/wp-json\/wp\/v2\/media?parent=56202"}],"wp:term":[{"taxonomy":"product_brand","embeddable":true,"href":"https:\/\/saintbody.com\/en_gb\/wp-json\/wp\/v2\/product_brand?post=56202"},{"taxonomy":"product_cat","embeddable":true,"href":"https:\/\/saintbody.com\/en_gb\/wp-json\/wp\/v2\/product_cat?post=56202"},{"taxonomy":"product_tag","embeddable":true,"href":"https:\/\/saintbody.com\/en_gb\/wp-json\/wp\/v2\/product_tag?post=56202"}],"curies":[{"name":"wp","href":"https:\/\/api.w.org\/{rel}","templated":true}]}}