{"id":52870,"date":"2024-11-13T14:27:23","date_gmt":"2024-11-13T13:27:23","guid":{"rendered":"https:\/\/saintbody.com\/?post_type=product&#038;p=52870"},"modified":"2026-04-14T16:31:35","modified_gmt":"2026-04-14T14:31:35","slug":"legginsy-z-wysokim-stanem-dzwony-czarne","status":"publish","type":"product","link":"https:\/\/saintbody.com\/en_gb\/legginsy-z-wysokim-stanem-dzwony-czarne\/","title":{"rendered":"High rise leggings bell bottoms black"},"content":{"rendered":"<p>The high-waisted bell cut leggings are an elegant interpretation of a classic with a modern twist. A stylish item of clothing inspired by the aesthetics of the 1970s, which combines a subtle retro vibe with a sophisticated, contemporary twist. The high-waist beautifully shapes the silhouette, emphasising the waist and optically elongating the legs, while ensuring comfort and a perfect fit.<\/p>\n<p>Product sewn in Poland.<\/p>\n<p>The model is 177 cm tall and wears a size S.<\/p>\n<p>Also check out our bestselling\u00a0<a href=\"https:\/\/saintbody.com\/en_gb\/kategoria\/body\/\">body<\/a> !<br \/>\nVisit us at <a href=\"https:\/\/www.instagram.com\/saintbodyofficial\/\">instagram<\/a>.<\/p>","protected":false},"excerpt":{"rendered":"<p>Legginsy z wysokim stanem o kroju dzwon\u00f3w to elegancka interpretacja klasyki w nowoczesnym wydaniu. Stylowy element garderoby inspirowany estetyk\u0105 lat 70., kt\u00f3ry \u0142\u0105czy subtelny retro vibe z wyrafinowanym, wsp\u00f3\u0142czesnym twistem. Wysoki stan pi\u0119knie modeluje sylwetk\u0119, podkre\u015blaj\u0105c tali\u0119 i optycznie wyd\u0142u\u017caj\u0105c nogi, zapewniaj\u0105c przy tym komfort i perfekcyjne dopasowanie. Produkt szyty w Polsce. Modelka ma 177 [&hellip;]<\/p>","protected":false},"featured_media":53864,"template":"","meta":[],"product_brand":[],"product_cat":[35,20],"product_tag":[36],"class_list":{"0":"post-52870","1":"product","2":"type-product","3":"status-publish","4":"has-post-thumbnail","6":"product_cat-spodnie","7":"product_cat-wszystko","8":"product_tag-spodnie","10":"first","11":"instock","12":"taxable","13":"shipping-taxable","14":"purchasable","15":"product-type-variable","16":"has-default-attributes"},"yoast_head":"<!-- This site is optimized with the Yoast SEO plugin v27.0 - https:\/\/yoast.com\/product\/yoast-seo-wordpress\/ -->\n<title>Czarne legginsy dzwony z wysokim stanem - Sklep SAINTBODY<\/title>\n<meta name=\"description\" content=\"Legginsy z wysokim stanem o kroju dzwon\u00f3w to elegancka interpretacja klasyki w nowoczesnym wydaniu. Stylowy element garderoby inspirowany estetyk\u0105 lat 70.\" \/>\n<meta name=\"robots\" content=\"index, follow, max-snippet:-1, max-image-preview:large, max-video-preview:-1\" \/>\n<link rel=\"canonical\" href=\"https:\/\/saintbody.com\/en_gb\/legginsy-z-wysokim-stanem-dzwony-czarne\/\" \/>\n<meta property=\"og:locale\" content=\"en_GB\" \/>\n<meta property=\"og:type\" content=\"article\" \/>\n<meta property=\"og:title\" content=\"Czarne legginsy dzwony z wysokim stanem - Sklep SAINTBODY\" \/>\n<meta property=\"og:description\" content=\"Legginsy z wysokim stanem o kroju dzwon\u00f3w to elegancka interpretacja klasyki w nowoczesnym wydaniu. Stylowy element garderoby inspirowany estetyk\u0105 lat 70.\" \/>\n<meta property=\"og:url\" content=\"https:\/\/saintbody.com\/en_gb\/legginsy-z-wysokim-stanem-dzwony-czarne\/\" \/>\n<meta property=\"og:site_name\" content=\"Sklep SAINTBODY\" \/>\n<meta property=\"article:publisher\" content=\"https:\/\/facebook.com\/saintbody\/\" \/>\n<meta property=\"article:modified_time\" content=\"2026-04-14T14:31:35+00:00\" \/>\n<meta property=\"og:image\" content=\"https:\/\/saintbody.com\/wp-content\/uploads\/2024\/11\/8-1.png\" \/>\n\t<meta property=\"og:image:width\" content=\"1000\" \/>\n\t<meta property=\"og:image:height\" content=\"1500\" \/>\n\t<meta property=\"og:image:type\" content=\"image\/png\" \/>\n<meta name=\"twitter:card\" content=\"summary_large_image\" \/>\n<meta name=\"twitter:label1\" content=\"Estimated reading time\" \/>\n\t<meta name=\"twitter:data1\" content=\"1 minute\" \/>\n<script type=\"application\/ld+json\" class=\"yoast-schema-graph\">{\"@context\":\"https:\/\/schema.org\",\"@graph\":[{\"@type\":\"WebPage\",\"@id\":\"https:\/\/saintbody.com\/legginsy-z-wysokim-stanem-dzwony-czarne\/\",\"url\":\"https:\/\/saintbody.com\/legginsy-z-wysokim-stanem-dzwony-czarne\/\",\"name\":\"Czarne legginsy dzwony z wysokim stanem - Sklep SAINTBODY\",\"isPartOf\":{\"@id\":\"https:\/\/saintbody.com\/#website\"},\"primaryImageOfPage\":{\"@id\":\"https:\/\/saintbody.com\/legginsy-z-wysokim-stanem-dzwony-czarne\/#primaryimage\"},\"image\":{\"@id\":\"https:\/\/saintbody.com\/legginsy-z-wysokim-stanem-dzwony-czarne\/#primaryimage\"},\"thumbnailUrl\":\"https:\/\/saintbody.com\/wp-content\/uploads\/2024\/11\/8-1.png\",\"datePublished\":\"2024-11-13T13:27:23+00:00\",\"dateModified\":\"2026-04-14T14:31:35+00:00\",\"description\":\"Legginsy z wysokim stanem o kroju dzwon\u00f3w to elegancka interpretacja klasyki w nowoczesnym wydaniu. Stylowy element garderoby inspirowany estetyk\u0105 lat 70.\",\"breadcrumb\":{\"@id\":\"https:\/\/saintbody.com\/legginsy-z-wysokim-stanem-dzwony-czarne\/#breadcrumb\"},\"inLanguage\":\"en-GB\",\"potentialAction\":[{\"@type\":\"ReadAction\",\"target\":[\"https:\/\/saintbody.com\/legginsy-z-wysokim-stanem-dzwony-czarne\/\"]}]},{\"@type\":\"ImageObject\",\"inLanguage\":\"en-GB\",\"@id\":\"https:\/\/saintbody.com\/legginsy-z-wysokim-stanem-dzwony-czarne\/#primaryimage\",\"url\":\"https:\/\/saintbody.com\/wp-content\/uploads\/2024\/11\/8-1.png\",\"contentUrl\":\"https:\/\/saintbody.com\/wp-content\/uploads\/2024\/11\/8-1.png\",\"width\":1000,\"height\":1500},{\"@type\":\"BreadcrumbList\",\"@id\":\"https:\/\/saintbody.com\/legginsy-z-wysokim-stanem-dzwony-czarne\/#breadcrumb\",\"itemListElement\":[{\"@type\":\"ListItem\",\"position\":1,\"name\":\"Strona g\u0142\u00f3wna\",\"item\":\"https:\/\/saintbody.com\/\"},{\"@type\":\"ListItem\",\"position\":2,\"name\":\"Sklep\",\"item\":\"https:\/\/saintbody.com\/sklep\/\"},{\"@type\":\"ListItem\",\"position\":3,\"name\":\"Legginsy z wysokim stanem dzwony czarne\"}]},{\"@type\":\"WebSite\",\"@id\":\"https:\/\/saintbody.com\/#website\",\"url\":\"https:\/\/saintbody.com\/\",\"name\":\"Sklep SAINTBODY\",\"description\":\"Premium basic na ka\u00c5\u00bcd\u00c4\u2026 okazje. Ponadczasowe Body, Odzie\u00c5\u00bc damska, Sukienki Damskie\",\"publisher\":{\"@id\":\"https:\/\/saintbody.com\/#organization\"},\"potentialAction\":[{\"@type\":\"SearchAction\",\"target\":{\"@type\":\"EntryPoint\",\"urlTemplate\":\"https:\/\/saintbody.com\/?s={search_term_string}\"},\"query-input\":{\"@type\":\"PropertyValueSpecification\",\"valueRequired\":true,\"valueName\":\"search_term_string\"}}],\"inLanguage\":\"en-GB\"},{\"@type\":\"Organization\",\"@id\":\"https:\/\/saintbody.com\/#organization\",\"name\":\"Sklep Saint Body\",\"url\":\"https:\/\/saintbody.com\/\",\"logo\":{\"@type\":\"ImageObject\",\"inLanguage\":\"en-GB\",\"@id\":\"https:\/\/saintbody.com\/#\/schema\/logo\/image\/\",\"url\":\"https:\/\/saintbody.com\/wp-content\/uploads\/2023\/04\/SaintBody_Logo_Typografia-e1691418926919.png\",\"contentUrl\":\"https:\/\/saintbody.com\/wp-content\/uploads\/2023\/04\/SaintBody_Logo_Typografia-e1691418926919.png\",\"width\":1000,\"height\":202,\"caption\":\"Sklep Saint Body\"},\"image\":{\"@id\":\"https:\/\/saintbody.com\/#\/schema\/logo\/image\/\"},\"sameAs\":[\"https:\/\/facebook.com\/saintbody\/\"]}]}<\/script>\n<!-- \/ Yoast SEO plugin. -->","yoast_head_json":{"title":"Czarne legginsy dzwony z wysokim stanem - Sklep SAINTBODY","description":"Legginsy z wysokim stanem o kroju dzwon\u00f3w to elegancka interpretacja klasyki w nowoczesnym wydaniu. Stylowy element garderoby inspirowany estetyk\u0105 lat 70.","robots":{"index":"index","follow":"follow","max-snippet":"max-snippet:-1","max-image-preview":"max-image-preview:large","max-video-preview":"max-video-preview:-1"},"canonical":"https:\/\/saintbody.com\/en_gb\/legginsy-z-wysokim-stanem-dzwony-czarne\/","og_locale":"en_GB","og_type":"article","og_title":"Czarne legginsy dzwony z wysokim stanem - Sklep SAINTBODY","og_description":"Legginsy z wysokim stanem o kroju dzwon\u00f3w to elegancka interpretacja klasyki w nowoczesnym wydaniu. Stylowy element garderoby inspirowany estetyk\u0105 lat 70.","og_url":"https:\/\/saintbody.com\/en_gb\/legginsy-z-wysokim-stanem-dzwony-czarne\/","og_site_name":"Sklep SAINTBODY","article_publisher":"https:\/\/facebook.com\/saintbody\/","article_modified_time":"2026-04-14T14:31:35+00:00","og_image":[{"width":1000,"height":1500,"url":"https:\/\/saintbody.com\/wp-content\/uploads\/2024\/11\/8-1.png","type":"image\/png"}],"twitter_card":"summary_large_image","twitter_misc":{"Estimated reading time":"1 minute"},"schema":{"@context":"https:\/\/schema.org","@graph":[{"@type":"WebPage","@id":"https:\/\/saintbody.com\/legginsy-z-wysokim-stanem-dzwony-czarne\/","url":"https:\/\/saintbody.com\/legginsy-z-wysokim-stanem-dzwony-czarne\/","name":"Czarne legginsy dzwony z wysokim stanem - Sklep SAINTBODY","isPartOf":{"@id":"https:\/\/saintbody.com\/#website"},"primaryImageOfPage":{"@id":"https:\/\/saintbody.com\/legginsy-z-wysokim-stanem-dzwony-czarne\/#primaryimage"},"image":{"@id":"https:\/\/saintbody.com\/legginsy-z-wysokim-stanem-dzwony-czarne\/#primaryimage"},"thumbnailUrl":"https:\/\/saintbody.com\/wp-content\/uploads\/2024\/11\/8-1.png","datePublished":"2024-11-13T13:27:23+00:00","dateModified":"2026-04-14T14:31:35+00:00","description":"Legginsy z wysokim stanem o kroju dzwon\u00f3w to elegancka interpretacja klasyki w nowoczesnym wydaniu. Stylowy element garderoby inspirowany estetyk\u0105 lat 70.","breadcrumb":{"@id":"https:\/\/saintbody.com\/legginsy-z-wysokim-stanem-dzwony-czarne\/#breadcrumb"},"inLanguage":"en-GB","potentialAction":[{"@type":"ReadAction","target":["https:\/\/saintbody.com\/legginsy-z-wysokim-stanem-dzwony-czarne\/"]}]},{"@type":"ImageObject","inLanguage":"en-GB","@id":"https:\/\/saintbody.com\/legginsy-z-wysokim-stanem-dzwony-czarne\/#primaryimage","url":"https:\/\/saintbody.com\/wp-content\/uploads\/2024\/11\/8-1.png","contentUrl":"https:\/\/saintbody.com\/wp-content\/uploads\/2024\/11\/8-1.png","width":1000,"height":1500},{"@type":"BreadcrumbList","@id":"https:\/\/saintbody.com\/legginsy-z-wysokim-stanem-dzwony-czarne\/#breadcrumb","itemListElement":[{"@type":"ListItem","position":1,"name":"Strona g\u0142\u00f3wna","item":"https:\/\/saintbody.com\/"},{"@type":"ListItem","position":2,"name":"Sklep","item":"https:\/\/saintbody.com\/sklep\/"},{"@type":"ListItem","position":3,"name":"Legginsy z wysokim stanem dzwony czarne"}]},{"@type":"WebSite","@id":"https:\/\/saintbody.com\/#website","url":"https:\/\/saintbody.com\/","name":"Sklep SAINTBODY","description":"Premium basic na ka\u00c5\u00bcd\u00c4\u2026 okazje. Ponadczasowe Body, Odzie\u00c5\u00bc damska, Sukienki Damskie","publisher":{"@id":"https:\/\/saintbody.com\/#organization"},"potentialAction":[{"@type":"SearchAction","target":{"@type":"EntryPoint","urlTemplate":"https:\/\/saintbody.com\/?s={search_term_string}"},"query-input":{"@type":"PropertyValueSpecification","valueRequired":true,"valueName":"search_term_string"}}],"inLanguage":"en-GB"},{"@type":"Organization","@id":"https:\/\/saintbody.com\/#organization","name":"Sklep Saint Body","url":"https:\/\/saintbody.com\/","logo":{"@type":"ImageObject","inLanguage":"en-GB","@id":"https:\/\/saintbody.com\/#\/schema\/logo\/image\/","url":"https:\/\/saintbody.com\/wp-content\/uploads\/2023\/04\/SaintBody_Logo_Typografia-e1691418926919.png","contentUrl":"https:\/\/saintbody.com\/wp-content\/uploads\/2023\/04\/SaintBody_Logo_Typografia-e1691418926919.png","width":1000,"height":202,"caption":"Sklep Saint Body"},"image":{"@id":"https:\/\/saintbody.com\/#\/schema\/logo\/image\/"},"sameAs":["https:\/\/facebook.com\/saintbody\/"]}]}},"_links":{"self":[{"href":"https:\/\/saintbody.com\/en_gb\/wp-json\/wp\/v2\/product\/52870","targetHints":{"allow":["GET"]}}],"collection":[{"href":"https:\/\/saintbody.com\/en_gb\/wp-json\/wp\/v2\/product"}],"about":[{"href":"https:\/\/saintbody.com\/en_gb\/wp-json\/wp\/v2\/types\/product"}],"wp:featuredmedia":[{"embeddable":true,"href":"https:\/\/saintbody.com\/en_gb\/wp-json\/wp\/v2\/media\/53864"}],"wp:attachment":[{"href":"https:\/\/saintbody.com\/en_gb\/wp-json\/wp\/v2\/media?parent=52870"}],"wp:term":[{"taxonomy":"product_brand","embeddable":true,"href":"https:\/\/saintbody.com\/en_gb\/wp-json\/wp\/v2\/product_brand?post=52870"},{"taxonomy":"product_cat","embeddable":true,"href":"https:\/\/saintbody.com\/en_gb\/wp-json\/wp\/v2\/product_cat?post=52870"},{"taxonomy":"product_tag","embeddable":true,"href":"https:\/\/saintbody.com\/en_gb\/wp-json\/wp\/v2\/product_tag?post=52870"}],"curies":[{"name":"wp","href":"https:\/\/api.w.org\/{rel}","templated":true}]}}