{"id":52864,"date":"2024-11-13T13:36:23","date_gmt":"2024-11-13T12:36:23","guid":{"rendered":"https:\/\/saintbody.com\/?post_type=product&#038;p=52864"},"modified":"2026-03-02T14:11:39","modified_gmt":"2026-03-02T13:11:39","slug":"spodnie-z-tkaniny-na-zamek-z-lyocellu-czare","status":"publish","type":"product","link":"https:\/\/saintbody.com\/en_gb\/spodnie-z-tkaniny-na-zamek-z-lyocellu-czare\/","title":{"rendered":"Lyocell zip-up trousers black"},"content":{"rendered":"<p>The zipped fabric trousers are a timeless model and an absolute must-have in any wardrobe. Made from the highest quality fabric, they provide exceptional wearing comfort and perfect fit on the silhouette. The universal colour makes it easy to create consistent, elegant styling. The fitted waist emphasises the figure in a subtle way, while the straight legs add a refined touch. The model pairs perfectly with our bodysuits for a modern and timeless look.<\/p>\n<p>The model is 177 cm tall and wears size M.<\/p>\n<p>Product sewn in Poland.<\/p>\n<p>Also check out our bestselling\u00a0<a href=\"https:\/\/saintbody.com\/en_gb\/kategoria\/body\/\">body<\/a> !<br \/>\nVisit us at <a href=\"https:\/\/www.instagram.com\/saintbodyofficial\/\">instagram<\/a>.<\/p>","protected":false},"excerpt":{"rendered":"<p>Spodnie z tkaniny zapinane na zamek to ponadczasowy model i absolutny must-have w ka\u017cdej garderobie. Wykonane z najwy\u017cszej jako\u015bci tkaniny, zapewniaj\u0105 wyj\u0105tkowy komfort noszenia i doskona\u0142e u\u0142o\u017cenie na sylwetce. Uniwersalny kolor u\u0142atwia tworzenie sp\u00f3jnych, eleganckich stylizacji. Dopasowany kr\u00f3j w talii subtelnie podkre\u015bla figur\u0119, a proste nogawki nadaj\u0105 ca\u0142o\u015bci wyrafinowanego charakteru. Model idealnie komponuje si\u0119 z [&hellip;]<\/p>","protected":false},"featured_media":53865,"template":"","meta":[],"product_brand":[],"product_cat":[20,35,183],"product_tag":[36],"class_list":{"0":"post-52864","1":"product","2":"type-product","3":"status-publish","4":"has-post-thumbnail","6":"product_cat-wszystko","7":"product_cat-spodnie","8":"product_cat-sale","9":"product_tag-spodnie","11":"first","12":"outofstock","13":"sale","14":"taxable","15":"shipping-taxable","16":"purchasable","17":"product-type-variable","18":"has-default-attributes"},"yoast_head":"<!-- This site is optimized with the Yoast SEO plugin v27.0 - https:\/\/yoast.com\/product\/yoast-seo-wordpress\/ -->\n<title>Czarne spodnie na zamek z lyocellu<\/title>\n<meta name=\"description\" content=\"Spodnie zapinane na zamek to ponadczasowy model, wykonany z najwy\u017cszej jako\u015bci lyocellu, zapewniaj\u0105 wyj\u0105tkowy komfort noszenia i perfekcyjne dopasowanie.\" \/>\n<meta name=\"robots\" content=\"index, follow, max-snippet:-1, max-image-preview:large, max-video-preview:-1\" \/>\n<link rel=\"canonical\" href=\"https:\/\/saintbody.com\/en_gb\/spodnie-z-tkaniny-na-zamek-z-lyocellu-czare\/\" \/>\n<meta property=\"og:locale\" content=\"en_GB\" \/>\n<meta property=\"og:type\" content=\"article\" \/>\n<meta property=\"og:title\" content=\"Czarne spodnie na zamek z lyocellu\" \/>\n<meta property=\"og:description\" content=\"Spodnie zapinane na zamek to ponadczasowy model, wykonany z najwy\u017cszej jako\u015bci lyocellu, zapewniaj\u0105 wyj\u0105tkowy komfort noszenia i perfekcyjne dopasowanie.\" \/>\n<meta property=\"og:url\" content=\"https:\/\/saintbody.com\/en_gb\/spodnie-z-tkaniny-na-zamek-z-lyocellu-czare\/\" \/>\n<meta property=\"og:site_name\" content=\"Sklep SAINTBODY\" \/>\n<meta property=\"article:publisher\" content=\"https:\/\/facebook.com\/saintbody\/\" \/>\n<meta property=\"article:modified_time\" content=\"2026-03-02T13:11:39+00:00\" \/>\n<meta property=\"og:image\" content=\"https:\/\/saintbody.com\/wp-content\/uploads\/2024\/11\/9-1.png\" \/>\n\t<meta property=\"og:image:width\" content=\"1000\" \/>\n\t<meta property=\"og:image:height\" content=\"1500\" \/>\n\t<meta property=\"og:image:type\" content=\"image\/png\" \/>\n<meta name=\"twitter:card\" content=\"summary_large_image\" \/>\n<meta name=\"twitter:label1\" content=\"Estimated reading time\" \/>\n\t<meta name=\"twitter:data1\" content=\"1 minute\" \/>\n<script type=\"application\/ld+json\" class=\"yoast-schema-graph\">{\"@context\":\"https:\/\/schema.org\",\"@graph\":[{\"@type\":\"WebPage\",\"@id\":\"https:\/\/saintbody.com\/spodnie-z-tkaniny-na-zamek-z-lyocellu-czare\/\",\"url\":\"https:\/\/saintbody.com\/spodnie-z-tkaniny-na-zamek-z-lyocellu-czare\/\",\"name\":\"Czarne spodnie na zamek z lyocellu\",\"isPartOf\":{\"@id\":\"https:\/\/saintbody.com\/#website\"},\"primaryImageOfPage\":{\"@id\":\"https:\/\/saintbody.com\/spodnie-z-tkaniny-na-zamek-z-lyocellu-czare\/#primaryimage\"},\"image\":{\"@id\":\"https:\/\/saintbody.com\/spodnie-z-tkaniny-na-zamek-z-lyocellu-czare\/#primaryimage\"},\"thumbnailUrl\":\"https:\/\/saintbody.com\/wp-content\/uploads\/2024\/11\/9-1.png\",\"datePublished\":\"2024-11-13T12:36:23+00:00\",\"dateModified\":\"2026-03-02T13:11:39+00:00\",\"description\":\"Spodnie zapinane na zamek to ponadczasowy model, wykonany z najwy\u017cszej jako\u015bci lyocellu, zapewniaj\u0105 wyj\u0105tkowy komfort noszenia i perfekcyjne dopasowanie.\",\"breadcrumb\":{\"@id\":\"https:\/\/saintbody.com\/spodnie-z-tkaniny-na-zamek-z-lyocellu-czare\/#breadcrumb\"},\"inLanguage\":\"en-GB\",\"potentialAction\":[{\"@type\":\"ReadAction\",\"target\":[\"https:\/\/saintbody.com\/spodnie-z-tkaniny-na-zamek-z-lyocellu-czare\/\"]}]},{\"@type\":\"ImageObject\",\"inLanguage\":\"en-GB\",\"@id\":\"https:\/\/saintbody.com\/spodnie-z-tkaniny-na-zamek-z-lyocellu-czare\/#primaryimage\",\"url\":\"https:\/\/saintbody.com\/wp-content\/uploads\/2024\/11\/9-1.png\",\"contentUrl\":\"https:\/\/saintbody.com\/wp-content\/uploads\/2024\/11\/9-1.png\",\"width\":1000,\"height\":1500},{\"@type\":\"BreadcrumbList\",\"@id\":\"https:\/\/saintbody.com\/spodnie-z-tkaniny-na-zamek-z-lyocellu-czare\/#breadcrumb\",\"itemListElement\":[{\"@type\":\"ListItem\",\"position\":1,\"name\":\"Strona g\u0142\u00f3wna\",\"item\":\"https:\/\/saintbody.com\/\"},{\"@type\":\"ListItem\",\"position\":2,\"name\":\"Sklep\",\"item\":\"https:\/\/saintbody.com\/sklep\/\"},{\"@type\":\"ListItem\",\"position\":3,\"name\":\"Spodnie na zamek z lyocellu czarne\"}]},{\"@type\":\"WebSite\",\"@id\":\"https:\/\/saintbody.com\/#website\",\"url\":\"https:\/\/saintbody.com\/\",\"name\":\"Sklep SAINTBODY\",\"description\":\"Premium basic na ka\u00c5\u00bcd\u00c4\u2026 okazje. Ponadczasowe Body, Odzie\u00c5\u00bc damska, Sukienki Damskie\",\"publisher\":{\"@id\":\"https:\/\/saintbody.com\/#organization\"},\"potentialAction\":[{\"@type\":\"SearchAction\",\"target\":{\"@type\":\"EntryPoint\",\"urlTemplate\":\"https:\/\/saintbody.com\/?s={search_term_string}\"},\"query-input\":{\"@type\":\"PropertyValueSpecification\",\"valueRequired\":true,\"valueName\":\"search_term_string\"}}],\"inLanguage\":\"en-GB\"},{\"@type\":\"Organization\",\"@id\":\"https:\/\/saintbody.com\/#organization\",\"name\":\"Sklep Saint Body\",\"url\":\"https:\/\/saintbody.com\/\",\"logo\":{\"@type\":\"ImageObject\",\"inLanguage\":\"en-GB\",\"@id\":\"https:\/\/saintbody.com\/#\/schema\/logo\/image\/\",\"url\":\"https:\/\/saintbody.com\/wp-content\/uploads\/2023\/04\/SaintBody_Logo_Typografia-e1691418926919.png\",\"contentUrl\":\"https:\/\/saintbody.com\/wp-content\/uploads\/2023\/04\/SaintBody_Logo_Typografia-e1691418926919.png\",\"width\":1000,\"height\":202,\"caption\":\"Sklep Saint Body\"},\"image\":{\"@id\":\"https:\/\/saintbody.com\/#\/schema\/logo\/image\/\"},\"sameAs\":[\"https:\/\/facebook.com\/saintbody\/\"]}]}<\/script>\n<!-- \/ Yoast SEO plugin. -->","yoast_head_json":{"title":"Czarne spodnie na zamek z lyocellu","description":"Spodnie zapinane na zamek to ponadczasowy model, wykonany z najwy\u017cszej jako\u015bci lyocellu, zapewniaj\u0105 wyj\u0105tkowy komfort noszenia i perfekcyjne dopasowanie.","robots":{"index":"index","follow":"follow","max-snippet":"max-snippet:-1","max-image-preview":"max-image-preview:large","max-video-preview":"max-video-preview:-1"},"canonical":"https:\/\/saintbody.com\/en_gb\/spodnie-z-tkaniny-na-zamek-z-lyocellu-czare\/","og_locale":"en_GB","og_type":"article","og_title":"Czarne spodnie na zamek z lyocellu","og_description":"Spodnie zapinane na zamek to ponadczasowy model, wykonany z najwy\u017cszej jako\u015bci lyocellu, zapewniaj\u0105 wyj\u0105tkowy komfort noszenia i perfekcyjne dopasowanie.","og_url":"https:\/\/saintbody.com\/en_gb\/spodnie-z-tkaniny-na-zamek-z-lyocellu-czare\/","og_site_name":"Sklep SAINTBODY","article_publisher":"https:\/\/facebook.com\/saintbody\/","article_modified_time":"2026-03-02T13:11:39+00:00","og_image":[{"width":1000,"height":1500,"url":"https:\/\/saintbody.com\/wp-content\/uploads\/2024\/11\/9-1.png","type":"image\/png"}],"twitter_card":"summary_large_image","twitter_misc":{"Estimated reading time":"1 minute"},"schema":{"@context":"https:\/\/schema.org","@graph":[{"@type":"WebPage","@id":"https:\/\/saintbody.com\/spodnie-z-tkaniny-na-zamek-z-lyocellu-czare\/","url":"https:\/\/saintbody.com\/spodnie-z-tkaniny-na-zamek-z-lyocellu-czare\/","name":"Czarne spodnie na zamek z lyocellu","isPartOf":{"@id":"https:\/\/saintbody.com\/#website"},"primaryImageOfPage":{"@id":"https:\/\/saintbody.com\/spodnie-z-tkaniny-na-zamek-z-lyocellu-czare\/#primaryimage"},"image":{"@id":"https:\/\/saintbody.com\/spodnie-z-tkaniny-na-zamek-z-lyocellu-czare\/#primaryimage"},"thumbnailUrl":"https:\/\/saintbody.com\/wp-content\/uploads\/2024\/11\/9-1.png","datePublished":"2024-11-13T12:36:23+00:00","dateModified":"2026-03-02T13:11:39+00:00","description":"Spodnie zapinane na zamek to ponadczasowy model, wykonany z najwy\u017cszej jako\u015bci lyocellu, zapewniaj\u0105 wyj\u0105tkowy komfort noszenia i perfekcyjne dopasowanie.","breadcrumb":{"@id":"https:\/\/saintbody.com\/spodnie-z-tkaniny-na-zamek-z-lyocellu-czare\/#breadcrumb"},"inLanguage":"en-GB","potentialAction":[{"@type":"ReadAction","target":["https:\/\/saintbody.com\/spodnie-z-tkaniny-na-zamek-z-lyocellu-czare\/"]}]},{"@type":"ImageObject","inLanguage":"en-GB","@id":"https:\/\/saintbody.com\/spodnie-z-tkaniny-na-zamek-z-lyocellu-czare\/#primaryimage","url":"https:\/\/saintbody.com\/wp-content\/uploads\/2024\/11\/9-1.png","contentUrl":"https:\/\/saintbody.com\/wp-content\/uploads\/2024\/11\/9-1.png","width":1000,"height":1500},{"@type":"BreadcrumbList","@id":"https:\/\/saintbody.com\/spodnie-z-tkaniny-na-zamek-z-lyocellu-czare\/#breadcrumb","itemListElement":[{"@type":"ListItem","position":1,"name":"Strona g\u0142\u00f3wna","item":"https:\/\/saintbody.com\/"},{"@type":"ListItem","position":2,"name":"Sklep","item":"https:\/\/saintbody.com\/sklep\/"},{"@type":"ListItem","position":3,"name":"Spodnie na zamek z lyocellu czarne"}]},{"@type":"WebSite","@id":"https:\/\/saintbody.com\/#website","url":"https:\/\/saintbody.com\/","name":"Sklep SAINTBODY","description":"Premium basic na ka\u00c5\u00bcd\u00c4\u2026 okazje. Ponadczasowe Body, Odzie\u00c5\u00bc damska, Sukienki Damskie","publisher":{"@id":"https:\/\/saintbody.com\/#organization"},"potentialAction":[{"@type":"SearchAction","target":{"@type":"EntryPoint","urlTemplate":"https:\/\/saintbody.com\/?s={search_term_string}"},"query-input":{"@type":"PropertyValueSpecification","valueRequired":true,"valueName":"search_term_string"}}],"inLanguage":"en-GB"},{"@type":"Organization","@id":"https:\/\/saintbody.com\/#organization","name":"Sklep Saint Body","url":"https:\/\/saintbody.com\/","logo":{"@type":"ImageObject","inLanguage":"en-GB","@id":"https:\/\/saintbody.com\/#\/schema\/logo\/image\/","url":"https:\/\/saintbody.com\/wp-content\/uploads\/2023\/04\/SaintBody_Logo_Typografia-e1691418926919.png","contentUrl":"https:\/\/saintbody.com\/wp-content\/uploads\/2023\/04\/SaintBody_Logo_Typografia-e1691418926919.png","width":1000,"height":202,"caption":"Sklep Saint Body"},"image":{"@id":"https:\/\/saintbody.com\/#\/schema\/logo\/image\/"},"sameAs":["https:\/\/facebook.com\/saintbody\/"]}]}},"_links":{"self":[{"href":"https:\/\/saintbody.com\/en_gb\/wp-json\/wp\/v2\/product\/52864","targetHints":{"allow":["GET"]}}],"collection":[{"href":"https:\/\/saintbody.com\/en_gb\/wp-json\/wp\/v2\/product"}],"about":[{"href":"https:\/\/saintbody.com\/en_gb\/wp-json\/wp\/v2\/types\/product"}],"wp:featuredmedia":[{"embeddable":true,"href":"https:\/\/saintbody.com\/en_gb\/wp-json\/wp\/v2\/media\/53865"}],"wp:attachment":[{"href":"https:\/\/saintbody.com\/en_gb\/wp-json\/wp\/v2\/media?parent=52864"}],"wp:term":[{"taxonomy":"product_brand","embeddable":true,"href":"https:\/\/saintbody.com\/en_gb\/wp-json\/wp\/v2\/product_brand?post=52864"},{"taxonomy":"product_cat","embeddable":true,"href":"https:\/\/saintbody.com\/en_gb\/wp-json\/wp\/v2\/product_cat?post=52864"},{"taxonomy":"product_tag","embeddable":true,"href":"https:\/\/saintbody.com\/en_gb\/wp-json\/wp\/v2\/product_tag?post=52864"}],"curies":[{"name":"wp","href":"https:\/\/api.w.org\/{rel}","templated":true}]}}