{"id":52758,"date":"2024-11-12T15:51:19","date_gmt":"2024-11-12T14:51:19","guid":{"rendered":"https:\/\/saintbody.com\/?post_type=product&#038;p=52758"},"modified":"2025-09-06T17:48:50","modified_gmt":"2025-09-06T15:48:50","slug":"body-z-golfem-z-wycietymi-plecami-czarne","status":"publish","type":"product","link":"https:\/\/saintbody.com\/en_gb\/body-z-golfem-z-wycietymi-plecami-czarne\/","title":{"rendered":"Turtleneck body with cut-out back black"},"content":{"rendered":"<p>The black bodysuit with turtleneck and back cutout is an extremely stylish and sensual piece of clothing. The front with a high turtleneck adds class and elegance, while the deep cut-out on the back adds a unique touch to the silhouette. The bodice features delicate Italian adjusters at the back for adjustability.<\/p>\n<p>At Saint Body, we use certified knitted fabrics from local and European suppliers.<\/p>\n<p><span data-sheets-root=\"1\">The model is 177 cm tall and wears a size S.<\/span><\/p>\n<p>Also check out our bestselling\u00a0<a href=\"https:\/\/saintbody.com\/en_gb\/kategoria\/sukienki\/\">dresses<\/a> !<br \/>\nVisit us at <a href=\"https:\/\/www.instagram.com\/saintbodyofficial\/\">instagram<\/a>.<\/p>","protected":false},"excerpt":{"rendered":"<p>Czarne body z golfem i wyci\u0119ciem na plecach to niezwykle stylowy i zmys\u0142owy element garderoby. Prz\u00f3d z wysokim golfem nadaje klasy i elegancji, podczas gdy g\u0142\u0119bokie wyci\u0119cie na plecach dodaje sylwetce wyj\u0105tkowego charakteru. Body posiada z ty\u0142u delikatne, w\u0142oskie regulatory umo\u017cliwiaj\u0105ce regulacj\u0119. W Saint Body u\u017cywamy certyfikowanych dzianin od lokalnych dostawc\u00f3w Modelka ma 177 cm [&hellip;]<\/p>","protected":false},"featured_media":52920,"template":"","meta":[],"product_brand":[],"product_cat":[20,21],"product_tag":[23],"class_list":{"0":"post-52758","1":"product","2":"type-product","3":"status-publish","4":"has-post-thumbnail","6":"product_cat-wszystko","7":"product_cat-body-damskie","8":"product_tag-body","10":"first","11":"outofstock","12":"taxable","13":"shipping-taxable","14":"purchasable","15":"product-type-variable","16":"has-default-attributes"},"yoast_head":"<!-- This site is optimized with the Yoast SEO plugin v27.0 - https:\/\/yoast.com\/product\/yoast-seo-wordpress\/ -->\n<title>Body z golfem z wyci\u0119tymi plecami czarne - Sklep SAINTBODY<\/title>\n<meta name=\"description\" content=\"Obowi\u0105zkowy model w szafie ka\u017cdej z nas. Idealny jako baza pod marynark\u0119 ale r\u00f3wnie \u015bwietnie wygl\u0105da w zestawieniu z jeansami.\" \/>\n<meta name=\"robots\" content=\"index, follow, max-snippet:-1, max-image-preview:large, max-video-preview:-1\" \/>\n<link rel=\"canonical\" href=\"https:\/\/saintbody.com\/en_gb\/body-z-golfem-z-wycietymi-plecami-czarne\/\" \/>\n<meta property=\"og:locale\" content=\"en_GB\" \/>\n<meta property=\"og:type\" content=\"article\" \/>\n<meta property=\"og:title\" content=\"Body z golfem z wyci\u0119tymi plecami czarne - Sklep SAINTBODY\" \/>\n<meta property=\"og:description\" content=\"Obowi\u0105zkowy model w szafie ka\u017cdej z nas. Idealny jako baza pod marynark\u0119 ale r\u00f3wnie \u015bwietnie wygl\u0105da w zestawieniu z jeansami.\" \/>\n<meta property=\"og:url\" content=\"https:\/\/saintbody.com\/en_gb\/body-z-golfem-z-wycietymi-plecami-czarne\/\" \/>\n<meta property=\"og:site_name\" content=\"Sklep SAINTBODY\" \/>\n<meta property=\"article:publisher\" content=\"https:\/\/facebook.com\/saintbody\/\" \/>\n<meta property=\"article:modified_time\" content=\"2025-09-06T15:48:50+00:00\" \/>\n<meta property=\"og:image\" content=\"http:\/\/saintbody.com\/wp-content\/uploads\/2024\/11\/SBB_1781-Poprawione-SR-Poprawione-SR-1.jpg\" \/>\n\t<meta property=\"og:image:width\" content=\"1000\" \/>\n\t<meta property=\"og:image:height\" content=\"1500\" \/>\n\t<meta property=\"og:image:type\" content=\"image\/jpeg\" \/>\n<meta name=\"twitter:card\" content=\"summary_large_image\" \/>\n<meta name=\"twitter:label1\" content=\"Estimated reading time\" \/>\n\t<meta name=\"twitter:data1\" content=\"1 minute\" \/>\n<script type=\"application\/ld+json\" class=\"yoast-schema-graph\">{\"@context\":\"https:\/\/schema.org\",\"@graph\":[{\"@type\":\"WebPage\",\"@id\":\"https:\/\/saintbody.com\/body-z-golfem-z-wycietymi-plecami-czarne\/\",\"url\":\"https:\/\/saintbody.com\/body-z-golfem-z-wycietymi-plecami-czarne\/\",\"name\":\"Body z golfem z wyci\u0119tymi plecami czarne - Sklep SAINTBODY\",\"isPartOf\":{\"@id\":\"https:\/\/saintbody.com\/#website\"},\"primaryImageOfPage\":{\"@id\":\"https:\/\/saintbody.com\/body-z-golfem-z-wycietymi-plecami-czarne\/#primaryimage\"},\"image\":{\"@id\":\"https:\/\/saintbody.com\/body-z-golfem-z-wycietymi-plecami-czarne\/#primaryimage\"},\"thumbnailUrl\":\"https:\/\/saintbody.com\/wp-content\/uploads\/2024\/11\/SBB_1781-Poprawione-SR-Poprawione-SR-1.jpg\",\"datePublished\":\"2024-11-12T14:51:19+00:00\",\"dateModified\":\"2025-09-06T15:48:50+00:00\",\"description\":\"Obowi\u0105zkowy model w szafie ka\u017cdej z nas. Idealny jako baza pod marynark\u0119 ale r\u00f3wnie \u015bwietnie wygl\u0105da w zestawieniu z jeansami.\",\"breadcrumb\":{\"@id\":\"https:\/\/saintbody.com\/body-z-golfem-z-wycietymi-plecami-czarne\/#breadcrumb\"},\"inLanguage\":\"en-GB\",\"potentialAction\":[{\"@type\":\"ReadAction\",\"target\":[\"https:\/\/saintbody.com\/body-z-golfem-z-wycietymi-plecami-czarne\/\"]}]},{\"@type\":\"ImageObject\",\"inLanguage\":\"en-GB\",\"@id\":\"https:\/\/saintbody.com\/body-z-golfem-z-wycietymi-plecami-czarne\/#primaryimage\",\"url\":\"https:\/\/saintbody.com\/wp-content\/uploads\/2024\/11\/SBB_1781-Poprawione-SR-Poprawione-SR-1.jpg\",\"contentUrl\":\"https:\/\/saintbody.com\/wp-content\/uploads\/2024\/11\/SBB_1781-Poprawione-SR-Poprawione-SR-1.jpg\",\"width\":1000,\"height\":1500},{\"@type\":\"BreadcrumbList\",\"@id\":\"https:\/\/saintbody.com\/body-z-golfem-z-wycietymi-plecami-czarne\/#breadcrumb\",\"itemListElement\":[{\"@type\":\"ListItem\",\"position\":1,\"name\":\"Strona g\u0142\u00f3wna\",\"item\":\"https:\/\/saintbody.com\/\"},{\"@type\":\"ListItem\",\"position\":2,\"name\":\"Sklep\",\"item\":\"https:\/\/saintbody.com\/sklep\/\"},{\"@type\":\"ListItem\",\"position\":3,\"name\":\"Body z golfem z wyci\u0119tymi plecami czarne\"}]},{\"@type\":\"WebSite\",\"@id\":\"https:\/\/saintbody.com\/#website\",\"url\":\"https:\/\/saintbody.com\/\",\"name\":\"Sklep SAINTBODY\",\"description\":\"Premium basic na ka\u00c5\u00bcd\u00c4\u2026 okazje. Ponadczasowe Body, Odzie\u00c5\u00bc damska, Sukienki Damskie\",\"publisher\":{\"@id\":\"https:\/\/saintbody.com\/#organization\"},\"potentialAction\":[{\"@type\":\"SearchAction\",\"target\":{\"@type\":\"EntryPoint\",\"urlTemplate\":\"https:\/\/saintbody.com\/?s={search_term_string}\"},\"query-input\":{\"@type\":\"PropertyValueSpecification\",\"valueRequired\":true,\"valueName\":\"search_term_string\"}}],\"inLanguage\":\"en-GB\"},{\"@type\":\"Organization\",\"@id\":\"https:\/\/saintbody.com\/#organization\",\"name\":\"Sklep Saint Body\",\"url\":\"https:\/\/saintbody.com\/\",\"logo\":{\"@type\":\"ImageObject\",\"inLanguage\":\"en-GB\",\"@id\":\"https:\/\/saintbody.com\/#\/schema\/logo\/image\/\",\"url\":\"https:\/\/saintbody.com\/wp-content\/uploads\/2023\/04\/SaintBody_Logo_Typografia-e1691418926919.png\",\"contentUrl\":\"https:\/\/saintbody.com\/wp-content\/uploads\/2023\/04\/SaintBody_Logo_Typografia-e1691418926919.png\",\"width\":1000,\"height\":202,\"caption\":\"Sklep Saint Body\"},\"image\":{\"@id\":\"https:\/\/saintbody.com\/#\/schema\/logo\/image\/\"},\"sameAs\":[\"https:\/\/facebook.com\/saintbody\/\"]}]}<\/script>\n<!-- \/ Yoast SEO plugin. -->","yoast_head_json":{"title":"Body z golfem z wyci\u0119tymi plecami czarne - Sklep SAINTBODY","description":"Obowi\u0105zkowy model w szafie ka\u017cdej z nas. Idealny jako baza pod marynark\u0119 ale r\u00f3wnie \u015bwietnie wygl\u0105da w zestawieniu z jeansami.","robots":{"index":"index","follow":"follow","max-snippet":"max-snippet:-1","max-image-preview":"max-image-preview:large","max-video-preview":"max-video-preview:-1"},"canonical":"https:\/\/saintbody.com\/en_gb\/body-z-golfem-z-wycietymi-plecami-czarne\/","og_locale":"en_GB","og_type":"article","og_title":"Body z golfem z wyci\u0119tymi plecami czarne - Sklep SAINTBODY","og_description":"Obowi\u0105zkowy model w szafie ka\u017cdej z nas. Idealny jako baza pod marynark\u0119 ale r\u00f3wnie \u015bwietnie wygl\u0105da w zestawieniu z jeansami.","og_url":"https:\/\/saintbody.com\/en_gb\/body-z-golfem-z-wycietymi-plecami-czarne\/","og_site_name":"Sklep SAINTBODY","article_publisher":"https:\/\/facebook.com\/saintbody\/","article_modified_time":"2025-09-06T15:48:50+00:00","og_image":[{"width":1000,"height":1500,"url":"http:\/\/saintbody.com\/wp-content\/uploads\/2024\/11\/SBB_1781-Poprawione-SR-Poprawione-SR-1.jpg","type":"image\/jpeg"}],"twitter_card":"summary_large_image","twitter_misc":{"Estimated reading time":"1 minute"},"schema":{"@context":"https:\/\/schema.org","@graph":[{"@type":"WebPage","@id":"https:\/\/saintbody.com\/body-z-golfem-z-wycietymi-plecami-czarne\/","url":"https:\/\/saintbody.com\/body-z-golfem-z-wycietymi-plecami-czarne\/","name":"Body z golfem z wyci\u0119tymi plecami czarne - Sklep SAINTBODY","isPartOf":{"@id":"https:\/\/saintbody.com\/#website"},"primaryImageOfPage":{"@id":"https:\/\/saintbody.com\/body-z-golfem-z-wycietymi-plecami-czarne\/#primaryimage"},"image":{"@id":"https:\/\/saintbody.com\/body-z-golfem-z-wycietymi-plecami-czarne\/#primaryimage"},"thumbnailUrl":"https:\/\/saintbody.com\/wp-content\/uploads\/2024\/11\/SBB_1781-Poprawione-SR-Poprawione-SR-1.jpg","datePublished":"2024-11-12T14:51:19+00:00","dateModified":"2025-09-06T15:48:50+00:00","description":"Obowi\u0105zkowy model w szafie ka\u017cdej z nas. Idealny jako baza pod marynark\u0119 ale r\u00f3wnie \u015bwietnie wygl\u0105da w zestawieniu z jeansami.","breadcrumb":{"@id":"https:\/\/saintbody.com\/body-z-golfem-z-wycietymi-plecami-czarne\/#breadcrumb"},"inLanguage":"en-GB","potentialAction":[{"@type":"ReadAction","target":["https:\/\/saintbody.com\/body-z-golfem-z-wycietymi-plecami-czarne\/"]}]},{"@type":"ImageObject","inLanguage":"en-GB","@id":"https:\/\/saintbody.com\/body-z-golfem-z-wycietymi-plecami-czarne\/#primaryimage","url":"https:\/\/saintbody.com\/wp-content\/uploads\/2024\/11\/SBB_1781-Poprawione-SR-Poprawione-SR-1.jpg","contentUrl":"https:\/\/saintbody.com\/wp-content\/uploads\/2024\/11\/SBB_1781-Poprawione-SR-Poprawione-SR-1.jpg","width":1000,"height":1500},{"@type":"BreadcrumbList","@id":"https:\/\/saintbody.com\/body-z-golfem-z-wycietymi-plecami-czarne\/#breadcrumb","itemListElement":[{"@type":"ListItem","position":1,"name":"Strona g\u0142\u00f3wna","item":"https:\/\/saintbody.com\/"},{"@type":"ListItem","position":2,"name":"Sklep","item":"https:\/\/saintbody.com\/sklep\/"},{"@type":"ListItem","position":3,"name":"Body z golfem z wyci\u0119tymi plecami czarne"}]},{"@type":"WebSite","@id":"https:\/\/saintbody.com\/#website","url":"https:\/\/saintbody.com\/","name":"Sklep SAINTBODY","description":"Premium basic na ka\u00c5\u00bcd\u00c4\u2026 okazje. Ponadczasowe Body, Odzie\u00c5\u00bc damska, Sukienki Damskie","publisher":{"@id":"https:\/\/saintbody.com\/#organization"},"potentialAction":[{"@type":"SearchAction","target":{"@type":"EntryPoint","urlTemplate":"https:\/\/saintbody.com\/?s={search_term_string}"},"query-input":{"@type":"PropertyValueSpecification","valueRequired":true,"valueName":"search_term_string"}}],"inLanguage":"en-GB"},{"@type":"Organization","@id":"https:\/\/saintbody.com\/#organization","name":"Sklep Saint Body","url":"https:\/\/saintbody.com\/","logo":{"@type":"ImageObject","inLanguage":"en-GB","@id":"https:\/\/saintbody.com\/#\/schema\/logo\/image\/","url":"https:\/\/saintbody.com\/wp-content\/uploads\/2023\/04\/SaintBody_Logo_Typografia-e1691418926919.png","contentUrl":"https:\/\/saintbody.com\/wp-content\/uploads\/2023\/04\/SaintBody_Logo_Typografia-e1691418926919.png","width":1000,"height":202,"caption":"Sklep Saint Body"},"image":{"@id":"https:\/\/saintbody.com\/#\/schema\/logo\/image\/"},"sameAs":["https:\/\/facebook.com\/saintbody\/"]}]}},"_links":{"self":[{"href":"https:\/\/saintbody.com\/en_gb\/wp-json\/wp\/v2\/product\/52758","targetHints":{"allow":["GET"]}}],"collection":[{"href":"https:\/\/saintbody.com\/en_gb\/wp-json\/wp\/v2\/product"}],"about":[{"href":"https:\/\/saintbody.com\/en_gb\/wp-json\/wp\/v2\/types\/product"}],"wp:featuredmedia":[{"embeddable":true,"href":"https:\/\/saintbody.com\/en_gb\/wp-json\/wp\/v2\/media\/52920"}],"wp:attachment":[{"href":"https:\/\/saintbody.com\/en_gb\/wp-json\/wp\/v2\/media?parent=52758"}],"wp:term":[{"taxonomy":"product_brand","embeddable":true,"href":"https:\/\/saintbody.com\/en_gb\/wp-json\/wp\/v2\/product_brand?post=52758"},{"taxonomy":"product_cat","embeddable":true,"href":"https:\/\/saintbody.com\/en_gb\/wp-json\/wp\/v2\/product_cat?post=52758"},{"taxonomy":"product_tag","embeddable":true,"href":"https:\/\/saintbody.com\/en_gb\/wp-json\/wp\/v2\/product_tag?post=52758"}],"curies":[{"name":"wp","href":"https:\/\/api.w.org\/{rel}","templated":true}]}}