{"id":52684,"date":"2024-11-06T16:40:36","date_gmt":"2024-11-06T15:40:36","guid":{"rendered":"https:\/\/saintbody.com\/?post_type=product&#038;p=52684"},"modified":"2025-09-19T21:25:32","modified_gmt":"2025-09-19T19:25:32","slug":"sukienka-dluga-z-marszczeniami-bordo","status":"publish","type":"product","link":"https:\/\/saintbody.com\/en_gb\/sukienka-dluga-z-marszczeniami-bordo\/","title":{"rendered":"Long dress with creases maroon"},"content":{"rendered":"<p>A beautiful, feminine evening dress with creases in maroon is an elegant proposal that catches the eye with its colour. The creases on the fabric add to its unique character and accentuate the silhouette perfectly. The dress features extended and split sleeves at the ends. The wide neckline gives the option of dropping to one shoulder. The dress is made of stretchy material for comfortable wearing and fits perfectly to the body. Great for evening outings and date night.<\/p>\n<p>The model is 177 cm tall, wears a size S and is 7\/8 length.<\/p>\n<p>Also check out our bestselling\u00a0<a href=\"https:\/\/saintbody.com\/en_gb\/kategoria\/spodnie\/\">trousers<\/a> !<br \/>\nVisit us at <a href=\"https:\/\/www.instagram.com\/saintbodyofficial\/\">instagram<\/a>.<\/p>","protected":false},"excerpt":{"rendered":"<p>Pi\u0119kna, kobieca sukienka wieczorowa z marszczeniami w kolorze bordo to elegancka propozycja, kt\u00f3ra przyci\u0105ga wzrok swoj\u0105 barw\u0105. Marszczenia na materiale dodaj\u0105 jej unikalnego charakteru i \u015bwietnie podkre\u015blaj\u0105 sylwetk\u0119. Sukienka posiada przed\u0142u\u017cane i rozci\u0119te na ko\u0144cach r\u0119kawy. Szeroki dekolt daje mo\u017cliwo\u015b\u0107 opuszczenia na jedno rami\u0119. Sukienka wykonana z elastycznego materia\u0142u zapewnia wygod\u0119 noszenia i idealnie dopasowuje [&hellip;]<\/p>","protected":false},"featured_media":52899,"template":"","meta":[],"product_brand":[],"product_cat":[20,26,183],"product_tag":[],"class_list":{"0":"post-52684","1":"product","2":"type-product","3":"status-publish","4":"has-post-thumbnail","6":"product_cat-wszystko","7":"product_cat-sukienki","8":"product_cat-sale","10":"first","11":"outofstock","12":"sale","13":"taxable","14":"shipping-taxable","15":"purchasable","16":"product-type-variable"},"yoast_head":"<!-- This site is optimized with the Yoast SEO plugin v27.0 - https:\/\/yoast.com\/product\/yoast-seo-wordpress\/ -->\n<title>Letnia bia\u0142a sukienka - Sklep SAINTBODY<\/title>\n<meta name=\"description\" content=\"Letnia bia\u0142a sukienka, wykonana w 100% z lekkiego lnu. Jej prosty fason pasuje do ka\u017cdego typu sylwetki. Saintbody\" \/>\n<meta name=\"robots\" content=\"index, follow, max-snippet:-1, max-image-preview:large, max-video-preview:-1\" \/>\n<link rel=\"canonical\" href=\"https:\/\/saintbody.com\/en_gb\/sukienka-dluga-z-marszczeniami-bordo\/\" \/>\n<meta property=\"og:locale\" content=\"en_GB\" \/>\n<meta property=\"og:type\" content=\"article\" \/>\n<meta property=\"og:title\" content=\"Letnia bia\u0142a sukienka - Sklep SAINTBODY\" \/>\n<meta property=\"og:description\" content=\"Letnia bia\u0142a sukienka, wykonana w 100% z lekkiego lnu. Jej prosty fason pasuje do ka\u017cdego typu sylwetki. Saintbody\" \/>\n<meta property=\"og:url\" content=\"https:\/\/saintbody.com\/en_gb\/sukienka-dluga-z-marszczeniami-bordo\/\" \/>\n<meta property=\"og:site_name\" content=\"Sklep SAINTBODY\" \/>\n<meta property=\"article:publisher\" content=\"https:\/\/facebook.com\/saintbody\/\" \/>\n<meta property=\"article:modified_time\" content=\"2025-09-19T19:25:32+00:00\" \/>\n<meta property=\"og:image\" content=\"http:\/\/saintbody.com\/wp-content\/uploads\/2024\/11\/SBB_0822-Poprawione-SR-3-Poprawione-SR.jpg\" \/>\n\t<meta property=\"og:image:width\" content=\"1000\" \/>\n\t<meta property=\"og:image:height\" content=\"1500\" \/>\n\t<meta property=\"og:image:type\" content=\"image\/jpeg\" \/>\n<meta name=\"twitter:card\" content=\"summary_large_image\" \/>\n<meta name=\"twitter:label1\" content=\"Estimated reading time\" \/>\n\t<meta name=\"twitter:data1\" content=\"1 minute\" \/>\n<script type=\"application\/ld+json\" class=\"yoast-schema-graph\">{\"@context\":\"https:\/\/schema.org\",\"@graph\":[{\"@type\":\"WebPage\",\"@id\":\"https:\/\/saintbody.com\/sukienka-dluga-z-marszczeniami-bordo\/\",\"url\":\"https:\/\/saintbody.com\/sukienka-dluga-z-marszczeniami-bordo\/\",\"name\":\"Letnia bia\u0142a sukienka - Sklep SAINTBODY\",\"isPartOf\":{\"@id\":\"https:\/\/saintbody.com\/#website\"},\"primaryImageOfPage\":{\"@id\":\"https:\/\/saintbody.com\/sukienka-dluga-z-marszczeniami-bordo\/#primaryimage\"},\"image\":{\"@id\":\"https:\/\/saintbody.com\/sukienka-dluga-z-marszczeniami-bordo\/#primaryimage\"},\"thumbnailUrl\":\"https:\/\/saintbody.com\/wp-content\/uploads\/2024\/11\/SBB_0822-Poprawione-SR-3-Poprawione-SR.jpg\",\"datePublished\":\"2024-11-06T15:40:36+00:00\",\"dateModified\":\"2025-09-19T19:25:32+00:00\",\"description\":\"Letnia bia\u0142a sukienka, wykonana w 100% z lekkiego lnu. Jej prosty fason pasuje do ka\u017cdego typu sylwetki. Saintbody\",\"breadcrumb\":{\"@id\":\"https:\/\/saintbody.com\/sukienka-dluga-z-marszczeniami-bordo\/#breadcrumb\"},\"inLanguage\":\"en-GB\",\"potentialAction\":[{\"@type\":\"ReadAction\",\"target\":[\"https:\/\/saintbody.com\/sukienka-dluga-z-marszczeniami-bordo\/\"]}]},{\"@type\":\"ImageObject\",\"inLanguage\":\"en-GB\",\"@id\":\"https:\/\/saintbody.com\/sukienka-dluga-z-marszczeniami-bordo\/#primaryimage\",\"url\":\"https:\/\/saintbody.com\/wp-content\/uploads\/2024\/11\/SBB_0822-Poprawione-SR-3-Poprawione-SR.jpg\",\"contentUrl\":\"https:\/\/saintbody.com\/wp-content\/uploads\/2024\/11\/SBB_0822-Poprawione-SR-3-Poprawione-SR.jpg\",\"width\":1000,\"height\":1500},{\"@type\":\"BreadcrumbList\",\"@id\":\"https:\/\/saintbody.com\/sukienka-dluga-z-marszczeniami-bordo\/#breadcrumb\",\"itemListElement\":[{\"@type\":\"ListItem\",\"position\":1,\"name\":\"Strona g\u0142\u00f3wna\",\"item\":\"https:\/\/saintbody.com\/\"},{\"@type\":\"ListItem\",\"position\":2,\"name\":\"Sklep\",\"item\":\"https:\/\/saintbody.com\/sklep\/\"},{\"@type\":\"ListItem\",\"position\":3,\"name\":\"Sukienka d\u0142uga z marszczeniami bordo\"}]},{\"@type\":\"WebSite\",\"@id\":\"https:\/\/saintbody.com\/#website\",\"url\":\"https:\/\/saintbody.com\/\",\"name\":\"Sklep SAINTBODY\",\"description\":\"Premium basic na ka\u00c5\u00bcd\u00c4\u2026 okazje. Ponadczasowe Body, Odzie\u00c5\u00bc damska, Sukienki Damskie\",\"publisher\":{\"@id\":\"https:\/\/saintbody.com\/#organization\"},\"potentialAction\":[{\"@type\":\"SearchAction\",\"target\":{\"@type\":\"EntryPoint\",\"urlTemplate\":\"https:\/\/saintbody.com\/?s={search_term_string}\"},\"query-input\":{\"@type\":\"PropertyValueSpecification\",\"valueRequired\":true,\"valueName\":\"search_term_string\"}}],\"inLanguage\":\"en-GB\"},{\"@type\":\"Organization\",\"@id\":\"https:\/\/saintbody.com\/#organization\",\"name\":\"Sklep Saint Body\",\"url\":\"https:\/\/saintbody.com\/\",\"logo\":{\"@type\":\"ImageObject\",\"inLanguage\":\"en-GB\",\"@id\":\"https:\/\/saintbody.com\/#\/schema\/logo\/image\/\",\"url\":\"https:\/\/saintbody.com\/wp-content\/uploads\/2023\/04\/SaintBody_Logo_Typografia-e1691418926919.png\",\"contentUrl\":\"https:\/\/saintbody.com\/wp-content\/uploads\/2023\/04\/SaintBody_Logo_Typografia-e1691418926919.png\",\"width\":1000,\"height\":202,\"caption\":\"Sklep Saint Body\"},\"image\":{\"@id\":\"https:\/\/saintbody.com\/#\/schema\/logo\/image\/\"},\"sameAs\":[\"https:\/\/facebook.com\/saintbody\/\"]}]}<\/script>\n<!-- \/ Yoast SEO plugin. -->","yoast_head_json":{"title":"Letnia bia\u0142a sukienka - Sklep SAINTBODY","description":"Letnia bia\u0142a sukienka, wykonana w 100% z lekkiego lnu. Jej prosty fason pasuje do ka\u017cdego typu sylwetki. Saintbody","robots":{"index":"index","follow":"follow","max-snippet":"max-snippet:-1","max-image-preview":"max-image-preview:large","max-video-preview":"max-video-preview:-1"},"canonical":"https:\/\/saintbody.com\/en_gb\/sukienka-dluga-z-marszczeniami-bordo\/","og_locale":"en_GB","og_type":"article","og_title":"Letnia bia\u0142a sukienka - Sklep SAINTBODY","og_description":"Letnia bia\u0142a sukienka, wykonana w 100% z lekkiego lnu. Jej prosty fason pasuje do ka\u017cdego typu sylwetki. Saintbody","og_url":"https:\/\/saintbody.com\/en_gb\/sukienka-dluga-z-marszczeniami-bordo\/","og_site_name":"Sklep SAINTBODY","article_publisher":"https:\/\/facebook.com\/saintbody\/","article_modified_time":"2025-09-19T19:25:32+00:00","og_image":[{"width":1000,"height":1500,"url":"http:\/\/saintbody.com\/wp-content\/uploads\/2024\/11\/SBB_0822-Poprawione-SR-3-Poprawione-SR.jpg","type":"image\/jpeg"}],"twitter_card":"summary_large_image","twitter_misc":{"Estimated reading time":"1 minute"},"schema":{"@context":"https:\/\/schema.org","@graph":[{"@type":"WebPage","@id":"https:\/\/saintbody.com\/sukienka-dluga-z-marszczeniami-bordo\/","url":"https:\/\/saintbody.com\/sukienka-dluga-z-marszczeniami-bordo\/","name":"Letnia bia\u0142a sukienka - Sklep SAINTBODY","isPartOf":{"@id":"https:\/\/saintbody.com\/#website"},"primaryImageOfPage":{"@id":"https:\/\/saintbody.com\/sukienka-dluga-z-marszczeniami-bordo\/#primaryimage"},"image":{"@id":"https:\/\/saintbody.com\/sukienka-dluga-z-marszczeniami-bordo\/#primaryimage"},"thumbnailUrl":"https:\/\/saintbody.com\/wp-content\/uploads\/2024\/11\/SBB_0822-Poprawione-SR-3-Poprawione-SR.jpg","datePublished":"2024-11-06T15:40:36+00:00","dateModified":"2025-09-19T19:25:32+00:00","description":"Letnia bia\u0142a sukienka, wykonana w 100% z lekkiego lnu. Jej prosty fason pasuje do ka\u017cdego typu sylwetki. Saintbody","breadcrumb":{"@id":"https:\/\/saintbody.com\/sukienka-dluga-z-marszczeniami-bordo\/#breadcrumb"},"inLanguage":"en-GB","potentialAction":[{"@type":"ReadAction","target":["https:\/\/saintbody.com\/sukienka-dluga-z-marszczeniami-bordo\/"]}]},{"@type":"ImageObject","inLanguage":"en-GB","@id":"https:\/\/saintbody.com\/sukienka-dluga-z-marszczeniami-bordo\/#primaryimage","url":"https:\/\/saintbody.com\/wp-content\/uploads\/2024\/11\/SBB_0822-Poprawione-SR-3-Poprawione-SR.jpg","contentUrl":"https:\/\/saintbody.com\/wp-content\/uploads\/2024\/11\/SBB_0822-Poprawione-SR-3-Poprawione-SR.jpg","width":1000,"height":1500},{"@type":"BreadcrumbList","@id":"https:\/\/saintbody.com\/sukienka-dluga-z-marszczeniami-bordo\/#breadcrumb","itemListElement":[{"@type":"ListItem","position":1,"name":"Strona g\u0142\u00f3wna","item":"https:\/\/saintbody.com\/"},{"@type":"ListItem","position":2,"name":"Sklep","item":"https:\/\/saintbody.com\/sklep\/"},{"@type":"ListItem","position":3,"name":"Sukienka d\u0142uga z marszczeniami bordo"}]},{"@type":"WebSite","@id":"https:\/\/saintbody.com\/#website","url":"https:\/\/saintbody.com\/","name":"Sklep SAINTBODY","description":"Premium basic na ka\u00c5\u00bcd\u00c4\u2026 okazje. Ponadczasowe Body, Odzie\u00c5\u00bc damska, Sukienki Damskie","publisher":{"@id":"https:\/\/saintbody.com\/#organization"},"potentialAction":[{"@type":"SearchAction","target":{"@type":"EntryPoint","urlTemplate":"https:\/\/saintbody.com\/?s={search_term_string}"},"query-input":{"@type":"PropertyValueSpecification","valueRequired":true,"valueName":"search_term_string"}}],"inLanguage":"en-GB"},{"@type":"Organization","@id":"https:\/\/saintbody.com\/#organization","name":"Sklep Saint Body","url":"https:\/\/saintbody.com\/","logo":{"@type":"ImageObject","inLanguage":"en-GB","@id":"https:\/\/saintbody.com\/#\/schema\/logo\/image\/","url":"https:\/\/saintbody.com\/wp-content\/uploads\/2023\/04\/SaintBody_Logo_Typografia-e1691418926919.png","contentUrl":"https:\/\/saintbody.com\/wp-content\/uploads\/2023\/04\/SaintBody_Logo_Typografia-e1691418926919.png","width":1000,"height":202,"caption":"Sklep Saint Body"},"image":{"@id":"https:\/\/saintbody.com\/#\/schema\/logo\/image\/"},"sameAs":["https:\/\/facebook.com\/saintbody\/"]}]}},"_links":{"self":[{"href":"https:\/\/saintbody.com\/en_gb\/wp-json\/wp\/v2\/product\/52684","targetHints":{"allow":["GET"]}}],"collection":[{"href":"https:\/\/saintbody.com\/en_gb\/wp-json\/wp\/v2\/product"}],"about":[{"href":"https:\/\/saintbody.com\/en_gb\/wp-json\/wp\/v2\/types\/product"}],"wp:featuredmedia":[{"embeddable":true,"href":"https:\/\/saintbody.com\/en_gb\/wp-json\/wp\/v2\/media\/52899"}],"wp:attachment":[{"href":"https:\/\/saintbody.com\/en_gb\/wp-json\/wp\/v2\/media?parent=52684"}],"wp:term":[{"taxonomy":"product_brand","embeddable":true,"href":"https:\/\/saintbody.com\/en_gb\/wp-json\/wp\/v2\/product_brand?post=52684"},{"taxonomy":"product_cat","embeddable":true,"href":"https:\/\/saintbody.com\/en_gb\/wp-json\/wp\/v2\/product_cat?post=52684"},{"taxonomy":"product_tag","embeddable":true,"href":"https:\/\/saintbody.com\/en_gb\/wp-json\/wp\/v2\/product_tag?post=52684"}],"curies":[{"name":"wp","href":"https:\/\/api.w.org\/{rel}","templated":true}]}}