{"id":49924,"date":"2024-06-06T21:16:54","date_gmt":"2024-06-06T19:16:54","guid":{"rendered":"https:\/\/saintbody.com\/?post_type=product&#038;p=49924"},"modified":"2026-04-13T19:30:14","modified_gmt":"2026-04-13T17:30:14","slug":"sukienka-mini-satynowa-ecovero-vaniliowa","status":"publish","type":"product","link":"https:\/\/saintbody.com\/en_gb\/sukienka-mini-satynowa-ecovero-vaniliowa\/","title":{"rendered":"Vanilla satin mini dress"},"content":{"rendered":"<p data-start=\"103\" data-end=\"517\">The satin mini dress in a vanilla shade is a combination of subtle sensuality and modern minimalism. Made in 100% from OEKO-TEX\u00ae certified ECOVERO\u2122 viscose, it is not only exceptionally soft and pleasant on the skin, but also environmentally friendly. The fabric gently shimmers and sits freely on the silhouette for lightweight and comfortable all-day - and evening - wear.<\/p>\n<p data-start=\"519\" data-end=\"797\">The dress has a loose petticoat-type cut that adapts to different types of silhouettes, not framing but subtly accentuating shapes. Adjustable thin straps with Italian zips allow you to fine-tune the length, and the minimalist form offers many styling possibilities.<\/p>\n<p data-start=\"799\" data-end=\"1000\">Wear it with heavy boots or dainty sandals - casual, evening or layered, with a blazer or jumper. It's a versatile base that always looks good!<\/p>\n<p>The model is 176 cm tall and wears a size S.<\/p>\n<p>Also check out our bestselling\u00a0<a href=\"https:\/\/saintbody.com\/en_gb\/kategoria\/body\/\">body<\/a>\u00a0!<br \/>\nVisit us at\u00a0<a href=\"https:\/\/www.instagram.com\/saintbodyofficial\/\">instagram<\/a>.<\/p>","protected":false},"excerpt":{"rendered":"<p>The satin mini dress in a vanilla shade is a combination of subtle sensuality and modern minimalism. Made in 100% from OEKO-TEX\u00ae certified ECOVERO\u2122 viscose, it is not only exceptionally soft and pleasant on the skin, but also environmentally friendly. The fabric gently shimmers and sits freely on the silhouette for lightweight and comfortable all-day wear - [...]<\/p>","protected":false},"featured_media":50651,"template":"","meta":[],"product_brand":[],"product_cat":[20,26],"product_tag":[27],"class_list":{"0":"post-49924","1":"product","2":"type-product","3":"status-publish","4":"has-post-thumbnail","6":"product_cat-wszystko","7":"product_cat-sukienki","8":"product_tag-sukienki","10":"first","11":"outofstock","12":"taxable","13":"shipping-taxable","14":"purchasable","15":"product-type-variable"},"yoast_head":"<!-- This site is optimized with the Yoast SEO plugin v27.0 - https:\/\/yoast.com\/product\/yoast-seo-wordpress\/ -->\n<title>Sukienka mini satynowa waniliowa - Sklep SAINTBODY<\/title>\n<meta name=\"description\" content=\"Zjawiskowa czarna sukienka mini ze zmys\u0142owo opadaj\u0105cymi rami\u0105czkami. Zaprojektowana tak aby nie zsuwa\u0142a si\u0119 z sylwetki\" \/>\n<meta name=\"robots\" content=\"index, follow, max-snippet:-1, max-image-preview:large, max-video-preview:-1\" \/>\n<link rel=\"canonical\" href=\"https:\/\/saintbody.com\/en_gb\/sukienka-mini-satynowa-ecovero-vaniliowa\/\" \/>\n<meta property=\"og:locale\" content=\"en_GB\" \/>\n<meta property=\"og:type\" content=\"article\" \/>\n<meta property=\"og:title\" content=\"Sukienka mini satynowa waniliowa - Sklep SAINTBODY\" \/>\n<meta property=\"og:description\" content=\"Zjawiskowa czarna sukienka mini ze zmys\u0142owo opadaj\u0105cymi rami\u0105czkami. Zaprojektowana tak aby nie zsuwa\u0142a si\u0119 z sylwetki\" \/>\n<meta property=\"og:url\" content=\"https:\/\/saintbody.com\/en_gb\/sukienka-mini-satynowa-ecovero-vaniliowa\/\" \/>\n<meta property=\"og:site_name\" content=\"Sklep SAINTBODY\" \/>\n<meta property=\"article:publisher\" content=\"https:\/\/facebook.com\/saintbody\/\" \/>\n<meta property=\"article:modified_time\" content=\"2026-04-13T17:30:14+00:00\" \/>\n<meta property=\"og:image\" content=\"https:\/\/saintbody.com\/wp-content\/uploads\/2024\/07\/IMG_1006.jpeg\" \/>\n\t<meta property=\"og:image:width\" content=\"1001\" \/>\n\t<meta property=\"og:image:height\" content=\"1500\" \/>\n\t<meta property=\"og:image:type\" content=\"image\/jpeg\" \/>\n<meta name=\"twitter:card\" content=\"summary_large_image\" \/>\n<meta name=\"twitter:label1\" content=\"Estimated reading time\" \/>\n\t<meta name=\"twitter:data1\" content=\"2 minutes\" \/>\n<script type=\"application\/ld+json\" class=\"yoast-schema-graph\">{\"@context\":\"https:\/\/schema.org\",\"@graph\":[{\"@type\":\"WebPage\",\"@id\":\"https:\/\/saintbody.com\/sukienka-mini-satynowa-ecovero-vaniliowa\/\",\"url\":\"https:\/\/saintbody.com\/sukienka-mini-satynowa-ecovero-vaniliowa\/\",\"name\":\"Sukienka mini satynowa waniliowa - Sklep SAINTBODY\",\"isPartOf\":{\"@id\":\"https:\/\/saintbody.com\/#website\"},\"primaryImageOfPage\":{\"@id\":\"https:\/\/saintbody.com\/sukienka-mini-satynowa-ecovero-vaniliowa\/#primaryimage\"},\"image\":{\"@id\":\"https:\/\/saintbody.com\/sukienka-mini-satynowa-ecovero-vaniliowa\/#primaryimage\"},\"thumbnailUrl\":\"https:\/\/saintbody.com\/wp-content\/uploads\/2024\/07\/IMG_1006.jpeg\",\"datePublished\":\"2024-06-06T19:16:54+00:00\",\"dateModified\":\"2026-04-13T17:30:14+00:00\",\"description\":\"Zjawiskowa czarna sukienka mini ze zmys\u0142owo opadaj\u0105cymi rami\u0105czkami. Zaprojektowana tak aby nie zsuwa\u0142a si\u0119 z sylwetki\",\"breadcrumb\":{\"@id\":\"https:\/\/saintbody.com\/sukienka-mini-satynowa-ecovero-vaniliowa\/#breadcrumb\"},\"inLanguage\":\"en-GB\",\"potentialAction\":[{\"@type\":\"ReadAction\",\"target\":[\"https:\/\/saintbody.com\/sukienka-mini-satynowa-ecovero-vaniliowa\/\"]}]},{\"@type\":\"ImageObject\",\"inLanguage\":\"en-GB\",\"@id\":\"https:\/\/saintbody.com\/sukienka-mini-satynowa-ecovero-vaniliowa\/#primaryimage\",\"url\":\"https:\/\/saintbody.com\/wp-content\/uploads\/2024\/07\/IMG_1006.jpeg\",\"contentUrl\":\"https:\/\/saintbody.com\/wp-content\/uploads\/2024\/07\/IMG_1006.jpeg\",\"width\":1001,\"height\":1500},{\"@type\":\"BreadcrumbList\",\"@id\":\"https:\/\/saintbody.com\/sukienka-mini-satynowa-ecovero-vaniliowa\/#breadcrumb\",\"itemListElement\":[{\"@type\":\"ListItem\",\"position\":1,\"name\":\"Strona g\u0142\u00f3wna\",\"item\":\"https:\/\/saintbody.com\/\"},{\"@type\":\"ListItem\",\"position\":2,\"name\":\"Sklep\",\"item\":\"https:\/\/saintbody.com\/sklep\/\"},{\"@type\":\"ListItem\",\"position\":3,\"name\":\"Sukienka mini satynowa waniliowa\"}]},{\"@type\":\"WebSite\",\"@id\":\"https:\/\/saintbody.com\/#website\",\"url\":\"https:\/\/saintbody.com\/\",\"name\":\"Sklep SAINTBODY\",\"description\":\"Premium basic na ka\u00c5\u00bcd\u00c4\u2026 okazje. Ponadczasowe Body, Odzie\u00c5\u00bc damska, Sukienki Damskie\",\"publisher\":{\"@id\":\"https:\/\/saintbody.com\/#organization\"},\"potentialAction\":[{\"@type\":\"SearchAction\",\"target\":{\"@type\":\"EntryPoint\",\"urlTemplate\":\"https:\/\/saintbody.com\/?s={search_term_string}\"},\"query-input\":{\"@type\":\"PropertyValueSpecification\",\"valueRequired\":true,\"valueName\":\"search_term_string\"}}],\"inLanguage\":\"en-GB\"},{\"@type\":\"Organization\",\"@id\":\"https:\/\/saintbody.com\/#organization\",\"name\":\"Sklep Saint Body\",\"url\":\"https:\/\/saintbody.com\/\",\"logo\":{\"@type\":\"ImageObject\",\"inLanguage\":\"en-GB\",\"@id\":\"https:\/\/saintbody.com\/#\/schema\/logo\/image\/\",\"url\":\"https:\/\/saintbody.com\/wp-content\/uploads\/2023\/04\/SaintBody_Logo_Typografia-e1691418926919.png\",\"contentUrl\":\"https:\/\/saintbody.com\/wp-content\/uploads\/2023\/04\/SaintBody_Logo_Typografia-e1691418926919.png\",\"width\":1000,\"height\":202,\"caption\":\"Sklep Saint Body\"},\"image\":{\"@id\":\"https:\/\/saintbody.com\/#\/schema\/logo\/image\/\"},\"sameAs\":[\"https:\/\/facebook.com\/saintbody\/\"]}]}<\/script>\n<!-- \/ Yoast SEO plugin. -->","yoast_head_json":{"title":"Sukienka mini satynowa waniliowa - Sklep SAINTBODY","description":"Zjawiskowa czarna sukienka mini ze zmys\u0142owo opadaj\u0105cymi rami\u0105czkami. Zaprojektowana tak aby nie zsuwa\u0142a si\u0119 z sylwetki","robots":{"index":"index","follow":"follow","max-snippet":"max-snippet:-1","max-image-preview":"max-image-preview:large","max-video-preview":"max-video-preview:-1"},"canonical":"https:\/\/saintbody.com\/en_gb\/sukienka-mini-satynowa-ecovero-vaniliowa\/","og_locale":"en_GB","og_type":"article","og_title":"Sukienka mini satynowa waniliowa - Sklep SAINTBODY","og_description":"Zjawiskowa czarna sukienka mini ze zmys\u0142owo opadaj\u0105cymi rami\u0105czkami. Zaprojektowana tak aby nie zsuwa\u0142a si\u0119 z sylwetki","og_url":"https:\/\/saintbody.com\/en_gb\/sukienka-mini-satynowa-ecovero-vaniliowa\/","og_site_name":"Sklep SAINTBODY","article_publisher":"https:\/\/facebook.com\/saintbody\/","article_modified_time":"2026-04-13T17:30:14+00:00","og_image":[{"width":1001,"height":1500,"url":"https:\/\/saintbody.com\/wp-content\/uploads\/2024\/07\/IMG_1006.jpeg","type":"image\/jpeg"}],"twitter_card":"summary_large_image","twitter_misc":{"Estimated reading time":"2 minutes"},"schema":{"@context":"https:\/\/schema.org","@graph":[{"@type":"WebPage","@id":"https:\/\/saintbody.com\/sukienka-mini-satynowa-ecovero-vaniliowa\/","url":"https:\/\/saintbody.com\/sukienka-mini-satynowa-ecovero-vaniliowa\/","name":"Sukienka mini satynowa waniliowa - Sklep SAINTBODY","isPartOf":{"@id":"https:\/\/saintbody.com\/#website"},"primaryImageOfPage":{"@id":"https:\/\/saintbody.com\/sukienka-mini-satynowa-ecovero-vaniliowa\/#primaryimage"},"image":{"@id":"https:\/\/saintbody.com\/sukienka-mini-satynowa-ecovero-vaniliowa\/#primaryimage"},"thumbnailUrl":"https:\/\/saintbody.com\/wp-content\/uploads\/2024\/07\/IMG_1006.jpeg","datePublished":"2024-06-06T19:16:54+00:00","dateModified":"2026-04-13T17:30:14+00:00","description":"Zjawiskowa czarna sukienka mini ze zmys\u0142owo opadaj\u0105cymi rami\u0105czkami. Zaprojektowana tak aby nie zsuwa\u0142a si\u0119 z sylwetki","breadcrumb":{"@id":"https:\/\/saintbody.com\/sukienka-mini-satynowa-ecovero-vaniliowa\/#breadcrumb"},"inLanguage":"en-GB","potentialAction":[{"@type":"ReadAction","target":["https:\/\/saintbody.com\/sukienka-mini-satynowa-ecovero-vaniliowa\/"]}]},{"@type":"ImageObject","inLanguage":"en-GB","@id":"https:\/\/saintbody.com\/sukienka-mini-satynowa-ecovero-vaniliowa\/#primaryimage","url":"https:\/\/saintbody.com\/wp-content\/uploads\/2024\/07\/IMG_1006.jpeg","contentUrl":"https:\/\/saintbody.com\/wp-content\/uploads\/2024\/07\/IMG_1006.jpeg","width":1001,"height":1500},{"@type":"BreadcrumbList","@id":"https:\/\/saintbody.com\/sukienka-mini-satynowa-ecovero-vaniliowa\/#breadcrumb","itemListElement":[{"@type":"ListItem","position":1,"name":"Strona g\u0142\u00f3wna","item":"https:\/\/saintbody.com\/"},{"@type":"ListItem","position":2,"name":"Sklep","item":"https:\/\/saintbody.com\/sklep\/"},{"@type":"ListItem","position":3,"name":"Sukienka mini satynowa waniliowa"}]},{"@type":"WebSite","@id":"https:\/\/saintbody.com\/#website","url":"https:\/\/saintbody.com\/","name":"Sklep SAINTBODY","description":"Premium basic na ka\u00c5\u00bcd\u00c4\u2026 okazje. Ponadczasowe Body, Odzie\u00c5\u00bc damska, Sukienki Damskie","publisher":{"@id":"https:\/\/saintbody.com\/#organization"},"potentialAction":[{"@type":"SearchAction","target":{"@type":"EntryPoint","urlTemplate":"https:\/\/saintbody.com\/?s={search_term_string}"},"query-input":{"@type":"PropertyValueSpecification","valueRequired":true,"valueName":"search_term_string"}}],"inLanguage":"en-GB"},{"@type":"Organization","@id":"https:\/\/saintbody.com\/#organization","name":"Sklep Saint Body","url":"https:\/\/saintbody.com\/","logo":{"@type":"ImageObject","inLanguage":"en-GB","@id":"https:\/\/saintbody.com\/#\/schema\/logo\/image\/","url":"https:\/\/saintbody.com\/wp-content\/uploads\/2023\/04\/SaintBody_Logo_Typografia-e1691418926919.png","contentUrl":"https:\/\/saintbody.com\/wp-content\/uploads\/2023\/04\/SaintBody_Logo_Typografia-e1691418926919.png","width":1000,"height":202,"caption":"Sklep Saint Body"},"image":{"@id":"https:\/\/saintbody.com\/#\/schema\/logo\/image\/"},"sameAs":["https:\/\/facebook.com\/saintbody\/"]}]}},"_links":{"self":[{"href":"https:\/\/saintbody.com\/en_gb\/wp-json\/wp\/v2\/product\/49924","targetHints":{"allow":["GET"]}}],"collection":[{"href":"https:\/\/saintbody.com\/en_gb\/wp-json\/wp\/v2\/product"}],"about":[{"href":"https:\/\/saintbody.com\/en_gb\/wp-json\/wp\/v2\/types\/product"}],"wp:featuredmedia":[{"embeddable":true,"href":"https:\/\/saintbody.com\/en_gb\/wp-json\/wp\/v2\/media\/50651"}],"wp:attachment":[{"href":"https:\/\/saintbody.com\/en_gb\/wp-json\/wp\/v2\/media?parent=49924"}],"wp:term":[{"taxonomy":"product_brand","embeddable":true,"href":"https:\/\/saintbody.com\/en_gb\/wp-json\/wp\/v2\/product_brand?post=49924"},{"taxonomy":"product_cat","embeddable":true,"href":"https:\/\/saintbody.com\/en_gb\/wp-json\/wp\/v2\/product_cat?post=49924"},{"taxonomy":"product_tag","embeddable":true,"href":"https:\/\/saintbody.com\/en_gb\/wp-json\/wp\/v2\/product_tag?post=49924"}],"curies":[{"name":"wp","href":"https:\/\/api.w.org\/{rel}","templated":true}]}}