{"id":49912,"date":"2024-06-06T21:02:22","date_gmt":"2024-06-06T19:02:22","guid":{"rendered":"https:\/\/saintbody.com\/?post_type=product&#038;p=49912"},"modified":"2025-09-06T17:45:01","modified_gmt":"2025-09-06T15:45:01","slug":"kamizelka-dzianinowa-na-haftki-czarna","status":"publish","type":"product","link":"https:\/\/saintbody.com\/en_gb\/kamizelka-dzianinowa-na-haftki-czarna\/","title":{"rendered":"Knitted vest black"},"content":{"rendered":"<p>Short waistcoat made of certified knitted fabric. Loose-fitting in classic deep black. The model is sewn on a lining of the same material which, thanks to its beautiful lines, will easily fit into your capsule wardrobe. Fastened with Italian metal hooks. Wear it alone or loosely thrown over a t-shirt.<\/p>\n<p>The model in the photo is 176 cm tall and is wearing a size S.<\/p>\n<p>Product sewn in Poland from fabric produced in a Polish knitting mill.<\/p>\n<p>Also check out our bestselling\u00a0<a href=\"https:\/\/saintbody.com\/en_gb\/kategoria\/sukienki\/\">dresses<\/a> !<br \/>\nVisit us at <a href=\"https:\/\/www.instagram.com\/saintbodyofficial\/\">instagram<\/a>.<\/p>\n<p>&nbsp;<\/p>","protected":false},"excerpt":{"rendered":"<p>Kr\u00f3tka kamizelka wykonana z certyfikowanej dzianiny. Lu\u017any kr\u00f3j w kolorze klasycznej ,g\u0142\u0119bokiej \u00a0czerni. Model uszyty jest na podszewce z tego samego materia\u0142u kt\u00f3ry dzi\u0119ki swojej przepi\u0119knej linii, z \u0142atwo\u015bci\u0105 dopasujesz do swoje kapsu\u0142owej szafy. Zapinany na metalowe w\u0142oskie haftki. No\u015b j\u0105 sam\u0105 b\u0105d\u017a lu\u017ano zarzucon\u0105 na t-shirt. Modelka na zdj\u0119ciu ma 176 cm wzrostu i [&hellip;]<\/p>","protected":false},"featured_media":50642,"template":"","meta":[],"product_brand":[],"product_cat":[20],"product_tag":[38],"class_list":{"0":"post-49912","1":"product","2":"type-product","3":"status-publish","4":"has-post-thumbnail","6":"product_cat-wszystko","7":"product_tag-topy","9":"first","10":"outofstock","11":"sale","12":"taxable","13":"shipping-taxable","14":"purchasable","15":"product-type-variable","16":"has-default-attributes"},"yoast_head":"<!-- This site is optimized with the Yoast SEO plugin v27.0 - https:\/\/yoast.com\/product\/yoast-seo-wordpress\/ -->\n<title>Kamizelka dzianinowa na haftki czarna - Sklep SAINTBODY<\/title>\n<meta name=\"description\" content=\"Klasyczny, kr\u00f3tki, granatowy crop top pod szyj\u0119 z okr\u0105g\u0142ym dekoltem. Ponadczasowy i prosty kr\u00f3j. Crop top o ponadczasowym kroju. Saintbody\" \/>\n<meta name=\"robots\" content=\"index, follow, max-snippet:-1, max-image-preview:large, max-video-preview:-1\" \/>\n<link rel=\"canonical\" href=\"https:\/\/saintbody.com\/en_gb\/kamizelka-dzianinowa-na-haftki-czarna\/\" \/>\n<meta property=\"og:locale\" content=\"en_GB\" \/>\n<meta property=\"og:type\" content=\"article\" \/>\n<meta property=\"og:title\" content=\"Kamizelka dzianinowa na haftki czarna - Sklep SAINTBODY\" \/>\n<meta property=\"og:description\" content=\"Klasyczny, kr\u00f3tki, granatowy crop top pod szyj\u0119 z okr\u0105g\u0142ym dekoltem. Ponadczasowy i prosty kr\u00f3j. Crop top o ponadczasowym kroju. Saintbody\" \/>\n<meta property=\"og:url\" content=\"https:\/\/saintbody.com\/en_gb\/kamizelka-dzianinowa-na-haftki-czarna\/\" \/>\n<meta property=\"og:site_name\" content=\"Sklep SAINTBODY\" \/>\n<meta property=\"article:publisher\" content=\"https:\/\/facebook.com\/saintbody\/\" \/>\n<meta property=\"article:modified_time\" content=\"2025-09-06T15:45:01+00:00\" \/>\n<meta property=\"og:image\" content=\"http:\/\/saintbody.com\/wp-content\/uploads\/2024\/07\/IMG_1015.jpeg\" \/>\n\t<meta property=\"og:image:width\" content=\"1001\" \/>\n\t<meta property=\"og:image:height\" content=\"1500\" \/>\n\t<meta property=\"og:image:type\" content=\"image\/jpeg\" \/>\n<meta name=\"twitter:card\" content=\"summary_large_image\" \/>\n<meta name=\"twitter:label1\" content=\"Estimated reading time\" \/>\n\t<meta name=\"twitter:data1\" content=\"1 minute\" \/>\n<script type=\"application\/ld+json\" class=\"yoast-schema-graph\">{\"@context\":\"https:\/\/schema.org\",\"@graph\":[{\"@type\":\"WebPage\",\"@id\":\"https:\/\/saintbody.com\/kamizelka-dzianinowa-na-haftki-czarna\/\",\"url\":\"https:\/\/saintbody.com\/kamizelka-dzianinowa-na-haftki-czarna\/\",\"name\":\"Kamizelka dzianinowa na haftki czarna - Sklep SAINTBODY\",\"isPartOf\":{\"@id\":\"https:\/\/saintbody.com\/#website\"},\"primaryImageOfPage\":{\"@id\":\"https:\/\/saintbody.com\/kamizelka-dzianinowa-na-haftki-czarna\/#primaryimage\"},\"image\":{\"@id\":\"https:\/\/saintbody.com\/kamizelka-dzianinowa-na-haftki-czarna\/#primaryimage\"},\"thumbnailUrl\":\"https:\/\/saintbody.com\/wp-content\/uploads\/2024\/07\/IMG_1015.jpeg\",\"datePublished\":\"2024-06-06T19:02:22+00:00\",\"dateModified\":\"2025-09-06T15:45:01+00:00\",\"description\":\"Klasyczny, kr\u00f3tki, granatowy crop top pod szyj\u0119 z okr\u0105g\u0142ym dekoltem. Ponadczasowy i prosty kr\u00f3j. Crop top o ponadczasowym kroju. Saintbody\",\"breadcrumb\":{\"@id\":\"https:\/\/saintbody.com\/kamizelka-dzianinowa-na-haftki-czarna\/#breadcrumb\"},\"inLanguage\":\"en-GB\",\"potentialAction\":[{\"@type\":\"ReadAction\",\"target\":[\"https:\/\/saintbody.com\/kamizelka-dzianinowa-na-haftki-czarna\/\"]}]},{\"@type\":\"ImageObject\",\"inLanguage\":\"en-GB\",\"@id\":\"https:\/\/saintbody.com\/kamizelka-dzianinowa-na-haftki-czarna\/#primaryimage\",\"url\":\"https:\/\/saintbody.com\/wp-content\/uploads\/2024\/07\/IMG_1015.jpeg\",\"contentUrl\":\"https:\/\/saintbody.com\/wp-content\/uploads\/2024\/07\/IMG_1015.jpeg\",\"width\":1001,\"height\":1500},{\"@type\":\"BreadcrumbList\",\"@id\":\"https:\/\/saintbody.com\/kamizelka-dzianinowa-na-haftki-czarna\/#breadcrumb\",\"itemListElement\":[{\"@type\":\"ListItem\",\"position\":1,\"name\":\"Strona g\u0142\u00f3wna\",\"item\":\"https:\/\/saintbody.com\/\"},{\"@type\":\"ListItem\",\"position\":2,\"name\":\"Sklep\",\"item\":\"https:\/\/saintbody.com\/sklep\/\"},{\"@type\":\"ListItem\",\"position\":3,\"name\":\"Kamizelka dzianinowa na haftki czarna\"}]},{\"@type\":\"WebSite\",\"@id\":\"https:\/\/saintbody.com\/#website\",\"url\":\"https:\/\/saintbody.com\/\",\"name\":\"Sklep SAINTBODY\",\"description\":\"Premium basic na ka\u00c5\u00bcd\u00c4\u2026 okazje. Ponadczasowe Body, Odzie\u00c5\u00bc damska, Sukienki Damskie\",\"publisher\":{\"@id\":\"https:\/\/saintbody.com\/#organization\"},\"potentialAction\":[{\"@type\":\"SearchAction\",\"target\":{\"@type\":\"EntryPoint\",\"urlTemplate\":\"https:\/\/saintbody.com\/?s={search_term_string}\"},\"query-input\":{\"@type\":\"PropertyValueSpecification\",\"valueRequired\":true,\"valueName\":\"search_term_string\"}}],\"inLanguage\":\"en-GB\"},{\"@type\":\"Organization\",\"@id\":\"https:\/\/saintbody.com\/#organization\",\"name\":\"Sklep Saint Body\",\"url\":\"https:\/\/saintbody.com\/\",\"logo\":{\"@type\":\"ImageObject\",\"inLanguage\":\"en-GB\",\"@id\":\"https:\/\/saintbody.com\/#\/schema\/logo\/image\/\",\"url\":\"https:\/\/saintbody.com\/wp-content\/uploads\/2023\/04\/SaintBody_Logo_Typografia-e1691418926919.png\",\"contentUrl\":\"https:\/\/saintbody.com\/wp-content\/uploads\/2023\/04\/SaintBody_Logo_Typografia-e1691418926919.png\",\"width\":1000,\"height\":202,\"caption\":\"Sklep Saint Body\"},\"image\":{\"@id\":\"https:\/\/saintbody.com\/#\/schema\/logo\/image\/\"},\"sameAs\":[\"https:\/\/facebook.com\/saintbody\/\"]}]}<\/script>\n<!-- \/ Yoast SEO plugin. -->","yoast_head_json":{"title":"Kamizelka dzianinowa na haftki czarna - Sklep SAINTBODY","description":"Klasyczny, kr\u00f3tki, granatowy crop top pod szyj\u0119 z okr\u0105g\u0142ym dekoltem. Ponadczasowy i prosty kr\u00f3j. Crop top o ponadczasowym kroju. Saintbody","robots":{"index":"index","follow":"follow","max-snippet":"max-snippet:-1","max-image-preview":"max-image-preview:large","max-video-preview":"max-video-preview:-1"},"canonical":"https:\/\/saintbody.com\/en_gb\/kamizelka-dzianinowa-na-haftki-czarna\/","og_locale":"en_GB","og_type":"article","og_title":"Kamizelka dzianinowa na haftki czarna - Sklep SAINTBODY","og_description":"Klasyczny, kr\u00f3tki, granatowy crop top pod szyj\u0119 z okr\u0105g\u0142ym dekoltem. Ponadczasowy i prosty kr\u00f3j. Crop top o ponadczasowym kroju. Saintbody","og_url":"https:\/\/saintbody.com\/en_gb\/kamizelka-dzianinowa-na-haftki-czarna\/","og_site_name":"Sklep SAINTBODY","article_publisher":"https:\/\/facebook.com\/saintbody\/","article_modified_time":"2025-09-06T15:45:01+00:00","og_image":[{"width":1001,"height":1500,"url":"http:\/\/saintbody.com\/wp-content\/uploads\/2024\/07\/IMG_1015.jpeg","type":"image\/jpeg"}],"twitter_card":"summary_large_image","twitter_misc":{"Estimated reading time":"1 minute"},"schema":{"@context":"https:\/\/schema.org","@graph":[{"@type":"WebPage","@id":"https:\/\/saintbody.com\/kamizelka-dzianinowa-na-haftki-czarna\/","url":"https:\/\/saintbody.com\/kamizelka-dzianinowa-na-haftki-czarna\/","name":"Kamizelka dzianinowa na haftki czarna - Sklep SAINTBODY","isPartOf":{"@id":"https:\/\/saintbody.com\/#website"},"primaryImageOfPage":{"@id":"https:\/\/saintbody.com\/kamizelka-dzianinowa-na-haftki-czarna\/#primaryimage"},"image":{"@id":"https:\/\/saintbody.com\/kamizelka-dzianinowa-na-haftki-czarna\/#primaryimage"},"thumbnailUrl":"https:\/\/saintbody.com\/wp-content\/uploads\/2024\/07\/IMG_1015.jpeg","datePublished":"2024-06-06T19:02:22+00:00","dateModified":"2025-09-06T15:45:01+00:00","description":"Klasyczny, kr\u00f3tki, granatowy crop top pod szyj\u0119 z okr\u0105g\u0142ym dekoltem. Ponadczasowy i prosty kr\u00f3j. Crop top o ponadczasowym kroju. Saintbody","breadcrumb":{"@id":"https:\/\/saintbody.com\/kamizelka-dzianinowa-na-haftki-czarna\/#breadcrumb"},"inLanguage":"en-GB","potentialAction":[{"@type":"ReadAction","target":["https:\/\/saintbody.com\/kamizelka-dzianinowa-na-haftki-czarna\/"]}]},{"@type":"ImageObject","inLanguage":"en-GB","@id":"https:\/\/saintbody.com\/kamizelka-dzianinowa-na-haftki-czarna\/#primaryimage","url":"https:\/\/saintbody.com\/wp-content\/uploads\/2024\/07\/IMG_1015.jpeg","contentUrl":"https:\/\/saintbody.com\/wp-content\/uploads\/2024\/07\/IMG_1015.jpeg","width":1001,"height":1500},{"@type":"BreadcrumbList","@id":"https:\/\/saintbody.com\/kamizelka-dzianinowa-na-haftki-czarna\/#breadcrumb","itemListElement":[{"@type":"ListItem","position":1,"name":"Strona g\u0142\u00f3wna","item":"https:\/\/saintbody.com\/"},{"@type":"ListItem","position":2,"name":"Sklep","item":"https:\/\/saintbody.com\/sklep\/"},{"@type":"ListItem","position":3,"name":"Kamizelka dzianinowa na haftki czarna"}]},{"@type":"WebSite","@id":"https:\/\/saintbody.com\/#website","url":"https:\/\/saintbody.com\/","name":"Sklep SAINTBODY","description":"Premium basic na ka\u00c5\u00bcd\u00c4\u2026 okazje. Ponadczasowe Body, Odzie\u00c5\u00bc damska, Sukienki Damskie","publisher":{"@id":"https:\/\/saintbody.com\/#organization"},"potentialAction":[{"@type":"SearchAction","target":{"@type":"EntryPoint","urlTemplate":"https:\/\/saintbody.com\/?s={search_term_string}"},"query-input":{"@type":"PropertyValueSpecification","valueRequired":true,"valueName":"search_term_string"}}],"inLanguage":"en-GB"},{"@type":"Organization","@id":"https:\/\/saintbody.com\/#organization","name":"Sklep Saint Body","url":"https:\/\/saintbody.com\/","logo":{"@type":"ImageObject","inLanguage":"en-GB","@id":"https:\/\/saintbody.com\/#\/schema\/logo\/image\/","url":"https:\/\/saintbody.com\/wp-content\/uploads\/2023\/04\/SaintBody_Logo_Typografia-e1691418926919.png","contentUrl":"https:\/\/saintbody.com\/wp-content\/uploads\/2023\/04\/SaintBody_Logo_Typografia-e1691418926919.png","width":1000,"height":202,"caption":"Sklep Saint Body"},"image":{"@id":"https:\/\/saintbody.com\/#\/schema\/logo\/image\/"},"sameAs":["https:\/\/facebook.com\/saintbody\/"]}]}},"_links":{"self":[{"href":"https:\/\/saintbody.com\/en_gb\/wp-json\/wp\/v2\/product\/49912","targetHints":{"allow":["GET"]}}],"collection":[{"href":"https:\/\/saintbody.com\/en_gb\/wp-json\/wp\/v2\/product"}],"about":[{"href":"https:\/\/saintbody.com\/en_gb\/wp-json\/wp\/v2\/types\/product"}],"wp:featuredmedia":[{"embeddable":true,"href":"https:\/\/saintbody.com\/en_gb\/wp-json\/wp\/v2\/media\/50642"}],"wp:attachment":[{"href":"https:\/\/saintbody.com\/en_gb\/wp-json\/wp\/v2\/media?parent=49912"}],"wp:term":[{"taxonomy":"product_brand","embeddable":true,"href":"https:\/\/saintbody.com\/en_gb\/wp-json\/wp\/v2\/product_brand?post=49912"},{"taxonomy":"product_cat","embeddable":true,"href":"https:\/\/saintbody.com\/en_gb\/wp-json\/wp\/v2\/product_cat?post=49912"},{"taxonomy":"product_tag","embeddable":true,"href":"https:\/\/saintbody.com\/en_gb\/wp-json\/wp\/v2\/product_tag?post=49912"}],"curies":[{"name":"wp","href":"https:\/\/api.w.org\/{rel}","templated":true}]}}