{"id":49900,"date":"2024-06-06T17:15:15","date_gmt":"2024-06-06T15:15:15","guid":{"rendered":"https:\/\/saintbody.com\/?post_type=product&#038;p=49900"},"modified":"2026-04-09T12:33:30","modified_gmt":"2026-04-09T10:33:30","slug":"sweterek-na-guziki-czarny","status":"publish","type":"product","link":"https:\/\/saintbody.com\/en_gb\/sweterek-na-guziki-czarny\/","title":{"rendered":"Button jumper black"},"content":{"rendered":"<p>A black button-down jumper with a timeless fit is the perfect choice for any occasion. The delicate buttons on the front add a classic charm, while the subtle slits at the ends of the sleeves introduce a touch of modernity. A perfect match with our leggings.<\/p>\n<p>The model is 177 cm tall and wears a size S.<\/p>\n<p>Also check out our bestselling\u00a0<a href=\"https:\/\/saintbody.com\/en_gb\/kategoria\/sukienki\/\">dresses<\/a> !<br \/>\nVisit us at <a href=\"https:\/\/www.instagram.com\/saintbodyofficial\/\">instagram<\/a>.<\/p>","protected":false},"excerpt":{"rendered":"<p>Czarny sweterek na guziczki o ponadczasowym kroju to doskona\u0142y wyb\u00f3r na ka\u017cd\u0105 okazj\u0119. Delikatne guziki z przodu dodaj\u0105 mu klasycznego uroku, a subtelne rozci\u0119cia na ko\u0144cach r\u0119kaw\u00f3w wprowadza nut\u0119 nowoczesno\u015bci. Idealnie pasuj\u0119 do naszych leggins\u00f3w. Modelka ma 177 cm wzrostu, nosi rozm. S Sprawd\u017a r\u00f3wnie\u017c nasze bestsellerowe\u00a0sukienki ! Odwied\u017a nas na instagramie.<\/p>","protected":false},"featured_media":59550,"template":"","meta":[],"product_brand":[],"product_cat":[20,37],"product_tag":[38],"class_list":{"0":"post-49900","1":"product","2":"type-product","3":"status-publish","4":"has-post-thumbnail","6":"product_cat-wszystko","7":"product_cat-topy","8":"product_tag-topy","10":"first","11":"instock","12":"taxable","13":"shipping-taxable","14":"purchasable","15":"product-type-variable","16":"has-default-attributes"},"yoast_head":"<!-- This site is optimized with the Yoast SEO plugin v27.0 - https:\/\/yoast.com\/product\/yoast-seo-wordpress\/ -->\n<title>Sweterek na guziki czarny - Sklep SAINTBODY<\/title>\n<meta name=\"description\" content=\"Koszula wykonana z lyocelu o kr\u00f3tszym kroju. Jej d\u0142ugo\u015b\u0107 jest bezpieczna i \u015bwietnie kszta\u0142tuje sylwetk\u0119.\" \/>\n<meta name=\"robots\" content=\"index, follow, max-snippet:-1, max-image-preview:large, max-video-preview:-1\" \/>\n<link rel=\"canonical\" href=\"https:\/\/saintbody.com\/en_gb\/sweterek-na-guziki-czarny\/\" \/>\n<meta property=\"og:locale\" content=\"en_GB\" \/>\n<meta property=\"og:type\" content=\"article\" \/>\n<meta property=\"og:title\" content=\"Sweterek na guziki czarny - Sklep SAINTBODY\" \/>\n<meta property=\"og:description\" content=\"Koszula wykonana z lyocelu o kr\u00f3tszym kroju. Jej d\u0142ugo\u015b\u0107 jest bezpieczna i \u015bwietnie kszta\u0142tuje sylwetk\u0119.\" \/>\n<meta property=\"og:url\" content=\"https:\/\/saintbody.com\/en_gb\/sweterek-na-guziki-czarny\/\" \/>\n<meta property=\"og:site_name\" content=\"Sklep SAINTBODY\" \/>\n<meta property=\"article:publisher\" content=\"https:\/\/facebook.com\/saintbody\/\" \/>\n<meta property=\"article:modified_time\" content=\"2026-04-09T10:33:30+00:00\" \/>\n<meta property=\"og:image\" content=\"https:\/\/saintbody.com\/wp-content\/uploads\/2024\/12\/SBB_1749-Poprawionew-SR-Poprawione-SR-1-Luci-Studio.jpeg\" \/>\n\t<meta property=\"og:image:width\" content=\"1365\" \/>\n\t<meta property=\"og:image:height\" content=\"2048\" \/>\n\t<meta property=\"og:image:type\" content=\"image\/jpeg\" \/>\n<meta name=\"twitter:card\" content=\"summary_large_image\" \/>\n<meta name=\"twitter:label1\" content=\"Estimated reading time\" \/>\n\t<meta name=\"twitter:data1\" content=\"1 minute\" \/>\n<script type=\"application\/ld+json\" class=\"yoast-schema-graph\">{\"@context\":\"https:\/\/schema.org\",\"@graph\":[{\"@type\":\"WebPage\",\"@id\":\"https:\/\/saintbody.com\/sweterek-na-guziki-czarny\/\",\"url\":\"https:\/\/saintbody.com\/sweterek-na-guziki-czarny\/\",\"name\":\"Sweterek na guziki czarny - Sklep SAINTBODY\",\"isPartOf\":{\"@id\":\"https:\/\/saintbody.com\/#website\"},\"primaryImageOfPage\":{\"@id\":\"https:\/\/saintbody.com\/sweterek-na-guziki-czarny\/#primaryimage\"},\"image\":{\"@id\":\"https:\/\/saintbody.com\/sweterek-na-guziki-czarny\/#primaryimage\"},\"thumbnailUrl\":\"https:\/\/saintbody.com\/wp-content\/uploads\/2024\/12\/SBB_1749-Poprawionew-SR-Poprawione-SR-1-Luci-Studio.jpeg\",\"datePublished\":\"2024-06-06T15:15:15+00:00\",\"dateModified\":\"2026-04-09T10:33:30+00:00\",\"description\":\"Koszula wykonana z lyocelu o kr\u00f3tszym kroju. Jej d\u0142ugo\u015b\u0107 jest bezpieczna i \u015bwietnie kszta\u0142tuje sylwetk\u0119.\",\"breadcrumb\":{\"@id\":\"https:\/\/saintbody.com\/sweterek-na-guziki-czarny\/#breadcrumb\"},\"inLanguage\":\"en-GB\",\"potentialAction\":[{\"@type\":\"ReadAction\",\"target\":[\"https:\/\/saintbody.com\/sweterek-na-guziki-czarny\/\"]}]},{\"@type\":\"ImageObject\",\"inLanguage\":\"en-GB\",\"@id\":\"https:\/\/saintbody.com\/sweterek-na-guziki-czarny\/#primaryimage\",\"url\":\"https:\/\/saintbody.com\/wp-content\/uploads\/2024\/12\/SBB_1749-Poprawionew-SR-Poprawione-SR-1-Luci-Studio.jpeg\",\"contentUrl\":\"https:\/\/saintbody.com\/wp-content\/uploads\/2024\/12\/SBB_1749-Poprawionew-SR-Poprawione-SR-1-Luci-Studio.jpeg\",\"width\":1365,\"height\":2048},{\"@type\":\"BreadcrumbList\",\"@id\":\"https:\/\/saintbody.com\/sweterek-na-guziki-czarny\/#breadcrumb\",\"itemListElement\":[{\"@type\":\"ListItem\",\"position\":1,\"name\":\"Strona g\u0142\u00f3wna\",\"item\":\"https:\/\/saintbody.com\/\"},{\"@type\":\"ListItem\",\"position\":2,\"name\":\"Sklep\",\"item\":\"https:\/\/saintbody.com\/sklep\/\"},{\"@type\":\"ListItem\",\"position\":3,\"name\":\"Sweterek na guziki czarny\"}]},{\"@type\":\"WebSite\",\"@id\":\"https:\/\/saintbody.com\/#website\",\"url\":\"https:\/\/saintbody.com\/\",\"name\":\"Sklep SAINTBODY\",\"description\":\"Premium basic na ka\u00c5\u00bcd\u00c4\u2026 okazje. Ponadczasowe Body, Odzie\u00c5\u00bc damska, Sukienki Damskie\",\"publisher\":{\"@id\":\"https:\/\/saintbody.com\/#organization\"},\"potentialAction\":[{\"@type\":\"SearchAction\",\"target\":{\"@type\":\"EntryPoint\",\"urlTemplate\":\"https:\/\/saintbody.com\/?s={search_term_string}\"},\"query-input\":{\"@type\":\"PropertyValueSpecification\",\"valueRequired\":true,\"valueName\":\"search_term_string\"}}],\"inLanguage\":\"en-GB\"},{\"@type\":\"Organization\",\"@id\":\"https:\/\/saintbody.com\/#organization\",\"name\":\"Sklep Saint Body\",\"url\":\"https:\/\/saintbody.com\/\",\"logo\":{\"@type\":\"ImageObject\",\"inLanguage\":\"en-GB\",\"@id\":\"https:\/\/saintbody.com\/#\/schema\/logo\/image\/\",\"url\":\"https:\/\/saintbody.com\/wp-content\/uploads\/2023\/04\/SaintBody_Logo_Typografia-e1691418926919.png\",\"contentUrl\":\"https:\/\/saintbody.com\/wp-content\/uploads\/2023\/04\/SaintBody_Logo_Typografia-e1691418926919.png\",\"width\":1000,\"height\":202,\"caption\":\"Sklep Saint Body\"},\"image\":{\"@id\":\"https:\/\/saintbody.com\/#\/schema\/logo\/image\/\"},\"sameAs\":[\"https:\/\/facebook.com\/saintbody\/\"]}]}<\/script>\n<!-- \/ Yoast SEO plugin. -->","yoast_head_json":{"title":"Sweterek na guziki czarny - Sklep SAINTBODY","description":"Koszula wykonana z lyocelu o kr\u00f3tszym kroju. Jej d\u0142ugo\u015b\u0107 jest bezpieczna i \u015bwietnie kszta\u0142tuje sylwetk\u0119.","robots":{"index":"index","follow":"follow","max-snippet":"max-snippet:-1","max-image-preview":"max-image-preview:large","max-video-preview":"max-video-preview:-1"},"canonical":"https:\/\/saintbody.com\/en_gb\/sweterek-na-guziki-czarny\/","og_locale":"en_GB","og_type":"article","og_title":"Sweterek na guziki czarny - Sklep SAINTBODY","og_description":"Koszula wykonana z lyocelu o kr\u00f3tszym kroju. Jej d\u0142ugo\u015b\u0107 jest bezpieczna i \u015bwietnie kszta\u0142tuje sylwetk\u0119.","og_url":"https:\/\/saintbody.com\/en_gb\/sweterek-na-guziki-czarny\/","og_site_name":"Sklep SAINTBODY","article_publisher":"https:\/\/facebook.com\/saintbody\/","article_modified_time":"2026-04-09T10:33:30+00:00","og_image":[{"width":1365,"height":2048,"url":"https:\/\/saintbody.com\/wp-content\/uploads\/2024\/12\/SBB_1749-Poprawionew-SR-Poprawione-SR-1-Luci-Studio.jpeg","type":"image\/jpeg"}],"twitter_card":"summary_large_image","twitter_misc":{"Estimated reading time":"1 minute"},"schema":{"@context":"https:\/\/schema.org","@graph":[{"@type":"WebPage","@id":"https:\/\/saintbody.com\/sweterek-na-guziki-czarny\/","url":"https:\/\/saintbody.com\/sweterek-na-guziki-czarny\/","name":"Sweterek na guziki czarny - Sklep SAINTBODY","isPartOf":{"@id":"https:\/\/saintbody.com\/#website"},"primaryImageOfPage":{"@id":"https:\/\/saintbody.com\/sweterek-na-guziki-czarny\/#primaryimage"},"image":{"@id":"https:\/\/saintbody.com\/sweterek-na-guziki-czarny\/#primaryimage"},"thumbnailUrl":"https:\/\/saintbody.com\/wp-content\/uploads\/2024\/12\/SBB_1749-Poprawionew-SR-Poprawione-SR-1-Luci-Studio.jpeg","datePublished":"2024-06-06T15:15:15+00:00","dateModified":"2026-04-09T10:33:30+00:00","description":"Koszula wykonana z lyocelu o kr\u00f3tszym kroju. Jej d\u0142ugo\u015b\u0107 jest bezpieczna i \u015bwietnie kszta\u0142tuje sylwetk\u0119.","breadcrumb":{"@id":"https:\/\/saintbody.com\/sweterek-na-guziki-czarny\/#breadcrumb"},"inLanguage":"en-GB","potentialAction":[{"@type":"ReadAction","target":["https:\/\/saintbody.com\/sweterek-na-guziki-czarny\/"]}]},{"@type":"ImageObject","inLanguage":"en-GB","@id":"https:\/\/saintbody.com\/sweterek-na-guziki-czarny\/#primaryimage","url":"https:\/\/saintbody.com\/wp-content\/uploads\/2024\/12\/SBB_1749-Poprawionew-SR-Poprawione-SR-1-Luci-Studio.jpeg","contentUrl":"https:\/\/saintbody.com\/wp-content\/uploads\/2024\/12\/SBB_1749-Poprawionew-SR-Poprawione-SR-1-Luci-Studio.jpeg","width":1365,"height":2048},{"@type":"BreadcrumbList","@id":"https:\/\/saintbody.com\/sweterek-na-guziki-czarny\/#breadcrumb","itemListElement":[{"@type":"ListItem","position":1,"name":"Strona g\u0142\u00f3wna","item":"https:\/\/saintbody.com\/"},{"@type":"ListItem","position":2,"name":"Sklep","item":"https:\/\/saintbody.com\/sklep\/"},{"@type":"ListItem","position":3,"name":"Sweterek na guziki czarny"}]},{"@type":"WebSite","@id":"https:\/\/saintbody.com\/#website","url":"https:\/\/saintbody.com\/","name":"Sklep SAINTBODY","description":"Premium basic na ka\u00c5\u00bcd\u00c4\u2026 okazje. Ponadczasowe Body, Odzie\u00c5\u00bc damska, Sukienki Damskie","publisher":{"@id":"https:\/\/saintbody.com\/#organization"},"potentialAction":[{"@type":"SearchAction","target":{"@type":"EntryPoint","urlTemplate":"https:\/\/saintbody.com\/?s={search_term_string}"},"query-input":{"@type":"PropertyValueSpecification","valueRequired":true,"valueName":"search_term_string"}}],"inLanguage":"en-GB"},{"@type":"Organization","@id":"https:\/\/saintbody.com\/#organization","name":"Sklep Saint Body","url":"https:\/\/saintbody.com\/","logo":{"@type":"ImageObject","inLanguage":"en-GB","@id":"https:\/\/saintbody.com\/#\/schema\/logo\/image\/","url":"https:\/\/saintbody.com\/wp-content\/uploads\/2023\/04\/SaintBody_Logo_Typografia-e1691418926919.png","contentUrl":"https:\/\/saintbody.com\/wp-content\/uploads\/2023\/04\/SaintBody_Logo_Typografia-e1691418926919.png","width":1000,"height":202,"caption":"Sklep Saint Body"},"image":{"@id":"https:\/\/saintbody.com\/#\/schema\/logo\/image\/"},"sameAs":["https:\/\/facebook.com\/saintbody\/"]}]}},"_links":{"self":[{"href":"https:\/\/saintbody.com\/en_gb\/wp-json\/wp\/v2\/product\/49900","targetHints":{"allow":["GET"]}}],"collection":[{"href":"https:\/\/saintbody.com\/en_gb\/wp-json\/wp\/v2\/product"}],"about":[{"href":"https:\/\/saintbody.com\/en_gb\/wp-json\/wp\/v2\/types\/product"}],"wp:featuredmedia":[{"embeddable":true,"href":"https:\/\/saintbody.com\/en_gb\/wp-json\/wp\/v2\/media\/59550"}],"wp:attachment":[{"href":"https:\/\/saintbody.com\/en_gb\/wp-json\/wp\/v2\/media?parent=49900"}],"wp:term":[{"taxonomy":"product_brand","embeddable":true,"href":"https:\/\/saintbody.com\/en_gb\/wp-json\/wp\/v2\/product_brand?post=49900"},{"taxonomy":"product_cat","embeddable":true,"href":"https:\/\/saintbody.com\/en_gb\/wp-json\/wp\/v2\/product_cat?post=49900"},{"taxonomy":"product_tag","embeddable":true,"href":"https:\/\/saintbody.com\/en_gb\/wp-json\/wp\/v2\/product_tag?post=49900"}],"curies":[{"name":"wp","href":"https:\/\/api.w.org\/{rel}","templated":true}]}}