{"id":49838,"date":"2024-06-05T16:50:26","date_gmt":"2024-06-05T14:50:26","guid":{"rendered":"https:\/\/saintbody.com\/?post_type=product&#038;p=49838"},"modified":"2025-06-18T20:18:54","modified_gmt":"2025-06-18T18:18:54","slug":"dluga-spodnica-satynowa-ecovero-vaniliowa","status":"publish","type":"product","link":"https:\/\/saintbody.com\/en_gb\/dluga-spodnica-satynowa-ecovero-vaniliowa\/","title":{"rendered":"Satin Midi Skirt ECOVERO\u2122 Vanilla"},"content":{"rendered":"<p>Long airy satin skirt. The skirt has an elastic waistband. With its beautiful mermaid shape it adds sex appeal and enhances feminine charm. The length of the skirt is 7\/8 and it goes perfectly with bodysuits in different colours.<\/p>\n<p>At Saint Body, we use certified materials from trusted suppliers.<\/p>\n<p>Also check out our bestselling\u00a0<a href=\"https:\/\/saintbody.com\/en_gb\/kategoria\/body\/\">body<\/a> !<br \/>\nVisit us at <a href=\"https:\/\/www.instagram.com\/saintbodyofficial\/\">instagram<\/a>.<\/p>","protected":false},"excerpt":{"rendered":"<p>D\u0142uga zwiewna sp\u00f3dnica satynowa. Sp\u00f3dnica posiada gumk\u0119 w pasie. Przez sw\u00f3j pi\u0119kny syreni kszta\u0142t dodaje seksapilu i uwydatnia kobiecy wdzi\u0119k. D\u0142ugo\u015b\u0107 sp\u00f3dnicy to\u00a0 7\/8. Idealnie komponuje si\u0119 z body w r\u00f3\u017cnych kolorach. W Saint Body u\u017cywamy certyfikowanych materia\u0142\u00f3w od sprawdzonych dostawc\u00f3w. Sprawd\u017a r\u00f3wnie\u017c nasze bestsellerowe\u00a0body ! Odwied\u017a nas na instagramie.<\/p>","protected":false},"featured_media":50231,"template":"","meta":[],"product_brand":[],"product_cat":[20],"product_tag":[46],"class_list":{"0":"post-49838","1":"product","2":"type-product","3":"status-publish","4":"has-post-thumbnail","6":"product_cat-wszystko","7":"product_tag-spodnice","9":"first","10":"outofstock","11":"taxable","12":"shipping-taxable","13":"purchasable","14":"product-type-variable"},"yoast_head":"<!-- This site is optimized with the Yoast SEO plugin v27.0 - https:\/\/yoast.com\/product\/yoast-seo-wordpress\/ -->\n<title>D\u0142uga sp\u00f3dnica satynowa ECOVERO\u2122 waniliowa - Sklep SAINTBODY<\/title>\n<meta name=\"description\" content=\"At\u0142asowa, niesamowicie seksowna sp\u00f3dnica rozkloszowana do\u0142em. Najwy\u017csza jako\u015b\u0107 prz\u0119dzy w kolorze klasycznej czerni.\" \/>\n<meta name=\"robots\" content=\"index, follow, max-snippet:-1, max-image-preview:large, max-video-preview:-1\" \/>\n<link rel=\"canonical\" href=\"https:\/\/saintbody.com\/en_gb\/dluga-spodnica-satynowa-ecovero-vaniliowa\/\" \/>\n<meta property=\"og:locale\" content=\"en_GB\" \/>\n<meta property=\"og:type\" content=\"article\" \/>\n<meta property=\"og:title\" content=\"D\u0142uga sp\u00f3dnica satynowa ECOVERO\u2122 waniliowa - Sklep SAINTBODY\" \/>\n<meta property=\"og:description\" content=\"At\u0142asowa, niesamowicie seksowna sp\u00f3dnica rozkloszowana do\u0142em. Najwy\u017csza jako\u015b\u0107 prz\u0119dzy w kolorze klasycznej czerni.\" \/>\n<meta property=\"og:url\" content=\"https:\/\/saintbody.com\/en_gb\/dluga-spodnica-satynowa-ecovero-vaniliowa\/\" \/>\n<meta property=\"og:site_name\" content=\"Sklep SAINTBODY\" \/>\n<meta property=\"article:publisher\" content=\"https:\/\/facebook.com\/saintbody\/\" \/>\n<meta property=\"article:modified_time\" content=\"2025-06-18T18:18:54+00:00\" \/>\n<meta property=\"og:image\" content=\"https:\/\/saintbody.com\/wp-content\/uploads\/2024\/06\/saintbody09.jpg\" \/>\n\t<meta property=\"og:image:width\" content=\"1000\" \/>\n\t<meta property=\"og:image:height\" content=\"1500\" \/>\n\t<meta property=\"og:image:type\" content=\"image\/jpeg\" \/>\n<meta name=\"twitter:card\" content=\"summary_large_image\" \/>\n<meta name=\"twitter:label1\" content=\"Estimated reading time\" \/>\n\t<meta name=\"twitter:data1\" content=\"1 minute\" \/>\n<script type=\"application\/ld+json\" class=\"yoast-schema-graph\">{\"@context\":\"https:\/\/schema.org\",\"@graph\":[{\"@type\":\"WebPage\",\"@id\":\"https:\/\/saintbody.com\/dluga-spodnica-satynowa-ecovero-vaniliowa\/\",\"url\":\"https:\/\/saintbody.com\/dluga-spodnica-satynowa-ecovero-vaniliowa\/\",\"name\":\"D\u0142uga sp\u00f3dnica satynowa ECOVERO\u2122 waniliowa - Sklep SAINTBODY\",\"isPartOf\":{\"@id\":\"https:\/\/saintbody.com\/#website\"},\"primaryImageOfPage\":{\"@id\":\"https:\/\/saintbody.com\/dluga-spodnica-satynowa-ecovero-vaniliowa\/#primaryimage\"},\"image\":{\"@id\":\"https:\/\/saintbody.com\/dluga-spodnica-satynowa-ecovero-vaniliowa\/#primaryimage\"},\"thumbnailUrl\":\"https:\/\/saintbody.com\/wp-content\/uploads\/2024\/06\/saintbody09.jpg\",\"datePublished\":\"2024-06-05T14:50:26+00:00\",\"dateModified\":\"2025-06-18T18:18:54+00:00\",\"description\":\"At\u0142asowa, niesamowicie seksowna sp\u00f3dnica rozkloszowana do\u0142em. Najwy\u017csza jako\u015b\u0107 prz\u0119dzy w kolorze klasycznej czerni.\",\"breadcrumb\":{\"@id\":\"https:\/\/saintbody.com\/dluga-spodnica-satynowa-ecovero-vaniliowa\/#breadcrumb\"},\"inLanguage\":\"en-GB\",\"potentialAction\":[{\"@type\":\"ReadAction\",\"target\":[\"https:\/\/saintbody.com\/dluga-spodnica-satynowa-ecovero-vaniliowa\/\"]}]},{\"@type\":\"ImageObject\",\"inLanguage\":\"en-GB\",\"@id\":\"https:\/\/saintbody.com\/dluga-spodnica-satynowa-ecovero-vaniliowa\/#primaryimage\",\"url\":\"https:\/\/saintbody.com\/wp-content\/uploads\/2024\/06\/saintbody09.jpg\",\"contentUrl\":\"https:\/\/saintbody.com\/wp-content\/uploads\/2024\/06\/saintbody09.jpg\",\"width\":1000,\"height\":1500},{\"@type\":\"BreadcrumbList\",\"@id\":\"https:\/\/saintbody.com\/dluga-spodnica-satynowa-ecovero-vaniliowa\/#breadcrumb\",\"itemListElement\":[{\"@type\":\"ListItem\",\"position\":1,\"name\":\"Strona g\u0142\u00f3wna\",\"item\":\"https:\/\/saintbody.com\/\"},{\"@type\":\"ListItem\",\"position\":2,\"name\":\"Sklep\",\"item\":\"https:\/\/saintbody.com\/sklep\/\"},{\"@type\":\"ListItem\",\"position\":3,\"name\":\"D\u0142uga sp\u00f3dnica satynowa ECOVERO\u2122 waniliowa\"}]},{\"@type\":\"WebSite\",\"@id\":\"https:\/\/saintbody.com\/#website\",\"url\":\"https:\/\/saintbody.com\/\",\"name\":\"Sklep SAINTBODY\",\"description\":\"Premium basic na ka\u00c5\u00bcd\u00c4\u2026 okazje. Ponadczasowe Body, Odzie\u00c5\u00bc damska, Sukienki Damskie\",\"publisher\":{\"@id\":\"https:\/\/saintbody.com\/#organization\"},\"potentialAction\":[{\"@type\":\"SearchAction\",\"target\":{\"@type\":\"EntryPoint\",\"urlTemplate\":\"https:\/\/saintbody.com\/?s={search_term_string}\"},\"query-input\":{\"@type\":\"PropertyValueSpecification\",\"valueRequired\":true,\"valueName\":\"search_term_string\"}}],\"inLanguage\":\"en-GB\"},{\"@type\":\"Organization\",\"@id\":\"https:\/\/saintbody.com\/#organization\",\"name\":\"Sklep Saint Body\",\"url\":\"https:\/\/saintbody.com\/\",\"logo\":{\"@type\":\"ImageObject\",\"inLanguage\":\"en-GB\",\"@id\":\"https:\/\/saintbody.com\/#\/schema\/logo\/image\/\",\"url\":\"https:\/\/saintbody.com\/wp-content\/uploads\/2023\/04\/SaintBody_Logo_Typografia-e1691418926919.png\",\"contentUrl\":\"https:\/\/saintbody.com\/wp-content\/uploads\/2023\/04\/SaintBody_Logo_Typografia-e1691418926919.png\",\"width\":1000,\"height\":202,\"caption\":\"Sklep Saint Body\"},\"image\":{\"@id\":\"https:\/\/saintbody.com\/#\/schema\/logo\/image\/\"},\"sameAs\":[\"https:\/\/facebook.com\/saintbody\/\"]}]}<\/script>\n<!-- \/ Yoast SEO plugin. -->","yoast_head_json":{"title":"D\u0142uga sp\u00f3dnica satynowa ECOVERO\u2122 waniliowa - Sklep SAINTBODY","description":"At\u0142asowa, niesamowicie seksowna sp\u00f3dnica rozkloszowana do\u0142em. Najwy\u017csza jako\u015b\u0107 prz\u0119dzy w kolorze klasycznej czerni.","robots":{"index":"index","follow":"follow","max-snippet":"max-snippet:-1","max-image-preview":"max-image-preview:large","max-video-preview":"max-video-preview:-1"},"canonical":"https:\/\/saintbody.com\/en_gb\/dluga-spodnica-satynowa-ecovero-vaniliowa\/","og_locale":"en_GB","og_type":"article","og_title":"D\u0142uga sp\u00f3dnica satynowa ECOVERO\u2122 waniliowa - Sklep SAINTBODY","og_description":"At\u0142asowa, niesamowicie seksowna sp\u00f3dnica rozkloszowana do\u0142em. Najwy\u017csza jako\u015b\u0107 prz\u0119dzy w kolorze klasycznej czerni.","og_url":"https:\/\/saintbody.com\/en_gb\/dluga-spodnica-satynowa-ecovero-vaniliowa\/","og_site_name":"Sklep SAINTBODY","article_publisher":"https:\/\/facebook.com\/saintbody\/","article_modified_time":"2025-06-18T18:18:54+00:00","og_image":[{"width":1000,"height":1500,"url":"https:\/\/saintbody.com\/wp-content\/uploads\/2024\/06\/saintbody09.jpg","type":"image\/jpeg"}],"twitter_card":"summary_large_image","twitter_misc":{"Estimated reading time":"1 minute"},"schema":{"@context":"https:\/\/schema.org","@graph":[{"@type":"WebPage","@id":"https:\/\/saintbody.com\/dluga-spodnica-satynowa-ecovero-vaniliowa\/","url":"https:\/\/saintbody.com\/dluga-spodnica-satynowa-ecovero-vaniliowa\/","name":"D\u0142uga sp\u00f3dnica satynowa ECOVERO\u2122 waniliowa - Sklep SAINTBODY","isPartOf":{"@id":"https:\/\/saintbody.com\/#website"},"primaryImageOfPage":{"@id":"https:\/\/saintbody.com\/dluga-spodnica-satynowa-ecovero-vaniliowa\/#primaryimage"},"image":{"@id":"https:\/\/saintbody.com\/dluga-spodnica-satynowa-ecovero-vaniliowa\/#primaryimage"},"thumbnailUrl":"https:\/\/saintbody.com\/wp-content\/uploads\/2024\/06\/saintbody09.jpg","datePublished":"2024-06-05T14:50:26+00:00","dateModified":"2025-06-18T18:18:54+00:00","description":"At\u0142asowa, niesamowicie seksowna sp\u00f3dnica rozkloszowana do\u0142em. Najwy\u017csza jako\u015b\u0107 prz\u0119dzy w kolorze klasycznej czerni.","breadcrumb":{"@id":"https:\/\/saintbody.com\/dluga-spodnica-satynowa-ecovero-vaniliowa\/#breadcrumb"},"inLanguage":"en-GB","potentialAction":[{"@type":"ReadAction","target":["https:\/\/saintbody.com\/dluga-spodnica-satynowa-ecovero-vaniliowa\/"]}]},{"@type":"ImageObject","inLanguage":"en-GB","@id":"https:\/\/saintbody.com\/dluga-spodnica-satynowa-ecovero-vaniliowa\/#primaryimage","url":"https:\/\/saintbody.com\/wp-content\/uploads\/2024\/06\/saintbody09.jpg","contentUrl":"https:\/\/saintbody.com\/wp-content\/uploads\/2024\/06\/saintbody09.jpg","width":1000,"height":1500},{"@type":"BreadcrumbList","@id":"https:\/\/saintbody.com\/dluga-spodnica-satynowa-ecovero-vaniliowa\/#breadcrumb","itemListElement":[{"@type":"ListItem","position":1,"name":"Strona g\u0142\u00f3wna","item":"https:\/\/saintbody.com\/"},{"@type":"ListItem","position":2,"name":"Sklep","item":"https:\/\/saintbody.com\/sklep\/"},{"@type":"ListItem","position":3,"name":"D\u0142uga sp\u00f3dnica satynowa ECOVERO\u2122 waniliowa"}]},{"@type":"WebSite","@id":"https:\/\/saintbody.com\/#website","url":"https:\/\/saintbody.com\/","name":"Sklep SAINTBODY","description":"Premium basic na ka\u00c5\u00bcd\u00c4\u2026 okazje. Ponadczasowe Body, Odzie\u00c5\u00bc damska, Sukienki Damskie","publisher":{"@id":"https:\/\/saintbody.com\/#organization"},"potentialAction":[{"@type":"SearchAction","target":{"@type":"EntryPoint","urlTemplate":"https:\/\/saintbody.com\/?s={search_term_string}"},"query-input":{"@type":"PropertyValueSpecification","valueRequired":true,"valueName":"search_term_string"}}],"inLanguage":"en-GB"},{"@type":"Organization","@id":"https:\/\/saintbody.com\/#organization","name":"Sklep Saint Body","url":"https:\/\/saintbody.com\/","logo":{"@type":"ImageObject","inLanguage":"en-GB","@id":"https:\/\/saintbody.com\/#\/schema\/logo\/image\/","url":"https:\/\/saintbody.com\/wp-content\/uploads\/2023\/04\/SaintBody_Logo_Typografia-e1691418926919.png","contentUrl":"https:\/\/saintbody.com\/wp-content\/uploads\/2023\/04\/SaintBody_Logo_Typografia-e1691418926919.png","width":1000,"height":202,"caption":"Sklep Saint Body"},"image":{"@id":"https:\/\/saintbody.com\/#\/schema\/logo\/image\/"},"sameAs":["https:\/\/facebook.com\/saintbody\/"]}]}},"_links":{"self":[{"href":"https:\/\/saintbody.com\/en_gb\/wp-json\/wp\/v2\/product\/49838","targetHints":{"allow":["GET"]}}],"collection":[{"href":"https:\/\/saintbody.com\/en_gb\/wp-json\/wp\/v2\/product"}],"about":[{"href":"https:\/\/saintbody.com\/en_gb\/wp-json\/wp\/v2\/types\/product"}],"wp:featuredmedia":[{"embeddable":true,"href":"https:\/\/saintbody.com\/en_gb\/wp-json\/wp\/v2\/media\/50231"}],"wp:attachment":[{"href":"https:\/\/saintbody.com\/en_gb\/wp-json\/wp\/v2\/media?parent=49838"}],"wp:term":[{"taxonomy":"product_brand","embeddable":true,"href":"https:\/\/saintbody.com\/en_gb\/wp-json\/wp\/v2\/product_brand?post=49838"},{"taxonomy":"product_cat","embeddable":true,"href":"https:\/\/saintbody.com\/en_gb\/wp-json\/wp\/v2\/product_cat?post=49838"},{"taxonomy":"product_tag","embeddable":true,"href":"https:\/\/saintbody.com\/en_gb\/wp-json\/wp\/v2\/product_tag?post=49838"}],"curies":[{"name":"wp","href":"https:\/\/api.w.org\/{rel}","templated":true}]}}