{"id":49832,"date":"2024-06-05T16:45:38","date_gmt":"2024-06-05T14:45:38","guid":{"rendered":"https:\/\/saintbody.com\/?post_type=product&#038;p=49832"},"modified":"2026-03-09T20:27:47","modified_gmt":"2026-03-09T19:27:47","slug":"crop-top-z-asymetrycznym-dekoltem","status":"publish","type":"product","link":"https:\/\/saintbody.com\/en_gb\/crop-top-z-asymetrycznym-dekoltem\/","title":{"rendered":"Top with asymmetrical neckline"},"content":{"rendered":"<p>A classic short top with a sophisticated asymmetrical neckline that subtly draws attention and emphasises the modern character of the design. The minimalist, timeless cut sits beautifully on the silhouette, offering the perfect balance between style and comfort. The double layer of high-quality knitwear, seamless finish and elastic threads ensure exceptional wearing comfort and a perfect fit. The model pairs perfectly with high-waisted trousers to create a cohesive and elegant look.<\/p>\n<p>Product sewn in Poland from fabric produced in a Polish knitting mill.<\/p>\n<p>Also check out our bestselling\u00a0<a href=\"https:\/\/saintbody.com\/en_gb\/kategoria\/sukienki\/\">dresses<\/a> !<br \/>\nVisit us at <a href=\"https:\/\/www.instagram.com\/saintbodyofficial\/\">instagram<\/a>.<\/p>","protected":false},"excerpt":{"rendered":"<p>Klasyczny, kr\u00f3tki top z wyrafinowanym asymetrycznym dekoltem, kt\u00f3ry subtelnie przyci\u0105ga uwag\u0119 i podkre\u015bla nowoczesny charakter projektu. Minimalistyczny, ponadczasowy kr\u00f3j pi\u0119knie uk\u0142ada si\u0119 na sylwetce, oferuj\u0105c idealn\u0105 r\u00f3wnowag\u0119 mi\u0119dzy stylem a komfortem. Podw\u00f3jna warstwa wysokiej jako\u015bci dzianiny, bezszwowe wyko\u0144czenie oraz elastyczne nici zapewniaj\u0105 wyj\u0105tkow\u0105 wygod\u0119 noszenia i perfekcyjne dopasowanie. Model doskonale komponuje si\u0119 ze spodniami z [&hellip;]<\/p>","protected":false},"featured_media":50640,"template":"","meta":[],"product_brand":[],"product_cat":[37],"product_tag":[],"class_list":{"0":"post-49832","1":"product","2":"type-product","3":"status-publish","4":"has-post-thumbnail","6":"product_cat-topy","8":"first","9":"outofstock","10":"taxable","11":"shipping-taxable","12":"purchasable","13":"product-type-variable","14":"has-default-attributes"},"yoast_head":"<!-- This site is optimized with the Yoast SEO plugin v27.0 - https:\/\/yoast.com\/product\/yoast-seo-wordpress\/ -->\n<title>Top z asymetrycznym dekoltem Top z asymetrycznym dekoltem - Sklep SAINTBODY<\/title>\n<meta name=\"description\" content=\"Klasyczny, kr\u00f3tki top z wyrafinowanym asymetrycznym dekoltem, kt\u00f3ry subtelnie przyci\u0105ga uwag\u0119 i podkre\u015bla nowoczesny charakter modelu.\" \/>\n<meta name=\"robots\" content=\"index, follow, max-snippet:-1, max-image-preview:large, max-video-preview:-1\" \/>\n<link rel=\"canonical\" href=\"https:\/\/saintbody.com\/en_gb\/crop-top-z-asymetrycznym-dekoltem\/\" \/>\n<meta property=\"og:locale\" content=\"en_GB\" \/>\n<meta property=\"og:type\" content=\"article\" \/>\n<meta property=\"og:title\" content=\"Top z asymetrycznym dekoltem Top z asymetrycznym dekoltem - Sklep SAINTBODY\" \/>\n<meta property=\"og:description\" content=\"Klasyczny, kr\u00f3tki top z wyrafinowanym asymetrycznym dekoltem, kt\u00f3ry subtelnie przyci\u0105ga uwag\u0119 i podkre\u015bla nowoczesny charakter modelu.\" \/>\n<meta property=\"og:url\" content=\"https:\/\/saintbody.com\/en_gb\/crop-top-z-asymetrycznym-dekoltem\/\" \/>\n<meta property=\"og:site_name\" content=\"Sklep SAINTBODY\" \/>\n<meta property=\"article:publisher\" content=\"https:\/\/facebook.com\/saintbody\/\" \/>\n<meta property=\"article:modified_time\" content=\"2026-03-09T19:27:47+00:00\" \/>\n<meta property=\"og:image\" content=\"https:\/\/saintbody.com\/wp-content\/uploads\/2024\/07\/IMG_1017.jpeg\" \/>\n\t<meta property=\"og:image:width\" content=\"1001\" \/>\n\t<meta property=\"og:image:height\" content=\"1500\" \/>\n\t<meta property=\"og:image:type\" content=\"image\/jpeg\" \/>\n<meta name=\"twitter:card\" content=\"summary_large_image\" \/>\n<meta name=\"twitter:label1\" content=\"Estimated reading time\" \/>\n\t<meta name=\"twitter:data1\" content=\"1 minute\" \/>\n<script type=\"application\/ld+json\" class=\"yoast-schema-graph\">{\"@context\":\"https:\/\/schema.org\",\"@graph\":[{\"@type\":\"WebPage\",\"@id\":\"https:\/\/saintbody.com\/crop-top-z-asymetrycznym-dekoltem\/\",\"url\":\"https:\/\/saintbody.com\/crop-top-z-asymetrycznym-dekoltem\/\",\"name\":\"Top z asymetrycznym dekoltem Top z asymetrycznym dekoltem - Sklep SAINTBODY\",\"isPartOf\":{\"@id\":\"https:\/\/saintbody.com\/#website\"},\"primaryImageOfPage\":{\"@id\":\"https:\/\/saintbody.com\/crop-top-z-asymetrycznym-dekoltem\/#primaryimage\"},\"image\":{\"@id\":\"https:\/\/saintbody.com\/crop-top-z-asymetrycznym-dekoltem\/#primaryimage\"},\"thumbnailUrl\":\"https:\/\/saintbody.com\/wp-content\/uploads\/2024\/07\/IMG_1017.jpeg\",\"datePublished\":\"2024-06-05T14:45:38+00:00\",\"dateModified\":\"2026-03-09T19:27:47+00:00\",\"description\":\"Klasyczny, kr\u00f3tki top z wyrafinowanym asymetrycznym dekoltem, kt\u00f3ry subtelnie przyci\u0105ga uwag\u0119 i podkre\u015bla nowoczesny charakter modelu.\",\"breadcrumb\":{\"@id\":\"https:\/\/saintbody.com\/crop-top-z-asymetrycznym-dekoltem\/#breadcrumb\"},\"inLanguage\":\"en-GB\",\"potentialAction\":[{\"@type\":\"ReadAction\",\"target\":[\"https:\/\/saintbody.com\/crop-top-z-asymetrycznym-dekoltem\/\"]}]},{\"@type\":\"ImageObject\",\"inLanguage\":\"en-GB\",\"@id\":\"https:\/\/saintbody.com\/crop-top-z-asymetrycznym-dekoltem\/#primaryimage\",\"url\":\"https:\/\/saintbody.com\/wp-content\/uploads\/2024\/07\/IMG_1017.jpeg\",\"contentUrl\":\"https:\/\/saintbody.com\/wp-content\/uploads\/2024\/07\/IMG_1017.jpeg\",\"width\":1001,\"height\":1500},{\"@type\":\"BreadcrumbList\",\"@id\":\"https:\/\/saintbody.com\/crop-top-z-asymetrycznym-dekoltem\/#breadcrumb\",\"itemListElement\":[{\"@type\":\"ListItem\",\"position\":1,\"name\":\"Strona g\u0142\u00f3wna\",\"item\":\"https:\/\/saintbody.com\/\"},{\"@type\":\"ListItem\",\"position\":2,\"name\":\"Sklep\",\"item\":\"https:\/\/saintbody.com\/sklep\/\"},{\"@type\":\"ListItem\",\"position\":3,\"name\":\"Top z asymetrycznym dekoltem\"}]},{\"@type\":\"WebSite\",\"@id\":\"https:\/\/saintbody.com\/#website\",\"url\":\"https:\/\/saintbody.com\/\",\"name\":\"Sklep SAINTBODY\",\"description\":\"Premium basic na ka\u00c5\u00bcd\u00c4\u2026 okazje. Ponadczasowe Body, Odzie\u00c5\u00bc damska, Sukienki Damskie\",\"publisher\":{\"@id\":\"https:\/\/saintbody.com\/#organization\"},\"potentialAction\":[{\"@type\":\"SearchAction\",\"target\":{\"@type\":\"EntryPoint\",\"urlTemplate\":\"https:\/\/saintbody.com\/?s={search_term_string}\"},\"query-input\":{\"@type\":\"PropertyValueSpecification\",\"valueRequired\":true,\"valueName\":\"search_term_string\"}}],\"inLanguage\":\"en-GB\"},{\"@type\":\"Organization\",\"@id\":\"https:\/\/saintbody.com\/#organization\",\"name\":\"Sklep Saint Body\",\"url\":\"https:\/\/saintbody.com\/\",\"logo\":{\"@type\":\"ImageObject\",\"inLanguage\":\"en-GB\",\"@id\":\"https:\/\/saintbody.com\/#\/schema\/logo\/image\/\",\"url\":\"https:\/\/saintbody.com\/wp-content\/uploads\/2023\/04\/SaintBody_Logo_Typografia-e1691418926919.png\",\"contentUrl\":\"https:\/\/saintbody.com\/wp-content\/uploads\/2023\/04\/SaintBody_Logo_Typografia-e1691418926919.png\",\"width\":1000,\"height\":202,\"caption\":\"Sklep Saint Body\"},\"image\":{\"@id\":\"https:\/\/saintbody.com\/#\/schema\/logo\/image\/\"},\"sameAs\":[\"https:\/\/facebook.com\/saintbody\/\"]}]}<\/script>\n<!-- \/ Yoast SEO plugin. -->","yoast_head_json":{"title":"Top z asymetrycznym dekoltem Top z asymetrycznym dekoltem - Sklep SAINTBODY","description":"Klasyczny, kr\u00f3tki top z wyrafinowanym asymetrycznym dekoltem, kt\u00f3ry subtelnie przyci\u0105ga uwag\u0119 i podkre\u015bla nowoczesny charakter modelu.","robots":{"index":"index","follow":"follow","max-snippet":"max-snippet:-1","max-image-preview":"max-image-preview:large","max-video-preview":"max-video-preview:-1"},"canonical":"https:\/\/saintbody.com\/en_gb\/crop-top-z-asymetrycznym-dekoltem\/","og_locale":"en_GB","og_type":"article","og_title":"Top z asymetrycznym dekoltem Top z asymetrycznym dekoltem - Sklep SAINTBODY","og_description":"Klasyczny, kr\u00f3tki top z wyrafinowanym asymetrycznym dekoltem, kt\u00f3ry subtelnie przyci\u0105ga uwag\u0119 i podkre\u015bla nowoczesny charakter modelu.","og_url":"https:\/\/saintbody.com\/en_gb\/crop-top-z-asymetrycznym-dekoltem\/","og_site_name":"Sklep SAINTBODY","article_publisher":"https:\/\/facebook.com\/saintbody\/","article_modified_time":"2026-03-09T19:27:47+00:00","og_image":[{"width":1001,"height":1500,"url":"https:\/\/saintbody.com\/wp-content\/uploads\/2024\/07\/IMG_1017.jpeg","type":"image\/jpeg"}],"twitter_card":"summary_large_image","twitter_misc":{"Estimated reading time":"1 minute"},"schema":{"@context":"https:\/\/schema.org","@graph":[{"@type":"WebPage","@id":"https:\/\/saintbody.com\/crop-top-z-asymetrycznym-dekoltem\/","url":"https:\/\/saintbody.com\/crop-top-z-asymetrycznym-dekoltem\/","name":"Top z asymetrycznym dekoltem Top z asymetrycznym dekoltem - Sklep SAINTBODY","isPartOf":{"@id":"https:\/\/saintbody.com\/#website"},"primaryImageOfPage":{"@id":"https:\/\/saintbody.com\/crop-top-z-asymetrycznym-dekoltem\/#primaryimage"},"image":{"@id":"https:\/\/saintbody.com\/crop-top-z-asymetrycznym-dekoltem\/#primaryimage"},"thumbnailUrl":"https:\/\/saintbody.com\/wp-content\/uploads\/2024\/07\/IMG_1017.jpeg","datePublished":"2024-06-05T14:45:38+00:00","dateModified":"2026-03-09T19:27:47+00:00","description":"Klasyczny, kr\u00f3tki top z wyrafinowanym asymetrycznym dekoltem, kt\u00f3ry subtelnie przyci\u0105ga uwag\u0119 i podkre\u015bla nowoczesny charakter modelu.","breadcrumb":{"@id":"https:\/\/saintbody.com\/crop-top-z-asymetrycznym-dekoltem\/#breadcrumb"},"inLanguage":"en-GB","potentialAction":[{"@type":"ReadAction","target":["https:\/\/saintbody.com\/crop-top-z-asymetrycznym-dekoltem\/"]}]},{"@type":"ImageObject","inLanguage":"en-GB","@id":"https:\/\/saintbody.com\/crop-top-z-asymetrycznym-dekoltem\/#primaryimage","url":"https:\/\/saintbody.com\/wp-content\/uploads\/2024\/07\/IMG_1017.jpeg","contentUrl":"https:\/\/saintbody.com\/wp-content\/uploads\/2024\/07\/IMG_1017.jpeg","width":1001,"height":1500},{"@type":"BreadcrumbList","@id":"https:\/\/saintbody.com\/crop-top-z-asymetrycznym-dekoltem\/#breadcrumb","itemListElement":[{"@type":"ListItem","position":1,"name":"Strona g\u0142\u00f3wna","item":"https:\/\/saintbody.com\/"},{"@type":"ListItem","position":2,"name":"Sklep","item":"https:\/\/saintbody.com\/sklep\/"},{"@type":"ListItem","position":3,"name":"Top z asymetrycznym dekoltem"}]},{"@type":"WebSite","@id":"https:\/\/saintbody.com\/#website","url":"https:\/\/saintbody.com\/","name":"Sklep SAINTBODY","description":"Premium basic na ka\u00c5\u00bcd\u00c4\u2026 okazje. Ponadczasowe Body, Odzie\u00c5\u00bc damska, Sukienki Damskie","publisher":{"@id":"https:\/\/saintbody.com\/#organization"},"potentialAction":[{"@type":"SearchAction","target":{"@type":"EntryPoint","urlTemplate":"https:\/\/saintbody.com\/?s={search_term_string}"},"query-input":{"@type":"PropertyValueSpecification","valueRequired":true,"valueName":"search_term_string"}}],"inLanguage":"en-GB"},{"@type":"Organization","@id":"https:\/\/saintbody.com\/#organization","name":"Sklep Saint Body","url":"https:\/\/saintbody.com\/","logo":{"@type":"ImageObject","inLanguage":"en-GB","@id":"https:\/\/saintbody.com\/#\/schema\/logo\/image\/","url":"https:\/\/saintbody.com\/wp-content\/uploads\/2023\/04\/SaintBody_Logo_Typografia-e1691418926919.png","contentUrl":"https:\/\/saintbody.com\/wp-content\/uploads\/2023\/04\/SaintBody_Logo_Typografia-e1691418926919.png","width":1000,"height":202,"caption":"Sklep Saint Body"},"image":{"@id":"https:\/\/saintbody.com\/#\/schema\/logo\/image\/"},"sameAs":["https:\/\/facebook.com\/saintbody\/"]}]}},"_links":{"self":[{"href":"https:\/\/saintbody.com\/en_gb\/wp-json\/wp\/v2\/product\/49832","targetHints":{"allow":["GET"]}}],"collection":[{"href":"https:\/\/saintbody.com\/en_gb\/wp-json\/wp\/v2\/product"}],"about":[{"href":"https:\/\/saintbody.com\/en_gb\/wp-json\/wp\/v2\/types\/product"}],"wp:featuredmedia":[{"embeddable":true,"href":"https:\/\/saintbody.com\/en_gb\/wp-json\/wp\/v2\/media\/50640"}],"wp:attachment":[{"href":"https:\/\/saintbody.com\/en_gb\/wp-json\/wp\/v2\/media?parent=49832"}],"wp:term":[{"taxonomy":"product_brand","embeddable":true,"href":"https:\/\/saintbody.com\/en_gb\/wp-json\/wp\/v2\/product_brand?post=49832"},{"taxonomy":"product_cat","embeddable":true,"href":"https:\/\/saintbody.com\/en_gb\/wp-json\/wp\/v2\/product_cat?post=49832"},{"taxonomy":"product_tag","embeddable":true,"href":"https:\/\/saintbody.com\/en_gb\/wp-json\/wp\/v2\/product_tag?post=49832"}],"curies":[{"name":"wp","href":"https:\/\/api.w.org\/{rel}","templated":true}]}}