{"id":49565,"date":"2024-05-24T15:45:47","date_gmt":"2024-05-24T13:45:47","guid":{"rendered":"https:\/\/saintbody.com\/?post_type=product&#038;p=49565"},"modified":"2025-09-06T17:41:53","modified_gmt":"2025-09-06T15:41:53","slug":"spodnie-z-dzianiny-z-szeroka-nogawka-szare","status":"publish","type":"product","link":"https:\/\/saintbody.com\/en_gb\/spodnie-z-dzianiny-z-szeroka-nogawka-szare\/","title":{"rendered":"Grey wide-leg knitted trousers"},"content":{"rendered":"<p>Long, comfortable high-waisted trousers in grey in certified knitwear. The trousers have an elastic waistband trimmed with fabric and internal satin piping. The wide cut of the trousers is ideal for sports and elegant shoes.<br \/>\nA premium product made from a blend of viscose and elastane. Trousers also available in two other colours: camel and ecru.<\/p>\n<p>Oeko-Tex\u00ae Standard 100 CERTIFICATE<br \/>\nProduct sewn in Poland.<\/p>\n<p>Also check out our bestselling\u00a0<a href=\"https:\/\/saintbody.com\/en_gb\/kategoria\/body\/\">body<\/a> !<br \/>\nVisit us at <a href=\"https:\/\/www.instagram.com\/saintbodyofficial\/\">instagram<\/a>.<\/p>","protected":false},"excerpt":{"rendered":"<p>D\u0142ugie, wygodne spodnie z wysokim stanem w kolorze szarym z certyfikowanej dzianiny. Spodnie posiadaj\u0105 w pasie gum\u0119 obszyt\u0105 materia\u0142em oraz wewn\u0119trzne lamowanie satyn\u0105. Szeroki kr\u00f3j spodni, kt\u00f3ry idealnie pasuje do sportowych oraz eleganckich but\u00f3w. Produkt premium wykonany z mieszanki wiskozy i elastanu. Spodnie dost\u0119pne tak\u017ce w dw\u00f3ch innych kolorach : camel oraz ecru. CERTYFIKAT Oeko-Tex\u00ae [&hellip;]<\/p>","protected":false},"featured_media":50300,"template":"","meta":[],"product_brand":[],"product_cat":[20,35],"product_tag":[],"class_list":{"0":"post-49565","1":"product","2":"type-product","3":"status-publish","4":"has-post-thumbnail","6":"product_cat-wszystko","7":"product_cat-spodnie","9":"first","10":"outofstock","11":"sale","12":"taxable","13":"shipping-taxable","14":"purchasable","15":"product-type-variable","16":"has-default-attributes"},"yoast_head":"<!-- This site is optimized with the Yoast SEO plugin v27.0 - https:\/\/yoast.com\/product\/yoast-seo-wordpress\/ -->\n<title>Spodnie z dzianiny z szerok\u0105 nogawk\u0105 szare - Sklep SAINTBODY<\/title>\n<meta name=\"description\" content=\"D\u0142ugie, wygodne, damskie spodnie- z wysokim stanem, w kolorze be\u017cowym, z certyfikowanej dzianiny. Spodnie damskie wysoki stan.\" \/>\n<meta name=\"robots\" content=\"index, follow, max-snippet:-1, max-image-preview:large, max-video-preview:-1\" \/>\n<link rel=\"canonical\" href=\"https:\/\/saintbody.com\/en_gb\/spodnie-z-dzianiny-z-szeroka-nogawka-szare\/\" \/>\n<meta property=\"og:locale\" content=\"en_GB\" \/>\n<meta property=\"og:type\" content=\"article\" \/>\n<meta property=\"og:title\" content=\"Spodnie z dzianiny z szerok\u0105 nogawk\u0105 szare - Sklep SAINTBODY\" \/>\n<meta property=\"og:description\" content=\"D\u0142ugie, wygodne, damskie spodnie- z wysokim stanem, w kolorze be\u017cowym, z certyfikowanej dzianiny. Spodnie damskie wysoki stan.\" \/>\n<meta property=\"og:url\" content=\"https:\/\/saintbody.com\/en_gb\/spodnie-z-dzianiny-z-szeroka-nogawka-szare\/\" \/>\n<meta property=\"og:site_name\" content=\"Sklep SAINTBODY\" \/>\n<meta property=\"article:publisher\" content=\"https:\/\/facebook.com\/saintbody\/\" \/>\n<meta property=\"article:modified_time\" content=\"2025-09-06T15:41:53+00:00\" \/>\n<meta property=\"og:image\" content=\"http:\/\/saintbody.com\/wp-content\/uploads\/2024\/06\/saintbody31-1.jpg\" \/>\n\t<meta property=\"og:image:width\" content=\"1000\" \/>\n\t<meta property=\"og:image:height\" content=\"1500\" \/>\n\t<meta property=\"og:image:type\" content=\"image\/jpeg\" \/>\n<meta name=\"twitter:card\" content=\"summary_large_image\" \/>\n<meta name=\"twitter:label1\" content=\"Estimated reading time\" \/>\n\t<meta name=\"twitter:data1\" content=\"1 minute\" \/>\n<script type=\"application\/ld+json\" class=\"yoast-schema-graph\">{\"@context\":\"https:\/\/schema.org\",\"@graph\":[{\"@type\":\"WebPage\",\"@id\":\"https:\/\/saintbody.com\/spodnie-z-dzianiny-z-szeroka-nogawka-szare\/\",\"url\":\"https:\/\/saintbody.com\/spodnie-z-dzianiny-z-szeroka-nogawka-szare\/\",\"name\":\"Spodnie z dzianiny z szerok\u0105 nogawk\u0105 szare - Sklep SAINTBODY\",\"isPartOf\":{\"@id\":\"https:\/\/saintbody.com\/#website\"},\"primaryImageOfPage\":{\"@id\":\"https:\/\/saintbody.com\/spodnie-z-dzianiny-z-szeroka-nogawka-szare\/#primaryimage\"},\"image\":{\"@id\":\"https:\/\/saintbody.com\/spodnie-z-dzianiny-z-szeroka-nogawka-szare\/#primaryimage\"},\"thumbnailUrl\":\"https:\/\/saintbody.com\/wp-content\/uploads\/2024\/06\/saintbody31-1.jpg\",\"datePublished\":\"2024-05-24T13:45:47+00:00\",\"dateModified\":\"2025-09-06T15:41:53+00:00\",\"description\":\"D\u0142ugie, wygodne, damskie spodnie- z wysokim stanem, w kolorze be\u017cowym, z certyfikowanej dzianiny. Spodnie damskie wysoki stan.\",\"breadcrumb\":{\"@id\":\"https:\/\/saintbody.com\/spodnie-z-dzianiny-z-szeroka-nogawka-szare\/#breadcrumb\"},\"inLanguage\":\"en-GB\",\"potentialAction\":[{\"@type\":\"ReadAction\",\"target\":[\"https:\/\/saintbody.com\/spodnie-z-dzianiny-z-szeroka-nogawka-szare\/\"]}]},{\"@type\":\"ImageObject\",\"inLanguage\":\"en-GB\",\"@id\":\"https:\/\/saintbody.com\/spodnie-z-dzianiny-z-szeroka-nogawka-szare\/#primaryimage\",\"url\":\"https:\/\/saintbody.com\/wp-content\/uploads\/2024\/06\/saintbody31-1.jpg\",\"contentUrl\":\"https:\/\/saintbody.com\/wp-content\/uploads\/2024\/06\/saintbody31-1.jpg\",\"width\":1000,\"height\":1500},{\"@type\":\"BreadcrumbList\",\"@id\":\"https:\/\/saintbody.com\/spodnie-z-dzianiny-z-szeroka-nogawka-szare\/#breadcrumb\",\"itemListElement\":[{\"@type\":\"ListItem\",\"position\":1,\"name\":\"Strona g\u0142\u00f3wna\",\"item\":\"https:\/\/saintbody.com\/\"},{\"@type\":\"ListItem\",\"position\":2,\"name\":\"Sklep\",\"item\":\"https:\/\/saintbody.com\/sklep\/\"},{\"@type\":\"ListItem\",\"position\":3,\"name\":\"Spodnie z dzianiny z szerok\u0105 nogawk\u0105 szare\"}]},{\"@type\":\"WebSite\",\"@id\":\"https:\/\/saintbody.com\/#website\",\"url\":\"https:\/\/saintbody.com\/\",\"name\":\"Sklep SAINTBODY\",\"description\":\"Premium basic na ka\u00c5\u00bcd\u00c4\u2026 okazje. Ponadczasowe Body, Odzie\u00c5\u00bc damska, Sukienki Damskie\",\"publisher\":{\"@id\":\"https:\/\/saintbody.com\/#organization\"},\"potentialAction\":[{\"@type\":\"SearchAction\",\"target\":{\"@type\":\"EntryPoint\",\"urlTemplate\":\"https:\/\/saintbody.com\/?s={search_term_string}\"},\"query-input\":{\"@type\":\"PropertyValueSpecification\",\"valueRequired\":true,\"valueName\":\"search_term_string\"}}],\"inLanguage\":\"en-GB\"},{\"@type\":\"Organization\",\"@id\":\"https:\/\/saintbody.com\/#organization\",\"name\":\"Sklep Saint Body\",\"url\":\"https:\/\/saintbody.com\/\",\"logo\":{\"@type\":\"ImageObject\",\"inLanguage\":\"en-GB\",\"@id\":\"https:\/\/saintbody.com\/#\/schema\/logo\/image\/\",\"url\":\"https:\/\/saintbody.com\/wp-content\/uploads\/2023\/04\/SaintBody_Logo_Typografia-e1691418926919.png\",\"contentUrl\":\"https:\/\/saintbody.com\/wp-content\/uploads\/2023\/04\/SaintBody_Logo_Typografia-e1691418926919.png\",\"width\":1000,\"height\":202,\"caption\":\"Sklep Saint Body\"},\"image\":{\"@id\":\"https:\/\/saintbody.com\/#\/schema\/logo\/image\/\"},\"sameAs\":[\"https:\/\/facebook.com\/saintbody\/\"]}]}<\/script>\n<!-- \/ Yoast SEO plugin. -->","yoast_head_json":{"title":"Spodnie z dzianiny z szerok\u0105 nogawk\u0105 szare - Sklep SAINTBODY","description":"D\u0142ugie, wygodne, damskie spodnie- z wysokim stanem, w kolorze be\u017cowym, z certyfikowanej dzianiny. Spodnie damskie wysoki stan.","robots":{"index":"index","follow":"follow","max-snippet":"max-snippet:-1","max-image-preview":"max-image-preview:large","max-video-preview":"max-video-preview:-1"},"canonical":"https:\/\/saintbody.com\/en_gb\/spodnie-z-dzianiny-z-szeroka-nogawka-szare\/","og_locale":"en_GB","og_type":"article","og_title":"Spodnie z dzianiny z szerok\u0105 nogawk\u0105 szare - Sklep SAINTBODY","og_description":"D\u0142ugie, wygodne, damskie spodnie- z wysokim stanem, w kolorze be\u017cowym, z certyfikowanej dzianiny. Spodnie damskie wysoki stan.","og_url":"https:\/\/saintbody.com\/en_gb\/spodnie-z-dzianiny-z-szeroka-nogawka-szare\/","og_site_name":"Sklep SAINTBODY","article_publisher":"https:\/\/facebook.com\/saintbody\/","article_modified_time":"2025-09-06T15:41:53+00:00","og_image":[{"width":1000,"height":1500,"url":"http:\/\/saintbody.com\/wp-content\/uploads\/2024\/06\/saintbody31-1.jpg","type":"image\/jpeg"}],"twitter_card":"summary_large_image","twitter_misc":{"Estimated reading time":"1 minute"},"schema":{"@context":"https:\/\/schema.org","@graph":[{"@type":"WebPage","@id":"https:\/\/saintbody.com\/spodnie-z-dzianiny-z-szeroka-nogawka-szare\/","url":"https:\/\/saintbody.com\/spodnie-z-dzianiny-z-szeroka-nogawka-szare\/","name":"Spodnie z dzianiny z szerok\u0105 nogawk\u0105 szare - Sklep SAINTBODY","isPartOf":{"@id":"https:\/\/saintbody.com\/#website"},"primaryImageOfPage":{"@id":"https:\/\/saintbody.com\/spodnie-z-dzianiny-z-szeroka-nogawka-szare\/#primaryimage"},"image":{"@id":"https:\/\/saintbody.com\/spodnie-z-dzianiny-z-szeroka-nogawka-szare\/#primaryimage"},"thumbnailUrl":"https:\/\/saintbody.com\/wp-content\/uploads\/2024\/06\/saintbody31-1.jpg","datePublished":"2024-05-24T13:45:47+00:00","dateModified":"2025-09-06T15:41:53+00:00","description":"D\u0142ugie, wygodne, damskie spodnie- z wysokim stanem, w kolorze be\u017cowym, z certyfikowanej dzianiny. Spodnie damskie wysoki stan.","breadcrumb":{"@id":"https:\/\/saintbody.com\/spodnie-z-dzianiny-z-szeroka-nogawka-szare\/#breadcrumb"},"inLanguage":"en-GB","potentialAction":[{"@type":"ReadAction","target":["https:\/\/saintbody.com\/spodnie-z-dzianiny-z-szeroka-nogawka-szare\/"]}]},{"@type":"ImageObject","inLanguage":"en-GB","@id":"https:\/\/saintbody.com\/spodnie-z-dzianiny-z-szeroka-nogawka-szare\/#primaryimage","url":"https:\/\/saintbody.com\/wp-content\/uploads\/2024\/06\/saintbody31-1.jpg","contentUrl":"https:\/\/saintbody.com\/wp-content\/uploads\/2024\/06\/saintbody31-1.jpg","width":1000,"height":1500},{"@type":"BreadcrumbList","@id":"https:\/\/saintbody.com\/spodnie-z-dzianiny-z-szeroka-nogawka-szare\/#breadcrumb","itemListElement":[{"@type":"ListItem","position":1,"name":"Strona g\u0142\u00f3wna","item":"https:\/\/saintbody.com\/"},{"@type":"ListItem","position":2,"name":"Sklep","item":"https:\/\/saintbody.com\/sklep\/"},{"@type":"ListItem","position":3,"name":"Spodnie z dzianiny z szerok\u0105 nogawk\u0105 szare"}]},{"@type":"WebSite","@id":"https:\/\/saintbody.com\/#website","url":"https:\/\/saintbody.com\/","name":"Sklep SAINTBODY","description":"Premium basic na ka\u00c5\u00bcd\u00c4\u2026 okazje. Ponadczasowe Body, Odzie\u00c5\u00bc damska, Sukienki Damskie","publisher":{"@id":"https:\/\/saintbody.com\/#organization"},"potentialAction":[{"@type":"SearchAction","target":{"@type":"EntryPoint","urlTemplate":"https:\/\/saintbody.com\/?s={search_term_string}"},"query-input":{"@type":"PropertyValueSpecification","valueRequired":true,"valueName":"search_term_string"}}],"inLanguage":"en-GB"},{"@type":"Organization","@id":"https:\/\/saintbody.com\/#organization","name":"Sklep Saint Body","url":"https:\/\/saintbody.com\/","logo":{"@type":"ImageObject","inLanguage":"en-GB","@id":"https:\/\/saintbody.com\/#\/schema\/logo\/image\/","url":"https:\/\/saintbody.com\/wp-content\/uploads\/2023\/04\/SaintBody_Logo_Typografia-e1691418926919.png","contentUrl":"https:\/\/saintbody.com\/wp-content\/uploads\/2023\/04\/SaintBody_Logo_Typografia-e1691418926919.png","width":1000,"height":202,"caption":"Sklep Saint Body"},"image":{"@id":"https:\/\/saintbody.com\/#\/schema\/logo\/image\/"},"sameAs":["https:\/\/facebook.com\/saintbody\/"]}]}},"_links":{"self":[{"href":"https:\/\/saintbody.com\/en_gb\/wp-json\/wp\/v2\/product\/49565","targetHints":{"allow":["GET"]}}],"collection":[{"href":"https:\/\/saintbody.com\/en_gb\/wp-json\/wp\/v2\/product"}],"about":[{"href":"https:\/\/saintbody.com\/en_gb\/wp-json\/wp\/v2\/types\/product"}],"wp:featuredmedia":[{"embeddable":true,"href":"https:\/\/saintbody.com\/en_gb\/wp-json\/wp\/v2\/media\/50300"}],"wp:attachment":[{"href":"https:\/\/saintbody.com\/en_gb\/wp-json\/wp\/v2\/media?parent=49565"}],"wp:term":[{"taxonomy":"product_brand","embeddable":true,"href":"https:\/\/saintbody.com\/en_gb\/wp-json\/wp\/v2\/product_brand?post=49565"},{"taxonomy":"product_cat","embeddable":true,"href":"https:\/\/saintbody.com\/en_gb\/wp-json\/wp\/v2\/product_cat?post=49565"},{"taxonomy":"product_tag","embeddable":true,"href":"https:\/\/saintbody.com\/en_gb\/wp-json\/wp\/v2\/product_tag?post=49565"}],"curies":[{"name":"wp","href":"https:\/\/api.w.org\/{rel}","templated":true}]}}