{"id":489,"date":"2023-03-09T17:37:16","date_gmt":"2023-03-09T16:37:16","guid":{"rendered":"http:\/\/saintbody.com\/?post_type=product&#038;p=489"},"modified":"2026-04-05T23:25:19","modified_gmt":"2026-04-05T21:25:19","slug":"body-z-dekoltem-v-brazowe","status":"publish","type":"product","link":"https:\/\/saintbody.com\/en_gb\/body-z-dekoltem-v-brazowe\/","title":{"rendered":"V-neck bodysuit in brown"},"content":{"rendered":"<p>Women's bodysuit, brown with long sleeves. The deep V-cut on the front, beautifully exposes the neckline. This bodysuit is perfect for a night out with friends or for a date &lt;3 The flair is added by the delicate cushions that create a beautiful shoulder line. Made from a blend of viscose and lycra. Double layer of knit, seamless finish, elastic threads for a comfortable fit. Fastened with delicate springs. Nickel-free.<\/p>\n<p>Product sewn in Poland from fabric produced in a Polish knitting mill.<br \/>\nThe model is 178 cm tall and wears a size S.<\/p>\n<p>Also check out our bestselling\u00a0<a href=\"https:\/\/saintbody.com\/en_gb\/kategoria\/sukienki\/\">dresses<\/a> !<br \/>\nVisit us at <a href=\"https:\/\/www.instagram.com\/saintbodyofficial\/\">instagram<\/a>.<\/p>","protected":false},"excerpt":{"rendered":"<p>Deep V-cut on the front, beautifully exposes the cleavage. The bodysuit is perfect for a night out with friends or for a date &lt;3<\/p>\n<p>The sassiness is added by delicate cushions that create a beautiful shoulder line.<\/p>\n<p>Double layer of knitwear, seamless finish, elastic threads for comfortable wear.<\/p>\n<p>Fastened with delicate springs. Nickel-free.<\/p>\n<p>Product sewn in Poland from fabric produced in a Polish knitting mill.<\/p>\n<p>Composition: 93% viscose , 7% lycra<\/p>\n<p>The model is 173 cm tall and wears size XS.<\/p>","protected":false},"featured_media":58973,"template":"","meta":[],"product_brand":[],"product_cat":[20,25,21],"product_tag":[23],"class_list":{"0":"post-489","1":"product","2":"type-product","3":"status-publish","4":"has-post-thumbnail","6":"product_cat-wszystko","7":"product_cat-bestsellers","8":"product_cat-body-damskie","9":"product_tag-body","11":"first","12":"instock","13":"taxable","14":"shipping-taxable","15":"purchasable","16":"product-type-variable","17":"has-default-attributes"},"yoast_head":"<!-- This site is optimized with the Yoast SEO plugin v27.0 - https:\/\/yoast.com\/product\/yoast-seo-wordpress\/ -->\n<title>Body damskie br\u0105zowe z d\u0142ugim r\u0119kawem - Sklep SAINTBODY<\/title>\n<meta name=\"description\" content=\"Body damskie br\u0105zowe z d\u0142ugim r\u0119kawem. G\u0142\u0119bokie wyci\u0119cie V z przodu, pi\u0119knie eksponuje dekolt. Br\u0105zowe body idealne na randk\u0119.\" \/>\n<meta name=\"robots\" content=\"index, follow, max-snippet:-1, max-image-preview:large, max-video-preview:-1\" \/>\n<link rel=\"canonical\" href=\"https:\/\/saintbody.com\/en_gb\/body-z-dekoltem-v-brazowe\/\" \/>\n<meta property=\"og:locale\" content=\"en_GB\" \/>\n<meta property=\"og:type\" content=\"article\" \/>\n<meta property=\"og:title\" content=\"Body damskie br\u0105zowe z d\u0142ugim r\u0119kawem - Sklep SAINTBODY\" \/>\n<meta property=\"og:description\" content=\"Body damskie br\u0105zowe z d\u0142ugim r\u0119kawem. G\u0142\u0119bokie wyci\u0119cie V z przodu, pi\u0119knie eksponuje dekolt. Br\u0105zowe body idealne na randk\u0119.\" \/>\n<meta property=\"og:url\" content=\"https:\/\/saintbody.com\/en_gb\/body-z-dekoltem-v-brazowe\/\" \/>\n<meta property=\"og:site_name\" content=\"Sklep SAINTBODY\" \/>\n<meta property=\"article:publisher\" content=\"https:\/\/facebook.com\/saintbody\/\" \/>\n<meta property=\"article:modified_time\" content=\"2026-04-05T21:25:19+00:00\" \/>\n<meta property=\"og:image\" content=\"https:\/\/saintbody.com\/wp-content\/uploads\/2023\/03\/DSCF1106-Edit-scaled-e1764780868778.jpg\" \/>\n\t<meta property=\"og:image:width\" content=\"1400\" \/>\n\t<meta property=\"og:image:height\" content=\"2000\" \/>\n\t<meta property=\"og:image:type\" content=\"image\/jpeg\" \/>\n<meta name=\"twitter:card\" content=\"summary_large_image\" \/>\n<meta name=\"twitter:label1\" content=\"Estimated reading time\" \/>\n\t<meta name=\"twitter:data1\" content=\"1 minute\" \/>\n<script type=\"application\/ld+json\" class=\"yoast-schema-graph\">{\"@context\":\"https:\/\/schema.org\",\"@graph\":[{\"@type\":\"WebPage\",\"@id\":\"https:\/\/saintbody.com\/body-z-dekoltem-v-brazowe\/\",\"url\":\"https:\/\/saintbody.com\/body-z-dekoltem-v-brazowe\/\",\"name\":\"Body damskie br\u0105zowe z d\u0142ugim r\u0119kawem - Sklep SAINTBODY\",\"isPartOf\":{\"@id\":\"https:\/\/saintbody.com\/#website\"},\"primaryImageOfPage\":{\"@id\":\"https:\/\/saintbody.com\/body-z-dekoltem-v-brazowe\/#primaryimage\"},\"image\":{\"@id\":\"https:\/\/saintbody.com\/body-z-dekoltem-v-brazowe\/#primaryimage\"},\"thumbnailUrl\":\"https:\/\/saintbody.com\/wp-content\/uploads\/2023\/03\/DSCF1106-Edit-scaled-e1764780868778.jpg\",\"datePublished\":\"2023-03-09T16:37:16+00:00\",\"dateModified\":\"2026-04-05T21:25:19+00:00\",\"description\":\"Body damskie br\u0105zowe z d\u0142ugim r\u0119kawem. G\u0142\u0119bokie wyci\u0119cie V z przodu, pi\u0119knie eksponuje dekolt. Br\u0105zowe body idealne na randk\u0119.\",\"breadcrumb\":{\"@id\":\"https:\/\/saintbody.com\/body-z-dekoltem-v-brazowe\/#breadcrumb\"},\"inLanguage\":\"en-GB\",\"potentialAction\":[{\"@type\":\"ReadAction\",\"target\":[\"https:\/\/saintbody.com\/body-z-dekoltem-v-brazowe\/\"]}]},{\"@type\":\"ImageObject\",\"inLanguage\":\"en-GB\",\"@id\":\"https:\/\/saintbody.com\/body-z-dekoltem-v-brazowe\/#primaryimage\",\"url\":\"https:\/\/saintbody.com\/wp-content\/uploads\/2023\/03\/DSCF1106-Edit-scaled-e1764780868778.jpg\",\"contentUrl\":\"https:\/\/saintbody.com\/wp-content\/uploads\/2023\/03\/DSCF1106-Edit-scaled-e1764780868778.jpg\",\"width\":1400,\"height\":2000},{\"@type\":\"BreadcrumbList\",\"@id\":\"https:\/\/saintbody.com\/body-z-dekoltem-v-brazowe\/#breadcrumb\",\"itemListElement\":[{\"@type\":\"ListItem\",\"position\":1,\"name\":\"Strona g\u0142\u00f3wna\",\"item\":\"https:\/\/saintbody.com\/\"},{\"@type\":\"ListItem\",\"position\":2,\"name\":\"Sklep\",\"item\":\"https:\/\/saintbody.com\/sklep\/\"},{\"@type\":\"ListItem\",\"position\":3,\"name\":\"Body z dekoltem V br\u0105zowe\"}]},{\"@type\":\"WebSite\",\"@id\":\"https:\/\/saintbody.com\/#website\",\"url\":\"https:\/\/saintbody.com\/\",\"name\":\"Sklep SAINTBODY\",\"description\":\"Premium basic na ka\u00c5\u00bcd\u00c4\u2026 okazje. Ponadczasowe Body, Odzie\u00c5\u00bc damska, Sukienki Damskie\",\"publisher\":{\"@id\":\"https:\/\/saintbody.com\/#organization\"},\"potentialAction\":[{\"@type\":\"SearchAction\",\"target\":{\"@type\":\"EntryPoint\",\"urlTemplate\":\"https:\/\/saintbody.com\/?s={search_term_string}\"},\"query-input\":{\"@type\":\"PropertyValueSpecification\",\"valueRequired\":true,\"valueName\":\"search_term_string\"}}],\"inLanguage\":\"en-GB\"},{\"@type\":\"Organization\",\"@id\":\"https:\/\/saintbody.com\/#organization\",\"name\":\"Sklep Saint Body\",\"url\":\"https:\/\/saintbody.com\/\",\"logo\":{\"@type\":\"ImageObject\",\"inLanguage\":\"en-GB\",\"@id\":\"https:\/\/saintbody.com\/#\/schema\/logo\/image\/\",\"url\":\"https:\/\/saintbody.com\/wp-content\/uploads\/2023\/04\/SaintBody_Logo_Typografia-e1691418926919.png\",\"contentUrl\":\"https:\/\/saintbody.com\/wp-content\/uploads\/2023\/04\/SaintBody_Logo_Typografia-e1691418926919.png\",\"width\":1000,\"height\":202,\"caption\":\"Sklep Saint Body\"},\"image\":{\"@id\":\"https:\/\/saintbody.com\/#\/schema\/logo\/image\/\"},\"sameAs\":[\"https:\/\/facebook.com\/saintbody\/\"]}]}<\/script>\n<!-- \/ Yoast SEO plugin. -->","yoast_head_json":{"title":"Body damskie br\u0105zowe z d\u0142ugim r\u0119kawem - Sklep SAINTBODY","description":"Body damskie br\u0105zowe z d\u0142ugim r\u0119kawem. G\u0142\u0119bokie wyci\u0119cie V z przodu, pi\u0119knie eksponuje dekolt. Br\u0105zowe body idealne na randk\u0119.","robots":{"index":"index","follow":"follow","max-snippet":"max-snippet:-1","max-image-preview":"max-image-preview:large","max-video-preview":"max-video-preview:-1"},"canonical":"https:\/\/saintbody.com\/en_gb\/body-z-dekoltem-v-brazowe\/","og_locale":"en_GB","og_type":"article","og_title":"Body damskie br\u0105zowe z d\u0142ugim r\u0119kawem - Sklep SAINTBODY","og_description":"Body damskie br\u0105zowe z d\u0142ugim r\u0119kawem. G\u0142\u0119bokie wyci\u0119cie V z przodu, pi\u0119knie eksponuje dekolt. Br\u0105zowe body idealne na randk\u0119.","og_url":"https:\/\/saintbody.com\/en_gb\/body-z-dekoltem-v-brazowe\/","og_site_name":"Sklep SAINTBODY","article_publisher":"https:\/\/facebook.com\/saintbody\/","article_modified_time":"2026-04-05T21:25:19+00:00","og_image":[{"width":1400,"height":2000,"url":"https:\/\/saintbody.com\/wp-content\/uploads\/2023\/03\/DSCF1106-Edit-scaled-e1764780868778.jpg","type":"image\/jpeg"}],"twitter_card":"summary_large_image","twitter_misc":{"Estimated reading time":"1 minute"},"schema":{"@context":"https:\/\/schema.org","@graph":[{"@type":"WebPage","@id":"https:\/\/saintbody.com\/body-z-dekoltem-v-brazowe\/","url":"https:\/\/saintbody.com\/body-z-dekoltem-v-brazowe\/","name":"Body damskie br\u0105zowe z d\u0142ugim r\u0119kawem - Sklep SAINTBODY","isPartOf":{"@id":"https:\/\/saintbody.com\/#website"},"primaryImageOfPage":{"@id":"https:\/\/saintbody.com\/body-z-dekoltem-v-brazowe\/#primaryimage"},"image":{"@id":"https:\/\/saintbody.com\/body-z-dekoltem-v-brazowe\/#primaryimage"},"thumbnailUrl":"https:\/\/saintbody.com\/wp-content\/uploads\/2023\/03\/DSCF1106-Edit-scaled-e1764780868778.jpg","datePublished":"2023-03-09T16:37:16+00:00","dateModified":"2026-04-05T21:25:19+00:00","description":"Body damskie br\u0105zowe z d\u0142ugim r\u0119kawem. G\u0142\u0119bokie wyci\u0119cie V z przodu, pi\u0119knie eksponuje dekolt. Br\u0105zowe body idealne na randk\u0119.","breadcrumb":{"@id":"https:\/\/saintbody.com\/body-z-dekoltem-v-brazowe\/#breadcrumb"},"inLanguage":"en-GB","potentialAction":[{"@type":"ReadAction","target":["https:\/\/saintbody.com\/body-z-dekoltem-v-brazowe\/"]}]},{"@type":"ImageObject","inLanguage":"en-GB","@id":"https:\/\/saintbody.com\/body-z-dekoltem-v-brazowe\/#primaryimage","url":"https:\/\/saintbody.com\/wp-content\/uploads\/2023\/03\/DSCF1106-Edit-scaled-e1764780868778.jpg","contentUrl":"https:\/\/saintbody.com\/wp-content\/uploads\/2023\/03\/DSCF1106-Edit-scaled-e1764780868778.jpg","width":1400,"height":2000},{"@type":"BreadcrumbList","@id":"https:\/\/saintbody.com\/body-z-dekoltem-v-brazowe\/#breadcrumb","itemListElement":[{"@type":"ListItem","position":1,"name":"Strona g\u0142\u00f3wna","item":"https:\/\/saintbody.com\/"},{"@type":"ListItem","position":2,"name":"Sklep","item":"https:\/\/saintbody.com\/sklep\/"},{"@type":"ListItem","position":3,"name":"Body z dekoltem V br\u0105zowe"}]},{"@type":"WebSite","@id":"https:\/\/saintbody.com\/#website","url":"https:\/\/saintbody.com\/","name":"Sklep SAINTBODY","description":"Premium basic na ka\u00c5\u00bcd\u00c4\u2026 okazje. Ponadczasowe Body, Odzie\u00c5\u00bc damska, Sukienki Damskie","publisher":{"@id":"https:\/\/saintbody.com\/#organization"},"potentialAction":[{"@type":"SearchAction","target":{"@type":"EntryPoint","urlTemplate":"https:\/\/saintbody.com\/?s={search_term_string}"},"query-input":{"@type":"PropertyValueSpecification","valueRequired":true,"valueName":"search_term_string"}}],"inLanguage":"en-GB"},{"@type":"Organization","@id":"https:\/\/saintbody.com\/#organization","name":"Sklep Saint Body","url":"https:\/\/saintbody.com\/","logo":{"@type":"ImageObject","inLanguage":"en-GB","@id":"https:\/\/saintbody.com\/#\/schema\/logo\/image\/","url":"https:\/\/saintbody.com\/wp-content\/uploads\/2023\/04\/SaintBody_Logo_Typografia-e1691418926919.png","contentUrl":"https:\/\/saintbody.com\/wp-content\/uploads\/2023\/04\/SaintBody_Logo_Typografia-e1691418926919.png","width":1000,"height":202,"caption":"Sklep Saint Body"},"image":{"@id":"https:\/\/saintbody.com\/#\/schema\/logo\/image\/"},"sameAs":["https:\/\/facebook.com\/saintbody\/"]}]}},"_links":{"self":[{"href":"https:\/\/saintbody.com\/en_gb\/wp-json\/wp\/v2\/product\/489","targetHints":{"allow":["GET"]}}],"collection":[{"href":"https:\/\/saintbody.com\/en_gb\/wp-json\/wp\/v2\/product"}],"about":[{"href":"https:\/\/saintbody.com\/en_gb\/wp-json\/wp\/v2\/types\/product"}],"wp:featuredmedia":[{"embeddable":true,"href":"https:\/\/saintbody.com\/en_gb\/wp-json\/wp\/v2\/media\/58973"}],"wp:attachment":[{"href":"https:\/\/saintbody.com\/en_gb\/wp-json\/wp\/v2\/media?parent=489"}],"wp:term":[{"taxonomy":"product_brand","embeddable":true,"href":"https:\/\/saintbody.com\/en_gb\/wp-json\/wp\/v2\/product_brand?post=489"},{"taxonomy":"product_cat","embeddable":true,"href":"https:\/\/saintbody.com\/en_gb\/wp-json\/wp\/v2\/product_cat?post=489"},{"taxonomy":"product_tag","embeddable":true,"href":"https:\/\/saintbody.com\/en_gb\/wp-json\/wp\/v2\/product_tag?post=489"}],"curies":[{"name":"wp","href":"https:\/\/api.w.org\/{rel}","templated":true}]}}