{"id":47429,"date":"2024-02-12T15:02:23","date_gmt":"2024-02-12T14:02:23","guid":{"rendered":"https:\/\/saintbody.com\/?post_type=product&#038;p=47429"},"modified":"2025-11-25T11:44:39","modified_gmt":"2025-11-25T10:44:39","slug":"sukienka-mini-bardot-czarna","status":"publish","type":"product","link":"https:\/\/saintbody.com\/en_gb\/sukienka-mini-bardot-czarna\/","title":{"rendered":"Mini bardot dress black"},"content":{"rendered":"<p>Phenomenal black mini dress with sensuously falling straps. Designed in such a way that it does not slip off the silhouette and fits perfectly with a bardot bra. Delicate and very feminine, it is wonderful for all kinds of events. It will also certainly work as an everyday outfit. All carefully crafted from jumper knit. Premium finish.<\/p>","protected":false},"excerpt":{"rendered":"<p>Phenomenal black mini dress with sensuously falling straps. Designed in such a way that it does not slip off the silhouette and fits perfectly with a bardot bra. Delicate and very feminine, it is wonderful for all kinds of events. It will also certainly work as an everyday outfit. All carefully crafted from jumper knit. Premium finish.<\/p>","protected":false},"featured_media":47430,"template":"","meta":[],"product_brand":[],"product_cat":[20],"product_tag":[27],"class_list":{"0":"post-47429","1":"product","2":"type-product","3":"status-publish","4":"has-post-thumbnail","6":"product_cat-wszystko","7":"product_tag-sukienki","9":"first","10":"outofstock","11":"sale","12":"taxable","13":"shipping-taxable","14":"purchasable","15":"product-type-variable"},"yoast_head":"<!-- This site is optimized with the Yoast SEO plugin v27.0 - https:\/\/yoast.com\/product\/yoast-seo-wordpress\/ -->\n<title>Sukienka mini bardot czarna - Sklep SAINTBODY<\/title>\n<meta name=\"description\" content=\"Zjawiskowa czarna sukienka mini ze zmys\u0142owo opadaj\u0105cymi rami\u0105czkami. Zaprojektowana tak aby nie zsuwa\u0142a si\u0119 z sylwetki\" \/>\n<meta name=\"robots\" content=\"index, follow, max-snippet:-1, max-image-preview:large, max-video-preview:-1\" \/>\n<link rel=\"canonical\" href=\"https:\/\/saintbody.com\/en_gb\/sukienka-mini-bardot-czarna\/\" \/>\n<meta property=\"og:locale\" content=\"en_GB\" \/>\n<meta property=\"og:type\" content=\"article\" \/>\n<meta property=\"og:title\" content=\"Sukienka mini bardot czarna - Sklep SAINTBODY\" \/>\n<meta property=\"og:description\" content=\"Zjawiskowa czarna sukienka mini ze zmys\u0142owo opadaj\u0105cymi rami\u0105czkami. Zaprojektowana tak aby nie zsuwa\u0142a si\u0119 z sylwetki\" \/>\n<meta property=\"og:url\" content=\"https:\/\/saintbody.com\/en_gb\/sukienka-mini-bardot-czarna\/\" \/>\n<meta property=\"og:site_name\" content=\"Sklep SAINTBODY\" \/>\n<meta property=\"article:publisher\" content=\"https:\/\/facebook.com\/saintbody\/\" \/>\n<meta property=\"article:modified_time\" content=\"2025-11-25T10:44:39+00:00\" \/>\n<meta property=\"og:image\" content=\"https:\/\/saintbody.com\/wp-content\/uploads\/2024\/02\/Sesja-bez-nazwy1323-1.jpg\" \/>\n\t<meta property=\"og:image:width\" content=\"1000\" \/>\n\t<meta property=\"og:image:height\" content=\"1500\" \/>\n\t<meta property=\"og:image:type\" content=\"image\/jpeg\" \/>\n<meta name=\"twitter:card\" content=\"summary_large_image\" \/>\n<meta name=\"twitter:label1\" content=\"Estimated reading time\" \/>\n\t<meta name=\"twitter:data1\" content=\"1 minute\" \/>\n<script type=\"application\/ld+json\" class=\"yoast-schema-graph\">{\"@context\":\"https:\/\/schema.org\",\"@graph\":[{\"@type\":\"WebPage\",\"@id\":\"https:\/\/saintbody.com\/sukienka-mini-bardot-czarna\/\",\"url\":\"https:\/\/saintbody.com\/sukienka-mini-bardot-czarna\/\",\"name\":\"Sukienka mini bardot czarna - Sklep SAINTBODY\",\"isPartOf\":{\"@id\":\"https:\/\/saintbody.com\/#website\"},\"primaryImageOfPage\":{\"@id\":\"https:\/\/saintbody.com\/sukienka-mini-bardot-czarna\/#primaryimage\"},\"image\":{\"@id\":\"https:\/\/saintbody.com\/sukienka-mini-bardot-czarna\/#primaryimage\"},\"thumbnailUrl\":\"https:\/\/saintbody.com\/wp-content\/uploads\/2024\/02\/Sesja-bez-nazwy1323-1.jpg\",\"datePublished\":\"2024-02-12T14:02:23+00:00\",\"dateModified\":\"2025-11-25T10:44:39+00:00\",\"description\":\"Zjawiskowa czarna sukienka mini ze zmys\u0142owo opadaj\u0105cymi rami\u0105czkami. Zaprojektowana tak aby nie zsuwa\u0142a si\u0119 z sylwetki\",\"breadcrumb\":{\"@id\":\"https:\/\/saintbody.com\/sukienka-mini-bardot-czarna\/#breadcrumb\"},\"inLanguage\":\"en-GB\",\"potentialAction\":[{\"@type\":\"ReadAction\",\"target\":[\"https:\/\/saintbody.com\/sukienka-mini-bardot-czarna\/\"]}]},{\"@type\":\"ImageObject\",\"inLanguage\":\"en-GB\",\"@id\":\"https:\/\/saintbody.com\/sukienka-mini-bardot-czarna\/#primaryimage\",\"url\":\"https:\/\/saintbody.com\/wp-content\/uploads\/2024\/02\/Sesja-bez-nazwy1323-1.jpg\",\"contentUrl\":\"https:\/\/saintbody.com\/wp-content\/uploads\/2024\/02\/Sesja-bez-nazwy1323-1.jpg\",\"width\":1000,\"height\":1500,\"caption\":\"Sukienka mini z odkrytymi ramionami czarna\"},{\"@type\":\"BreadcrumbList\",\"@id\":\"https:\/\/saintbody.com\/sukienka-mini-bardot-czarna\/#breadcrumb\",\"itemListElement\":[{\"@type\":\"ListItem\",\"position\":1,\"name\":\"Strona g\u0142\u00f3wna\",\"item\":\"https:\/\/saintbody.com\/\"},{\"@type\":\"ListItem\",\"position\":2,\"name\":\"Sklep\",\"item\":\"https:\/\/saintbody.com\/sklep\/\"},{\"@type\":\"ListItem\",\"position\":3,\"name\":\"Sukienka mini bardot czarna\"}]},{\"@type\":\"WebSite\",\"@id\":\"https:\/\/saintbody.com\/#website\",\"url\":\"https:\/\/saintbody.com\/\",\"name\":\"Sklep SAINTBODY\",\"description\":\"Premium basic na ka\u00c5\u00bcd\u00c4\u2026 okazje. Ponadczasowe Body, Odzie\u00c5\u00bc damska, Sukienki Damskie\",\"publisher\":{\"@id\":\"https:\/\/saintbody.com\/#organization\"},\"potentialAction\":[{\"@type\":\"SearchAction\",\"target\":{\"@type\":\"EntryPoint\",\"urlTemplate\":\"https:\/\/saintbody.com\/?s={search_term_string}\"},\"query-input\":{\"@type\":\"PropertyValueSpecification\",\"valueRequired\":true,\"valueName\":\"search_term_string\"}}],\"inLanguage\":\"en-GB\"},{\"@type\":\"Organization\",\"@id\":\"https:\/\/saintbody.com\/#organization\",\"name\":\"Sklep Saint Body\",\"url\":\"https:\/\/saintbody.com\/\",\"logo\":{\"@type\":\"ImageObject\",\"inLanguage\":\"en-GB\",\"@id\":\"https:\/\/saintbody.com\/#\/schema\/logo\/image\/\",\"url\":\"https:\/\/saintbody.com\/wp-content\/uploads\/2023\/04\/SaintBody_Logo_Typografia-e1691418926919.png\",\"contentUrl\":\"https:\/\/saintbody.com\/wp-content\/uploads\/2023\/04\/SaintBody_Logo_Typografia-e1691418926919.png\",\"width\":1000,\"height\":202,\"caption\":\"Sklep Saint Body\"},\"image\":{\"@id\":\"https:\/\/saintbody.com\/#\/schema\/logo\/image\/\"},\"sameAs\":[\"https:\/\/facebook.com\/saintbody\/\"]}]}<\/script>\n<!-- \/ Yoast SEO plugin. -->","yoast_head_json":{"title":"Sukienka mini bardot czarna - Sklep SAINTBODY","description":"Zjawiskowa czarna sukienka mini ze zmys\u0142owo opadaj\u0105cymi rami\u0105czkami. Zaprojektowana tak aby nie zsuwa\u0142a si\u0119 z sylwetki","robots":{"index":"index","follow":"follow","max-snippet":"max-snippet:-1","max-image-preview":"max-image-preview:large","max-video-preview":"max-video-preview:-1"},"canonical":"https:\/\/saintbody.com\/en_gb\/sukienka-mini-bardot-czarna\/","og_locale":"en_GB","og_type":"article","og_title":"Sukienka mini bardot czarna - Sklep SAINTBODY","og_description":"Zjawiskowa czarna sukienka mini ze zmys\u0142owo opadaj\u0105cymi rami\u0105czkami. Zaprojektowana tak aby nie zsuwa\u0142a si\u0119 z sylwetki","og_url":"https:\/\/saintbody.com\/en_gb\/sukienka-mini-bardot-czarna\/","og_site_name":"Sklep SAINTBODY","article_publisher":"https:\/\/facebook.com\/saintbody\/","article_modified_time":"2025-11-25T10:44:39+00:00","og_image":[{"width":1000,"height":1500,"url":"https:\/\/saintbody.com\/wp-content\/uploads\/2024\/02\/Sesja-bez-nazwy1323-1.jpg","type":"image\/jpeg"}],"twitter_card":"summary_large_image","twitter_misc":{"Estimated reading time":"1 minute"},"schema":{"@context":"https:\/\/schema.org","@graph":[{"@type":"WebPage","@id":"https:\/\/saintbody.com\/sukienka-mini-bardot-czarna\/","url":"https:\/\/saintbody.com\/sukienka-mini-bardot-czarna\/","name":"Sukienka mini bardot czarna - Sklep SAINTBODY","isPartOf":{"@id":"https:\/\/saintbody.com\/#website"},"primaryImageOfPage":{"@id":"https:\/\/saintbody.com\/sukienka-mini-bardot-czarna\/#primaryimage"},"image":{"@id":"https:\/\/saintbody.com\/sukienka-mini-bardot-czarna\/#primaryimage"},"thumbnailUrl":"https:\/\/saintbody.com\/wp-content\/uploads\/2024\/02\/Sesja-bez-nazwy1323-1.jpg","datePublished":"2024-02-12T14:02:23+00:00","dateModified":"2025-11-25T10:44:39+00:00","description":"Zjawiskowa czarna sukienka mini ze zmys\u0142owo opadaj\u0105cymi rami\u0105czkami. Zaprojektowana tak aby nie zsuwa\u0142a si\u0119 z sylwetki","breadcrumb":{"@id":"https:\/\/saintbody.com\/sukienka-mini-bardot-czarna\/#breadcrumb"},"inLanguage":"en-GB","potentialAction":[{"@type":"ReadAction","target":["https:\/\/saintbody.com\/sukienka-mini-bardot-czarna\/"]}]},{"@type":"ImageObject","inLanguage":"en-GB","@id":"https:\/\/saintbody.com\/sukienka-mini-bardot-czarna\/#primaryimage","url":"https:\/\/saintbody.com\/wp-content\/uploads\/2024\/02\/Sesja-bez-nazwy1323-1.jpg","contentUrl":"https:\/\/saintbody.com\/wp-content\/uploads\/2024\/02\/Sesja-bez-nazwy1323-1.jpg","width":1000,"height":1500,"caption":"Sukienka mini z odkrytymi ramionami czarna"},{"@type":"BreadcrumbList","@id":"https:\/\/saintbody.com\/sukienka-mini-bardot-czarna\/#breadcrumb","itemListElement":[{"@type":"ListItem","position":1,"name":"Strona g\u0142\u00f3wna","item":"https:\/\/saintbody.com\/"},{"@type":"ListItem","position":2,"name":"Sklep","item":"https:\/\/saintbody.com\/sklep\/"},{"@type":"ListItem","position":3,"name":"Sukienka mini bardot czarna"}]},{"@type":"WebSite","@id":"https:\/\/saintbody.com\/#website","url":"https:\/\/saintbody.com\/","name":"Sklep SAINTBODY","description":"Premium basic na ka\u00c5\u00bcd\u00c4\u2026 okazje. Ponadczasowe Body, Odzie\u00c5\u00bc damska, Sukienki Damskie","publisher":{"@id":"https:\/\/saintbody.com\/#organization"},"potentialAction":[{"@type":"SearchAction","target":{"@type":"EntryPoint","urlTemplate":"https:\/\/saintbody.com\/?s={search_term_string}"},"query-input":{"@type":"PropertyValueSpecification","valueRequired":true,"valueName":"search_term_string"}}],"inLanguage":"en-GB"},{"@type":"Organization","@id":"https:\/\/saintbody.com\/#organization","name":"Sklep Saint Body","url":"https:\/\/saintbody.com\/","logo":{"@type":"ImageObject","inLanguage":"en-GB","@id":"https:\/\/saintbody.com\/#\/schema\/logo\/image\/","url":"https:\/\/saintbody.com\/wp-content\/uploads\/2023\/04\/SaintBody_Logo_Typografia-e1691418926919.png","contentUrl":"https:\/\/saintbody.com\/wp-content\/uploads\/2023\/04\/SaintBody_Logo_Typografia-e1691418926919.png","width":1000,"height":202,"caption":"Sklep Saint Body"},"image":{"@id":"https:\/\/saintbody.com\/#\/schema\/logo\/image\/"},"sameAs":["https:\/\/facebook.com\/saintbody\/"]}]}},"_links":{"self":[{"href":"https:\/\/saintbody.com\/en_gb\/wp-json\/wp\/v2\/product\/47429","targetHints":{"allow":["GET"]}}],"collection":[{"href":"https:\/\/saintbody.com\/en_gb\/wp-json\/wp\/v2\/product"}],"about":[{"href":"https:\/\/saintbody.com\/en_gb\/wp-json\/wp\/v2\/types\/product"}],"wp:featuredmedia":[{"embeddable":true,"href":"https:\/\/saintbody.com\/en_gb\/wp-json\/wp\/v2\/media\/47430"}],"wp:attachment":[{"href":"https:\/\/saintbody.com\/en_gb\/wp-json\/wp\/v2\/media?parent=47429"}],"wp:term":[{"taxonomy":"product_brand","embeddable":true,"href":"https:\/\/saintbody.com\/en_gb\/wp-json\/wp\/v2\/product_brand?post=47429"},{"taxonomy":"product_cat","embeddable":true,"href":"https:\/\/saintbody.com\/en_gb\/wp-json\/wp\/v2\/product_cat?post=47429"},{"taxonomy":"product_tag","embeddable":true,"href":"https:\/\/saintbody.com\/en_gb\/wp-json\/wp\/v2\/product_tag?post=47429"}],"curies":[{"name":"wp","href":"https:\/\/api.w.org\/{rel}","templated":true}]}}