{"id":47185,"date":"2024-02-02T10:06:27","date_gmt":"2024-02-02T09:06:27","guid":{"rendered":"https:\/\/saintbody.com\/?post_type=product&#038;p=47185"},"modified":"2026-03-12T12:05:45","modified_gmt":"2026-03-12T11:05:45","slug":"kombinezon-na-cienkich-ramiaczkach-czarny","status":"publish","type":"product","link":"https:\/\/saintbody.com\/en_gb\/kombinezon-na-cienkich-ramiaczkach-czarny\/","title":{"rendered":"Thin-strapped jumpsuit black"},"content":{"rendered":"<p>Incredibly practical yet extremely comfortable black thin-strapped jumpsuit, designed as a versatile base for many outfits. The minimalist form benefits from a deeply exposed back and a U-shaped neckline that subtly exposes the silhouette. The perfectly fitted cut emphasises the waist and beautifully accentuates the buttocks, shaping the figure and ensuring all-day comfort. It is a timeless wardrobe piece that will work for everyday, elegant and even sporty outfits.<\/p>\n<p>Product sewn in Poland from high-quality fabric.<\/p>\n<p>Also check out our bestselling\u00a0<a href=\"https:\/\/saintbody.com\/en_gb\/kategoria\/body\/\">body<\/a> !<br \/>\nVisit us at <a href=\"https:\/\/www.instagram.com\/saintbodyofficial\/\">instagram<\/a>.<\/p>","protected":false},"excerpt":{"rendered":"<p>Niesamowicie praktyczny, a jednocze\u015bnie wyj\u0105tkowo wygodny czarny kombinezon na cienkich rami\u0105czkach, zaprojektowany jako uniwersalna baza do wielu stylizacji. Minimalistyczna forma zyskuje dzi\u0119ki g\u0142\u0119boko ods\u0142oni\u0119tym plecom oraz dekoltowi wyci\u0119temu w kszta\u0142t litery U, kt\u00f3re subtelnie eksponuj\u0105 sylwetk\u0119. Perfekcyjnie dopasowany kr\u00f3j podkre\u015bla tali\u0119 i pi\u0119knie uwydatnia po\u015bladki, modeluj\u0105c figur\u0119 i zapewniaj\u0105c komfort noszenia przez ca\u0142y dzie\u0144. To [&hellip;]<\/p>","protected":false},"featured_media":47260,"template":"","meta":[],"product_brand":[],"product_cat":[20,35],"product_tag":[23],"class_list":{"0":"post-47185","1":"product","2":"type-product","3":"status-publish","4":"has-post-thumbnail","6":"product_cat-wszystko","7":"product_cat-spodnie","8":"product_tag-body","10":"first","11":"outofstock","12":"taxable","13":"shipping-taxable","14":"purchasable","15":"product-type-variable"},"yoast_head":"<!-- This site is optimized with the Yoast SEO plugin v27.0 - https:\/\/yoast.com\/product\/yoast-seo-wordpress\/ -->\n<title>Kombinezon na cienkich rami\u0105czkach czarny - Sklep SAINTBODY<\/title>\n<meta name=\"description\" content=\"Niesamowicie praktyczny, czarny kombinezon na cienkich rami\u0105czkach, uniwersalna baza do wielu stylizacji, zapewnia komfort noszenia przez ca\u0142y dzie\u0144\" \/>\n<meta name=\"robots\" content=\"index, follow, max-snippet:-1, max-image-preview:large, max-video-preview:-1\" \/>\n<link rel=\"canonical\" href=\"https:\/\/saintbody.com\/en_gb\/kombinezon-na-cienkich-ramiaczkach-czarny\/\" \/>\n<meta property=\"og:locale\" content=\"en_GB\" \/>\n<meta property=\"og:type\" content=\"article\" \/>\n<meta property=\"og:title\" content=\"Kombinezon na cienkich rami\u0105czkach czarny - Sklep SAINTBODY\" \/>\n<meta property=\"og:description\" content=\"Niesamowicie praktyczny, czarny kombinezon na cienkich rami\u0105czkach, uniwersalna baza do wielu stylizacji, zapewnia komfort noszenia przez ca\u0142y dzie\u0144\" \/>\n<meta property=\"og:url\" content=\"https:\/\/saintbody.com\/en_gb\/kombinezon-na-cienkich-ramiaczkach-czarny\/\" \/>\n<meta property=\"og:site_name\" content=\"Sklep SAINTBODY\" \/>\n<meta property=\"article:publisher\" content=\"https:\/\/facebook.com\/saintbody\/\" \/>\n<meta property=\"article:modified_time\" content=\"2026-03-12T11:05:45+00:00\" \/>\n<meta property=\"og:image\" content=\"https:\/\/saintbody.com\/wp-content\/uploads\/2024\/02\/Sesja-bez-nazwy1303.jpg\" \/>\n\t<meta property=\"og:image:width\" content=\"1001\" \/>\n\t<meta property=\"og:image:height\" content=\"1500\" \/>\n\t<meta property=\"og:image:type\" content=\"image\/jpeg\" \/>\n<meta name=\"twitter:card\" content=\"summary_large_image\" \/>\n<meta name=\"twitter:label1\" content=\"Estimated reading time\" \/>\n\t<meta name=\"twitter:data1\" content=\"1 minute\" \/>\n<script type=\"application\/ld+json\" class=\"yoast-schema-graph\">{\"@context\":\"https:\/\/schema.org\",\"@graph\":[{\"@type\":\"WebPage\",\"@id\":\"https:\/\/saintbody.com\/kombinezon-na-cienkich-ramiaczkach-czarny\/\",\"url\":\"https:\/\/saintbody.com\/kombinezon-na-cienkich-ramiaczkach-czarny\/\",\"name\":\"Kombinezon na cienkich rami\u0105czkach czarny - Sklep SAINTBODY\",\"isPartOf\":{\"@id\":\"https:\/\/saintbody.com\/#website\"},\"primaryImageOfPage\":{\"@id\":\"https:\/\/saintbody.com\/kombinezon-na-cienkich-ramiaczkach-czarny\/#primaryimage\"},\"image\":{\"@id\":\"https:\/\/saintbody.com\/kombinezon-na-cienkich-ramiaczkach-czarny\/#primaryimage\"},\"thumbnailUrl\":\"https:\/\/saintbody.com\/wp-content\/uploads\/2024\/02\/Sesja-bez-nazwy1303.jpg\",\"datePublished\":\"2024-02-02T09:06:27+00:00\",\"dateModified\":\"2026-03-12T11:05:45+00:00\",\"description\":\"Niesamowicie praktyczny, czarny kombinezon na cienkich rami\u0105czkach, uniwersalna baza do wielu stylizacji, zapewnia komfort noszenia przez ca\u0142y dzie\u0144\",\"breadcrumb\":{\"@id\":\"https:\/\/saintbody.com\/kombinezon-na-cienkich-ramiaczkach-czarny\/#breadcrumb\"},\"inLanguage\":\"en-GB\",\"potentialAction\":[{\"@type\":\"ReadAction\",\"target\":[\"https:\/\/saintbody.com\/kombinezon-na-cienkich-ramiaczkach-czarny\/\"]}]},{\"@type\":\"ImageObject\",\"inLanguage\":\"en-GB\",\"@id\":\"https:\/\/saintbody.com\/kombinezon-na-cienkich-ramiaczkach-czarny\/#primaryimage\",\"url\":\"https:\/\/saintbody.com\/wp-content\/uploads\/2024\/02\/Sesja-bez-nazwy1303.jpg\",\"contentUrl\":\"https:\/\/saintbody.com\/wp-content\/uploads\/2024\/02\/Sesja-bez-nazwy1303.jpg\",\"width\":1001,\"height\":1500,\"caption\":\"Kombinezon na cienkich rami\u0105czkach czarny\"},{\"@type\":\"BreadcrumbList\",\"@id\":\"https:\/\/saintbody.com\/kombinezon-na-cienkich-ramiaczkach-czarny\/#breadcrumb\",\"itemListElement\":[{\"@type\":\"ListItem\",\"position\":1,\"name\":\"Strona g\u0142\u00f3wna\",\"item\":\"https:\/\/saintbody.com\/\"},{\"@type\":\"ListItem\",\"position\":2,\"name\":\"Sklep\",\"item\":\"https:\/\/saintbody.com\/sklep\/\"},{\"@type\":\"ListItem\",\"position\":3,\"name\":\"Kombinezon na cienkich rami\u0105czkach czarny\"}]},{\"@type\":\"WebSite\",\"@id\":\"https:\/\/saintbody.com\/#website\",\"url\":\"https:\/\/saintbody.com\/\",\"name\":\"Sklep SAINTBODY\",\"description\":\"Premium basic na ka\u00c5\u00bcd\u00c4\u2026 okazje. Ponadczasowe Body, Odzie\u00c5\u00bc damska, Sukienki Damskie\",\"publisher\":{\"@id\":\"https:\/\/saintbody.com\/#organization\"},\"potentialAction\":[{\"@type\":\"SearchAction\",\"target\":{\"@type\":\"EntryPoint\",\"urlTemplate\":\"https:\/\/saintbody.com\/?s={search_term_string}\"},\"query-input\":{\"@type\":\"PropertyValueSpecification\",\"valueRequired\":true,\"valueName\":\"search_term_string\"}}],\"inLanguage\":\"en-GB\"},{\"@type\":\"Organization\",\"@id\":\"https:\/\/saintbody.com\/#organization\",\"name\":\"Sklep Saint Body\",\"url\":\"https:\/\/saintbody.com\/\",\"logo\":{\"@type\":\"ImageObject\",\"inLanguage\":\"en-GB\",\"@id\":\"https:\/\/saintbody.com\/#\/schema\/logo\/image\/\",\"url\":\"https:\/\/saintbody.com\/wp-content\/uploads\/2023\/04\/SaintBody_Logo_Typografia-e1691418926919.png\",\"contentUrl\":\"https:\/\/saintbody.com\/wp-content\/uploads\/2023\/04\/SaintBody_Logo_Typografia-e1691418926919.png\",\"width\":1000,\"height\":202,\"caption\":\"Sklep Saint Body\"},\"image\":{\"@id\":\"https:\/\/saintbody.com\/#\/schema\/logo\/image\/\"},\"sameAs\":[\"https:\/\/facebook.com\/saintbody\/\"]}]}<\/script>\n<!-- \/ Yoast SEO plugin. -->","yoast_head_json":{"title":"Kombinezon na cienkich rami\u0105czkach czarny - Sklep SAINTBODY","description":"Niesamowicie praktyczny, czarny kombinezon na cienkich rami\u0105czkach, uniwersalna baza do wielu stylizacji, zapewnia komfort noszenia przez ca\u0142y dzie\u0144","robots":{"index":"index","follow":"follow","max-snippet":"max-snippet:-1","max-image-preview":"max-image-preview:large","max-video-preview":"max-video-preview:-1"},"canonical":"https:\/\/saintbody.com\/en_gb\/kombinezon-na-cienkich-ramiaczkach-czarny\/","og_locale":"en_GB","og_type":"article","og_title":"Kombinezon na cienkich rami\u0105czkach czarny - Sklep SAINTBODY","og_description":"Niesamowicie praktyczny, czarny kombinezon na cienkich rami\u0105czkach, uniwersalna baza do wielu stylizacji, zapewnia komfort noszenia przez ca\u0142y dzie\u0144","og_url":"https:\/\/saintbody.com\/en_gb\/kombinezon-na-cienkich-ramiaczkach-czarny\/","og_site_name":"Sklep SAINTBODY","article_publisher":"https:\/\/facebook.com\/saintbody\/","article_modified_time":"2026-03-12T11:05:45+00:00","og_image":[{"width":1001,"height":1500,"url":"https:\/\/saintbody.com\/wp-content\/uploads\/2024\/02\/Sesja-bez-nazwy1303.jpg","type":"image\/jpeg"}],"twitter_card":"summary_large_image","twitter_misc":{"Estimated reading time":"1 minute"},"schema":{"@context":"https:\/\/schema.org","@graph":[{"@type":"WebPage","@id":"https:\/\/saintbody.com\/kombinezon-na-cienkich-ramiaczkach-czarny\/","url":"https:\/\/saintbody.com\/kombinezon-na-cienkich-ramiaczkach-czarny\/","name":"Kombinezon na cienkich rami\u0105czkach czarny - Sklep SAINTBODY","isPartOf":{"@id":"https:\/\/saintbody.com\/#website"},"primaryImageOfPage":{"@id":"https:\/\/saintbody.com\/kombinezon-na-cienkich-ramiaczkach-czarny\/#primaryimage"},"image":{"@id":"https:\/\/saintbody.com\/kombinezon-na-cienkich-ramiaczkach-czarny\/#primaryimage"},"thumbnailUrl":"https:\/\/saintbody.com\/wp-content\/uploads\/2024\/02\/Sesja-bez-nazwy1303.jpg","datePublished":"2024-02-02T09:06:27+00:00","dateModified":"2026-03-12T11:05:45+00:00","description":"Niesamowicie praktyczny, czarny kombinezon na cienkich rami\u0105czkach, uniwersalna baza do wielu stylizacji, zapewnia komfort noszenia przez ca\u0142y dzie\u0144","breadcrumb":{"@id":"https:\/\/saintbody.com\/kombinezon-na-cienkich-ramiaczkach-czarny\/#breadcrumb"},"inLanguage":"en-GB","potentialAction":[{"@type":"ReadAction","target":["https:\/\/saintbody.com\/kombinezon-na-cienkich-ramiaczkach-czarny\/"]}]},{"@type":"ImageObject","inLanguage":"en-GB","@id":"https:\/\/saintbody.com\/kombinezon-na-cienkich-ramiaczkach-czarny\/#primaryimage","url":"https:\/\/saintbody.com\/wp-content\/uploads\/2024\/02\/Sesja-bez-nazwy1303.jpg","contentUrl":"https:\/\/saintbody.com\/wp-content\/uploads\/2024\/02\/Sesja-bez-nazwy1303.jpg","width":1001,"height":1500,"caption":"Kombinezon na cienkich rami\u0105czkach czarny"},{"@type":"BreadcrumbList","@id":"https:\/\/saintbody.com\/kombinezon-na-cienkich-ramiaczkach-czarny\/#breadcrumb","itemListElement":[{"@type":"ListItem","position":1,"name":"Strona g\u0142\u00f3wna","item":"https:\/\/saintbody.com\/"},{"@type":"ListItem","position":2,"name":"Sklep","item":"https:\/\/saintbody.com\/sklep\/"},{"@type":"ListItem","position":3,"name":"Kombinezon na cienkich rami\u0105czkach czarny"}]},{"@type":"WebSite","@id":"https:\/\/saintbody.com\/#website","url":"https:\/\/saintbody.com\/","name":"Sklep SAINTBODY","description":"Premium basic na ka\u00c5\u00bcd\u00c4\u2026 okazje. Ponadczasowe Body, Odzie\u00c5\u00bc damska, Sukienki Damskie","publisher":{"@id":"https:\/\/saintbody.com\/#organization"},"potentialAction":[{"@type":"SearchAction","target":{"@type":"EntryPoint","urlTemplate":"https:\/\/saintbody.com\/?s={search_term_string}"},"query-input":{"@type":"PropertyValueSpecification","valueRequired":true,"valueName":"search_term_string"}}],"inLanguage":"en-GB"},{"@type":"Organization","@id":"https:\/\/saintbody.com\/#organization","name":"Sklep Saint Body","url":"https:\/\/saintbody.com\/","logo":{"@type":"ImageObject","inLanguage":"en-GB","@id":"https:\/\/saintbody.com\/#\/schema\/logo\/image\/","url":"https:\/\/saintbody.com\/wp-content\/uploads\/2023\/04\/SaintBody_Logo_Typografia-e1691418926919.png","contentUrl":"https:\/\/saintbody.com\/wp-content\/uploads\/2023\/04\/SaintBody_Logo_Typografia-e1691418926919.png","width":1000,"height":202,"caption":"Sklep Saint Body"},"image":{"@id":"https:\/\/saintbody.com\/#\/schema\/logo\/image\/"},"sameAs":["https:\/\/facebook.com\/saintbody\/"]}]}},"_links":{"self":[{"href":"https:\/\/saintbody.com\/en_gb\/wp-json\/wp\/v2\/product\/47185","targetHints":{"allow":["GET"]}}],"collection":[{"href":"https:\/\/saintbody.com\/en_gb\/wp-json\/wp\/v2\/product"}],"about":[{"href":"https:\/\/saintbody.com\/en_gb\/wp-json\/wp\/v2\/types\/product"}],"wp:featuredmedia":[{"embeddable":true,"href":"https:\/\/saintbody.com\/en_gb\/wp-json\/wp\/v2\/media\/47260"}],"wp:attachment":[{"href":"https:\/\/saintbody.com\/en_gb\/wp-json\/wp\/v2\/media?parent=47185"}],"wp:term":[{"taxonomy":"product_brand","embeddable":true,"href":"https:\/\/saintbody.com\/en_gb\/wp-json\/wp\/v2\/product_brand?post=47185"},{"taxonomy":"product_cat","embeddable":true,"href":"https:\/\/saintbody.com\/en_gb\/wp-json\/wp\/v2\/product_cat?post=47185"},{"taxonomy":"product_tag","embeddable":true,"href":"https:\/\/saintbody.com\/en_gb\/wp-json\/wp\/v2\/product_tag?post=47185"}],"curies":[{"name":"wp","href":"https:\/\/api.w.org\/{rel}","templated":true}]}}