{"id":47165,"date":"2024-02-02T09:45:33","date_gmt":"2024-02-02T08:45:33","guid":{"rendered":"https:\/\/saintbody.com\/?post_type=product&#038;p=47165"},"modified":"2026-03-26T13:30:58","modified_gmt":"2026-03-26T12:30:58","slug":"body-z-okraglym-dekoltem-blekitne","status":"publish","type":"product","link":"https:\/\/saintbody.com\/en_gb\/body-z-okraglym-dekoltem-blekitne\/","title":{"rendered":"Body with round neckline blue"},"content":{"rendered":"<p>Extremely comfortable bodysuit with a wide U-shaped neckline and short sleeves. Ideal for everyday styling with jeans or in the evening with elegant trousers. Double layer of fabric, seamless finish, elastic threads ensure comfort of wear. Fastened with delicate springs. Nickel-free.<\/p>\n<p>Product sewn in Poland from fabric produced in a Polish knitting mill.<\/p>\n<p>Also check out our bestselling\u00a0<a href=\"https:\/\/saintbody.com\/en_gb\/kategoria\/body\/\">body<\/a> !<br \/>\nVisit us at <a href=\"https:\/\/www.instagram.com\/saintbodyofficial\/\">instagram<\/a>.<\/p>","protected":false},"excerpt":{"rendered":"<p>A delicate bodysuit from the new collection that beautifully exposes the shoulders. Made from a double layer of fabric, with seamless trims. Elastic threads ensure a comfortable fit.<\/p>\n<p>Composition: 93% viscose, 7% elastane<br \/>\nThe model is 173 cm tall and wears size XS.<\/p>\n<p>Also check out our bestselling\u00a0<a href=\"https:\/\/saintbody.com\/en_gb\/kategoria\/body\/\">body<\/a> !<br \/>\nVisit us at <a href=\"https:\/\/www.instagram.com\/saintbodyofficial\/\">instagram<\/a>.<\/p>","protected":false},"featured_media":47171,"template":"","meta":[],"product_brand":[],"product_cat":[20,21,183],"product_tag":[23],"class_list":{"0":"post-47165","1":"product","2":"type-product","3":"status-publish","4":"has-post-thumbnail","6":"product_cat-wszystko","7":"product_cat-body-damskie","8":"product_cat-sale","9":"product_tag-body","11":"first","12":"instock","13":"sale","14":"taxable","15":"shipping-taxable","16":"purchasable","17":"product-type-variable"},"yoast_head":"<!-- This site is optimized with the Yoast SEO plugin v27.0 - https:\/\/yoast.com\/product\/yoast-seo-wordpress\/ -->\n<title>Body z okr\u0105g\u0142ym dekoltem b\u0142\u0119kitne - Sklep SAINTBODY<\/title>\n<meta name=\"description\" content=\"Niezwykle wygodne body z szerokim dekoltem w kszta\u0142cie litery U i kr\u00f3tkim r\u0119kawkiem. Idealne w codziennej stylizacji do jeans\u00f3w...\" \/>\n<meta name=\"robots\" content=\"index, follow, max-snippet:-1, max-image-preview:large, max-video-preview:-1\" \/>\n<link rel=\"canonical\" href=\"https:\/\/saintbody.com\/en_gb\/body-z-okraglym-dekoltem-blekitne\/\" \/>\n<meta property=\"og:locale\" content=\"en_GB\" \/>\n<meta property=\"og:type\" content=\"article\" \/>\n<meta property=\"og:title\" content=\"Body z okr\u0105g\u0142ym dekoltem b\u0142\u0119kitne - Sklep SAINTBODY\" \/>\n<meta property=\"og:description\" content=\"Niezwykle wygodne body z szerokim dekoltem w kszta\u0142cie litery U i kr\u00f3tkim r\u0119kawkiem. Idealne w codziennej stylizacji do jeans\u00f3w...\" \/>\n<meta property=\"og:url\" content=\"https:\/\/saintbody.com\/en_gb\/body-z-okraglym-dekoltem-blekitne\/\" \/>\n<meta property=\"og:site_name\" content=\"Sklep SAINTBODY\" \/>\n<meta property=\"article:publisher\" content=\"https:\/\/facebook.com\/saintbody\/\" \/>\n<meta property=\"article:modified_time\" content=\"2026-03-26T12:30:58+00:00\" \/>\n<meta property=\"og:image\" content=\"https:\/\/saintbody.com\/wp-content\/uploads\/2024\/02\/SB_1029-1.jpg\" \/>\n\t<meta property=\"og:image:width\" content=\"1001\" \/>\n\t<meta property=\"og:image:height\" content=\"1500\" \/>\n\t<meta property=\"og:image:type\" content=\"image\/jpeg\" \/>\n<meta name=\"twitter:card\" content=\"summary_large_image\" \/>\n<meta name=\"twitter:label1\" content=\"Estimated reading time\" \/>\n\t<meta name=\"twitter:data1\" content=\"1 minute\" \/>\n<script type=\"application\/ld+json\" class=\"yoast-schema-graph\">{\"@context\":\"https:\/\/schema.org\",\"@graph\":[{\"@type\":\"WebPage\",\"@id\":\"https:\/\/saintbody.com\/body-z-okraglym-dekoltem-blekitne\/\",\"url\":\"https:\/\/saintbody.com\/body-z-okraglym-dekoltem-blekitne\/\",\"name\":\"Body z okr\u0105g\u0142ym dekoltem b\u0142\u0119kitne - Sklep SAINTBODY\",\"isPartOf\":{\"@id\":\"https:\/\/saintbody.com\/#website\"},\"primaryImageOfPage\":{\"@id\":\"https:\/\/saintbody.com\/body-z-okraglym-dekoltem-blekitne\/#primaryimage\"},\"image\":{\"@id\":\"https:\/\/saintbody.com\/body-z-okraglym-dekoltem-blekitne\/#primaryimage\"},\"thumbnailUrl\":\"https:\/\/saintbody.com\/wp-content\/uploads\/2024\/02\/SB_1029-1.jpg\",\"datePublished\":\"2024-02-02T08:45:33+00:00\",\"dateModified\":\"2026-03-26T12:30:58+00:00\",\"description\":\"Niezwykle wygodne body z szerokim dekoltem w kszta\u0142cie litery U i kr\u00f3tkim r\u0119kawkiem. Idealne w codziennej stylizacji do jeans\u00f3w...\",\"breadcrumb\":{\"@id\":\"https:\/\/saintbody.com\/body-z-okraglym-dekoltem-blekitne\/#breadcrumb\"},\"inLanguage\":\"en-GB\",\"potentialAction\":[{\"@type\":\"ReadAction\",\"target\":[\"https:\/\/saintbody.com\/body-z-okraglym-dekoltem-blekitne\/\"]}]},{\"@type\":\"ImageObject\",\"inLanguage\":\"en-GB\",\"@id\":\"https:\/\/saintbody.com\/body-z-okraglym-dekoltem-blekitne\/#primaryimage\",\"url\":\"https:\/\/saintbody.com\/wp-content\/uploads\/2024\/02\/SB_1029-1.jpg\",\"contentUrl\":\"https:\/\/saintbody.com\/wp-content\/uploads\/2024\/02\/SB_1029-1.jpg\",\"width\":1001,\"height\":1500,\"caption\":\"Body z okr\u0105g\u0142ym dekoltem b\u0142\u0119kitne\"},{\"@type\":\"BreadcrumbList\",\"@id\":\"https:\/\/saintbody.com\/body-z-okraglym-dekoltem-blekitne\/#breadcrumb\",\"itemListElement\":[{\"@type\":\"ListItem\",\"position\":1,\"name\":\"Strona g\u0142\u00f3wna\",\"item\":\"https:\/\/saintbody.com\/\"},{\"@type\":\"ListItem\",\"position\":2,\"name\":\"Sklep\",\"item\":\"https:\/\/saintbody.com\/sklep\/\"},{\"@type\":\"ListItem\",\"position\":3,\"name\":\"Body z okr\u0105g\u0142ym dekoltem b\u0142\u0119kitne\"}]},{\"@type\":\"WebSite\",\"@id\":\"https:\/\/saintbody.com\/#website\",\"url\":\"https:\/\/saintbody.com\/\",\"name\":\"Sklep SAINTBODY\",\"description\":\"Premium basic na ka\u00c5\u00bcd\u00c4\u2026 okazje. Ponadczasowe Body, Odzie\u00c5\u00bc damska, Sukienki Damskie\",\"publisher\":{\"@id\":\"https:\/\/saintbody.com\/#organization\"},\"potentialAction\":[{\"@type\":\"SearchAction\",\"target\":{\"@type\":\"EntryPoint\",\"urlTemplate\":\"https:\/\/saintbody.com\/?s={search_term_string}\"},\"query-input\":{\"@type\":\"PropertyValueSpecification\",\"valueRequired\":true,\"valueName\":\"search_term_string\"}}],\"inLanguage\":\"en-GB\"},{\"@type\":\"Organization\",\"@id\":\"https:\/\/saintbody.com\/#organization\",\"name\":\"Sklep Saint Body\",\"url\":\"https:\/\/saintbody.com\/\",\"logo\":{\"@type\":\"ImageObject\",\"inLanguage\":\"en-GB\",\"@id\":\"https:\/\/saintbody.com\/#\/schema\/logo\/image\/\",\"url\":\"https:\/\/saintbody.com\/wp-content\/uploads\/2023\/04\/SaintBody_Logo_Typografia-e1691418926919.png\",\"contentUrl\":\"https:\/\/saintbody.com\/wp-content\/uploads\/2023\/04\/SaintBody_Logo_Typografia-e1691418926919.png\",\"width\":1000,\"height\":202,\"caption\":\"Sklep Saint Body\"},\"image\":{\"@id\":\"https:\/\/saintbody.com\/#\/schema\/logo\/image\/\"},\"sameAs\":[\"https:\/\/facebook.com\/saintbody\/\"]}]}<\/script>\n<!-- \/ Yoast SEO plugin. -->","yoast_head_json":{"title":"Body z okr\u0105g\u0142ym dekoltem b\u0142\u0119kitne - Sklep SAINTBODY","description":"Niezwykle wygodne body z szerokim dekoltem w kszta\u0142cie litery U i kr\u00f3tkim r\u0119kawkiem. Idealne w codziennej stylizacji do jeans\u00f3w...","robots":{"index":"index","follow":"follow","max-snippet":"max-snippet:-1","max-image-preview":"max-image-preview:large","max-video-preview":"max-video-preview:-1"},"canonical":"https:\/\/saintbody.com\/en_gb\/body-z-okraglym-dekoltem-blekitne\/","og_locale":"en_GB","og_type":"article","og_title":"Body z okr\u0105g\u0142ym dekoltem b\u0142\u0119kitne - Sklep SAINTBODY","og_description":"Niezwykle wygodne body z szerokim dekoltem w kszta\u0142cie litery U i kr\u00f3tkim r\u0119kawkiem. Idealne w codziennej stylizacji do jeans\u00f3w...","og_url":"https:\/\/saintbody.com\/en_gb\/body-z-okraglym-dekoltem-blekitne\/","og_site_name":"Sklep SAINTBODY","article_publisher":"https:\/\/facebook.com\/saintbody\/","article_modified_time":"2026-03-26T12:30:58+00:00","og_image":[{"width":1001,"height":1500,"url":"https:\/\/saintbody.com\/wp-content\/uploads\/2024\/02\/SB_1029-1.jpg","type":"image\/jpeg"}],"twitter_card":"summary_large_image","twitter_misc":{"Estimated reading time":"1 minute"},"schema":{"@context":"https:\/\/schema.org","@graph":[{"@type":"WebPage","@id":"https:\/\/saintbody.com\/body-z-okraglym-dekoltem-blekitne\/","url":"https:\/\/saintbody.com\/body-z-okraglym-dekoltem-blekitne\/","name":"Body z okr\u0105g\u0142ym dekoltem b\u0142\u0119kitne - Sklep SAINTBODY","isPartOf":{"@id":"https:\/\/saintbody.com\/#website"},"primaryImageOfPage":{"@id":"https:\/\/saintbody.com\/body-z-okraglym-dekoltem-blekitne\/#primaryimage"},"image":{"@id":"https:\/\/saintbody.com\/body-z-okraglym-dekoltem-blekitne\/#primaryimage"},"thumbnailUrl":"https:\/\/saintbody.com\/wp-content\/uploads\/2024\/02\/SB_1029-1.jpg","datePublished":"2024-02-02T08:45:33+00:00","dateModified":"2026-03-26T12:30:58+00:00","description":"Niezwykle wygodne body z szerokim dekoltem w kszta\u0142cie litery U i kr\u00f3tkim r\u0119kawkiem. Idealne w codziennej stylizacji do jeans\u00f3w...","breadcrumb":{"@id":"https:\/\/saintbody.com\/body-z-okraglym-dekoltem-blekitne\/#breadcrumb"},"inLanguage":"en-GB","potentialAction":[{"@type":"ReadAction","target":["https:\/\/saintbody.com\/body-z-okraglym-dekoltem-blekitne\/"]}]},{"@type":"ImageObject","inLanguage":"en-GB","@id":"https:\/\/saintbody.com\/body-z-okraglym-dekoltem-blekitne\/#primaryimage","url":"https:\/\/saintbody.com\/wp-content\/uploads\/2024\/02\/SB_1029-1.jpg","contentUrl":"https:\/\/saintbody.com\/wp-content\/uploads\/2024\/02\/SB_1029-1.jpg","width":1001,"height":1500,"caption":"Body z okr\u0105g\u0142ym dekoltem b\u0142\u0119kitne"},{"@type":"BreadcrumbList","@id":"https:\/\/saintbody.com\/body-z-okraglym-dekoltem-blekitne\/#breadcrumb","itemListElement":[{"@type":"ListItem","position":1,"name":"Strona g\u0142\u00f3wna","item":"https:\/\/saintbody.com\/"},{"@type":"ListItem","position":2,"name":"Sklep","item":"https:\/\/saintbody.com\/sklep\/"},{"@type":"ListItem","position":3,"name":"Body z okr\u0105g\u0142ym dekoltem b\u0142\u0119kitne"}]},{"@type":"WebSite","@id":"https:\/\/saintbody.com\/#website","url":"https:\/\/saintbody.com\/","name":"Sklep SAINTBODY","description":"Premium basic na ka\u00c5\u00bcd\u00c4\u2026 okazje. Ponadczasowe Body, Odzie\u00c5\u00bc damska, Sukienki Damskie","publisher":{"@id":"https:\/\/saintbody.com\/#organization"},"potentialAction":[{"@type":"SearchAction","target":{"@type":"EntryPoint","urlTemplate":"https:\/\/saintbody.com\/?s={search_term_string}"},"query-input":{"@type":"PropertyValueSpecification","valueRequired":true,"valueName":"search_term_string"}}],"inLanguage":"en-GB"},{"@type":"Organization","@id":"https:\/\/saintbody.com\/#organization","name":"Sklep Saint Body","url":"https:\/\/saintbody.com\/","logo":{"@type":"ImageObject","inLanguage":"en-GB","@id":"https:\/\/saintbody.com\/#\/schema\/logo\/image\/","url":"https:\/\/saintbody.com\/wp-content\/uploads\/2023\/04\/SaintBody_Logo_Typografia-e1691418926919.png","contentUrl":"https:\/\/saintbody.com\/wp-content\/uploads\/2023\/04\/SaintBody_Logo_Typografia-e1691418926919.png","width":1000,"height":202,"caption":"Sklep Saint Body"},"image":{"@id":"https:\/\/saintbody.com\/#\/schema\/logo\/image\/"},"sameAs":["https:\/\/facebook.com\/saintbody\/"]}]}},"_links":{"self":[{"href":"https:\/\/saintbody.com\/en_gb\/wp-json\/wp\/v2\/product\/47165","targetHints":{"allow":["GET"]}}],"collection":[{"href":"https:\/\/saintbody.com\/en_gb\/wp-json\/wp\/v2\/product"}],"about":[{"href":"https:\/\/saintbody.com\/en_gb\/wp-json\/wp\/v2\/types\/product"}],"wp:featuredmedia":[{"embeddable":true,"href":"https:\/\/saintbody.com\/en_gb\/wp-json\/wp\/v2\/media\/47171"}],"wp:attachment":[{"href":"https:\/\/saintbody.com\/en_gb\/wp-json\/wp\/v2\/media?parent=47165"}],"wp:term":[{"taxonomy":"product_brand","embeddable":true,"href":"https:\/\/saintbody.com\/en_gb\/wp-json\/wp\/v2\/product_brand?post=47165"},{"taxonomy":"product_cat","embeddable":true,"href":"https:\/\/saintbody.com\/en_gb\/wp-json\/wp\/v2\/product_cat?post=47165"},{"taxonomy":"product_tag","embeddable":true,"href":"https:\/\/saintbody.com\/en_gb\/wp-json\/wp\/v2\/product_tag?post=47165"}],"curies":[{"name":"wp","href":"https:\/\/api.w.org\/{rel}","templated":true}]}}