{"id":45032,"date":"2023-12-05T17:20:44","date_gmt":"2023-12-05T16:20:44","guid":{"rendered":"https:\/\/saintbody.com\/?post_type=product&#038;p=45032"},"modified":"2025-09-06T17:35:29","modified_gmt":"2025-09-06T15:35:29","slug":"dluga-spodnica-satynowa-czarna","status":"publish","type":"product","link":"https:\/\/saintbody.com\/en_gb\/dluga-spodnica-satynowa-czarna\/","title":{"rendered":"Long satin skirt black"},"content":{"rendered":"<p>A satin, incredibly sexy skirt with a flared bottom. Top quality yarn in classic black. The skirt has a satin finish and a covered zipper Through its beautiful mermaid shape it adds sex appeal and enhances feminine charm. It pairs perfectly with bodysuits in a variety of colours.<\/p>\n<p>At Saint Body, we use certified knitted fabrics from local and European suppliers.<br \/>\nThe model is 178 cm tall and wears size S<\/p>\n<p>Also check out our bestselling\u00a0<a href=\"https:\/\/saintbody.com\/en_gb\/kategoria\/body\/\">body<\/a> !<br \/>\nVisit us at <a href=\"https:\/\/www.instagram.com\/saintbodyofficial\/\">instagram<\/a>.<\/p>","protected":false},"excerpt":{"rendered":"<p>A satin, incredibly sexy skirt with a flared bottom. Top quality yarn in classic black. The skirt has a satin finish and a covered zipper Through its beautiful mermaid shape it adds sex appeal and enhances feminine charm. It pairs perfectly with bodysuits in a variety of colours. At Saint Body we use certified knits from local suppliers. The model in the picture is 178 cm tall [...].<\/p>","protected":false},"featured_media":45164,"template":"","meta":[],"product_brand":[],"product_cat":[45,20],"product_tag":[46],"class_list":{"0":"post-45032","1":"product","2":"type-product","3":"status-publish","4":"has-post-thumbnail","6":"product_cat-spodnice","7":"product_cat-wszystko","8":"product_tag-spodnice","10":"first","11":"outofstock","12":"taxable","13":"shipping-taxable","14":"purchasable","15":"product-type-variable"},"yoast_head":"<!-- This site is optimized with the Yoast SEO plugin v27.0 - https:\/\/yoast.com\/product\/yoast-seo-wordpress\/ -->\n<title>D\u0142uga sp\u00f3dnica satynowa czarna - Sklep SAINTBODY<\/title>\n<meta name=\"description\" content=\"At\u0142asowa, niesamowicie seksowna sp\u00f3dnica rozkloszowana do\u0142em. Najwy\u017csza jako\u015b\u0107 prz\u0119dzy w kolorze klasycznej czerni.\" \/>\n<meta name=\"robots\" content=\"index, follow, max-snippet:-1, max-image-preview:large, max-video-preview:-1\" \/>\n<link rel=\"canonical\" href=\"https:\/\/saintbody.com\/en_gb\/dluga-spodnica-satynowa-czarna\/\" \/>\n<meta property=\"og:locale\" content=\"en_GB\" \/>\n<meta property=\"og:type\" content=\"article\" \/>\n<meta property=\"og:title\" content=\"D\u0142uga sp\u00f3dnica satynowa czarna - Sklep SAINTBODY\" \/>\n<meta property=\"og:description\" content=\"At\u0142asowa, niesamowicie seksowna sp\u00f3dnica rozkloszowana do\u0142em. Najwy\u017csza jako\u015b\u0107 prz\u0119dzy w kolorze klasycznej czerni.\" \/>\n<meta property=\"og:url\" content=\"https:\/\/saintbody.com\/en_gb\/dluga-spodnica-satynowa-czarna\/\" \/>\n<meta property=\"og:site_name\" content=\"Sklep SAINTBODY\" \/>\n<meta property=\"article:publisher\" content=\"https:\/\/facebook.com\/saintbody\/\" \/>\n<meta property=\"article:modified_time\" content=\"2025-09-06T15:35:29+00:00\" \/>\n<meta property=\"og:image\" content=\"http:\/\/saintbody.com\/wp-content\/uploads\/2023\/12\/sb15522.jpg\" \/>\n\t<meta property=\"og:image:width\" content=\"1000\" \/>\n\t<meta property=\"og:image:height\" content=\"1500\" \/>\n\t<meta property=\"og:image:type\" content=\"image\/jpeg\" \/>\n<meta name=\"twitter:card\" content=\"summary_large_image\" \/>\n<meta name=\"twitter:label1\" content=\"Estimated reading time\" \/>\n\t<meta name=\"twitter:data1\" content=\"1 minute\" \/>\n<script type=\"application\/ld+json\" class=\"yoast-schema-graph\">{\"@context\":\"https:\/\/schema.org\",\"@graph\":[{\"@type\":\"WebPage\",\"@id\":\"https:\/\/saintbody.com\/dluga-spodnica-satynowa-czarna\/\",\"url\":\"https:\/\/saintbody.com\/dluga-spodnica-satynowa-czarna\/\",\"name\":\"D\u0142uga sp\u00f3dnica satynowa czarna - Sklep SAINTBODY\",\"isPartOf\":{\"@id\":\"https:\/\/saintbody.com\/#website\"},\"primaryImageOfPage\":{\"@id\":\"https:\/\/saintbody.com\/dluga-spodnica-satynowa-czarna\/#primaryimage\"},\"image\":{\"@id\":\"https:\/\/saintbody.com\/dluga-spodnica-satynowa-czarna\/#primaryimage\"},\"thumbnailUrl\":\"https:\/\/saintbody.com\/wp-content\/uploads\/2023\/12\/sb15522.jpg\",\"datePublished\":\"2023-12-05T16:20:44+00:00\",\"dateModified\":\"2025-09-06T15:35:29+00:00\",\"description\":\"At\u0142asowa, niesamowicie seksowna sp\u00f3dnica rozkloszowana do\u0142em. Najwy\u017csza jako\u015b\u0107 prz\u0119dzy w kolorze klasycznej czerni.\",\"breadcrumb\":{\"@id\":\"https:\/\/saintbody.com\/dluga-spodnica-satynowa-czarna\/#breadcrumb\"},\"inLanguage\":\"en-GB\",\"potentialAction\":[{\"@type\":\"ReadAction\",\"target\":[\"https:\/\/saintbody.com\/dluga-spodnica-satynowa-czarna\/\"]}]},{\"@type\":\"ImageObject\",\"inLanguage\":\"en-GB\",\"@id\":\"https:\/\/saintbody.com\/dluga-spodnica-satynowa-czarna\/#primaryimage\",\"url\":\"https:\/\/saintbody.com\/wp-content\/uploads\/2023\/12\/sb15522.jpg\",\"contentUrl\":\"https:\/\/saintbody.com\/wp-content\/uploads\/2023\/12\/sb15522.jpg\",\"width\":1000,\"height\":1500,\"caption\":\"D\u0142uga sp\u00f3dnica satynowa czarna\"},{\"@type\":\"BreadcrumbList\",\"@id\":\"https:\/\/saintbody.com\/dluga-spodnica-satynowa-czarna\/#breadcrumb\",\"itemListElement\":[{\"@type\":\"ListItem\",\"position\":1,\"name\":\"Strona g\u0142\u00f3wna\",\"item\":\"https:\/\/saintbody.com\/\"},{\"@type\":\"ListItem\",\"position\":2,\"name\":\"Sklep\",\"item\":\"https:\/\/saintbody.com\/sklep\/\"},{\"@type\":\"ListItem\",\"position\":3,\"name\":\"D\u0142uga sp\u00f3dnica satynowa czarna\"}]},{\"@type\":\"WebSite\",\"@id\":\"https:\/\/saintbody.com\/#website\",\"url\":\"https:\/\/saintbody.com\/\",\"name\":\"Sklep SAINTBODY\",\"description\":\"Premium basic na ka\u00c5\u00bcd\u00c4\u2026 okazje. Ponadczasowe Body, Odzie\u00c5\u00bc damska, Sukienki Damskie\",\"publisher\":{\"@id\":\"https:\/\/saintbody.com\/#organization\"},\"potentialAction\":[{\"@type\":\"SearchAction\",\"target\":{\"@type\":\"EntryPoint\",\"urlTemplate\":\"https:\/\/saintbody.com\/?s={search_term_string}\"},\"query-input\":{\"@type\":\"PropertyValueSpecification\",\"valueRequired\":true,\"valueName\":\"search_term_string\"}}],\"inLanguage\":\"en-GB\"},{\"@type\":\"Organization\",\"@id\":\"https:\/\/saintbody.com\/#organization\",\"name\":\"Sklep Saint Body\",\"url\":\"https:\/\/saintbody.com\/\",\"logo\":{\"@type\":\"ImageObject\",\"inLanguage\":\"en-GB\",\"@id\":\"https:\/\/saintbody.com\/#\/schema\/logo\/image\/\",\"url\":\"https:\/\/saintbody.com\/wp-content\/uploads\/2023\/04\/SaintBody_Logo_Typografia-e1691418926919.png\",\"contentUrl\":\"https:\/\/saintbody.com\/wp-content\/uploads\/2023\/04\/SaintBody_Logo_Typografia-e1691418926919.png\",\"width\":1000,\"height\":202,\"caption\":\"Sklep Saint Body\"},\"image\":{\"@id\":\"https:\/\/saintbody.com\/#\/schema\/logo\/image\/\"},\"sameAs\":[\"https:\/\/facebook.com\/saintbody\/\"]}]}<\/script>\n<!-- \/ Yoast SEO plugin. -->","yoast_head_json":{"title":"D\u0142uga sp\u00f3dnica satynowa czarna - Sklep SAINTBODY","description":"At\u0142asowa, niesamowicie seksowna sp\u00f3dnica rozkloszowana do\u0142em. Najwy\u017csza jako\u015b\u0107 prz\u0119dzy w kolorze klasycznej czerni.","robots":{"index":"index","follow":"follow","max-snippet":"max-snippet:-1","max-image-preview":"max-image-preview:large","max-video-preview":"max-video-preview:-1"},"canonical":"https:\/\/saintbody.com\/en_gb\/dluga-spodnica-satynowa-czarna\/","og_locale":"en_GB","og_type":"article","og_title":"D\u0142uga sp\u00f3dnica satynowa czarna - Sklep SAINTBODY","og_description":"At\u0142asowa, niesamowicie seksowna sp\u00f3dnica rozkloszowana do\u0142em. Najwy\u017csza jako\u015b\u0107 prz\u0119dzy w kolorze klasycznej czerni.","og_url":"https:\/\/saintbody.com\/en_gb\/dluga-spodnica-satynowa-czarna\/","og_site_name":"Sklep SAINTBODY","article_publisher":"https:\/\/facebook.com\/saintbody\/","article_modified_time":"2025-09-06T15:35:29+00:00","og_image":[{"width":1000,"height":1500,"url":"http:\/\/saintbody.com\/wp-content\/uploads\/2023\/12\/sb15522.jpg","type":"image\/jpeg"}],"twitter_card":"summary_large_image","twitter_misc":{"Estimated reading time":"1 minute"},"schema":{"@context":"https:\/\/schema.org","@graph":[{"@type":"WebPage","@id":"https:\/\/saintbody.com\/dluga-spodnica-satynowa-czarna\/","url":"https:\/\/saintbody.com\/dluga-spodnica-satynowa-czarna\/","name":"D\u0142uga sp\u00f3dnica satynowa czarna - Sklep SAINTBODY","isPartOf":{"@id":"https:\/\/saintbody.com\/#website"},"primaryImageOfPage":{"@id":"https:\/\/saintbody.com\/dluga-spodnica-satynowa-czarna\/#primaryimage"},"image":{"@id":"https:\/\/saintbody.com\/dluga-spodnica-satynowa-czarna\/#primaryimage"},"thumbnailUrl":"https:\/\/saintbody.com\/wp-content\/uploads\/2023\/12\/sb15522.jpg","datePublished":"2023-12-05T16:20:44+00:00","dateModified":"2025-09-06T15:35:29+00:00","description":"At\u0142asowa, niesamowicie seksowna sp\u00f3dnica rozkloszowana do\u0142em. Najwy\u017csza jako\u015b\u0107 prz\u0119dzy w kolorze klasycznej czerni.","breadcrumb":{"@id":"https:\/\/saintbody.com\/dluga-spodnica-satynowa-czarna\/#breadcrumb"},"inLanguage":"en-GB","potentialAction":[{"@type":"ReadAction","target":["https:\/\/saintbody.com\/dluga-spodnica-satynowa-czarna\/"]}]},{"@type":"ImageObject","inLanguage":"en-GB","@id":"https:\/\/saintbody.com\/dluga-spodnica-satynowa-czarna\/#primaryimage","url":"https:\/\/saintbody.com\/wp-content\/uploads\/2023\/12\/sb15522.jpg","contentUrl":"https:\/\/saintbody.com\/wp-content\/uploads\/2023\/12\/sb15522.jpg","width":1000,"height":1500,"caption":"D\u0142uga sp\u00f3dnica satynowa czarna"},{"@type":"BreadcrumbList","@id":"https:\/\/saintbody.com\/dluga-spodnica-satynowa-czarna\/#breadcrumb","itemListElement":[{"@type":"ListItem","position":1,"name":"Strona g\u0142\u00f3wna","item":"https:\/\/saintbody.com\/"},{"@type":"ListItem","position":2,"name":"Sklep","item":"https:\/\/saintbody.com\/sklep\/"},{"@type":"ListItem","position":3,"name":"D\u0142uga sp\u00f3dnica satynowa czarna"}]},{"@type":"WebSite","@id":"https:\/\/saintbody.com\/#website","url":"https:\/\/saintbody.com\/","name":"Sklep SAINTBODY","description":"Premium basic na ka\u00c5\u00bcd\u00c4\u2026 okazje. Ponadczasowe Body, Odzie\u00c5\u00bc damska, Sukienki Damskie","publisher":{"@id":"https:\/\/saintbody.com\/#organization"},"potentialAction":[{"@type":"SearchAction","target":{"@type":"EntryPoint","urlTemplate":"https:\/\/saintbody.com\/?s={search_term_string}"},"query-input":{"@type":"PropertyValueSpecification","valueRequired":true,"valueName":"search_term_string"}}],"inLanguage":"en-GB"},{"@type":"Organization","@id":"https:\/\/saintbody.com\/#organization","name":"Sklep Saint Body","url":"https:\/\/saintbody.com\/","logo":{"@type":"ImageObject","inLanguage":"en-GB","@id":"https:\/\/saintbody.com\/#\/schema\/logo\/image\/","url":"https:\/\/saintbody.com\/wp-content\/uploads\/2023\/04\/SaintBody_Logo_Typografia-e1691418926919.png","contentUrl":"https:\/\/saintbody.com\/wp-content\/uploads\/2023\/04\/SaintBody_Logo_Typografia-e1691418926919.png","width":1000,"height":202,"caption":"Sklep Saint Body"},"image":{"@id":"https:\/\/saintbody.com\/#\/schema\/logo\/image\/"},"sameAs":["https:\/\/facebook.com\/saintbody\/"]}]}},"_links":{"self":[{"href":"https:\/\/saintbody.com\/en_gb\/wp-json\/wp\/v2\/product\/45032","targetHints":{"allow":["GET"]}}],"collection":[{"href":"https:\/\/saintbody.com\/en_gb\/wp-json\/wp\/v2\/product"}],"about":[{"href":"https:\/\/saintbody.com\/en_gb\/wp-json\/wp\/v2\/types\/product"}],"wp:featuredmedia":[{"embeddable":true,"href":"https:\/\/saintbody.com\/en_gb\/wp-json\/wp\/v2\/media\/45164"}],"wp:attachment":[{"href":"https:\/\/saintbody.com\/en_gb\/wp-json\/wp\/v2\/media?parent=45032"}],"wp:term":[{"taxonomy":"product_brand","embeddable":true,"href":"https:\/\/saintbody.com\/en_gb\/wp-json\/wp\/v2\/product_brand?post=45032"},{"taxonomy":"product_cat","embeddable":true,"href":"https:\/\/saintbody.com\/en_gb\/wp-json\/wp\/v2\/product_cat?post=45032"},{"taxonomy":"product_tag","embeddable":true,"href":"https:\/\/saintbody.com\/en_gb\/wp-json\/wp\/v2\/product_tag?post=45032"}],"curies":[{"name":"wp","href":"https:\/\/api.w.org\/{rel}","templated":true}]}}