{"id":43282,"date":"2023-11-04T07:53:21","date_gmt":"2023-11-04T06:53:21","guid":{"rendered":"https:\/\/saintbody.com\/?post_type=product&#038;p=43282"},"modified":"2026-04-14T13:26:37","modified_gmt":"2026-04-14T11:26:37","slug":"legginsy-z-zapietka-czarne","status":"publish","type":"product","link":"https:\/\/saintbody.com\/en_gb\/legginsy-z-zapietka-czarne\/","title":{"rendered":"Stirrup legging black"},"content":{"rendered":"<p>Black leggings with elegant heels are a sophisticated proposition combining functionality with modern design. The high waist and elastic waistband ensure a perfect fit and exceptional wearing comfort. The heels prevent the legs from rolling up, guaranteeing an impeccable look all day long. The model fastens with a discreetly concealed zip at the side seam, which emphasises the minimalist form.<\/p>\n<p>The model is 178 cm tall and wears size S<br \/>\nAt Saint Body, we use certified knitted fabrics from local and European suppliers.<\/p>\n<p>Also check out our bestselling bodies !<br \/>\nVisit us on instagram.<\/p>","protected":false},"excerpt":{"rendered":"<p>Czarne legginsy z eleganckimi zapi\u0119tkami to wyrafinowana propozycja \u0142\u0105cz\u0105ca funkcjonalno\u015b\u0107 z nowoczesnym designem. Wysoki stan oraz elastyczna guma w pasie zapewniaj\u0105 perfekcyjne dopasowanie do sylwetki i wyj\u0105tkowy komfort noszenia. Zapi\u0119tki zapobiegaj\u0105 podwijaniu nogawek, gwarantuj\u0105c nienaganny wygl\u0105d przez ca\u0142y dzie\u0144. Model zapinany na dyskretnie ukryty zamek w bocznym szwie, kt\u00f3ry podkre\u015bla minimalistyczn\u0105 form\u0119. Modelka na zdj\u0119ciu [&hellip;]<\/p>","protected":false},"featured_media":47275,"template":"","meta":[],"product_brand":[],"product_cat":[35,20],"product_tag":[36],"class_list":{"0":"post-43282","1":"product","2":"type-product","3":"status-publish","4":"has-post-thumbnail","6":"product_cat-spodnie","7":"product_cat-wszystko","8":"product_tag-spodnie","10":"first","11":"instock","12":"taxable","13":"shipping-taxable","14":"purchasable","15":"product-type-variable"},"yoast_head":"<!-- This site is optimized with the Yoast SEO plugin v27.0 - https:\/\/yoast.com\/product\/yoast-seo-wordpress\/ -->\n<title>Dopasowane legginsy z zapi\u0119tk\u0105 czarne - Sklep SAINTBODY<\/title>\n<meta name=\"description\" content=\"Czarne legginsy z eleganckimi wysoki stan oraz elastyczna guma w pasie zapewniaj\u0105 perfekcyjne dopasowanie do sylwetki i wyj\u0105tkowy komfort noszenia.\" \/>\n<meta name=\"robots\" content=\"index, follow, max-snippet:-1, max-image-preview:large, max-video-preview:-1\" \/>\n<link rel=\"canonical\" href=\"https:\/\/saintbody.com\/en_gb\/legginsy-z-zapietka-czarne\/\" \/>\n<meta property=\"og:locale\" content=\"en_GB\" \/>\n<meta property=\"og:type\" content=\"article\" \/>\n<meta property=\"og:title\" content=\"Dopasowane legginsy z zapi\u0119tk\u0105 czarne - Sklep SAINTBODY\" \/>\n<meta property=\"og:description\" content=\"Czarne legginsy z eleganckimi wysoki stan oraz elastyczna guma w pasie zapewniaj\u0105 perfekcyjne dopasowanie do sylwetki i wyj\u0105tkowy komfort noszenia.\" \/>\n<meta property=\"og:url\" content=\"https:\/\/saintbody.com\/en_gb\/legginsy-z-zapietka-czarne\/\" \/>\n<meta property=\"og:site_name\" content=\"Sklep SAINTBODY\" \/>\n<meta property=\"article:publisher\" content=\"https:\/\/facebook.com\/saintbody\/\" \/>\n<meta property=\"article:modified_time\" content=\"2026-04-14T11:26:37+00:00\" \/>\n<meta property=\"og:image\" content=\"https:\/\/saintbody.com\/wp-content\/uploads\/2023\/11\/SB_0883-1.jpg\" \/>\n\t<meta property=\"og:image:width\" content=\"1001\" \/>\n\t<meta property=\"og:image:height\" content=\"1500\" \/>\n\t<meta property=\"og:image:type\" content=\"image\/jpeg\" \/>\n<meta name=\"twitter:card\" content=\"summary_large_image\" \/>\n<meta name=\"twitter:label1\" content=\"Estimated reading time\" \/>\n\t<meta name=\"twitter:data1\" content=\"1 minute\" \/>\n<script type=\"application\/ld+json\" class=\"yoast-schema-graph\">{\"@context\":\"https:\/\/schema.org\",\"@graph\":[{\"@type\":\"WebPage\",\"@id\":\"https:\/\/saintbody.com\/legginsy-z-zapietka-czarne\/\",\"url\":\"https:\/\/saintbody.com\/legginsy-z-zapietka-czarne\/\",\"name\":\"Dopasowane legginsy z zapi\u0119tk\u0105 czarne - Sklep SAINTBODY\",\"isPartOf\":{\"@id\":\"https:\/\/saintbody.com\/#website\"},\"primaryImageOfPage\":{\"@id\":\"https:\/\/saintbody.com\/legginsy-z-zapietka-czarne\/#primaryimage\"},\"image\":{\"@id\":\"https:\/\/saintbody.com\/legginsy-z-zapietka-czarne\/#primaryimage\"},\"thumbnailUrl\":\"https:\/\/saintbody.com\/wp-content\/uploads\/2023\/11\/SB_0883-1.jpg\",\"datePublished\":\"2023-11-04T06:53:21+00:00\",\"dateModified\":\"2026-04-14T11:26:37+00:00\",\"description\":\"Czarne legginsy z eleganckimi wysoki stan oraz elastyczna guma w pasie zapewniaj\u0105 perfekcyjne dopasowanie do sylwetki i wyj\u0105tkowy komfort noszenia.\",\"breadcrumb\":{\"@id\":\"https:\/\/saintbody.com\/legginsy-z-zapietka-czarne\/#breadcrumb\"},\"inLanguage\":\"en-GB\",\"potentialAction\":[{\"@type\":\"ReadAction\",\"target\":[\"https:\/\/saintbody.com\/legginsy-z-zapietka-czarne\/\"]}]},{\"@type\":\"ImageObject\",\"inLanguage\":\"en-GB\",\"@id\":\"https:\/\/saintbody.com\/legginsy-z-zapietka-czarne\/#primaryimage\",\"url\":\"https:\/\/saintbody.com\/wp-content\/uploads\/2023\/11\/SB_0883-1.jpg\",\"contentUrl\":\"https:\/\/saintbody.com\/wp-content\/uploads\/2023\/11\/SB_0883-1.jpg\",\"width\":1001,\"height\":1500,\"caption\":\"Legginsy z zapi\u0119tk\u0105 czarne\"},{\"@type\":\"BreadcrumbList\",\"@id\":\"https:\/\/saintbody.com\/legginsy-z-zapietka-czarne\/#breadcrumb\",\"itemListElement\":[{\"@type\":\"ListItem\",\"position\":1,\"name\":\"Strona g\u0142\u00f3wna\",\"item\":\"https:\/\/saintbody.com\/\"},{\"@type\":\"ListItem\",\"position\":2,\"name\":\"Sklep\",\"item\":\"https:\/\/saintbody.com\/sklep\/\"},{\"@type\":\"ListItem\",\"position\":3,\"name\":\"Legginsy z zapi\u0119tk\u0105 czarne\"}]},{\"@type\":\"WebSite\",\"@id\":\"https:\/\/saintbody.com\/#website\",\"url\":\"https:\/\/saintbody.com\/\",\"name\":\"Sklep SAINTBODY\",\"description\":\"Premium basic na ka\u00c5\u00bcd\u00c4\u2026 okazje. Ponadczasowe Body, Odzie\u00c5\u00bc damska, Sukienki Damskie\",\"publisher\":{\"@id\":\"https:\/\/saintbody.com\/#organization\"},\"potentialAction\":[{\"@type\":\"SearchAction\",\"target\":{\"@type\":\"EntryPoint\",\"urlTemplate\":\"https:\/\/saintbody.com\/?s={search_term_string}\"},\"query-input\":{\"@type\":\"PropertyValueSpecification\",\"valueRequired\":true,\"valueName\":\"search_term_string\"}}],\"inLanguage\":\"en-GB\"},{\"@type\":\"Organization\",\"@id\":\"https:\/\/saintbody.com\/#organization\",\"name\":\"Sklep Saint Body\",\"url\":\"https:\/\/saintbody.com\/\",\"logo\":{\"@type\":\"ImageObject\",\"inLanguage\":\"en-GB\",\"@id\":\"https:\/\/saintbody.com\/#\/schema\/logo\/image\/\",\"url\":\"https:\/\/saintbody.com\/wp-content\/uploads\/2023\/04\/SaintBody_Logo_Typografia-e1691418926919.png\",\"contentUrl\":\"https:\/\/saintbody.com\/wp-content\/uploads\/2023\/04\/SaintBody_Logo_Typografia-e1691418926919.png\",\"width\":1000,\"height\":202,\"caption\":\"Sklep Saint Body\"},\"image\":{\"@id\":\"https:\/\/saintbody.com\/#\/schema\/logo\/image\/\"},\"sameAs\":[\"https:\/\/facebook.com\/saintbody\/\"]}]}<\/script>\n<!-- \/ Yoast SEO plugin. -->","yoast_head_json":{"title":"Dopasowane legginsy z zapi\u0119tk\u0105 czarne - Sklep SAINTBODY","description":"Czarne legginsy z eleganckimi wysoki stan oraz elastyczna guma w pasie zapewniaj\u0105 perfekcyjne dopasowanie do sylwetki i wyj\u0105tkowy komfort noszenia.","robots":{"index":"index","follow":"follow","max-snippet":"max-snippet:-1","max-image-preview":"max-image-preview:large","max-video-preview":"max-video-preview:-1"},"canonical":"https:\/\/saintbody.com\/en_gb\/legginsy-z-zapietka-czarne\/","og_locale":"en_GB","og_type":"article","og_title":"Dopasowane legginsy z zapi\u0119tk\u0105 czarne - Sklep SAINTBODY","og_description":"Czarne legginsy z eleganckimi wysoki stan oraz elastyczna guma w pasie zapewniaj\u0105 perfekcyjne dopasowanie do sylwetki i wyj\u0105tkowy komfort noszenia.","og_url":"https:\/\/saintbody.com\/en_gb\/legginsy-z-zapietka-czarne\/","og_site_name":"Sklep SAINTBODY","article_publisher":"https:\/\/facebook.com\/saintbody\/","article_modified_time":"2026-04-14T11:26:37+00:00","og_image":[{"width":1001,"height":1500,"url":"https:\/\/saintbody.com\/wp-content\/uploads\/2023\/11\/SB_0883-1.jpg","type":"image\/jpeg"}],"twitter_card":"summary_large_image","twitter_misc":{"Estimated reading time":"1 minute"},"schema":{"@context":"https:\/\/schema.org","@graph":[{"@type":"WebPage","@id":"https:\/\/saintbody.com\/legginsy-z-zapietka-czarne\/","url":"https:\/\/saintbody.com\/legginsy-z-zapietka-czarne\/","name":"Dopasowane legginsy z zapi\u0119tk\u0105 czarne - Sklep SAINTBODY","isPartOf":{"@id":"https:\/\/saintbody.com\/#website"},"primaryImageOfPage":{"@id":"https:\/\/saintbody.com\/legginsy-z-zapietka-czarne\/#primaryimage"},"image":{"@id":"https:\/\/saintbody.com\/legginsy-z-zapietka-czarne\/#primaryimage"},"thumbnailUrl":"https:\/\/saintbody.com\/wp-content\/uploads\/2023\/11\/SB_0883-1.jpg","datePublished":"2023-11-04T06:53:21+00:00","dateModified":"2026-04-14T11:26:37+00:00","description":"Czarne legginsy z eleganckimi wysoki stan oraz elastyczna guma w pasie zapewniaj\u0105 perfekcyjne dopasowanie do sylwetki i wyj\u0105tkowy komfort noszenia.","breadcrumb":{"@id":"https:\/\/saintbody.com\/legginsy-z-zapietka-czarne\/#breadcrumb"},"inLanguage":"en-GB","potentialAction":[{"@type":"ReadAction","target":["https:\/\/saintbody.com\/legginsy-z-zapietka-czarne\/"]}]},{"@type":"ImageObject","inLanguage":"en-GB","@id":"https:\/\/saintbody.com\/legginsy-z-zapietka-czarne\/#primaryimage","url":"https:\/\/saintbody.com\/wp-content\/uploads\/2023\/11\/SB_0883-1.jpg","contentUrl":"https:\/\/saintbody.com\/wp-content\/uploads\/2023\/11\/SB_0883-1.jpg","width":1001,"height":1500,"caption":"Legginsy z zapi\u0119tk\u0105 czarne"},{"@type":"BreadcrumbList","@id":"https:\/\/saintbody.com\/legginsy-z-zapietka-czarne\/#breadcrumb","itemListElement":[{"@type":"ListItem","position":1,"name":"Strona g\u0142\u00f3wna","item":"https:\/\/saintbody.com\/"},{"@type":"ListItem","position":2,"name":"Sklep","item":"https:\/\/saintbody.com\/sklep\/"},{"@type":"ListItem","position":3,"name":"Legginsy z zapi\u0119tk\u0105 czarne"}]},{"@type":"WebSite","@id":"https:\/\/saintbody.com\/#website","url":"https:\/\/saintbody.com\/","name":"Sklep SAINTBODY","description":"Premium basic na ka\u00c5\u00bcd\u00c4\u2026 okazje. Ponadczasowe Body, Odzie\u00c5\u00bc damska, Sukienki Damskie","publisher":{"@id":"https:\/\/saintbody.com\/#organization"},"potentialAction":[{"@type":"SearchAction","target":{"@type":"EntryPoint","urlTemplate":"https:\/\/saintbody.com\/?s={search_term_string}"},"query-input":{"@type":"PropertyValueSpecification","valueRequired":true,"valueName":"search_term_string"}}],"inLanguage":"en-GB"},{"@type":"Organization","@id":"https:\/\/saintbody.com\/#organization","name":"Sklep Saint Body","url":"https:\/\/saintbody.com\/","logo":{"@type":"ImageObject","inLanguage":"en-GB","@id":"https:\/\/saintbody.com\/#\/schema\/logo\/image\/","url":"https:\/\/saintbody.com\/wp-content\/uploads\/2023\/04\/SaintBody_Logo_Typografia-e1691418926919.png","contentUrl":"https:\/\/saintbody.com\/wp-content\/uploads\/2023\/04\/SaintBody_Logo_Typografia-e1691418926919.png","width":1000,"height":202,"caption":"Sklep Saint Body"},"image":{"@id":"https:\/\/saintbody.com\/#\/schema\/logo\/image\/"},"sameAs":["https:\/\/facebook.com\/saintbody\/"]}]}},"_links":{"self":[{"href":"https:\/\/saintbody.com\/en_gb\/wp-json\/wp\/v2\/product\/43282","targetHints":{"allow":["GET"]}}],"collection":[{"href":"https:\/\/saintbody.com\/en_gb\/wp-json\/wp\/v2\/product"}],"about":[{"href":"https:\/\/saintbody.com\/en_gb\/wp-json\/wp\/v2\/types\/product"}],"wp:featuredmedia":[{"embeddable":true,"href":"https:\/\/saintbody.com\/en_gb\/wp-json\/wp\/v2\/media\/47275"}],"wp:attachment":[{"href":"https:\/\/saintbody.com\/en_gb\/wp-json\/wp\/v2\/media?parent=43282"}],"wp:term":[{"taxonomy":"product_brand","embeddable":true,"href":"https:\/\/saintbody.com\/en_gb\/wp-json\/wp\/v2\/product_brand?post=43282"},{"taxonomy":"product_cat","embeddable":true,"href":"https:\/\/saintbody.com\/en_gb\/wp-json\/wp\/v2\/product_cat?post=43282"},{"taxonomy":"product_tag","embeddable":true,"href":"https:\/\/saintbody.com\/en_gb\/wp-json\/wp\/v2\/product_tag?post=43282"}],"curies":[{"name":"wp","href":"https:\/\/api.w.org\/{rel}","templated":true}]}}