{"id":43247,"date":"2023-11-04T07:24:27","date_gmt":"2023-11-04T06:24:27","guid":{"rendered":"https:\/\/saintbody.com\/?post_type=product&#038;p=43247"},"modified":"2024-12-02T15:32:18","modified_gmt":"2024-12-02T14:32:18","slug":"body-z-wiazaniem-na-szyje-czarne","status":"publish","type":"product","link":"https:\/\/saintbody.com\/en_gb\/body-z-wiazaniem-na-szyje-czarne\/","title":{"rendered":"Tied neck bodysuit black"},"content":{"rendered":"<p>The timeless tie-neck bodysuit is something that certainly cannot be missing from your closet. The open upper back and square neckline in the front makes this model can be worn all year round for various occasions. \nThe bodysuit is cut into a thong at the back, fastened with nickel-free snaps<\/p>\n<p>The double layer of high quality modal and seamless finish will ensure comfortable wear.<\/p>\n<p>The model is 178 cm tall and wears size S<\/p>\n<p>Also check out our bestselling\u00a0<a href=\"https:\/\/saintbody.com\/en_gb\/kategoria\/sukienki\/\">dresses<\/a> !<br \/>\nVisit us at <a href=\"https:\/\/www.instagram.com\/saintbodyofficial\/\">instagram<\/a>.<\/p>","protected":false},"excerpt":{"rendered":"<p>The timeless tie-neck bodysuit is something your wardrobe should definitely not miss. With an open upper back and square neckline at the front, this model can be worn all year round for a variety of occasions. The double layer of high quality modal and seamless finish will ensure all-day comfort. The body cut with [...]<\/p>","protected":false},"featured_media":43644,"template":"","meta":[],"product_brand":[],"product_cat":[20,21],"product_tag":[23],"class_list":{"0":"post-43247","1":"product","2":"type-product","3":"status-publish","4":"has-post-thumbnail","6":"product_cat-wszystko","7":"product_cat-body-damskie","8":"product_tag-body","10":"first","11":"outofstock","12":"taxable","13":"shipping-taxable","14":"purchasable","15":"product-type-variable","16":"has-default-attributes"},"yoast_head":"<!-- This site is optimized with the Yoast SEO plugin v27.0 - https:\/\/yoast.com\/product\/yoast-seo-wordpress\/ -->\n<title>Body z wi\u0105zaniem na szyj\u0119 czarne - Sklep SAINTBODY<\/title>\n<meta name=\"description\" content=\"Odkryta g\u00f3rna partia plec\u00f3w i kwadratowy dekolt z przodu sprawia, \u017ce ten model mo\u017ce by\u0107 noszony przez ca\u0142y rok na r\u00f3\u017cne okazje.\" \/>\n<meta name=\"robots\" content=\"index, follow, max-snippet:-1, max-image-preview:large, max-video-preview:-1\" \/>\n<link rel=\"canonical\" href=\"https:\/\/saintbody.com\/en_gb\/body-z-wiazaniem-na-szyje-czarne\/\" \/>\n<meta property=\"og:locale\" content=\"en_GB\" \/>\n<meta property=\"og:type\" content=\"article\" \/>\n<meta property=\"og:title\" content=\"Body z wi\u0105zaniem na szyj\u0119 czarne - Sklep SAINTBODY\" \/>\n<meta property=\"og:description\" content=\"Odkryta g\u00f3rna partia plec\u00f3w i kwadratowy dekolt z przodu sprawia, \u017ce ten model mo\u017ce by\u0107 noszony przez ca\u0142y rok na r\u00f3\u017cne okazje.\" \/>\n<meta property=\"og:url\" content=\"https:\/\/saintbody.com\/en_gb\/body-z-wiazaniem-na-szyje-czarne\/\" \/>\n<meta property=\"og:site_name\" content=\"Sklep SAINTBODY\" \/>\n<meta property=\"article:publisher\" content=\"https:\/\/facebook.com\/saintbody\/\" \/>\n<meta property=\"article:modified_time\" content=\"2024-12-02T14:32:18+00:00\" \/>\n<meta property=\"og:image\" content=\"https:\/\/saintbody.com\/wp-content\/uploads\/2023\/11\/sb15240-1.jpg\" \/>\n\t<meta property=\"og:image:width\" content=\"1000\" \/>\n\t<meta property=\"og:image:height\" content=\"1500\" \/>\n\t<meta property=\"og:image:type\" content=\"image\/jpeg\" \/>\n<meta name=\"twitter:card\" content=\"summary_large_image\" \/>\n<script type=\"application\/ld+json\" class=\"yoast-schema-graph\">{\"@context\":\"https:\/\/schema.org\",\"@graph\":[{\"@type\":\"WebPage\",\"@id\":\"https:\/\/saintbody.com\/body-z-wiazaniem-na-szyje-czarne\/\",\"url\":\"https:\/\/saintbody.com\/body-z-wiazaniem-na-szyje-czarne\/\",\"name\":\"Body z wi\u0105zaniem na szyj\u0119 czarne - Sklep SAINTBODY\",\"isPartOf\":{\"@id\":\"https:\/\/saintbody.com\/#website\"},\"primaryImageOfPage\":{\"@id\":\"https:\/\/saintbody.com\/body-z-wiazaniem-na-szyje-czarne\/#primaryimage\"},\"image\":{\"@id\":\"https:\/\/saintbody.com\/body-z-wiazaniem-na-szyje-czarne\/#primaryimage\"},\"thumbnailUrl\":\"https:\/\/saintbody.com\/wp-content\/uploads\/2023\/11\/sb15240-1.jpg\",\"datePublished\":\"2023-11-04T06:24:27+00:00\",\"dateModified\":\"2024-12-02T14:32:18+00:00\",\"description\":\"Odkryta g\u00f3rna partia plec\u00f3w i kwadratowy dekolt z przodu sprawia, \u017ce ten model mo\u017ce by\u0107 noszony przez ca\u0142y rok na r\u00f3\u017cne okazje.\",\"breadcrumb\":{\"@id\":\"https:\/\/saintbody.com\/body-z-wiazaniem-na-szyje-czarne\/#breadcrumb\"},\"inLanguage\":\"en-GB\",\"potentialAction\":[{\"@type\":\"ReadAction\",\"target\":[\"https:\/\/saintbody.com\/body-z-wiazaniem-na-szyje-czarne\/\"]}]},{\"@type\":\"ImageObject\",\"inLanguage\":\"en-GB\",\"@id\":\"https:\/\/saintbody.com\/body-z-wiazaniem-na-szyje-czarne\/#primaryimage\",\"url\":\"https:\/\/saintbody.com\/wp-content\/uploads\/2023\/11\/sb15240-1.jpg\",\"contentUrl\":\"https:\/\/saintbody.com\/wp-content\/uploads\/2023\/11\/sb15240-1.jpg\",\"width\":1000,\"height\":1500,\"caption\":\"Body z wi\u0105zaniem na szyj\u0119 czarne\"},{\"@type\":\"BreadcrumbList\",\"@id\":\"https:\/\/saintbody.com\/body-z-wiazaniem-na-szyje-czarne\/#breadcrumb\",\"itemListElement\":[{\"@type\":\"ListItem\",\"position\":1,\"name\":\"Strona g\u0142\u00f3wna\",\"item\":\"https:\/\/saintbody.com\/\"},{\"@type\":\"ListItem\",\"position\":2,\"name\":\"Sklep\",\"item\":\"https:\/\/saintbody.com\/sklep\/\"},{\"@type\":\"ListItem\",\"position\":3,\"name\":\"Body z wi\u0105zaniem na szyj\u0119 czarne\"}]},{\"@type\":\"WebSite\",\"@id\":\"https:\/\/saintbody.com\/#website\",\"url\":\"https:\/\/saintbody.com\/\",\"name\":\"Sklep SAINTBODY\",\"description\":\"Premium basic na ka\u00c5\u00bcd\u00c4\u2026 okazje. Ponadczasowe Body, Odzie\u00c5\u00bc damska, Sukienki Damskie\",\"publisher\":{\"@id\":\"https:\/\/saintbody.com\/#organization\"},\"potentialAction\":[{\"@type\":\"SearchAction\",\"target\":{\"@type\":\"EntryPoint\",\"urlTemplate\":\"https:\/\/saintbody.com\/?s={search_term_string}\"},\"query-input\":{\"@type\":\"PropertyValueSpecification\",\"valueRequired\":true,\"valueName\":\"search_term_string\"}}],\"inLanguage\":\"en-GB\"},{\"@type\":\"Organization\",\"@id\":\"https:\/\/saintbody.com\/#organization\",\"name\":\"Sklep Saint Body\",\"url\":\"https:\/\/saintbody.com\/\",\"logo\":{\"@type\":\"ImageObject\",\"inLanguage\":\"en-GB\",\"@id\":\"https:\/\/saintbody.com\/#\/schema\/logo\/image\/\",\"url\":\"https:\/\/saintbody.com\/wp-content\/uploads\/2023\/04\/SaintBody_Logo_Typografia-e1691418926919.png\",\"contentUrl\":\"https:\/\/saintbody.com\/wp-content\/uploads\/2023\/04\/SaintBody_Logo_Typografia-e1691418926919.png\",\"width\":1000,\"height\":202,\"caption\":\"Sklep Saint Body\"},\"image\":{\"@id\":\"https:\/\/saintbody.com\/#\/schema\/logo\/image\/\"},\"sameAs\":[\"https:\/\/facebook.com\/saintbody\/\"]}]}<\/script>\n<!-- \/ Yoast SEO plugin. -->","yoast_head_json":{"title":"Body z wi\u0105zaniem na szyj\u0119 czarne - Sklep SAINTBODY","description":"Odkryta g\u00f3rna partia plec\u00f3w i kwadratowy dekolt z przodu sprawia, \u017ce ten model mo\u017ce by\u0107 noszony przez ca\u0142y rok na r\u00f3\u017cne okazje.","robots":{"index":"index","follow":"follow","max-snippet":"max-snippet:-1","max-image-preview":"max-image-preview:large","max-video-preview":"max-video-preview:-1"},"canonical":"https:\/\/saintbody.com\/en_gb\/body-z-wiazaniem-na-szyje-czarne\/","og_locale":"en_GB","og_type":"article","og_title":"Body z wi\u0105zaniem na szyj\u0119 czarne - Sklep SAINTBODY","og_description":"Odkryta g\u00f3rna partia plec\u00f3w i kwadratowy dekolt z przodu sprawia, \u017ce ten model mo\u017ce by\u0107 noszony przez ca\u0142y rok na r\u00f3\u017cne okazje.","og_url":"https:\/\/saintbody.com\/en_gb\/body-z-wiazaniem-na-szyje-czarne\/","og_site_name":"Sklep SAINTBODY","article_publisher":"https:\/\/facebook.com\/saintbody\/","article_modified_time":"2024-12-02T14:32:18+00:00","og_image":[{"width":1000,"height":1500,"url":"https:\/\/saintbody.com\/wp-content\/uploads\/2023\/11\/sb15240-1.jpg","type":"image\/jpeg"}],"twitter_card":"summary_large_image","schema":{"@context":"https:\/\/schema.org","@graph":[{"@type":"WebPage","@id":"https:\/\/saintbody.com\/body-z-wiazaniem-na-szyje-czarne\/","url":"https:\/\/saintbody.com\/body-z-wiazaniem-na-szyje-czarne\/","name":"Body z wi\u0105zaniem na szyj\u0119 czarne - Sklep SAINTBODY","isPartOf":{"@id":"https:\/\/saintbody.com\/#website"},"primaryImageOfPage":{"@id":"https:\/\/saintbody.com\/body-z-wiazaniem-na-szyje-czarne\/#primaryimage"},"image":{"@id":"https:\/\/saintbody.com\/body-z-wiazaniem-na-szyje-czarne\/#primaryimage"},"thumbnailUrl":"https:\/\/saintbody.com\/wp-content\/uploads\/2023\/11\/sb15240-1.jpg","datePublished":"2023-11-04T06:24:27+00:00","dateModified":"2024-12-02T14:32:18+00:00","description":"Odkryta g\u00f3rna partia plec\u00f3w i kwadratowy dekolt z przodu sprawia, \u017ce ten model mo\u017ce by\u0107 noszony przez ca\u0142y rok na r\u00f3\u017cne okazje.","breadcrumb":{"@id":"https:\/\/saintbody.com\/body-z-wiazaniem-na-szyje-czarne\/#breadcrumb"},"inLanguage":"en-GB","potentialAction":[{"@type":"ReadAction","target":["https:\/\/saintbody.com\/body-z-wiazaniem-na-szyje-czarne\/"]}]},{"@type":"ImageObject","inLanguage":"en-GB","@id":"https:\/\/saintbody.com\/body-z-wiazaniem-na-szyje-czarne\/#primaryimage","url":"https:\/\/saintbody.com\/wp-content\/uploads\/2023\/11\/sb15240-1.jpg","contentUrl":"https:\/\/saintbody.com\/wp-content\/uploads\/2023\/11\/sb15240-1.jpg","width":1000,"height":1500,"caption":"Body z wi\u0105zaniem na szyj\u0119 czarne"},{"@type":"BreadcrumbList","@id":"https:\/\/saintbody.com\/body-z-wiazaniem-na-szyje-czarne\/#breadcrumb","itemListElement":[{"@type":"ListItem","position":1,"name":"Strona g\u0142\u00f3wna","item":"https:\/\/saintbody.com\/"},{"@type":"ListItem","position":2,"name":"Sklep","item":"https:\/\/saintbody.com\/sklep\/"},{"@type":"ListItem","position":3,"name":"Body z wi\u0105zaniem na szyj\u0119 czarne"}]},{"@type":"WebSite","@id":"https:\/\/saintbody.com\/#website","url":"https:\/\/saintbody.com\/","name":"Sklep SAINTBODY","description":"Premium basic na ka\u00c5\u00bcd\u00c4\u2026 okazje. Ponadczasowe Body, Odzie\u00c5\u00bc damska, Sukienki Damskie","publisher":{"@id":"https:\/\/saintbody.com\/#organization"},"potentialAction":[{"@type":"SearchAction","target":{"@type":"EntryPoint","urlTemplate":"https:\/\/saintbody.com\/?s={search_term_string}"},"query-input":{"@type":"PropertyValueSpecification","valueRequired":true,"valueName":"search_term_string"}}],"inLanguage":"en-GB"},{"@type":"Organization","@id":"https:\/\/saintbody.com\/#organization","name":"Sklep Saint Body","url":"https:\/\/saintbody.com\/","logo":{"@type":"ImageObject","inLanguage":"en-GB","@id":"https:\/\/saintbody.com\/#\/schema\/logo\/image\/","url":"https:\/\/saintbody.com\/wp-content\/uploads\/2023\/04\/SaintBody_Logo_Typografia-e1691418926919.png","contentUrl":"https:\/\/saintbody.com\/wp-content\/uploads\/2023\/04\/SaintBody_Logo_Typografia-e1691418926919.png","width":1000,"height":202,"caption":"Sklep Saint Body"},"image":{"@id":"https:\/\/saintbody.com\/#\/schema\/logo\/image\/"},"sameAs":["https:\/\/facebook.com\/saintbody\/"]}]}},"_links":{"self":[{"href":"https:\/\/saintbody.com\/en_gb\/wp-json\/wp\/v2\/product\/43247","targetHints":{"allow":["GET"]}}],"collection":[{"href":"https:\/\/saintbody.com\/en_gb\/wp-json\/wp\/v2\/product"}],"about":[{"href":"https:\/\/saintbody.com\/en_gb\/wp-json\/wp\/v2\/types\/product"}],"wp:featuredmedia":[{"embeddable":true,"href":"https:\/\/saintbody.com\/en_gb\/wp-json\/wp\/v2\/media\/43644"}],"wp:attachment":[{"href":"https:\/\/saintbody.com\/en_gb\/wp-json\/wp\/v2\/media?parent=43247"}],"wp:term":[{"taxonomy":"product_brand","embeddable":true,"href":"https:\/\/saintbody.com\/en_gb\/wp-json\/wp\/v2\/product_brand?post=43247"},{"taxonomy":"product_cat","embeddable":true,"href":"https:\/\/saintbody.com\/en_gb\/wp-json\/wp\/v2\/product_cat?post=43247"},{"taxonomy":"product_tag","embeddable":true,"href":"https:\/\/saintbody.com\/en_gb\/wp-json\/wp\/v2\/product_tag?post=43247"}],"curies":[{"name":"wp","href":"https:\/\/api.w.org\/{rel}","templated":true}]}}