{"id":429,"date":"2023-03-09T17:37:10","date_gmt":"2023-03-09T16:37:10","guid":{"rendered":"http:\/\/saintbody.com\/?post_type=product&#038;p=429"},"modified":"2024-12-02T15:36:34","modified_gmt":"2024-12-02T14:36:34","slug":"wiazany-crop-top-khaki","status":"publish","type":"product","link":"https:\/\/saintbody.com\/en_gb\/wiazany-crop-top-khaki\/","title":{"rendered":"Tiered Crop Top khaki"},"content":{"rendered":"<p>Short, crop top khaki neckline with back cutout and binding for comfort. The summer edition of our bestselling Crop Top product. Double layer of knitwear, seamless finish, elastic threads ensure high wearing comfort. Pairs perfectly with a high-waisted skirt.<\/p>\n<p>Product sewn in Poland from fabric produced in a Polish knitting mill.<br \/>\nThe model is 173 cm tall and wears size XS.<\/p>\n<p>Also check out our bestselling\u00a0<a href=\"https:\/\/saintbody.com\/en_gb\/kategoria\/spodnie\/\">trousers<\/a> !<br \/>\nVisit us at <a href=\"https:\/\/www.instagram.com\/saintbodyofficial\/\">instagram<\/a>.<\/p>","protected":false},"excerpt":{"rendered":"<p>Short, crop top khaki neckline with back cutout and binding for comfort. The summer edition of our bestselling Crop Top product.<\/p>\n<p>Double layer knit, seamless finish, elastic threads for high wearing comfort. Pairs perfectly with a high-waisted skirt.<\/p>\n<p>Product sewn in Poland from fabric produced in a Polish knitting mill.<\/p>\n<p>Composition: 93% viscose, 7% elastane<br \/>\nThe model is 173 cm tall and wears size XS.<\/p>","protected":false},"featured_media":0,"template":"","meta":[],"product_brand":[],"product_cat":[37,183],"product_tag":[38],"class_list":{"0":"post-429","1":"product","2":"type-product","3":"status-publish","5":"product_cat-topy","6":"product_cat-sale","7":"product_tag-topy","9":"first","10":"outofstock","11":"taxable","12":"shipping-taxable","13":"purchasable","14":"product-type-variable","15":"has-default-attributes"},"yoast_head":"<!-- This site is optimized with the Yoast SEO plugin v27.0 - https:\/\/yoast.com\/product\/yoast-seo-wordpress\/ -->\n<title>Top khaki z wyci\u0119ciem na plecach - Sklep SAINTBODY<\/title>\n<meta name=\"description\" content=\"Kr\u00f3tki, crop top khaki pod szyj\u0119 z wyci\u0119ciem na plecach. Kr\u00f3tki crop top komponuje si\u0119 ze spodniami o podwy\u017cszonym stanie. Saintbody\" \/>\n<meta name=\"robots\" content=\"index, follow, max-snippet:-1, max-image-preview:large, max-video-preview:-1\" \/>\n<link rel=\"canonical\" href=\"https:\/\/saintbody.com\/en_gb\/wiazany-crop-top-khaki\/\" \/>\n<meta property=\"og:locale\" content=\"en_GB\" \/>\n<meta property=\"og:type\" content=\"article\" \/>\n<meta property=\"og:title\" content=\"Top khaki z wyci\u0119ciem na plecach - Sklep SAINTBODY\" \/>\n<meta property=\"og:description\" content=\"Kr\u00f3tki, crop top khaki pod szyj\u0119 z wyci\u0119ciem na plecach. Kr\u00f3tki crop top komponuje si\u0119 ze spodniami o podwy\u017cszonym stanie. Saintbody\" \/>\n<meta property=\"og:url\" content=\"https:\/\/saintbody.com\/en_gb\/wiazany-crop-top-khaki\/\" \/>\n<meta property=\"og:site_name\" content=\"Sklep SAINTBODY\" \/>\n<meta property=\"article:publisher\" content=\"https:\/\/facebook.com\/saintbody\/\" \/>\n<meta property=\"article:modified_time\" content=\"2024-12-02T14:36:34+00:00\" \/>\n<meta name=\"twitter:card\" content=\"summary_large_image\" \/>\n<meta name=\"twitter:label1\" content=\"Estimated reading time\" \/>\n\t<meta name=\"twitter:data1\" content=\"1 minute\" \/>\n<script type=\"application\/ld+json\" class=\"yoast-schema-graph\">{\"@context\":\"https:\/\/schema.org\",\"@graph\":[{\"@type\":\"WebPage\",\"@id\":\"https:\/\/saintbody.com\/wiazany-crop-top-khaki\/\",\"url\":\"https:\/\/saintbody.com\/wiazany-crop-top-khaki\/\",\"name\":\"Top khaki z wyci\u0119ciem na plecach - Sklep SAINTBODY\",\"isPartOf\":{\"@id\":\"https:\/\/saintbody.com\/#website\"},\"datePublished\":\"2023-03-09T16:37:10+00:00\",\"dateModified\":\"2024-12-02T14:36:34+00:00\",\"description\":\"Kr\u00f3tki, crop top khaki pod szyj\u0119 z wyci\u0119ciem na plecach. Kr\u00f3tki crop top komponuje si\u0119 ze spodniami o podwy\u017cszonym stanie. Saintbody\",\"breadcrumb\":{\"@id\":\"https:\/\/saintbody.com\/wiazany-crop-top-khaki\/#breadcrumb\"},\"inLanguage\":\"en-GB\",\"potentialAction\":[{\"@type\":\"ReadAction\",\"target\":[\"https:\/\/saintbody.com\/wiazany-crop-top-khaki\/\"]}]},{\"@type\":\"BreadcrumbList\",\"@id\":\"https:\/\/saintbody.com\/wiazany-crop-top-khaki\/#breadcrumb\",\"itemListElement\":[{\"@type\":\"ListItem\",\"position\":1,\"name\":\"Strona g\u0142\u00f3wna\",\"item\":\"https:\/\/saintbody.com\/\"},{\"@type\":\"ListItem\",\"position\":2,\"name\":\"Sklep\",\"item\":\"https:\/\/saintbody.com\/sklep\/\"},{\"@type\":\"ListItem\",\"position\":3,\"name\":\"Wi\u0105zany Crop Top khaki\"}]},{\"@type\":\"WebSite\",\"@id\":\"https:\/\/saintbody.com\/#website\",\"url\":\"https:\/\/saintbody.com\/\",\"name\":\"Sklep SAINTBODY\",\"description\":\"Premium basic na ka\u00c5\u00bcd\u00c4\u2026 okazje. Ponadczasowe Body, Odzie\u00c5\u00bc damska, Sukienki Damskie\",\"publisher\":{\"@id\":\"https:\/\/saintbody.com\/#organization\"},\"potentialAction\":[{\"@type\":\"SearchAction\",\"target\":{\"@type\":\"EntryPoint\",\"urlTemplate\":\"https:\/\/saintbody.com\/?s={search_term_string}\"},\"query-input\":{\"@type\":\"PropertyValueSpecification\",\"valueRequired\":true,\"valueName\":\"search_term_string\"}}],\"inLanguage\":\"en-GB\"},{\"@type\":\"Organization\",\"@id\":\"https:\/\/saintbody.com\/#organization\",\"name\":\"Sklep Saint Body\",\"url\":\"https:\/\/saintbody.com\/\",\"logo\":{\"@type\":\"ImageObject\",\"inLanguage\":\"en-GB\",\"@id\":\"https:\/\/saintbody.com\/#\/schema\/logo\/image\/\",\"url\":\"https:\/\/saintbody.com\/wp-content\/uploads\/2023\/04\/SaintBody_Logo_Typografia-e1691418926919.png\",\"contentUrl\":\"https:\/\/saintbody.com\/wp-content\/uploads\/2023\/04\/SaintBody_Logo_Typografia-e1691418926919.png\",\"width\":1000,\"height\":202,\"caption\":\"Sklep Saint Body\"},\"image\":{\"@id\":\"https:\/\/saintbody.com\/#\/schema\/logo\/image\/\"},\"sameAs\":[\"https:\/\/facebook.com\/saintbody\/\"]}]}<\/script>\n<!-- \/ Yoast SEO plugin. -->","yoast_head_json":{"title":"Top khaki z wyci\u0119ciem na plecach - Sklep SAINTBODY","description":"Kr\u00f3tki, crop top khaki pod szyj\u0119 z wyci\u0119ciem na plecach. Kr\u00f3tki crop top komponuje si\u0119 ze spodniami o podwy\u017cszonym stanie. Saintbody","robots":{"index":"index","follow":"follow","max-snippet":"max-snippet:-1","max-image-preview":"max-image-preview:large","max-video-preview":"max-video-preview:-1"},"canonical":"https:\/\/saintbody.com\/en_gb\/wiazany-crop-top-khaki\/","og_locale":"en_GB","og_type":"article","og_title":"Top khaki z wyci\u0119ciem na plecach - Sklep SAINTBODY","og_description":"Kr\u00f3tki, crop top khaki pod szyj\u0119 z wyci\u0119ciem na plecach. Kr\u00f3tki crop top komponuje si\u0119 ze spodniami o podwy\u017cszonym stanie. Saintbody","og_url":"https:\/\/saintbody.com\/en_gb\/wiazany-crop-top-khaki\/","og_site_name":"Sklep SAINTBODY","article_publisher":"https:\/\/facebook.com\/saintbody\/","article_modified_time":"2024-12-02T14:36:34+00:00","twitter_card":"summary_large_image","twitter_misc":{"Estimated reading time":"1 minute"},"schema":{"@context":"https:\/\/schema.org","@graph":[{"@type":"WebPage","@id":"https:\/\/saintbody.com\/wiazany-crop-top-khaki\/","url":"https:\/\/saintbody.com\/wiazany-crop-top-khaki\/","name":"Top khaki z wyci\u0119ciem na plecach - Sklep SAINTBODY","isPartOf":{"@id":"https:\/\/saintbody.com\/#website"},"datePublished":"2023-03-09T16:37:10+00:00","dateModified":"2024-12-02T14:36:34+00:00","description":"Kr\u00f3tki, crop top khaki pod szyj\u0119 z wyci\u0119ciem na plecach. Kr\u00f3tki crop top komponuje si\u0119 ze spodniami o podwy\u017cszonym stanie. Saintbody","breadcrumb":{"@id":"https:\/\/saintbody.com\/wiazany-crop-top-khaki\/#breadcrumb"},"inLanguage":"en-GB","potentialAction":[{"@type":"ReadAction","target":["https:\/\/saintbody.com\/wiazany-crop-top-khaki\/"]}]},{"@type":"BreadcrumbList","@id":"https:\/\/saintbody.com\/wiazany-crop-top-khaki\/#breadcrumb","itemListElement":[{"@type":"ListItem","position":1,"name":"Strona g\u0142\u00f3wna","item":"https:\/\/saintbody.com\/"},{"@type":"ListItem","position":2,"name":"Sklep","item":"https:\/\/saintbody.com\/sklep\/"},{"@type":"ListItem","position":3,"name":"Wi\u0105zany Crop Top khaki"}]},{"@type":"WebSite","@id":"https:\/\/saintbody.com\/#website","url":"https:\/\/saintbody.com\/","name":"Sklep SAINTBODY","description":"Premium basic na ka\u00c5\u00bcd\u00c4\u2026 okazje. Ponadczasowe Body, Odzie\u00c5\u00bc damska, Sukienki Damskie","publisher":{"@id":"https:\/\/saintbody.com\/#organization"},"potentialAction":[{"@type":"SearchAction","target":{"@type":"EntryPoint","urlTemplate":"https:\/\/saintbody.com\/?s={search_term_string}"},"query-input":{"@type":"PropertyValueSpecification","valueRequired":true,"valueName":"search_term_string"}}],"inLanguage":"en-GB"},{"@type":"Organization","@id":"https:\/\/saintbody.com\/#organization","name":"Sklep Saint Body","url":"https:\/\/saintbody.com\/","logo":{"@type":"ImageObject","inLanguage":"en-GB","@id":"https:\/\/saintbody.com\/#\/schema\/logo\/image\/","url":"https:\/\/saintbody.com\/wp-content\/uploads\/2023\/04\/SaintBody_Logo_Typografia-e1691418926919.png","contentUrl":"https:\/\/saintbody.com\/wp-content\/uploads\/2023\/04\/SaintBody_Logo_Typografia-e1691418926919.png","width":1000,"height":202,"caption":"Sklep Saint Body"},"image":{"@id":"https:\/\/saintbody.com\/#\/schema\/logo\/image\/"},"sameAs":["https:\/\/facebook.com\/saintbody\/"]}]}},"_links":{"self":[{"href":"https:\/\/saintbody.com\/en_gb\/wp-json\/wp\/v2\/product\/429","targetHints":{"allow":["GET"]}}],"collection":[{"href":"https:\/\/saintbody.com\/en_gb\/wp-json\/wp\/v2\/product"}],"about":[{"href":"https:\/\/saintbody.com\/en_gb\/wp-json\/wp\/v2\/types\/product"}],"wp:attachment":[{"href":"https:\/\/saintbody.com\/en_gb\/wp-json\/wp\/v2\/media?parent=429"}],"wp:term":[{"taxonomy":"product_brand","embeddable":true,"href":"https:\/\/saintbody.com\/en_gb\/wp-json\/wp\/v2\/product_brand?post=429"},{"taxonomy":"product_cat","embeddable":true,"href":"https:\/\/saintbody.com\/en_gb\/wp-json\/wp\/v2\/product_cat?post=429"},{"taxonomy":"product_tag","embeddable":true,"href":"https:\/\/saintbody.com\/en_gb\/wp-json\/wp\/v2\/product_tag?post=429"}],"curies":[{"name":"wp","href":"https:\/\/api.w.org\/{rel}","templated":true}]}}