{"id":41296,"date":"2023-08-30T13:56:02","date_gmt":"2023-08-30T11:56:02","guid":{"rendered":"https:\/\/saintbody.com\/?post_type=product&#038;p=41296"},"modified":"2026-03-31T15:26:54","modified_gmt":"2026-03-31T13:26:54","slug":"body-z-kwadratowym-dekoltem-granatowe","status":"publish","type":"product","link":"https:\/\/saintbody.com\/en_gb\/body-z-kwadratowym-dekoltem-granatowe\/","title":{"rendered":"Body with square neckline navy blue"},"content":{"rendered":"<p>Elegant bodysuit with a wide square neckline and long sleeves. Ideal for everyday styling with jeans or in the evening with elegant trousers. Double layer of fabric, seamless finish, elastic threads ensure comfort of wear. Fastened with delicate springs. Nickel-free.<\/p>\n<p>Product sewn in Poland from fabric produced in a Polish knitting mill.<\/p>","protected":false},"excerpt":{"rendered":"<p>Elegant bodysuit with a wide square neckline and long sleeves. Ideal for everyday styling with jeans or in the evening with elegant trousers. Double layer of fabric, seamless finish, elastic threads ensure comfort of wear. Fastened with delicate springs. Nickel-free. Product sewn in Poland from fabric produced in a Polish knitting mill.<\/p>","protected":false},"featured_media":41898,"template":"","meta":[],"product_brand":[],"product_cat":[25,21,20],"product_tag":[23],"class_list":{"0":"post-41296","1":"product","2":"type-product","3":"status-publish","4":"has-post-thumbnail","6":"product_cat-bestsellers","7":"product_cat-body-damskie","8":"product_cat-wszystko","9":"product_tag-body","11":"first","12":"outofstock","13":"taxable","14":"shipping-taxable","15":"purchasable","16":"product-type-variable","17":"has-default-attributes"},"yoast_head":"<!-- This site is optimized with the Yoast SEO plugin v27.0 - https:\/\/yoast.com\/product\/yoast-seo-wordpress\/ -->\n<title>Body z kwadratowym dekoltem granatowe - Sklep SAINTBODY<\/title>\n<meta name=\"description\" content=\"Body z kwadratowym dekoltem i kr\u00f3tkim r\u0119kawem. Pi\u0119knie eksponuje dekolt. Szyte ze sweterkowej dzianiny. Idealne do codziennej stylizacji.\" \/>\n<meta name=\"robots\" content=\"index, follow, max-snippet:-1, max-image-preview:large, max-video-preview:-1\" \/>\n<link rel=\"canonical\" href=\"https:\/\/saintbody.com\/en_gb\/body-z-kwadratowym-dekoltem-granatowe\/\" \/>\n<meta property=\"og:locale\" content=\"en_GB\" \/>\n<meta property=\"og:type\" content=\"article\" \/>\n<meta property=\"og:title\" content=\"Body z kwadratowym dekoltem granatowe - Sklep SAINTBODY\" \/>\n<meta property=\"og:description\" content=\"Body z kwadratowym dekoltem i kr\u00f3tkim r\u0119kawem. Pi\u0119knie eksponuje dekolt. Szyte ze sweterkowej dzianiny. Idealne do codziennej stylizacji.\" \/>\n<meta property=\"og:url\" content=\"https:\/\/saintbody.com\/en_gb\/body-z-kwadratowym-dekoltem-granatowe\/\" \/>\n<meta property=\"og:site_name\" content=\"Sklep SAINTBODY\" \/>\n<meta property=\"article:publisher\" content=\"https:\/\/facebook.com\/saintbody\/\" \/>\n<meta property=\"article:modified_time\" content=\"2026-03-31T13:26:54+00:00\" \/>\n<meta property=\"og:image\" content=\"http:\/\/saintbody.com\/wp-content\/uploads\/2023\/08\/SB0078.jpg\" \/>\n\t<meta property=\"og:image:width\" content=\"1000\" \/>\n\t<meta property=\"og:image:height\" content=\"1500\" \/>\n\t<meta property=\"og:image:type\" content=\"image\/jpeg\" \/>\n<meta name=\"twitter:card\" content=\"summary_large_image\" \/>\n<meta name=\"twitter:label1\" content=\"Estimated reading time\" \/>\n\t<meta name=\"twitter:data1\" content=\"1 minute\" \/>\n<script type=\"application\/ld+json\" class=\"yoast-schema-graph\">{\"@context\":\"https:\/\/schema.org\",\"@graph\":[{\"@type\":\"WebPage\",\"@id\":\"https:\/\/saintbody.com\/body-z-kwadratowym-dekoltem-granatowe\/\",\"url\":\"https:\/\/saintbody.com\/body-z-kwadratowym-dekoltem-granatowe\/\",\"name\":\"Body z kwadratowym dekoltem granatowe - Sklep SAINTBODY\",\"isPartOf\":{\"@id\":\"https:\/\/saintbody.com\/#website\"},\"primaryImageOfPage\":{\"@id\":\"https:\/\/saintbody.com\/body-z-kwadratowym-dekoltem-granatowe\/#primaryimage\"},\"image\":{\"@id\":\"https:\/\/saintbody.com\/body-z-kwadratowym-dekoltem-granatowe\/#primaryimage\"},\"thumbnailUrl\":\"https:\/\/saintbody.com\/wp-content\/uploads\/2023\/08\/SB0078.jpg\",\"datePublished\":\"2023-08-30T11:56:02+00:00\",\"dateModified\":\"2026-03-31T13:26:54+00:00\",\"description\":\"Body z kwadratowym dekoltem i kr\u00f3tkim r\u0119kawem. Pi\u0119knie eksponuje dekolt. Szyte ze sweterkowej dzianiny. Idealne do codziennej stylizacji.\",\"breadcrumb\":{\"@id\":\"https:\/\/saintbody.com\/body-z-kwadratowym-dekoltem-granatowe\/#breadcrumb\"},\"inLanguage\":\"en-GB\",\"potentialAction\":[{\"@type\":\"ReadAction\",\"target\":[\"https:\/\/saintbody.com\/body-z-kwadratowym-dekoltem-granatowe\/\"]}]},{\"@type\":\"ImageObject\",\"inLanguage\":\"en-GB\",\"@id\":\"https:\/\/saintbody.com\/body-z-kwadratowym-dekoltem-granatowe\/#primaryimage\",\"url\":\"https:\/\/saintbody.com\/wp-content\/uploads\/2023\/08\/SB0078.jpg\",\"contentUrl\":\"https:\/\/saintbody.com\/wp-content\/uploads\/2023\/08\/SB0078.jpg\",\"width\":1000,\"height\":1500,\"caption\":\"Body z kwadratowym dekoltem granatowe\"},{\"@type\":\"BreadcrumbList\",\"@id\":\"https:\/\/saintbody.com\/body-z-kwadratowym-dekoltem-granatowe\/#breadcrumb\",\"itemListElement\":[{\"@type\":\"ListItem\",\"position\":1,\"name\":\"Strona g\u0142\u00f3wna\",\"item\":\"https:\/\/saintbody.com\/\"},{\"@type\":\"ListItem\",\"position\":2,\"name\":\"Sklep\",\"item\":\"https:\/\/saintbody.com\/sklep\/\"},{\"@type\":\"ListItem\",\"position\":3,\"name\":\"Body z kwadratowym dekoltem granatowe\"}]},{\"@type\":\"WebSite\",\"@id\":\"https:\/\/saintbody.com\/#website\",\"url\":\"https:\/\/saintbody.com\/\",\"name\":\"Sklep SAINTBODY\",\"description\":\"Premium basic na ka\u00c5\u00bcd\u00c4\u2026 okazje. Ponadczasowe Body, Odzie\u00c5\u00bc damska, Sukienki Damskie\",\"publisher\":{\"@id\":\"https:\/\/saintbody.com\/#organization\"},\"potentialAction\":[{\"@type\":\"SearchAction\",\"target\":{\"@type\":\"EntryPoint\",\"urlTemplate\":\"https:\/\/saintbody.com\/?s={search_term_string}\"},\"query-input\":{\"@type\":\"PropertyValueSpecification\",\"valueRequired\":true,\"valueName\":\"search_term_string\"}}],\"inLanguage\":\"en-GB\"},{\"@type\":\"Organization\",\"@id\":\"https:\/\/saintbody.com\/#organization\",\"name\":\"Sklep Saint Body\",\"url\":\"https:\/\/saintbody.com\/\",\"logo\":{\"@type\":\"ImageObject\",\"inLanguage\":\"en-GB\",\"@id\":\"https:\/\/saintbody.com\/#\/schema\/logo\/image\/\",\"url\":\"https:\/\/saintbody.com\/wp-content\/uploads\/2023\/04\/SaintBody_Logo_Typografia-e1691418926919.png\",\"contentUrl\":\"https:\/\/saintbody.com\/wp-content\/uploads\/2023\/04\/SaintBody_Logo_Typografia-e1691418926919.png\",\"width\":1000,\"height\":202,\"caption\":\"Sklep Saint Body\"},\"image\":{\"@id\":\"https:\/\/saintbody.com\/#\/schema\/logo\/image\/\"},\"sameAs\":[\"https:\/\/facebook.com\/saintbody\/\"]}]}<\/script>\n<!-- \/ Yoast SEO plugin. -->","yoast_head_json":{"title":"Body z kwadratowym dekoltem granatowe - Sklep SAINTBODY","description":"Body z kwadratowym dekoltem i kr\u00f3tkim r\u0119kawem. Pi\u0119knie eksponuje dekolt. Szyte ze sweterkowej dzianiny. Idealne do codziennej stylizacji.","robots":{"index":"index","follow":"follow","max-snippet":"max-snippet:-1","max-image-preview":"max-image-preview:large","max-video-preview":"max-video-preview:-1"},"canonical":"https:\/\/saintbody.com\/en_gb\/body-z-kwadratowym-dekoltem-granatowe\/","og_locale":"en_GB","og_type":"article","og_title":"Body z kwadratowym dekoltem granatowe - Sklep SAINTBODY","og_description":"Body z kwadratowym dekoltem i kr\u00f3tkim r\u0119kawem. Pi\u0119knie eksponuje dekolt. Szyte ze sweterkowej dzianiny. Idealne do codziennej stylizacji.","og_url":"https:\/\/saintbody.com\/en_gb\/body-z-kwadratowym-dekoltem-granatowe\/","og_site_name":"Sklep SAINTBODY","article_publisher":"https:\/\/facebook.com\/saintbody\/","article_modified_time":"2026-03-31T13:26:54+00:00","og_image":[{"width":1000,"height":1500,"url":"http:\/\/saintbody.com\/wp-content\/uploads\/2023\/08\/SB0078.jpg","type":"image\/jpeg"}],"twitter_card":"summary_large_image","twitter_misc":{"Estimated reading time":"1 minute"},"schema":{"@context":"https:\/\/schema.org","@graph":[{"@type":"WebPage","@id":"https:\/\/saintbody.com\/body-z-kwadratowym-dekoltem-granatowe\/","url":"https:\/\/saintbody.com\/body-z-kwadratowym-dekoltem-granatowe\/","name":"Body z kwadratowym dekoltem granatowe - Sklep SAINTBODY","isPartOf":{"@id":"https:\/\/saintbody.com\/#website"},"primaryImageOfPage":{"@id":"https:\/\/saintbody.com\/body-z-kwadratowym-dekoltem-granatowe\/#primaryimage"},"image":{"@id":"https:\/\/saintbody.com\/body-z-kwadratowym-dekoltem-granatowe\/#primaryimage"},"thumbnailUrl":"https:\/\/saintbody.com\/wp-content\/uploads\/2023\/08\/SB0078.jpg","datePublished":"2023-08-30T11:56:02+00:00","dateModified":"2026-03-31T13:26:54+00:00","description":"Body z kwadratowym dekoltem i kr\u00f3tkim r\u0119kawem. Pi\u0119knie eksponuje dekolt. Szyte ze sweterkowej dzianiny. Idealne do codziennej stylizacji.","breadcrumb":{"@id":"https:\/\/saintbody.com\/body-z-kwadratowym-dekoltem-granatowe\/#breadcrumb"},"inLanguage":"en-GB","potentialAction":[{"@type":"ReadAction","target":["https:\/\/saintbody.com\/body-z-kwadratowym-dekoltem-granatowe\/"]}]},{"@type":"ImageObject","inLanguage":"en-GB","@id":"https:\/\/saintbody.com\/body-z-kwadratowym-dekoltem-granatowe\/#primaryimage","url":"https:\/\/saintbody.com\/wp-content\/uploads\/2023\/08\/SB0078.jpg","contentUrl":"https:\/\/saintbody.com\/wp-content\/uploads\/2023\/08\/SB0078.jpg","width":1000,"height":1500,"caption":"Body z kwadratowym dekoltem granatowe"},{"@type":"BreadcrumbList","@id":"https:\/\/saintbody.com\/body-z-kwadratowym-dekoltem-granatowe\/#breadcrumb","itemListElement":[{"@type":"ListItem","position":1,"name":"Strona g\u0142\u00f3wna","item":"https:\/\/saintbody.com\/"},{"@type":"ListItem","position":2,"name":"Sklep","item":"https:\/\/saintbody.com\/sklep\/"},{"@type":"ListItem","position":3,"name":"Body z kwadratowym dekoltem granatowe"}]},{"@type":"WebSite","@id":"https:\/\/saintbody.com\/#website","url":"https:\/\/saintbody.com\/","name":"Sklep SAINTBODY","description":"Premium basic na ka\u00c5\u00bcd\u00c4\u2026 okazje. Ponadczasowe Body, Odzie\u00c5\u00bc damska, Sukienki Damskie","publisher":{"@id":"https:\/\/saintbody.com\/#organization"},"potentialAction":[{"@type":"SearchAction","target":{"@type":"EntryPoint","urlTemplate":"https:\/\/saintbody.com\/?s={search_term_string}"},"query-input":{"@type":"PropertyValueSpecification","valueRequired":true,"valueName":"search_term_string"}}],"inLanguage":"en-GB"},{"@type":"Organization","@id":"https:\/\/saintbody.com\/#organization","name":"Sklep Saint Body","url":"https:\/\/saintbody.com\/","logo":{"@type":"ImageObject","inLanguage":"en-GB","@id":"https:\/\/saintbody.com\/#\/schema\/logo\/image\/","url":"https:\/\/saintbody.com\/wp-content\/uploads\/2023\/04\/SaintBody_Logo_Typografia-e1691418926919.png","contentUrl":"https:\/\/saintbody.com\/wp-content\/uploads\/2023\/04\/SaintBody_Logo_Typografia-e1691418926919.png","width":1000,"height":202,"caption":"Sklep Saint Body"},"image":{"@id":"https:\/\/saintbody.com\/#\/schema\/logo\/image\/"},"sameAs":["https:\/\/facebook.com\/saintbody\/"]}]}},"_links":{"self":[{"href":"https:\/\/saintbody.com\/en_gb\/wp-json\/wp\/v2\/product\/41296","targetHints":{"allow":["GET"]}}],"collection":[{"href":"https:\/\/saintbody.com\/en_gb\/wp-json\/wp\/v2\/product"}],"about":[{"href":"https:\/\/saintbody.com\/en_gb\/wp-json\/wp\/v2\/types\/product"}],"wp:featuredmedia":[{"embeddable":true,"href":"https:\/\/saintbody.com\/en_gb\/wp-json\/wp\/v2\/media\/41898"}],"wp:attachment":[{"href":"https:\/\/saintbody.com\/en_gb\/wp-json\/wp\/v2\/media?parent=41296"}],"wp:term":[{"taxonomy":"product_brand","embeddable":true,"href":"https:\/\/saintbody.com\/en_gb\/wp-json\/wp\/v2\/product_brand?post=41296"},{"taxonomy":"product_cat","embeddable":true,"href":"https:\/\/saintbody.com\/en_gb\/wp-json\/wp\/v2\/product_cat?post=41296"},{"taxonomy":"product_tag","embeddable":true,"href":"https:\/\/saintbody.com\/en_gb\/wp-json\/wp\/v2\/product_tag?post=41296"}],"curies":[{"name":"wp","href":"https:\/\/api.w.org\/{rel}","templated":true}]}}