{"id":289,"date":"2023-03-09T17:36:56","date_gmt":"2023-03-09T16:36:56","guid":{"rendered":"http:\/\/saintbody.com\/?post_type=product&#038;p=289"},"modified":"2025-09-17T15:03:56","modified_gmt":"2025-09-17T13:03:56","slug":"body-z-asymetrycznym-wycieciem-na-plecach-na-jeden-rekaw-czarne","status":"publish","type":"product","link":"https:\/\/saintbody.com\/en_gb\/body-z-asymetrycznym-wycieciem-na-plecach-na-jeden-rekaw-czarne\/","title":{"rendered":"Bodysuit with asymmetrical cut-out on back one sleeve black"},"content":{"rendered":"<p>The bestselling model of the Asymmmetric One Sleeve dress in a body version! Viscose bodysuit with an asymmetrical cut-out on the back. The bodysuit is sewn from a double layer of knitted fabric and has a seamless finish. Knitted bodysuit fastens with delicate springs. Nickel free.<\/p>\n<p>Product sewn in Poland from fabric produced in a Polish knitting mill.<br \/>\nThe model is 178 cm tall and wears a size S.<\/p>\n<p>Also check out our bestselling\u00a0<a href=\"https:\/\/saintbody.com\/en_gb\/kategoria\/sukienki\/\">dresses<\/a> !<br \/>\nVisit us at <a href=\"https:\/\/www.instagram.com\/saintbodyofficial\/\">instagram<\/a>.<\/p>","protected":false},"excerpt":{"rendered":"<div id=\":2ee\" class=\"a3s aiL\">\n<div dir=\"auto\">\n<p dir=\"auto\">The bestselling model of the Asymmmetric One Sleeve dress in a body version! Viscose bodysuit with asymmetrical cut-out on the back.<\/p>\n<p>The bodysuit is sewn from a double layer of knitted fabric and has a seamless finish. Knitted body fastened with delicate springs. Nickel-free.<\/p>\n<p>Product sewn in Poland from fabric produced in a Polish knitting mill.<\/p>\n<p>Composition: 93% viscose , 7% lycra<\/p>\n<p>The model is 178 cm tall and wears a size S.<\/p>\n<\/div>\n<\/div>\n<p>Also check out our bestselling\u00a0<a href=\"https:\/\/saintbody.com\/en_gb\/kategoria\/sukienki\/\">dresses<\/a> !<\/p>\n<p>Visit us at <a href=\"https:\/\/www.instagram.com\/saintbodyofficial\/\">instagram<\/a>.<\/p>","protected":false},"featured_media":26070,"template":"","meta":[],"product_brand":[],"product_cat":[20,21,183],"product_tag":[23],"class_list":{"0":"post-289","1":"product","2":"type-product","3":"status-publish","4":"has-post-thumbnail","6":"product_cat-wszystko","7":"product_cat-body-damskie","8":"product_cat-sale","9":"product_tag-body","11":"first","12":"outofstock","13":"sale","14":"taxable","15":"shipping-taxable","16":"purchasable","17":"product-type-variable","18":"has-default-attributes"},"yoast_head":"<!-- This site is optimized with the Yoast SEO plugin v27.0 - https:\/\/yoast.com\/product\/yoast-seo-wordpress\/ -->\n<title>Wiskozowe body z asymetrycznym wyci\u0119ciem - Sklep SAINTBODY<\/title>\n<meta name=\"description\" content=\"Czarne wiskozowe body z asymetrycznym wyci\u0119ciem na plecach. Body uszyte jest z podw\u00f3jnej warstwa dzianiny. Saintbody\" \/>\n<meta name=\"robots\" content=\"index, follow, max-snippet:-1, max-image-preview:large, max-video-preview:-1\" \/>\n<link rel=\"canonical\" href=\"https:\/\/saintbody.com\/en_gb\/body-z-asymetrycznym-wycieciem-na-plecach-na-jeden-rekaw-czarne\/\" \/>\n<meta property=\"og:locale\" content=\"en_GB\" \/>\n<meta property=\"og:type\" content=\"article\" \/>\n<meta property=\"og:title\" content=\"Wiskozowe body z asymetrycznym wyci\u0119ciem - Sklep SAINTBODY\" \/>\n<meta property=\"og:description\" content=\"Czarne wiskozowe body z asymetrycznym wyci\u0119ciem na plecach. Body uszyte jest z podw\u00f3jnej warstwa dzianiny. Saintbody\" \/>\n<meta property=\"og:url\" content=\"https:\/\/saintbody.com\/en_gb\/body-z-asymetrycznym-wycieciem-na-plecach-na-jeden-rekaw-czarne\/\" \/>\n<meta property=\"og:site_name\" content=\"Sklep SAINTBODY\" \/>\n<meta property=\"article:publisher\" content=\"https:\/\/facebook.com\/saintbody\/\" \/>\n<meta property=\"article:modified_time\" content=\"2025-09-17T13:03:56+00:00\" \/>\n<meta property=\"og:image\" content=\"http:\/\/saintbody.com\/wp-content\/uploads\/2023\/03\/Saint-Body-bodysuit-film-stories-5.jpg\" \/>\n\t<meta property=\"og:image:width\" content=\"1000\" \/>\n\t<meta property=\"og:image:height\" content=\"1500\" \/>\n\t<meta property=\"og:image:type\" content=\"image\/jpeg\" \/>\n<meta name=\"twitter:card\" content=\"summary_large_image\" \/>\n<meta name=\"twitter:label1\" content=\"Estimated reading time\" \/>\n\t<meta name=\"twitter:data1\" content=\"1 minute\" \/>\n<script type=\"application\/ld+json\" class=\"yoast-schema-graph\">{\"@context\":\"https:\/\/schema.org\",\"@graph\":[{\"@type\":\"WebPage\",\"@id\":\"https:\/\/saintbody.com\/body-z-asymetrycznym-wycieciem-na-plecach-na-jeden-rekaw-czarne\/\",\"url\":\"https:\/\/saintbody.com\/body-z-asymetrycznym-wycieciem-na-plecach-na-jeden-rekaw-czarne\/\",\"name\":\"Wiskozowe body z asymetrycznym wyci\u0119ciem - Sklep SAINTBODY\",\"isPartOf\":{\"@id\":\"https:\/\/saintbody.com\/#website\"},\"primaryImageOfPage\":{\"@id\":\"https:\/\/saintbody.com\/body-z-asymetrycznym-wycieciem-na-plecach-na-jeden-rekaw-czarne\/#primaryimage\"},\"image\":{\"@id\":\"https:\/\/saintbody.com\/body-z-asymetrycznym-wycieciem-na-plecach-na-jeden-rekaw-czarne\/#primaryimage\"},\"thumbnailUrl\":\"https:\/\/saintbody.com\/wp-content\/uploads\/2023\/03\/Saint-Body-bodysuit-film-stories-5.jpg\",\"datePublished\":\"2023-03-09T16:36:56+00:00\",\"dateModified\":\"2025-09-17T13:03:56+00:00\",\"description\":\"Czarne wiskozowe body z asymetrycznym wyci\u0119ciem na plecach. Body uszyte jest z podw\u00f3jnej warstwa dzianiny. Saintbody\",\"breadcrumb\":{\"@id\":\"https:\/\/saintbody.com\/body-z-asymetrycznym-wycieciem-na-plecach-na-jeden-rekaw-czarne\/#breadcrumb\"},\"inLanguage\":\"en-GB\",\"potentialAction\":[{\"@type\":\"ReadAction\",\"target\":[\"https:\/\/saintbody.com\/body-z-asymetrycznym-wycieciem-na-plecach-na-jeden-rekaw-czarne\/\"]}]},{\"@type\":\"ImageObject\",\"inLanguage\":\"en-GB\",\"@id\":\"https:\/\/saintbody.com\/body-z-asymetrycznym-wycieciem-na-plecach-na-jeden-rekaw-czarne\/#primaryimage\",\"url\":\"https:\/\/saintbody.com\/wp-content\/uploads\/2023\/03\/Saint-Body-bodysuit-film-stories-5.jpg\",\"contentUrl\":\"https:\/\/saintbody.com\/wp-content\/uploads\/2023\/03\/Saint-Body-bodysuit-film-stories-5.jpg\",\"width\":1000,\"height\":1500,\"caption\":\"Asymetryczne body na jeden r\u0119kaw czarne\"},{\"@type\":\"BreadcrumbList\",\"@id\":\"https:\/\/saintbody.com\/body-z-asymetrycznym-wycieciem-na-plecach-na-jeden-rekaw-czarne\/#breadcrumb\",\"itemListElement\":[{\"@type\":\"ListItem\",\"position\":1,\"name\":\"Strona g\u0142\u00f3wna\",\"item\":\"https:\/\/saintbody.com\/\"},{\"@type\":\"ListItem\",\"position\":2,\"name\":\"Sklep\",\"item\":\"https:\/\/saintbody.com\/sklep\/\"},{\"@type\":\"ListItem\",\"position\":3,\"name\":\"Body z asymetrycznym wyci\u0119ciem na plecach na jeden r\u0119kaw czarne\"}]},{\"@type\":\"WebSite\",\"@id\":\"https:\/\/saintbody.com\/#website\",\"url\":\"https:\/\/saintbody.com\/\",\"name\":\"Sklep SAINTBODY\",\"description\":\"Premium basic na ka\u00c5\u00bcd\u00c4\u2026 okazje. Ponadczasowe Body, Odzie\u00c5\u00bc damska, Sukienki Damskie\",\"publisher\":{\"@id\":\"https:\/\/saintbody.com\/#organization\"},\"potentialAction\":[{\"@type\":\"SearchAction\",\"target\":{\"@type\":\"EntryPoint\",\"urlTemplate\":\"https:\/\/saintbody.com\/?s={search_term_string}\"},\"query-input\":{\"@type\":\"PropertyValueSpecification\",\"valueRequired\":true,\"valueName\":\"search_term_string\"}}],\"inLanguage\":\"en-GB\"},{\"@type\":\"Organization\",\"@id\":\"https:\/\/saintbody.com\/#organization\",\"name\":\"Sklep Saint Body\",\"url\":\"https:\/\/saintbody.com\/\",\"logo\":{\"@type\":\"ImageObject\",\"inLanguage\":\"en-GB\",\"@id\":\"https:\/\/saintbody.com\/#\/schema\/logo\/image\/\",\"url\":\"https:\/\/saintbody.com\/wp-content\/uploads\/2023\/04\/SaintBody_Logo_Typografia-e1691418926919.png\",\"contentUrl\":\"https:\/\/saintbody.com\/wp-content\/uploads\/2023\/04\/SaintBody_Logo_Typografia-e1691418926919.png\",\"width\":1000,\"height\":202,\"caption\":\"Sklep Saint Body\"},\"image\":{\"@id\":\"https:\/\/saintbody.com\/#\/schema\/logo\/image\/\"},\"sameAs\":[\"https:\/\/facebook.com\/saintbody\/\"]}]}<\/script>\n<!-- \/ Yoast SEO plugin. -->","yoast_head_json":{"title":"Wiskozowe body z asymetrycznym wyci\u0119ciem - Sklep SAINTBODY","description":"Czarne wiskozowe body z asymetrycznym wyci\u0119ciem na plecach. Body uszyte jest z podw\u00f3jnej warstwa dzianiny. Saintbody","robots":{"index":"index","follow":"follow","max-snippet":"max-snippet:-1","max-image-preview":"max-image-preview:large","max-video-preview":"max-video-preview:-1"},"canonical":"https:\/\/saintbody.com\/en_gb\/body-z-asymetrycznym-wycieciem-na-plecach-na-jeden-rekaw-czarne\/","og_locale":"en_GB","og_type":"article","og_title":"Wiskozowe body z asymetrycznym wyci\u0119ciem - Sklep SAINTBODY","og_description":"Czarne wiskozowe body z asymetrycznym wyci\u0119ciem na plecach. Body uszyte jest z podw\u00f3jnej warstwa dzianiny. Saintbody","og_url":"https:\/\/saintbody.com\/en_gb\/body-z-asymetrycznym-wycieciem-na-plecach-na-jeden-rekaw-czarne\/","og_site_name":"Sklep SAINTBODY","article_publisher":"https:\/\/facebook.com\/saintbody\/","article_modified_time":"2025-09-17T13:03:56+00:00","og_image":[{"width":1000,"height":1500,"url":"http:\/\/saintbody.com\/wp-content\/uploads\/2023\/03\/Saint-Body-bodysuit-film-stories-5.jpg","type":"image\/jpeg"}],"twitter_card":"summary_large_image","twitter_misc":{"Estimated reading time":"1 minute"},"schema":{"@context":"https:\/\/schema.org","@graph":[{"@type":"WebPage","@id":"https:\/\/saintbody.com\/body-z-asymetrycznym-wycieciem-na-plecach-na-jeden-rekaw-czarne\/","url":"https:\/\/saintbody.com\/body-z-asymetrycznym-wycieciem-na-plecach-na-jeden-rekaw-czarne\/","name":"Wiskozowe body z asymetrycznym wyci\u0119ciem - Sklep SAINTBODY","isPartOf":{"@id":"https:\/\/saintbody.com\/#website"},"primaryImageOfPage":{"@id":"https:\/\/saintbody.com\/body-z-asymetrycznym-wycieciem-na-plecach-na-jeden-rekaw-czarne\/#primaryimage"},"image":{"@id":"https:\/\/saintbody.com\/body-z-asymetrycznym-wycieciem-na-plecach-na-jeden-rekaw-czarne\/#primaryimage"},"thumbnailUrl":"https:\/\/saintbody.com\/wp-content\/uploads\/2023\/03\/Saint-Body-bodysuit-film-stories-5.jpg","datePublished":"2023-03-09T16:36:56+00:00","dateModified":"2025-09-17T13:03:56+00:00","description":"Czarne wiskozowe body z asymetrycznym wyci\u0119ciem na plecach. Body uszyte jest z podw\u00f3jnej warstwa dzianiny. Saintbody","breadcrumb":{"@id":"https:\/\/saintbody.com\/body-z-asymetrycznym-wycieciem-na-plecach-na-jeden-rekaw-czarne\/#breadcrumb"},"inLanguage":"en-GB","potentialAction":[{"@type":"ReadAction","target":["https:\/\/saintbody.com\/body-z-asymetrycznym-wycieciem-na-plecach-na-jeden-rekaw-czarne\/"]}]},{"@type":"ImageObject","inLanguage":"en-GB","@id":"https:\/\/saintbody.com\/body-z-asymetrycznym-wycieciem-na-plecach-na-jeden-rekaw-czarne\/#primaryimage","url":"https:\/\/saintbody.com\/wp-content\/uploads\/2023\/03\/Saint-Body-bodysuit-film-stories-5.jpg","contentUrl":"https:\/\/saintbody.com\/wp-content\/uploads\/2023\/03\/Saint-Body-bodysuit-film-stories-5.jpg","width":1000,"height":1500,"caption":"Asymetryczne body na jeden r\u0119kaw czarne"},{"@type":"BreadcrumbList","@id":"https:\/\/saintbody.com\/body-z-asymetrycznym-wycieciem-na-plecach-na-jeden-rekaw-czarne\/#breadcrumb","itemListElement":[{"@type":"ListItem","position":1,"name":"Strona g\u0142\u00f3wna","item":"https:\/\/saintbody.com\/"},{"@type":"ListItem","position":2,"name":"Sklep","item":"https:\/\/saintbody.com\/sklep\/"},{"@type":"ListItem","position":3,"name":"Body z asymetrycznym wyci\u0119ciem na plecach na jeden r\u0119kaw czarne"}]},{"@type":"WebSite","@id":"https:\/\/saintbody.com\/#website","url":"https:\/\/saintbody.com\/","name":"Sklep SAINTBODY","description":"Premium basic na ka\u00c5\u00bcd\u00c4\u2026 okazje. Ponadczasowe Body, Odzie\u00c5\u00bc damska, Sukienki Damskie","publisher":{"@id":"https:\/\/saintbody.com\/#organization"},"potentialAction":[{"@type":"SearchAction","target":{"@type":"EntryPoint","urlTemplate":"https:\/\/saintbody.com\/?s={search_term_string}"},"query-input":{"@type":"PropertyValueSpecification","valueRequired":true,"valueName":"search_term_string"}}],"inLanguage":"en-GB"},{"@type":"Organization","@id":"https:\/\/saintbody.com\/#organization","name":"Sklep Saint Body","url":"https:\/\/saintbody.com\/","logo":{"@type":"ImageObject","inLanguage":"en-GB","@id":"https:\/\/saintbody.com\/#\/schema\/logo\/image\/","url":"https:\/\/saintbody.com\/wp-content\/uploads\/2023\/04\/SaintBody_Logo_Typografia-e1691418926919.png","contentUrl":"https:\/\/saintbody.com\/wp-content\/uploads\/2023\/04\/SaintBody_Logo_Typografia-e1691418926919.png","width":1000,"height":202,"caption":"Sklep Saint Body"},"image":{"@id":"https:\/\/saintbody.com\/#\/schema\/logo\/image\/"},"sameAs":["https:\/\/facebook.com\/saintbody\/"]}]}},"_links":{"self":[{"href":"https:\/\/saintbody.com\/en_gb\/wp-json\/wp\/v2\/product\/289","targetHints":{"allow":["GET"]}}],"collection":[{"href":"https:\/\/saintbody.com\/en_gb\/wp-json\/wp\/v2\/product"}],"about":[{"href":"https:\/\/saintbody.com\/en_gb\/wp-json\/wp\/v2\/types\/product"}],"wp:featuredmedia":[{"embeddable":true,"href":"https:\/\/saintbody.com\/en_gb\/wp-json\/wp\/v2\/media\/26070"}],"wp:attachment":[{"href":"https:\/\/saintbody.com\/en_gb\/wp-json\/wp\/v2\/media?parent=289"}],"wp:term":[{"taxonomy":"product_brand","embeddable":true,"href":"https:\/\/saintbody.com\/en_gb\/wp-json\/wp\/v2\/product_brand?post=289"},{"taxonomy":"product_cat","embeddable":true,"href":"https:\/\/saintbody.com\/en_gb\/wp-json\/wp\/v2\/product_cat?post=289"},{"taxonomy":"product_tag","embeddable":true,"href":"https:\/\/saintbody.com\/en_gb\/wp-json\/wp\/v2\/product_tag?post=289"}],"curies":[{"name":"wp","href":"https:\/\/api.w.org\/{rel}","templated":true}]}}