{"id":145,"date":"2023-03-09T17:36:41","date_gmt":"2023-03-09T16:36:41","guid":{"rendered":"http:\/\/saintbody.com\/?post_type=product&#038;p=145"},"modified":"2026-03-26T13:31:26","modified_gmt":"2026-03-26T12:31:26","slug":"sukienka-z-asymetrycznym-wycieciem-na-plecach-czarna","status":"publish","type":"product","link":"https:\/\/saintbody.com\/en_gb\/sukienka-z-asymetrycznym-wycieciem-na-plecach-czarna\/","title":{"rendered":"Dress with asymmetrical cut-out on back black"},"content":{"rendered":"<p>A beautiful, black and extremely feminine evening dress made from a high quality jumper knit imported from Greece. The classic one shoulder cut gives it a modern character and subtle sensuality. The asymmetrical cut-out on the back emphasises the silhouette and attracts the eyes, while the opening at the back ensures freedom of movement and adds to the overall elegance.<\/p>\n<p>The model is 176 cm tall and wears a size S.<\/p>\n<p>Also check out our bestselling\u00a0<a href=\"https:\/\/saintbody.com\/en_gb\/kategoria\/body\/\">body<\/a> !<br \/>\nVisit us at <a href=\"https:\/\/www.instagram.com\/saintbodyofficial\/\">instagram<\/a>.<\/p>","protected":false},"excerpt":{"rendered":"<p>Pi\u0119kna, czarna i niezwykle kobieca sukienka wieczorowa wykonana z wysokiej jako\u015bci sweterkowej dzianiny sprowadzanej z Grecji. Klasyczny fason na jedno rami\u0119 nadaje jej nowoczesnego charakteru i subtelnej zmys\u0142owo\u015bci. Asymetryczne wyci\u0119cie na plecach efektownie podkre\u015bla sylwetk\u0119 i przyci\u0105ga spojrzenia, a rozporek z ty\u0142u zapewnia swobod\u0119 ruch\u00f3w oraz dodaje ca\u0142o\u015bci elegancji. Modelka ma 176 cm wzrostu, nosi [&hellip;]<\/p>","protected":false},"featured_media":56897,"template":"","meta":[],"product_brand":[],"product_cat":[20,26],"product_tag":[27],"class_list":{"0":"post-145","1":"product","2":"type-product","3":"status-publish","4":"has-post-thumbnail","6":"product_cat-wszystko","7":"product_cat-sukienki","8":"product_tag-sukienki","10":"first","11":"outofstock","12":"taxable","13":"shipping-taxable","14":"purchasable","15":"product-type-variable","16":"has-default-attributes"},"yoast_head":"<!-- This site is optimized with the Yoast SEO plugin v27.0 - https:\/\/yoast.com\/product\/yoast-seo-wordpress\/ -->\n<title>Czarna sukienka z asymetrycznym wyci\u0119ciem na plecach<\/title>\n<meta name=\"description\" content=\"Pi\u0119kna, czarna i niezwykle kobieca sukienka wieczorowa wykonana z wysokiej jako\u015bci sweterkowej dzianiny sprowadzanej z Grecji.\" \/>\n<meta name=\"robots\" content=\"index, follow, max-snippet:-1, max-image-preview:large, max-video-preview:-1\" \/>\n<link rel=\"canonical\" href=\"https:\/\/saintbody.com\/en_gb\/sukienka-z-asymetrycznym-wycieciem-na-plecach-czarna\/\" \/>\n<meta property=\"og:locale\" content=\"en_GB\" \/>\n<meta property=\"og:type\" content=\"article\" \/>\n<meta property=\"og:title\" content=\"Czarna sukienka z asymetrycznym wyci\u0119ciem na plecach\" \/>\n<meta property=\"og:description\" content=\"Pi\u0119kna, czarna i niezwykle kobieca sukienka wieczorowa wykonana z wysokiej jako\u015bci sweterkowej dzianiny sprowadzanej z Grecji.\" \/>\n<meta property=\"og:url\" content=\"https:\/\/saintbody.com\/en_gb\/sukienka-z-asymetrycznym-wycieciem-na-plecach-czarna\/\" \/>\n<meta property=\"og:site_name\" content=\"Sklep SAINTBODY\" \/>\n<meta property=\"article:publisher\" content=\"https:\/\/facebook.com\/saintbody\/\" \/>\n<meta property=\"article:modified_time\" content=\"2026-03-26T12:31:26+00:00\" \/>\n<meta property=\"og:image\" content=\"https:\/\/saintbody.com\/wp-content\/uploads\/2023\/03\/11-1.png\" \/>\n\t<meta property=\"og:image:width\" content=\"640\" \/>\n\t<meta property=\"og:image:height\" content=\"981\" \/>\n\t<meta property=\"og:image:type\" content=\"image\/png\" \/>\n<meta name=\"twitter:card\" content=\"summary_large_image\" \/>\n<meta name=\"twitter:label1\" content=\"Estimated reading time\" \/>\n\t<meta name=\"twitter:data1\" content=\"1 minute\" \/>\n<script type=\"application\/ld+json\" class=\"yoast-schema-graph\">{\"@context\":\"https:\/\/schema.org\",\"@graph\":[{\"@type\":\"WebPage\",\"@id\":\"https:\/\/saintbody.com\/sukienka-z-asymetrycznym-wycieciem-na-plecach-czarna\/\",\"url\":\"https:\/\/saintbody.com\/sukienka-z-asymetrycznym-wycieciem-na-plecach-czarna\/\",\"name\":\"Czarna sukienka z asymetrycznym wyci\u0119ciem na plecach\",\"isPartOf\":{\"@id\":\"https:\/\/saintbody.com\/#website\"},\"primaryImageOfPage\":{\"@id\":\"https:\/\/saintbody.com\/sukienka-z-asymetrycznym-wycieciem-na-plecach-czarna\/#primaryimage\"},\"image\":{\"@id\":\"https:\/\/saintbody.com\/sukienka-z-asymetrycznym-wycieciem-na-plecach-czarna\/#primaryimage\"},\"thumbnailUrl\":\"https:\/\/saintbody.com\/wp-content\/uploads\/2023\/03\/11-1.png\",\"datePublished\":\"2023-03-09T16:36:41+00:00\",\"dateModified\":\"2026-03-26T12:31:26+00:00\",\"description\":\"Pi\u0119kna, czarna i niezwykle kobieca sukienka wieczorowa wykonana z wysokiej jako\u015bci sweterkowej dzianiny sprowadzanej z Grecji.\",\"breadcrumb\":{\"@id\":\"https:\/\/saintbody.com\/sukienka-z-asymetrycznym-wycieciem-na-plecach-czarna\/#breadcrumb\"},\"inLanguage\":\"en-GB\",\"potentialAction\":[{\"@type\":\"ReadAction\",\"target\":[\"https:\/\/saintbody.com\/sukienka-z-asymetrycznym-wycieciem-na-plecach-czarna\/\"]}]},{\"@type\":\"ImageObject\",\"inLanguage\":\"en-GB\",\"@id\":\"https:\/\/saintbody.com\/sukienka-z-asymetrycznym-wycieciem-na-plecach-czarna\/#primaryimage\",\"url\":\"https:\/\/saintbody.com\/wp-content\/uploads\/2023\/03\/11-1.png\",\"contentUrl\":\"https:\/\/saintbody.com\/wp-content\/uploads\/2023\/03\/11-1.png\",\"width\":1500,\"height\":2300},{\"@type\":\"BreadcrumbList\",\"@id\":\"https:\/\/saintbody.com\/sukienka-z-asymetrycznym-wycieciem-na-plecach-czarna\/#breadcrumb\",\"itemListElement\":[{\"@type\":\"ListItem\",\"position\":1,\"name\":\"Strona g\u0142\u00f3wna\",\"item\":\"https:\/\/saintbody.com\/\"},{\"@type\":\"ListItem\",\"position\":2,\"name\":\"Sklep\",\"item\":\"https:\/\/saintbody.com\/sklep\/\"},{\"@type\":\"ListItem\",\"position\":3,\"name\":\"Sukienka z asymetrycznym wyci\u0119ciem na plecach czarna\"}]},{\"@type\":\"WebSite\",\"@id\":\"https:\/\/saintbody.com\/#website\",\"url\":\"https:\/\/saintbody.com\/\",\"name\":\"Sklep SAINTBODY\",\"description\":\"Premium basic na ka\u00c5\u00bcd\u00c4\u2026 okazje. Ponadczasowe Body, Odzie\u00c5\u00bc damska, Sukienki Damskie\",\"publisher\":{\"@id\":\"https:\/\/saintbody.com\/#organization\"},\"potentialAction\":[{\"@type\":\"SearchAction\",\"target\":{\"@type\":\"EntryPoint\",\"urlTemplate\":\"https:\/\/saintbody.com\/?s={search_term_string}\"},\"query-input\":{\"@type\":\"PropertyValueSpecification\",\"valueRequired\":true,\"valueName\":\"search_term_string\"}}],\"inLanguage\":\"en-GB\"},{\"@type\":\"Organization\",\"@id\":\"https:\/\/saintbody.com\/#organization\",\"name\":\"Sklep Saint Body\",\"url\":\"https:\/\/saintbody.com\/\",\"logo\":{\"@type\":\"ImageObject\",\"inLanguage\":\"en-GB\",\"@id\":\"https:\/\/saintbody.com\/#\/schema\/logo\/image\/\",\"url\":\"https:\/\/saintbody.com\/wp-content\/uploads\/2023\/04\/SaintBody_Logo_Typografia-e1691418926919.png\",\"contentUrl\":\"https:\/\/saintbody.com\/wp-content\/uploads\/2023\/04\/SaintBody_Logo_Typografia-e1691418926919.png\",\"width\":1000,\"height\":202,\"caption\":\"Sklep Saint Body\"},\"image\":{\"@id\":\"https:\/\/saintbody.com\/#\/schema\/logo\/image\/\"},\"sameAs\":[\"https:\/\/facebook.com\/saintbody\/\"]}]}<\/script>\n<!-- \/ Yoast SEO plugin. -->","yoast_head_json":{"title":"Czarna sukienka z asymetrycznym wyci\u0119ciem na plecach","description":"Pi\u0119kna, czarna i niezwykle kobieca sukienka wieczorowa wykonana z wysokiej jako\u015bci sweterkowej dzianiny sprowadzanej z Grecji.","robots":{"index":"index","follow":"follow","max-snippet":"max-snippet:-1","max-image-preview":"max-image-preview:large","max-video-preview":"max-video-preview:-1"},"canonical":"https:\/\/saintbody.com\/en_gb\/sukienka-z-asymetrycznym-wycieciem-na-plecach-czarna\/","og_locale":"en_GB","og_type":"article","og_title":"Czarna sukienka z asymetrycznym wyci\u0119ciem na plecach","og_description":"Pi\u0119kna, czarna i niezwykle kobieca sukienka wieczorowa wykonana z wysokiej jako\u015bci sweterkowej dzianiny sprowadzanej z Grecji.","og_url":"https:\/\/saintbody.com\/en_gb\/sukienka-z-asymetrycznym-wycieciem-na-plecach-czarna\/","og_site_name":"Sklep SAINTBODY","article_publisher":"https:\/\/facebook.com\/saintbody\/","article_modified_time":"2026-03-26T12:31:26+00:00","og_image":[{"url":"https:\/\/saintbody.com\/wp-content\/uploads\/2023\/03\/11-1.png","width":640,"height":981,"type":"image\/png"}],"twitter_card":"summary_large_image","twitter_misc":{"Estimated reading time":"1 minute"},"schema":{"@context":"https:\/\/schema.org","@graph":[{"@type":"WebPage","@id":"https:\/\/saintbody.com\/sukienka-z-asymetrycznym-wycieciem-na-plecach-czarna\/","url":"https:\/\/saintbody.com\/sukienka-z-asymetrycznym-wycieciem-na-plecach-czarna\/","name":"Czarna sukienka z asymetrycznym wyci\u0119ciem na plecach","isPartOf":{"@id":"https:\/\/saintbody.com\/#website"},"primaryImageOfPage":{"@id":"https:\/\/saintbody.com\/sukienka-z-asymetrycznym-wycieciem-na-plecach-czarna\/#primaryimage"},"image":{"@id":"https:\/\/saintbody.com\/sukienka-z-asymetrycznym-wycieciem-na-plecach-czarna\/#primaryimage"},"thumbnailUrl":"https:\/\/saintbody.com\/wp-content\/uploads\/2023\/03\/11-1.png","datePublished":"2023-03-09T16:36:41+00:00","dateModified":"2026-03-26T12:31:26+00:00","description":"Pi\u0119kna, czarna i niezwykle kobieca sukienka wieczorowa wykonana z wysokiej jako\u015bci sweterkowej dzianiny sprowadzanej z Grecji.","breadcrumb":{"@id":"https:\/\/saintbody.com\/sukienka-z-asymetrycznym-wycieciem-na-plecach-czarna\/#breadcrumb"},"inLanguage":"en-GB","potentialAction":[{"@type":"ReadAction","target":["https:\/\/saintbody.com\/sukienka-z-asymetrycznym-wycieciem-na-plecach-czarna\/"]}]},{"@type":"ImageObject","inLanguage":"en-GB","@id":"https:\/\/saintbody.com\/sukienka-z-asymetrycznym-wycieciem-na-plecach-czarna\/#primaryimage","url":"https:\/\/saintbody.com\/wp-content\/uploads\/2023\/03\/11-1.png","contentUrl":"https:\/\/saintbody.com\/wp-content\/uploads\/2023\/03\/11-1.png","width":1500,"height":2300},{"@type":"BreadcrumbList","@id":"https:\/\/saintbody.com\/sukienka-z-asymetrycznym-wycieciem-na-plecach-czarna\/#breadcrumb","itemListElement":[{"@type":"ListItem","position":1,"name":"Strona g\u0142\u00f3wna","item":"https:\/\/saintbody.com\/"},{"@type":"ListItem","position":2,"name":"Sklep","item":"https:\/\/saintbody.com\/sklep\/"},{"@type":"ListItem","position":3,"name":"Sukienka z asymetrycznym wyci\u0119ciem na plecach czarna"}]},{"@type":"WebSite","@id":"https:\/\/saintbody.com\/#website","url":"https:\/\/saintbody.com\/","name":"Sklep SAINTBODY","description":"Premium basic na ka\u00c5\u00bcd\u00c4\u2026 okazje. Ponadczasowe Body, Odzie\u00c5\u00bc damska, Sukienki Damskie","publisher":{"@id":"https:\/\/saintbody.com\/#organization"},"potentialAction":[{"@type":"SearchAction","target":{"@type":"EntryPoint","urlTemplate":"https:\/\/saintbody.com\/?s={search_term_string}"},"query-input":{"@type":"PropertyValueSpecification","valueRequired":true,"valueName":"search_term_string"}}],"inLanguage":"en-GB"},{"@type":"Organization","@id":"https:\/\/saintbody.com\/#organization","name":"Sklep Saint Body","url":"https:\/\/saintbody.com\/","logo":{"@type":"ImageObject","inLanguage":"en-GB","@id":"https:\/\/saintbody.com\/#\/schema\/logo\/image\/","url":"https:\/\/saintbody.com\/wp-content\/uploads\/2023\/04\/SaintBody_Logo_Typografia-e1691418926919.png","contentUrl":"https:\/\/saintbody.com\/wp-content\/uploads\/2023\/04\/SaintBody_Logo_Typografia-e1691418926919.png","width":1000,"height":202,"caption":"Sklep Saint Body"},"image":{"@id":"https:\/\/saintbody.com\/#\/schema\/logo\/image\/"},"sameAs":["https:\/\/facebook.com\/saintbody\/"]}]}},"_links":{"self":[{"href":"https:\/\/saintbody.com\/en_gb\/wp-json\/wp\/v2\/product\/145","targetHints":{"allow":["GET"]}}],"collection":[{"href":"https:\/\/saintbody.com\/en_gb\/wp-json\/wp\/v2\/product"}],"about":[{"href":"https:\/\/saintbody.com\/en_gb\/wp-json\/wp\/v2\/types\/product"}],"wp:featuredmedia":[{"embeddable":true,"href":"https:\/\/saintbody.com\/en_gb\/wp-json\/wp\/v2\/media\/56897"}],"wp:attachment":[{"href":"https:\/\/saintbody.com\/en_gb\/wp-json\/wp\/v2\/media?parent=145"}],"wp:term":[{"taxonomy":"product_brand","embeddable":true,"href":"https:\/\/saintbody.com\/en_gb\/wp-json\/wp\/v2\/product_brand?post=145"},{"taxonomy":"product_cat","embeddable":true,"href":"https:\/\/saintbody.com\/en_gb\/wp-json\/wp\/v2\/product_cat?post=145"},{"taxonomy":"product_tag","embeddable":true,"href":"https:\/\/saintbody.com\/en_gb\/wp-json\/wp\/v2\/product_tag?post=145"}],"curies":[{"name":"wp","href":"https:\/\/api.w.org\/{rel}","templated":true}]}}